{"id":6890,"date":"2022-08-04T09:55:20","date_gmt":"2022-08-04T09:55:20","guid":{"rendered":"https:\/\/simonjersey.eu\/fi\/?post_type=product&#038;p=6890"},"modified":"2024-01-17T08:29:01","modified_gmt":"2024-01-17T08:29:01","slug":"naisten-laakarin-takki-hoitajan","status":"publish","type":"product","link":"https:\/\/simonjersey.eu\/fi\/tuote\/naisten-laakarin-takki-hoitajan\/","title":{"rendered":"Naisten l\u00e4\u00e4k\u00e4rin takki"},"content":{"rendered":"","protected":false},"excerpt":{"rendered":"<p>Cherokee-laboratoriotakki on mukava ja hyvin istuva ja toimiva muotoilu. Se sopii sairaanhoitajille hoitolaitoksissa sek\u00e4 laboratoriossa ty\u00f6skenteleville l\u00e4\u00e4k\u00e4reille.<\/p>\n<p>Valmistettu kest\u00e4v\u00e4st\u00e4 materiaalista, joka on kevyt ja hengitt\u00e4v\u00e4. Moderni klassinen leikkaus, pieni k\u00e4\u00e4nnekaulus, kolme taskua: rintatasku ja sivutaskut, prinsessaleikkaus edess\u00e4 ja takana.<\/p>\n<p>Pituus: 83,5cm<br \/>\nKonepesu: 40\u00b0c, helposti sili\u00e4v\u00e4 materiaali.<br \/>\nKoko: XXS-3XL.<\/p>\n<p>Miesten l\u00e4\u00e4k\u00e4rin takki\u00a0<a href=\"https:\/\/simonjersey.eu\/fi\/tuote\/miesten-laakarin-takki\/\"><strong>t\u00e4\u00e4lt\u00e4<\/strong><\/a><strong>!<\/strong><\/p>\n","protected":false},"featured_media":6892,"template":"","meta":[],"product_brand":[],"product_cat":[438,69,70,73,30],"product_tag":[],"class_list":{"0":"post-6890","1":"product","2":"type-product","3":"status-publish","4":"has-post-thumbnail","6":"product_cat-dickies-cherokee-tyovaateet","7":"product_cat-hyvinvoinit-hoitoala","8":"product_cat-naisten-hoitopaidat-ja-jakut","9":"product_cat-laboratorio-ja-laakarintakit-hygieniakengat","10":"product_cat-laakealan-vaatteet","12":"first","13":"instock","14":"taxable","15":"shipping-taxable","16":"purchasable","17":"product-type-variable","18":"has-default-attributes"},"yoast_head":"<!-- This site is optimized with the Yoast SEO plugin v27.2 - https:\/\/yoast.com\/product\/yoast-seo-wordpress\/ -->\n<title>Naisten l\u00e4\u00e4k\u00e4rin takki - Simon Jersey Suomi<\/title>\n<meta name=\"robots\" content=\"index, follow, max-snippet:-1, max-image-preview:large, max-video-preview:-1\" \/>\n<link rel=\"canonical\" href=\"https:\/\/simonjersey.eu\/fi\/tuote\/naisten-laakarin-takki-hoitajan\/\" \/>\n<meta property=\"og:locale\" content=\"fi_FI\" \/>\n<meta property=\"og:type\" content=\"article\" \/>\n<meta property=\"og:title\" content=\"Naisten l\u00e4\u00e4k\u00e4rin takki - Simon Jersey Suomi\" \/>\n<meta property=\"og:description\" content=\"Cherokee-laboratoriotakki on mukava ja hyvin istuva ja toimiva muotoilu. Se sopii sairaanhoitajille hoitolaitoksissa sek\u00e4 laboratoriossa ty\u00f6skenteleville l\u00e4\u00e4k\u00e4reille.  Valmistettu kest\u00e4v\u00e4st\u00e4 materiaalista, joka on kevyt ja hengitt\u00e4v\u00e4. Moderni klassinen leikkaus, pieni k\u00e4\u00e4nnekaulus, kolme taskua: rintatasku ja sivutaskut, prinsessaleikkaus edess\u00e4 ja takana.  Pituus: 83,5cm Konepesu: 40\u00b0c, helposti sili\u00e4v\u00e4 materiaali. Koko: XXS-3XL.  Miesten l\u00e4\u00e4k\u00e4rin takki\u00a0t\u00e4\u00e4lt\u00e4!\" \/>\n<meta property=\"og:url\" content=\"https:\/\/simonjersey.eu\/fi\/tuote\/naisten-laakarin-takki-hoitajan\/\" \/>\n<meta property=\"og:site_name\" content=\"Simon Jersey Suomi\" \/>\n<meta property=\"article:modified_time\" content=\"2024-01-17T08:29:01+00:00\" \/>\n<meta property=\"og:image\" content=\"https:\/\/simonjersey.eu\/fi\/wp-content\/uploads\/sites\/3\/2022\/08\/CKE452-lab-coat.jpg\" \/>\n\t<meta property=\"og:image:width\" content=\"1100\" \/>\n\t<meta property=\"og:image:height\" content=\"1600\" \/>\n\t<meta property=\"og:image:type\" content=\"image\/jpeg\" \/>\n<meta name=\"twitter:card\" content=\"summary_large_image\" \/>\n<script type=\"application\/ld+json\" class=\"yoast-schema-graph\">{\"@context\":\"https:\/\/schema.org\",\"@graph\":[{\"@type\":\"WebPage\",\"@id\":\"https:\/\/simonjersey.eu\/fi\/tuote\/naisten-laakarin-takki-hoitajan\/\",\"url\":\"https:\/\/simonjersey.eu\/fi\/tuote\/naisten-laakarin-takki-hoitajan\/\",\"name\":\"Naisten l\u00e4\u00e4k\u00e4rin takki - Simon Jersey Suomi\",\"isPartOf\":{\"@id\":\"https:\/\/simonjersey.eu\/fi\/#website\"},\"primaryImageOfPage\":{\"@id\":\"https:\/\/simonjersey.eu\/fi\/tuote\/naisten-laakarin-takki-hoitajan\/#primaryimage\"},\"image\":{\"@id\":\"https:\/\/simonjersey.eu\/fi\/tuote\/naisten-laakarin-takki-hoitajan\/#primaryimage\"},\"thumbnailUrl\":\"https:\/\/simonjersey.eu\/fi\/wp-content\/uploads\/sites\/3\/2022\/08\/CKE452-lab-coat.jpg\",\"datePublished\":\"2022-08-04T09:55:20+00:00\",\"dateModified\":\"2024-01-17T08:29:01+00:00\",\"breadcrumb\":{\"@id\":\"https:\/\/simonjersey.eu\/fi\/tuote\/naisten-laakarin-takki-hoitajan\/#breadcrumb\"},\"inLanguage\":\"fi\",\"potentialAction\":[{\"@type\":\"ReadAction\",\"target\":[\"https:\/\/simonjersey.eu\/fi\/tuote\/naisten-laakarin-takki-hoitajan\/\"]}]},{\"@type\":\"ImageObject\",\"inLanguage\":\"fi\",\"@id\":\"https:\/\/simonjersey.eu\/fi\/tuote\/naisten-laakarin-takki-hoitajan\/#primaryimage\",\"url\":\"https:\/\/simonjersey.eu\/fi\/wp-content\/uploads\/sites\/3\/2022\/08\/CKE452-lab-coat.jpg\",\"contentUrl\":\"https:\/\/simonjersey.eu\/fi\/wp-content\/uploads\/sites\/3\/2022\/08\/CKE452-lab-coat.jpg\",\"width\":1100,\"height\":1600},{\"@type\":\"BreadcrumbList\",\"@id\":\"https:\/\/simonjersey.eu\/fi\/tuote\/naisten-laakarin-takki-hoitajan\/#breadcrumb\",\"itemListElement\":[{\"@type\":\"ListItem\",\"position\":1,\"name\":\"Home\",\"item\":\"https:\/\/simonjersey.eu\/fi\/\"},{\"@type\":\"ListItem\",\"position\":2,\"name\":\"Verkkokauppa\",\"item\":\"https:\/\/simonjersey.eu\/fi\/kauppaan\/\"},{\"@type\":\"ListItem\",\"position\":3,\"name\":\"Naisten l\u00e4\u00e4k\u00e4rin takki\"}]},{\"@type\":\"WebSite\",\"@id\":\"https:\/\/simonjersey.eu\/fi\/#website\",\"url\":\"https:\/\/simonjersey.eu\/fi\/\",\"name\":\"Simon Jersey Suomi\",\"description\":\"Tyylikk\u00e4\u00e4t ja kest\u00e4v\u00e4t  ammattiasut\",\"potentialAction\":[{\"@type\":\"SearchAction\",\"target\":{\"@type\":\"EntryPoint\",\"urlTemplate\":\"https:\/\/simonjersey.eu\/fi\/?s={search_term_string}\"},\"query-input\":{\"@type\":\"PropertyValueSpecification\",\"valueRequired\":true,\"valueName\":\"search_term_string\"}}],\"inLanguage\":\"fi\"}]}<\/script>\n<!-- \/ Yoast SEO plugin. -->","yoast_head_json":{"title":"Naisten l\u00e4\u00e4k\u00e4rin takki - Simon Jersey Suomi","robots":{"index":"index","follow":"follow","max-snippet":"max-snippet:-1","max-image-preview":"max-image-preview:large","max-video-preview":"max-video-preview:-1"},"canonical":"https:\/\/simonjersey.eu\/fi\/tuote\/naisten-laakarin-takki-hoitajan\/","og_locale":"fi_FI","og_type":"article","og_title":"Naisten l\u00e4\u00e4k\u00e4rin takki - Simon Jersey Suomi","og_description":"Cherokee-laboratoriotakki on mukava ja hyvin istuva ja toimiva muotoilu. Se sopii sairaanhoitajille hoitolaitoksissa sek\u00e4 laboratoriossa ty\u00f6skenteleville l\u00e4\u00e4k\u00e4reille.  Valmistettu kest\u00e4v\u00e4st\u00e4 materiaalista, joka on kevyt ja hengitt\u00e4v\u00e4. Moderni klassinen leikkaus, pieni k\u00e4\u00e4nnekaulus, kolme taskua: rintatasku ja sivutaskut, prinsessaleikkaus edess\u00e4 ja takana.  Pituus: 83,5cm Konepesu: 40\u00b0c, helposti sili\u00e4v\u00e4 materiaali. Koko: XXS-3XL.  Miesten l\u00e4\u00e4k\u00e4rin takki\u00a0t\u00e4\u00e4lt\u00e4!","og_url":"https:\/\/simonjersey.eu\/fi\/tuote\/naisten-laakarin-takki-hoitajan\/","og_site_name":"Simon Jersey Suomi","article_modified_time":"2024-01-17T08:29:01+00:00","og_image":[{"width":1100,"height":1600,"url":"https:\/\/simonjersey.eu\/fi\/wp-content\/uploads\/sites\/3\/2022\/08\/CKE452-lab-coat.jpg","type":"image\/jpeg"}],"twitter_card":"summary_large_image","schema":{"@context":"https:\/\/schema.org","@graph":[{"@type":"WebPage","@id":"https:\/\/simonjersey.eu\/fi\/tuote\/naisten-laakarin-takki-hoitajan\/","url":"https:\/\/simonjersey.eu\/fi\/tuote\/naisten-laakarin-takki-hoitajan\/","name":"Naisten l\u00e4\u00e4k\u00e4rin takki - Simon Jersey Suomi","isPartOf":{"@id":"https:\/\/simonjersey.eu\/fi\/#website"},"primaryImageOfPage":{"@id":"https:\/\/simonjersey.eu\/fi\/tuote\/naisten-laakarin-takki-hoitajan\/#primaryimage"},"image":{"@id":"https:\/\/simonjersey.eu\/fi\/tuote\/naisten-laakarin-takki-hoitajan\/#primaryimage"},"thumbnailUrl":"https:\/\/simonjersey.eu\/fi\/wp-content\/uploads\/sites\/3\/2022\/08\/CKE452-lab-coat.jpg","datePublished":"2022-08-04T09:55:20+00:00","dateModified":"2024-01-17T08:29:01+00:00","breadcrumb":{"@id":"https:\/\/simonjersey.eu\/fi\/tuote\/naisten-laakarin-takki-hoitajan\/#breadcrumb"},"inLanguage":"fi","potentialAction":[{"@type":"ReadAction","target":["https:\/\/simonjersey.eu\/fi\/tuote\/naisten-laakarin-takki-hoitajan\/"]}]},{"@type":"ImageObject","inLanguage":"fi","@id":"https:\/\/simonjersey.eu\/fi\/tuote\/naisten-laakarin-takki-hoitajan\/#primaryimage","url":"https:\/\/simonjersey.eu\/fi\/wp-content\/uploads\/sites\/3\/2022\/08\/CKE452-lab-coat.jpg","contentUrl":"https:\/\/simonjersey.eu\/fi\/wp-content\/uploads\/sites\/3\/2022\/08\/CKE452-lab-coat.jpg","width":1100,"height":1600},{"@type":"BreadcrumbList","@id":"https:\/\/simonjersey.eu\/fi\/tuote\/naisten-laakarin-takki-hoitajan\/#breadcrumb","itemListElement":[{"@type":"ListItem","position":1,"name":"Home","item":"https:\/\/simonjersey.eu\/fi\/"},{"@type":"ListItem","position":2,"name":"Verkkokauppa","item":"https:\/\/simonjersey.eu\/fi\/kauppaan\/"},{"@type":"ListItem","position":3,"name":"Naisten l\u00e4\u00e4k\u00e4rin takki"}]},{"@type":"WebSite","@id":"https:\/\/simonjersey.eu\/fi\/#website","url":"https:\/\/simonjersey.eu\/fi\/","name":"Simon Jersey Suomi","description":"Tyylikk\u00e4\u00e4t ja kest\u00e4v\u00e4t  ammattiasut","potentialAction":[{"@type":"SearchAction","target":{"@type":"EntryPoint","urlTemplate":"https:\/\/simonjersey.eu\/fi\/?s={search_term_string}"},"query-input":{"@type":"PropertyValueSpecification","valueRequired":true,"valueName":"search_term_string"}}],"inLanguage":"fi"}]}},"_links":{"self":[{"href":"https:\/\/simonjersey.eu\/fi\/wp-json\/wp\/v2\/product\/6890","targetHints":{"allow":["GET"]}}],"collection":[{"href":"https:\/\/simonjersey.eu\/fi\/wp-json\/wp\/v2\/product"}],"about":[{"href":"https:\/\/simonjersey.eu\/fi\/wp-json\/wp\/v2\/types\/product"}],"wp:featuredmedia":[{"embeddable":true,"href":"https:\/\/simonjersey.eu\/fi\/wp-json\/wp\/v2\/media\/6892"}],"wp:attachment":[{"href":"https:\/\/simonjersey.eu\/fi\/wp-json\/wp\/v2\/media?parent=6890"}],"wp:term":[{"taxonomy":"product_brand","embeddable":true,"href":"https:\/\/simonjersey.eu\/fi\/wp-json\/wp\/v2\/product_brand?post=6890"},{"taxonomy":"product_cat","embeddable":true,"href":"https:\/\/simonjersey.eu\/fi\/wp-json\/wp\/v2\/product_cat?post=6890"},{"taxonomy":"product_tag","embeddable":true,"href":"https:\/\/simonjersey.eu\/fi\/wp-json\/wp\/v2\/product_tag?post=6890"}],"curies":[{"name":"wp","href":"https:\/\/api.w.org\/{rel}","templated":true}]}}