{"id":6897,"date":"2022-08-04T10:17:14","date_gmt":"2022-08-04T10:17:14","guid":{"rendered":"https:\/\/simonjersey.eu\/fi\/?post_type=product&#038;p=6897"},"modified":"2023-09-19T09:10:44","modified_gmt":"2023-09-19T09:10:44","slug":"cherokee-siivous-ja-hoitajan-paita-naisille","status":"publish","type":"product","link":"https:\/\/simonjersey.eu\/fi\/tuote\/cherokee-siivous-ja-hoitajan-paita-naisille\/","title":{"rendered":"CHEROKEE  siivous ja hoitajan paita naisille"},"content":{"rendered":"","protected":false},"excerpt":{"rendered":"<p><em>T<\/em><em>\u00e4ma paita sopi upeasti hoitajille ja siivoojille sek\u00e4 fysioterapeuteille<\/em>. Kevyt, hengitt\u00e4v\u00e4, mukava ja istuu hyvin. <em>V-<\/em><em> kaulus<\/em><em>,<\/em> edess\u00e4 painenapit, kaksi taskua edess\u00e4 lantiolla, yksi k\u00e4nnykk\u00e4tasku, sivulla halkiot.<\/p>\n<p>Materiaali: polyesteri 65%, puuvilla 35%<\/p>\n<p>Konepesu: 70\u00b0C. Teollinen pesula.<br \/>\nKoot: XXS &#8211; 3XL<\/p>\n<p>Pituus: 68 cm<\/p>\n<p><strong>HUOMIO!<\/strong> Parhaimman istuvuuden takaamiseksi suosittelemme tilaamaan yht\u00e4 kokoa pienemm\u00e4n koon, kuin tavallisesti k\u00e4yt\u00e4t!<\/p>\n","protected":false},"featured_media":6902,"template":"","meta":[],"product_brand":[],"product_cat":[438,69,70,32,30],"product_tag":[],"class_list":{"0":"post-6897","1":"product","2":"type-product","3":"status-publish","4":"has-post-thumbnail","6":"product_cat-dickies-cherokee-tyovaateet","7":"product_cat-hyvinvoinit-hoitoala","8":"product_cat-naisten-hoitopaidat-ja-jakut","9":"product_cat-tunikat","10":"product_cat-laakealan-vaatteet","12":"first","13":"instock","14":"taxable","15":"shipping-taxable","16":"purchasable","17":"product-type-variable","18":"has-default-attributes"},"yoast_head":"<!-- This site is optimized with the Yoast SEO plugin v27.2 - https:\/\/yoast.com\/product\/yoast-seo-wordpress\/ -->\n<title>CHEROKEE siivous ja hoitajan paita naisille - Simon Jersey Suomi<\/title>\n<meta name=\"robots\" content=\"index, follow, max-snippet:-1, max-image-preview:large, max-video-preview:-1\" \/>\n<link rel=\"canonical\" href=\"https:\/\/simonjersey.eu\/fi\/tuote\/cherokee-siivous-ja-hoitajan-paita-naisille\/\" \/>\n<meta property=\"og:locale\" content=\"fi_FI\" \/>\n<meta property=\"og:type\" content=\"article\" \/>\n<meta property=\"og:title\" content=\"CHEROKEE siivous ja hoitajan paita naisille - Simon Jersey Suomi\" \/>\n<meta property=\"og:description\" content=\"T\u00e4ma paita sopi upeasti hoitajille ja siivoojille sek\u00e4 fysioterapeuteille. Kevyt, hengitt\u00e4v\u00e4, mukava ja istuu hyvin. V- kaulus, edess\u00e4 painenapit, kaksi taskua edess\u00e4 lantiolla, yksi k\u00e4nnykk\u00e4tasku, sivulla halkiot.  Materiaali: polyesteri 65%, puuvilla 35%  Konepesu: 70\u00b0C. Teollinen pesula. Koot: XXS - 3XL  Pituus: 68 cm  HUOMIO! Parhaimman istuvuuden takaamiseksi suosittelemme tilaamaan yht\u00e4 kokoa pienemm\u00e4n koon, kuin tavallisesti k\u00e4yt\u00e4t!\" \/>\n<meta property=\"og:url\" content=\"https:\/\/simonjersey.eu\/fi\/tuote\/cherokee-siivous-ja-hoitajan-paita-naisille\/\" \/>\n<meta property=\"og:site_name\" content=\"Simon Jersey Suomi\" \/>\n<meta property=\"article:modified_time\" content=\"2023-09-19T09:10:44+00:00\" \/>\n<meta property=\"og:image\" content=\"https:\/\/simonjersey.eu\/fi\/wp-content\/uploads\/sites\/3\/2022\/08\/wwe4770_navy-1.jpg\" \/>\n\t<meta property=\"og:image:width\" content=\"1100\" \/>\n\t<meta property=\"og:image:height\" content=\"1600\" \/>\n\t<meta property=\"og:image:type\" content=\"image\/jpeg\" \/>\n<meta name=\"twitter:card\" content=\"summary_large_image\" \/>\n<script type=\"application\/ld+json\" class=\"yoast-schema-graph\">{\"@context\":\"https:\/\/schema.org\",\"@graph\":[{\"@type\":\"WebPage\",\"@id\":\"https:\/\/simonjersey.eu\/fi\/tuote\/cherokee-siivous-ja-hoitajan-paita-naisille\/\",\"url\":\"https:\/\/simonjersey.eu\/fi\/tuote\/cherokee-siivous-ja-hoitajan-paita-naisille\/\",\"name\":\"CHEROKEE siivous ja hoitajan paita naisille - Simon Jersey Suomi\",\"isPartOf\":{\"@id\":\"https:\/\/simonjersey.eu\/fi\/#website\"},\"primaryImageOfPage\":{\"@id\":\"https:\/\/simonjersey.eu\/fi\/tuote\/cherokee-siivous-ja-hoitajan-paita-naisille\/#primaryimage\"},\"image\":{\"@id\":\"https:\/\/simonjersey.eu\/fi\/tuote\/cherokee-siivous-ja-hoitajan-paita-naisille\/#primaryimage\"},\"thumbnailUrl\":\"https:\/\/simonjersey.eu\/fi\/wp-content\/uploads\/sites\/3\/2022\/08\/wwe4770_navy-1.jpg\",\"datePublished\":\"2022-08-04T10:17:14+00:00\",\"dateModified\":\"2023-09-19T09:10:44+00:00\",\"breadcrumb\":{\"@id\":\"https:\/\/simonjersey.eu\/fi\/tuote\/cherokee-siivous-ja-hoitajan-paita-naisille\/#breadcrumb\"},\"inLanguage\":\"fi\",\"potentialAction\":[{\"@type\":\"ReadAction\",\"target\":[\"https:\/\/simonjersey.eu\/fi\/tuote\/cherokee-siivous-ja-hoitajan-paita-naisille\/\"]}]},{\"@type\":\"ImageObject\",\"inLanguage\":\"fi\",\"@id\":\"https:\/\/simonjersey.eu\/fi\/tuote\/cherokee-siivous-ja-hoitajan-paita-naisille\/#primaryimage\",\"url\":\"https:\/\/simonjersey.eu\/fi\/wp-content\/uploads\/sites\/3\/2022\/08\/wwe4770_navy-1.jpg\",\"contentUrl\":\"https:\/\/simonjersey.eu\/fi\/wp-content\/uploads\/sites\/3\/2022\/08\/wwe4770_navy-1.jpg\",\"width\":1100,\"height\":1600},{\"@type\":\"BreadcrumbList\",\"@id\":\"https:\/\/simonjersey.eu\/fi\/tuote\/cherokee-siivous-ja-hoitajan-paita-naisille\/#breadcrumb\",\"itemListElement\":[{\"@type\":\"ListItem\",\"position\":1,\"name\":\"Home\",\"item\":\"https:\/\/simonjersey.eu\/fi\/\"},{\"@type\":\"ListItem\",\"position\":2,\"name\":\"Verkkokauppa\",\"item\":\"https:\/\/simonjersey.eu\/fi\/kauppaan\/\"},{\"@type\":\"ListItem\",\"position\":3,\"name\":\"CHEROKEE siivous ja hoitajan paita naisille\"}]},{\"@type\":\"WebSite\",\"@id\":\"https:\/\/simonjersey.eu\/fi\/#website\",\"url\":\"https:\/\/simonjersey.eu\/fi\/\",\"name\":\"Simon Jersey Suomi\",\"description\":\"Tyylikk\u00e4\u00e4t ja kest\u00e4v\u00e4t  ammattiasut\",\"potentialAction\":[{\"@type\":\"SearchAction\",\"target\":{\"@type\":\"EntryPoint\",\"urlTemplate\":\"https:\/\/simonjersey.eu\/fi\/?s={search_term_string}\"},\"query-input\":{\"@type\":\"PropertyValueSpecification\",\"valueRequired\":true,\"valueName\":\"search_term_string\"}}],\"inLanguage\":\"fi\"}]}<\/script>\n<!-- \/ Yoast SEO plugin. -->","yoast_head_json":{"title":"CHEROKEE siivous ja hoitajan paita naisille - Simon Jersey Suomi","robots":{"index":"index","follow":"follow","max-snippet":"max-snippet:-1","max-image-preview":"max-image-preview:large","max-video-preview":"max-video-preview:-1"},"canonical":"https:\/\/simonjersey.eu\/fi\/tuote\/cherokee-siivous-ja-hoitajan-paita-naisille\/","og_locale":"fi_FI","og_type":"article","og_title":"CHEROKEE siivous ja hoitajan paita naisille - Simon Jersey Suomi","og_description":"T\u00e4ma paita sopi upeasti hoitajille ja siivoojille sek\u00e4 fysioterapeuteille. Kevyt, hengitt\u00e4v\u00e4, mukava ja istuu hyvin. V- kaulus, edess\u00e4 painenapit, kaksi taskua edess\u00e4 lantiolla, yksi k\u00e4nnykk\u00e4tasku, sivulla halkiot.  Materiaali: polyesteri 65%, puuvilla 35%  Konepesu: 70\u00b0C. Teollinen pesula. Koot: XXS - 3XL  Pituus: 68 cm  HUOMIO! Parhaimman istuvuuden takaamiseksi suosittelemme tilaamaan yht\u00e4 kokoa pienemm\u00e4n koon, kuin tavallisesti k\u00e4yt\u00e4t!","og_url":"https:\/\/simonjersey.eu\/fi\/tuote\/cherokee-siivous-ja-hoitajan-paita-naisille\/","og_site_name":"Simon Jersey Suomi","article_modified_time":"2023-09-19T09:10:44+00:00","og_image":[{"width":1100,"height":1600,"url":"https:\/\/simonjersey.eu\/fi\/wp-content\/uploads\/sites\/3\/2022\/08\/wwe4770_navy-1.jpg","type":"image\/jpeg"}],"twitter_card":"summary_large_image","schema":{"@context":"https:\/\/schema.org","@graph":[{"@type":"WebPage","@id":"https:\/\/simonjersey.eu\/fi\/tuote\/cherokee-siivous-ja-hoitajan-paita-naisille\/","url":"https:\/\/simonjersey.eu\/fi\/tuote\/cherokee-siivous-ja-hoitajan-paita-naisille\/","name":"CHEROKEE siivous ja hoitajan paita naisille - Simon Jersey Suomi","isPartOf":{"@id":"https:\/\/simonjersey.eu\/fi\/#website"},"primaryImageOfPage":{"@id":"https:\/\/simonjersey.eu\/fi\/tuote\/cherokee-siivous-ja-hoitajan-paita-naisille\/#primaryimage"},"image":{"@id":"https:\/\/simonjersey.eu\/fi\/tuote\/cherokee-siivous-ja-hoitajan-paita-naisille\/#primaryimage"},"thumbnailUrl":"https:\/\/simonjersey.eu\/fi\/wp-content\/uploads\/sites\/3\/2022\/08\/wwe4770_navy-1.jpg","datePublished":"2022-08-04T10:17:14+00:00","dateModified":"2023-09-19T09:10:44+00:00","breadcrumb":{"@id":"https:\/\/simonjersey.eu\/fi\/tuote\/cherokee-siivous-ja-hoitajan-paita-naisille\/#breadcrumb"},"inLanguage":"fi","potentialAction":[{"@type":"ReadAction","target":["https:\/\/simonjersey.eu\/fi\/tuote\/cherokee-siivous-ja-hoitajan-paita-naisille\/"]}]},{"@type":"ImageObject","inLanguage":"fi","@id":"https:\/\/simonjersey.eu\/fi\/tuote\/cherokee-siivous-ja-hoitajan-paita-naisille\/#primaryimage","url":"https:\/\/simonjersey.eu\/fi\/wp-content\/uploads\/sites\/3\/2022\/08\/wwe4770_navy-1.jpg","contentUrl":"https:\/\/simonjersey.eu\/fi\/wp-content\/uploads\/sites\/3\/2022\/08\/wwe4770_navy-1.jpg","width":1100,"height":1600},{"@type":"BreadcrumbList","@id":"https:\/\/simonjersey.eu\/fi\/tuote\/cherokee-siivous-ja-hoitajan-paita-naisille\/#breadcrumb","itemListElement":[{"@type":"ListItem","position":1,"name":"Home","item":"https:\/\/simonjersey.eu\/fi\/"},{"@type":"ListItem","position":2,"name":"Verkkokauppa","item":"https:\/\/simonjersey.eu\/fi\/kauppaan\/"},{"@type":"ListItem","position":3,"name":"CHEROKEE siivous ja hoitajan paita naisille"}]},{"@type":"WebSite","@id":"https:\/\/simonjersey.eu\/fi\/#website","url":"https:\/\/simonjersey.eu\/fi\/","name":"Simon Jersey Suomi","description":"Tyylikk\u00e4\u00e4t ja kest\u00e4v\u00e4t  ammattiasut","potentialAction":[{"@type":"SearchAction","target":{"@type":"EntryPoint","urlTemplate":"https:\/\/simonjersey.eu\/fi\/?s={search_term_string}"},"query-input":{"@type":"PropertyValueSpecification","valueRequired":true,"valueName":"search_term_string"}}],"inLanguage":"fi"}]}},"_links":{"self":[{"href":"https:\/\/simonjersey.eu\/fi\/wp-json\/wp\/v2\/product\/6897","targetHints":{"allow":["GET"]}}],"collection":[{"href":"https:\/\/simonjersey.eu\/fi\/wp-json\/wp\/v2\/product"}],"about":[{"href":"https:\/\/simonjersey.eu\/fi\/wp-json\/wp\/v2\/types\/product"}],"wp:featuredmedia":[{"embeddable":true,"href":"https:\/\/simonjersey.eu\/fi\/wp-json\/wp\/v2\/media\/6902"}],"wp:attachment":[{"href":"https:\/\/simonjersey.eu\/fi\/wp-json\/wp\/v2\/media?parent=6897"}],"wp:term":[{"taxonomy":"product_brand","embeddable":true,"href":"https:\/\/simonjersey.eu\/fi\/wp-json\/wp\/v2\/product_brand?post=6897"},{"taxonomy":"product_cat","embeddable":true,"href":"https:\/\/simonjersey.eu\/fi\/wp-json\/wp\/v2\/product_cat?post=6897"},{"taxonomy":"product_tag","embeddable":true,"href":"https:\/\/simonjersey.eu\/fi\/wp-json\/wp\/v2\/product_tag?post=6897"}],"curies":[{"name":"wp","href":"https:\/\/api.w.org\/{rel}","templated":true}]}}