{"id":6937,"date":"2022-08-11T12:22:00","date_gmt":"2022-08-11T12:22:00","guid":{"rendered":"https:\/\/simonjersey.eu\/fi\/?post_type=product&#038;p=6937"},"modified":"2024-01-31T13:11:52","modified_gmt":"2024-01-31T13:11:52","slug":"chanel-tyylinen-paitapusero","status":"publish","type":"product","link":"https:\/\/simonjersey.eu\/fi\/tuote\/chanel-tyylinen-paitapusero\/","title":{"rendered":"\u201eChanel\u201c tyylinen paitapusero"},"content":{"rendered":"","protected":false},"excerpt":{"rendered":"<p>Laadukas paitapusero on elegantti luottovaate ja hyv\u00e4 sijoitus, jolle on taatusti k\u00e4ytt\u00f6\u00e4 vuodesta ja sesongista toiseen.\u00a0Chanel-tyylisess\u00e4 puserossa on pitk\u00e4t hihat, V-p\u00e4\u00e4ntie ja solmittava kaulus.<\/p>\n<p>Materiaali: 96% Polyester, 4% Elastane.<\/p>\n<p>Konepesu: 30 \u00b0 Helppo hoitaa, vaatii v\u00e4h\u00e4n silityst\u00e4.<\/p>\n<p>Koko UK: 6-26<\/p>\n","protected":false},"featured_media":6938,"template":"","meta":[],"product_brand":[],"product_cat":[55,63,80,15],"product_tag":[],"class_list":{"0":"post-6937","1":"product","2":"type-product","3":"status-publish","4":"has-post-thumbnail","6":"product_cat-naisten-kaluspaidat","7":"product_cat-naisten-kauluspaidat-hotelli-ja-palveluammatit","8":"product_cat-naisten-kauluspaidat-business-toimisto","9":"product_cat-naisten-kauluspaidat","11":"first","12":"instock","13":"taxable","14":"shipping-taxable","15":"purchasable","16":"product-type-variable","17":"has-default-attributes"},"yoast_head":"<!-- This site is optimized with the Yoast SEO plugin v27.2 - https:\/\/yoast.com\/product\/yoast-seo-wordpress\/ -->\n<title>\u201eChanel\u201c tyylinen paitapusero - Simon Jersey Suomi<\/title>\n<meta name=\"robots\" content=\"index, follow, max-snippet:-1, max-image-preview:large, max-video-preview:-1\" \/>\n<link rel=\"canonical\" href=\"https:\/\/simonjersey.eu\/fi\/tuote\/chanel-tyylinen-paitapusero\/\" \/>\n<meta property=\"og:locale\" content=\"fi_FI\" \/>\n<meta property=\"og:type\" content=\"article\" \/>\n<meta property=\"og:title\" content=\"\u201eChanel\u201c tyylinen paitapusero - Simon Jersey Suomi\" \/>\n<meta property=\"og:description\" content=\"Laadukas paitapusero on elegantti luottovaate ja hyv\u00e4 sijoitus, jolle on taatusti k\u00e4ytt\u00f6\u00e4 vuodesta ja sesongista toiseen.\u00a0Chanel-tyylisess\u00e4 puserossa on pitk\u00e4t hihat, V-p\u00e4\u00e4ntie ja solmittava kaulus.  Materiaali: 96% Polyester, 4% Elastane.  Konepesu: 30 \u00b0 Helppo hoitaa, vaatii v\u00e4h\u00e4n silityst\u00e4.  Koko UK: 6-26\" \/>\n<meta property=\"og:url\" content=\"https:\/\/simonjersey.eu\/fi\/tuote\/chanel-tyylinen-paitapusero\/\" \/>\n<meta property=\"og:site_name\" content=\"Simon Jersey Suomi\" \/>\n<meta property=\"article:modified_time\" content=\"2024-01-31T13:11:52+00:00\" \/>\n<meta property=\"og:image\" content=\"https:\/\/simonjersey.eu\/fi\/wp-content\/uploads\/sites\/3\/2022\/08\/RT-Andria-Nude-blouse.jpg\" \/>\n\t<meta property=\"og:image:width\" content=\"738\" \/>\n\t<meta property=\"og:image:height\" content=\"1106\" \/>\n\t<meta property=\"og:image:type\" content=\"image\/jpeg\" \/>\n<meta name=\"twitter:card\" content=\"summary_large_image\" \/>\n<script type=\"application\/ld+json\" class=\"yoast-schema-graph\">{\"@context\":\"https:\/\/schema.org\",\"@graph\":[{\"@type\":\"WebPage\",\"@id\":\"https:\/\/simonjersey.eu\/fi\/tuote\/chanel-tyylinen-paitapusero\/\",\"url\":\"https:\/\/simonjersey.eu\/fi\/tuote\/chanel-tyylinen-paitapusero\/\",\"name\":\"\u201eChanel\u201c tyylinen paitapusero - Simon Jersey Suomi\",\"isPartOf\":{\"@id\":\"https:\/\/simonjersey.eu\/fi\/#website\"},\"primaryImageOfPage\":{\"@id\":\"https:\/\/simonjersey.eu\/fi\/tuote\/chanel-tyylinen-paitapusero\/#primaryimage\"},\"image\":{\"@id\":\"https:\/\/simonjersey.eu\/fi\/tuote\/chanel-tyylinen-paitapusero\/#primaryimage\"},\"thumbnailUrl\":\"https:\/\/simonjersey.eu\/fi\/wp-content\/uploads\/sites\/3\/2022\/08\/RT-Andria-Nude-blouse.jpg\",\"datePublished\":\"2022-08-11T12:22:00+00:00\",\"dateModified\":\"2024-01-31T13:11:52+00:00\",\"breadcrumb\":{\"@id\":\"https:\/\/simonjersey.eu\/fi\/tuote\/chanel-tyylinen-paitapusero\/#breadcrumb\"},\"inLanguage\":\"fi\",\"potentialAction\":[{\"@type\":\"ReadAction\",\"target\":[\"https:\/\/simonjersey.eu\/fi\/tuote\/chanel-tyylinen-paitapusero\/\"]}]},{\"@type\":\"ImageObject\",\"inLanguage\":\"fi\",\"@id\":\"https:\/\/simonjersey.eu\/fi\/tuote\/chanel-tyylinen-paitapusero\/#primaryimage\",\"url\":\"https:\/\/simonjersey.eu\/fi\/wp-content\/uploads\/sites\/3\/2022\/08\/RT-Andria-Nude-blouse.jpg\",\"contentUrl\":\"https:\/\/simonjersey.eu\/fi\/wp-content\/uploads\/sites\/3\/2022\/08\/RT-Andria-Nude-blouse.jpg\",\"width\":738,\"height\":1106},{\"@type\":\"BreadcrumbList\",\"@id\":\"https:\/\/simonjersey.eu\/fi\/tuote\/chanel-tyylinen-paitapusero\/#breadcrumb\",\"itemListElement\":[{\"@type\":\"ListItem\",\"position\":1,\"name\":\"Home\",\"item\":\"https:\/\/simonjersey.eu\/fi\/\"},{\"@type\":\"ListItem\",\"position\":2,\"name\":\"Verkkokauppa\",\"item\":\"https:\/\/simonjersey.eu\/fi\/kauppaan\/\"},{\"@type\":\"ListItem\",\"position\":3,\"name\":\"\u201eChanel\u201c tyylinen paitapusero\"}]},{\"@type\":\"WebSite\",\"@id\":\"https:\/\/simonjersey.eu\/fi\/#website\",\"url\":\"https:\/\/simonjersey.eu\/fi\/\",\"name\":\"Simon Jersey Suomi\",\"description\":\"Tyylikk\u00e4\u00e4t ja kest\u00e4v\u00e4t  ammattiasut\",\"potentialAction\":[{\"@type\":\"SearchAction\",\"target\":{\"@type\":\"EntryPoint\",\"urlTemplate\":\"https:\/\/simonjersey.eu\/fi\/?s={search_term_string}\"},\"query-input\":{\"@type\":\"PropertyValueSpecification\",\"valueRequired\":true,\"valueName\":\"search_term_string\"}}],\"inLanguage\":\"fi\"}]}<\/script>\n<!-- \/ Yoast SEO plugin. -->","yoast_head_json":{"title":"\u201eChanel\u201c tyylinen paitapusero - Simon Jersey Suomi","robots":{"index":"index","follow":"follow","max-snippet":"max-snippet:-1","max-image-preview":"max-image-preview:large","max-video-preview":"max-video-preview:-1"},"canonical":"https:\/\/simonjersey.eu\/fi\/tuote\/chanel-tyylinen-paitapusero\/","og_locale":"fi_FI","og_type":"article","og_title":"\u201eChanel\u201c tyylinen paitapusero - Simon Jersey Suomi","og_description":"Laadukas paitapusero on elegantti luottovaate ja hyv\u00e4 sijoitus, jolle on taatusti k\u00e4ytt\u00f6\u00e4 vuodesta ja sesongista toiseen.\u00a0Chanel-tyylisess\u00e4 puserossa on pitk\u00e4t hihat, V-p\u00e4\u00e4ntie ja solmittava kaulus.  Materiaali: 96% Polyester, 4% Elastane.  Konepesu: 30 \u00b0 Helppo hoitaa, vaatii v\u00e4h\u00e4n silityst\u00e4.  Koko UK: 6-26","og_url":"https:\/\/simonjersey.eu\/fi\/tuote\/chanel-tyylinen-paitapusero\/","og_site_name":"Simon Jersey Suomi","article_modified_time":"2024-01-31T13:11:52+00:00","og_image":[{"width":738,"height":1106,"url":"https:\/\/simonjersey.eu\/fi\/wp-content\/uploads\/sites\/3\/2022\/08\/RT-Andria-Nude-blouse.jpg","type":"image\/jpeg"}],"twitter_card":"summary_large_image","schema":{"@context":"https:\/\/schema.org","@graph":[{"@type":"WebPage","@id":"https:\/\/simonjersey.eu\/fi\/tuote\/chanel-tyylinen-paitapusero\/","url":"https:\/\/simonjersey.eu\/fi\/tuote\/chanel-tyylinen-paitapusero\/","name":"\u201eChanel\u201c tyylinen paitapusero - Simon Jersey Suomi","isPartOf":{"@id":"https:\/\/simonjersey.eu\/fi\/#website"},"primaryImageOfPage":{"@id":"https:\/\/simonjersey.eu\/fi\/tuote\/chanel-tyylinen-paitapusero\/#primaryimage"},"image":{"@id":"https:\/\/simonjersey.eu\/fi\/tuote\/chanel-tyylinen-paitapusero\/#primaryimage"},"thumbnailUrl":"https:\/\/simonjersey.eu\/fi\/wp-content\/uploads\/sites\/3\/2022\/08\/RT-Andria-Nude-blouse.jpg","datePublished":"2022-08-11T12:22:00+00:00","dateModified":"2024-01-31T13:11:52+00:00","breadcrumb":{"@id":"https:\/\/simonjersey.eu\/fi\/tuote\/chanel-tyylinen-paitapusero\/#breadcrumb"},"inLanguage":"fi","potentialAction":[{"@type":"ReadAction","target":["https:\/\/simonjersey.eu\/fi\/tuote\/chanel-tyylinen-paitapusero\/"]}]},{"@type":"ImageObject","inLanguage":"fi","@id":"https:\/\/simonjersey.eu\/fi\/tuote\/chanel-tyylinen-paitapusero\/#primaryimage","url":"https:\/\/simonjersey.eu\/fi\/wp-content\/uploads\/sites\/3\/2022\/08\/RT-Andria-Nude-blouse.jpg","contentUrl":"https:\/\/simonjersey.eu\/fi\/wp-content\/uploads\/sites\/3\/2022\/08\/RT-Andria-Nude-blouse.jpg","width":738,"height":1106},{"@type":"BreadcrumbList","@id":"https:\/\/simonjersey.eu\/fi\/tuote\/chanel-tyylinen-paitapusero\/#breadcrumb","itemListElement":[{"@type":"ListItem","position":1,"name":"Home","item":"https:\/\/simonjersey.eu\/fi\/"},{"@type":"ListItem","position":2,"name":"Verkkokauppa","item":"https:\/\/simonjersey.eu\/fi\/kauppaan\/"},{"@type":"ListItem","position":3,"name":"\u201eChanel\u201c tyylinen paitapusero"}]},{"@type":"WebSite","@id":"https:\/\/simonjersey.eu\/fi\/#website","url":"https:\/\/simonjersey.eu\/fi\/","name":"Simon Jersey Suomi","description":"Tyylikk\u00e4\u00e4t ja kest\u00e4v\u00e4t  ammattiasut","potentialAction":[{"@type":"SearchAction","target":{"@type":"EntryPoint","urlTemplate":"https:\/\/simonjersey.eu\/fi\/?s={search_term_string}"},"query-input":{"@type":"PropertyValueSpecification","valueRequired":true,"valueName":"search_term_string"}}],"inLanguage":"fi"}]}},"_links":{"self":[{"href":"https:\/\/simonjersey.eu\/fi\/wp-json\/wp\/v2\/product\/6937","targetHints":{"allow":["GET"]}}],"collection":[{"href":"https:\/\/simonjersey.eu\/fi\/wp-json\/wp\/v2\/product"}],"about":[{"href":"https:\/\/simonjersey.eu\/fi\/wp-json\/wp\/v2\/types\/product"}],"wp:featuredmedia":[{"embeddable":true,"href":"https:\/\/simonjersey.eu\/fi\/wp-json\/wp\/v2\/media\/6938"}],"wp:attachment":[{"href":"https:\/\/simonjersey.eu\/fi\/wp-json\/wp\/v2\/media?parent=6937"}],"wp:term":[{"taxonomy":"product_brand","embeddable":true,"href":"https:\/\/simonjersey.eu\/fi\/wp-json\/wp\/v2\/product_brand?post=6937"},{"taxonomy":"product_cat","embeddable":true,"href":"https:\/\/simonjersey.eu\/fi\/wp-json\/wp\/v2\/product_cat?post=6937"},{"taxonomy":"product_tag","embeddable":true,"href":"https:\/\/simonjersey.eu\/fi\/wp-json\/wp\/v2\/product_tag?post=6937"}],"curies":[{"name":"wp","href":"https:\/\/api.w.org\/{rel}","templated":true}]}}