{"id":6958,"date":"2022-08-17T12:11:04","date_gmt":"2022-08-17T12:11:04","guid":{"rendered":"https:\/\/simonjersey.eu\/fi\/?post_type=product&#038;p=6958"},"modified":"2022-08-17T12:17:22","modified_gmt":"2022-08-17T12:17:22","slug":"unisex-housut-grooming-salongille","status":"publish","type":"product","link":"https:\/\/simonjersey.eu\/fi\/tuote\/unisex-housut-grooming-salongille\/","title":{"rendered":"Unisex Housut Grooming Salongille"},"content":{"rendered":"","protected":false},"excerpt":{"rendered":"<p>Hyv\u00e4t ty\u00f6vaatteet kaikille lemmikkej\u00e4 hoitaville ty\u00f6ntekij\u00f6ille. Unisex housut resori vy\u00f6t\u00e4r\u00f6ll\u00e4\u00a0, kaksi taskua edess\u00e4, kaksi Cargo taskua. Valmistettu kevyest\u00e4 nylonmateriaalista, vett\u00e4 hylkiv\u00e4.<\/p>\n<p>Materiaali: 100% nylon<\/p>\n<p>Konepesu: cold wash.<\/p>\n<p>Koko: XXS-4XL.<\/p>\n<p><a href=\"https:\/\/simonjersey.eu\/fi\/tuote\/hoitopuku-grooming-salongille\/\"><strong>Tunikit t\u00e4\u00e4l\u00e4!<\/strong><\/a><\/p>\n","protected":false},"featured_media":6961,"template":"","meta":[],"product_brand":[],"product_cat":[38,92,18,25],"product_tag":[],"class_list":{"0":"post-6958","1":"product","2":"type-product","3":"status-publish","4":"has-post-thumbnail","6":"product_cat-housut","7":"product_cat-tyohousut","8":"product_cat-naisten-housut","9":"product_cat-miesten-housut","11":"first","12":"instock","13":"taxable","14":"shipping-taxable","15":"purchasable","16":"product-type-variable","17":"has-default-attributes"},"yoast_head":"<!-- This site is optimized with the Yoast SEO plugin v27.2 - https:\/\/yoast.com\/product\/yoast-seo-wordpress\/ -->\n<title>Unisex Housut Grooming Salongille - Simon Jersey Suomi<\/title>\n<meta name=\"robots\" content=\"index, follow, max-snippet:-1, max-image-preview:large, max-video-preview:-1\" \/>\n<link rel=\"canonical\" href=\"https:\/\/simonjersey.eu\/fi\/tuote\/unisex-housut-grooming-salongille\/\" \/>\n<meta property=\"og:locale\" content=\"fi_FI\" \/>\n<meta property=\"og:type\" content=\"article\" \/>\n<meta property=\"og:title\" content=\"Unisex Housut Grooming Salongille - Simon Jersey Suomi\" \/>\n<meta property=\"og:description\" content=\"Hyv\u00e4t ty\u00f6vaatteet kaikille lemmikkej\u00e4 hoitaville ty\u00f6ntekij\u00f6ille. Unisex housut resori vy\u00f6t\u00e4r\u00f6ll\u00e4\u00a0, kaksi taskua edess\u00e4, kaksi Cargo taskua. Valmistettu kevyest\u00e4 nylonmateriaalista, vett\u00e4 hylkiv\u00e4.  Materiaali: 100% nylon  Konepesu: cold wash.  Koko: XXS-4XL.  Tunikit t\u00e4\u00e4l\u00e4!\" \/>\n<meta property=\"og:url\" content=\"https:\/\/simonjersey.eu\/fi\/tuote\/unisex-housut-grooming-salongille\/\" \/>\n<meta property=\"og:site_name\" content=\"Simon Jersey Suomi\" \/>\n<meta property=\"article:modified_time\" content=\"2022-08-17T12:17:22+00:00\" \/>\n<meta property=\"og:image\" content=\"https:\/\/simonjersey.eu\/fi\/wp-content\/uploads\/sites\/3\/2022\/08\/female-grooming-tunic-housut-1.jpg\" \/>\n\t<meta property=\"og:image:width\" content=\"1000\" \/>\n\t<meta property=\"og:image:height\" content=\"1500\" \/>\n\t<meta property=\"og:image:type\" content=\"image\/jpeg\" \/>\n<meta name=\"twitter:card\" content=\"summary_large_image\" \/>\n<script type=\"application\/ld+json\" class=\"yoast-schema-graph\">{\"@context\":\"https:\/\/schema.org\",\"@graph\":[{\"@type\":\"WebPage\",\"@id\":\"https:\/\/simonjersey.eu\/fi\/tuote\/unisex-housut-grooming-salongille\/\",\"url\":\"https:\/\/simonjersey.eu\/fi\/tuote\/unisex-housut-grooming-salongille\/\",\"name\":\"Unisex Housut Grooming Salongille - Simon Jersey Suomi\",\"isPartOf\":{\"@id\":\"https:\/\/simonjersey.eu\/fi\/#website\"},\"primaryImageOfPage\":{\"@id\":\"https:\/\/simonjersey.eu\/fi\/tuote\/unisex-housut-grooming-salongille\/#primaryimage\"},\"image\":{\"@id\":\"https:\/\/simonjersey.eu\/fi\/tuote\/unisex-housut-grooming-salongille\/#primaryimage\"},\"thumbnailUrl\":\"https:\/\/simonjersey.eu\/fi\/wp-content\/uploads\/sites\/3\/2022\/08\/female-grooming-tunic-housut-1.jpg\",\"datePublished\":\"2022-08-17T12:11:04+00:00\",\"dateModified\":\"2022-08-17T12:17:22+00:00\",\"breadcrumb\":{\"@id\":\"https:\/\/simonjersey.eu\/fi\/tuote\/unisex-housut-grooming-salongille\/#breadcrumb\"},\"inLanguage\":\"fi\",\"potentialAction\":[{\"@type\":\"ReadAction\",\"target\":[\"https:\/\/simonjersey.eu\/fi\/tuote\/unisex-housut-grooming-salongille\/\"]}]},{\"@type\":\"ImageObject\",\"inLanguage\":\"fi\",\"@id\":\"https:\/\/simonjersey.eu\/fi\/tuote\/unisex-housut-grooming-salongille\/#primaryimage\",\"url\":\"https:\/\/simonjersey.eu\/fi\/wp-content\/uploads\/sites\/3\/2022\/08\/female-grooming-tunic-housut-1.jpg\",\"contentUrl\":\"https:\/\/simonjersey.eu\/fi\/wp-content\/uploads\/sites\/3\/2022\/08\/female-grooming-tunic-housut-1.jpg\",\"width\":1000,\"height\":1500},{\"@type\":\"BreadcrumbList\",\"@id\":\"https:\/\/simonjersey.eu\/fi\/tuote\/unisex-housut-grooming-salongille\/#breadcrumb\",\"itemListElement\":[{\"@type\":\"ListItem\",\"position\":1,\"name\":\"Home\",\"item\":\"https:\/\/simonjersey.eu\/fi\/\"},{\"@type\":\"ListItem\",\"position\":2,\"name\":\"Verkkokauppa\",\"item\":\"https:\/\/simonjersey.eu\/fi\/kauppaan\/\"},{\"@type\":\"ListItem\",\"position\":3,\"name\":\"Unisex Housut Grooming Salongille\"}]},{\"@type\":\"WebSite\",\"@id\":\"https:\/\/simonjersey.eu\/fi\/#website\",\"url\":\"https:\/\/simonjersey.eu\/fi\/\",\"name\":\"Simon Jersey Suomi\",\"description\":\"Tyylikk\u00e4\u00e4t ja kest\u00e4v\u00e4t  ammattiasut\",\"potentialAction\":[{\"@type\":\"SearchAction\",\"target\":{\"@type\":\"EntryPoint\",\"urlTemplate\":\"https:\/\/simonjersey.eu\/fi\/?s={search_term_string}\"},\"query-input\":{\"@type\":\"PropertyValueSpecification\",\"valueRequired\":true,\"valueName\":\"search_term_string\"}}],\"inLanguage\":\"fi\"}]}<\/script>\n<!-- \/ Yoast SEO plugin. -->","yoast_head_json":{"title":"Unisex Housut Grooming Salongille - Simon Jersey Suomi","robots":{"index":"index","follow":"follow","max-snippet":"max-snippet:-1","max-image-preview":"max-image-preview:large","max-video-preview":"max-video-preview:-1"},"canonical":"https:\/\/simonjersey.eu\/fi\/tuote\/unisex-housut-grooming-salongille\/","og_locale":"fi_FI","og_type":"article","og_title":"Unisex Housut Grooming Salongille - Simon Jersey Suomi","og_description":"Hyv\u00e4t ty\u00f6vaatteet kaikille lemmikkej\u00e4 hoitaville ty\u00f6ntekij\u00f6ille. Unisex housut resori vy\u00f6t\u00e4r\u00f6ll\u00e4\u00a0, kaksi taskua edess\u00e4, kaksi Cargo taskua. Valmistettu kevyest\u00e4 nylonmateriaalista, vett\u00e4 hylkiv\u00e4.  Materiaali: 100% nylon  Konepesu: cold wash.  Koko: XXS-4XL.  Tunikit t\u00e4\u00e4l\u00e4!","og_url":"https:\/\/simonjersey.eu\/fi\/tuote\/unisex-housut-grooming-salongille\/","og_site_name":"Simon Jersey Suomi","article_modified_time":"2022-08-17T12:17:22+00:00","og_image":[{"width":1000,"height":1500,"url":"https:\/\/simonjersey.eu\/fi\/wp-content\/uploads\/sites\/3\/2022\/08\/female-grooming-tunic-housut-1.jpg","type":"image\/jpeg"}],"twitter_card":"summary_large_image","schema":{"@context":"https:\/\/schema.org","@graph":[{"@type":"WebPage","@id":"https:\/\/simonjersey.eu\/fi\/tuote\/unisex-housut-grooming-salongille\/","url":"https:\/\/simonjersey.eu\/fi\/tuote\/unisex-housut-grooming-salongille\/","name":"Unisex Housut Grooming Salongille - Simon Jersey Suomi","isPartOf":{"@id":"https:\/\/simonjersey.eu\/fi\/#website"},"primaryImageOfPage":{"@id":"https:\/\/simonjersey.eu\/fi\/tuote\/unisex-housut-grooming-salongille\/#primaryimage"},"image":{"@id":"https:\/\/simonjersey.eu\/fi\/tuote\/unisex-housut-grooming-salongille\/#primaryimage"},"thumbnailUrl":"https:\/\/simonjersey.eu\/fi\/wp-content\/uploads\/sites\/3\/2022\/08\/female-grooming-tunic-housut-1.jpg","datePublished":"2022-08-17T12:11:04+00:00","dateModified":"2022-08-17T12:17:22+00:00","breadcrumb":{"@id":"https:\/\/simonjersey.eu\/fi\/tuote\/unisex-housut-grooming-salongille\/#breadcrumb"},"inLanguage":"fi","potentialAction":[{"@type":"ReadAction","target":["https:\/\/simonjersey.eu\/fi\/tuote\/unisex-housut-grooming-salongille\/"]}]},{"@type":"ImageObject","inLanguage":"fi","@id":"https:\/\/simonjersey.eu\/fi\/tuote\/unisex-housut-grooming-salongille\/#primaryimage","url":"https:\/\/simonjersey.eu\/fi\/wp-content\/uploads\/sites\/3\/2022\/08\/female-grooming-tunic-housut-1.jpg","contentUrl":"https:\/\/simonjersey.eu\/fi\/wp-content\/uploads\/sites\/3\/2022\/08\/female-grooming-tunic-housut-1.jpg","width":1000,"height":1500},{"@type":"BreadcrumbList","@id":"https:\/\/simonjersey.eu\/fi\/tuote\/unisex-housut-grooming-salongille\/#breadcrumb","itemListElement":[{"@type":"ListItem","position":1,"name":"Home","item":"https:\/\/simonjersey.eu\/fi\/"},{"@type":"ListItem","position":2,"name":"Verkkokauppa","item":"https:\/\/simonjersey.eu\/fi\/kauppaan\/"},{"@type":"ListItem","position":3,"name":"Unisex Housut Grooming Salongille"}]},{"@type":"WebSite","@id":"https:\/\/simonjersey.eu\/fi\/#website","url":"https:\/\/simonjersey.eu\/fi\/","name":"Simon Jersey Suomi","description":"Tyylikk\u00e4\u00e4t ja kest\u00e4v\u00e4t  ammattiasut","potentialAction":[{"@type":"SearchAction","target":{"@type":"EntryPoint","urlTemplate":"https:\/\/simonjersey.eu\/fi\/?s={search_term_string}"},"query-input":{"@type":"PropertyValueSpecification","valueRequired":true,"valueName":"search_term_string"}}],"inLanguage":"fi"}]}},"_links":{"self":[{"href":"https:\/\/simonjersey.eu\/fi\/wp-json\/wp\/v2\/product\/6958","targetHints":{"allow":["GET"]}}],"collection":[{"href":"https:\/\/simonjersey.eu\/fi\/wp-json\/wp\/v2\/product"}],"about":[{"href":"https:\/\/simonjersey.eu\/fi\/wp-json\/wp\/v2\/types\/product"}],"wp:featuredmedia":[{"embeddable":true,"href":"https:\/\/simonjersey.eu\/fi\/wp-json\/wp\/v2\/media\/6961"}],"wp:attachment":[{"href":"https:\/\/simonjersey.eu\/fi\/wp-json\/wp\/v2\/media?parent=6958"}],"wp:term":[{"taxonomy":"product_brand","embeddable":true,"href":"https:\/\/simonjersey.eu\/fi\/wp-json\/wp\/v2\/product_brand?post=6958"},{"taxonomy":"product_cat","embeddable":true,"href":"https:\/\/simonjersey.eu\/fi\/wp-json\/wp\/v2\/product_cat?post=6958"},{"taxonomy":"product_tag","embeddable":true,"href":"https:\/\/simonjersey.eu\/fi\/wp-json\/wp\/v2\/product_tag?post=6958"}],"curies":[{"name":"wp","href":"https:\/\/api.w.org\/{rel}","templated":true}]}}