{"id":7058,"date":"2022-10-05T12:36:39","date_gmt":"2022-10-05T12:36:39","guid":{"rendered":"https:\/\/simonjersey.eu\/fi\/?post_type=product&#038;p=7058"},"modified":"2024-01-23T11:19:17","modified_gmt":"2024-01-23T11:19:17","slug":"dickies-balance-hotajan-housut-naisille","status":"publish","type":"product","link":"https:\/\/simonjersey.eu\/fi\/tuote\/dickies-balance-hotajan-housut-naisille\/","title":{"rendered":"Dickies Balance hotajan housut naisille."},"content":{"rendered":"","protected":false},"excerpt":{"rendered":"<p>Dickies Balance naisten housut sopivat sairaanhoitajille, l\u00e4\u00e4k\u00e4reille ja siivoushenkil\u00f6st\u00f6lle sek\u00e4 hierojille ja fysioterapeuteille. Erinomaisen kankaan koostumuksen ansiosta housut ovat kevyet, mukavat ja istuvat hyvin. Housuissa on joustava vy\u00f6t\u00e4r\u00f6nauha ja kiristysny\u00f6ri. Takataskut, ommeltu sivutasku, cargo tasku toisessa lahkeessa ja vetoketjutasku toisessa lahkeessa.<\/p>\n<p>Materiaali: 77 Poly\/20 Rayon\/3 Elastane Twill.<\/p>\n<p>Hoito-ohje: konepesu 60\u00baC<\/p>\n<p>Koot: XXS &#8211; 3XL<\/p>\n<p>Pituus: 67cm<\/p>\n<p>L\u00f6yd\u00e4 sopiva hoitopaita\u00a0<a href=\"https:\/\/simonjersey.eu\/fi\/tuote\/dickies-balance-hoitajan-paita-naisille\/\"><strong>t\u00e4\u00e4lt\u00e4<\/strong><\/a><\/p>\n<p><strong>Huom<\/strong><strong>io!<\/strong> koot ovat normaalia suurempia, suosittelemme tilaamaan pienempi\u00e4 kokoja.<\/p>\n<p>&nbsp;<\/p>\n","protected":false},"featured_media":8176,"template":"","meta":[],"product_brand":[],"product_cat":[438,38,69,72,92,30,29],"product_tag":[],"class_list":{"0":"post-7058","1":"product","2":"type-product","3":"status-publish","4":"has-post-thumbnail","6":"product_cat-dickies-cherokee-tyovaateet","7":"product_cat-housut","8":"product_cat-hyvinvoinit-hoitoala","9":"product_cat-laakeala-housut","10":"product_cat-tyohousut","11":"product_cat-laakealan-vaatteet","12":"product_cat-puhdistusalan-tyovaatteet","14":"first","15":"instock","16":"taxable","17":"shipping-taxable","18":"purchasable","19":"product-type-variable","20":"has-default-attributes"},"yoast_head":"<!-- This site is optimized with the Yoast SEO plugin v27.2 - https:\/\/yoast.com\/product\/yoast-seo-wordpress\/ -->\n<title>Dickies Balance hotajan housut naisille. - Simon Jersey Suomi<\/title>\n<meta name=\"robots\" content=\"index, follow, max-snippet:-1, max-image-preview:large, max-video-preview:-1\" \/>\n<link rel=\"canonical\" href=\"https:\/\/simonjersey.eu\/fi\/tuote\/dickies-balance-hotajan-housut-naisille\/\" \/>\n<meta property=\"og:locale\" content=\"fi_FI\" \/>\n<meta property=\"og:type\" content=\"article\" \/>\n<meta property=\"og:title\" content=\"Dickies Balance hotajan housut naisille. - Simon Jersey Suomi\" \/>\n<meta property=\"og:description\" content=\"Dickies Balance naisten housut sopivat sairaanhoitajille, l\u00e4\u00e4k\u00e4reille ja siivoushenkil\u00f6st\u00f6lle sek\u00e4 hierojille ja fysioterapeuteille. Erinomaisen kankaan koostumuksen ansiosta housut ovat kevyet, mukavat ja istuvat hyvin. Housuissa on joustava vy\u00f6t\u00e4r\u00f6nauha ja kiristysny\u00f6ri. Takataskut, ommeltu sivutasku, cargo tasku toisessa lahkeessa ja vetoketjutasku toisessa lahkeessa.  Materiaali: 77 Poly\/20 Rayon\/3 Elastane Twill.  Hoito-ohje: konepesu 60\u00baC  Koot: XXS - 3XL  Pituus: 67cm  L\u00f6yd\u00e4 sopiva hoitopaita\u00a0t\u00e4\u00e4lt\u00e4  Huomio! koot ovat normaalia suurempia, suosittelemme tilaamaan pienempi\u00e4 kokoja.  &nbsp;\" \/>\n<meta property=\"og:url\" content=\"https:\/\/simonjersey.eu\/fi\/tuote\/dickies-balance-hotajan-housut-naisille\/\" \/>\n<meta property=\"og:site_name\" content=\"Simon Jersey Suomi\" \/>\n<meta property=\"article:modified_time\" content=\"2024-01-23T11:19:17+00:00\" \/>\n<meta property=\"og:image\" content=\"https:\/\/simonjersey.eu\/fi\/wp-content\/uploads\/sites\/3\/2022\/10\/DKE135-Dickies-med-puksid-tumesinine.jpg\" \/>\n\t<meta property=\"og:image:width\" content=\"800\" \/>\n\t<meta property=\"og:image:height\" content=\"1200\" \/>\n\t<meta property=\"og:image:type\" content=\"image\/jpeg\" \/>\n<meta name=\"twitter:card\" content=\"summary_large_image\" \/>\n<script type=\"application\/ld+json\" class=\"yoast-schema-graph\">{\"@context\":\"https:\/\/schema.org\",\"@graph\":[{\"@type\":\"WebPage\",\"@id\":\"https:\/\/simonjersey.eu\/fi\/tuote\/dickies-balance-hotajan-housut-naisille\/\",\"url\":\"https:\/\/simonjersey.eu\/fi\/tuote\/dickies-balance-hotajan-housut-naisille\/\",\"name\":\"Dickies Balance hotajan housut naisille. - Simon Jersey Suomi\",\"isPartOf\":{\"@id\":\"https:\/\/simonjersey.eu\/fi\/#website\"},\"primaryImageOfPage\":{\"@id\":\"https:\/\/simonjersey.eu\/fi\/tuote\/dickies-balance-hotajan-housut-naisille\/#primaryimage\"},\"image\":{\"@id\":\"https:\/\/simonjersey.eu\/fi\/tuote\/dickies-balance-hotajan-housut-naisille\/#primaryimage\"},\"thumbnailUrl\":\"https:\/\/simonjersey.eu\/fi\/wp-content\/uploads\/sites\/3\/2022\/10\/DKE135-Dickies-med-puksid-tumesinine.jpg\",\"datePublished\":\"2022-10-05T12:36:39+00:00\",\"dateModified\":\"2024-01-23T11:19:17+00:00\",\"breadcrumb\":{\"@id\":\"https:\/\/simonjersey.eu\/fi\/tuote\/dickies-balance-hotajan-housut-naisille\/#breadcrumb\"},\"inLanguage\":\"fi\",\"potentialAction\":[{\"@type\":\"ReadAction\",\"target\":[\"https:\/\/simonjersey.eu\/fi\/tuote\/dickies-balance-hotajan-housut-naisille\/\"]}]},{\"@type\":\"ImageObject\",\"inLanguage\":\"fi\",\"@id\":\"https:\/\/simonjersey.eu\/fi\/tuote\/dickies-balance-hotajan-housut-naisille\/#primaryimage\",\"url\":\"https:\/\/simonjersey.eu\/fi\/wp-content\/uploads\/sites\/3\/2022\/10\/DKE135-Dickies-med-puksid-tumesinine.jpg\",\"contentUrl\":\"https:\/\/simonjersey.eu\/fi\/wp-content\/uploads\/sites\/3\/2022\/10\/DKE135-Dickies-med-puksid-tumesinine.jpg\",\"width\":800,\"height\":1200},{\"@type\":\"BreadcrumbList\",\"@id\":\"https:\/\/simonjersey.eu\/fi\/tuote\/dickies-balance-hotajan-housut-naisille\/#breadcrumb\",\"itemListElement\":[{\"@type\":\"ListItem\",\"position\":1,\"name\":\"Home\",\"item\":\"https:\/\/simonjersey.eu\/fi\/\"},{\"@type\":\"ListItem\",\"position\":2,\"name\":\"Verkkokauppa\",\"item\":\"https:\/\/simonjersey.eu\/fi\/kauppaan\/\"},{\"@type\":\"ListItem\",\"position\":3,\"name\":\"Dickies Balance hotajan housut naisille.\"}]},{\"@type\":\"WebSite\",\"@id\":\"https:\/\/simonjersey.eu\/fi\/#website\",\"url\":\"https:\/\/simonjersey.eu\/fi\/\",\"name\":\"Simon Jersey Suomi\",\"description\":\"Tyylikk\u00e4\u00e4t ja kest\u00e4v\u00e4t  ammattiasut\",\"potentialAction\":[{\"@type\":\"SearchAction\",\"target\":{\"@type\":\"EntryPoint\",\"urlTemplate\":\"https:\/\/simonjersey.eu\/fi\/?s={search_term_string}\"},\"query-input\":{\"@type\":\"PropertyValueSpecification\",\"valueRequired\":true,\"valueName\":\"search_term_string\"}}],\"inLanguage\":\"fi\"}]}<\/script>\n<!-- \/ Yoast SEO plugin. -->","yoast_head_json":{"title":"Dickies Balance hotajan housut naisille. - Simon Jersey Suomi","robots":{"index":"index","follow":"follow","max-snippet":"max-snippet:-1","max-image-preview":"max-image-preview:large","max-video-preview":"max-video-preview:-1"},"canonical":"https:\/\/simonjersey.eu\/fi\/tuote\/dickies-balance-hotajan-housut-naisille\/","og_locale":"fi_FI","og_type":"article","og_title":"Dickies Balance hotajan housut naisille. - Simon Jersey Suomi","og_description":"Dickies Balance naisten housut sopivat sairaanhoitajille, l\u00e4\u00e4k\u00e4reille ja siivoushenkil\u00f6st\u00f6lle sek\u00e4 hierojille ja fysioterapeuteille. Erinomaisen kankaan koostumuksen ansiosta housut ovat kevyet, mukavat ja istuvat hyvin. Housuissa on joustava vy\u00f6t\u00e4r\u00f6nauha ja kiristysny\u00f6ri. Takataskut, ommeltu sivutasku, cargo tasku toisessa lahkeessa ja vetoketjutasku toisessa lahkeessa.  Materiaali: 77 Poly\/20 Rayon\/3 Elastane Twill.  Hoito-ohje: konepesu 60\u00baC  Koot: XXS - 3XL  Pituus: 67cm  L\u00f6yd\u00e4 sopiva hoitopaita\u00a0t\u00e4\u00e4lt\u00e4  Huomio! koot ovat normaalia suurempia, suosittelemme tilaamaan pienempi\u00e4 kokoja.  &nbsp;","og_url":"https:\/\/simonjersey.eu\/fi\/tuote\/dickies-balance-hotajan-housut-naisille\/","og_site_name":"Simon Jersey Suomi","article_modified_time":"2024-01-23T11:19:17+00:00","og_image":[{"width":800,"height":1200,"url":"https:\/\/simonjersey.eu\/fi\/wp-content\/uploads\/sites\/3\/2022\/10\/DKE135-Dickies-med-puksid-tumesinine.jpg","type":"image\/jpeg"}],"twitter_card":"summary_large_image","schema":{"@context":"https:\/\/schema.org","@graph":[{"@type":"WebPage","@id":"https:\/\/simonjersey.eu\/fi\/tuote\/dickies-balance-hotajan-housut-naisille\/","url":"https:\/\/simonjersey.eu\/fi\/tuote\/dickies-balance-hotajan-housut-naisille\/","name":"Dickies Balance hotajan housut naisille. - Simon Jersey Suomi","isPartOf":{"@id":"https:\/\/simonjersey.eu\/fi\/#website"},"primaryImageOfPage":{"@id":"https:\/\/simonjersey.eu\/fi\/tuote\/dickies-balance-hotajan-housut-naisille\/#primaryimage"},"image":{"@id":"https:\/\/simonjersey.eu\/fi\/tuote\/dickies-balance-hotajan-housut-naisille\/#primaryimage"},"thumbnailUrl":"https:\/\/simonjersey.eu\/fi\/wp-content\/uploads\/sites\/3\/2022\/10\/DKE135-Dickies-med-puksid-tumesinine.jpg","datePublished":"2022-10-05T12:36:39+00:00","dateModified":"2024-01-23T11:19:17+00:00","breadcrumb":{"@id":"https:\/\/simonjersey.eu\/fi\/tuote\/dickies-balance-hotajan-housut-naisille\/#breadcrumb"},"inLanguage":"fi","potentialAction":[{"@type":"ReadAction","target":["https:\/\/simonjersey.eu\/fi\/tuote\/dickies-balance-hotajan-housut-naisille\/"]}]},{"@type":"ImageObject","inLanguage":"fi","@id":"https:\/\/simonjersey.eu\/fi\/tuote\/dickies-balance-hotajan-housut-naisille\/#primaryimage","url":"https:\/\/simonjersey.eu\/fi\/wp-content\/uploads\/sites\/3\/2022\/10\/DKE135-Dickies-med-puksid-tumesinine.jpg","contentUrl":"https:\/\/simonjersey.eu\/fi\/wp-content\/uploads\/sites\/3\/2022\/10\/DKE135-Dickies-med-puksid-tumesinine.jpg","width":800,"height":1200},{"@type":"BreadcrumbList","@id":"https:\/\/simonjersey.eu\/fi\/tuote\/dickies-balance-hotajan-housut-naisille\/#breadcrumb","itemListElement":[{"@type":"ListItem","position":1,"name":"Home","item":"https:\/\/simonjersey.eu\/fi\/"},{"@type":"ListItem","position":2,"name":"Verkkokauppa","item":"https:\/\/simonjersey.eu\/fi\/kauppaan\/"},{"@type":"ListItem","position":3,"name":"Dickies Balance hotajan housut naisille."}]},{"@type":"WebSite","@id":"https:\/\/simonjersey.eu\/fi\/#website","url":"https:\/\/simonjersey.eu\/fi\/","name":"Simon Jersey Suomi","description":"Tyylikk\u00e4\u00e4t ja kest\u00e4v\u00e4t  ammattiasut","potentialAction":[{"@type":"SearchAction","target":{"@type":"EntryPoint","urlTemplate":"https:\/\/simonjersey.eu\/fi\/?s={search_term_string}"},"query-input":{"@type":"PropertyValueSpecification","valueRequired":true,"valueName":"search_term_string"}}],"inLanguage":"fi"}]}},"_links":{"self":[{"href":"https:\/\/simonjersey.eu\/fi\/wp-json\/wp\/v2\/product\/7058","targetHints":{"allow":["GET"]}}],"collection":[{"href":"https:\/\/simonjersey.eu\/fi\/wp-json\/wp\/v2\/product"}],"about":[{"href":"https:\/\/simonjersey.eu\/fi\/wp-json\/wp\/v2\/types\/product"}],"wp:featuredmedia":[{"embeddable":true,"href":"https:\/\/simonjersey.eu\/fi\/wp-json\/wp\/v2\/media\/8176"}],"wp:attachment":[{"href":"https:\/\/simonjersey.eu\/fi\/wp-json\/wp\/v2\/media?parent=7058"}],"wp:term":[{"taxonomy":"product_brand","embeddable":true,"href":"https:\/\/simonjersey.eu\/fi\/wp-json\/wp\/v2\/product_brand?post=7058"},{"taxonomy":"product_cat","embeddable":true,"href":"https:\/\/simonjersey.eu\/fi\/wp-json\/wp\/v2\/product_cat?post=7058"},{"taxonomy":"product_tag","embeddable":true,"href":"https:\/\/simonjersey.eu\/fi\/wp-json\/wp\/v2\/product_tag?post=7058"}],"curies":[{"name":"wp","href":"https:\/\/api.w.org\/{rel}","templated":true}]}}