{"id":7071,"date":"2022-10-19T11:24:51","date_gmt":"2022-10-19T11:24:51","guid":{"rendered":"https:\/\/simonjersey.eu\/fi\/?post_type=product&#038;p=7071"},"modified":"2025-01-24T11:10:01","modified_gmt":"2025-01-24T11:10:01","slug":"bp-naisten-laakarin-laboratoriotakki-pitka-malli","status":"publish","type":"product","link":"https:\/\/simonjersey.eu\/fi\/tuote\/bp-naisten-laakarin-laboratoriotakki-pitka-malli\/","title":{"rendered":"BP\u00ae Naisten l\u00e4\u00e4k\u00e4rin &#8211; laboratoriotakki pitk\u00e4 malli"},"content":{"rendered":"","protected":false},"excerpt":{"rendered":"<p><strong>Tutustu uusiin BP\u00ae<\/strong><strong>-merkkisiin l\u00e4\u00e4kevaatteisiimme, suoraan Saksasta.<\/strong><\/p>\n<p>L\u00e4\u00e4k\u00e4rin-laboratoriotakki on mukava ja hyvin istuva ja toimiva muotoilu. Se sopii sairaanhoitajille hoitolaitoksissa sek\u00e4 laboratoriossa ty\u00f6skenteleville l\u00e4\u00e4k\u00e4reille.<\/p>\n<p>Valmistettu kest\u00e4v\u00e4st\u00e4 materiaalista, joka on kevyt ja hengitt\u00e4v\u00e4. Moderni klassinen leikkaus, suoraakaulus, kolme taskua: rintatasku ja sivutaskut, prinsessaleikkaus edess\u00e4 ja takana.<\/p>\n<p>Materiaali: puuvilla 100%<br \/>\nKonepesu: 95\u00b0C (normaali prosessi) Silitys kohtuullisessa l\u00e4mp\u00f6tilassa Ammattimainen kuivapesu.<br \/>\nKoko: (UK) 6-30.<\/p>\n<p>pituus: 90cm<\/p>\n<p>Miesten l\u00e4\u00e4k\u00e4rin takki\u00a0<a href=\"https:\/\/simonjersey.eu\/fi\/tuote\/bp-miesten-laakarin-laboratoriotakki-pitka-malli\/\"><strong>t\u00e4\u00e4lt\u00e4<\/strong><\/a><strong>!<\/strong><\/p>\n","protected":false},"featured_media":7073,"template":"","meta":[],"product_brand":[],"product_cat":[69,70,73],"product_tag":[],"class_list":{"0":"post-7071","1":"product","2":"type-product","3":"status-publish","4":"has-post-thumbnail","6":"product_cat-hyvinvoinit-hoitoala","7":"product_cat-naisten-hoitopaidat-ja-jakut","8":"product_cat-laboratorio-ja-laakarintakit-hygieniakengat","10":"first","11":"instock","12":"taxable","13":"shipping-taxable","14":"purchasable","15":"product-type-variable","16":"has-default-attributes"},"yoast_head":"<!-- This site is optimized with the Yoast SEO plugin v27.2 - https:\/\/yoast.com\/product\/yoast-seo-wordpress\/ -->\n<title>BP\u00ae Naisten l\u00e4\u00e4k\u00e4rin - laboratoriotakki pitk\u00e4 malli - Simon Jersey Suomi<\/title>\n<meta name=\"robots\" content=\"index, follow, max-snippet:-1, max-image-preview:large, max-video-preview:-1\" \/>\n<link rel=\"canonical\" href=\"https:\/\/simonjersey.eu\/fi\/tuote\/bp-naisten-laakarin-laboratoriotakki-pitka-malli\/\" \/>\n<meta property=\"og:locale\" content=\"fi_FI\" \/>\n<meta property=\"og:type\" content=\"article\" \/>\n<meta property=\"og:title\" content=\"BP\u00ae Naisten l\u00e4\u00e4k\u00e4rin - laboratoriotakki pitk\u00e4 malli - Simon Jersey Suomi\" \/>\n<meta property=\"og:description\" content=\"Tutustu uusiin BP\u00ae-merkkisiin l\u00e4\u00e4kevaatteisiimme, suoraan Saksasta.  L\u00e4\u00e4k\u00e4rin-laboratoriotakki on mukava ja hyvin istuva ja toimiva muotoilu. Se sopii sairaanhoitajille hoitolaitoksissa sek\u00e4 laboratoriossa ty\u00f6skenteleville l\u00e4\u00e4k\u00e4reille.  Valmistettu kest\u00e4v\u00e4st\u00e4 materiaalista, joka on kevyt ja hengitt\u00e4v\u00e4. Moderni klassinen leikkaus, suoraakaulus, kolme taskua: rintatasku ja sivutaskut, prinsessaleikkaus edess\u00e4 ja takana.  Materiaali: puuvilla 100% Konepesu: 95\u00b0C (normaali prosessi) Silitys kohtuullisessa l\u00e4mp\u00f6tilassa Ammattimainen kuivapesu. Koko: (UK) 6-30.  pituus: 90cm  Miesten l\u00e4\u00e4k\u00e4rin takki\u00a0t\u00e4\u00e4lt\u00e4!\" \/>\n<meta property=\"og:url\" content=\"https:\/\/simonjersey.eu\/fi\/tuote\/bp-naisten-laakarin-laboratoriotakki-pitka-malli\/\" \/>\n<meta property=\"og:site_name\" content=\"Simon Jersey Suomi\" \/>\n<meta property=\"article:modified_time\" content=\"2025-01-24T11:10:01+00:00\" \/>\n<meta property=\"og:image\" content=\"https:\/\/simonjersey.eu\/fi\/wp-content\/uploads\/sites\/3\/2022\/10\/Arsti-kittel.jpg\" \/>\n\t<meta property=\"og:image:width\" content=\"1200\" \/>\n\t<meta property=\"og:image:height\" content=\"1688\" \/>\n\t<meta property=\"og:image:type\" content=\"image\/jpeg\" \/>\n<meta name=\"twitter:card\" content=\"summary_large_image\" \/>\n<meta name=\"twitter:label1\" content=\"Arvioitu lukuaika\" \/>\n\t<meta name=\"twitter:data1\" content=\"1 minuutti\" \/>\n<script type=\"application\/ld+json\" class=\"yoast-schema-graph\">{\"@context\":\"https:\/\/schema.org\",\"@graph\":[{\"@type\":\"WebPage\",\"@id\":\"https:\/\/simonjersey.eu\/fi\/tuote\/bp-naisten-laakarin-laboratoriotakki-pitka-malli\/\",\"url\":\"https:\/\/simonjersey.eu\/fi\/tuote\/bp-naisten-laakarin-laboratoriotakki-pitka-malli\/\",\"name\":\"BP\u00ae Naisten l\u00e4\u00e4k\u00e4rin - laboratoriotakki pitk\u00e4 malli - Simon Jersey Suomi\",\"isPartOf\":{\"@id\":\"https:\/\/simonjersey.eu\/fi\/#website\"},\"primaryImageOfPage\":{\"@id\":\"https:\/\/simonjersey.eu\/fi\/tuote\/bp-naisten-laakarin-laboratoriotakki-pitka-malli\/#primaryimage\"},\"image\":{\"@id\":\"https:\/\/simonjersey.eu\/fi\/tuote\/bp-naisten-laakarin-laboratoriotakki-pitka-malli\/#primaryimage\"},\"thumbnailUrl\":\"https:\/\/simonjersey.eu\/fi\/wp-content\/uploads\/sites\/3\/2022\/10\/Arsti-kittel.jpg\",\"datePublished\":\"2022-10-19T11:24:51+00:00\",\"dateModified\":\"2025-01-24T11:10:01+00:00\",\"breadcrumb\":{\"@id\":\"https:\/\/simonjersey.eu\/fi\/tuote\/bp-naisten-laakarin-laboratoriotakki-pitka-malli\/#breadcrumb\"},\"inLanguage\":\"fi\",\"potentialAction\":[{\"@type\":\"ReadAction\",\"target\":[\"https:\/\/simonjersey.eu\/fi\/tuote\/bp-naisten-laakarin-laboratoriotakki-pitka-malli\/\"]}]},{\"@type\":\"ImageObject\",\"inLanguage\":\"fi\",\"@id\":\"https:\/\/simonjersey.eu\/fi\/tuote\/bp-naisten-laakarin-laboratoriotakki-pitka-malli\/#primaryimage\",\"url\":\"https:\/\/simonjersey.eu\/fi\/wp-content\/uploads\/sites\/3\/2022\/10\/Arsti-kittel.jpg\",\"contentUrl\":\"https:\/\/simonjersey.eu\/fi\/wp-content\/uploads\/sites\/3\/2022\/10\/Arsti-kittel.jpg\",\"width\":1200,\"height\":1688},{\"@type\":\"BreadcrumbList\",\"@id\":\"https:\/\/simonjersey.eu\/fi\/tuote\/bp-naisten-laakarin-laboratoriotakki-pitka-malli\/#breadcrumb\",\"itemListElement\":[{\"@type\":\"ListItem\",\"position\":1,\"name\":\"Home\",\"item\":\"https:\/\/simonjersey.eu\/fi\/\"},{\"@type\":\"ListItem\",\"position\":2,\"name\":\"Verkkokauppa\",\"item\":\"https:\/\/simonjersey.eu\/fi\/kauppaan\/\"},{\"@type\":\"ListItem\",\"position\":3,\"name\":\"BP\u00ae Naisten l\u00e4\u00e4k\u00e4rin &#8211; laboratoriotakki pitk\u00e4 malli\"}]},{\"@type\":\"WebSite\",\"@id\":\"https:\/\/simonjersey.eu\/fi\/#website\",\"url\":\"https:\/\/simonjersey.eu\/fi\/\",\"name\":\"Simon Jersey Suomi\",\"description\":\"Tyylikk\u00e4\u00e4t ja kest\u00e4v\u00e4t  ammattiasut\",\"potentialAction\":[{\"@type\":\"SearchAction\",\"target\":{\"@type\":\"EntryPoint\",\"urlTemplate\":\"https:\/\/simonjersey.eu\/fi\/?s={search_term_string}\"},\"query-input\":{\"@type\":\"PropertyValueSpecification\",\"valueRequired\":true,\"valueName\":\"search_term_string\"}}],\"inLanguage\":\"fi\"}]}<\/script>\n<!-- \/ Yoast SEO plugin. -->","yoast_head_json":{"title":"BP\u00ae Naisten l\u00e4\u00e4k\u00e4rin - laboratoriotakki pitk\u00e4 malli - Simon Jersey Suomi","robots":{"index":"index","follow":"follow","max-snippet":"max-snippet:-1","max-image-preview":"max-image-preview:large","max-video-preview":"max-video-preview:-1"},"canonical":"https:\/\/simonjersey.eu\/fi\/tuote\/bp-naisten-laakarin-laboratoriotakki-pitka-malli\/","og_locale":"fi_FI","og_type":"article","og_title":"BP\u00ae Naisten l\u00e4\u00e4k\u00e4rin - laboratoriotakki pitk\u00e4 malli - Simon Jersey Suomi","og_description":"Tutustu uusiin BP\u00ae-merkkisiin l\u00e4\u00e4kevaatteisiimme, suoraan Saksasta.  L\u00e4\u00e4k\u00e4rin-laboratoriotakki on mukava ja hyvin istuva ja toimiva muotoilu. Se sopii sairaanhoitajille hoitolaitoksissa sek\u00e4 laboratoriossa ty\u00f6skenteleville l\u00e4\u00e4k\u00e4reille.  Valmistettu kest\u00e4v\u00e4st\u00e4 materiaalista, joka on kevyt ja hengitt\u00e4v\u00e4. Moderni klassinen leikkaus, suoraakaulus, kolme taskua: rintatasku ja sivutaskut, prinsessaleikkaus edess\u00e4 ja takana.  Materiaali: puuvilla 100% Konepesu: 95\u00b0C (normaali prosessi) Silitys kohtuullisessa l\u00e4mp\u00f6tilassa Ammattimainen kuivapesu. Koko: (UK) 6-30.  pituus: 90cm  Miesten l\u00e4\u00e4k\u00e4rin takki\u00a0t\u00e4\u00e4lt\u00e4!","og_url":"https:\/\/simonjersey.eu\/fi\/tuote\/bp-naisten-laakarin-laboratoriotakki-pitka-malli\/","og_site_name":"Simon Jersey Suomi","article_modified_time":"2025-01-24T11:10:01+00:00","og_image":[{"width":1200,"height":1688,"url":"https:\/\/simonjersey.eu\/fi\/wp-content\/uploads\/sites\/3\/2022\/10\/Arsti-kittel.jpg","type":"image\/jpeg"}],"twitter_card":"summary_large_image","twitter_misc":{"Arvioitu lukuaika":"1 minuutti"},"schema":{"@context":"https:\/\/schema.org","@graph":[{"@type":"WebPage","@id":"https:\/\/simonjersey.eu\/fi\/tuote\/bp-naisten-laakarin-laboratoriotakki-pitka-malli\/","url":"https:\/\/simonjersey.eu\/fi\/tuote\/bp-naisten-laakarin-laboratoriotakki-pitka-malli\/","name":"BP\u00ae Naisten l\u00e4\u00e4k\u00e4rin - laboratoriotakki pitk\u00e4 malli - Simon Jersey Suomi","isPartOf":{"@id":"https:\/\/simonjersey.eu\/fi\/#website"},"primaryImageOfPage":{"@id":"https:\/\/simonjersey.eu\/fi\/tuote\/bp-naisten-laakarin-laboratoriotakki-pitka-malli\/#primaryimage"},"image":{"@id":"https:\/\/simonjersey.eu\/fi\/tuote\/bp-naisten-laakarin-laboratoriotakki-pitka-malli\/#primaryimage"},"thumbnailUrl":"https:\/\/simonjersey.eu\/fi\/wp-content\/uploads\/sites\/3\/2022\/10\/Arsti-kittel.jpg","datePublished":"2022-10-19T11:24:51+00:00","dateModified":"2025-01-24T11:10:01+00:00","breadcrumb":{"@id":"https:\/\/simonjersey.eu\/fi\/tuote\/bp-naisten-laakarin-laboratoriotakki-pitka-malli\/#breadcrumb"},"inLanguage":"fi","potentialAction":[{"@type":"ReadAction","target":["https:\/\/simonjersey.eu\/fi\/tuote\/bp-naisten-laakarin-laboratoriotakki-pitka-malli\/"]}]},{"@type":"ImageObject","inLanguage":"fi","@id":"https:\/\/simonjersey.eu\/fi\/tuote\/bp-naisten-laakarin-laboratoriotakki-pitka-malli\/#primaryimage","url":"https:\/\/simonjersey.eu\/fi\/wp-content\/uploads\/sites\/3\/2022\/10\/Arsti-kittel.jpg","contentUrl":"https:\/\/simonjersey.eu\/fi\/wp-content\/uploads\/sites\/3\/2022\/10\/Arsti-kittel.jpg","width":1200,"height":1688},{"@type":"BreadcrumbList","@id":"https:\/\/simonjersey.eu\/fi\/tuote\/bp-naisten-laakarin-laboratoriotakki-pitka-malli\/#breadcrumb","itemListElement":[{"@type":"ListItem","position":1,"name":"Home","item":"https:\/\/simonjersey.eu\/fi\/"},{"@type":"ListItem","position":2,"name":"Verkkokauppa","item":"https:\/\/simonjersey.eu\/fi\/kauppaan\/"},{"@type":"ListItem","position":3,"name":"BP\u00ae Naisten l\u00e4\u00e4k\u00e4rin &#8211; laboratoriotakki pitk\u00e4 malli"}]},{"@type":"WebSite","@id":"https:\/\/simonjersey.eu\/fi\/#website","url":"https:\/\/simonjersey.eu\/fi\/","name":"Simon Jersey Suomi","description":"Tyylikk\u00e4\u00e4t ja kest\u00e4v\u00e4t  ammattiasut","potentialAction":[{"@type":"SearchAction","target":{"@type":"EntryPoint","urlTemplate":"https:\/\/simonjersey.eu\/fi\/?s={search_term_string}"},"query-input":{"@type":"PropertyValueSpecification","valueRequired":true,"valueName":"search_term_string"}}],"inLanguage":"fi"}]}},"_links":{"self":[{"href":"https:\/\/simonjersey.eu\/fi\/wp-json\/wp\/v2\/product\/7071","targetHints":{"allow":["GET"]}}],"collection":[{"href":"https:\/\/simonjersey.eu\/fi\/wp-json\/wp\/v2\/product"}],"about":[{"href":"https:\/\/simonjersey.eu\/fi\/wp-json\/wp\/v2\/types\/product"}],"wp:featuredmedia":[{"embeddable":true,"href":"https:\/\/simonjersey.eu\/fi\/wp-json\/wp\/v2\/media\/7073"}],"wp:attachment":[{"href":"https:\/\/simonjersey.eu\/fi\/wp-json\/wp\/v2\/media?parent=7071"}],"wp:term":[{"taxonomy":"product_brand","embeddable":true,"href":"https:\/\/simonjersey.eu\/fi\/wp-json\/wp\/v2\/product_brand?post=7071"},{"taxonomy":"product_cat","embeddable":true,"href":"https:\/\/simonjersey.eu\/fi\/wp-json\/wp\/v2\/product_cat?post=7071"},{"taxonomy":"product_tag","embeddable":true,"href":"https:\/\/simonjersey.eu\/fi\/wp-json\/wp\/v2\/product_tag?post=7071"}],"curies":[{"name":"wp","href":"https:\/\/api.w.org\/{rel}","templated":true}]}}