{"id":7120,"date":"2022-10-27T10:46:12","date_gmt":"2022-10-27T10:46:12","guid":{"rendered":"https:\/\/simonjersey.eu\/fi\/?post_type=product&#038;p=7120"},"modified":"2026-01-12T12:12:16","modified_gmt":"2026-01-12T12:12:16","slug":"numana-kynahame","status":"publish","type":"product","link":"https:\/\/simonjersey.eu\/fi\/tuote\/numana-kynahame\/","title":{"rendered":"Numana kyn\u00e4hame"},"content":{"rendered":"","protected":false},"excerpt":{"rendered":"<p>Our best-selling Sophisticated Collection blends lightweight European Fabric with superior technical attributes in the widest choice of fits and styles available. Providing the ultimate in choice, it&#8217;s little wonder this premium collection is trusted by many of the worlds leading brands.<\/p>\n<p>Straight skirt, centre vent, shaped back panels, full stretch lining.<\/p>\n<p>The uniforms of this series are suitable for work in a bank, commercial buildings, hotel or in many other leading positions.<\/p>\n<p>Material: 54% Polyester, 44% Wool, 2% Lycra (270gm \/ Lightweight)<\/p>\n<p>Stretch: 15% High Level<\/p>\n<p>Protection: High Level of Stain Resistance<\/p>\n<p>Durability: Martindale Test &gt; 60,000 rubs<\/p>\n<p>SIZES (UK) : 6-24 ( regular 59cm , long 63,5cm )<\/p>\n","protected":false},"featured_media":7127,"template":"","meta":[],"product_brand":[],"product_cat":[41,52,56,68,67,75,85,19],"product_tag":[],"class_list":{"0":"post-7120","1":"product","2":"type-product","3":"status-publish","4":"has-post-thumbnail","6":"product_cat-ravintola-kahvila","7":"product_cat-hamet-ja-mekot-ravintola-kahvila","8":"product_cat-hotelli-palveluammatit","9":"product_cat-pukujen-mallistot-hotelli-ja-palveluammatit","10":"product_cat-best-selling-collection","11":"product_cat-business-toimisto","12":"product_cat-pukujen-mallistot-business-toimisto","13":"product_cat-hamet-ja-mekot","15":"first","16":"instock","17":"taxable","18":"shipping-taxable","19":"purchasable","20":"product-type-variable","21":"has-default-attributes"},"yoast_head":"<!-- This site is optimized with the Yoast SEO plugin v27.2 - https:\/\/yoast.com\/product\/yoast-seo-wordpress\/ -->\n<title>Numana kyn\u00e4hame - Simon Jersey Suomi<\/title>\n<meta name=\"robots\" content=\"index, follow, max-snippet:-1, max-image-preview:large, max-video-preview:-1\" \/>\n<link rel=\"canonical\" href=\"https:\/\/simonjersey.eu\/fi\/tuote\/numana-kynahame\/\" \/>\n<meta property=\"og:locale\" content=\"fi_FI\" \/>\n<meta property=\"og:type\" content=\"article\" \/>\n<meta property=\"og:title\" content=\"Numana kyn\u00e4hame - Simon Jersey Suomi\" \/>\n<meta property=\"og:description\" content=\"Our best-selling Sophisticated Collection blends lightweight European Fabric with superior technical attributes in the widest choice of fits and styles available. Providing the ultimate in choice, it&#039;s little wonder this premium collection is trusted by many of the worlds leading brands.  Straight skirt, centre vent, shaped back panels, full stretch lining.  The uniforms of this series are suitable for work in a bank, commercial buildings, hotel or in many other leading positions.  Material: 54% Polyester, 44% Wool, 2% Lycra (270gm \/ Lightweight)  Stretch: 15% High Level  Protection: High Level of Stain Resistance  Durability: Martindale Test &gt; 60,000 rubs  SIZES (UK) : 6-24 ( regular 59cm , long 63,5cm )\" \/>\n<meta property=\"og:url\" content=\"https:\/\/simonjersey.eu\/fi\/tuote\/numana-kynahame\/\" \/>\n<meta property=\"og:site_name\" content=\"Simon Jersey Suomi\" \/>\n<meta property=\"article:modified_time\" content=\"2026-01-12T12:12:16+00:00\" \/>\n<meta property=\"og:image\" content=\"https:\/\/simonjersey.eu\/fi\/wp-content\/uploads\/sites\/3\/2022\/10\/Numana-Skirt-Mid-Blue-Sophisticated-700-x-1102-1.jpg\" \/>\n\t<meta property=\"og:image:width\" content=\"700\" \/>\n\t<meta property=\"og:image:height\" content=\"1102\" \/>\n\t<meta property=\"og:image:type\" content=\"image\/jpeg\" \/>\n<meta name=\"twitter:card\" content=\"summary_large_image\" \/>\n<meta name=\"twitter:label1\" content=\"Arvioitu lukuaika\" \/>\n\t<meta name=\"twitter:data1\" content=\"1 minuutti\" \/>\n<script type=\"application\/ld+json\" class=\"yoast-schema-graph\">{\"@context\":\"https:\/\/schema.org\",\"@graph\":[{\"@type\":\"WebPage\",\"@id\":\"https:\/\/simonjersey.eu\/fi\/tuote\/numana-kynahame\/\",\"url\":\"https:\/\/simonjersey.eu\/fi\/tuote\/numana-kynahame\/\",\"name\":\"Numana kyn\u00e4hame - Simon Jersey Suomi\",\"isPartOf\":{\"@id\":\"https:\/\/simonjersey.eu\/fi\/#website\"},\"primaryImageOfPage\":{\"@id\":\"https:\/\/simonjersey.eu\/fi\/tuote\/numana-kynahame\/#primaryimage\"},\"image\":{\"@id\":\"https:\/\/simonjersey.eu\/fi\/tuote\/numana-kynahame\/#primaryimage\"},\"thumbnailUrl\":\"https:\/\/simonjersey.eu\/fi\/wp-content\/uploads\/sites\/3\/2022\/10\/Numana-Skirt-Mid-Blue-Sophisticated-700-x-1102-1.jpg\",\"datePublished\":\"2022-10-27T10:46:12+00:00\",\"dateModified\":\"2026-01-12T12:12:16+00:00\",\"breadcrumb\":{\"@id\":\"https:\/\/simonjersey.eu\/fi\/tuote\/numana-kynahame\/#breadcrumb\"},\"inLanguage\":\"fi\",\"potentialAction\":[{\"@type\":\"ReadAction\",\"target\":[\"https:\/\/simonjersey.eu\/fi\/tuote\/numana-kynahame\/\"]}]},{\"@type\":\"ImageObject\",\"inLanguage\":\"fi\",\"@id\":\"https:\/\/simonjersey.eu\/fi\/tuote\/numana-kynahame\/#primaryimage\",\"url\":\"https:\/\/simonjersey.eu\/fi\/wp-content\/uploads\/sites\/3\/2022\/10\/Numana-Skirt-Mid-Blue-Sophisticated-700-x-1102-1.jpg\",\"contentUrl\":\"https:\/\/simonjersey.eu\/fi\/wp-content\/uploads\/sites\/3\/2022\/10\/Numana-Skirt-Mid-Blue-Sophisticated-700-x-1102-1.jpg\",\"width\":700,\"height\":1102},{\"@type\":\"BreadcrumbList\",\"@id\":\"https:\/\/simonjersey.eu\/fi\/tuote\/numana-kynahame\/#breadcrumb\",\"itemListElement\":[{\"@type\":\"ListItem\",\"position\":1,\"name\":\"Home\",\"item\":\"https:\/\/simonjersey.eu\/fi\/\"},{\"@type\":\"ListItem\",\"position\":2,\"name\":\"Verkkokauppa\",\"item\":\"https:\/\/simonjersey.eu\/fi\/kauppaan\/\"},{\"@type\":\"ListItem\",\"position\":3,\"name\":\"Numana kyn\u00e4hame\"}]},{\"@type\":\"WebSite\",\"@id\":\"https:\/\/simonjersey.eu\/fi\/#website\",\"url\":\"https:\/\/simonjersey.eu\/fi\/\",\"name\":\"Simon Jersey Suomi\",\"description\":\"Tyylikk\u00e4\u00e4t ja kest\u00e4v\u00e4t  ammattiasut\",\"potentialAction\":[{\"@type\":\"SearchAction\",\"target\":{\"@type\":\"EntryPoint\",\"urlTemplate\":\"https:\/\/simonjersey.eu\/fi\/?s={search_term_string}\"},\"query-input\":{\"@type\":\"PropertyValueSpecification\",\"valueRequired\":true,\"valueName\":\"search_term_string\"}}],\"inLanguage\":\"fi\"}]}<\/script>\n<!-- \/ Yoast SEO plugin. -->","yoast_head_json":{"title":"Numana kyn\u00e4hame - Simon Jersey Suomi","robots":{"index":"index","follow":"follow","max-snippet":"max-snippet:-1","max-image-preview":"max-image-preview:large","max-video-preview":"max-video-preview:-1"},"canonical":"https:\/\/simonjersey.eu\/fi\/tuote\/numana-kynahame\/","og_locale":"fi_FI","og_type":"article","og_title":"Numana kyn\u00e4hame - Simon Jersey Suomi","og_description":"Our best-selling Sophisticated Collection blends lightweight European Fabric with superior technical attributes in the widest choice of fits and styles available. Providing the ultimate in choice, it's little wonder this premium collection is trusted by many of the worlds leading brands.  Straight skirt, centre vent, shaped back panels, full stretch lining.  The uniforms of this series are suitable for work in a bank, commercial buildings, hotel or in many other leading positions.  Material: 54% Polyester, 44% Wool, 2% Lycra (270gm \/ Lightweight)  Stretch: 15% High Level  Protection: High Level of Stain Resistance  Durability: Martindale Test &gt; 60,000 rubs  SIZES (UK) : 6-24 ( regular 59cm , long 63,5cm )","og_url":"https:\/\/simonjersey.eu\/fi\/tuote\/numana-kynahame\/","og_site_name":"Simon Jersey Suomi","article_modified_time":"2026-01-12T12:12:16+00:00","og_image":[{"width":700,"height":1102,"url":"https:\/\/simonjersey.eu\/fi\/wp-content\/uploads\/sites\/3\/2022\/10\/Numana-Skirt-Mid-Blue-Sophisticated-700-x-1102-1.jpg","type":"image\/jpeg"}],"twitter_card":"summary_large_image","twitter_misc":{"Arvioitu lukuaika":"1 minuutti"},"schema":{"@context":"https:\/\/schema.org","@graph":[{"@type":"WebPage","@id":"https:\/\/simonjersey.eu\/fi\/tuote\/numana-kynahame\/","url":"https:\/\/simonjersey.eu\/fi\/tuote\/numana-kynahame\/","name":"Numana kyn\u00e4hame - Simon Jersey Suomi","isPartOf":{"@id":"https:\/\/simonjersey.eu\/fi\/#website"},"primaryImageOfPage":{"@id":"https:\/\/simonjersey.eu\/fi\/tuote\/numana-kynahame\/#primaryimage"},"image":{"@id":"https:\/\/simonjersey.eu\/fi\/tuote\/numana-kynahame\/#primaryimage"},"thumbnailUrl":"https:\/\/simonjersey.eu\/fi\/wp-content\/uploads\/sites\/3\/2022\/10\/Numana-Skirt-Mid-Blue-Sophisticated-700-x-1102-1.jpg","datePublished":"2022-10-27T10:46:12+00:00","dateModified":"2026-01-12T12:12:16+00:00","breadcrumb":{"@id":"https:\/\/simonjersey.eu\/fi\/tuote\/numana-kynahame\/#breadcrumb"},"inLanguage":"fi","potentialAction":[{"@type":"ReadAction","target":["https:\/\/simonjersey.eu\/fi\/tuote\/numana-kynahame\/"]}]},{"@type":"ImageObject","inLanguage":"fi","@id":"https:\/\/simonjersey.eu\/fi\/tuote\/numana-kynahame\/#primaryimage","url":"https:\/\/simonjersey.eu\/fi\/wp-content\/uploads\/sites\/3\/2022\/10\/Numana-Skirt-Mid-Blue-Sophisticated-700-x-1102-1.jpg","contentUrl":"https:\/\/simonjersey.eu\/fi\/wp-content\/uploads\/sites\/3\/2022\/10\/Numana-Skirt-Mid-Blue-Sophisticated-700-x-1102-1.jpg","width":700,"height":1102},{"@type":"BreadcrumbList","@id":"https:\/\/simonjersey.eu\/fi\/tuote\/numana-kynahame\/#breadcrumb","itemListElement":[{"@type":"ListItem","position":1,"name":"Home","item":"https:\/\/simonjersey.eu\/fi\/"},{"@type":"ListItem","position":2,"name":"Verkkokauppa","item":"https:\/\/simonjersey.eu\/fi\/kauppaan\/"},{"@type":"ListItem","position":3,"name":"Numana kyn\u00e4hame"}]},{"@type":"WebSite","@id":"https:\/\/simonjersey.eu\/fi\/#website","url":"https:\/\/simonjersey.eu\/fi\/","name":"Simon Jersey Suomi","description":"Tyylikk\u00e4\u00e4t ja kest\u00e4v\u00e4t  ammattiasut","potentialAction":[{"@type":"SearchAction","target":{"@type":"EntryPoint","urlTemplate":"https:\/\/simonjersey.eu\/fi\/?s={search_term_string}"},"query-input":{"@type":"PropertyValueSpecification","valueRequired":true,"valueName":"search_term_string"}}],"inLanguage":"fi"}]}},"_links":{"self":[{"href":"https:\/\/simonjersey.eu\/fi\/wp-json\/wp\/v2\/product\/7120","targetHints":{"allow":["GET"]}}],"collection":[{"href":"https:\/\/simonjersey.eu\/fi\/wp-json\/wp\/v2\/product"}],"about":[{"href":"https:\/\/simonjersey.eu\/fi\/wp-json\/wp\/v2\/types\/product"}],"wp:featuredmedia":[{"embeddable":true,"href":"https:\/\/simonjersey.eu\/fi\/wp-json\/wp\/v2\/media\/7127"}],"wp:attachment":[{"href":"https:\/\/simonjersey.eu\/fi\/wp-json\/wp\/v2\/media?parent=7120"}],"wp:term":[{"taxonomy":"product_brand","embeddable":true,"href":"https:\/\/simonjersey.eu\/fi\/wp-json\/wp\/v2\/product_brand?post=7120"},{"taxonomy":"product_cat","embeddable":true,"href":"https:\/\/simonjersey.eu\/fi\/wp-json\/wp\/v2\/product_cat?post=7120"},{"taxonomy":"product_tag","embeddable":true,"href":"https:\/\/simonjersey.eu\/fi\/wp-json\/wp\/v2\/product_tag?post=7120"}],"curies":[{"name":"wp","href":"https:\/\/api.w.org\/{rel}","templated":true}]}}