{"id":7237,"date":"2022-11-07T13:25:32","date_gmt":"2022-11-07T13:25:32","guid":{"rendered":"https:\/\/simonjersey.eu\/fi\/?post_type=product&#038;p=7237"},"modified":"2022-11-11T13:27:34","modified_gmt":"2022-11-11T13:27:34","slug":"miesten-avalino-tailor-fit-housut","status":"publish","type":"product","link":"https:\/\/simonjersey.eu\/fi\/tuote\/miesten-avalino-tailor-fit-housut\/","title":{"rendered":"Miesten \u201eAvalino\u201c Tailor fit housut"},"content":{"rendered":"","protected":false},"excerpt":{"rendered":"<p>Our best-selling Sophisticated Collection blends lightweight European Fabric with superior technical attributes in the widest choice of fits and styles available. Providing the ultimate in choice, it&#8217;s little wonder this premium collection is trusted by many of the worlds leading brands.<\/p>\n<p>flat front, 2 side pockets, 1 rear pocket, plain front trouser, half lined, belt loops, comfort waistband, clasp fastening and french bearer, tailored fit<\/p>\n<p>The uniforms of this series are suitable for work in a bank, commercial buildings, hotel or in many other leading positions.<\/p>\n<p>Material: 54% Polyester, 44% Wool, 2% Lycra (270gm \/ Lightweight)<\/p>\n<p>Stretch: 15% High Level<\/p>\n<p>Protection: High Level of Stain Resistance<\/p>\n<p>Durability: Martindale Test &gt; 60,000 rubs<\/p>\n<p>SIZES (UK) : 28-52 ( short, regular, long length)<\/p>\n<p>Half hem width at waist size 34&#8243; = 21cm<\/p>\n<p><a href=\"https:\/\/simonjersey.eu\/fi\/tuote\/tailor-fit-puvuntakki-joustavaa-villakangasta\/\"><strong>Men\u2019s jacket<\/strong><strong>\u00a0here!<\/strong><\/a><\/p>\n","protected":false},"featured_media":7242,"template":"","meta":[],"product_brand":[],"product_cat":[423,41,53,56,68,67,75,85,25],"product_tag":[],"class_list":{"0":"post-7237","1":"product","2":"type-product","3":"status-publish","4":"has-post-thumbnail","6":"product_cat-miesten-housut-ja-chinot","7":"product_cat-ravintola-kahvila","8":"product_cat-housut-ravintola-kahvila","9":"product_cat-hotelli-palveluammatit","10":"product_cat-pukujen-mallistot-hotelli-ja-palveluammatit","11":"product_cat-best-selling-collection","12":"product_cat-business-toimisto","13":"product_cat-pukujen-mallistot-business-toimisto","14":"product_cat-miesten-housut","16":"first","17":"instock","18":"taxable","19":"shipping-taxable","20":"purchasable","21":"product-type-variable","22":"has-default-attributes"},"yoast_head":"<!-- This site is optimized with the Yoast SEO plugin v27.2 - https:\/\/yoast.com\/product\/yoast-seo-wordpress\/ -->\n<title>Miesten \u201eAvalino\u201c Tailor fit housut - Simon Jersey Suomi<\/title>\n<meta name=\"robots\" content=\"index, follow, max-snippet:-1, max-image-preview:large, max-video-preview:-1\" \/>\n<link rel=\"canonical\" href=\"https:\/\/simonjersey.eu\/fi\/tuote\/miesten-avalino-tailor-fit-housut\/\" \/>\n<meta property=\"og:locale\" content=\"fi_FI\" \/>\n<meta property=\"og:type\" content=\"article\" \/>\n<meta property=\"og:title\" content=\"Miesten \u201eAvalino\u201c Tailor fit housut - Simon Jersey Suomi\" \/>\n<meta property=\"og:description\" content=\"Our best-selling Sophisticated Collection blends lightweight European Fabric with superior technical attributes in the widest choice of fits and styles available. Providing the ultimate in choice, it&#039;s little wonder this premium collection is trusted by many of the worlds leading brands.  flat front, 2 side pockets, 1 rear pocket, plain front trouser, half lined, belt loops, comfort waistband, clasp fastening and french bearer, tailored fit  The uniforms of this series are suitable for work in a bank, commercial buildings, hotel or in many other leading positions.  Material: 54% Polyester, 44% Wool, 2% Lycra (270gm \/ Lightweight)  Stretch: 15% High Level  Protection: High Level of Stain Resistance  Durability: Martindale Test &gt; 60,000 rubs  SIZES (UK) : 28-52 ( short, regular, long length)  Half hem width at waist size 34&quot; = 21cm  Men\u2019s jacket\u00a0here!\" \/>\n<meta property=\"og:url\" content=\"https:\/\/simonjersey.eu\/fi\/tuote\/miesten-avalino-tailor-fit-housut\/\" \/>\n<meta property=\"og:site_name\" content=\"Simon Jersey Suomi\" \/>\n<meta property=\"article:modified_time\" content=\"2022-11-11T13:27:34+00:00\" \/>\n<meta property=\"og:image\" content=\"https:\/\/simonjersey.eu\/fi\/wp-content\/uploads\/sites\/3\/2022\/11\/Tailor-fit-housut-Light-Grey-700-x-1050-1.jpg\" \/>\n\t<meta property=\"og:image:width\" content=\"700\" \/>\n\t<meta property=\"og:image:height\" content=\"1050\" \/>\n\t<meta property=\"og:image:type\" content=\"image\/jpeg\" \/>\n<meta name=\"twitter:card\" content=\"summary_large_image\" \/>\n<script type=\"application\/ld+json\" class=\"yoast-schema-graph\">{\"@context\":\"https:\/\/schema.org\",\"@graph\":[{\"@type\":\"WebPage\",\"@id\":\"https:\/\/simonjersey.eu\/fi\/tuote\/miesten-avalino-tailor-fit-housut\/\",\"url\":\"https:\/\/simonjersey.eu\/fi\/tuote\/miesten-avalino-tailor-fit-housut\/\",\"name\":\"Miesten \u201eAvalino\u201c Tailor fit housut - Simon Jersey Suomi\",\"isPartOf\":{\"@id\":\"https:\/\/simonjersey.eu\/fi\/#website\"},\"primaryImageOfPage\":{\"@id\":\"https:\/\/simonjersey.eu\/fi\/tuote\/miesten-avalino-tailor-fit-housut\/#primaryimage\"},\"image\":{\"@id\":\"https:\/\/simonjersey.eu\/fi\/tuote\/miesten-avalino-tailor-fit-housut\/#primaryimage\"},\"thumbnailUrl\":\"https:\/\/simonjersey.eu\/fi\/wp-content\/uploads\/sites\/3\/2022\/11\/Tailor-fit-housut-Light-Grey-700-x-1050-1.jpg\",\"datePublished\":\"2022-11-07T13:25:32+00:00\",\"dateModified\":\"2022-11-11T13:27:34+00:00\",\"breadcrumb\":{\"@id\":\"https:\/\/simonjersey.eu\/fi\/tuote\/miesten-avalino-tailor-fit-housut\/#breadcrumb\"},\"inLanguage\":\"fi\",\"potentialAction\":[{\"@type\":\"ReadAction\",\"target\":[\"https:\/\/simonjersey.eu\/fi\/tuote\/miesten-avalino-tailor-fit-housut\/\"]}]},{\"@type\":\"ImageObject\",\"inLanguage\":\"fi\",\"@id\":\"https:\/\/simonjersey.eu\/fi\/tuote\/miesten-avalino-tailor-fit-housut\/#primaryimage\",\"url\":\"https:\/\/simonjersey.eu\/fi\/wp-content\/uploads\/sites\/3\/2022\/11\/Tailor-fit-housut-Light-Grey-700-x-1050-1.jpg\",\"contentUrl\":\"https:\/\/simonjersey.eu\/fi\/wp-content\/uploads\/sites\/3\/2022\/11\/Tailor-fit-housut-Light-Grey-700-x-1050-1.jpg\",\"width\":700,\"height\":1050},{\"@type\":\"BreadcrumbList\",\"@id\":\"https:\/\/simonjersey.eu\/fi\/tuote\/miesten-avalino-tailor-fit-housut\/#breadcrumb\",\"itemListElement\":[{\"@type\":\"ListItem\",\"position\":1,\"name\":\"Home\",\"item\":\"https:\/\/simonjersey.eu\/fi\/\"},{\"@type\":\"ListItem\",\"position\":2,\"name\":\"Verkkokauppa\",\"item\":\"https:\/\/simonjersey.eu\/fi\/kauppaan\/\"},{\"@type\":\"ListItem\",\"position\":3,\"name\":\"Miesten \u201eAvalino\u201c Tailor fit housut\"}]},{\"@type\":\"WebSite\",\"@id\":\"https:\/\/simonjersey.eu\/fi\/#website\",\"url\":\"https:\/\/simonjersey.eu\/fi\/\",\"name\":\"Simon Jersey Suomi\",\"description\":\"Tyylikk\u00e4\u00e4t ja kest\u00e4v\u00e4t  ammattiasut\",\"potentialAction\":[{\"@type\":\"SearchAction\",\"target\":{\"@type\":\"EntryPoint\",\"urlTemplate\":\"https:\/\/simonjersey.eu\/fi\/?s={search_term_string}\"},\"query-input\":{\"@type\":\"PropertyValueSpecification\",\"valueRequired\":true,\"valueName\":\"search_term_string\"}}],\"inLanguage\":\"fi\"}]}<\/script>\n<!-- \/ Yoast SEO plugin. -->","yoast_head_json":{"title":"Miesten \u201eAvalino\u201c Tailor fit housut - Simon Jersey Suomi","robots":{"index":"index","follow":"follow","max-snippet":"max-snippet:-1","max-image-preview":"max-image-preview:large","max-video-preview":"max-video-preview:-1"},"canonical":"https:\/\/simonjersey.eu\/fi\/tuote\/miesten-avalino-tailor-fit-housut\/","og_locale":"fi_FI","og_type":"article","og_title":"Miesten \u201eAvalino\u201c Tailor fit housut - Simon Jersey Suomi","og_description":"Our best-selling Sophisticated Collection blends lightweight European Fabric with superior technical attributes in the widest choice of fits and styles available. Providing the ultimate in choice, it's little wonder this premium collection is trusted by many of the worlds leading brands.  flat front, 2 side pockets, 1 rear pocket, plain front trouser, half lined, belt loops, comfort waistband, clasp fastening and french bearer, tailored fit  The uniforms of this series are suitable for work in a bank, commercial buildings, hotel or in many other leading positions.  Material: 54% Polyester, 44% Wool, 2% Lycra (270gm \/ Lightweight)  Stretch: 15% High Level  Protection: High Level of Stain Resistance  Durability: Martindale Test &gt; 60,000 rubs  SIZES (UK) : 28-52 ( short, regular, long length)  Half hem width at waist size 34\" = 21cm  Men\u2019s jacket\u00a0here!","og_url":"https:\/\/simonjersey.eu\/fi\/tuote\/miesten-avalino-tailor-fit-housut\/","og_site_name":"Simon Jersey Suomi","article_modified_time":"2022-11-11T13:27:34+00:00","og_image":[{"width":700,"height":1050,"url":"https:\/\/simonjersey.eu\/fi\/wp-content\/uploads\/sites\/3\/2022\/11\/Tailor-fit-housut-Light-Grey-700-x-1050-1.jpg","type":"image\/jpeg"}],"twitter_card":"summary_large_image","schema":{"@context":"https:\/\/schema.org","@graph":[{"@type":"WebPage","@id":"https:\/\/simonjersey.eu\/fi\/tuote\/miesten-avalino-tailor-fit-housut\/","url":"https:\/\/simonjersey.eu\/fi\/tuote\/miesten-avalino-tailor-fit-housut\/","name":"Miesten \u201eAvalino\u201c Tailor fit housut - Simon Jersey Suomi","isPartOf":{"@id":"https:\/\/simonjersey.eu\/fi\/#website"},"primaryImageOfPage":{"@id":"https:\/\/simonjersey.eu\/fi\/tuote\/miesten-avalino-tailor-fit-housut\/#primaryimage"},"image":{"@id":"https:\/\/simonjersey.eu\/fi\/tuote\/miesten-avalino-tailor-fit-housut\/#primaryimage"},"thumbnailUrl":"https:\/\/simonjersey.eu\/fi\/wp-content\/uploads\/sites\/3\/2022\/11\/Tailor-fit-housut-Light-Grey-700-x-1050-1.jpg","datePublished":"2022-11-07T13:25:32+00:00","dateModified":"2022-11-11T13:27:34+00:00","breadcrumb":{"@id":"https:\/\/simonjersey.eu\/fi\/tuote\/miesten-avalino-tailor-fit-housut\/#breadcrumb"},"inLanguage":"fi","potentialAction":[{"@type":"ReadAction","target":["https:\/\/simonjersey.eu\/fi\/tuote\/miesten-avalino-tailor-fit-housut\/"]}]},{"@type":"ImageObject","inLanguage":"fi","@id":"https:\/\/simonjersey.eu\/fi\/tuote\/miesten-avalino-tailor-fit-housut\/#primaryimage","url":"https:\/\/simonjersey.eu\/fi\/wp-content\/uploads\/sites\/3\/2022\/11\/Tailor-fit-housut-Light-Grey-700-x-1050-1.jpg","contentUrl":"https:\/\/simonjersey.eu\/fi\/wp-content\/uploads\/sites\/3\/2022\/11\/Tailor-fit-housut-Light-Grey-700-x-1050-1.jpg","width":700,"height":1050},{"@type":"BreadcrumbList","@id":"https:\/\/simonjersey.eu\/fi\/tuote\/miesten-avalino-tailor-fit-housut\/#breadcrumb","itemListElement":[{"@type":"ListItem","position":1,"name":"Home","item":"https:\/\/simonjersey.eu\/fi\/"},{"@type":"ListItem","position":2,"name":"Verkkokauppa","item":"https:\/\/simonjersey.eu\/fi\/kauppaan\/"},{"@type":"ListItem","position":3,"name":"Miesten \u201eAvalino\u201c Tailor fit housut"}]},{"@type":"WebSite","@id":"https:\/\/simonjersey.eu\/fi\/#website","url":"https:\/\/simonjersey.eu\/fi\/","name":"Simon Jersey Suomi","description":"Tyylikk\u00e4\u00e4t ja kest\u00e4v\u00e4t  ammattiasut","potentialAction":[{"@type":"SearchAction","target":{"@type":"EntryPoint","urlTemplate":"https:\/\/simonjersey.eu\/fi\/?s={search_term_string}"},"query-input":{"@type":"PropertyValueSpecification","valueRequired":true,"valueName":"search_term_string"}}],"inLanguage":"fi"}]}},"_links":{"self":[{"href":"https:\/\/simonjersey.eu\/fi\/wp-json\/wp\/v2\/product\/7237","targetHints":{"allow":["GET"]}}],"collection":[{"href":"https:\/\/simonjersey.eu\/fi\/wp-json\/wp\/v2\/product"}],"about":[{"href":"https:\/\/simonjersey.eu\/fi\/wp-json\/wp\/v2\/types\/product"}],"wp:featuredmedia":[{"embeddable":true,"href":"https:\/\/simonjersey.eu\/fi\/wp-json\/wp\/v2\/media\/7242"}],"wp:attachment":[{"href":"https:\/\/simonjersey.eu\/fi\/wp-json\/wp\/v2\/media?parent=7237"}],"wp:term":[{"taxonomy":"product_brand","embeddable":true,"href":"https:\/\/simonjersey.eu\/fi\/wp-json\/wp\/v2\/product_brand?post=7237"},{"taxonomy":"product_cat","embeddable":true,"href":"https:\/\/simonjersey.eu\/fi\/wp-json\/wp\/v2\/product_cat?post=7237"},{"taxonomy":"product_tag","embeddable":true,"href":"https:\/\/simonjersey.eu\/fi\/wp-json\/wp\/v2\/product_tag?post=7237"}],"curies":[{"name":"wp","href":"https:\/\/api.w.org\/{rel}","templated":true}]}}