{"id":7350,"date":"2022-12-22T09:53:13","date_gmt":"2022-12-22T09:53:13","guid":{"rendered":"https:\/\/simonjersey.eu\/fi\/?post_type=product&#038;p=7350"},"modified":"2024-01-25T12:15:09","modified_gmt":"2024-01-25T12:15:09","slug":"naisten-lyhyt-slim-fit-bleiseri-2","status":"publish","type":"product","link":"https:\/\/simonjersey.eu\/fi\/tuote\/naisten-lyhyt-slim-fit-bleiseri-2\/","title":{"rendered":"Naisten lyhyt slim fit bleiseri Ariel"},"content":{"rendered":"","protected":false},"excerpt":{"rendered":"<p>Yrityksille, jotka haluavat tarjota ty\u00f6ntekij\u00f6illeen tyylikk\u00e4\u00e4n ilmeen. T\u00e4m\u00e4 sarja sis\u00e4lt\u00e4\u00e4 moderneja pistekuvio kankaita kest\u00e4v\u00e4ll\u00e4 teflonpinnoitteella, joka tarjoaa t\u00e4ydellisen yhdistelm\u00e4n muotoa ja toimivuutta.<\/p>\n<p>Eclipse-mallistot tarjoaa trendej\u00e4, ajallaan ja budjetilla.<\/p>\n<p>T\u00e4m\u00e4n sarjan univormut sopivat ty\u00f6skentelyyn pankeissa, liikerakennuksissa, hotelleissa ja monissa muissa palveluteht\u00e4viss\u00e4.<\/p>\n<p>Ajaton yksirivinen jakku yhten napin kiinnityksell\u00e4. Muotoonommeltu, istuva ja malli, teremalliset etutaskut. Vuorillinen.<\/p>\n<p>Saatavana nelj\u00e4ss\u00e4 v\u00e4riss\u00e4, kaksi pituutta (regular, pitk\u00e4).<\/p>\n<p>Materiaali: 64% Kierr\u00e4tetty polyesteri, 44% viskoosi, 2% lycra. (330gm )<\/p>\n<p>Hoito: 40\u00b0 konepesu, helppohoitoinen.<\/p>\n<p>Kangas testattu Martindale-testij\u00e4rjestelm\u00e4ll\u00e4: &gt; 100 000 kulutusta kest\u00e4v\u00e4<\/p>\n<p>High level of stretch: 14%<\/p>\n<p>Koot (UK): 6-24.<\/p>\n","protected":false},"featured_media":7355,"template":"","meta":[],"product_brand":[],"product_cat":[430,51,24],"product_tag":[],"class_list":{"0":"post-7350","1":"product","2":"type-product","3":"status-publish","4":"has-post-thumbnail","6":"product_cat-tyylikas-eclipse","7":"product_cat-takit-ja-bleiserit","8":"product_cat-takit-ja-pikkutakit","10":"first","11":"instock","12":"taxable","13":"shipping-taxable","14":"purchasable","15":"product-type-variable","16":"has-default-attributes"},"yoast_head":"<!-- This site is optimized with the Yoast SEO plugin v27.2 - https:\/\/yoast.com\/product\/yoast-seo-wordpress\/ -->\n<title>Naisten lyhyt slim fit bleiseri Ariel - Simon Jersey Suomi<\/title>\n<meta name=\"robots\" content=\"index, follow, max-snippet:-1, max-image-preview:large, max-video-preview:-1\" \/>\n<link rel=\"canonical\" href=\"https:\/\/simonjersey.eu\/fi\/tuote\/naisten-lyhyt-slim-fit-bleiseri-2\/\" \/>\n<meta property=\"og:locale\" content=\"fi_FI\" \/>\n<meta property=\"og:type\" content=\"article\" \/>\n<meta property=\"og:title\" content=\"Naisten lyhyt slim fit bleiseri Ariel - Simon Jersey Suomi\" \/>\n<meta property=\"og:description\" content=\"Yrityksille, jotka haluavat tarjota ty\u00f6ntekij\u00f6illeen tyylikk\u00e4\u00e4n ilmeen. T\u00e4m\u00e4 sarja sis\u00e4lt\u00e4\u00e4 moderneja pistekuvio kankaita kest\u00e4v\u00e4ll\u00e4 teflonpinnoitteella, joka tarjoaa t\u00e4ydellisen yhdistelm\u00e4n muotoa ja toimivuutta.  Eclipse-mallistot tarjoaa trendej\u00e4, ajallaan ja budjetilla.  T\u00e4m\u00e4n sarjan univormut sopivat ty\u00f6skentelyyn pankeissa, liikerakennuksissa, hotelleissa ja monissa muissa palveluteht\u00e4viss\u00e4.  Ajaton yksirivinen jakku yhten napin kiinnityksell\u00e4. Muotoonommeltu, istuva ja malli, teremalliset etutaskut. Vuorillinen.  Saatavana nelj\u00e4ss\u00e4 v\u00e4riss\u00e4, kaksi pituutta (regular, pitk\u00e4).  Materiaali: 64% Kierr\u00e4tetty polyesteri, 44% viskoosi, 2% lycra. (330gm )  Hoito: 40\u00b0 konepesu, helppohoitoinen.  Kangas testattu Martindale-testij\u00e4rjestelm\u00e4ll\u00e4: &gt; 100 000 kulutusta kest\u00e4v\u00e4  High level of stretch: 14%  Koot (UK): 6-24.\" \/>\n<meta property=\"og:url\" content=\"https:\/\/simonjersey.eu\/fi\/tuote\/naisten-lyhyt-slim-fit-bleiseri-2\/\" \/>\n<meta property=\"og:site_name\" content=\"Simon Jersey Suomi\" \/>\n<meta property=\"article:modified_time\" content=\"2024-01-25T12:15:09+00:00\" \/>\n<meta property=\"og:image\" content=\"https:\/\/simonjersey.eu\/fi\/wp-content\/uploads\/sites\/3\/2022\/12\/Ariel-Jacket-Navy-Pin-Dot-Eclipse-.jpg\" \/>\n\t<meta property=\"og:image:width\" content=\"700\" \/>\n\t<meta property=\"og:image:height\" content=\"948\" \/>\n\t<meta property=\"og:image:type\" content=\"image\/jpeg\" \/>\n<meta name=\"twitter:card\" content=\"summary_large_image\" \/>\n<script type=\"application\/ld+json\" class=\"yoast-schema-graph\">{\"@context\":\"https:\/\/schema.org\",\"@graph\":[{\"@type\":\"WebPage\",\"@id\":\"https:\/\/simonjersey.eu\/fi\/tuote\/naisten-lyhyt-slim-fit-bleiseri-2\/\",\"url\":\"https:\/\/simonjersey.eu\/fi\/tuote\/naisten-lyhyt-slim-fit-bleiseri-2\/\",\"name\":\"Naisten lyhyt slim fit bleiseri Ariel - Simon Jersey Suomi\",\"isPartOf\":{\"@id\":\"https:\/\/simonjersey.eu\/fi\/#website\"},\"primaryImageOfPage\":{\"@id\":\"https:\/\/simonjersey.eu\/fi\/tuote\/naisten-lyhyt-slim-fit-bleiseri-2\/#primaryimage\"},\"image\":{\"@id\":\"https:\/\/simonjersey.eu\/fi\/tuote\/naisten-lyhyt-slim-fit-bleiseri-2\/#primaryimage\"},\"thumbnailUrl\":\"https:\/\/simonjersey.eu\/fi\/wp-content\/uploads\/sites\/3\/2022\/12\/Ariel-Jacket-Navy-Pin-Dot-Eclipse-.jpg\",\"datePublished\":\"2022-12-22T09:53:13+00:00\",\"dateModified\":\"2024-01-25T12:15:09+00:00\",\"breadcrumb\":{\"@id\":\"https:\/\/simonjersey.eu\/fi\/tuote\/naisten-lyhyt-slim-fit-bleiseri-2\/#breadcrumb\"},\"inLanguage\":\"fi\",\"potentialAction\":[{\"@type\":\"ReadAction\",\"target\":[\"https:\/\/simonjersey.eu\/fi\/tuote\/naisten-lyhyt-slim-fit-bleiseri-2\/\"]}]},{\"@type\":\"ImageObject\",\"inLanguage\":\"fi\",\"@id\":\"https:\/\/simonjersey.eu\/fi\/tuote\/naisten-lyhyt-slim-fit-bleiseri-2\/#primaryimage\",\"url\":\"https:\/\/simonjersey.eu\/fi\/wp-content\/uploads\/sites\/3\/2022\/12\/Ariel-Jacket-Navy-Pin-Dot-Eclipse-.jpg\",\"contentUrl\":\"https:\/\/simonjersey.eu\/fi\/wp-content\/uploads\/sites\/3\/2022\/12\/Ariel-Jacket-Navy-Pin-Dot-Eclipse-.jpg\",\"width\":700,\"height\":948},{\"@type\":\"BreadcrumbList\",\"@id\":\"https:\/\/simonjersey.eu\/fi\/tuote\/naisten-lyhyt-slim-fit-bleiseri-2\/#breadcrumb\",\"itemListElement\":[{\"@type\":\"ListItem\",\"position\":1,\"name\":\"Home\",\"item\":\"https:\/\/simonjersey.eu\/fi\/\"},{\"@type\":\"ListItem\",\"position\":2,\"name\":\"Verkkokauppa\",\"item\":\"https:\/\/simonjersey.eu\/fi\/kauppaan\/\"},{\"@type\":\"ListItem\",\"position\":3,\"name\":\"Naisten lyhyt slim fit bleiseri Ariel\"}]},{\"@type\":\"WebSite\",\"@id\":\"https:\/\/simonjersey.eu\/fi\/#website\",\"url\":\"https:\/\/simonjersey.eu\/fi\/\",\"name\":\"Simon Jersey Suomi\",\"description\":\"Tyylikk\u00e4\u00e4t ja kest\u00e4v\u00e4t  ammattiasut\",\"potentialAction\":[{\"@type\":\"SearchAction\",\"target\":{\"@type\":\"EntryPoint\",\"urlTemplate\":\"https:\/\/simonjersey.eu\/fi\/?s={search_term_string}\"},\"query-input\":{\"@type\":\"PropertyValueSpecification\",\"valueRequired\":true,\"valueName\":\"search_term_string\"}}],\"inLanguage\":\"fi\"}]}<\/script>\n<!-- \/ Yoast SEO plugin. -->","yoast_head_json":{"title":"Naisten lyhyt slim fit bleiseri Ariel - Simon Jersey Suomi","robots":{"index":"index","follow":"follow","max-snippet":"max-snippet:-1","max-image-preview":"max-image-preview:large","max-video-preview":"max-video-preview:-1"},"canonical":"https:\/\/simonjersey.eu\/fi\/tuote\/naisten-lyhyt-slim-fit-bleiseri-2\/","og_locale":"fi_FI","og_type":"article","og_title":"Naisten lyhyt slim fit bleiseri Ariel - Simon Jersey Suomi","og_description":"Yrityksille, jotka haluavat tarjota ty\u00f6ntekij\u00f6illeen tyylikk\u00e4\u00e4n ilmeen. T\u00e4m\u00e4 sarja sis\u00e4lt\u00e4\u00e4 moderneja pistekuvio kankaita kest\u00e4v\u00e4ll\u00e4 teflonpinnoitteella, joka tarjoaa t\u00e4ydellisen yhdistelm\u00e4n muotoa ja toimivuutta.  Eclipse-mallistot tarjoaa trendej\u00e4, ajallaan ja budjetilla.  T\u00e4m\u00e4n sarjan univormut sopivat ty\u00f6skentelyyn pankeissa, liikerakennuksissa, hotelleissa ja monissa muissa palveluteht\u00e4viss\u00e4.  Ajaton yksirivinen jakku yhten napin kiinnityksell\u00e4. Muotoonommeltu, istuva ja malli, teremalliset etutaskut. Vuorillinen.  Saatavana nelj\u00e4ss\u00e4 v\u00e4riss\u00e4, kaksi pituutta (regular, pitk\u00e4).  Materiaali: 64% Kierr\u00e4tetty polyesteri, 44% viskoosi, 2% lycra. (330gm )  Hoito: 40\u00b0 konepesu, helppohoitoinen.  Kangas testattu Martindale-testij\u00e4rjestelm\u00e4ll\u00e4: &gt; 100 000 kulutusta kest\u00e4v\u00e4  High level of stretch: 14%  Koot (UK): 6-24.","og_url":"https:\/\/simonjersey.eu\/fi\/tuote\/naisten-lyhyt-slim-fit-bleiseri-2\/","og_site_name":"Simon Jersey Suomi","article_modified_time":"2024-01-25T12:15:09+00:00","og_image":[{"width":700,"height":948,"url":"https:\/\/simonjersey.eu\/fi\/wp-content\/uploads\/sites\/3\/2022\/12\/Ariel-Jacket-Navy-Pin-Dot-Eclipse-.jpg","type":"image\/jpeg"}],"twitter_card":"summary_large_image","schema":{"@context":"https:\/\/schema.org","@graph":[{"@type":"WebPage","@id":"https:\/\/simonjersey.eu\/fi\/tuote\/naisten-lyhyt-slim-fit-bleiseri-2\/","url":"https:\/\/simonjersey.eu\/fi\/tuote\/naisten-lyhyt-slim-fit-bleiseri-2\/","name":"Naisten lyhyt slim fit bleiseri Ariel - Simon Jersey Suomi","isPartOf":{"@id":"https:\/\/simonjersey.eu\/fi\/#website"},"primaryImageOfPage":{"@id":"https:\/\/simonjersey.eu\/fi\/tuote\/naisten-lyhyt-slim-fit-bleiseri-2\/#primaryimage"},"image":{"@id":"https:\/\/simonjersey.eu\/fi\/tuote\/naisten-lyhyt-slim-fit-bleiseri-2\/#primaryimage"},"thumbnailUrl":"https:\/\/simonjersey.eu\/fi\/wp-content\/uploads\/sites\/3\/2022\/12\/Ariel-Jacket-Navy-Pin-Dot-Eclipse-.jpg","datePublished":"2022-12-22T09:53:13+00:00","dateModified":"2024-01-25T12:15:09+00:00","breadcrumb":{"@id":"https:\/\/simonjersey.eu\/fi\/tuote\/naisten-lyhyt-slim-fit-bleiseri-2\/#breadcrumb"},"inLanguage":"fi","potentialAction":[{"@type":"ReadAction","target":["https:\/\/simonjersey.eu\/fi\/tuote\/naisten-lyhyt-slim-fit-bleiseri-2\/"]}]},{"@type":"ImageObject","inLanguage":"fi","@id":"https:\/\/simonjersey.eu\/fi\/tuote\/naisten-lyhyt-slim-fit-bleiseri-2\/#primaryimage","url":"https:\/\/simonjersey.eu\/fi\/wp-content\/uploads\/sites\/3\/2022\/12\/Ariel-Jacket-Navy-Pin-Dot-Eclipse-.jpg","contentUrl":"https:\/\/simonjersey.eu\/fi\/wp-content\/uploads\/sites\/3\/2022\/12\/Ariel-Jacket-Navy-Pin-Dot-Eclipse-.jpg","width":700,"height":948},{"@type":"BreadcrumbList","@id":"https:\/\/simonjersey.eu\/fi\/tuote\/naisten-lyhyt-slim-fit-bleiseri-2\/#breadcrumb","itemListElement":[{"@type":"ListItem","position":1,"name":"Home","item":"https:\/\/simonjersey.eu\/fi\/"},{"@type":"ListItem","position":2,"name":"Verkkokauppa","item":"https:\/\/simonjersey.eu\/fi\/kauppaan\/"},{"@type":"ListItem","position":3,"name":"Naisten lyhyt slim fit bleiseri Ariel"}]},{"@type":"WebSite","@id":"https:\/\/simonjersey.eu\/fi\/#website","url":"https:\/\/simonjersey.eu\/fi\/","name":"Simon Jersey Suomi","description":"Tyylikk\u00e4\u00e4t ja kest\u00e4v\u00e4t  ammattiasut","potentialAction":[{"@type":"SearchAction","target":{"@type":"EntryPoint","urlTemplate":"https:\/\/simonjersey.eu\/fi\/?s={search_term_string}"},"query-input":{"@type":"PropertyValueSpecification","valueRequired":true,"valueName":"search_term_string"}}],"inLanguage":"fi"}]}},"_links":{"self":[{"href":"https:\/\/simonjersey.eu\/fi\/wp-json\/wp\/v2\/product\/7350","targetHints":{"allow":["GET"]}}],"collection":[{"href":"https:\/\/simonjersey.eu\/fi\/wp-json\/wp\/v2\/product"}],"about":[{"href":"https:\/\/simonjersey.eu\/fi\/wp-json\/wp\/v2\/types\/product"}],"wp:featuredmedia":[{"embeddable":true,"href":"https:\/\/simonjersey.eu\/fi\/wp-json\/wp\/v2\/media\/7355"}],"wp:attachment":[{"href":"https:\/\/simonjersey.eu\/fi\/wp-json\/wp\/v2\/media?parent=7350"}],"wp:term":[{"taxonomy":"product_brand","embeddable":true,"href":"https:\/\/simonjersey.eu\/fi\/wp-json\/wp\/v2\/product_brand?post=7350"},{"taxonomy":"product_cat","embeddable":true,"href":"https:\/\/simonjersey.eu\/fi\/wp-json\/wp\/v2\/product_cat?post=7350"},{"taxonomy":"product_tag","embeddable":true,"href":"https:\/\/simonjersey.eu\/fi\/wp-json\/wp\/v2\/product_tag?post=7350"}],"curies":[{"name":"wp","href":"https:\/\/api.w.org\/{rel}","templated":true}]}}