{"id":7383,"date":"2023-01-02T09:16:21","date_gmt":"2023-01-02T09:16:21","guid":{"rendered":"https:\/\/simonjersey.eu\/fi\/?post_type=product&#038;p=7383"},"modified":"2025-01-23T10:46:48","modified_gmt":"2025-01-23T10:46:48","slug":"portia-mekko-kierratysmateriaalista","status":"publish","type":"product","link":"https:\/\/simonjersey.eu\/fi\/tuote\/portia-mekko-kierratysmateriaalista\/","title":{"rendered":"Portia mekko kierr\u00e4tysmateriaalista"},"content":{"rendered":"","protected":false},"excerpt":{"rendered":"<p><strong>Kierr\u00e4tetyt tuotteet ovat ekologinen valinta, ja valinnanvaraa l\u00f6ytyy<\/strong><strong> t\u00e4st\u00e4.<\/strong><\/p>\n<p>Kierr\u00e4tetty polyesteri on synteettinen materiaali, joka on valmistettu j\u00e4tetuotteista kuten kierr\u00e4tetyist\u00e4 muovipulloista, k\u00e4ytetyist\u00e4 ja kierr\u00e4tetyist\u00e4 tekstiileist\u00e4 sek\u00e4 teollisuuden ylij\u00e4\u00e4m\u00e4materiaaleista. Kierr\u00e4tyspolyesteri on ominaisuuksiltaan t\u00e4ysin uuden polyesterin veroista.<\/p>\n<p>Vaihtomekko, jossa prinsessasauma ja hieman V-p\u00e4\u00e4ntie, lyhythihainen, keskiaukko, joustava vuori, koristeelliset saumat sivuilla korostavat vy\u00f6t\u00e4r\u00f6\u00e4.<\/p>\n<p>Materiaali: 64% Kierr\u00e4tetty polyesteri, 44% viskoosi, 2% lycra. (330gm )<\/p>\n<p>Hoito: 40\u00b0 konepesu, helppohoitoinen.<\/p>\n<p>Kangas testattu Martindale-testij\u00e4rjestelm\u00e4ll\u00e4: &gt; 100 000 kulutusta kest\u00e4v\u00e4<\/p>\n<p>High level of stretch: 14%<\/p>\n<p>Koot (UK): 6-24.<\/p>\n<p>6-24 &#8211; regular<br \/>\n8-16 &#8211; long<br \/>\nKoon 12Regular pituus 97cm.<\/p>\n<p>Koon 12Long pituus 104,5 cm<\/p>\n","protected":false},"featured_media":7387,"template":"","meta":[],"product_brand":[],"product_cat":[430,36,37,41,52,56,68,75,19],"product_tag":[],"class_list":{"0":"post-7383","1":"product","2":"type-product","3":"status-publish","4":"has-post-thumbnail","6":"product_cat-tyylikas-eclipse","7":"product_cat-kauneus-spa","8":"product_cat-mekot","9":"product_cat-ravintola-kahvila","10":"product_cat-hamet-ja-mekot-ravintola-kahvila","11":"product_cat-hotelli-palveluammatit","12":"product_cat-pukujen-mallistot-hotelli-ja-palveluammatit","13":"product_cat-business-toimisto","14":"product_cat-hamet-ja-mekot","16":"first","17":"instock","18":"taxable","19":"shipping-taxable","20":"purchasable","21":"product-type-variable","22":"has-default-attributes"},"yoast_head":"<!-- This site is optimized with the Yoast SEO plugin v27.2 - https:\/\/yoast.com\/product\/yoast-seo-wordpress\/ -->\n<title>Portia mekko kierr\u00e4tysmateriaalista - Simon Jersey Suomi<\/title>\n<meta name=\"robots\" content=\"index, follow, max-snippet:-1, max-image-preview:large, max-video-preview:-1\" \/>\n<link rel=\"canonical\" href=\"https:\/\/simonjersey.eu\/fi\/tuote\/portia-mekko-kierratysmateriaalista\/\" \/>\n<meta property=\"og:locale\" content=\"fi_FI\" \/>\n<meta property=\"og:type\" content=\"article\" \/>\n<meta property=\"og:title\" content=\"Portia mekko kierr\u00e4tysmateriaalista - Simon Jersey Suomi\" \/>\n<meta property=\"og:description\" content=\"Kierr\u00e4tetyt tuotteet ovat ekologinen valinta, ja valinnanvaraa l\u00f6ytyy t\u00e4st\u00e4.  Kierr\u00e4tetty polyesteri on synteettinen materiaali, joka on valmistettu j\u00e4tetuotteista kuten kierr\u00e4tetyist\u00e4 muovipulloista, k\u00e4ytetyist\u00e4 ja kierr\u00e4tetyist\u00e4 tekstiileist\u00e4 sek\u00e4 teollisuuden ylij\u00e4\u00e4m\u00e4materiaaleista. Kierr\u00e4tyspolyesteri on ominaisuuksiltaan t\u00e4ysin uuden polyesterin veroista.  Vaihtomekko, jossa prinsessasauma ja hieman V-p\u00e4\u00e4ntie, lyhythihainen, keskiaukko, joustava vuori, koristeelliset saumat sivuilla korostavat vy\u00f6t\u00e4r\u00f6\u00e4.  Materiaali: 64% Kierr\u00e4tetty polyesteri, 44% viskoosi, 2% lycra. (330gm )  Hoito: 40\u00b0 konepesu, helppohoitoinen.  Kangas testattu Martindale-testij\u00e4rjestelm\u00e4ll\u00e4: &gt; 100 000 kulutusta kest\u00e4v\u00e4  High level of stretch: 14%  Koot (UK): 6-24.  6-24 - regular 8-16 - long Koon 12Regular pituus 97cm.  Koon 12Long pituus 104,5 cm\" \/>\n<meta property=\"og:url\" content=\"https:\/\/simonjersey.eu\/fi\/tuote\/portia-mekko-kierratysmateriaalista\/\" \/>\n<meta property=\"og:site_name\" content=\"Simon Jersey Suomi\" \/>\n<meta property=\"article:modified_time\" content=\"2025-01-23T10:46:48+00:00\" \/>\n<meta property=\"og:image\" content=\"https:\/\/simonjersey.eu\/fi\/wp-content\/uploads\/sites\/3\/2023\/01\/Portia-Dress-Navy-Eclipse-700-x-994-1.jpg\" \/>\n\t<meta property=\"og:image:width\" content=\"700\" \/>\n\t<meta property=\"og:image:height\" content=\"994\" \/>\n\t<meta property=\"og:image:type\" content=\"image\/jpeg\" \/>\n<meta name=\"twitter:card\" content=\"summary_large_image\" \/>\n<meta name=\"twitter:label1\" content=\"Arvioitu lukuaika\" \/>\n\t<meta name=\"twitter:data1\" content=\"1 minuutti\" \/>\n<script type=\"application\/ld+json\" class=\"yoast-schema-graph\">{\"@context\":\"https:\/\/schema.org\",\"@graph\":[{\"@type\":\"WebPage\",\"@id\":\"https:\/\/simonjersey.eu\/fi\/tuote\/portia-mekko-kierratysmateriaalista\/\",\"url\":\"https:\/\/simonjersey.eu\/fi\/tuote\/portia-mekko-kierratysmateriaalista\/\",\"name\":\"Portia mekko kierr\u00e4tysmateriaalista - Simon Jersey Suomi\",\"isPartOf\":{\"@id\":\"https:\/\/simonjersey.eu\/fi\/#website\"},\"primaryImageOfPage\":{\"@id\":\"https:\/\/simonjersey.eu\/fi\/tuote\/portia-mekko-kierratysmateriaalista\/#primaryimage\"},\"image\":{\"@id\":\"https:\/\/simonjersey.eu\/fi\/tuote\/portia-mekko-kierratysmateriaalista\/#primaryimage\"},\"thumbnailUrl\":\"https:\/\/simonjersey.eu\/fi\/wp-content\/uploads\/sites\/3\/2023\/01\/Portia-Dress-Navy-Eclipse-700-x-994-1.jpg\",\"datePublished\":\"2023-01-02T09:16:21+00:00\",\"dateModified\":\"2025-01-23T10:46:48+00:00\",\"breadcrumb\":{\"@id\":\"https:\/\/simonjersey.eu\/fi\/tuote\/portia-mekko-kierratysmateriaalista\/#breadcrumb\"},\"inLanguage\":\"fi\",\"potentialAction\":[{\"@type\":\"ReadAction\",\"target\":[\"https:\/\/simonjersey.eu\/fi\/tuote\/portia-mekko-kierratysmateriaalista\/\"]}]},{\"@type\":\"ImageObject\",\"inLanguage\":\"fi\",\"@id\":\"https:\/\/simonjersey.eu\/fi\/tuote\/portia-mekko-kierratysmateriaalista\/#primaryimage\",\"url\":\"https:\/\/simonjersey.eu\/fi\/wp-content\/uploads\/sites\/3\/2023\/01\/Portia-Dress-Navy-Eclipse-700-x-994-1.jpg\",\"contentUrl\":\"https:\/\/simonjersey.eu\/fi\/wp-content\/uploads\/sites\/3\/2023\/01\/Portia-Dress-Navy-Eclipse-700-x-994-1.jpg\",\"width\":700,\"height\":994},{\"@type\":\"BreadcrumbList\",\"@id\":\"https:\/\/simonjersey.eu\/fi\/tuote\/portia-mekko-kierratysmateriaalista\/#breadcrumb\",\"itemListElement\":[{\"@type\":\"ListItem\",\"position\":1,\"name\":\"Home\",\"item\":\"https:\/\/simonjersey.eu\/fi\/\"},{\"@type\":\"ListItem\",\"position\":2,\"name\":\"Verkkokauppa\",\"item\":\"https:\/\/simonjersey.eu\/fi\/kauppaan\/\"},{\"@type\":\"ListItem\",\"position\":3,\"name\":\"Portia mekko kierr\u00e4tysmateriaalista\"}]},{\"@type\":\"WebSite\",\"@id\":\"https:\/\/simonjersey.eu\/fi\/#website\",\"url\":\"https:\/\/simonjersey.eu\/fi\/\",\"name\":\"Simon Jersey Suomi\",\"description\":\"Tyylikk\u00e4\u00e4t ja kest\u00e4v\u00e4t  ammattiasut\",\"potentialAction\":[{\"@type\":\"SearchAction\",\"target\":{\"@type\":\"EntryPoint\",\"urlTemplate\":\"https:\/\/simonjersey.eu\/fi\/?s={search_term_string}\"},\"query-input\":{\"@type\":\"PropertyValueSpecification\",\"valueRequired\":true,\"valueName\":\"search_term_string\"}}],\"inLanguage\":\"fi\"}]}<\/script>\n<!-- \/ Yoast SEO plugin. -->","yoast_head_json":{"title":"Portia mekko kierr\u00e4tysmateriaalista - Simon Jersey Suomi","robots":{"index":"index","follow":"follow","max-snippet":"max-snippet:-1","max-image-preview":"max-image-preview:large","max-video-preview":"max-video-preview:-1"},"canonical":"https:\/\/simonjersey.eu\/fi\/tuote\/portia-mekko-kierratysmateriaalista\/","og_locale":"fi_FI","og_type":"article","og_title":"Portia mekko kierr\u00e4tysmateriaalista - Simon Jersey Suomi","og_description":"Kierr\u00e4tetyt tuotteet ovat ekologinen valinta, ja valinnanvaraa l\u00f6ytyy t\u00e4st\u00e4.  Kierr\u00e4tetty polyesteri on synteettinen materiaali, joka on valmistettu j\u00e4tetuotteista kuten kierr\u00e4tetyist\u00e4 muovipulloista, k\u00e4ytetyist\u00e4 ja kierr\u00e4tetyist\u00e4 tekstiileist\u00e4 sek\u00e4 teollisuuden ylij\u00e4\u00e4m\u00e4materiaaleista. Kierr\u00e4tyspolyesteri on ominaisuuksiltaan t\u00e4ysin uuden polyesterin veroista.  Vaihtomekko, jossa prinsessasauma ja hieman V-p\u00e4\u00e4ntie, lyhythihainen, keskiaukko, joustava vuori, koristeelliset saumat sivuilla korostavat vy\u00f6t\u00e4r\u00f6\u00e4.  Materiaali: 64% Kierr\u00e4tetty polyesteri, 44% viskoosi, 2% lycra. (330gm )  Hoito: 40\u00b0 konepesu, helppohoitoinen.  Kangas testattu Martindale-testij\u00e4rjestelm\u00e4ll\u00e4: &gt; 100 000 kulutusta kest\u00e4v\u00e4  High level of stretch: 14%  Koot (UK): 6-24.  6-24 - regular 8-16 - long Koon 12Regular pituus 97cm.  Koon 12Long pituus 104,5 cm","og_url":"https:\/\/simonjersey.eu\/fi\/tuote\/portia-mekko-kierratysmateriaalista\/","og_site_name":"Simon Jersey Suomi","article_modified_time":"2025-01-23T10:46:48+00:00","og_image":[{"width":700,"height":994,"url":"https:\/\/simonjersey.eu\/fi\/wp-content\/uploads\/sites\/3\/2023\/01\/Portia-Dress-Navy-Eclipse-700-x-994-1.jpg","type":"image\/jpeg"}],"twitter_card":"summary_large_image","twitter_misc":{"Arvioitu lukuaika":"1 minuutti"},"schema":{"@context":"https:\/\/schema.org","@graph":[{"@type":"WebPage","@id":"https:\/\/simonjersey.eu\/fi\/tuote\/portia-mekko-kierratysmateriaalista\/","url":"https:\/\/simonjersey.eu\/fi\/tuote\/portia-mekko-kierratysmateriaalista\/","name":"Portia mekko kierr\u00e4tysmateriaalista - Simon Jersey Suomi","isPartOf":{"@id":"https:\/\/simonjersey.eu\/fi\/#website"},"primaryImageOfPage":{"@id":"https:\/\/simonjersey.eu\/fi\/tuote\/portia-mekko-kierratysmateriaalista\/#primaryimage"},"image":{"@id":"https:\/\/simonjersey.eu\/fi\/tuote\/portia-mekko-kierratysmateriaalista\/#primaryimage"},"thumbnailUrl":"https:\/\/simonjersey.eu\/fi\/wp-content\/uploads\/sites\/3\/2023\/01\/Portia-Dress-Navy-Eclipse-700-x-994-1.jpg","datePublished":"2023-01-02T09:16:21+00:00","dateModified":"2025-01-23T10:46:48+00:00","breadcrumb":{"@id":"https:\/\/simonjersey.eu\/fi\/tuote\/portia-mekko-kierratysmateriaalista\/#breadcrumb"},"inLanguage":"fi","potentialAction":[{"@type":"ReadAction","target":["https:\/\/simonjersey.eu\/fi\/tuote\/portia-mekko-kierratysmateriaalista\/"]}]},{"@type":"ImageObject","inLanguage":"fi","@id":"https:\/\/simonjersey.eu\/fi\/tuote\/portia-mekko-kierratysmateriaalista\/#primaryimage","url":"https:\/\/simonjersey.eu\/fi\/wp-content\/uploads\/sites\/3\/2023\/01\/Portia-Dress-Navy-Eclipse-700-x-994-1.jpg","contentUrl":"https:\/\/simonjersey.eu\/fi\/wp-content\/uploads\/sites\/3\/2023\/01\/Portia-Dress-Navy-Eclipse-700-x-994-1.jpg","width":700,"height":994},{"@type":"BreadcrumbList","@id":"https:\/\/simonjersey.eu\/fi\/tuote\/portia-mekko-kierratysmateriaalista\/#breadcrumb","itemListElement":[{"@type":"ListItem","position":1,"name":"Home","item":"https:\/\/simonjersey.eu\/fi\/"},{"@type":"ListItem","position":2,"name":"Verkkokauppa","item":"https:\/\/simonjersey.eu\/fi\/kauppaan\/"},{"@type":"ListItem","position":3,"name":"Portia mekko kierr\u00e4tysmateriaalista"}]},{"@type":"WebSite","@id":"https:\/\/simonjersey.eu\/fi\/#website","url":"https:\/\/simonjersey.eu\/fi\/","name":"Simon Jersey Suomi","description":"Tyylikk\u00e4\u00e4t ja kest\u00e4v\u00e4t  ammattiasut","potentialAction":[{"@type":"SearchAction","target":{"@type":"EntryPoint","urlTemplate":"https:\/\/simonjersey.eu\/fi\/?s={search_term_string}"},"query-input":{"@type":"PropertyValueSpecification","valueRequired":true,"valueName":"search_term_string"}}],"inLanguage":"fi"}]}},"_links":{"self":[{"href":"https:\/\/simonjersey.eu\/fi\/wp-json\/wp\/v2\/product\/7383","targetHints":{"allow":["GET"]}}],"collection":[{"href":"https:\/\/simonjersey.eu\/fi\/wp-json\/wp\/v2\/product"}],"about":[{"href":"https:\/\/simonjersey.eu\/fi\/wp-json\/wp\/v2\/types\/product"}],"wp:featuredmedia":[{"embeddable":true,"href":"https:\/\/simonjersey.eu\/fi\/wp-json\/wp\/v2\/media\/7387"}],"wp:attachment":[{"href":"https:\/\/simonjersey.eu\/fi\/wp-json\/wp\/v2\/media?parent=7383"}],"wp:term":[{"taxonomy":"product_brand","embeddable":true,"href":"https:\/\/simonjersey.eu\/fi\/wp-json\/wp\/v2\/product_brand?post=7383"},{"taxonomy":"product_cat","embeddable":true,"href":"https:\/\/simonjersey.eu\/fi\/wp-json\/wp\/v2\/product_cat?post=7383"},{"taxonomy":"product_tag","embeddable":true,"href":"https:\/\/simonjersey.eu\/fi\/wp-json\/wp\/v2\/product_tag?post=7383"}],"curies":[{"name":"wp","href":"https:\/\/api.w.org\/{rel}","templated":true}]}}