{"id":7413,"date":"2023-01-02T11:08:42","date_gmt":"2023-01-02T11:08:42","guid":{"rendered":"https:\/\/simonjersey.eu\/fi\/?post_type=product&#038;p=7413"},"modified":"2024-11-11T10:16:14","modified_gmt":"2024-11-11T10:16:14","slug":"miesten-slim-fit-puvuntakki-pegasus","status":"publish","type":"product","link":"https:\/\/simonjersey.eu\/fi\/tuote\/miesten-slim-fit-puvuntakki-pegasus\/","title":{"rendered":"Miesten slim fit puvuntakki Pegasus"},"content":{"rendered":"","protected":false},"excerpt":{"rendered":"<p>Kierr\u00e4tetty polyesteri on synteettinen materiaali, joka on valmistettu j\u00e4tetuotteista kuten kierr\u00e4tetyist\u00e4 muovipulloista, k\u00e4ytetyist\u00e4 ja kierr\u00e4tetyist\u00e4 tekstiileist\u00e4 sek\u00e4 teollisuuden ylij\u00e4\u00e4m\u00e4materiaaleista. Kierr\u00e4tyspolyesteri on ominaisuuksiltaan t\u00e4ysin uuden polyesterin veroista.<\/p>\n<p>Vuorattu miesten slim fit puku yhdell\u00e4 napilla, l\u00e4p\u00e4lliset taskut, sis\u00e4tasku. Kaksi halkiota takana. Saatavana kaksi pituutta (tavallinen, pitk\u00e4)<\/p>\n<p>Materiaali: 64% Kierr\u00e4tetty polyesteri, 44% viskoosi, 2% lycra. (330gm )<\/p>\n<p>Hoito: 40\u00b0 konepesu, helppohoitoinen.<\/p>\n<p>Kangas testattu Martindale-testij\u00e4rjestelm\u00e4ll\u00e4: &gt; 100 000 kulutusta kest\u00e4v\u00e4<\/p>\n<p>High level of stretch: 14%<\/p>\n<p>Koot (UK):34-46.( reg, long)<\/p>\n<p>Centre Back Length: Regular at size 40 \u2013 75cm<\/p>\n<p>Centre Back Length: Long at size 40 \u2013 78cm<\/p>\n","protected":false},"featured_media":7415,"template":"","meta":[],"product_brand":[],"product_cat":[430,41,51,56,68,75,24,21],"product_tag":[],"class_list":{"0":"post-7413","1":"product","2":"type-product","3":"status-publish","4":"has-post-thumbnail","6":"product_cat-tyylikas-eclipse","7":"product_cat-ravintola-kahvila","8":"product_cat-takit-ja-bleiserit","9":"product_cat-hotelli-palveluammatit","10":"product_cat-pukujen-mallistot-hotelli-ja-palveluammatit","11":"product_cat-business-toimisto","12":"product_cat-takit-ja-pikkutakit","13":"product_cat-pukujen-mallistot","15":"first","16":"instock","17":"taxable","18":"shipping-taxable","19":"purchasable","20":"product-type-variable","21":"has-default-attributes"},"yoast_head":"<!-- This site is optimized with the Yoast SEO plugin v27.2 - https:\/\/yoast.com\/product\/yoast-seo-wordpress\/ -->\n<title>Miesten slim fit puvuntakki Pegasus - Simon Jersey Suomi<\/title>\n<meta name=\"robots\" content=\"index, follow, max-snippet:-1, max-image-preview:large, max-video-preview:-1\" \/>\n<link rel=\"canonical\" href=\"https:\/\/simonjersey.eu\/fi\/tuote\/miesten-slim-fit-puvuntakki-pegasus\/\" \/>\n<meta property=\"og:locale\" content=\"fi_FI\" \/>\n<meta property=\"og:type\" content=\"article\" \/>\n<meta property=\"og:title\" content=\"Miesten slim fit puvuntakki Pegasus - Simon Jersey Suomi\" \/>\n<meta property=\"og:description\" content=\"Kierr\u00e4tetty polyesteri on synteettinen materiaali, joka on valmistettu j\u00e4tetuotteista kuten kierr\u00e4tetyist\u00e4 muovipulloista, k\u00e4ytetyist\u00e4 ja kierr\u00e4tetyist\u00e4 tekstiileist\u00e4 sek\u00e4 teollisuuden ylij\u00e4\u00e4m\u00e4materiaaleista. Kierr\u00e4tyspolyesteri on ominaisuuksiltaan t\u00e4ysin uuden polyesterin veroista.  Vuorattu miesten slim fit puku yhdell\u00e4 napilla, l\u00e4p\u00e4lliset taskut, sis\u00e4tasku. Kaksi halkiota takana. Saatavana kaksi pituutta (tavallinen, pitk\u00e4)  Materiaali: 64% Kierr\u00e4tetty polyesteri, 44% viskoosi, 2% lycra. (330gm )  Hoito: 40\u00b0 konepesu, helppohoitoinen.  Kangas testattu Martindale-testij\u00e4rjestelm\u00e4ll\u00e4: &gt; 100 000 kulutusta kest\u00e4v\u00e4  High level of stretch: 14%  Koot (UK):34-46.( reg, long)  Centre Back Length: Regular at size 40 \u2013 75cm  Centre Back Length: Long at size 40 \u2013 78cm\" \/>\n<meta property=\"og:url\" content=\"https:\/\/simonjersey.eu\/fi\/tuote\/miesten-slim-fit-puvuntakki-pegasus\/\" \/>\n<meta property=\"og:site_name\" content=\"Simon Jersey Suomi\" \/>\n<meta property=\"article:modified_time\" content=\"2024-11-11T10:16:14+00:00\" \/>\n<meta property=\"og:image\" content=\"https:\/\/simonjersey.eu\/fi\/wp-content\/uploads\/sites\/3\/2023\/01\/Emilio-Waistcoat-Green-Check-Pegasus-Trouser-Navy-Pegasus-Jacket-Navy-700-x-1050-1.jpg\" \/>\n\t<meta property=\"og:image:width\" content=\"700\" \/>\n\t<meta property=\"og:image:height\" content=\"1050\" \/>\n\t<meta property=\"og:image:type\" content=\"image\/jpeg\" \/>\n<meta name=\"twitter:card\" content=\"summary_large_image\" \/>\n<meta name=\"twitter:label1\" content=\"Arvioitu lukuaika\" \/>\n\t<meta name=\"twitter:data1\" content=\"1 minuutti\" \/>\n<script type=\"application\/ld+json\" class=\"yoast-schema-graph\">{\"@context\":\"https:\/\/schema.org\",\"@graph\":[{\"@type\":\"WebPage\",\"@id\":\"https:\/\/simonjersey.eu\/fi\/tuote\/miesten-slim-fit-puvuntakki-pegasus\/\",\"url\":\"https:\/\/simonjersey.eu\/fi\/tuote\/miesten-slim-fit-puvuntakki-pegasus\/\",\"name\":\"Miesten slim fit puvuntakki Pegasus - Simon Jersey Suomi\",\"isPartOf\":{\"@id\":\"https:\/\/simonjersey.eu\/fi\/#website\"},\"primaryImageOfPage\":{\"@id\":\"https:\/\/simonjersey.eu\/fi\/tuote\/miesten-slim-fit-puvuntakki-pegasus\/#primaryimage\"},\"image\":{\"@id\":\"https:\/\/simonjersey.eu\/fi\/tuote\/miesten-slim-fit-puvuntakki-pegasus\/#primaryimage\"},\"thumbnailUrl\":\"https:\/\/simonjersey.eu\/fi\/wp-content\/uploads\/sites\/3\/2023\/01\/Emilio-Waistcoat-Green-Check-Pegasus-Trouser-Navy-Pegasus-Jacket-Navy-700-x-1050-1.jpg\",\"datePublished\":\"2023-01-02T11:08:42+00:00\",\"dateModified\":\"2024-11-11T10:16:14+00:00\",\"breadcrumb\":{\"@id\":\"https:\/\/simonjersey.eu\/fi\/tuote\/miesten-slim-fit-puvuntakki-pegasus\/#breadcrumb\"},\"inLanguage\":\"fi\",\"potentialAction\":[{\"@type\":\"ReadAction\",\"target\":[\"https:\/\/simonjersey.eu\/fi\/tuote\/miesten-slim-fit-puvuntakki-pegasus\/\"]}]},{\"@type\":\"ImageObject\",\"inLanguage\":\"fi\",\"@id\":\"https:\/\/simonjersey.eu\/fi\/tuote\/miesten-slim-fit-puvuntakki-pegasus\/#primaryimage\",\"url\":\"https:\/\/simonjersey.eu\/fi\/wp-content\/uploads\/sites\/3\/2023\/01\/Emilio-Waistcoat-Green-Check-Pegasus-Trouser-Navy-Pegasus-Jacket-Navy-700-x-1050-1.jpg\",\"contentUrl\":\"https:\/\/simonjersey.eu\/fi\/wp-content\/uploads\/sites\/3\/2023\/01\/Emilio-Waistcoat-Green-Check-Pegasus-Trouser-Navy-Pegasus-Jacket-Navy-700-x-1050-1.jpg\",\"width\":700,\"height\":1050},{\"@type\":\"BreadcrumbList\",\"@id\":\"https:\/\/simonjersey.eu\/fi\/tuote\/miesten-slim-fit-puvuntakki-pegasus\/#breadcrumb\",\"itemListElement\":[{\"@type\":\"ListItem\",\"position\":1,\"name\":\"Home\",\"item\":\"https:\/\/simonjersey.eu\/fi\/\"},{\"@type\":\"ListItem\",\"position\":2,\"name\":\"Verkkokauppa\",\"item\":\"https:\/\/simonjersey.eu\/fi\/kauppaan\/\"},{\"@type\":\"ListItem\",\"position\":3,\"name\":\"Miesten slim fit puvuntakki Pegasus\"}]},{\"@type\":\"WebSite\",\"@id\":\"https:\/\/simonjersey.eu\/fi\/#website\",\"url\":\"https:\/\/simonjersey.eu\/fi\/\",\"name\":\"Simon Jersey Suomi\",\"description\":\"Tyylikk\u00e4\u00e4t ja kest\u00e4v\u00e4t  ammattiasut\",\"potentialAction\":[{\"@type\":\"SearchAction\",\"target\":{\"@type\":\"EntryPoint\",\"urlTemplate\":\"https:\/\/simonjersey.eu\/fi\/?s={search_term_string}\"},\"query-input\":{\"@type\":\"PropertyValueSpecification\",\"valueRequired\":true,\"valueName\":\"search_term_string\"}}],\"inLanguage\":\"fi\"}]}<\/script>\n<!-- \/ Yoast SEO plugin. -->","yoast_head_json":{"title":"Miesten slim fit puvuntakki Pegasus - Simon Jersey Suomi","robots":{"index":"index","follow":"follow","max-snippet":"max-snippet:-1","max-image-preview":"max-image-preview:large","max-video-preview":"max-video-preview:-1"},"canonical":"https:\/\/simonjersey.eu\/fi\/tuote\/miesten-slim-fit-puvuntakki-pegasus\/","og_locale":"fi_FI","og_type":"article","og_title":"Miesten slim fit puvuntakki Pegasus - Simon Jersey Suomi","og_description":"Kierr\u00e4tetty polyesteri on synteettinen materiaali, joka on valmistettu j\u00e4tetuotteista kuten kierr\u00e4tetyist\u00e4 muovipulloista, k\u00e4ytetyist\u00e4 ja kierr\u00e4tetyist\u00e4 tekstiileist\u00e4 sek\u00e4 teollisuuden ylij\u00e4\u00e4m\u00e4materiaaleista. Kierr\u00e4tyspolyesteri on ominaisuuksiltaan t\u00e4ysin uuden polyesterin veroista.  Vuorattu miesten slim fit puku yhdell\u00e4 napilla, l\u00e4p\u00e4lliset taskut, sis\u00e4tasku. Kaksi halkiota takana. Saatavana kaksi pituutta (tavallinen, pitk\u00e4)  Materiaali: 64% Kierr\u00e4tetty polyesteri, 44% viskoosi, 2% lycra. (330gm )  Hoito: 40\u00b0 konepesu, helppohoitoinen.  Kangas testattu Martindale-testij\u00e4rjestelm\u00e4ll\u00e4: &gt; 100 000 kulutusta kest\u00e4v\u00e4  High level of stretch: 14%  Koot (UK):34-46.( reg, long)  Centre Back Length: Regular at size 40 \u2013 75cm  Centre Back Length: Long at size 40 \u2013 78cm","og_url":"https:\/\/simonjersey.eu\/fi\/tuote\/miesten-slim-fit-puvuntakki-pegasus\/","og_site_name":"Simon Jersey Suomi","article_modified_time":"2024-11-11T10:16:14+00:00","og_image":[{"width":700,"height":1050,"url":"https:\/\/simonjersey.eu\/fi\/wp-content\/uploads\/sites\/3\/2023\/01\/Emilio-Waistcoat-Green-Check-Pegasus-Trouser-Navy-Pegasus-Jacket-Navy-700-x-1050-1.jpg","type":"image\/jpeg"}],"twitter_card":"summary_large_image","twitter_misc":{"Arvioitu lukuaika":"1 minuutti"},"schema":{"@context":"https:\/\/schema.org","@graph":[{"@type":"WebPage","@id":"https:\/\/simonjersey.eu\/fi\/tuote\/miesten-slim-fit-puvuntakki-pegasus\/","url":"https:\/\/simonjersey.eu\/fi\/tuote\/miesten-slim-fit-puvuntakki-pegasus\/","name":"Miesten slim fit puvuntakki Pegasus - Simon Jersey Suomi","isPartOf":{"@id":"https:\/\/simonjersey.eu\/fi\/#website"},"primaryImageOfPage":{"@id":"https:\/\/simonjersey.eu\/fi\/tuote\/miesten-slim-fit-puvuntakki-pegasus\/#primaryimage"},"image":{"@id":"https:\/\/simonjersey.eu\/fi\/tuote\/miesten-slim-fit-puvuntakki-pegasus\/#primaryimage"},"thumbnailUrl":"https:\/\/simonjersey.eu\/fi\/wp-content\/uploads\/sites\/3\/2023\/01\/Emilio-Waistcoat-Green-Check-Pegasus-Trouser-Navy-Pegasus-Jacket-Navy-700-x-1050-1.jpg","datePublished":"2023-01-02T11:08:42+00:00","dateModified":"2024-11-11T10:16:14+00:00","breadcrumb":{"@id":"https:\/\/simonjersey.eu\/fi\/tuote\/miesten-slim-fit-puvuntakki-pegasus\/#breadcrumb"},"inLanguage":"fi","potentialAction":[{"@type":"ReadAction","target":["https:\/\/simonjersey.eu\/fi\/tuote\/miesten-slim-fit-puvuntakki-pegasus\/"]}]},{"@type":"ImageObject","inLanguage":"fi","@id":"https:\/\/simonjersey.eu\/fi\/tuote\/miesten-slim-fit-puvuntakki-pegasus\/#primaryimage","url":"https:\/\/simonjersey.eu\/fi\/wp-content\/uploads\/sites\/3\/2023\/01\/Emilio-Waistcoat-Green-Check-Pegasus-Trouser-Navy-Pegasus-Jacket-Navy-700-x-1050-1.jpg","contentUrl":"https:\/\/simonjersey.eu\/fi\/wp-content\/uploads\/sites\/3\/2023\/01\/Emilio-Waistcoat-Green-Check-Pegasus-Trouser-Navy-Pegasus-Jacket-Navy-700-x-1050-1.jpg","width":700,"height":1050},{"@type":"BreadcrumbList","@id":"https:\/\/simonjersey.eu\/fi\/tuote\/miesten-slim-fit-puvuntakki-pegasus\/#breadcrumb","itemListElement":[{"@type":"ListItem","position":1,"name":"Home","item":"https:\/\/simonjersey.eu\/fi\/"},{"@type":"ListItem","position":2,"name":"Verkkokauppa","item":"https:\/\/simonjersey.eu\/fi\/kauppaan\/"},{"@type":"ListItem","position":3,"name":"Miesten slim fit puvuntakki Pegasus"}]},{"@type":"WebSite","@id":"https:\/\/simonjersey.eu\/fi\/#website","url":"https:\/\/simonjersey.eu\/fi\/","name":"Simon Jersey Suomi","description":"Tyylikk\u00e4\u00e4t ja kest\u00e4v\u00e4t  ammattiasut","potentialAction":[{"@type":"SearchAction","target":{"@type":"EntryPoint","urlTemplate":"https:\/\/simonjersey.eu\/fi\/?s={search_term_string}"},"query-input":{"@type":"PropertyValueSpecification","valueRequired":true,"valueName":"search_term_string"}}],"inLanguage":"fi"}]}},"_links":{"self":[{"href":"https:\/\/simonjersey.eu\/fi\/wp-json\/wp\/v2\/product\/7413","targetHints":{"allow":["GET"]}}],"collection":[{"href":"https:\/\/simonjersey.eu\/fi\/wp-json\/wp\/v2\/product"}],"about":[{"href":"https:\/\/simonjersey.eu\/fi\/wp-json\/wp\/v2\/types\/product"}],"wp:featuredmedia":[{"embeddable":true,"href":"https:\/\/simonjersey.eu\/fi\/wp-json\/wp\/v2\/media\/7415"}],"wp:attachment":[{"href":"https:\/\/simonjersey.eu\/fi\/wp-json\/wp\/v2\/media?parent=7413"}],"wp:term":[{"taxonomy":"product_brand","embeddable":true,"href":"https:\/\/simonjersey.eu\/fi\/wp-json\/wp\/v2\/product_brand?post=7413"},{"taxonomy":"product_cat","embeddable":true,"href":"https:\/\/simonjersey.eu\/fi\/wp-json\/wp\/v2\/product_cat?post=7413"},{"taxonomy":"product_tag","embeddable":true,"href":"https:\/\/simonjersey.eu\/fi\/wp-json\/wp\/v2\/product_tag?post=7413"}],"curies":[{"name":"wp","href":"https:\/\/api.w.org\/{rel}","templated":true}]}}