{"id":7464,"date":"2023-02-01T12:00:20","date_gmt":"2023-02-01T12:00:20","guid":{"rendered":"https:\/\/simonjersey.eu\/fi\/?post_type=product&#038;p=7464"},"modified":"2023-02-01T12:02:55","modified_gmt":"2023-02-01T12:02:55","slug":"saketti-takki","status":"publish","type":"product","link":"https:\/\/simonjersey.eu\/fi\/tuote\/saketti-takki\/","title":{"rendered":"Saketti takki"},"content":{"rendered":"","protected":false},"excerpt":{"rendered":"<p>Saketti (eli \u0161aketti) on miesten p\u00e4iv\u00e4juhlapuku, johon kuuluu kaarevaliepeinen takaa pitk\u00e4 musta takki sek\u00e4 musta-harmaajuovaiset housut.<\/p>\n<p>Takin helman tulee ylt\u00e4\u00e4 polviin asti, ja siin\u00e4 tulee olla pystykaulukset. Mik\u00e4li takissa on rintatasku, sinne asetetaan mieluiten valkoinen taskuliina suoraksi viivaksi taitettuna.<\/p>\n<p>Sulhasen pukeutuessa sakettiin voivat lis\u00e4ksi puketua my\u00f6s Bestman tai Bestman\u00b4it sek\u00e4 morsiamen ja sulhasen is\u00e4 my\u00f6s k\u00e4ytt\u00e4\u00e4 sakettia.<\/p>\n<p>Klassinen Peak Lapel, yksirivinen, yksinappikiinnitys, 4 napin ranneke, yksi rintatasku<\/p>\n<p>100 % villaa kalanruotokangasta<\/p>\n<p>Tailor fit istuvuus<\/p>\n<p>100 % puhdasta uutta villaa<\/p>\n<p>Vain kuivapesu.<\/p>\n<p>Koot (UK):34-50.( reg, long)<\/p>\n","protected":false},"featured_media":7465,"template":"","meta":[],"product_brand":[],"product_cat":[51,85,24,21],"product_tag":[],"class_list":{"0":"post-7464","1":"product","2":"type-product","3":"status-publish","4":"has-post-thumbnail","6":"product_cat-takit-ja-bleiserit","7":"product_cat-pukujen-mallistot-business-toimisto","8":"product_cat-takit-ja-pikkutakit","9":"product_cat-pukujen-mallistot","11":"first","12":"instock","13":"taxable","14":"shipping-taxable","15":"purchasable","16":"product-type-variable","17":"has-default-attributes"},"yoast_head":"<!-- This site is optimized with the Yoast SEO plugin v27.2 - https:\/\/yoast.com\/product\/yoast-seo-wordpress\/ -->\n<title>Saketti takki - Simon Jersey Suomi<\/title>\n<meta name=\"robots\" content=\"index, follow, max-snippet:-1, max-image-preview:large, max-video-preview:-1\" \/>\n<link rel=\"canonical\" href=\"https:\/\/simonjersey.eu\/fi\/tuote\/saketti-takki\/\" \/>\n<meta property=\"og:locale\" content=\"fi_FI\" \/>\n<meta property=\"og:type\" content=\"article\" \/>\n<meta property=\"og:title\" content=\"Saketti takki - Simon Jersey Suomi\" \/>\n<meta property=\"og:description\" content=\"Saketti (eli \u0161aketti) on miesten p\u00e4iv\u00e4juhlapuku, johon kuuluu kaarevaliepeinen takaa pitk\u00e4 musta takki sek\u00e4 musta-harmaajuovaiset housut.  Takin helman tulee ylt\u00e4\u00e4 polviin asti, ja siin\u00e4 tulee olla pystykaulukset. Mik\u00e4li takissa on rintatasku, sinne asetetaan mieluiten valkoinen taskuliina suoraksi viivaksi taitettuna.  Sulhasen pukeutuessa sakettiin voivat lis\u00e4ksi puketua my\u00f6s Bestman tai Bestman\u00b4it sek\u00e4 morsiamen ja sulhasen is\u00e4 my\u00f6s k\u00e4ytt\u00e4\u00e4 sakettia.  Klassinen Peak Lapel, yksirivinen, yksinappikiinnitys, 4 napin ranneke, yksi rintatasku  100 % villaa kalanruotokangasta  Tailor fit istuvuus  100 % puhdasta uutta villaa  Vain kuivapesu.  Koot (UK):34-50.( reg, long)\" \/>\n<meta property=\"og:url\" content=\"https:\/\/simonjersey.eu\/fi\/tuote\/saketti-takki\/\" \/>\n<meta property=\"og:site_name\" content=\"Simon Jersey Suomi\" \/>\n<meta property=\"article:modified_time\" content=\"2023-02-01T12:02:55+00:00\" \/>\n<meta property=\"og:image\" content=\"https:\/\/simonjersey.eu\/fi\/wp-content\/uploads\/sites\/3\/2023\/02\/saketti1.jpg\" \/>\n\t<meta property=\"og:image:width\" content=\"645\" \/>\n\t<meta property=\"og:image:height\" content=\"900\" \/>\n\t<meta property=\"og:image:type\" content=\"image\/jpeg\" \/>\n<meta name=\"twitter:card\" content=\"summary_large_image\" \/>\n<script type=\"application\/ld+json\" class=\"yoast-schema-graph\">{\"@context\":\"https:\/\/schema.org\",\"@graph\":[{\"@type\":\"WebPage\",\"@id\":\"https:\/\/simonjersey.eu\/fi\/tuote\/saketti-takki\/\",\"url\":\"https:\/\/simonjersey.eu\/fi\/tuote\/saketti-takki\/\",\"name\":\"Saketti takki - Simon Jersey Suomi\",\"isPartOf\":{\"@id\":\"https:\/\/simonjersey.eu\/fi\/#website\"},\"primaryImageOfPage\":{\"@id\":\"https:\/\/simonjersey.eu\/fi\/tuote\/saketti-takki\/#primaryimage\"},\"image\":{\"@id\":\"https:\/\/simonjersey.eu\/fi\/tuote\/saketti-takki\/#primaryimage\"},\"thumbnailUrl\":\"https:\/\/simonjersey.eu\/fi\/wp-content\/uploads\/sites\/3\/2023\/02\/saketti1.jpg\",\"datePublished\":\"2023-02-01T12:00:20+00:00\",\"dateModified\":\"2023-02-01T12:02:55+00:00\",\"breadcrumb\":{\"@id\":\"https:\/\/simonjersey.eu\/fi\/tuote\/saketti-takki\/#breadcrumb\"},\"inLanguage\":\"fi\",\"potentialAction\":[{\"@type\":\"ReadAction\",\"target\":[\"https:\/\/simonjersey.eu\/fi\/tuote\/saketti-takki\/\"]}]},{\"@type\":\"ImageObject\",\"inLanguage\":\"fi\",\"@id\":\"https:\/\/simonjersey.eu\/fi\/tuote\/saketti-takki\/#primaryimage\",\"url\":\"https:\/\/simonjersey.eu\/fi\/wp-content\/uploads\/sites\/3\/2023\/02\/saketti1.jpg\",\"contentUrl\":\"https:\/\/simonjersey.eu\/fi\/wp-content\/uploads\/sites\/3\/2023\/02\/saketti1.jpg\",\"width\":645,\"height\":900},{\"@type\":\"BreadcrumbList\",\"@id\":\"https:\/\/simonjersey.eu\/fi\/tuote\/saketti-takki\/#breadcrumb\",\"itemListElement\":[{\"@type\":\"ListItem\",\"position\":1,\"name\":\"Home\",\"item\":\"https:\/\/simonjersey.eu\/fi\/\"},{\"@type\":\"ListItem\",\"position\":2,\"name\":\"Verkkokauppa\",\"item\":\"https:\/\/simonjersey.eu\/fi\/kauppaan\/\"},{\"@type\":\"ListItem\",\"position\":3,\"name\":\"Saketti takki\"}]},{\"@type\":\"WebSite\",\"@id\":\"https:\/\/simonjersey.eu\/fi\/#website\",\"url\":\"https:\/\/simonjersey.eu\/fi\/\",\"name\":\"Simon Jersey Suomi\",\"description\":\"Tyylikk\u00e4\u00e4t ja kest\u00e4v\u00e4t  ammattiasut\",\"potentialAction\":[{\"@type\":\"SearchAction\",\"target\":{\"@type\":\"EntryPoint\",\"urlTemplate\":\"https:\/\/simonjersey.eu\/fi\/?s={search_term_string}\"},\"query-input\":{\"@type\":\"PropertyValueSpecification\",\"valueRequired\":true,\"valueName\":\"search_term_string\"}}],\"inLanguage\":\"fi\"}]}<\/script>\n<!-- \/ Yoast SEO plugin. -->","yoast_head_json":{"title":"Saketti takki - Simon Jersey Suomi","robots":{"index":"index","follow":"follow","max-snippet":"max-snippet:-1","max-image-preview":"max-image-preview:large","max-video-preview":"max-video-preview:-1"},"canonical":"https:\/\/simonjersey.eu\/fi\/tuote\/saketti-takki\/","og_locale":"fi_FI","og_type":"article","og_title":"Saketti takki - Simon Jersey Suomi","og_description":"Saketti (eli \u0161aketti) on miesten p\u00e4iv\u00e4juhlapuku, johon kuuluu kaarevaliepeinen takaa pitk\u00e4 musta takki sek\u00e4 musta-harmaajuovaiset housut.  Takin helman tulee ylt\u00e4\u00e4 polviin asti, ja siin\u00e4 tulee olla pystykaulukset. Mik\u00e4li takissa on rintatasku, sinne asetetaan mieluiten valkoinen taskuliina suoraksi viivaksi taitettuna.  Sulhasen pukeutuessa sakettiin voivat lis\u00e4ksi puketua my\u00f6s Bestman tai Bestman\u00b4it sek\u00e4 morsiamen ja sulhasen is\u00e4 my\u00f6s k\u00e4ytt\u00e4\u00e4 sakettia.  Klassinen Peak Lapel, yksirivinen, yksinappikiinnitys, 4 napin ranneke, yksi rintatasku  100 % villaa kalanruotokangasta  Tailor fit istuvuus  100 % puhdasta uutta villaa  Vain kuivapesu.  Koot (UK):34-50.( reg, long)","og_url":"https:\/\/simonjersey.eu\/fi\/tuote\/saketti-takki\/","og_site_name":"Simon Jersey Suomi","article_modified_time":"2023-02-01T12:02:55+00:00","og_image":[{"width":645,"height":900,"url":"https:\/\/simonjersey.eu\/fi\/wp-content\/uploads\/sites\/3\/2023\/02\/saketti1.jpg","type":"image\/jpeg"}],"twitter_card":"summary_large_image","schema":{"@context":"https:\/\/schema.org","@graph":[{"@type":"WebPage","@id":"https:\/\/simonjersey.eu\/fi\/tuote\/saketti-takki\/","url":"https:\/\/simonjersey.eu\/fi\/tuote\/saketti-takki\/","name":"Saketti takki - Simon Jersey Suomi","isPartOf":{"@id":"https:\/\/simonjersey.eu\/fi\/#website"},"primaryImageOfPage":{"@id":"https:\/\/simonjersey.eu\/fi\/tuote\/saketti-takki\/#primaryimage"},"image":{"@id":"https:\/\/simonjersey.eu\/fi\/tuote\/saketti-takki\/#primaryimage"},"thumbnailUrl":"https:\/\/simonjersey.eu\/fi\/wp-content\/uploads\/sites\/3\/2023\/02\/saketti1.jpg","datePublished":"2023-02-01T12:00:20+00:00","dateModified":"2023-02-01T12:02:55+00:00","breadcrumb":{"@id":"https:\/\/simonjersey.eu\/fi\/tuote\/saketti-takki\/#breadcrumb"},"inLanguage":"fi","potentialAction":[{"@type":"ReadAction","target":["https:\/\/simonjersey.eu\/fi\/tuote\/saketti-takki\/"]}]},{"@type":"ImageObject","inLanguage":"fi","@id":"https:\/\/simonjersey.eu\/fi\/tuote\/saketti-takki\/#primaryimage","url":"https:\/\/simonjersey.eu\/fi\/wp-content\/uploads\/sites\/3\/2023\/02\/saketti1.jpg","contentUrl":"https:\/\/simonjersey.eu\/fi\/wp-content\/uploads\/sites\/3\/2023\/02\/saketti1.jpg","width":645,"height":900},{"@type":"BreadcrumbList","@id":"https:\/\/simonjersey.eu\/fi\/tuote\/saketti-takki\/#breadcrumb","itemListElement":[{"@type":"ListItem","position":1,"name":"Home","item":"https:\/\/simonjersey.eu\/fi\/"},{"@type":"ListItem","position":2,"name":"Verkkokauppa","item":"https:\/\/simonjersey.eu\/fi\/kauppaan\/"},{"@type":"ListItem","position":3,"name":"Saketti takki"}]},{"@type":"WebSite","@id":"https:\/\/simonjersey.eu\/fi\/#website","url":"https:\/\/simonjersey.eu\/fi\/","name":"Simon Jersey Suomi","description":"Tyylikk\u00e4\u00e4t ja kest\u00e4v\u00e4t  ammattiasut","potentialAction":[{"@type":"SearchAction","target":{"@type":"EntryPoint","urlTemplate":"https:\/\/simonjersey.eu\/fi\/?s={search_term_string}"},"query-input":{"@type":"PropertyValueSpecification","valueRequired":true,"valueName":"search_term_string"}}],"inLanguage":"fi"}]}},"_links":{"self":[{"href":"https:\/\/simonjersey.eu\/fi\/wp-json\/wp\/v2\/product\/7464","targetHints":{"allow":["GET"]}}],"collection":[{"href":"https:\/\/simonjersey.eu\/fi\/wp-json\/wp\/v2\/product"}],"about":[{"href":"https:\/\/simonjersey.eu\/fi\/wp-json\/wp\/v2\/types\/product"}],"wp:featuredmedia":[{"embeddable":true,"href":"https:\/\/simonjersey.eu\/fi\/wp-json\/wp\/v2\/media\/7465"}],"wp:attachment":[{"href":"https:\/\/simonjersey.eu\/fi\/wp-json\/wp\/v2\/media?parent=7464"}],"wp:term":[{"taxonomy":"product_brand","embeddable":true,"href":"https:\/\/simonjersey.eu\/fi\/wp-json\/wp\/v2\/product_brand?post=7464"},{"taxonomy":"product_cat","embeddable":true,"href":"https:\/\/simonjersey.eu\/fi\/wp-json\/wp\/v2\/product_cat?post=7464"},{"taxonomy":"product_tag","embeddable":true,"href":"https:\/\/simonjersey.eu\/fi\/wp-json\/wp\/v2\/product_tag?post=7464"}],"curies":[{"name":"wp","href":"https:\/\/api.w.org\/{rel}","templated":true}]}}