{"id":7470,"date":"2023-02-01T12:08:39","date_gmt":"2023-02-01T12:08:39","guid":{"rendered":"https:\/\/simonjersey.eu\/fi\/?post_type=product&#038;p=7470"},"modified":"2023-02-01T12:23:06","modified_gmt":"2023-02-01T12:23:06","slug":"smokki","status":"publish","type":"product","link":"https:\/\/simonjersey.eu\/fi\/tuote\/smokki\/","title":{"rendered":"Smokki"},"content":{"rendered":"","protected":false},"excerpt":{"rendered":"<p>Smokki on musta miesten puku, joka puetaan ylle juhliin, vihille tai illalliselle.<\/p>\n<p>Smokkia on tapana k\u00e4ytt\u00e4\u00e4 iltakuuden j\u00e4lkeen.<\/p>\n<p>Puku on malliltaan regular fit, mik\u00e4 tarkoittaa normaalia suoraa istuvuutta.<\/p>\n<ul>\n<li>Yksi painike<\/li>\n<li>Perinteinen lovettu satiininen k\u00e4\u00e4nne<\/li>\n<li>Kaksi satiininappia hihansuissa<\/li>\n<li>Kolme sis\u00e4taskua<\/li>\n<li>Kaksi satiinil\u00e4p\u00e4llist\u00e4 ulkotaskua<\/li>\n<li>Musta sis\u00e4vuori<\/li>\n<\/ul>\n<p>kaksi halkiota takana<\/p>\n<p>Materjaali: 54% Polyeser, 44% Wool, 2% Lycra<\/p>\n<p>Dry clean<\/p>\n<p>Koko: (UK) 36-52 ( regular, long)<\/p>\n","protected":false},"featured_media":7471,"template":"","meta":[],"product_brand":[],"product_cat":[41,51,68,85,24],"product_tag":[],"class_list":{"0":"post-7470","1":"product","2":"type-product","3":"status-publish","4":"has-post-thumbnail","6":"product_cat-ravintola-kahvila","7":"product_cat-takit-ja-bleiserit","8":"product_cat-pukujen-mallistot-hotelli-ja-palveluammatit","9":"product_cat-pukujen-mallistot-business-toimisto","10":"product_cat-takit-ja-pikkutakit","12":"first","13":"instock","14":"taxable","15":"shipping-taxable","16":"purchasable","17":"product-type-variable","18":"has-default-attributes"},"yoast_head":"<!-- This site is optimized with the Yoast SEO plugin v27.2 - https:\/\/yoast.com\/product\/yoast-seo-wordpress\/ -->\n<title>Smokki - Simon Jersey Suomi<\/title>\n<meta name=\"robots\" content=\"index, follow, max-snippet:-1, max-image-preview:large, max-video-preview:-1\" \/>\n<link rel=\"canonical\" href=\"https:\/\/simonjersey.eu\/fi\/tuote\/smokki\/\" \/>\n<meta property=\"og:locale\" content=\"fi_FI\" \/>\n<meta property=\"og:type\" content=\"article\" \/>\n<meta property=\"og:title\" content=\"Smokki - Simon Jersey Suomi\" \/>\n<meta property=\"og:description\" content=\"Smokki on musta miesten puku, joka puetaan ylle juhliin, vihille tai illalliselle.  Smokkia on tapana k\u00e4ytt\u00e4\u00e4 iltakuuden j\u00e4lkeen.  Puku on malliltaan regular fit, mik\u00e4 tarkoittaa normaalia suoraa istuvuutta.   Yksi painike  Perinteinen lovettu satiininen k\u00e4\u00e4nne  Kaksi satiininappia hihansuissa  Kolme sis\u00e4taskua  Kaksi satiinil\u00e4p\u00e4llist\u00e4 ulkotaskua  Musta sis\u00e4vuori  kaksi halkiota takana  Materjaali: 54% Polyeser, 44% Wool, 2% Lycra  Dry clean  Koko: (UK) 36-52 ( regular, long)\" \/>\n<meta property=\"og:url\" content=\"https:\/\/simonjersey.eu\/fi\/tuote\/smokki\/\" \/>\n<meta property=\"og:site_name\" content=\"Simon Jersey Suomi\" \/>\n<meta property=\"article:modified_time\" content=\"2023-02-01T12:23:06+00:00\" \/>\n<meta property=\"og:image\" content=\"https:\/\/simonjersey.eu\/fi\/wp-content\/uploads\/sites\/3\/2023\/02\/smokki4.jpg\" \/>\n\t<meta property=\"og:image:width\" content=\"634\" \/>\n\t<meta property=\"og:image:height\" content=\"955\" \/>\n\t<meta property=\"og:image:type\" content=\"image\/jpeg\" \/>\n<meta name=\"twitter:card\" content=\"summary_large_image\" \/>\n<script type=\"application\/ld+json\" class=\"yoast-schema-graph\">{\"@context\":\"https:\/\/schema.org\",\"@graph\":[{\"@type\":\"WebPage\",\"@id\":\"https:\/\/simonjersey.eu\/fi\/tuote\/smokki\/\",\"url\":\"https:\/\/simonjersey.eu\/fi\/tuote\/smokki\/\",\"name\":\"Smokki - Simon Jersey Suomi\",\"isPartOf\":{\"@id\":\"https:\/\/simonjersey.eu\/fi\/#website\"},\"primaryImageOfPage\":{\"@id\":\"https:\/\/simonjersey.eu\/fi\/tuote\/smokki\/#primaryimage\"},\"image\":{\"@id\":\"https:\/\/simonjersey.eu\/fi\/tuote\/smokki\/#primaryimage\"},\"thumbnailUrl\":\"https:\/\/simonjersey.eu\/fi\/wp-content\/uploads\/sites\/3\/2023\/02\/smokki4.jpg\",\"datePublished\":\"2023-02-01T12:08:39+00:00\",\"dateModified\":\"2023-02-01T12:23:06+00:00\",\"breadcrumb\":{\"@id\":\"https:\/\/simonjersey.eu\/fi\/tuote\/smokki\/#breadcrumb\"},\"inLanguage\":\"fi\",\"potentialAction\":[{\"@type\":\"ReadAction\",\"target\":[\"https:\/\/simonjersey.eu\/fi\/tuote\/smokki\/\"]}]},{\"@type\":\"ImageObject\",\"inLanguage\":\"fi\",\"@id\":\"https:\/\/simonjersey.eu\/fi\/tuote\/smokki\/#primaryimage\",\"url\":\"https:\/\/simonjersey.eu\/fi\/wp-content\/uploads\/sites\/3\/2023\/02\/smokki4.jpg\",\"contentUrl\":\"https:\/\/simonjersey.eu\/fi\/wp-content\/uploads\/sites\/3\/2023\/02\/smokki4.jpg\",\"width\":634,\"height\":955},{\"@type\":\"BreadcrumbList\",\"@id\":\"https:\/\/simonjersey.eu\/fi\/tuote\/smokki\/#breadcrumb\",\"itemListElement\":[{\"@type\":\"ListItem\",\"position\":1,\"name\":\"Home\",\"item\":\"https:\/\/simonjersey.eu\/fi\/\"},{\"@type\":\"ListItem\",\"position\":2,\"name\":\"Verkkokauppa\",\"item\":\"https:\/\/simonjersey.eu\/fi\/kauppaan\/\"},{\"@type\":\"ListItem\",\"position\":3,\"name\":\"Smokki\"}]},{\"@type\":\"WebSite\",\"@id\":\"https:\/\/simonjersey.eu\/fi\/#website\",\"url\":\"https:\/\/simonjersey.eu\/fi\/\",\"name\":\"Simon Jersey Suomi\",\"description\":\"Tyylikk\u00e4\u00e4t ja kest\u00e4v\u00e4t  ammattiasut\",\"potentialAction\":[{\"@type\":\"SearchAction\",\"target\":{\"@type\":\"EntryPoint\",\"urlTemplate\":\"https:\/\/simonjersey.eu\/fi\/?s={search_term_string}\"},\"query-input\":{\"@type\":\"PropertyValueSpecification\",\"valueRequired\":true,\"valueName\":\"search_term_string\"}}],\"inLanguage\":\"fi\"}]}<\/script>\n<!-- \/ Yoast SEO plugin. -->","yoast_head_json":{"title":"Smokki - Simon Jersey Suomi","robots":{"index":"index","follow":"follow","max-snippet":"max-snippet:-1","max-image-preview":"max-image-preview:large","max-video-preview":"max-video-preview:-1"},"canonical":"https:\/\/simonjersey.eu\/fi\/tuote\/smokki\/","og_locale":"fi_FI","og_type":"article","og_title":"Smokki - Simon Jersey Suomi","og_description":"Smokki on musta miesten puku, joka puetaan ylle juhliin, vihille tai illalliselle.  Smokkia on tapana k\u00e4ytt\u00e4\u00e4 iltakuuden j\u00e4lkeen.  Puku on malliltaan regular fit, mik\u00e4 tarkoittaa normaalia suoraa istuvuutta.   Yksi painike  Perinteinen lovettu satiininen k\u00e4\u00e4nne  Kaksi satiininappia hihansuissa  Kolme sis\u00e4taskua  Kaksi satiinil\u00e4p\u00e4llist\u00e4 ulkotaskua  Musta sis\u00e4vuori  kaksi halkiota takana  Materjaali: 54% Polyeser, 44% Wool, 2% Lycra  Dry clean  Koko: (UK) 36-52 ( regular, long)","og_url":"https:\/\/simonjersey.eu\/fi\/tuote\/smokki\/","og_site_name":"Simon Jersey Suomi","article_modified_time":"2023-02-01T12:23:06+00:00","og_image":[{"width":634,"height":955,"url":"https:\/\/simonjersey.eu\/fi\/wp-content\/uploads\/sites\/3\/2023\/02\/smokki4.jpg","type":"image\/jpeg"}],"twitter_card":"summary_large_image","schema":{"@context":"https:\/\/schema.org","@graph":[{"@type":"WebPage","@id":"https:\/\/simonjersey.eu\/fi\/tuote\/smokki\/","url":"https:\/\/simonjersey.eu\/fi\/tuote\/smokki\/","name":"Smokki - Simon Jersey Suomi","isPartOf":{"@id":"https:\/\/simonjersey.eu\/fi\/#website"},"primaryImageOfPage":{"@id":"https:\/\/simonjersey.eu\/fi\/tuote\/smokki\/#primaryimage"},"image":{"@id":"https:\/\/simonjersey.eu\/fi\/tuote\/smokki\/#primaryimage"},"thumbnailUrl":"https:\/\/simonjersey.eu\/fi\/wp-content\/uploads\/sites\/3\/2023\/02\/smokki4.jpg","datePublished":"2023-02-01T12:08:39+00:00","dateModified":"2023-02-01T12:23:06+00:00","breadcrumb":{"@id":"https:\/\/simonjersey.eu\/fi\/tuote\/smokki\/#breadcrumb"},"inLanguage":"fi","potentialAction":[{"@type":"ReadAction","target":["https:\/\/simonjersey.eu\/fi\/tuote\/smokki\/"]}]},{"@type":"ImageObject","inLanguage":"fi","@id":"https:\/\/simonjersey.eu\/fi\/tuote\/smokki\/#primaryimage","url":"https:\/\/simonjersey.eu\/fi\/wp-content\/uploads\/sites\/3\/2023\/02\/smokki4.jpg","contentUrl":"https:\/\/simonjersey.eu\/fi\/wp-content\/uploads\/sites\/3\/2023\/02\/smokki4.jpg","width":634,"height":955},{"@type":"BreadcrumbList","@id":"https:\/\/simonjersey.eu\/fi\/tuote\/smokki\/#breadcrumb","itemListElement":[{"@type":"ListItem","position":1,"name":"Home","item":"https:\/\/simonjersey.eu\/fi\/"},{"@type":"ListItem","position":2,"name":"Verkkokauppa","item":"https:\/\/simonjersey.eu\/fi\/kauppaan\/"},{"@type":"ListItem","position":3,"name":"Smokki"}]},{"@type":"WebSite","@id":"https:\/\/simonjersey.eu\/fi\/#website","url":"https:\/\/simonjersey.eu\/fi\/","name":"Simon Jersey Suomi","description":"Tyylikk\u00e4\u00e4t ja kest\u00e4v\u00e4t  ammattiasut","potentialAction":[{"@type":"SearchAction","target":{"@type":"EntryPoint","urlTemplate":"https:\/\/simonjersey.eu\/fi\/?s={search_term_string}"},"query-input":{"@type":"PropertyValueSpecification","valueRequired":true,"valueName":"search_term_string"}}],"inLanguage":"fi"}]}},"_links":{"self":[{"href":"https:\/\/simonjersey.eu\/fi\/wp-json\/wp\/v2\/product\/7470","targetHints":{"allow":["GET"]}}],"collection":[{"href":"https:\/\/simonjersey.eu\/fi\/wp-json\/wp\/v2\/product"}],"about":[{"href":"https:\/\/simonjersey.eu\/fi\/wp-json\/wp\/v2\/types\/product"}],"wp:featuredmedia":[{"embeddable":true,"href":"https:\/\/simonjersey.eu\/fi\/wp-json\/wp\/v2\/media\/7471"}],"wp:attachment":[{"href":"https:\/\/simonjersey.eu\/fi\/wp-json\/wp\/v2\/media?parent=7470"}],"wp:term":[{"taxonomy":"product_brand","embeddable":true,"href":"https:\/\/simonjersey.eu\/fi\/wp-json\/wp\/v2\/product_brand?post=7470"},{"taxonomy":"product_cat","embeddable":true,"href":"https:\/\/simonjersey.eu\/fi\/wp-json\/wp\/v2\/product_cat?post=7470"},{"taxonomy":"product_tag","embeddable":true,"href":"https:\/\/simonjersey.eu\/fi\/wp-json\/wp\/v2\/product_tag?post=7470"}],"curies":[{"name":"wp","href":"https:\/\/api.w.org\/{rel}","templated":true}]}}