{"id":7552,"date":"2023-04-11T09:33:53","date_gmt":"2023-04-11T09:33:53","guid":{"rendered":"https:\/\/simonjersey.eu\/fi\/?post_type=product&#038;p=7552"},"modified":"2023-04-11T09:39:23","modified_gmt":"2023-04-11T09:39:23","slug":"naisten-smart-casual-ruudullinen-bleiseri-alegra","status":"publish","type":"product","link":"https:\/\/simonjersey.eu\/fi\/tuote\/naisten-smart-casual-ruudullinen-bleiseri-alegra\/","title":{"rendered":"Naisten  \u201eSmart casual\u201c ruudullinen bleiseri Alegra"},"content":{"rendered":"","protected":false},"excerpt":{"rendered":"<p>Uusi tyylik\u00e4s smart casual bleiseri tarjoaa siistin tyylikk\u00e4\u00e4n rento lookin jokap\u00e4iv\u00e4iseen ty\u00f6ymp\u00e4rist\u00f6\u00f6n. Hyv\u00e4 vaihtoehto liikkevaatteille.<\/p>\n<p>Yksi nappivuorattu, ohut k\u00e4\u00e4nnett\u00e4v\u00e4 naisten takki Slim Fit upotetut taskut takana halkio. Vuorattu takki<\/p>\n<p>Materiaali: 64% Kierr\u00e4tetty polyesteri, 44% viskoosi, 2% lycra. (330gm )<\/p>\n<p>Hoito: 40\u00b0 konepesu, helppohoitoinen.<\/p>\n<p>Saatavana\u00a0 kaksi pituutta (regular, pitk\u00e4).<\/p>\n<p>Koot (UK): 6-24.<\/p>\n<p>Pituus 12R = 55,5 cm<\/p>\n<p>Pituus 12L= 58cm<\/p>\n","protected":false},"featured_media":7553,"template":"","meta":[],"product_brand":[],"product_cat":[51,75,85,24],"product_tag":[],"class_list":{"0":"post-7552","1":"product","2":"type-product","3":"status-publish","4":"has-post-thumbnail","6":"product_cat-takit-ja-bleiserit","7":"product_cat-business-toimisto","8":"product_cat-pukujen-mallistot-business-toimisto","9":"product_cat-takit-ja-pikkutakit","11":"first","12":"instock","13":"taxable","14":"shipping-taxable","15":"purchasable","16":"product-type-variable","17":"has-default-attributes"},"yoast_head":"<!-- This site is optimized with the Yoast SEO plugin v27.2 - https:\/\/yoast.com\/product\/yoast-seo-wordpress\/ -->\n<title>Naisten \u201eSmart casual\u201c ruudullinen bleiseri Alegra - Simon Jersey Suomi<\/title>\n<meta name=\"robots\" content=\"index, follow, max-snippet:-1, max-image-preview:large, max-video-preview:-1\" \/>\n<link rel=\"canonical\" href=\"https:\/\/simonjersey.eu\/fi\/tuote\/naisten-smart-casual-ruudullinen-bleiseri-alegra\/\" \/>\n<meta property=\"og:locale\" content=\"fi_FI\" \/>\n<meta property=\"og:type\" content=\"article\" \/>\n<meta property=\"og:title\" content=\"Naisten \u201eSmart casual\u201c ruudullinen bleiseri Alegra - Simon Jersey Suomi\" \/>\n<meta property=\"og:description\" content=\"Uusi tyylik\u00e4s smart casual bleiseri tarjoaa siistin tyylikk\u00e4\u00e4n rento lookin jokap\u00e4iv\u00e4iseen ty\u00f6ymp\u00e4rist\u00f6\u00f6n. Hyv\u00e4 vaihtoehto liikkevaatteille.  Yksi nappivuorattu, ohut k\u00e4\u00e4nnett\u00e4v\u00e4 naisten takki Slim Fit upotetut taskut takana halkio. Vuorattu takki  Materiaali: 64% Kierr\u00e4tetty polyesteri, 44% viskoosi, 2% lycra. (330gm )  Hoito: 40\u00b0 konepesu, helppohoitoinen.  Saatavana\u00a0 kaksi pituutta (regular, pitk\u00e4).  Koot (UK): 6-24.  Pituus 12R = 55,5 cm  Pituus 12L= 58cm\" \/>\n<meta property=\"og:url\" content=\"https:\/\/simonjersey.eu\/fi\/tuote\/naisten-smart-casual-ruudullinen-bleiseri-alegra\/\" \/>\n<meta property=\"og:site_name\" content=\"Simon Jersey Suomi\" \/>\n<meta property=\"article:modified_time\" content=\"2023-04-11T09:39:23+00:00\" \/>\n<meta property=\"og:image\" content=\"https:\/\/simonjersey.eu\/fi\/wp-content\/uploads\/sites\/3\/2023\/04\/Alegra-Jacket-Navy-Check-700-x-1067-1.jpg\" \/>\n\t<meta property=\"og:image:width\" content=\"700\" \/>\n\t<meta property=\"og:image:height\" content=\"1067\" \/>\n\t<meta property=\"og:image:type\" content=\"image\/jpeg\" \/>\n<meta name=\"twitter:card\" content=\"summary_large_image\" \/>\n<script type=\"application\/ld+json\" class=\"yoast-schema-graph\">{\"@context\":\"https:\/\/schema.org\",\"@graph\":[{\"@type\":\"WebPage\",\"@id\":\"https:\/\/simonjersey.eu\/fi\/tuote\/naisten-smart-casual-ruudullinen-bleiseri-alegra\/\",\"url\":\"https:\/\/simonjersey.eu\/fi\/tuote\/naisten-smart-casual-ruudullinen-bleiseri-alegra\/\",\"name\":\"Naisten \u201eSmart casual\u201c ruudullinen bleiseri Alegra - Simon Jersey Suomi\",\"isPartOf\":{\"@id\":\"https:\/\/simonjersey.eu\/fi\/#website\"},\"primaryImageOfPage\":{\"@id\":\"https:\/\/simonjersey.eu\/fi\/tuote\/naisten-smart-casual-ruudullinen-bleiseri-alegra\/#primaryimage\"},\"image\":{\"@id\":\"https:\/\/simonjersey.eu\/fi\/tuote\/naisten-smart-casual-ruudullinen-bleiseri-alegra\/#primaryimage\"},\"thumbnailUrl\":\"https:\/\/simonjersey.eu\/fi\/wp-content\/uploads\/sites\/3\/2023\/04\/Alegra-Jacket-Navy-Check-700-x-1067-1.jpg\",\"datePublished\":\"2023-04-11T09:33:53+00:00\",\"dateModified\":\"2023-04-11T09:39:23+00:00\",\"breadcrumb\":{\"@id\":\"https:\/\/simonjersey.eu\/fi\/tuote\/naisten-smart-casual-ruudullinen-bleiseri-alegra\/#breadcrumb\"},\"inLanguage\":\"fi\",\"potentialAction\":[{\"@type\":\"ReadAction\",\"target\":[\"https:\/\/simonjersey.eu\/fi\/tuote\/naisten-smart-casual-ruudullinen-bleiseri-alegra\/\"]}]},{\"@type\":\"ImageObject\",\"inLanguage\":\"fi\",\"@id\":\"https:\/\/simonjersey.eu\/fi\/tuote\/naisten-smart-casual-ruudullinen-bleiseri-alegra\/#primaryimage\",\"url\":\"https:\/\/simonjersey.eu\/fi\/wp-content\/uploads\/sites\/3\/2023\/04\/Alegra-Jacket-Navy-Check-700-x-1067-1.jpg\",\"contentUrl\":\"https:\/\/simonjersey.eu\/fi\/wp-content\/uploads\/sites\/3\/2023\/04\/Alegra-Jacket-Navy-Check-700-x-1067-1.jpg\",\"width\":700,\"height\":1067},{\"@type\":\"BreadcrumbList\",\"@id\":\"https:\/\/simonjersey.eu\/fi\/tuote\/naisten-smart-casual-ruudullinen-bleiseri-alegra\/#breadcrumb\",\"itemListElement\":[{\"@type\":\"ListItem\",\"position\":1,\"name\":\"Home\",\"item\":\"https:\/\/simonjersey.eu\/fi\/\"},{\"@type\":\"ListItem\",\"position\":2,\"name\":\"Verkkokauppa\",\"item\":\"https:\/\/simonjersey.eu\/fi\/kauppaan\/\"},{\"@type\":\"ListItem\",\"position\":3,\"name\":\"Naisten \u201eSmart casual\u201c ruudullinen bleiseri Alegra\"}]},{\"@type\":\"WebSite\",\"@id\":\"https:\/\/simonjersey.eu\/fi\/#website\",\"url\":\"https:\/\/simonjersey.eu\/fi\/\",\"name\":\"Simon Jersey Suomi\",\"description\":\"Tyylikk\u00e4\u00e4t ja kest\u00e4v\u00e4t  ammattiasut\",\"potentialAction\":[{\"@type\":\"SearchAction\",\"target\":{\"@type\":\"EntryPoint\",\"urlTemplate\":\"https:\/\/simonjersey.eu\/fi\/?s={search_term_string}\"},\"query-input\":{\"@type\":\"PropertyValueSpecification\",\"valueRequired\":true,\"valueName\":\"search_term_string\"}}],\"inLanguage\":\"fi\"}]}<\/script>\n<!-- \/ Yoast SEO plugin. -->","yoast_head_json":{"title":"Naisten \u201eSmart casual\u201c ruudullinen bleiseri Alegra - Simon Jersey Suomi","robots":{"index":"index","follow":"follow","max-snippet":"max-snippet:-1","max-image-preview":"max-image-preview:large","max-video-preview":"max-video-preview:-1"},"canonical":"https:\/\/simonjersey.eu\/fi\/tuote\/naisten-smart-casual-ruudullinen-bleiseri-alegra\/","og_locale":"fi_FI","og_type":"article","og_title":"Naisten \u201eSmart casual\u201c ruudullinen bleiseri Alegra - Simon Jersey Suomi","og_description":"Uusi tyylik\u00e4s smart casual bleiseri tarjoaa siistin tyylikk\u00e4\u00e4n rento lookin jokap\u00e4iv\u00e4iseen ty\u00f6ymp\u00e4rist\u00f6\u00f6n. Hyv\u00e4 vaihtoehto liikkevaatteille.  Yksi nappivuorattu, ohut k\u00e4\u00e4nnett\u00e4v\u00e4 naisten takki Slim Fit upotetut taskut takana halkio. Vuorattu takki  Materiaali: 64% Kierr\u00e4tetty polyesteri, 44% viskoosi, 2% lycra. (330gm )  Hoito: 40\u00b0 konepesu, helppohoitoinen.  Saatavana\u00a0 kaksi pituutta (regular, pitk\u00e4).  Koot (UK): 6-24.  Pituus 12R = 55,5 cm  Pituus 12L= 58cm","og_url":"https:\/\/simonjersey.eu\/fi\/tuote\/naisten-smart-casual-ruudullinen-bleiseri-alegra\/","og_site_name":"Simon Jersey Suomi","article_modified_time":"2023-04-11T09:39:23+00:00","og_image":[{"width":700,"height":1067,"url":"https:\/\/simonjersey.eu\/fi\/wp-content\/uploads\/sites\/3\/2023\/04\/Alegra-Jacket-Navy-Check-700-x-1067-1.jpg","type":"image\/jpeg"}],"twitter_card":"summary_large_image","schema":{"@context":"https:\/\/schema.org","@graph":[{"@type":"WebPage","@id":"https:\/\/simonjersey.eu\/fi\/tuote\/naisten-smart-casual-ruudullinen-bleiseri-alegra\/","url":"https:\/\/simonjersey.eu\/fi\/tuote\/naisten-smart-casual-ruudullinen-bleiseri-alegra\/","name":"Naisten \u201eSmart casual\u201c ruudullinen bleiseri Alegra - Simon Jersey Suomi","isPartOf":{"@id":"https:\/\/simonjersey.eu\/fi\/#website"},"primaryImageOfPage":{"@id":"https:\/\/simonjersey.eu\/fi\/tuote\/naisten-smart-casual-ruudullinen-bleiseri-alegra\/#primaryimage"},"image":{"@id":"https:\/\/simonjersey.eu\/fi\/tuote\/naisten-smart-casual-ruudullinen-bleiseri-alegra\/#primaryimage"},"thumbnailUrl":"https:\/\/simonjersey.eu\/fi\/wp-content\/uploads\/sites\/3\/2023\/04\/Alegra-Jacket-Navy-Check-700-x-1067-1.jpg","datePublished":"2023-04-11T09:33:53+00:00","dateModified":"2023-04-11T09:39:23+00:00","breadcrumb":{"@id":"https:\/\/simonjersey.eu\/fi\/tuote\/naisten-smart-casual-ruudullinen-bleiseri-alegra\/#breadcrumb"},"inLanguage":"fi","potentialAction":[{"@type":"ReadAction","target":["https:\/\/simonjersey.eu\/fi\/tuote\/naisten-smart-casual-ruudullinen-bleiseri-alegra\/"]}]},{"@type":"ImageObject","inLanguage":"fi","@id":"https:\/\/simonjersey.eu\/fi\/tuote\/naisten-smart-casual-ruudullinen-bleiseri-alegra\/#primaryimage","url":"https:\/\/simonjersey.eu\/fi\/wp-content\/uploads\/sites\/3\/2023\/04\/Alegra-Jacket-Navy-Check-700-x-1067-1.jpg","contentUrl":"https:\/\/simonjersey.eu\/fi\/wp-content\/uploads\/sites\/3\/2023\/04\/Alegra-Jacket-Navy-Check-700-x-1067-1.jpg","width":700,"height":1067},{"@type":"BreadcrumbList","@id":"https:\/\/simonjersey.eu\/fi\/tuote\/naisten-smart-casual-ruudullinen-bleiseri-alegra\/#breadcrumb","itemListElement":[{"@type":"ListItem","position":1,"name":"Home","item":"https:\/\/simonjersey.eu\/fi\/"},{"@type":"ListItem","position":2,"name":"Verkkokauppa","item":"https:\/\/simonjersey.eu\/fi\/kauppaan\/"},{"@type":"ListItem","position":3,"name":"Naisten \u201eSmart casual\u201c ruudullinen bleiseri Alegra"}]},{"@type":"WebSite","@id":"https:\/\/simonjersey.eu\/fi\/#website","url":"https:\/\/simonjersey.eu\/fi\/","name":"Simon Jersey Suomi","description":"Tyylikk\u00e4\u00e4t ja kest\u00e4v\u00e4t  ammattiasut","potentialAction":[{"@type":"SearchAction","target":{"@type":"EntryPoint","urlTemplate":"https:\/\/simonjersey.eu\/fi\/?s={search_term_string}"},"query-input":{"@type":"PropertyValueSpecification","valueRequired":true,"valueName":"search_term_string"}}],"inLanguage":"fi"}]}},"_links":{"self":[{"href":"https:\/\/simonjersey.eu\/fi\/wp-json\/wp\/v2\/product\/7552","targetHints":{"allow":["GET"]}}],"collection":[{"href":"https:\/\/simonjersey.eu\/fi\/wp-json\/wp\/v2\/product"}],"about":[{"href":"https:\/\/simonjersey.eu\/fi\/wp-json\/wp\/v2\/types\/product"}],"wp:featuredmedia":[{"embeddable":true,"href":"https:\/\/simonjersey.eu\/fi\/wp-json\/wp\/v2\/media\/7553"}],"wp:attachment":[{"href":"https:\/\/simonjersey.eu\/fi\/wp-json\/wp\/v2\/media?parent=7552"}],"wp:term":[{"taxonomy":"product_brand","embeddable":true,"href":"https:\/\/simonjersey.eu\/fi\/wp-json\/wp\/v2\/product_brand?post=7552"},{"taxonomy":"product_cat","embeddable":true,"href":"https:\/\/simonjersey.eu\/fi\/wp-json\/wp\/v2\/product_cat?post=7552"},{"taxonomy":"product_tag","embeddable":true,"href":"https:\/\/simonjersey.eu\/fi\/wp-json\/wp\/v2\/product_tag?post=7552"}],"curies":[{"name":"wp","href":"https:\/\/api.w.org\/{rel}","templated":true}]}}