{"id":7617,"date":"2023-05-24T07:15:35","date_gmt":"2023-05-24T07:15:35","guid":{"rendered":"https:\/\/simonjersey.eu\/fi\/?post_type=product&#038;p=7617"},"modified":"2023-05-24T07:23:24","modified_gmt":"2023-05-24T07:23:24","slug":"rosalind-korkeavyotaroiset-housut","status":"publish","type":"product","link":"https:\/\/simonjersey.eu\/fi\/tuote\/rosalind-korkeavyotaroiset-housut\/","title":{"rendered":"Rosalind korkeavy\u00f6t\u00e4r\u00f6iset housut"},"content":{"rendered":"","protected":false},"excerpt":{"rendered":"<p>Kierr\u00e4tetty polyesteri on synteettinen materiaali, joka on valmistettu j\u00e4tetuotteista kuten kierr\u00e4tetyist\u00e4 muovipulloista, k\u00e4ytetyist\u00e4 ja kierr\u00e4tetyist\u00e4 tekstiileist\u00e4 sek\u00e4 teollisuuden ylij\u00e4\u00e4m\u00e4materiaaleista. Kierr\u00e4tyspolyesteri on ominaisuuksiltaan t\u00e4ysin uuden polyesterin veroista.<\/p>\n<p>Solmittavat housut, joissa korotettu vy\u00f6t\u00e4r\u00f6linja, vetoketju edess\u00e4, upotetut taskut sivuilla.<\/p>\n<p>Materiaali: 64% Kierr\u00e4tetty polyesteri, 44% viskoosi, 2% lycra. (330gm )<\/p>\n<p>Hoito: 40\u00b0 konepesu, helppohoitoinen.<\/p>\n<p>Kangas testattu Martindale-testij\u00e4rjestelm\u00e4ll\u00e4: &gt; 100 000 kulutusta kest\u00e4v\u00e4<\/p>\n<p>High level of stretch: 14%<\/p>\n<p>Koot (UK): 6-20.( reg, long)<\/p>\n<p>Inside Leg : Regular at size 12R \u201373,5cm<\/p>\n<p>Inside Leg : Long at size 12L \u2013 79cm<\/p>\n<p>&nbsp;<\/p>\n","protected":false},"featured_media":7619,"template":"","meta":[],"product_brand":[],"product_cat":[422,430,38,41,53,68,75,18],"product_tag":[],"class_list":{"0":"post-7617","1":"product","2":"type-product","3":"status-publish","4":"has-post-thumbnail","6":"product_cat-naisten-housut-ja-chinot","7":"product_cat-tyylikas-eclipse","8":"product_cat-housut","9":"product_cat-ravintola-kahvila","10":"product_cat-housut-ravintola-kahvila","11":"product_cat-pukujen-mallistot-hotelli-ja-palveluammatit","12":"product_cat-business-toimisto","13":"product_cat-naisten-housut","15":"first","16":"instock","17":"taxable","18":"shipping-taxable","19":"purchasable","20":"product-type-variable","21":"has-default-attributes"},"yoast_head":"<!-- This site is optimized with the Yoast SEO plugin v27.2 - https:\/\/yoast.com\/product\/yoast-seo-wordpress\/ -->\n<title>Rosalind korkeavy\u00f6t\u00e4r\u00f6iset housut - Simon Jersey Suomi<\/title>\n<meta name=\"robots\" content=\"index, follow, max-snippet:-1, max-image-preview:large, max-video-preview:-1\" \/>\n<link rel=\"canonical\" href=\"https:\/\/simonjersey.eu\/fi\/tuote\/rosalind-korkeavyotaroiset-housut\/\" \/>\n<meta property=\"og:locale\" content=\"fi_FI\" \/>\n<meta property=\"og:type\" content=\"article\" \/>\n<meta property=\"og:title\" content=\"Rosalind korkeavy\u00f6t\u00e4r\u00f6iset housut - Simon Jersey Suomi\" \/>\n<meta property=\"og:description\" content=\"Kierr\u00e4tetty polyesteri on synteettinen materiaali, joka on valmistettu j\u00e4tetuotteista kuten kierr\u00e4tetyist\u00e4 muovipulloista, k\u00e4ytetyist\u00e4 ja kierr\u00e4tetyist\u00e4 tekstiileist\u00e4 sek\u00e4 teollisuuden ylij\u00e4\u00e4m\u00e4materiaaleista. Kierr\u00e4tyspolyesteri on ominaisuuksiltaan t\u00e4ysin uuden polyesterin veroista.  Solmittavat housut, joissa korotettu vy\u00f6t\u00e4r\u00f6linja, vetoketju edess\u00e4, upotetut taskut sivuilla.  Materiaali: 64% Kierr\u00e4tetty polyesteri, 44% viskoosi, 2% lycra. (330gm )  Hoito: 40\u00b0 konepesu, helppohoitoinen.  Kangas testattu Martindale-testij\u00e4rjestelm\u00e4ll\u00e4: &gt; 100 000 kulutusta kest\u00e4v\u00e4  High level of stretch: 14%  Koot (UK): 6-20.( reg, long)  Inside Leg : Regular at size 12R \u201373,5cm  Inside Leg : Long at size 12L \u2013 79cm  &nbsp;\" \/>\n<meta property=\"og:url\" content=\"https:\/\/simonjersey.eu\/fi\/tuote\/rosalind-korkeavyotaroiset-housut\/\" \/>\n<meta property=\"og:site_name\" content=\"Simon Jersey Suomi\" \/>\n<meta property=\"article:modified_time\" content=\"2023-05-24T07:23:24+00:00\" \/>\n<meta property=\"og:image\" content=\"https:\/\/simonjersey.eu\/fi\/wp-content\/uploads\/sites\/3\/2023\/05\/Rosalind-Trouser-Korge-ulaosaga-puksid.jpg\" \/>\n\t<meta property=\"og:image:width\" content=\"700\" \/>\n\t<meta property=\"og:image:height\" content=\"1049\" \/>\n\t<meta property=\"og:image:type\" content=\"image\/jpeg\" \/>\n<meta name=\"twitter:card\" content=\"summary_large_image\" \/>\n<script type=\"application\/ld+json\" class=\"yoast-schema-graph\">{\"@context\":\"https:\/\/schema.org\",\"@graph\":[{\"@type\":\"WebPage\",\"@id\":\"https:\/\/simonjersey.eu\/fi\/tuote\/rosalind-korkeavyotaroiset-housut\/\",\"url\":\"https:\/\/simonjersey.eu\/fi\/tuote\/rosalind-korkeavyotaroiset-housut\/\",\"name\":\"Rosalind korkeavy\u00f6t\u00e4r\u00f6iset housut - Simon Jersey Suomi\",\"isPartOf\":{\"@id\":\"https:\/\/simonjersey.eu\/fi\/#website\"},\"primaryImageOfPage\":{\"@id\":\"https:\/\/simonjersey.eu\/fi\/tuote\/rosalind-korkeavyotaroiset-housut\/#primaryimage\"},\"image\":{\"@id\":\"https:\/\/simonjersey.eu\/fi\/tuote\/rosalind-korkeavyotaroiset-housut\/#primaryimage\"},\"thumbnailUrl\":\"https:\/\/simonjersey.eu\/fi\/wp-content\/uploads\/sites\/3\/2023\/05\/Rosalind-Trouser-Korge-ulaosaga-puksid.jpg\",\"datePublished\":\"2023-05-24T07:15:35+00:00\",\"dateModified\":\"2023-05-24T07:23:24+00:00\",\"breadcrumb\":{\"@id\":\"https:\/\/simonjersey.eu\/fi\/tuote\/rosalind-korkeavyotaroiset-housut\/#breadcrumb\"},\"inLanguage\":\"fi\",\"potentialAction\":[{\"@type\":\"ReadAction\",\"target\":[\"https:\/\/simonjersey.eu\/fi\/tuote\/rosalind-korkeavyotaroiset-housut\/\"]}]},{\"@type\":\"ImageObject\",\"inLanguage\":\"fi\",\"@id\":\"https:\/\/simonjersey.eu\/fi\/tuote\/rosalind-korkeavyotaroiset-housut\/#primaryimage\",\"url\":\"https:\/\/simonjersey.eu\/fi\/wp-content\/uploads\/sites\/3\/2023\/05\/Rosalind-Trouser-Korge-ulaosaga-puksid.jpg\",\"contentUrl\":\"https:\/\/simonjersey.eu\/fi\/wp-content\/uploads\/sites\/3\/2023\/05\/Rosalind-Trouser-Korge-ulaosaga-puksid.jpg\",\"width\":700,\"height\":1049},{\"@type\":\"BreadcrumbList\",\"@id\":\"https:\/\/simonjersey.eu\/fi\/tuote\/rosalind-korkeavyotaroiset-housut\/#breadcrumb\",\"itemListElement\":[{\"@type\":\"ListItem\",\"position\":1,\"name\":\"Home\",\"item\":\"https:\/\/simonjersey.eu\/fi\/\"},{\"@type\":\"ListItem\",\"position\":2,\"name\":\"Verkkokauppa\",\"item\":\"https:\/\/simonjersey.eu\/fi\/kauppaan\/\"},{\"@type\":\"ListItem\",\"position\":3,\"name\":\"Rosalind korkeavy\u00f6t\u00e4r\u00f6iset housut\"}]},{\"@type\":\"WebSite\",\"@id\":\"https:\/\/simonjersey.eu\/fi\/#website\",\"url\":\"https:\/\/simonjersey.eu\/fi\/\",\"name\":\"Simon Jersey Suomi\",\"description\":\"Tyylikk\u00e4\u00e4t ja kest\u00e4v\u00e4t  ammattiasut\",\"potentialAction\":[{\"@type\":\"SearchAction\",\"target\":{\"@type\":\"EntryPoint\",\"urlTemplate\":\"https:\/\/simonjersey.eu\/fi\/?s={search_term_string}\"},\"query-input\":{\"@type\":\"PropertyValueSpecification\",\"valueRequired\":true,\"valueName\":\"search_term_string\"}}],\"inLanguage\":\"fi\"}]}<\/script>\n<!-- \/ Yoast SEO plugin. -->","yoast_head_json":{"title":"Rosalind korkeavy\u00f6t\u00e4r\u00f6iset housut - Simon Jersey Suomi","robots":{"index":"index","follow":"follow","max-snippet":"max-snippet:-1","max-image-preview":"max-image-preview:large","max-video-preview":"max-video-preview:-1"},"canonical":"https:\/\/simonjersey.eu\/fi\/tuote\/rosalind-korkeavyotaroiset-housut\/","og_locale":"fi_FI","og_type":"article","og_title":"Rosalind korkeavy\u00f6t\u00e4r\u00f6iset housut - Simon Jersey Suomi","og_description":"Kierr\u00e4tetty polyesteri on synteettinen materiaali, joka on valmistettu j\u00e4tetuotteista kuten kierr\u00e4tetyist\u00e4 muovipulloista, k\u00e4ytetyist\u00e4 ja kierr\u00e4tetyist\u00e4 tekstiileist\u00e4 sek\u00e4 teollisuuden ylij\u00e4\u00e4m\u00e4materiaaleista. Kierr\u00e4tyspolyesteri on ominaisuuksiltaan t\u00e4ysin uuden polyesterin veroista.  Solmittavat housut, joissa korotettu vy\u00f6t\u00e4r\u00f6linja, vetoketju edess\u00e4, upotetut taskut sivuilla.  Materiaali: 64% Kierr\u00e4tetty polyesteri, 44% viskoosi, 2% lycra. (330gm )  Hoito: 40\u00b0 konepesu, helppohoitoinen.  Kangas testattu Martindale-testij\u00e4rjestelm\u00e4ll\u00e4: &gt; 100 000 kulutusta kest\u00e4v\u00e4  High level of stretch: 14%  Koot (UK): 6-20.( reg, long)  Inside Leg : Regular at size 12R \u201373,5cm  Inside Leg : Long at size 12L \u2013 79cm  &nbsp;","og_url":"https:\/\/simonjersey.eu\/fi\/tuote\/rosalind-korkeavyotaroiset-housut\/","og_site_name":"Simon Jersey Suomi","article_modified_time":"2023-05-24T07:23:24+00:00","og_image":[{"width":700,"height":1049,"url":"https:\/\/simonjersey.eu\/fi\/wp-content\/uploads\/sites\/3\/2023\/05\/Rosalind-Trouser-Korge-ulaosaga-puksid.jpg","type":"image\/jpeg"}],"twitter_card":"summary_large_image","schema":{"@context":"https:\/\/schema.org","@graph":[{"@type":"WebPage","@id":"https:\/\/simonjersey.eu\/fi\/tuote\/rosalind-korkeavyotaroiset-housut\/","url":"https:\/\/simonjersey.eu\/fi\/tuote\/rosalind-korkeavyotaroiset-housut\/","name":"Rosalind korkeavy\u00f6t\u00e4r\u00f6iset housut - Simon Jersey Suomi","isPartOf":{"@id":"https:\/\/simonjersey.eu\/fi\/#website"},"primaryImageOfPage":{"@id":"https:\/\/simonjersey.eu\/fi\/tuote\/rosalind-korkeavyotaroiset-housut\/#primaryimage"},"image":{"@id":"https:\/\/simonjersey.eu\/fi\/tuote\/rosalind-korkeavyotaroiset-housut\/#primaryimage"},"thumbnailUrl":"https:\/\/simonjersey.eu\/fi\/wp-content\/uploads\/sites\/3\/2023\/05\/Rosalind-Trouser-Korge-ulaosaga-puksid.jpg","datePublished":"2023-05-24T07:15:35+00:00","dateModified":"2023-05-24T07:23:24+00:00","breadcrumb":{"@id":"https:\/\/simonjersey.eu\/fi\/tuote\/rosalind-korkeavyotaroiset-housut\/#breadcrumb"},"inLanguage":"fi","potentialAction":[{"@type":"ReadAction","target":["https:\/\/simonjersey.eu\/fi\/tuote\/rosalind-korkeavyotaroiset-housut\/"]}]},{"@type":"ImageObject","inLanguage":"fi","@id":"https:\/\/simonjersey.eu\/fi\/tuote\/rosalind-korkeavyotaroiset-housut\/#primaryimage","url":"https:\/\/simonjersey.eu\/fi\/wp-content\/uploads\/sites\/3\/2023\/05\/Rosalind-Trouser-Korge-ulaosaga-puksid.jpg","contentUrl":"https:\/\/simonjersey.eu\/fi\/wp-content\/uploads\/sites\/3\/2023\/05\/Rosalind-Trouser-Korge-ulaosaga-puksid.jpg","width":700,"height":1049},{"@type":"BreadcrumbList","@id":"https:\/\/simonjersey.eu\/fi\/tuote\/rosalind-korkeavyotaroiset-housut\/#breadcrumb","itemListElement":[{"@type":"ListItem","position":1,"name":"Home","item":"https:\/\/simonjersey.eu\/fi\/"},{"@type":"ListItem","position":2,"name":"Verkkokauppa","item":"https:\/\/simonjersey.eu\/fi\/kauppaan\/"},{"@type":"ListItem","position":3,"name":"Rosalind korkeavy\u00f6t\u00e4r\u00f6iset housut"}]},{"@type":"WebSite","@id":"https:\/\/simonjersey.eu\/fi\/#website","url":"https:\/\/simonjersey.eu\/fi\/","name":"Simon Jersey Suomi","description":"Tyylikk\u00e4\u00e4t ja kest\u00e4v\u00e4t  ammattiasut","potentialAction":[{"@type":"SearchAction","target":{"@type":"EntryPoint","urlTemplate":"https:\/\/simonjersey.eu\/fi\/?s={search_term_string}"},"query-input":{"@type":"PropertyValueSpecification","valueRequired":true,"valueName":"search_term_string"}}],"inLanguage":"fi"}]}},"_links":{"self":[{"href":"https:\/\/simonjersey.eu\/fi\/wp-json\/wp\/v2\/product\/7617","targetHints":{"allow":["GET"]}}],"collection":[{"href":"https:\/\/simonjersey.eu\/fi\/wp-json\/wp\/v2\/product"}],"about":[{"href":"https:\/\/simonjersey.eu\/fi\/wp-json\/wp\/v2\/types\/product"}],"wp:featuredmedia":[{"embeddable":true,"href":"https:\/\/simonjersey.eu\/fi\/wp-json\/wp\/v2\/media\/7619"}],"wp:attachment":[{"href":"https:\/\/simonjersey.eu\/fi\/wp-json\/wp\/v2\/media?parent=7617"}],"wp:term":[{"taxonomy":"product_brand","embeddable":true,"href":"https:\/\/simonjersey.eu\/fi\/wp-json\/wp\/v2\/product_brand?post=7617"},{"taxonomy":"product_cat","embeddable":true,"href":"https:\/\/simonjersey.eu\/fi\/wp-json\/wp\/v2\/product_cat?post=7617"},{"taxonomy":"product_tag","embeddable":true,"href":"https:\/\/simonjersey.eu\/fi\/wp-json\/wp\/v2\/product_tag?post=7617"}],"curies":[{"name":"wp","href":"https:\/\/api.w.org\/{rel}","templated":true}]}}