{"id":7746,"date":"2023-07-19T09:35:24","date_gmt":"2023-07-19T09:35:24","guid":{"rendered":"https:\/\/simonjersey.eu\/fi\/?post_type=product&#038;p=7746"},"modified":"2024-10-22T09:12:56","modified_gmt":"2024-10-22T09:12:56","slug":"bpnaisten-superkevyt-joustava-tunika","status":"publish","type":"product","link":"https:\/\/simonjersey.eu\/fi\/tuote\/bpnaisten-superkevyt-joustava-tunika\/","title":{"rendered":"BP\u00aenaisten superkevyt joustava tunika"},"content":{"rendered":"","protected":false},"excerpt":{"rendered":"<h4>Tutustu uusiin BP-merkkisiin l\u00e4\u00e4kevaatteisiimme, suoraan Saksasta<\/h4>\n<p>Mukava, k\u00e4yt\u00e4nn\u00f6llinen ja hengitt\u00e4v\u00e4, ihanteellinen valinta sairaanhoitajille hoitolaitoksissa sek\u00e4 l\u00e4\u00e4k\u00e4reille. Valmistettu kest\u00e4v\u00e4st\u00e4 materiaalista, joka on kevyt ja hengitt\u00e4v\u00e4<strong>.<\/strong><\/p>\n<h4>Eritt\u00e4in kevyt joustava kangas optimaalisen k\u00e4ytt\u00f6mukavuuden takaamiseksi, 1\/2-hiha halkiolla, V-p\u00e4\u00e4ntie, piilotettu painonapit, 2 suurta sivutaskua, joista toisessa on avainlenkki ja toisessa hakutasku, sivuhalkiot. Maksimaalinen mukavuus ja pitk\u00e4kestoisuus!<\/h4>\n<h4>Eritt\u00e4in kevyt kangas 150 g\/m\u00b2<\/h4>\n<h4>Materiaali: 49 % puuvillaa, 48 % polyesteri\u00e4, 3 % elastolefiinia<\/h4>\n<h4>Huolto: 95\u00b0 konepesu, helppohoitoinen, pitk\u00e4ik\u00e4inen.<\/h4>\n<h4>Pituus: 77 cm.<\/h4>\n<h4>koot: XS-3XL.<\/h4>\n","protected":false},"featured_media":7756,"template":"","meta":[],"product_brand":[],"product_cat":[69,70,30],"product_tag":[],"class_list":{"0":"post-7746","1":"product","2":"type-product","3":"status-publish","4":"has-post-thumbnail","6":"product_cat-hyvinvoinit-hoitoala","7":"product_cat-naisten-hoitopaidat-ja-jakut","8":"product_cat-laakealan-vaatteet","10":"first","11":"instock","12":"taxable","13":"shipping-taxable","14":"purchasable","15":"product-type-variable"},"yoast_head":"<!-- This site is optimized with the Yoast SEO plugin v27.2 - https:\/\/yoast.com\/product\/yoast-seo-wordpress\/ -->\n<title>BP\u00aenaisten superkevyt joustava tunika - Simon Jersey Suomi<\/title>\n<meta name=\"robots\" content=\"index, follow, max-snippet:-1, max-image-preview:large, max-video-preview:-1\" \/>\n<link rel=\"canonical\" href=\"https:\/\/simonjersey.eu\/fi\/tuote\/bpnaisten-superkevyt-joustava-tunika\/\" \/>\n<meta property=\"og:locale\" content=\"fi_FI\" \/>\n<meta property=\"og:type\" content=\"article\" \/>\n<meta property=\"og:title\" content=\"BP\u00aenaisten superkevyt joustava tunika - Simon Jersey Suomi\" \/>\n<meta property=\"og:description\" content=\"Tutustu uusiin BP-merkkisiin l\u00e4\u00e4kevaatteisiimme, suoraan Saksasta Mukava, k\u00e4yt\u00e4nn\u00f6llinen ja hengitt\u00e4v\u00e4, ihanteellinen valinta sairaanhoitajille hoitolaitoksissa sek\u00e4 l\u00e4\u00e4k\u00e4reille. Valmistettu kest\u00e4v\u00e4st\u00e4 materiaalista, joka on kevyt ja hengitt\u00e4v\u00e4. Eritt\u00e4in kevyt joustava kangas optimaalisen k\u00e4ytt\u00f6mukavuuden takaamiseksi, 1\/2-hiha halkiolla, V-p\u00e4\u00e4ntie, piilotettu painonapit, 2 suurta sivutaskua, joista toisessa on avainlenkki ja toisessa hakutasku, sivuhalkiot. Maksimaalinen mukavuus ja pitk\u00e4kestoisuus! Eritt\u00e4in kevyt kangas 150 g\/m\u00b2 Materiaali: 49 % puuvillaa, 48 % polyesteri\u00e4, 3 % elastolefiinia Huolto: 95\u00b0 konepesu, helppohoitoinen, pitk\u00e4ik\u00e4inen. Pituus: 77 cm. koot: XS-3XL.\" \/>\n<meta property=\"og:url\" content=\"https:\/\/simonjersey.eu\/fi\/tuote\/bpnaisten-superkevyt-joustava-tunika\/\" \/>\n<meta property=\"og:site_name\" content=\"Simon Jersey Suomi\" \/>\n<meta property=\"article:modified_time\" content=\"2024-10-22T09:12:56+00:00\" \/>\n<meta property=\"og:image\" content=\"https:\/\/simonjersey.eu\/fi\/wp-content\/uploads\/sites\/3\/2023\/07\/1764-meditsiinijakk-.jpg\" \/>\n\t<meta property=\"og:image:width\" content=\"1200\" \/>\n\t<meta property=\"og:image:height\" content=\"1688\" \/>\n\t<meta property=\"og:image:type\" content=\"image\/jpeg\" \/>\n<meta name=\"twitter:card\" content=\"summary_large_image\" \/>\n<meta name=\"twitter:label1\" content=\"Arvioitu lukuaika\" \/>\n\t<meta name=\"twitter:data1\" content=\"1 minuutti\" \/>\n<script type=\"application\/ld+json\" class=\"yoast-schema-graph\">{\"@context\":\"https:\/\/schema.org\",\"@graph\":[{\"@type\":\"WebPage\",\"@id\":\"https:\/\/simonjersey.eu\/fi\/tuote\/bpnaisten-superkevyt-joustava-tunika\/\",\"url\":\"https:\/\/simonjersey.eu\/fi\/tuote\/bpnaisten-superkevyt-joustava-tunika\/\",\"name\":\"BP\u00aenaisten superkevyt joustava tunika - Simon Jersey Suomi\",\"isPartOf\":{\"@id\":\"https:\/\/simonjersey.eu\/fi\/#website\"},\"primaryImageOfPage\":{\"@id\":\"https:\/\/simonjersey.eu\/fi\/tuote\/bpnaisten-superkevyt-joustava-tunika\/#primaryimage\"},\"image\":{\"@id\":\"https:\/\/simonjersey.eu\/fi\/tuote\/bpnaisten-superkevyt-joustava-tunika\/#primaryimage\"},\"thumbnailUrl\":\"https:\/\/simonjersey.eu\/fi\/wp-content\/uploads\/sites\/3\/2023\/07\/1764-meditsiinijakk-.jpg\",\"datePublished\":\"2023-07-19T09:35:24+00:00\",\"dateModified\":\"2024-10-22T09:12:56+00:00\",\"breadcrumb\":{\"@id\":\"https:\/\/simonjersey.eu\/fi\/tuote\/bpnaisten-superkevyt-joustava-tunika\/#breadcrumb\"},\"inLanguage\":\"fi\",\"potentialAction\":[{\"@type\":\"ReadAction\",\"target\":[\"https:\/\/simonjersey.eu\/fi\/tuote\/bpnaisten-superkevyt-joustava-tunika\/\"]}]},{\"@type\":\"ImageObject\",\"inLanguage\":\"fi\",\"@id\":\"https:\/\/simonjersey.eu\/fi\/tuote\/bpnaisten-superkevyt-joustava-tunika\/#primaryimage\",\"url\":\"https:\/\/simonjersey.eu\/fi\/wp-content\/uploads\/sites\/3\/2023\/07\/1764-meditsiinijakk-.jpg\",\"contentUrl\":\"https:\/\/simonjersey.eu\/fi\/wp-content\/uploads\/sites\/3\/2023\/07\/1764-meditsiinijakk-.jpg\",\"width\":1200,\"height\":1688},{\"@type\":\"BreadcrumbList\",\"@id\":\"https:\/\/simonjersey.eu\/fi\/tuote\/bpnaisten-superkevyt-joustava-tunika\/#breadcrumb\",\"itemListElement\":[{\"@type\":\"ListItem\",\"position\":1,\"name\":\"Home\",\"item\":\"https:\/\/simonjersey.eu\/fi\/\"},{\"@type\":\"ListItem\",\"position\":2,\"name\":\"Verkkokauppa\",\"item\":\"https:\/\/simonjersey.eu\/fi\/kauppaan\/\"},{\"@type\":\"ListItem\",\"position\":3,\"name\":\"BP\u00aenaisten superkevyt joustava tunika\"}]},{\"@type\":\"WebSite\",\"@id\":\"https:\/\/simonjersey.eu\/fi\/#website\",\"url\":\"https:\/\/simonjersey.eu\/fi\/\",\"name\":\"Simon Jersey Suomi\",\"description\":\"Tyylikk\u00e4\u00e4t ja kest\u00e4v\u00e4t  ammattiasut\",\"potentialAction\":[{\"@type\":\"SearchAction\",\"target\":{\"@type\":\"EntryPoint\",\"urlTemplate\":\"https:\/\/simonjersey.eu\/fi\/?s={search_term_string}\"},\"query-input\":{\"@type\":\"PropertyValueSpecification\",\"valueRequired\":true,\"valueName\":\"search_term_string\"}}],\"inLanguage\":\"fi\"}]}<\/script>\n<!-- \/ Yoast SEO plugin. -->","yoast_head_json":{"title":"BP\u00aenaisten superkevyt joustava tunika - Simon Jersey Suomi","robots":{"index":"index","follow":"follow","max-snippet":"max-snippet:-1","max-image-preview":"max-image-preview:large","max-video-preview":"max-video-preview:-1"},"canonical":"https:\/\/simonjersey.eu\/fi\/tuote\/bpnaisten-superkevyt-joustava-tunika\/","og_locale":"fi_FI","og_type":"article","og_title":"BP\u00aenaisten superkevyt joustava tunika - Simon Jersey Suomi","og_description":"Tutustu uusiin BP-merkkisiin l\u00e4\u00e4kevaatteisiimme, suoraan Saksasta Mukava, k\u00e4yt\u00e4nn\u00f6llinen ja hengitt\u00e4v\u00e4, ihanteellinen valinta sairaanhoitajille hoitolaitoksissa sek\u00e4 l\u00e4\u00e4k\u00e4reille. Valmistettu kest\u00e4v\u00e4st\u00e4 materiaalista, joka on kevyt ja hengitt\u00e4v\u00e4. Eritt\u00e4in kevyt joustava kangas optimaalisen k\u00e4ytt\u00f6mukavuuden takaamiseksi, 1\/2-hiha halkiolla, V-p\u00e4\u00e4ntie, piilotettu painonapit, 2 suurta sivutaskua, joista toisessa on avainlenkki ja toisessa hakutasku, sivuhalkiot. Maksimaalinen mukavuus ja pitk\u00e4kestoisuus! Eritt\u00e4in kevyt kangas 150 g\/m\u00b2 Materiaali: 49 % puuvillaa, 48 % polyesteri\u00e4, 3 % elastolefiinia Huolto: 95\u00b0 konepesu, helppohoitoinen, pitk\u00e4ik\u00e4inen. Pituus: 77 cm. koot: XS-3XL.","og_url":"https:\/\/simonjersey.eu\/fi\/tuote\/bpnaisten-superkevyt-joustava-tunika\/","og_site_name":"Simon Jersey Suomi","article_modified_time":"2024-10-22T09:12:56+00:00","og_image":[{"width":1200,"height":1688,"url":"https:\/\/simonjersey.eu\/fi\/wp-content\/uploads\/sites\/3\/2023\/07\/1764-meditsiinijakk-.jpg","type":"image\/jpeg"}],"twitter_card":"summary_large_image","twitter_misc":{"Arvioitu lukuaika":"1 minuutti"},"schema":{"@context":"https:\/\/schema.org","@graph":[{"@type":"WebPage","@id":"https:\/\/simonjersey.eu\/fi\/tuote\/bpnaisten-superkevyt-joustava-tunika\/","url":"https:\/\/simonjersey.eu\/fi\/tuote\/bpnaisten-superkevyt-joustava-tunika\/","name":"BP\u00aenaisten superkevyt joustava tunika - Simon Jersey Suomi","isPartOf":{"@id":"https:\/\/simonjersey.eu\/fi\/#website"},"primaryImageOfPage":{"@id":"https:\/\/simonjersey.eu\/fi\/tuote\/bpnaisten-superkevyt-joustava-tunika\/#primaryimage"},"image":{"@id":"https:\/\/simonjersey.eu\/fi\/tuote\/bpnaisten-superkevyt-joustava-tunika\/#primaryimage"},"thumbnailUrl":"https:\/\/simonjersey.eu\/fi\/wp-content\/uploads\/sites\/3\/2023\/07\/1764-meditsiinijakk-.jpg","datePublished":"2023-07-19T09:35:24+00:00","dateModified":"2024-10-22T09:12:56+00:00","breadcrumb":{"@id":"https:\/\/simonjersey.eu\/fi\/tuote\/bpnaisten-superkevyt-joustava-tunika\/#breadcrumb"},"inLanguage":"fi","potentialAction":[{"@type":"ReadAction","target":["https:\/\/simonjersey.eu\/fi\/tuote\/bpnaisten-superkevyt-joustava-tunika\/"]}]},{"@type":"ImageObject","inLanguage":"fi","@id":"https:\/\/simonjersey.eu\/fi\/tuote\/bpnaisten-superkevyt-joustava-tunika\/#primaryimage","url":"https:\/\/simonjersey.eu\/fi\/wp-content\/uploads\/sites\/3\/2023\/07\/1764-meditsiinijakk-.jpg","contentUrl":"https:\/\/simonjersey.eu\/fi\/wp-content\/uploads\/sites\/3\/2023\/07\/1764-meditsiinijakk-.jpg","width":1200,"height":1688},{"@type":"BreadcrumbList","@id":"https:\/\/simonjersey.eu\/fi\/tuote\/bpnaisten-superkevyt-joustava-tunika\/#breadcrumb","itemListElement":[{"@type":"ListItem","position":1,"name":"Home","item":"https:\/\/simonjersey.eu\/fi\/"},{"@type":"ListItem","position":2,"name":"Verkkokauppa","item":"https:\/\/simonjersey.eu\/fi\/kauppaan\/"},{"@type":"ListItem","position":3,"name":"BP\u00aenaisten superkevyt joustava tunika"}]},{"@type":"WebSite","@id":"https:\/\/simonjersey.eu\/fi\/#website","url":"https:\/\/simonjersey.eu\/fi\/","name":"Simon Jersey Suomi","description":"Tyylikk\u00e4\u00e4t ja kest\u00e4v\u00e4t  ammattiasut","potentialAction":[{"@type":"SearchAction","target":{"@type":"EntryPoint","urlTemplate":"https:\/\/simonjersey.eu\/fi\/?s={search_term_string}"},"query-input":{"@type":"PropertyValueSpecification","valueRequired":true,"valueName":"search_term_string"}}],"inLanguage":"fi"}]}},"_links":{"self":[{"href":"https:\/\/simonjersey.eu\/fi\/wp-json\/wp\/v2\/product\/7746","targetHints":{"allow":["GET"]}}],"collection":[{"href":"https:\/\/simonjersey.eu\/fi\/wp-json\/wp\/v2\/product"}],"about":[{"href":"https:\/\/simonjersey.eu\/fi\/wp-json\/wp\/v2\/types\/product"}],"wp:featuredmedia":[{"embeddable":true,"href":"https:\/\/simonjersey.eu\/fi\/wp-json\/wp\/v2\/media\/7756"}],"wp:attachment":[{"href":"https:\/\/simonjersey.eu\/fi\/wp-json\/wp\/v2\/media?parent=7746"}],"wp:term":[{"taxonomy":"product_brand","embeddable":true,"href":"https:\/\/simonjersey.eu\/fi\/wp-json\/wp\/v2\/product_brand?post=7746"},{"taxonomy":"product_cat","embeddable":true,"href":"https:\/\/simonjersey.eu\/fi\/wp-json\/wp\/v2\/product_cat?post=7746"},{"taxonomy":"product_tag","embeddable":true,"href":"https:\/\/simonjersey.eu\/fi\/wp-json\/wp\/v2\/product_tag?post=7746"}],"curies":[{"name":"wp","href":"https:\/\/api.w.org\/{rel}","templated":true}]}}