{"id":7768,"date":"2023-07-20T08:20:25","date_gmt":"2023-07-20T08:20:25","guid":{"rendered":"https:\/\/simonjersey.eu\/fi\/?post_type=product&#038;p=7768"},"modified":"2025-01-27T12:37:30","modified_gmt":"2025-01-27T12:37:30","slug":"bp-stretch-hotajan-housut-naisille","status":"publish","type":"product","link":"https:\/\/simonjersey.eu\/fi\/tuote\/bp-stretch-hotajan-housut-naisille\/","title":{"rendered":"BP\u00ae Stretch hotajan housut naisille"},"content":{"rendered":"","protected":false},"excerpt":{"rendered":"<p>Tyylikk\u00e4\u00e4t ja trendikk\u00e4\u00e4t BP \u00ae \u00a0naisten housut sopivat sairaanhoitajille ja l\u00e4\u00e4k\u00e4reille sek\u00e4 hierojille ja fysioterapeuteille. Erinomaisen kankaan koostumuksen ansiosta housut ovat kevyet, mukavat ja istuvat hyvin. Housuissa on joustava vy\u00f6t\u00e4r\u00f6nauha ja kiristysny\u00f6ri, kaksi sivutaskua.<\/p>\n<p>Materiaali: : 40% cotton\/35% polyester\/25% elastolefin, \/ 240 g\/m<\/p>\n<p>Hoito-ohje: konepesu 95\u00baC \u00a0SUITABLE FOR INDUSTRIAL LAUNDERING!<\/p>\n<p>Koot UK: 8-30<\/p>\n","protected":false},"featured_media":9064,"template":"","meta":[],"product_brand":[],"product_cat":[36,38,69,72,30],"product_tag":[],"class_list":{"0":"post-7768","1":"product","2":"type-product","3":"status-publish","4":"has-post-thumbnail","6":"product_cat-kauneus-spa","7":"product_cat-housut","8":"product_cat-hyvinvoinit-hoitoala","9":"product_cat-laakeala-housut","10":"product_cat-laakealan-vaatteet","12":"first","13":"instock","14":"taxable","15":"shipping-taxable","16":"purchasable","17":"product-type-variable","18":"has-default-attributes"},"yoast_head":"<!-- This site is optimized with the Yoast SEO plugin v27.2 - https:\/\/yoast.com\/product\/yoast-seo-wordpress\/ -->\n<title>BP\u00ae Stretch hotajan housut naisille - Simon Jersey Suomi<\/title>\n<meta name=\"robots\" content=\"index, follow, max-snippet:-1, max-image-preview:large, max-video-preview:-1\" \/>\n<link rel=\"canonical\" href=\"https:\/\/simonjersey.eu\/fi\/tuote\/bp-stretch-hotajan-housut-naisille\/\" \/>\n<meta property=\"og:locale\" content=\"fi_FI\" \/>\n<meta property=\"og:type\" content=\"article\" \/>\n<meta property=\"og:title\" content=\"BP\u00ae Stretch hotajan housut naisille - Simon Jersey Suomi\" \/>\n<meta property=\"og:description\" content=\"Tyylikk\u00e4\u00e4t ja trendikk\u00e4\u00e4t BP \u00ae \u00a0naisten housut sopivat sairaanhoitajille ja l\u00e4\u00e4k\u00e4reille sek\u00e4 hierojille ja fysioterapeuteille. Erinomaisen kankaan koostumuksen ansiosta housut ovat kevyet, mukavat ja istuvat hyvin. Housuissa on joustava vy\u00f6t\u00e4r\u00f6nauha ja kiristysny\u00f6ri, kaksi sivutaskua.  Materiaali: : 40% cotton\/35% polyester\/25% elastolefin, \/ 240 g\/m  Hoito-ohje: konepesu 95\u00baC \u00a0SUITABLE FOR INDUSTRIAL LAUNDERING!  Koot UK: 8-30\" \/>\n<meta property=\"og:url\" content=\"https:\/\/simonjersey.eu\/fi\/tuote\/bp-stretch-hotajan-housut-naisille\/\" \/>\n<meta property=\"og:site_name\" content=\"Simon Jersey Suomi\" \/>\n<meta property=\"article:modified_time\" content=\"2025-01-27T12:37:30+00:00\" \/>\n<meta property=\"og:image\" content=\"https:\/\/simonjersey.eu\/fi\/wp-content\/uploads\/sites\/3\/2023\/07\/BP\u00ae-valged-stretch-meditsiinipuksid-naistele-kaanepilt.png\" \/>\n\t<meta property=\"og:image:width\" content=\"700\" \/>\n\t<meta property=\"og:image:height\" content=\"1049\" \/>\n\t<meta property=\"og:image:type\" content=\"image\/png\" \/>\n<meta name=\"twitter:card\" content=\"summary_large_image\" \/>\n<meta name=\"twitter:label1\" content=\"Arvioitu lukuaika\" \/>\n\t<meta name=\"twitter:data1\" content=\"1 minuutti\" \/>\n<script type=\"application\/ld+json\" class=\"yoast-schema-graph\">{\"@context\":\"https:\/\/schema.org\",\"@graph\":[{\"@type\":\"WebPage\",\"@id\":\"https:\/\/simonjersey.eu\/fi\/tuote\/bp-stretch-hotajan-housut-naisille\/\",\"url\":\"https:\/\/simonjersey.eu\/fi\/tuote\/bp-stretch-hotajan-housut-naisille\/\",\"name\":\"BP\u00ae Stretch hotajan housut naisille - Simon Jersey Suomi\",\"isPartOf\":{\"@id\":\"https:\/\/simonjersey.eu\/fi\/#website\"},\"primaryImageOfPage\":{\"@id\":\"https:\/\/simonjersey.eu\/fi\/tuote\/bp-stretch-hotajan-housut-naisille\/#primaryimage\"},\"image\":{\"@id\":\"https:\/\/simonjersey.eu\/fi\/tuote\/bp-stretch-hotajan-housut-naisille\/#primaryimage\"},\"thumbnailUrl\":\"https:\/\/simonjersey.eu\/fi\/wp-content\/uploads\/sites\/3\/2023\/07\/BP\u00ae-valged-stretch-meditsiinipuksid-naistele-kaanepilt.png\",\"datePublished\":\"2023-07-20T08:20:25+00:00\",\"dateModified\":\"2025-01-27T12:37:30+00:00\",\"breadcrumb\":{\"@id\":\"https:\/\/simonjersey.eu\/fi\/tuote\/bp-stretch-hotajan-housut-naisille\/#breadcrumb\"},\"inLanguage\":\"fi\",\"potentialAction\":[{\"@type\":\"ReadAction\",\"target\":[\"https:\/\/simonjersey.eu\/fi\/tuote\/bp-stretch-hotajan-housut-naisille\/\"]}]},{\"@type\":\"ImageObject\",\"inLanguage\":\"fi\",\"@id\":\"https:\/\/simonjersey.eu\/fi\/tuote\/bp-stretch-hotajan-housut-naisille\/#primaryimage\",\"url\":\"https:\/\/simonjersey.eu\/fi\/wp-content\/uploads\/sites\/3\/2023\/07\/BP\u00ae-valged-stretch-meditsiinipuksid-naistele-kaanepilt.png\",\"contentUrl\":\"https:\/\/simonjersey.eu\/fi\/wp-content\/uploads\/sites\/3\/2023\/07\/BP\u00ae-valged-stretch-meditsiinipuksid-naistele-kaanepilt.png\",\"width\":700,\"height\":1049},{\"@type\":\"BreadcrumbList\",\"@id\":\"https:\/\/simonjersey.eu\/fi\/tuote\/bp-stretch-hotajan-housut-naisille\/#breadcrumb\",\"itemListElement\":[{\"@type\":\"ListItem\",\"position\":1,\"name\":\"Home\",\"item\":\"https:\/\/simonjersey.eu\/fi\/\"},{\"@type\":\"ListItem\",\"position\":2,\"name\":\"Verkkokauppa\",\"item\":\"https:\/\/simonjersey.eu\/fi\/kauppaan\/\"},{\"@type\":\"ListItem\",\"position\":3,\"name\":\"BP\u00ae Stretch hotajan housut naisille\"}]},{\"@type\":\"WebSite\",\"@id\":\"https:\/\/simonjersey.eu\/fi\/#website\",\"url\":\"https:\/\/simonjersey.eu\/fi\/\",\"name\":\"Simon Jersey Suomi\",\"description\":\"Tyylikk\u00e4\u00e4t ja kest\u00e4v\u00e4t  ammattiasut\",\"potentialAction\":[{\"@type\":\"SearchAction\",\"target\":{\"@type\":\"EntryPoint\",\"urlTemplate\":\"https:\/\/simonjersey.eu\/fi\/?s={search_term_string}\"},\"query-input\":{\"@type\":\"PropertyValueSpecification\",\"valueRequired\":true,\"valueName\":\"search_term_string\"}}],\"inLanguage\":\"fi\"}]}<\/script>\n<!-- \/ Yoast SEO plugin. -->","yoast_head_json":{"title":"BP\u00ae Stretch hotajan housut naisille - Simon Jersey Suomi","robots":{"index":"index","follow":"follow","max-snippet":"max-snippet:-1","max-image-preview":"max-image-preview:large","max-video-preview":"max-video-preview:-1"},"canonical":"https:\/\/simonjersey.eu\/fi\/tuote\/bp-stretch-hotajan-housut-naisille\/","og_locale":"fi_FI","og_type":"article","og_title":"BP\u00ae Stretch hotajan housut naisille - Simon Jersey Suomi","og_description":"Tyylikk\u00e4\u00e4t ja trendikk\u00e4\u00e4t BP \u00ae \u00a0naisten housut sopivat sairaanhoitajille ja l\u00e4\u00e4k\u00e4reille sek\u00e4 hierojille ja fysioterapeuteille. Erinomaisen kankaan koostumuksen ansiosta housut ovat kevyet, mukavat ja istuvat hyvin. Housuissa on joustava vy\u00f6t\u00e4r\u00f6nauha ja kiristysny\u00f6ri, kaksi sivutaskua.  Materiaali: : 40% cotton\/35% polyester\/25% elastolefin, \/ 240 g\/m  Hoito-ohje: konepesu 95\u00baC \u00a0SUITABLE FOR INDUSTRIAL LAUNDERING!  Koot UK: 8-30","og_url":"https:\/\/simonjersey.eu\/fi\/tuote\/bp-stretch-hotajan-housut-naisille\/","og_site_name":"Simon Jersey Suomi","article_modified_time":"2025-01-27T12:37:30+00:00","og_image":[{"width":700,"height":1049,"url":"https:\/\/simonjersey.eu\/fi\/wp-content\/uploads\/sites\/3\/2023\/07\/BP\u00ae-valged-stretch-meditsiinipuksid-naistele-kaanepilt.png","type":"image\/png"}],"twitter_card":"summary_large_image","twitter_misc":{"Arvioitu lukuaika":"1 minuutti"},"schema":{"@context":"https:\/\/schema.org","@graph":[{"@type":"WebPage","@id":"https:\/\/simonjersey.eu\/fi\/tuote\/bp-stretch-hotajan-housut-naisille\/","url":"https:\/\/simonjersey.eu\/fi\/tuote\/bp-stretch-hotajan-housut-naisille\/","name":"BP\u00ae Stretch hotajan housut naisille - Simon Jersey Suomi","isPartOf":{"@id":"https:\/\/simonjersey.eu\/fi\/#website"},"primaryImageOfPage":{"@id":"https:\/\/simonjersey.eu\/fi\/tuote\/bp-stretch-hotajan-housut-naisille\/#primaryimage"},"image":{"@id":"https:\/\/simonjersey.eu\/fi\/tuote\/bp-stretch-hotajan-housut-naisille\/#primaryimage"},"thumbnailUrl":"https:\/\/simonjersey.eu\/fi\/wp-content\/uploads\/sites\/3\/2023\/07\/BP\u00ae-valged-stretch-meditsiinipuksid-naistele-kaanepilt.png","datePublished":"2023-07-20T08:20:25+00:00","dateModified":"2025-01-27T12:37:30+00:00","breadcrumb":{"@id":"https:\/\/simonjersey.eu\/fi\/tuote\/bp-stretch-hotajan-housut-naisille\/#breadcrumb"},"inLanguage":"fi","potentialAction":[{"@type":"ReadAction","target":["https:\/\/simonjersey.eu\/fi\/tuote\/bp-stretch-hotajan-housut-naisille\/"]}]},{"@type":"ImageObject","inLanguage":"fi","@id":"https:\/\/simonjersey.eu\/fi\/tuote\/bp-stretch-hotajan-housut-naisille\/#primaryimage","url":"https:\/\/simonjersey.eu\/fi\/wp-content\/uploads\/sites\/3\/2023\/07\/BP\u00ae-valged-stretch-meditsiinipuksid-naistele-kaanepilt.png","contentUrl":"https:\/\/simonjersey.eu\/fi\/wp-content\/uploads\/sites\/3\/2023\/07\/BP\u00ae-valged-stretch-meditsiinipuksid-naistele-kaanepilt.png","width":700,"height":1049},{"@type":"BreadcrumbList","@id":"https:\/\/simonjersey.eu\/fi\/tuote\/bp-stretch-hotajan-housut-naisille\/#breadcrumb","itemListElement":[{"@type":"ListItem","position":1,"name":"Home","item":"https:\/\/simonjersey.eu\/fi\/"},{"@type":"ListItem","position":2,"name":"Verkkokauppa","item":"https:\/\/simonjersey.eu\/fi\/kauppaan\/"},{"@type":"ListItem","position":3,"name":"BP\u00ae Stretch hotajan housut naisille"}]},{"@type":"WebSite","@id":"https:\/\/simonjersey.eu\/fi\/#website","url":"https:\/\/simonjersey.eu\/fi\/","name":"Simon Jersey Suomi","description":"Tyylikk\u00e4\u00e4t ja kest\u00e4v\u00e4t  ammattiasut","potentialAction":[{"@type":"SearchAction","target":{"@type":"EntryPoint","urlTemplate":"https:\/\/simonjersey.eu\/fi\/?s={search_term_string}"},"query-input":{"@type":"PropertyValueSpecification","valueRequired":true,"valueName":"search_term_string"}}],"inLanguage":"fi"}]}},"_links":{"self":[{"href":"https:\/\/simonjersey.eu\/fi\/wp-json\/wp\/v2\/product\/7768","targetHints":{"allow":["GET"]}}],"collection":[{"href":"https:\/\/simonjersey.eu\/fi\/wp-json\/wp\/v2\/product"}],"about":[{"href":"https:\/\/simonjersey.eu\/fi\/wp-json\/wp\/v2\/types\/product"}],"wp:featuredmedia":[{"embeddable":true,"href":"https:\/\/simonjersey.eu\/fi\/wp-json\/wp\/v2\/media\/9064"}],"wp:attachment":[{"href":"https:\/\/simonjersey.eu\/fi\/wp-json\/wp\/v2\/media?parent=7768"}],"wp:term":[{"taxonomy":"product_brand","embeddable":true,"href":"https:\/\/simonjersey.eu\/fi\/wp-json\/wp\/v2\/product_brand?post=7768"},{"taxonomy":"product_cat","embeddable":true,"href":"https:\/\/simonjersey.eu\/fi\/wp-json\/wp\/v2\/product_cat?post=7768"},{"taxonomy":"product_tag","embeddable":true,"href":"https:\/\/simonjersey.eu\/fi\/wp-json\/wp\/v2\/product_tag?post=7768"}],"curies":[{"name":"wp","href":"https:\/\/api.w.org\/{rel}","templated":true}]}}