{"id":7912,"date":"2023-11-01T13:45:50","date_gmt":"2023-11-01T13:45:50","guid":{"rendered":"https:\/\/simonjersey.eu\/fi\/?post_type=product&#038;p=7912"},"modified":"2023-11-01T13:57:29","modified_gmt":"2023-11-01T13:57:29","slug":"cherokee-infinity-naisten-housut","status":"publish","type":"product","link":"https:\/\/simonjersey.eu\/fi\/tuote\/cherokee-infinity-naisten-housut\/","title":{"rendered":"Cherokee Infinity naisten housut."},"content":{"rendered":"","protected":false},"excerpt":{"rendered":"<p>Cherokee Infinity naisten housut on suunniteltu terveydenhuollon ammattilaisille tai vastaavien alojen ty\u00f6ntekij\u00f6ille. Infinity-mallisto on loistava valinta tyylitietoisille ihmisille, jotka arvostavat mukavuutta ja liikkuvuutta vaatteissaan. Mallistossa k\u00e4ytetty pehme\u00e4, joustava trikoomateriaali on ehdottomasti iso plussa. T\u00e4ss\u00e4 on joitain t\u00e4rkeimpi\u00e4 ominaisuuksia:<\/p>\n<p>Housuissa on moderni ja nykyaikainen leikkaus ja siluetti. Ne ovat tyylikk\u00e4it\u00e4 eiv\u00e4tk\u00e4 liian tilavia.<\/p>\n<p>Housuissa on keskim\u00e4\u00e4r\u00e4ist\u00e4 matalampi vy\u00f6t\u00e4r\u00f6linja, vy\u00f6t\u00e4r\u00f6osa on valmistettu joustavasta materiaalista, joka antaa joustavuutta ja mukavuutta. Housuissa on kaarevat taskut edess\u00e4 ja kaksi taskua housujen takana.<\/p>\n<p>Housujen sis\u00e4lahkeet on valmistettu joustavasta resorimateriaalista, joka tarjoaa hyv\u00e4n joustavuuden ja joustavuuden istuessa ja liikkuessa.<\/p>\n<p><strong>H<\/strong><strong>uolto<\/strong>: Housut ovat helppohuoltoset, ne voidaan pest\u00e4 koneessa 60\u00ba.<\/p>\n<p><strong>Koot<\/strong>: Saatavana koot XXS &#8211; 3XL, joten voit l\u00f6yt\u00e4\u00e4 oikean koon eri vartalotyypeille.<\/p>\n<p>Pituus:78,5 cm<\/p>\n<p>Samanmalliset tunikit\u00a0<a href=\"https:\/\/simonjersey.eu\/fi\/tuote\/cherokee-infinity-wrap-hoitajan-paita\/\"><strong>t\u00e4\u00e4lt\u00e4<\/strong><\/a><strong>!<\/strong><\/p>\n","protected":false},"featured_media":7919,"template":"","meta":[],"product_brand":[],"product_cat":[438,38,69,72,30],"product_tag":[],"class_list":{"0":"post-7912","1":"product","2":"type-product","3":"status-publish","4":"has-post-thumbnail","6":"product_cat-dickies-cherokee-tyovaateet","7":"product_cat-housut","8":"product_cat-hyvinvoinit-hoitoala","9":"product_cat-laakeala-housut","10":"product_cat-laakealan-vaatteet","12":"first","13":"instock","14":"taxable","15":"shipping-taxable","16":"purchasable","17":"product-type-variable","18":"has-default-attributes"},"yoast_head":"<!-- This site is optimized with the Yoast SEO plugin v27.2 - https:\/\/yoast.com\/product\/yoast-seo-wordpress\/ -->\n<title>Cherokee Infinity naisten housut. - Simon Jersey Suomi<\/title>\n<meta name=\"robots\" content=\"index, follow, max-snippet:-1, max-image-preview:large, max-video-preview:-1\" \/>\n<link rel=\"canonical\" href=\"https:\/\/simonjersey.eu\/fi\/tuote\/cherokee-infinity-naisten-housut\/\" \/>\n<meta property=\"og:locale\" content=\"fi_FI\" \/>\n<meta property=\"og:type\" content=\"article\" \/>\n<meta property=\"og:title\" content=\"Cherokee Infinity naisten housut. - Simon Jersey Suomi\" \/>\n<meta property=\"og:description\" content=\"Cherokee Infinity naisten housut on suunniteltu terveydenhuollon ammattilaisille tai vastaavien alojen ty\u00f6ntekij\u00f6ille. Infinity-mallisto on loistava valinta tyylitietoisille ihmisille, jotka arvostavat mukavuutta ja liikkuvuutta vaatteissaan. Mallistossa k\u00e4ytetty pehme\u00e4, joustava trikoomateriaali on ehdottomasti iso plussa. T\u00e4ss\u00e4 on joitain t\u00e4rkeimpi\u00e4 ominaisuuksia:  Housuissa on moderni ja nykyaikainen leikkaus ja siluetti. Ne ovat tyylikk\u00e4it\u00e4 eiv\u00e4tk\u00e4 liian tilavia.  Housuissa on keskim\u00e4\u00e4r\u00e4ist\u00e4 matalampi vy\u00f6t\u00e4r\u00f6linja, vy\u00f6t\u00e4r\u00f6osa on valmistettu joustavasta materiaalista, joka antaa joustavuutta ja mukavuutta. Housuissa on kaarevat taskut edess\u00e4 ja kaksi taskua housujen takana.  Housujen sis\u00e4lahkeet on valmistettu joustavasta resorimateriaalista, joka tarjoaa hyv\u00e4n joustavuuden ja joustavuuden istuessa ja liikkuessa.  Huolto: Housut ovat helppohuoltoset, ne voidaan pest\u00e4 koneessa 60\u00ba.  Koot: Saatavana koot XXS - 3XL, joten voit l\u00f6yt\u00e4\u00e4 oikean koon eri vartalotyypeille.  Pituus:78,5 cm  Samanmalliset tunikit\u00a0t\u00e4\u00e4lt\u00e4!\" \/>\n<meta property=\"og:url\" content=\"https:\/\/simonjersey.eu\/fi\/tuote\/cherokee-infinity-naisten-housut\/\" \/>\n<meta property=\"og:site_name\" content=\"Simon Jersey Suomi\" \/>\n<meta property=\"article:modified_time\" content=\"2023-11-01T13:57:29+00:00\" \/>\n<meta property=\"og:image\" content=\"https:\/\/simonjersey.eu\/fi\/wp-content\/uploads\/sites\/3\/2023\/11\/CKE1124A_-Cherokee-infinity-harmaa-housut.jpg\" \/>\n\t<meta property=\"og:image:width\" content=\"1100\" \/>\n\t<meta property=\"og:image:height\" content=\"1600\" \/>\n\t<meta property=\"og:image:type\" content=\"image\/jpeg\" \/>\n<meta name=\"twitter:card\" content=\"summary_large_image\" \/>\n<script type=\"application\/ld+json\" class=\"yoast-schema-graph\">{\"@context\":\"https:\/\/schema.org\",\"@graph\":[{\"@type\":\"WebPage\",\"@id\":\"https:\/\/simonjersey.eu\/fi\/tuote\/cherokee-infinity-naisten-housut\/\",\"url\":\"https:\/\/simonjersey.eu\/fi\/tuote\/cherokee-infinity-naisten-housut\/\",\"name\":\"Cherokee Infinity naisten housut. - Simon Jersey Suomi\",\"isPartOf\":{\"@id\":\"https:\/\/simonjersey.eu\/fi\/#website\"},\"primaryImageOfPage\":{\"@id\":\"https:\/\/simonjersey.eu\/fi\/tuote\/cherokee-infinity-naisten-housut\/#primaryimage\"},\"image\":{\"@id\":\"https:\/\/simonjersey.eu\/fi\/tuote\/cherokee-infinity-naisten-housut\/#primaryimage\"},\"thumbnailUrl\":\"https:\/\/simonjersey.eu\/fi\/wp-content\/uploads\/sites\/3\/2023\/11\/CKE1124A_-Cherokee-infinity-harmaa-housut.jpg\",\"datePublished\":\"2023-11-01T13:45:50+00:00\",\"dateModified\":\"2023-11-01T13:57:29+00:00\",\"breadcrumb\":{\"@id\":\"https:\/\/simonjersey.eu\/fi\/tuote\/cherokee-infinity-naisten-housut\/#breadcrumb\"},\"inLanguage\":\"fi\",\"potentialAction\":[{\"@type\":\"ReadAction\",\"target\":[\"https:\/\/simonjersey.eu\/fi\/tuote\/cherokee-infinity-naisten-housut\/\"]}]},{\"@type\":\"ImageObject\",\"inLanguage\":\"fi\",\"@id\":\"https:\/\/simonjersey.eu\/fi\/tuote\/cherokee-infinity-naisten-housut\/#primaryimage\",\"url\":\"https:\/\/simonjersey.eu\/fi\/wp-content\/uploads\/sites\/3\/2023\/11\/CKE1124A_-Cherokee-infinity-harmaa-housut.jpg\",\"contentUrl\":\"https:\/\/simonjersey.eu\/fi\/wp-content\/uploads\/sites\/3\/2023\/11\/CKE1124A_-Cherokee-infinity-harmaa-housut.jpg\",\"width\":1100,\"height\":1600},{\"@type\":\"BreadcrumbList\",\"@id\":\"https:\/\/simonjersey.eu\/fi\/tuote\/cherokee-infinity-naisten-housut\/#breadcrumb\",\"itemListElement\":[{\"@type\":\"ListItem\",\"position\":1,\"name\":\"Home\",\"item\":\"https:\/\/simonjersey.eu\/fi\/\"},{\"@type\":\"ListItem\",\"position\":2,\"name\":\"Verkkokauppa\",\"item\":\"https:\/\/simonjersey.eu\/fi\/kauppaan\/\"},{\"@type\":\"ListItem\",\"position\":3,\"name\":\"Cherokee Infinity naisten housut.\"}]},{\"@type\":\"WebSite\",\"@id\":\"https:\/\/simonjersey.eu\/fi\/#website\",\"url\":\"https:\/\/simonjersey.eu\/fi\/\",\"name\":\"Simon Jersey Suomi\",\"description\":\"Tyylikk\u00e4\u00e4t ja kest\u00e4v\u00e4t  ammattiasut\",\"potentialAction\":[{\"@type\":\"SearchAction\",\"target\":{\"@type\":\"EntryPoint\",\"urlTemplate\":\"https:\/\/simonjersey.eu\/fi\/?s={search_term_string}\"},\"query-input\":{\"@type\":\"PropertyValueSpecification\",\"valueRequired\":true,\"valueName\":\"search_term_string\"}}],\"inLanguage\":\"fi\"}]}<\/script>\n<!-- \/ Yoast SEO plugin. -->","yoast_head_json":{"title":"Cherokee Infinity naisten housut. - Simon Jersey Suomi","robots":{"index":"index","follow":"follow","max-snippet":"max-snippet:-1","max-image-preview":"max-image-preview:large","max-video-preview":"max-video-preview:-1"},"canonical":"https:\/\/simonjersey.eu\/fi\/tuote\/cherokee-infinity-naisten-housut\/","og_locale":"fi_FI","og_type":"article","og_title":"Cherokee Infinity naisten housut. - Simon Jersey Suomi","og_description":"Cherokee Infinity naisten housut on suunniteltu terveydenhuollon ammattilaisille tai vastaavien alojen ty\u00f6ntekij\u00f6ille. Infinity-mallisto on loistava valinta tyylitietoisille ihmisille, jotka arvostavat mukavuutta ja liikkuvuutta vaatteissaan. Mallistossa k\u00e4ytetty pehme\u00e4, joustava trikoomateriaali on ehdottomasti iso plussa. T\u00e4ss\u00e4 on joitain t\u00e4rkeimpi\u00e4 ominaisuuksia:  Housuissa on moderni ja nykyaikainen leikkaus ja siluetti. Ne ovat tyylikk\u00e4it\u00e4 eiv\u00e4tk\u00e4 liian tilavia.  Housuissa on keskim\u00e4\u00e4r\u00e4ist\u00e4 matalampi vy\u00f6t\u00e4r\u00f6linja, vy\u00f6t\u00e4r\u00f6osa on valmistettu joustavasta materiaalista, joka antaa joustavuutta ja mukavuutta. Housuissa on kaarevat taskut edess\u00e4 ja kaksi taskua housujen takana.  Housujen sis\u00e4lahkeet on valmistettu joustavasta resorimateriaalista, joka tarjoaa hyv\u00e4n joustavuuden ja joustavuuden istuessa ja liikkuessa.  Huolto: Housut ovat helppohuoltoset, ne voidaan pest\u00e4 koneessa 60\u00ba.  Koot: Saatavana koot XXS - 3XL, joten voit l\u00f6yt\u00e4\u00e4 oikean koon eri vartalotyypeille.  Pituus:78,5 cm  Samanmalliset tunikit\u00a0t\u00e4\u00e4lt\u00e4!","og_url":"https:\/\/simonjersey.eu\/fi\/tuote\/cherokee-infinity-naisten-housut\/","og_site_name":"Simon Jersey Suomi","article_modified_time":"2023-11-01T13:57:29+00:00","og_image":[{"width":1100,"height":1600,"url":"https:\/\/simonjersey.eu\/fi\/wp-content\/uploads\/sites\/3\/2023\/11\/CKE1124A_-Cherokee-infinity-harmaa-housut.jpg","type":"image\/jpeg"}],"twitter_card":"summary_large_image","schema":{"@context":"https:\/\/schema.org","@graph":[{"@type":"WebPage","@id":"https:\/\/simonjersey.eu\/fi\/tuote\/cherokee-infinity-naisten-housut\/","url":"https:\/\/simonjersey.eu\/fi\/tuote\/cherokee-infinity-naisten-housut\/","name":"Cherokee Infinity naisten housut. - Simon Jersey Suomi","isPartOf":{"@id":"https:\/\/simonjersey.eu\/fi\/#website"},"primaryImageOfPage":{"@id":"https:\/\/simonjersey.eu\/fi\/tuote\/cherokee-infinity-naisten-housut\/#primaryimage"},"image":{"@id":"https:\/\/simonjersey.eu\/fi\/tuote\/cherokee-infinity-naisten-housut\/#primaryimage"},"thumbnailUrl":"https:\/\/simonjersey.eu\/fi\/wp-content\/uploads\/sites\/3\/2023\/11\/CKE1124A_-Cherokee-infinity-harmaa-housut.jpg","datePublished":"2023-11-01T13:45:50+00:00","dateModified":"2023-11-01T13:57:29+00:00","breadcrumb":{"@id":"https:\/\/simonjersey.eu\/fi\/tuote\/cherokee-infinity-naisten-housut\/#breadcrumb"},"inLanguage":"fi","potentialAction":[{"@type":"ReadAction","target":["https:\/\/simonjersey.eu\/fi\/tuote\/cherokee-infinity-naisten-housut\/"]}]},{"@type":"ImageObject","inLanguage":"fi","@id":"https:\/\/simonjersey.eu\/fi\/tuote\/cherokee-infinity-naisten-housut\/#primaryimage","url":"https:\/\/simonjersey.eu\/fi\/wp-content\/uploads\/sites\/3\/2023\/11\/CKE1124A_-Cherokee-infinity-harmaa-housut.jpg","contentUrl":"https:\/\/simonjersey.eu\/fi\/wp-content\/uploads\/sites\/3\/2023\/11\/CKE1124A_-Cherokee-infinity-harmaa-housut.jpg","width":1100,"height":1600},{"@type":"BreadcrumbList","@id":"https:\/\/simonjersey.eu\/fi\/tuote\/cherokee-infinity-naisten-housut\/#breadcrumb","itemListElement":[{"@type":"ListItem","position":1,"name":"Home","item":"https:\/\/simonjersey.eu\/fi\/"},{"@type":"ListItem","position":2,"name":"Verkkokauppa","item":"https:\/\/simonjersey.eu\/fi\/kauppaan\/"},{"@type":"ListItem","position":3,"name":"Cherokee Infinity naisten housut."}]},{"@type":"WebSite","@id":"https:\/\/simonjersey.eu\/fi\/#website","url":"https:\/\/simonjersey.eu\/fi\/","name":"Simon Jersey Suomi","description":"Tyylikk\u00e4\u00e4t ja kest\u00e4v\u00e4t  ammattiasut","potentialAction":[{"@type":"SearchAction","target":{"@type":"EntryPoint","urlTemplate":"https:\/\/simonjersey.eu\/fi\/?s={search_term_string}"},"query-input":{"@type":"PropertyValueSpecification","valueRequired":true,"valueName":"search_term_string"}}],"inLanguage":"fi"}]}},"_links":{"self":[{"href":"https:\/\/simonjersey.eu\/fi\/wp-json\/wp\/v2\/product\/7912","targetHints":{"allow":["GET"]}}],"collection":[{"href":"https:\/\/simonjersey.eu\/fi\/wp-json\/wp\/v2\/product"}],"about":[{"href":"https:\/\/simonjersey.eu\/fi\/wp-json\/wp\/v2\/types\/product"}],"wp:featuredmedia":[{"embeddable":true,"href":"https:\/\/simonjersey.eu\/fi\/wp-json\/wp\/v2\/media\/7919"}],"wp:attachment":[{"href":"https:\/\/simonjersey.eu\/fi\/wp-json\/wp\/v2\/media?parent=7912"}],"wp:term":[{"taxonomy":"product_brand","embeddable":true,"href":"https:\/\/simonjersey.eu\/fi\/wp-json\/wp\/v2\/product_brand?post=7912"},{"taxonomy":"product_cat","embeddable":true,"href":"https:\/\/simonjersey.eu\/fi\/wp-json\/wp\/v2\/product_cat?post=7912"},{"taxonomy":"product_tag","embeddable":true,"href":"https:\/\/simonjersey.eu\/fi\/wp-json\/wp\/v2\/product_tag?post=7912"}],"curies":[{"name":"wp","href":"https:\/\/api.w.org\/{rel}","templated":true}]}}