{"id":795,"date":"2019-10-15T06:31:04","date_gmt":"2019-10-15T06:31:04","guid":{"rendered":"https:\/\/simonjersey.eu\/fi\/?post_type=product&#038;p=795"},"modified":"2023-11-15T10:14:52","modified_gmt":"2023-11-15T10:14:52","slug":"v-kaula-tunika-taskuilla","status":"publish","type":"product","link":"https:\/\/simonjersey.eu\/fi\/tuote\/v-kaula-tunika-taskuilla\/","title":{"rendered":"V-p\u00e4\u00e4ntiell\u00e4 tunika taskuilla"},"content":{"rendered":"","protected":false},"excerpt":{"rendered":"<p>Antaa hyv\u00e4n vaihtoehdon perinteiselle tunikalle. V\u00e4rivalikoima on runsas ja jo v\u00e4ri\u00e4 vaihtamalla saat helposti ja nopeasti vaihtelua ty\u00f6asuusi.<\/p>\n<p>Kaksi edess\u00e4 olevaa taskua mahdollistavat ty\u00f6asun k\u00e4yt\u00e4nn\u00f6llisyyden, jolloin voit pit\u00e4\u00e4 t\u00e4rke\u00e4t tavarasi l\u00e4hell\u00e4.<\/p>\n<p>V-p\u00e4\u00e4ntie, edess\u00e4 kaksi taskua, puseron keskell\u00e4 sauma, lyhyet hihat.<\/p>\n<p>Materiaali: 100% polyesteri.<br \/>\nKonepesu: 40\u00b0, helppohoitoinen.<br \/>\nKoko (UK): 6-26.<\/p>\n","protected":false},"featured_media":799,"template":"","meta":[],"product_brand":[],"product_cat":[39,58,70,34,32,29],"product_tag":[233,232,234],"class_list":{"0":"post-795","1":"product","2":"type-product","3":"status-publish","4":"has-post-thumbnail","6":"product_cat-tunikat-kauneus-spa","7":"product_cat-siivouspalvelu","8":"product_cat-naisten-hoitopaidat-ja-jakut","9":"product_cat-uutuudet","10":"product_cat-tunikat","11":"product_cat-puhdistusalan-tyovaatteet","12":"product_tag-kauneuden-tunikat","13":"product_tag-naisten-tyovaatteet","14":"product_tag-puhdistus-univormut","16":"first","17":"instock","18":"featured","19":"taxable","20":"shipping-taxable","21":"purchasable","22":"product-type-variable","23":"has-default-attributes"},"yoast_head":"<!-- This site is optimized with the Yoast SEO plugin v27.2 - https:\/\/yoast.com\/product\/yoast-seo-wordpress\/ -->\n<title>V-p\u00e4\u00e4ntiell\u00e4 tunika taskuilla - Simon Jersey Suomi<\/title>\n<meta name=\"robots\" content=\"index, follow, max-snippet:-1, max-image-preview:large, max-video-preview:-1\" \/>\n<link rel=\"canonical\" href=\"https:\/\/simonjersey.eu\/fi\/tuote\/v-kaula-tunika-taskuilla\/\" \/>\n<meta property=\"og:locale\" content=\"fi_FI\" \/>\n<meta property=\"og:type\" content=\"article\" \/>\n<meta property=\"og:title\" content=\"V-p\u00e4\u00e4ntiell\u00e4 tunika taskuilla - Simon Jersey Suomi\" \/>\n<meta property=\"og:description\" content=\"Antaa hyv\u00e4n vaihtoehdon perinteiselle tunikalle. V\u00e4rivalikoima on runsas ja jo v\u00e4ri\u00e4 vaihtamalla saat helposti ja nopeasti vaihtelua ty\u00f6asuusi.  Kaksi edess\u00e4 olevaa taskua mahdollistavat ty\u00f6asun k\u00e4yt\u00e4nn\u00f6llisyyden, jolloin voit pit\u00e4\u00e4 t\u00e4rke\u00e4t tavarasi l\u00e4hell\u00e4.  V-p\u00e4\u00e4ntie, edess\u00e4 kaksi taskua, puseron keskell\u00e4 sauma, lyhyet hihat.  Materiaali: 100% polyesteri. Konepesu: 40\u00b0, helppohoitoinen. Koko (UK): 6-26.\" \/>\n<meta property=\"og:url\" content=\"https:\/\/simonjersey.eu\/fi\/tuote\/v-kaula-tunika-taskuilla\/\" \/>\n<meta property=\"og:site_name\" content=\"Simon Jersey Suomi\" \/>\n<meta property=\"article:modified_time\" content=\"2023-11-15T10:14:52+00:00\" \/>\n<meta property=\"og:image\" content=\"https:\/\/simonjersey.eu\/fi\/wp-content\/uploads\/sites\/3\/2019\/10\/FD4190-1.jpg\" \/>\n\t<meta property=\"og:image:width\" content=\"1000\" \/>\n\t<meta property=\"og:image:height\" content=\"1500\" \/>\n\t<meta property=\"og:image:type\" content=\"image\/jpeg\" \/>\n<meta name=\"twitter:card\" content=\"summary_large_image\" \/>\n<script type=\"application\/ld+json\" class=\"yoast-schema-graph\">{\"@context\":\"https:\/\/schema.org\",\"@graph\":[{\"@type\":\"WebPage\",\"@id\":\"https:\/\/simonjersey.eu\/fi\/tuote\/v-kaula-tunika-taskuilla\/\",\"url\":\"https:\/\/simonjersey.eu\/fi\/tuote\/v-kaula-tunika-taskuilla\/\",\"name\":\"V-p\u00e4\u00e4ntiell\u00e4 tunika taskuilla - Simon Jersey Suomi\",\"isPartOf\":{\"@id\":\"https:\/\/simonjersey.eu\/fi\/#website\"},\"primaryImageOfPage\":{\"@id\":\"https:\/\/simonjersey.eu\/fi\/tuote\/v-kaula-tunika-taskuilla\/#primaryimage\"},\"image\":{\"@id\":\"https:\/\/simonjersey.eu\/fi\/tuote\/v-kaula-tunika-taskuilla\/#primaryimage\"},\"thumbnailUrl\":\"https:\/\/simonjersey.eu\/fi\/wp-content\/uploads\/sites\/3\/2019\/10\/FD4190-1.jpg\",\"datePublished\":\"2019-10-15T06:31:04+00:00\",\"dateModified\":\"2023-11-15T10:14:52+00:00\",\"breadcrumb\":{\"@id\":\"https:\/\/simonjersey.eu\/fi\/tuote\/v-kaula-tunika-taskuilla\/#breadcrumb\"},\"inLanguage\":\"fi\",\"potentialAction\":[{\"@type\":\"ReadAction\",\"target\":[\"https:\/\/simonjersey.eu\/fi\/tuote\/v-kaula-tunika-taskuilla\/\"]}]},{\"@type\":\"ImageObject\",\"inLanguage\":\"fi\",\"@id\":\"https:\/\/simonjersey.eu\/fi\/tuote\/v-kaula-tunika-taskuilla\/#primaryimage\",\"url\":\"https:\/\/simonjersey.eu\/fi\/wp-content\/uploads\/sites\/3\/2019\/10\/FD4190-1.jpg\",\"contentUrl\":\"https:\/\/simonjersey.eu\/fi\/wp-content\/uploads\/sites\/3\/2019\/10\/FD4190-1.jpg\",\"width\":1000,\"height\":1500},{\"@type\":\"BreadcrumbList\",\"@id\":\"https:\/\/simonjersey.eu\/fi\/tuote\/v-kaula-tunika-taskuilla\/#breadcrumb\",\"itemListElement\":[{\"@type\":\"ListItem\",\"position\":1,\"name\":\"Home\",\"item\":\"https:\/\/simonjersey.eu\/fi\/\"},{\"@type\":\"ListItem\",\"position\":2,\"name\":\"Verkkokauppa\",\"item\":\"https:\/\/simonjersey.eu\/fi\/kauppaan\/\"},{\"@type\":\"ListItem\",\"position\":3,\"name\":\"V-p\u00e4\u00e4ntiell\u00e4 tunika taskuilla\"}]},{\"@type\":\"WebSite\",\"@id\":\"https:\/\/simonjersey.eu\/fi\/#website\",\"url\":\"https:\/\/simonjersey.eu\/fi\/\",\"name\":\"Simon Jersey Suomi\",\"description\":\"Tyylikk\u00e4\u00e4t ja kest\u00e4v\u00e4t  ammattiasut\",\"potentialAction\":[{\"@type\":\"SearchAction\",\"target\":{\"@type\":\"EntryPoint\",\"urlTemplate\":\"https:\/\/simonjersey.eu\/fi\/?s={search_term_string}\"},\"query-input\":{\"@type\":\"PropertyValueSpecification\",\"valueRequired\":true,\"valueName\":\"search_term_string\"}}],\"inLanguage\":\"fi\"}]}<\/script>\n<!-- \/ Yoast SEO plugin. -->","yoast_head_json":{"title":"V-p\u00e4\u00e4ntiell\u00e4 tunika taskuilla - Simon Jersey Suomi","robots":{"index":"index","follow":"follow","max-snippet":"max-snippet:-1","max-image-preview":"max-image-preview:large","max-video-preview":"max-video-preview:-1"},"canonical":"https:\/\/simonjersey.eu\/fi\/tuote\/v-kaula-tunika-taskuilla\/","og_locale":"fi_FI","og_type":"article","og_title":"V-p\u00e4\u00e4ntiell\u00e4 tunika taskuilla - Simon Jersey Suomi","og_description":"Antaa hyv\u00e4n vaihtoehdon perinteiselle tunikalle. V\u00e4rivalikoima on runsas ja jo v\u00e4ri\u00e4 vaihtamalla saat helposti ja nopeasti vaihtelua ty\u00f6asuusi.  Kaksi edess\u00e4 olevaa taskua mahdollistavat ty\u00f6asun k\u00e4yt\u00e4nn\u00f6llisyyden, jolloin voit pit\u00e4\u00e4 t\u00e4rke\u00e4t tavarasi l\u00e4hell\u00e4.  V-p\u00e4\u00e4ntie, edess\u00e4 kaksi taskua, puseron keskell\u00e4 sauma, lyhyet hihat.  Materiaali: 100% polyesteri. Konepesu: 40\u00b0, helppohoitoinen. Koko (UK): 6-26.","og_url":"https:\/\/simonjersey.eu\/fi\/tuote\/v-kaula-tunika-taskuilla\/","og_site_name":"Simon Jersey Suomi","article_modified_time":"2023-11-15T10:14:52+00:00","og_image":[{"width":1000,"height":1500,"url":"https:\/\/simonjersey.eu\/fi\/wp-content\/uploads\/sites\/3\/2019\/10\/FD4190-1.jpg","type":"image\/jpeg"}],"twitter_card":"summary_large_image","schema":{"@context":"https:\/\/schema.org","@graph":[{"@type":"WebPage","@id":"https:\/\/simonjersey.eu\/fi\/tuote\/v-kaula-tunika-taskuilla\/","url":"https:\/\/simonjersey.eu\/fi\/tuote\/v-kaula-tunika-taskuilla\/","name":"V-p\u00e4\u00e4ntiell\u00e4 tunika taskuilla - Simon Jersey Suomi","isPartOf":{"@id":"https:\/\/simonjersey.eu\/fi\/#website"},"primaryImageOfPage":{"@id":"https:\/\/simonjersey.eu\/fi\/tuote\/v-kaula-tunika-taskuilla\/#primaryimage"},"image":{"@id":"https:\/\/simonjersey.eu\/fi\/tuote\/v-kaula-tunika-taskuilla\/#primaryimage"},"thumbnailUrl":"https:\/\/simonjersey.eu\/fi\/wp-content\/uploads\/sites\/3\/2019\/10\/FD4190-1.jpg","datePublished":"2019-10-15T06:31:04+00:00","dateModified":"2023-11-15T10:14:52+00:00","breadcrumb":{"@id":"https:\/\/simonjersey.eu\/fi\/tuote\/v-kaula-tunika-taskuilla\/#breadcrumb"},"inLanguage":"fi","potentialAction":[{"@type":"ReadAction","target":["https:\/\/simonjersey.eu\/fi\/tuote\/v-kaula-tunika-taskuilla\/"]}]},{"@type":"ImageObject","inLanguage":"fi","@id":"https:\/\/simonjersey.eu\/fi\/tuote\/v-kaula-tunika-taskuilla\/#primaryimage","url":"https:\/\/simonjersey.eu\/fi\/wp-content\/uploads\/sites\/3\/2019\/10\/FD4190-1.jpg","contentUrl":"https:\/\/simonjersey.eu\/fi\/wp-content\/uploads\/sites\/3\/2019\/10\/FD4190-1.jpg","width":1000,"height":1500},{"@type":"BreadcrumbList","@id":"https:\/\/simonjersey.eu\/fi\/tuote\/v-kaula-tunika-taskuilla\/#breadcrumb","itemListElement":[{"@type":"ListItem","position":1,"name":"Home","item":"https:\/\/simonjersey.eu\/fi\/"},{"@type":"ListItem","position":2,"name":"Verkkokauppa","item":"https:\/\/simonjersey.eu\/fi\/kauppaan\/"},{"@type":"ListItem","position":3,"name":"V-p\u00e4\u00e4ntiell\u00e4 tunika taskuilla"}]},{"@type":"WebSite","@id":"https:\/\/simonjersey.eu\/fi\/#website","url":"https:\/\/simonjersey.eu\/fi\/","name":"Simon Jersey Suomi","description":"Tyylikk\u00e4\u00e4t ja kest\u00e4v\u00e4t  ammattiasut","potentialAction":[{"@type":"SearchAction","target":{"@type":"EntryPoint","urlTemplate":"https:\/\/simonjersey.eu\/fi\/?s={search_term_string}"},"query-input":{"@type":"PropertyValueSpecification","valueRequired":true,"valueName":"search_term_string"}}],"inLanguage":"fi"}]}},"_links":{"self":[{"href":"https:\/\/simonjersey.eu\/fi\/wp-json\/wp\/v2\/product\/795","targetHints":{"allow":["GET"]}}],"collection":[{"href":"https:\/\/simonjersey.eu\/fi\/wp-json\/wp\/v2\/product"}],"about":[{"href":"https:\/\/simonjersey.eu\/fi\/wp-json\/wp\/v2\/types\/product"}],"wp:featuredmedia":[{"embeddable":true,"href":"https:\/\/simonjersey.eu\/fi\/wp-json\/wp\/v2\/media\/799"}],"wp:attachment":[{"href":"https:\/\/simonjersey.eu\/fi\/wp-json\/wp\/v2\/media?parent=795"}],"wp:term":[{"taxonomy":"product_brand","embeddable":true,"href":"https:\/\/simonjersey.eu\/fi\/wp-json\/wp\/v2\/product_brand?post=795"},{"taxonomy":"product_cat","embeddable":true,"href":"https:\/\/simonjersey.eu\/fi\/wp-json\/wp\/v2\/product_cat?post=795"},{"taxonomy":"product_tag","embeddable":true,"href":"https:\/\/simonjersey.eu\/fi\/wp-json\/wp\/v2\/product_tag?post=795"}],"curies":[{"name":"wp","href":"https:\/\/api.w.org\/{rel}","templated":true}]}}