{"id":8000,"date":"2024-01-09T10:34:08","date_gmt":"2024-01-09T10:34:08","guid":{"rendered":"https:\/\/simonjersey.eu\/fi\/?post_type=product&#038;p=8000"},"modified":"2024-11-11T10:09:06","modified_gmt":"2024-11-11T10:09:06","slug":"naisten-merinovilla-t-paita","status":"publish","type":"product","link":"https:\/\/simonjersey.eu\/fi\/tuote\/naisten-merinovilla-t-paita\/","title":{"rendered":"Naisten Merinovilla pusero"},"content":{"rendered":"","protected":false},"excerpt":{"rendered":"<p>Merinovilla on luonnostaan \u200b\u200bhengitt\u00e4v\u00e4 materiaali, jonka avulla keho voi s\u00e4\u00e4dell\u00e4 l\u00e4mp\u00f6tilaansa. Se auttaa pit\u00e4m\u00e4\u00e4n kehon l\u00e4mpim\u00e4n\u00e4 kylmiss\u00e4 olosuhteissa ja viilent\u00e4\u00e4 kehoa kuumissa olosuhteissa. Merinovilla imee kosteutta pois kehosta pit\u00e4en ihon kuivana. Hajunkest\u00e4vyys: Merinovilla ei haise nopeasti, koska sill\u00e4 on luonnollisia antibakteerisia ominaisuuksia. Merinovilla on vahva ja kest\u00e4v\u00e4 kuitu, joka s\u00e4ilytt\u00e4\u00e4 muotonsa pitk\u00e4nkin k\u00e4yt\u00f6n j\u00e4lkeen.<\/p>\n<p>Merinovillavaatteet ovat erinomainen valinta niille, jotka arvostavat vaatteiden luonnollisia ja toimivia ominaisuuksia ja etsiv\u00e4t mukavuutta erilaisissa s\u00e4\u00e4olosuhteissa.<\/p>\n<p>Materiaali: 100 % merinovilla \/ 190 g\/m\u00b2<\/p>\n<p>Hoito: konepesu 40\u00b0, matala linkous.<\/p>\n<p>Koot: S-2XL.<\/p>\n<p>Pituus koon M- 64cm<\/p>\n<p>Rinnanymp\u00e4rys koon M &#8211; 92cm<\/p>\n","protected":false},"featured_media":8943,"template":"","meta":[],"product_brand":[],"product_cat":[50,47,61,89,22],"product_tag":[],"class_list":{"0":"post-8000","1":"product","2":"type-product","3":"status-publish","4":"has-post-thumbnail","6":"product_cat-liivit-ja-neuleet","7":"product_cat-poolot-ja-t-paidat","8":"product_cat-liivit-ja-neuleet-hotelli-ja-palveluammatit","9":"product_cat-pikeet-ja-t-paidat-varasto-ulkoilma-tyontekijat","10":"product_cat-pikeet-ja-t-paidat","12":"first","13":"instock","14":"taxable","15":"shipping-taxable","16":"purchasable","17":"product-type-variable","18":"has-default-attributes"},"yoast_head":"<!-- This site is optimized with the Yoast SEO plugin v27.2 - https:\/\/yoast.com\/product\/yoast-seo-wordpress\/ -->\n<title>Naisten Merinovilla pusero - Simon Jersey Suomi<\/title>\n<meta name=\"robots\" content=\"index, follow, max-snippet:-1, max-image-preview:large, max-video-preview:-1\" \/>\n<link rel=\"canonical\" href=\"https:\/\/simonjersey.eu\/fi\/tuote\/naisten-merinovilla-t-paita\/\" \/>\n<meta property=\"og:locale\" content=\"fi_FI\" \/>\n<meta property=\"og:type\" content=\"article\" \/>\n<meta property=\"og:title\" content=\"Naisten Merinovilla pusero - Simon Jersey Suomi\" \/>\n<meta property=\"og:description\" content=\"Merinovilla on luonnostaan \u200b\u200bhengitt\u00e4v\u00e4 materiaali, jonka avulla keho voi s\u00e4\u00e4dell\u00e4 l\u00e4mp\u00f6tilaansa. Se auttaa pit\u00e4m\u00e4\u00e4n kehon l\u00e4mpim\u00e4n\u00e4 kylmiss\u00e4 olosuhteissa ja viilent\u00e4\u00e4 kehoa kuumissa olosuhteissa. Merinovilla imee kosteutta pois kehosta pit\u00e4en ihon kuivana. Hajunkest\u00e4vyys: Merinovilla ei haise nopeasti, koska sill\u00e4 on luonnollisia antibakteerisia ominaisuuksia. Merinovilla on vahva ja kest\u00e4v\u00e4 kuitu, joka s\u00e4ilytt\u00e4\u00e4 muotonsa pitk\u00e4nkin k\u00e4yt\u00f6n j\u00e4lkeen.  Merinovillavaatteet ovat erinomainen valinta niille, jotka arvostavat vaatteiden luonnollisia ja toimivia ominaisuuksia ja etsiv\u00e4t mukavuutta erilaisissa s\u00e4\u00e4olosuhteissa.  Materiaali: 100 % merinovilla \/ 190 g\/m\u00b2  Hoito: konepesu 40\u00b0, matala linkous.  Koot: S-2XL.  Pituus koon M- 64cm  Rinnanymp\u00e4rys koon M - 92cm\" \/>\n<meta property=\"og:url\" content=\"https:\/\/simonjersey.eu\/fi\/tuote\/naisten-merinovilla-t-paita\/\" \/>\n<meta property=\"og:site_name\" content=\"Simon Jersey Suomi\" \/>\n<meta property=\"article:modified_time\" content=\"2024-11-11T10:09:06+00:00\" \/>\n<meta property=\"og:image\" content=\"https:\/\/simonjersey.eu\/fi\/wp-content\/uploads\/sites\/3\/2024\/01\/merino-.png\" \/>\n\t<meta property=\"og:image:width\" content=\"700\" \/>\n\t<meta property=\"og:image:height\" content=\"1100\" \/>\n\t<meta property=\"og:image:type\" content=\"image\/png\" \/>\n<meta name=\"twitter:card\" content=\"summary_large_image\" \/>\n<meta name=\"twitter:label1\" content=\"Arvioitu lukuaika\" \/>\n\t<meta name=\"twitter:data1\" content=\"1 minuutti\" \/>\n<script type=\"application\/ld+json\" class=\"yoast-schema-graph\">{\"@context\":\"https:\/\/schema.org\",\"@graph\":[{\"@type\":\"WebPage\",\"@id\":\"https:\/\/simonjersey.eu\/fi\/tuote\/naisten-merinovilla-t-paita\/\",\"url\":\"https:\/\/simonjersey.eu\/fi\/tuote\/naisten-merinovilla-t-paita\/\",\"name\":\"Naisten Merinovilla pusero - Simon Jersey Suomi\",\"isPartOf\":{\"@id\":\"https:\/\/simonjersey.eu\/fi\/#website\"},\"primaryImageOfPage\":{\"@id\":\"https:\/\/simonjersey.eu\/fi\/tuote\/naisten-merinovilla-t-paita\/#primaryimage\"},\"image\":{\"@id\":\"https:\/\/simonjersey.eu\/fi\/tuote\/naisten-merinovilla-t-paita\/#primaryimage\"},\"thumbnailUrl\":\"https:\/\/simonjersey.eu\/fi\/wp-content\/uploads\/sites\/3\/2024\/01\/merino-.png\",\"datePublished\":\"2024-01-09T10:34:08+00:00\",\"dateModified\":\"2024-11-11T10:09:06+00:00\",\"breadcrumb\":{\"@id\":\"https:\/\/simonjersey.eu\/fi\/tuote\/naisten-merinovilla-t-paita\/#breadcrumb\"},\"inLanguage\":\"fi\",\"potentialAction\":[{\"@type\":\"ReadAction\",\"target\":[\"https:\/\/simonjersey.eu\/fi\/tuote\/naisten-merinovilla-t-paita\/\"]}]},{\"@type\":\"ImageObject\",\"inLanguage\":\"fi\",\"@id\":\"https:\/\/simonjersey.eu\/fi\/tuote\/naisten-merinovilla-t-paita\/#primaryimage\",\"url\":\"https:\/\/simonjersey.eu\/fi\/wp-content\/uploads\/sites\/3\/2024\/01\/merino-.png\",\"contentUrl\":\"https:\/\/simonjersey.eu\/fi\/wp-content\/uploads\/sites\/3\/2024\/01\/merino-.png\",\"width\":700,\"height\":1100},{\"@type\":\"BreadcrumbList\",\"@id\":\"https:\/\/simonjersey.eu\/fi\/tuote\/naisten-merinovilla-t-paita\/#breadcrumb\",\"itemListElement\":[{\"@type\":\"ListItem\",\"position\":1,\"name\":\"Home\",\"item\":\"https:\/\/simonjersey.eu\/fi\/\"},{\"@type\":\"ListItem\",\"position\":2,\"name\":\"Verkkokauppa\",\"item\":\"https:\/\/simonjersey.eu\/fi\/kauppaan\/\"},{\"@type\":\"ListItem\",\"position\":3,\"name\":\"Naisten Merinovilla pusero\"}]},{\"@type\":\"WebSite\",\"@id\":\"https:\/\/simonjersey.eu\/fi\/#website\",\"url\":\"https:\/\/simonjersey.eu\/fi\/\",\"name\":\"Simon Jersey Suomi\",\"description\":\"Tyylikk\u00e4\u00e4t ja kest\u00e4v\u00e4t  ammattiasut\",\"potentialAction\":[{\"@type\":\"SearchAction\",\"target\":{\"@type\":\"EntryPoint\",\"urlTemplate\":\"https:\/\/simonjersey.eu\/fi\/?s={search_term_string}\"},\"query-input\":{\"@type\":\"PropertyValueSpecification\",\"valueRequired\":true,\"valueName\":\"search_term_string\"}}],\"inLanguage\":\"fi\"}]}<\/script>\n<!-- \/ Yoast SEO plugin. -->","yoast_head_json":{"title":"Naisten Merinovilla pusero - Simon Jersey Suomi","robots":{"index":"index","follow":"follow","max-snippet":"max-snippet:-1","max-image-preview":"max-image-preview:large","max-video-preview":"max-video-preview:-1"},"canonical":"https:\/\/simonjersey.eu\/fi\/tuote\/naisten-merinovilla-t-paita\/","og_locale":"fi_FI","og_type":"article","og_title":"Naisten Merinovilla pusero - Simon Jersey Suomi","og_description":"Merinovilla on luonnostaan \u200b\u200bhengitt\u00e4v\u00e4 materiaali, jonka avulla keho voi s\u00e4\u00e4dell\u00e4 l\u00e4mp\u00f6tilaansa. Se auttaa pit\u00e4m\u00e4\u00e4n kehon l\u00e4mpim\u00e4n\u00e4 kylmiss\u00e4 olosuhteissa ja viilent\u00e4\u00e4 kehoa kuumissa olosuhteissa. Merinovilla imee kosteutta pois kehosta pit\u00e4en ihon kuivana. Hajunkest\u00e4vyys: Merinovilla ei haise nopeasti, koska sill\u00e4 on luonnollisia antibakteerisia ominaisuuksia. Merinovilla on vahva ja kest\u00e4v\u00e4 kuitu, joka s\u00e4ilytt\u00e4\u00e4 muotonsa pitk\u00e4nkin k\u00e4yt\u00f6n j\u00e4lkeen.  Merinovillavaatteet ovat erinomainen valinta niille, jotka arvostavat vaatteiden luonnollisia ja toimivia ominaisuuksia ja etsiv\u00e4t mukavuutta erilaisissa s\u00e4\u00e4olosuhteissa.  Materiaali: 100 % merinovilla \/ 190 g\/m\u00b2  Hoito: konepesu 40\u00b0, matala linkous.  Koot: S-2XL.  Pituus koon M- 64cm  Rinnanymp\u00e4rys koon M - 92cm","og_url":"https:\/\/simonjersey.eu\/fi\/tuote\/naisten-merinovilla-t-paita\/","og_site_name":"Simon Jersey Suomi","article_modified_time":"2024-11-11T10:09:06+00:00","og_image":[{"width":700,"height":1100,"url":"https:\/\/simonjersey.eu\/fi\/wp-content\/uploads\/sites\/3\/2024\/01\/merino-.png","type":"image\/png"}],"twitter_card":"summary_large_image","twitter_misc":{"Arvioitu lukuaika":"1 minuutti"},"schema":{"@context":"https:\/\/schema.org","@graph":[{"@type":"WebPage","@id":"https:\/\/simonjersey.eu\/fi\/tuote\/naisten-merinovilla-t-paita\/","url":"https:\/\/simonjersey.eu\/fi\/tuote\/naisten-merinovilla-t-paita\/","name":"Naisten Merinovilla pusero - Simon Jersey Suomi","isPartOf":{"@id":"https:\/\/simonjersey.eu\/fi\/#website"},"primaryImageOfPage":{"@id":"https:\/\/simonjersey.eu\/fi\/tuote\/naisten-merinovilla-t-paita\/#primaryimage"},"image":{"@id":"https:\/\/simonjersey.eu\/fi\/tuote\/naisten-merinovilla-t-paita\/#primaryimage"},"thumbnailUrl":"https:\/\/simonjersey.eu\/fi\/wp-content\/uploads\/sites\/3\/2024\/01\/merino-.png","datePublished":"2024-01-09T10:34:08+00:00","dateModified":"2024-11-11T10:09:06+00:00","breadcrumb":{"@id":"https:\/\/simonjersey.eu\/fi\/tuote\/naisten-merinovilla-t-paita\/#breadcrumb"},"inLanguage":"fi","potentialAction":[{"@type":"ReadAction","target":["https:\/\/simonjersey.eu\/fi\/tuote\/naisten-merinovilla-t-paita\/"]}]},{"@type":"ImageObject","inLanguage":"fi","@id":"https:\/\/simonjersey.eu\/fi\/tuote\/naisten-merinovilla-t-paita\/#primaryimage","url":"https:\/\/simonjersey.eu\/fi\/wp-content\/uploads\/sites\/3\/2024\/01\/merino-.png","contentUrl":"https:\/\/simonjersey.eu\/fi\/wp-content\/uploads\/sites\/3\/2024\/01\/merino-.png","width":700,"height":1100},{"@type":"BreadcrumbList","@id":"https:\/\/simonjersey.eu\/fi\/tuote\/naisten-merinovilla-t-paita\/#breadcrumb","itemListElement":[{"@type":"ListItem","position":1,"name":"Home","item":"https:\/\/simonjersey.eu\/fi\/"},{"@type":"ListItem","position":2,"name":"Verkkokauppa","item":"https:\/\/simonjersey.eu\/fi\/kauppaan\/"},{"@type":"ListItem","position":3,"name":"Naisten Merinovilla pusero"}]},{"@type":"WebSite","@id":"https:\/\/simonjersey.eu\/fi\/#website","url":"https:\/\/simonjersey.eu\/fi\/","name":"Simon Jersey Suomi","description":"Tyylikk\u00e4\u00e4t ja kest\u00e4v\u00e4t  ammattiasut","potentialAction":[{"@type":"SearchAction","target":{"@type":"EntryPoint","urlTemplate":"https:\/\/simonjersey.eu\/fi\/?s={search_term_string}"},"query-input":{"@type":"PropertyValueSpecification","valueRequired":true,"valueName":"search_term_string"}}],"inLanguage":"fi"}]}},"_links":{"self":[{"href":"https:\/\/simonjersey.eu\/fi\/wp-json\/wp\/v2\/product\/8000","targetHints":{"allow":["GET"]}}],"collection":[{"href":"https:\/\/simonjersey.eu\/fi\/wp-json\/wp\/v2\/product"}],"about":[{"href":"https:\/\/simonjersey.eu\/fi\/wp-json\/wp\/v2\/types\/product"}],"wp:featuredmedia":[{"embeddable":true,"href":"https:\/\/simonjersey.eu\/fi\/wp-json\/wp\/v2\/media\/8943"}],"wp:attachment":[{"href":"https:\/\/simonjersey.eu\/fi\/wp-json\/wp\/v2\/media?parent=8000"}],"wp:term":[{"taxonomy":"product_brand","embeddable":true,"href":"https:\/\/simonjersey.eu\/fi\/wp-json\/wp\/v2\/product_brand?post=8000"},{"taxonomy":"product_cat","embeddable":true,"href":"https:\/\/simonjersey.eu\/fi\/wp-json\/wp\/v2\/product_cat?post=8000"},{"taxonomy":"product_tag","embeddable":true,"href":"https:\/\/simonjersey.eu\/fi\/wp-json\/wp\/v2\/product_tag?post=8000"}],"curies":[{"name":"wp","href":"https:\/\/api.w.org\/{rel}","templated":true}]}}