{"id":8092,"date":"2024-01-11T13:25:09","date_gmt":"2024-01-11T13:25:09","guid":{"rendered":"https:\/\/simonjersey.eu\/fi\/?post_type=product&#038;p=8092"},"modified":"2024-01-11T13:30:10","modified_gmt":"2024-01-11T13:30:10","slug":"miesten-cherokee-pikeepaita","status":"publish","type":"product","link":"https:\/\/simonjersey.eu\/fi\/tuote\/miesten-cherokee-pikeepaita\/","title":{"rendered":"Miesten Cherokee pikeepaita"},"content":{"rendered":"","protected":false},"excerpt":{"rendered":"<p>Cherokee polopaita (Revolution-mallisto) on eritt\u00e4in mukava ja kest\u00e4v\u00e4, joustava kangas, joka takaa hyv\u00e4n liikkumisvapauden. Polopaidassa on rintatasku, sivuilla verkkopaneelit, jotka tekev\u00e4t paidasta hengitt\u00e4v\u00e4n. Polopaita sopii ty\u00f6skentelyyn l\u00e4\u00e4ketieteellisiss\u00e4 tiloissa ja siivouspalveluissa sek\u00e4 hierojille ja fysioterapeuteille. Pikeepaita on niin universaali, ett\u00e4 sit\u00e4 voi k\u00e4ytt\u00e4\u00e4 kaikkina vuodenaikoina.<\/p>\n<p><strong>Materiaali<\/strong>: Kevyt ja ohut materiaali mahdollistaa helpon liikkumisen samalla kun se on kest\u00e4v\u00e4 ja hengitt\u00e4v\u00e4. T\u00e4m\u00e4n pit\u00e4isi varmistaa mukavuus my\u00f6s pitk\u00e4aikaisessa k\u00e4yt\u00f6ss\u00e4.<em> 78% Polyester \/ 20 % Rayon \/ 2% <\/em><em>Elastane<\/em><em> Twill<\/em><em>.<\/em><\/p>\n<p><strong>Hoito<\/strong> 30\u00ba. Minimaalinen silitys vaaditaan.<\/p>\n<p>Koot: XXS &#8211; 3XL<\/p>\n<p>Pituus:72cm<\/p>\n<p>Housut\u00a0<a href=\"https:\/\/simonjersey.eu\/fi\/tuote\/dickies-balance-miesten-housut-cargo-taskuilla\/\"><strong>t\u00e4\u00e4lt\u00e4<\/strong><\/a><strong><u>!<\/u><\/strong><\/p>\n","protected":false},"featured_media":8104,"template":"","meta":[],"product_brand":[],"product_cat":[438,69,71,89,22],"product_tag":[],"class_list":{"0":"post-8092","1":"product","2":"type-product","3":"status-publish","4":"has-post-thumbnail","6":"product_cat-dickies-cherokee-tyovaateet","7":"product_cat-hyvinvoinit-hoitoala","8":"product_cat-miesten-hoitopaidat-ja-jakut","9":"product_cat-pikeet-ja-t-paidat-varasto-ulkoilma-tyontekijat","10":"product_cat-pikeet-ja-t-paidat","12":"first","13":"instock","14":"taxable","15":"shipping-taxable","16":"purchasable","17":"product-type-variable","18":"has-default-attributes"},"yoast_head":"<!-- This site is optimized with the Yoast SEO plugin v27.2 - https:\/\/yoast.com\/product\/yoast-seo-wordpress\/ -->\n<title>Miesten Cherokee pikeepaita - Simon Jersey Suomi<\/title>\n<meta name=\"robots\" content=\"index, follow, max-snippet:-1, max-image-preview:large, max-video-preview:-1\" \/>\n<link rel=\"canonical\" href=\"https:\/\/simonjersey.eu\/fi\/tuote\/miesten-cherokee-pikeepaita\/\" \/>\n<meta property=\"og:locale\" content=\"fi_FI\" \/>\n<meta property=\"og:type\" content=\"article\" \/>\n<meta property=\"og:title\" content=\"Miesten Cherokee pikeepaita - Simon Jersey Suomi\" \/>\n<meta property=\"og:description\" content=\"Cherokee polopaita (Revolution-mallisto) on eritt\u00e4in mukava ja kest\u00e4v\u00e4, joustava kangas, joka takaa hyv\u00e4n liikkumisvapauden. Polopaidassa on rintatasku, sivuilla verkkopaneelit, jotka tekev\u00e4t paidasta hengitt\u00e4v\u00e4n. Polopaita sopii ty\u00f6skentelyyn l\u00e4\u00e4ketieteellisiss\u00e4 tiloissa ja siivouspalveluissa sek\u00e4 hierojille ja fysioterapeuteille. Pikeepaita on niin universaali, ett\u00e4 sit\u00e4 voi k\u00e4ytt\u00e4\u00e4 kaikkina vuodenaikoina.  Materiaali: Kevyt ja ohut materiaali mahdollistaa helpon liikkumisen samalla kun se on kest\u00e4v\u00e4 ja hengitt\u00e4v\u00e4. T\u00e4m\u00e4n pit\u00e4isi varmistaa mukavuus my\u00f6s pitk\u00e4aikaisessa k\u00e4yt\u00f6ss\u00e4. 78% Polyester \/ 20 % Rayon \/ 2% Elastane Twill.  Hoito 30\u00ba. Minimaalinen silitys vaaditaan.  Koot: XXS - 3XL  Pituus:72cm  Housut\u00a0t\u00e4\u00e4lt\u00e4!\" \/>\n<meta property=\"og:url\" content=\"https:\/\/simonjersey.eu\/fi\/tuote\/miesten-cherokee-pikeepaita\/\" \/>\n<meta property=\"og:site_name\" content=\"Simon Jersey Suomi\" \/>\n<meta property=\"article:modified_time\" content=\"2024-01-11T13:30:10+00:00\" \/>\n<meta property=\"og:image\" content=\"https:\/\/simonjersey.eu\/fi\/wp-content\/uploads\/sites\/3\/2024\/01\/WWE615_PWT.jpg\" \/>\n\t<meta property=\"og:image:width\" content=\"1100\" \/>\n\t<meta property=\"og:image:height\" content=\"1600\" \/>\n\t<meta property=\"og:image:type\" content=\"image\/jpeg\" \/>\n<meta name=\"twitter:card\" content=\"summary_large_image\" \/>\n<script type=\"application\/ld+json\" class=\"yoast-schema-graph\">{\"@context\":\"https:\/\/schema.org\",\"@graph\":[{\"@type\":\"WebPage\",\"@id\":\"https:\/\/simonjersey.eu\/fi\/tuote\/miesten-cherokee-pikeepaita\/\",\"url\":\"https:\/\/simonjersey.eu\/fi\/tuote\/miesten-cherokee-pikeepaita\/\",\"name\":\"Miesten Cherokee pikeepaita - Simon Jersey Suomi\",\"isPartOf\":{\"@id\":\"https:\/\/simonjersey.eu\/fi\/#website\"},\"primaryImageOfPage\":{\"@id\":\"https:\/\/simonjersey.eu\/fi\/tuote\/miesten-cherokee-pikeepaita\/#primaryimage\"},\"image\":{\"@id\":\"https:\/\/simonjersey.eu\/fi\/tuote\/miesten-cherokee-pikeepaita\/#primaryimage\"},\"thumbnailUrl\":\"https:\/\/simonjersey.eu\/fi\/wp-content\/uploads\/sites\/3\/2024\/01\/WWE615_PWT.jpg\",\"datePublished\":\"2024-01-11T13:25:09+00:00\",\"dateModified\":\"2024-01-11T13:30:10+00:00\",\"breadcrumb\":{\"@id\":\"https:\/\/simonjersey.eu\/fi\/tuote\/miesten-cherokee-pikeepaita\/#breadcrumb\"},\"inLanguage\":\"fi\",\"potentialAction\":[{\"@type\":\"ReadAction\",\"target\":[\"https:\/\/simonjersey.eu\/fi\/tuote\/miesten-cherokee-pikeepaita\/\"]}]},{\"@type\":\"ImageObject\",\"inLanguage\":\"fi\",\"@id\":\"https:\/\/simonjersey.eu\/fi\/tuote\/miesten-cherokee-pikeepaita\/#primaryimage\",\"url\":\"https:\/\/simonjersey.eu\/fi\/wp-content\/uploads\/sites\/3\/2024\/01\/WWE615_PWT.jpg\",\"contentUrl\":\"https:\/\/simonjersey.eu\/fi\/wp-content\/uploads\/sites\/3\/2024\/01\/WWE615_PWT.jpg\",\"width\":1100,\"height\":1600},{\"@type\":\"BreadcrumbList\",\"@id\":\"https:\/\/simonjersey.eu\/fi\/tuote\/miesten-cherokee-pikeepaita\/#breadcrumb\",\"itemListElement\":[{\"@type\":\"ListItem\",\"position\":1,\"name\":\"Home\",\"item\":\"https:\/\/simonjersey.eu\/fi\/\"},{\"@type\":\"ListItem\",\"position\":2,\"name\":\"Verkkokauppa\",\"item\":\"https:\/\/simonjersey.eu\/fi\/kauppaan\/\"},{\"@type\":\"ListItem\",\"position\":3,\"name\":\"Miesten Cherokee pikeepaita\"}]},{\"@type\":\"WebSite\",\"@id\":\"https:\/\/simonjersey.eu\/fi\/#website\",\"url\":\"https:\/\/simonjersey.eu\/fi\/\",\"name\":\"Simon Jersey Suomi\",\"description\":\"Tyylikk\u00e4\u00e4t ja kest\u00e4v\u00e4t  ammattiasut\",\"potentialAction\":[{\"@type\":\"SearchAction\",\"target\":{\"@type\":\"EntryPoint\",\"urlTemplate\":\"https:\/\/simonjersey.eu\/fi\/?s={search_term_string}\"},\"query-input\":{\"@type\":\"PropertyValueSpecification\",\"valueRequired\":true,\"valueName\":\"search_term_string\"}}],\"inLanguage\":\"fi\"}]}<\/script>\n<!-- \/ Yoast SEO plugin. -->","yoast_head_json":{"title":"Miesten Cherokee pikeepaita - Simon Jersey Suomi","robots":{"index":"index","follow":"follow","max-snippet":"max-snippet:-1","max-image-preview":"max-image-preview:large","max-video-preview":"max-video-preview:-1"},"canonical":"https:\/\/simonjersey.eu\/fi\/tuote\/miesten-cherokee-pikeepaita\/","og_locale":"fi_FI","og_type":"article","og_title":"Miesten Cherokee pikeepaita - Simon Jersey Suomi","og_description":"Cherokee polopaita (Revolution-mallisto) on eritt\u00e4in mukava ja kest\u00e4v\u00e4, joustava kangas, joka takaa hyv\u00e4n liikkumisvapauden. Polopaidassa on rintatasku, sivuilla verkkopaneelit, jotka tekev\u00e4t paidasta hengitt\u00e4v\u00e4n. Polopaita sopii ty\u00f6skentelyyn l\u00e4\u00e4ketieteellisiss\u00e4 tiloissa ja siivouspalveluissa sek\u00e4 hierojille ja fysioterapeuteille. Pikeepaita on niin universaali, ett\u00e4 sit\u00e4 voi k\u00e4ytt\u00e4\u00e4 kaikkina vuodenaikoina.  Materiaali: Kevyt ja ohut materiaali mahdollistaa helpon liikkumisen samalla kun se on kest\u00e4v\u00e4 ja hengitt\u00e4v\u00e4. T\u00e4m\u00e4n pit\u00e4isi varmistaa mukavuus my\u00f6s pitk\u00e4aikaisessa k\u00e4yt\u00f6ss\u00e4. 78% Polyester \/ 20 % Rayon \/ 2% Elastane Twill.  Hoito 30\u00ba. Minimaalinen silitys vaaditaan.  Koot: XXS - 3XL  Pituus:72cm  Housut\u00a0t\u00e4\u00e4lt\u00e4!","og_url":"https:\/\/simonjersey.eu\/fi\/tuote\/miesten-cherokee-pikeepaita\/","og_site_name":"Simon Jersey Suomi","article_modified_time":"2024-01-11T13:30:10+00:00","og_image":[{"width":1100,"height":1600,"url":"https:\/\/simonjersey.eu\/fi\/wp-content\/uploads\/sites\/3\/2024\/01\/WWE615_PWT.jpg","type":"image\/jpeg"}],"twitter_card":"summary_large_image","schema":{"@context":"https:\/\/schema.org","@graph":[{"@type":"WebPage","@id":"https:\/\/simonjersey.eu\/fi\/tuote\/miesten-cherokee-pikeepaita\/","url":"https:\/\/simonjersey.eu\/fi\/tuote\/miesten-cherokee-pikeepaita\/","name":"Miesten Cherokee pikeepaita - Simon Jersey Suomi","isPartOf":{"@id":"https:\/\/simonjersey.eu\/fi\/#website"},"primaryImageOfPage":{"@id":"https:\/\/simonjersey.eu\/fi\/tuote\/miesten-cherokee-pikeepaita\/#primaryimage"},"image":{"@id":"https:\/\/simonjersey.eu\/fi\/tuote\/miesten-cherokee-pikeepaita\/#primaryimage"},"thumbnailUrl":"https:\/\/simonjersey.eu\/fi\/wp-content\/uploads\/sites\/3\/2024\/01\/WWE615_PWT.jpg","datePublished":"2024-01-11T13:25:09+00:00","dateModified":"2024-01-11T13:30:10+00:00","breadcrumb":{"@id":"https:\/\/simonjersey.eu\/fi\/tuote\/miesten-cherokee-pikeepaita\/#breadcrumb"},"inLanguage":"fi","potentialAction":[{"@type":"ReadAction","target":["https:\/\/simonjersey.eu\/fi\/tuote\/miesten-cherokee-pikeepaita\/"]}]},{"@type":"ImageObject","inLanguage":"fi","@id":"https:\/\/simonjersey.eu\/fi\/tuote\/miesten-cherokee-pikeepaita\/#primaryimage","url":"https:\/\/simonjersey.eu\/fi\/wp-content\/uploads\/sites\/3\/2024\/01\/WWE615_PWT.jpg","contentUrl":"https:\/\/simonjersey.eu\/fi\/wp-content\/uploads\/sites\/3\/2024\/01\/WWE615_PWT.jpg","width":1100,"height":1600},{"@type":"BreadcrumbList","@id":"https:\/\/simonjersey.eu\/fi\/tuote\/miesten-cherokee-pikeepaita\/#breadcrumb","itemListElement":[{"@type":"ListItem","position":1,"name":"Home","item":"https:\/\/simonjersey.eu\/fi\/"},{"@type":"ListItem","position":2,"name":"Verkkokauppa","item":"https:\/\/simonjersey.eu\/fi\/kauppaan\/"},{"@type":"ListItem","position":3,"name":"Miesten Cherokee pikeepaita"}]},{"@type":"WebSite","@id":"https:\/\/simonjersey.eu\/fi\/#website","url":"https:\/\/simonjersey.eu\/fi\/","name":"Simon Jersey Suomi","description":"Tyylikk\u00e4\u00e4t ja kest\u00e4v\u00e4t  ammattiasut","potentialAction":[{"@type":"SearchAction","target":{"@type":"EntryPoint","urlTemplate":"https:\/\/simonjersey.eu\/fi\/?s={search_term_string}"},"query-input":{"@type":"PropertyValueSpecification","valueRequired":true,"valueName":"search_term_string"}}],"inLanguage":"fi"}]}},"_links":{"self":[{"href":"https:\/\/simonjersey.eu\/fi\/wp-json\/wp\/v2\/product\/8092","targetHints":{"allow":["GET"]}}],"collection":[{"href":"https:\/\/simonjersey.eu\/fi\/wp-json\/wp\/v2\/product"}],"about":[{"href":"https:\/\/simonjersey.eu\/fi\/wp-json\/wp\/v2\/types\/product"}],"wp:featuredmedia":[{"embeddable":true,"href":"https:\/\/simonjersey.eu\/fi\/wp-json\/wp\/v2\/media\/8104"}],"wp:attachment":[{"href":"https:\/\/simonjersey.eu\/fi\/wp-json\/wp\/v2\/media?parent=8092"}],"wp:term":[{"taxonomy":"product_brand","embeddable":true,"href":"https:\/\/simonjersey.eu\/fi\/wp-json\/wp\/v2\/product_brand?post=8092"},{"taxonomy":"product_cat","embeddable":true,"href":"https:\/\/simonjersey.eu\/fi\/wp-json\/wp\/v2\/product_cat?post=8092"},{"taxonomy":"product_tag","embeddable":true,"href":"https:\/\/simonjersey.eu\/fi\/wp-json\/wp\/v2\/product_tag?post=8092"}],"curies":[{"name":"wp","href":"https:\/\/api.w.org\/{rel}","templated":true}]}}