{"id":8226,"date":"2024-01-31T11:44:30","date_gmt":"2024-01-31T11:44:30","guid":{"rendered":"https:\/\/simonjersey.eu\/fi\/?post_type=product&#038;p=8226"},"modified":"2025-03-18T10:11:47","modified_gmt":"2025-03-18T10:11:47","slug":"dickies-naisten-housut-sairaanhoitajille","status":"publish","type":"product","link":"https:\/\/simonjersey.eu\/fi\/tuote\/dickies-naisten-housut-sairaanhoitajille\/","title":{"rendered":"Dickies naisten housut sairaanhoitajille"},"content":{"rendered":"","protected":false},"excerpt":{"rendered":"<p><strong>N\u00e4ma Dickies hoitajan\u00a0 housut <\/strong>\u00a0on paras vaihtoehto kaikille sairaanhoitajille, l\u00e4\u00e4k\u00e4reille ja\u00a0 hierojille ja fysioterapeuteille, edulliseen hintaan ansiosta.<\/p>\n<p>Erinomaisen kankaan koostumuksen ansiosta housut ovat kevyet, mukavat, miellytt\u00e4v\u00e4 kosketus ja hengitt\u00e4v\u00e4t. Housuissa on joustava vy\u00f6t\u00e4r\u00f6nauha. Sivutaskut, cargo taskut lahkeessa.<\/p>\n<p>Pituus: 80cm, kartiomainen jalka housut.<\/p>\n<p>Materjaali: 55% cotton, 45% poplin polyester.\/ 150gm.<\/p>\n<p>Konepesu: 60\u00b0C, alhaisella nopeudella, ei vaadi silityst\u00e4.<\/p>\n<p>Koko: XXS-3XL<\/p>\n<p>L\u00f6yd\u00e4 sopivat hoitajan paitat\u00a0<strong><a href=\"https:\/\/simonjersey.eu\/fi\/tuote\/dickies-v-kaula-hoitajan-paita-naisille\/\">t\u00e4\u00e4lt\u00e4<\/a>!<\/strong><\/p>\n","protected":false},"featured_media":8228,"template":"","meta":[],"product_brand":[],"product_cat":[438,69,72,92,30],"product_tag":[],"class_list":{"0":"post-8226","1":"product","2":"type-product","3":"status-publish","4":"has-post-thumbnail","6":"product_cat-dickies-cherokee-tyovaateet","7":"product_cat-hyvinvoinit-hoitoala","8":"product_cat-laakeala-housut","9":"product_cat-tyohousut","10":"product_cat-laakealan-vaatteet","12":"first","13":"instock","14":"taxable","15":"shipping-taxable","16":"purchasable","17":"product-type-variable","18":"has-default-attributes"},"yoast_head":"<!-- This site is optimized with the Yoast SEO plugin v27.2 - https:\/\/yoast.com\/product\/yoast-seo-wordpress\/ -->\n<title>Dickies naisten housut sairaanhoitajille - Simon Jersey Suomi<\/title>\n<meta name=\"robots\" content=\"index, follow, max-snippet:-1, max-image-preview:large, max-video-preview:-1\" \/>\n<link rel=\"canonical\" href=\"https:\/\/simonjersey.eu\/fi\/tuote\/dickies-naisten-housut-sairaanhoitajille\/\" \/>\n<meta property=\"og:locale\" content=\"fi_FI\" \/>\n<meta property=\"og:type\" content=\"article\" \/>\n<meta property=\"og:title\" content=\"Dickies naisten housut sairaanhoitajille - Simon Jersey Suomi\" \/>\n<meta property=\"og:description\" content=\"N\u00e4ma Dickies hoitajan\u00a0 housut \u00a0on paras vaihtoehto kaikille sairaanhoitajille, l\u00e4\u00e4k\u00e4reille ja\u00a0 hierojille ja fysioterapeuteille, edulliseen hintaan ansiosta.  Erinomaisen kankaan koostumuksen ansiosta housut ovat kevyet, mukavat, miellytt\u00e4v\u00e4 kosketus ja hengitt\u00e4v\u00e4t. Housuissa on joustava vy\u00f6t\u00e4r\u00f6nauha. Sivutaskut, cargo taskut lahkeessa.  Pituus: 80cm, kartiomainen jalka housut.  Materjaali: 55% cotton, 45% poplin polyester.\/ 150gm.  Konepesu: 60\u00b0C, alhaisella nopeudella, ei vaadi silityst\u00e4.  Koko: XXS-3XL  L\u00f6yd\u00e4 sopivat hoitajan paitat\u00a0t\u00e4\u00e4lt\u00e4!\" \/>\n<meta property=\"og:url\" content=\"https:\/\/simonjersey.eu\/fi\/tuote\/dickies-naisten-housut-sairaanhoitajille\/\" \/>\n<meta property=\"og:site_name\" content=\"Simon Jersey Suomi\" \/>\n<meta property=\"article:modified_time\" content=\"2025-03-18T10:11:47+00:00\" \/>\n<meta property=\"og:image\" content=\"https:\/\/simonjersey.eu\/fi\/wp-content\/uploads\/sites\/3\/2024\/01\/86106-naiste-cargo-puksid-carribean-blue.jpg\" \/>\n\t<meta property=\"og:image:width\" content=\"1100\" \/>\n\t<meta property=\"og:image:height\" content=\"1600\" \/>\n\t<meta property=\"og:image:type\" content=\"image\/jpeg\" \/>\n<meta name=\"twitter:card\" content=\"summary_large_image\" \/>\n<meta name=\"twitter:label1\" content=\"Arvioitu lukuaika\" \/>\n\t<meta name=\"twitter:data1\" content=\"1 minuutti\" \/>\n<script type=\"application\/ld+json\" class=\"yoast-schema-graph\">{\"@context\":\"https:\/\/schema.org\",\"@graph\":[{\"@type\":\"WebPage\",\"@id\":\"https:\/\/simonjersey.eu\/fi\/tuote\/dickies-naisten-housut-sairaanhoitajille\/\",\"url\":\"https:\/\/simonjersey.eu\/fi\/tuote\/dickies-naisten-housut-sairaanhoitajille\/\",\"name\":\"Dickies naisten housut sairaanhoitajille - Simon Jersey Suomi\",\"isPartOf\":{\"@id\":\"https:\/\/simonjersey.eu\/fi\/#website\"},\"primaryImageOfPage\":{\"@id\":\"https:\/\/simonjersey.eu\/fi\/tuote\/dickies-naisten-housut-sairaanhoitajille\/#primaryimage\"},\"image\":{\"@id\":\"https:\/\/simonjersey.eu\/fi\/tuote\/dickies-naisten-housut-sairaanhoitajille\/#primaryimage\"},\"thumbnailUrl\":\"https:\/\/simonjersey.eu\/fi\/wp-content\/uploads\/sites\/3\/2024\/01\/86106-naiste-cargo-puksid-carribean-blue.jpg\",\"datePublished\":\"2024-01-31T11:44:30+00:00\",\"dateModified\":\"2025-03-18T10:11:47+00:00\",\"breadcrumb\":{\"@id\":\"https:\/\/simonjersey.eu\/fi\/tuote\/dickies-naisten-housut-sairaanhoitajille\/#breadcrumb\"},\"inLanguage\":\"fi\",\"potentialAction\":[{\"@type\":\"ReadAction\",\"target\":[\"https:\/\/simonjersey.eu\/fi\/tuote\/dickies-naisten-housut-sairaanhoitajille\/\"]}]},{\"@type\":\"ImageObject\",\"inLanguage\":\"fi\",\"@id\":\"https:\/\/simonjersey.eu\/fi\/tuote\/dickies-naisten-housut-sairaanhoitajille\/#primaryimage\",\"url\":\"https:\/\/simonjersey.eu\/fi\/wp-content\/uploads\/sites\/3\/2024\/01\/86106-naiste-cargo-puksid-carribean-blue.jpg\",\"contentUrl\":\"https:\/\/simonjersey.eu\/fi\/wp-content\/uploads\/sites\/3\/2024\/01\/86106-naiste-cargo-puksid-carribean-blue.jpg\",\"width\":1100,\"height\":1600},{\"@type\":\"BreadcrumbList\",\"@id\":\"https:\/\/simonjersey.eu\/fi\/tuote\/dickies-naisten-housut-sairaanhoitajille\/#breadcrumb\",\"itemListElement\":[{\"@type\":\"ListItem\",\"position\":1,\"name\":\"Home\",\"item\":\"https:\/\/simonjersey.eu\/fi\/\"},{\"@type\":\"ListItem\",\"position\":2,\"name\":\"Verkkokauppa\",\"item\":\"https:\/\/simonjersey.eu\/fi\/kauppaan\/\"},{\"@type\":\"ListItem\",\"position\":3,\"name\":\"Dickies naisten housut sairaanhoitajille\"}]},{\"@type\":\"WebSite\",\"@id\":\"https:\/\/simonjersey.eu\/fi\/#website\",\"url\":\"https:\/\/simonjersey.eu\/fi\/\",\"name\":\"Simon Jersey Suomi\",\"description\":\"Tyylikk\u00e4\u00e4t ja kest\u00e4v\u00e4t  ammattiasut\",\"potentialAction\":[{\"@type\":\"SearchAction\",\"target\":{\"@type\":\"EntryPoint\",\"urlTemplate\":\"https:\/\/simonjersey.eu\/fi\/?s={search_term_string}\"},\"query-input\":{\"@type\":\"PropertyValueSpecification\",\"valueRequired\":true,\"valueName\":\"search_term_string\"}}],\"inLanguage\":\"fi\"}]}<\/script>\n<!-- \/ Yoast SEO plugin. -->","yoast_head_json":{"title":"Dickies naisten housut sairaanhoitajille - Simon Jersey Suomi","robots":{"index":"index","follow":"follow","max-snippet":"max-snippet:-1","max-image-preview":"max-image-preview:large","max-video-preview":"max-video-preview:-1"},"canonical":"https:\/\/simonjersey.eu\/fi\/tuote\/dickies-naisten-housut-sairaanhoitajille\/","og_locale":"fi_FI","og_type":"article","og_title":"Dickies naisten housut sairaanhoitajille - Simon Jersey Suomi","og_description":"N\u00e4ma Dickies hoitajan\u00a0 housut \u00a0on paras vaihtoehto kaikille sairaanhoitajille, l\u00e4\u00e4k\u00e4reille ja\u00a0 hierojille ja fysioterapeuteille, edulliseen hintaan ansiosta.  Erinomaisen kankaan koostumuksen ansiosta housut ovat kevyet, mukavat, miellytt\u00e4v\u00e4 kosketus ja hengitt\u00e4v\u00e4t. Housuissa on joustava vy\u00f6t\u00e4r\u00f6nauha. Sivutaskut, cargo taskut lahkeessa.  Pituus: 80cm, kartiomainen jalka housut.  Materjaali: 55% cotton, 45% poplin polyester.\/ 150gm.  Konepesu: 60\u00b0C, alhaisella nopeudella, ei vaadi silityst\u00e4.  Koko: XXS-3XL  L\u00f6yd\u00e4 sopivat hoitajan paitat\u00a0t\u00e4\u00e4lt\u00e4!","og_url":"https:\/\/simonjersey.eu\/fi\/tuote\/dickies-naisten-housut-sairaanhoitajille\/","og_site_name":"Simon Jersey Suomi","article_modified_time":"2025-03-18T10:11:47+00:00","og_image":[{"width":1100,"height":1600,"url":"https:\/\/simonjersey.eu\/fi\/wp-content\/uploads\/sites\/3\/2024\/01\/86106-naiste-cargo-puksid-carribean-blue.jpg","type":"image\/jpeg"}],"twitter_card":"summary_large_image","twitter_misc":{"Arvioitu lukuaika":"1 minuutti"},"schema":{"@context":"https:\/\/schema.org","@graph":[{"@type":"WebPage","@id":"https:\/\/simonjersey.eu\/fi\/tuote\/dickies-naisten-housut-sairaanhoitajille\/","url":"https:\/\/simonjersey.eu\/fi\/tuote\/dickies-naisten-housut-sairaanhoitajille\/","name":"Dickies naisten housut sairaanhoitajille - Simon Jersey Suomi","isPartOf":{"@id":"https:\/\/simonjersey.eu\/fi\/#website"},"primaryImageOfPage":{"@id":"https:\/\/simonjersey.eu\/fi\/tuote\/dickies-naisten-housut-sairaanhoitajille\/#primaryimage"},"image":{"@id":"https:\/\/simonjersey.eu\/fi\/tuote\/dickies-naisten-housut-sairaanhoitajille\/#primaryimage"},"thumbnailUrl":"https:\/\/simonjersey.eu\/fi\/wp-content\/uploads\/sites\/3\/2024\/01\/86106-naiste-cargo-puksid-carribean-blue.jpg","datePublished":"2024-01-31T11:44:30+00:00","dateModified":"2025-03-18T10:11:47+00:00","breadcrumb":{"@id":"https:\/\/simonjersey.eu\/fi\/tuote\/dickies-naisten-housut-sairaanhoitajille\/#breadcrumb"},"inLanguage":"fi","potentialAction":[{"@type":"ReadAction","target":["https:\/\/simonjersey.eu\/fi\/tuote\/dickies-naisten-housut-sairaanhoitajille\/"]}]},{"@type":"ImageObject","inLanguage":"fi","@id":"https:\/\/simonjersey.eu\/fi\/tuote\/dickies-naisten-housut-sairaanhoitajille\/#primaryimage","url":"https:\/\/simonjersey.eu\/fi\/wp-content\/uploads\/sites\/3\/2024\/01\/86106-naiste-cargo-puksid-carribean-blue.jpg","contentUrl":"https:\/\/simonjersey.eu\/fi\/wp-content\/uploads\/sites\/3\/2024\/01\/86106-naiste-cargo-puksid-carribean-blue.jpg","width":1100,"height":1600},{"@type":"BreadcrumbList","@id":"https:\/\/simonjersey.eu\/fi\/tuote\/dickies-naisten-housut-sairaanhoitajille\/#breadcrumb","itemListElement":[{"@type":"ListItem","position":1,"name":"Home","item":"https:\/\/simonjersey.eu\/fi\/"},{"@type":"ListItem","position":2,"name":"Verkkokauppa","item":"https:\/\/simonjersey.eu\/fi\/kauppaan\/"},{"@type":"ListItem","position":3,"name":"Dickies naisten housut sairaanhoitajille"}]},{"@type":"WebSite","@id":"https:\/\/simonjersey.eu\/fi\/#website","url":"https:\/\/simonjersey.eu\/fi\/","name":"Simon Jersey Suomi","description":"Tyylikk\u00e4\u00e4t ja kest\u00e4v\u00e4t  ammattiasut","potentialAction":[{"@type":"SearchAction","target":{"@type":"EntryPoint","urlTemplate":"https:\/\/simonjersey.eu\/fi\/?s={search_term_string}"},"query-input":{"@type":"PropertyValueSpecification","valueRequired":true,"valueName":"search_term_string"}}],"inLanguage":"fi"}]}},"_links":{"self":[{"href":"https:\/\/simonjersey.eu\/fi\/wp-json\/wp\/v2\/product\/8226","targetHints":{"allow":["GET"]}}],"collection":[{"href":"https:\/\/simonjersey.eu\/fi\/wp-json\/wp\/v2\/product"}],"about":[{"href":"https:\/\/simonjersey.eu\/fi\/wp-json\/wp\/v2\/types\/product"}],"wp:featuredmedia":[{"embeddable":true,"href":"https:\/\/simonjersey.eu\/fi\/wp-json\/wp\/v2\/media\/8228"}],"wp:attachment":[{"href":"https:\/\/simonjersey.eu\/fi\/wp-json\/wp\/v2\/media?parent=8226"}],"wp:term":[{"taxonomy":"product_brand","embeddable":true,"href":"https:\/\/simonjersey.eu\/fi\/wp-json\/wp\/v2\/product_brand?post=8226"},{"taxonomy":"product_cat","embeddable":true,"href":"https:\/\/simonjersey.eu\/fi\/wp-json\/wp\/v2\/product_cat?post=8226"},{"taxonomy":"product_tag","embeddable":true,"href":"https:\/\/simonjersey.eu\/fi\/wp-json\/wp\/v2\/product_tag?post=8226"}],"curies":[{"name":"wp","href":"https:\/\/api.w.org\/{rel}","templated":true}]}}