{"id":8252,"date":"2024-01-31T12:26:49","date_gmt":"2024-01-31T12:26:49","guid":{"rendered":"https:\/\/simonjersey.eu\/fi\/?post_type=product&#038;p=8252"},"modified":"2024-01-31T12:37:14","modified_gmt":"2024-01-31T12:37:14","slug":"prestige-herringbone-100-puuvilla-kauluspaita-naisille","status":"publish","type":"product","link":"https:\/\/simonjersey.eu\/fi\/tuote\/prestige-herringbone-100-puuvilla-kauluspaita-naisille\/","title":{"rendered":"Prestige Herringbone 100% puuvilla kauluspaita naisille"},"content":{"rendered":"","protected":false},"excerpt":{"rendered":"<p>T\u00e4m\u00e4 naisten kauluspaita on hienostunut ja tyylik\u00e4s valinta, joka korostaa laatua, ajatonta tyyli\u00e4 ja ylellisyytt\u00e4. Ultrahieno puuvillamateriaali kalanruotokuvioinnilla antaa sille elegantin ilmeen. T\u00e4m\u00e4 paita sopii moniin tilaisuuksiin, aina muodollisista tapaamisista rentoihin arkisiin hetkiin.<\/p>\n<p>Paitapuseron istuva leikkaus, pitk\u00e4t hihat, prinsessaleikkaus ja piilotettu nappilista tuovat siihen lis\u00e4\u00e4 hienostuneisuutta ja huomiota yksityiskohtiin. Prinsessaleikkaus korostaa naisellista siluettia, ja piilotettu nappilista voi lis\u00e4t\u00e4 minimalistista tyylikkyytt\u00e4.<\/p>\n<p>Materiaali: 100% Superfine Cotton \/ 130 gm.<\/p>\n<p>Konepesu: 40 \u00b0 ( wool cycle, cool iron)<\/p>\n<p>Koko UK: 6-24<\/p>\n<p>&nbsp;<\/p>\n","protected":false},"featured_media":8257,"template":"","meta":[],"product_brand":[],"product_cat":[41,55,56,63,75,80,15],"product_tag":[],"class_list":{"0":"post-8252","1":"product","2":"type-product","3":"status-publish","4":"has-post-thumbnail","6":"product_cat-ravintola-kahvila","7":"product_cat-naisten-kaluspaidat","8":"product_cat-hotelli-palveluammatit","9":"product_cat-naisten-kauluspaidat-hotelli-ja-palveluammatit","10":"product_cat-business-toimisto","11":"product_cat-naisten-kauluspaidat-business-toimisto","12":"product_cat-naisten-kauluspaidat","14":"first","15":"instock","16":"taxable","17":"shipping-taxable","18":"purchasable","19":"product-type-variable","20":"has-default-attributes"},"yoast_head":"<!-- This site is optimized with the Yoast SEO plugin v27.2 - https:\/\/yoast.com\/product\/yoast-seo-wordpress\/ -->\n<title>Prestige Herringbone 100% puuvilla kauluspaita naisille - Simon Jersey Suomi<\/title>\n<meta name=\"robots\" content=\"index, follow, max-snippet:-1, max-image-preview:large, max-video-preview:-1\" \/>\n<link rel=\"canonical\" href=\"https:\/\/simonjersey.eu\/fi\/tuote\/prestige-herringbone-100-puuvilla-kauluspaita-naisille\/\" \/>\n<meta property=\"og:locale\" content=\"fi_FI\" \/>\n<meta property=\"og:type\" content=\"article\" \/>\n<meta property=\"og:title\" content=\"Prestige Herringbone 100% puuvilla kauluspaita naisille - Simon Jersey Suomi\" \/>\n<meta property=\"og:description\" content=\"T\u00e4m\u00e4 naisten kauluspaita on hienostunut ja tyylik\u00e4s valinta, joka korostaa laatua, ajatonta tyyli\u00e4 ja ylellisyytt\u00e4. Ultrahieno puuvillamateriaali kalanruotokuvioinnilla antaa sille elegantin ilmeen. T\u00e4m\u00e4 paita sopii moniin tilaisuuksiin, aina muodollisista tapaamisista rentoihin arkisiin hetkiin.  Paitapuseron istuva leikkaus, pitk\u00e4t hihat, prinsessaleikkaus ja piilotettu nappilista tuovat siihen lis\u00e4\u00e4 hienostuneisuutta ja huomiota yksityiskohtiin. Prinsessaleikkaus korostaa naisellista siluettia, ja piilotettu nappilista voi lis\u00e4t\u00e4 minimalistista tyylikkyytt\u00e4.  Materiaali: 100% Superfine Cotton \/ 130 gm.  Konepesu: 40 \u00b0 ( wool cycle, cool iron)  Koko UK: 6-24  &nbsp;\" \/>\n<meta property=\"og:url\" content=\"https:\/\/simonjersey.eu\/fi\/tuote\/prestige-herringbone-100-puuvilla-kauluspaita-naisille\/\" \/>\n<meta property=\"og:site_name\" content=\"Simon Jersey Suomi\" \/>\n<meta property=\"article:modified_time\" content=\"2024-01-31T12:37:14+00:00\" \/>\n<meta property=\"og:image\" content=\"https:\/\/simonjersey.eu\/fi\/wp-content\/uploads\/sites\/3\/2024\/01\/Prosecco-Blouse-WhiteHB-750-x-986.jpg\" \/>\n\t<meta property=\"og:image:width\" content=\"750\" \/>\n\t<meta property=\"og:image:height\" content=\"986\" \/>\n\t<meta property=\"og:image:type\" content=\"image\/jpeg\" \/>\n<meta name=\"twitter:card\" content=\"summary_large_image\" \/>\n<script type=\"application\/ld+json\" class=\"yoast-schema-graph\">{\"@context\":\"https:\/\/schema.org\",\"@graph\":[{\"@type\":\"WebPage\",\"@id\":\"https:\/\/simonjersey.eu\/fi\/tuote\/prestige-herringbone-100-puuvilla-kauluspaita-naisille\/\",\"url\":\"https:\/\/simonjersey.eu\/fi\/tuote\/prestige-herringbone-100-puuvilla-kauluspaita-naisille\/\",\"name\":\"Prestige Herringbone 100% puuvilla kauluspaita naisille - Simon Jersey Suomi\",\"isPartOf\":{\"@id\":\"https:\/\/simonjersey.eu\/fi\/#website\"},\"primaryImageOfPage\":{\"@id\":\"https:\/\/simonjersey.eu\/fi\/tuote\/prestige-herringbone-100-puuvilla-kauluspaita-naisille\/#primaryimage\"},\"image\":{\"@id\":\"https:\/\/simonjersey.eu\/fi\/tuote\/prestige-herringbone-100-puuvilla-kauluspaita-naisille\/#primaryimage\"},\"thumbnailUrl\":\"https:\/\/simonjersey.eu\/fi\/wp-content\/uploads\/sites\/3\/2024\/01\/Prosecco-Blouse-WhiteHB-750-x-986.jpg\",\"datePublished\":\"2024-01-31T12:26:49+00:00\",\"dateModified\":\"2024-01-31T12:37:14+00:00\",\"breadcrumb\":{\"@id\":\"https:\/\/simonjersey.eu\/fi\/tuote\/prestige-herringbone-100-puuvilla-kauluspaita-naisille\/#breadcrumb\"},\"inLanguage\":\"fi\",\"potentialAction\":[{\"@type\":\"ReadAction\",\"target\":[\"https:\/\/simonjersey.eu\/fi\/tuote\/prestige-herringbone-100-puuvilla-kauluspaita-naisille\/\"]}]},{\"@type\":\"ImageObject\",\"inLanguage\":\"fi\",\"@id\":\"https:\/\/simonjersey.eu\/fi\/tuote\/prestige-herringbone-100-puuvilla-kauluspaita-naisille\/#primaryimage\",\"url\":\"https:\/\/simonjersey.eu\/fi\/wp-content\/uploads\/sites\/3\/2024\/01\/Prosecco-Blouse-WhiteHB-750-x-986.jpg\",\"contentUrl\":\"https:\/\/simonjersey.eu\/fi\/wp-content\/uploads\/sites\/3\/2024\/01\/Prosecco-Blouse-WhiteHB-750-x-986.jpg\",\"width\":750,\"height\":986},{\"@type\":\"BreadcrumbList\",\"@id\":\"https:\/\/simonjersey.eu\/fi\/tuote\/prestige-herringbone-100-puuvilla-kauluspaita-naisille\/#breadcrumb\",\"itemListElement\":[{\"@type\":\"ListItem\",\"position\":1,\"name\":\"Home\",\"item\":\"https:\/\/simonjersey.eu\/fi\/\"},{\"@type\":\"ListItem\",\"position\":2,\"name\":\"Verkkokauppa\",\"item\":\"https:\/\/simonjersey.eu\/fi\/kauppaan\/\"},{\"@type\":\"ListItem\",\"position\":3,\"name\":\"Prestige Herringbone 100% puuvilla kauluspaita naisille\"}]},{\"@type\":\"WebSite\",\"@id\":\"https:\/\/simonjersey.eu\/fi\/#website\",\"url\":\"https:\/\/simonjersey.eu\/fi\/\",\"name\":\"Simon Jersey Suomi\",\"description\":\"Tyylikk\u00e4\u00e4t ja kest\u00e4v\u00e4t  ammattiasut\",\"potentialAction\":[{\"@type\":\"SearchAction\",\"target\":{\"@type\":\"EntryPoint\",\"urlTemplate\":\"https:\/\/simonjersey.eu\/fi\/?s={search_term_string}\"},\"query-input\":{\"@type\":\"PropertyValueSpecification\",\"valueRequired\":true,\"valueName\":\"search_term_string\"}}],\"inLanguage\":\"fi\"}]}<\/script>\n<!-- \/ Yoast SEO plugin. -->","yoast_head_json":{"title":"Prestige Herringbone 100% puuvilla kauluspaita naisille - Simon Jersey Suomi","robots":{"index":"index","follow":"follow","max-snippet":"max-snippet:-1","max-image-preview":"max-image-preview:large","max-video-preview":"max-video-preview:-1"},"canonical":"https:\/\/simonjersey.eu\/fi\/tuote\/prestige-herringbone-100-puuvilla-kauluspaita-naisille\/","og_locale":"fi_FI","og_type":"article","og_title":"Prestige Herringbone 100% puuvilla kauluspaita naisille - Simon Jersey Suomi","og_description":"T\u00e4m\u00e4 naisten kauluspaita on hienostunut ja tyylik\u00e4s valinta, joka korostaa laatua, ajatonta tyyli\u00e4 ja ylellisyytt\u00e4. Ultrahieno puuvillamateriaali kalanruotokuvioinnilla antaa sille elegantin ilmeen. T\u00e4m\u00e4 paita sopii moniin tilaisuuksiin, aina muodollisista tapaamisista rentoihin arkisiin hetkiin.  Paitapuseron istuva leikkaus, pitk\u00e4t hihat, prinsessaleikkaus ja piilotettu nappilista tuovat siihen lis\u00e4\u00e4 hienostuneisuutta ja huomiota yksityiskohtiin. Prinsessaleikkaus korostaa naisellista siluettia, ja piilotettu nappilista voi lis\u00e4t\u00e4 minimalistista tyylikkyytt\u00e4.  Materiaali: 100% Superfine Cotton \/ 130 gm.  Konepesu: 40 \u00b0 ( wool cycle, cool iron)  Koko UK: 6-24  &nbsp;","og_url":"https:\/\/simonjersey.eu\/fi\/tuote\/prestige-herringbone-100-puuvilla-kauluspaita-naisille\/","og_site_name":"Simon Jersey Suomi","article_modified_time":"2024-01-31T12:37:14+00:00","og_image":[{"width":750,"height":986,"url":"https:\/\/simonjersey.eu\/fi\/wp-content\/uploads\/sites\/3\/2024\/01\/Prosecco-Blouse-WhiteHB-750-x-986.jpg","type":"image\/jpeg"}],"twitter_card":"summary_large_image","schema":{"@context":"https:\/\/schema.org","@graph":[{"@type":"WebPage","@id":"https:\/\/simonjersey.eu\/fi\/tuote\/prestige-herringbone-100-puuvilla-kauluspaita-naisille\/","url":"https:\/\/simonjersey.eu\/fi\/tuote\/prestige-herringbone-100-puuvilla-kauluspaita-naisille\/","name":"Prestige Herringbone 100% puuvilla kauluspaita naisille - Simon Jersey Suomi","isPartOf":{"@id":"https:\/\/simonjersey.eu\/fi\/#website"},"primaryImageOfPage":{"@id":"https:\/\/simonjersey.eu\/fi\/tuote\/prestige-herringbone-100-puuvilla-kauluspaita-naisille\/#primaryimage"},"image":{"@id":"https:\/\/simonjersey.eu\/fi\/tuote\/prestige-herringbone-100-puuvilla-kauluspaita-naisille\/#primaryimage"},"thumbnailUrl":"https:\/\/simonjersey.eu\/fi\/wp-content\/uploads\/sites\/3\/2024\/01\/Prosecco-Blouse-WhiteHB-750-x-986.jpg","datePublished":"2024-01-31T12:26:49+00:00","dateModified":"2024-01-31T12:37:14+00:00","breadcrumb":{"@id":"https:\/\/simonjersey.eu\/fi\/tuote\/prestige-herringbone-100-puuvilla-kauluspaita-naisille\/#breadcrumb"},"inLanguage":"fi","potentialAction":[{"@type":"ReadAction","target":["https:\/\/simonjersey.eu\/fi\/tuote\/prestige-herringbone-100-puuvilla-kauluspaita-naisille\/"]}]},{"@type":"ImageObject","inLanguage":"fi","@id":"https:\/\/simonjersey.eu\/fi\/tuote\/prestige-herringbone-100-puuvilla-kauluspaita-naisille\/#primaryimage","url":"https:\/\/simonjersey.eu\/fi\/wp-content\/uploads\/sites\/3\/2024\/01\/Prosecco-Blouse-WhiteHB-750-x-986.jpg","contentUrl":"https:\/\/simonjersey.eu\/fi\/wp-content\/uploads\/sites\/3\/2024\/01\/Prosecco-Blouse-WhiteHB-750-x-986.jpg","width":750,"height":986},{"@type":"BreadcrumbList","@id":"https:\/\/simonjersey.eu\/fi\/tuote\/prestige-herringbone-100-puuvilla-kauluspaita-naisille\/#breadcrumb","itemListElement":[{"@type":"ListItem","position":1,"name":"Home","item":"https:\/\/simonjersey.eu\/fi\/"},{"@type":"ListItem","position":2,"name":"Verkkokauppa","item":"https:\/\/simonjersey.eu\/fi\/kauppaan\/"},{"@type":"ListItem","position":3,"name":"Prestige Herringbone 100% puuvilla kauluspaita naisille"}]},{"@type":"WebSite","@id":"https:\/\/simonjersey.eu\/fi\/#website","url":"https:\/\/simonjersey.eu\/fi\/","name":"Simon Jersey Suomi","description":"Tyylikk\u00e4\u00e4t ja kest\u00e4v\u00e4t  ammattiasut","potentialAction":[{"@type":"SearchAction","target":{"@type":"EntryPoint","urlTemplate":"https:\/\/simonjersey.eu\/fi\/?s={search_term_string}"},"query-input":{"@type":"PropertyValueSpecification","valueRequired":true,"valueName":"search_term_string"}}],"inLanguage":"fi"}]}},"_links":{"self":[{"href":"https:\/\/simonjersey.eu\/fi\/wp-json\/wp\/v2\/product\/8252","targetHints":{"allow":["GET"]}}],"collection":[{"href":"https:\/\/simonjersey.eu\/fi\/wp-json\/wp\/v2\/product"}],"about":[{"href":"https:\/\/simonjersey.eu\/fi\/wp-json\/wp\/v2\/types\/product"}],"wp:featuredmedia":[{"embeddable":true,"href":"https:\/\/simonjersey.eu\/fi\/wp-json\/wp\/v2\/media\/8257"}],"wp:attachment":[{"href":"https:\/\/simonjersey.eu\/fi\/wp-json\/wp\/v2\/media?parent=8252"}],"wp:term":[{"taxonomy":"product_brand","embeddable":true,"href":"https:\/\/simonjersey.eu\/fi\/wp-json\/wp\/v2\/product_brand?post=8252"},{"taxonomy":"product_cat","embeddable":true,"href":"https:\/\/simonjersey.eu\/fi\/wp-json\/wp\/v2\/product_cat?post=8252"},{"taxonomy":"product_tag","embeddable":true,"href":"https:\/\/simonjersey.eu\/fi\/wp-json\/wp\/v2\/product_tag?post=8252"}],"curies":[{"name":"wp","href":"https:\/\/api.w.org\/{rel}","templated":true}]}}