{"id":827,"date":"2019-10-15T06:49:58","date_gmt":"2019-10-15T06:49:58","guid":{"rendered":"https:\/\/simonjersey.eu\/fi\/?post_type=product&#038;p=827"},"modified":"2025-02-19T09:14:54","modified_gmt":"2025-02-19T09:14:54","slug":"naisten-tunika-vetoketjulla-ja-taskuilla","status":"publish","type":"product","link":"https:\/\/simonjersey.eu\/fi\/tuote\/naisten-tunika-vetoketjulla-ja-taskuilla\/","title":{"rendered":"Naisten Vetoketjullinen tunika taskuilla"},"content":{"rendered":"","protected":false},"excerpt":{"rendered":"<p>T\u00e4m\u00e4 tunika sopii t\u00e4ydennykseksi mihin tahansa kauneudenhoitoalan ty\u00f6asuun, se on suunniteltu sivistyneeksi ja moderniksi ty\u00f6asuksi.<\/p>\n<p>Tunikassa on koko matkalta n\u00e4kyviss\u00e4 oleva vetoketju ja takaa se on muodikkaasti kavennettu istumaan vartalon my\u00f6t\u00e4isesti.<\/p>\n<p>K\u00e4yt\u00e4nn\u00f6llinen ty\u00f6asu kaudenhoitoalan lis\u00e4ksi my\u00f6s siivous-ja huonepalveluty\u00f6skentelyyn.<br \/>\nEdess\u00e4 n\u00e4kyv\u00e4 vetoketju, helmassa sivuilla halkiot, kaksi taskua, lyhyet hihat, V-p\u00e4\u00e4ntie.<\/p>\n<p>Materiaali: 100% polyesteri<br \/>\nKonepesu: 40\u00b0, Ei silityst\u00e4.<br \/>\nKoko (UK): 6-26.<\/p>\n<p>&nbsp;<\/p>\n","protected":false},"featured_media":831,"template":"","meta":[],"product_brand":[],"product_cat":[39,58,32,30,29],"product_tag":[130,234,129,128],"class_list":{"0":"post-827","1":"product","2":"type-product","3":"status-publish","4":"has-post-thumbnail","6":"product_cat-tunikat-kauneus-spa","7":"product_cat-siivouspalvelu","8":"product_cat-tunikat","9":"product_cat-laakealan-vaatteet","10":"product_cat-puhdistusalan-tyovaatteet","11":"product_tag-kauneuden-jakka","12":"product_tag-puhdistus-univormut","13":"product_tag-spa-tunika","14":"product_tag-tyovaatteet-kauneussalonkiin","16":"first","17":"instock","18":"featured","19":"taxable","20":"shipping-taxable","21":"purchasable","22":"product-type-variable","23":"has-default-attributes"},"yoast_head":"<!-- This site is optimized with the Yoast SEO plugin v27.2 - https:\/\/yoast.com\/product\/yoast-seo-wordpress\/ -->\n<title>Naisten Vetoketjullinen tunika taskuilla - Simon Jersey Suomi<\/title>\n<meta name=\"robots\" content=\"index, follow, max-snippet:-1, max-image-preview:large, max-video-preview:-1\" \/>\n<link rel=\"canonical\" href=\"https:\/\/simonjersey.eu\/fi\/tuote\/naisten-tunika-vetoketjulla-ja-taskuilla\/\" \/>\n<meta property=\"og:locale\" content=\"fi_FI\" \/>\n<meta property=\"og:type\" content=\"article\" \/>\n<meta property=\"og:title\" content=\"Naisten Vetoketjullinen tunika taskuilla - Simon Jersey Suomi\" \/>\n<meta property=\"og:description\" content=\"T\u00e4m\u00e4 tunika sopii t\u00e4ydennykseksi mihin tahansa kauneudenhoitoalan ty\u00f6asuun, se on suunniteltu sivistyneeksi ja moderniksi ty\u00f6asuksi.  Tunikassa on koko matkalta n\u00e4kyviss\u00e4 oleva vetoketju ja takaa se on muodikkaasti kavennettu istumaan vartalon my\u00f6t\u00e4isesti.  K\u00e4yt\u00e4nn\u00f6llinen ty\u00f6asu kaudenhoitoalan lis\u00e4ksi my\u00f6s siivous-ja huonepalveluty\u00f6skentelyyn. Edess\u00e4 n\u00e4kyv\u00e4 vetoketju, helmassa sivuilla halkiot, kaksi taskua, lyhyet hihat, V-p\u00e4\u00e4ntie.  Materiaali: 100% polyesteri Konepesu: 40\u00b0, Ei silityst\u00e4. Koko (UK): 6-26.  &nbsp;\" \/>\n<meta property=\"og:url\" content=\"https:\/\/simonjersey.eu\/fi\/tuote\/naisten-tunika-vetoketjulla-ja-taskuilla\/\" \/>\n<meta property=\"og:site_name\" content=\"Simon Jersey Suomi\" \/>\n<meta property=\"article:modified_time\" content=\"2025-02-19T09:14:54+00:00\" \/>\n<meta property=\"og:image\" content=\"https:\/\/simonjersey.eu\/fi\/wp-content\/uploads\/sites\/3\/2019\/10\/FD4230-1.jpg\" \/>\n\t<meta property=\"og:image:width\" content=\"1000\" \/>\n\t<meta property=\"og:image:height\" content=\"1500\" \/>\n\t<meta property=\"og:image:type\" content=\"image\/jpeg\" \/>\n<meta name=\"twitter:card\" content=\"summary_large_image\" \/>\n<meta name=\"twitter:label1\" content=\"Arvioitu lukuaika\" \/>\n\t<meta name=\"twitter:data1\" content=\"1 minuutti\" \/>\n<script type=\"application\/ld+json\" class=\"yoast-schema-graph\">{\"@context\":\"https:\/\/schema.org\",\"@graph\":[{\"@type\":\"WebPage\",\"@id\":\"https:\/\/simonjersey.eu\/fi\/tuote\/naisten-tunika-vetoketjulla-ja-taskuilla\/\",\"url\":\"https:\/\/simonjersey.eu\/fi\/tuote\/naisten-tunika-vetoketjulla-ja-taskuilla\/\",\"name\":\"Naisten Vetoketjullinen tunika taskuilla - Simon Jersey Suomi\",\"isPartOf\":{\"@id\":\"https:\/\/simonjersey.eu\/fi\/#website\"},\"primaryImageOfPage\":{\"@id\":\"https:\/\/simonjersey.eu\/fi\/tuote\/naisten-tunika-vetoketjulla-ja-taskuilla\/#primaryimage\"},\"image\":{\"@id\":\"https:\/\/simonjersey.eu\/fi\/tuote\/naisten-tunika-vetoketjulla-ja-taskuilla\/#primaryimage\"},\"thumbnailUrl\":\"https:\/\/simonjersey.eu\/fi\/wp-content\/uploads\/sites\/3\/2019\/10\/FD4230-1.jpg\",\"datePublished\":\"2019-10-15T06:49:58+00:00\",\"dateModified\":\"2025-02-19T09:14:54+00:00\",\"breadcrumb\":{\"@id\":\"https:\/\/simonjersey.eu\/fi\/tuote\/naisten-tunika-vetoketjulla-ja-taskuilla\/#breadcrumb\"},\"inLanguage\":\"fi\",\"potentialAction\":[{\"@type\":\"ReadAction\",\"target\":[\"https:\/\/simonjersey.eu\/fi\/tuote\/naisten-tunika-vetoketjulla-ja-taskuilla\/\"]}]},{\"@type\":\"ImageObject\",\"inLanguage\":\"fi\",\"@id\":\"https:\/\/simonjersey.eu\/fi\/tuote\/naisten-tunika-vetoketjulla-ja-taskuilla\/#primaryimage\",\"url\":\"https:\/\/simonjersey.eu\/fi\/wp-content\/uploads\/sites\/3\/2019\/10\/FD4230-1.jpg\",\"contentUrl\":\"https:\/\/simonjersey.eu\/fi\/wp-content\/uploads\/sites\/3\/2019\/10\/FD4230-1.jpg\",\"width\":1000,\"height\":1500},{\"@type\":\"BreadcrumbList\",\"@id\":\"https:\/\/simonjersey.eu\/fi\/tuote\/naisten-tunika-vetoketjulla-ja-taskuilla\/#breadcrumb\",\"itemListElement\":[{\"@type\":\"ListItem\",\"position\":1,\"name\":\"Home\",\"item\":\"https:\/\/simonjersey.eu\/fi\/\"},{\"@type\":\"ListItem\",\"position\":2,\"name\":\"Verkkokauppa\",\"item\":\"https:\/\/simonjersey.eu\/fi\/kauppaan\/\"},{\"@type\":\"ListItem\",\"position\":3,\"name\":\"Naisten Vetoketjullinen tunika taskuilla\"}]},{\"@type\":\"WebSite\",\"@id\":\"https:\/\/simonjersey.eu\/fi\/#website\",\"url\":\"https:\/\/simonjersey.eu\/fi\/\",\"name\":\"Simon Jersey Suomi\",\"description\":\"Tyylikk\u00e4\u00e4t ja kest\u00e4v\u00e4t  ammattiasut\",\"potentialAction\":[{\"@type\":\"SearchAction\",\"target\":{\"@type\":\"EntryPoint\",\"urlTemplate\":\"https:\/\/simonjersey.eu\/fi\/?s={search_term_string}\"},\"query-input\":{\"@type\":\"PropertyValueSpecification\",\"valueRequired\":true,\"valueName\":\"search_term_string\"}}],\"inLanguage\":\"fi\"}]}<\/script>\n<!-- \/ Yoast SEO plugin. -->","yoast_head_json":{"title":"Naisten Vetoketjullinen tunika taskuilla - Simon Jersey Suomi","robots":{"index":"index","follow":"follow","max-snippet":"max-snippet:-1","max-image-preview":"max-image-preview:large","max-video-preview":"max-video-preview:-1"},"canonical":"https:\/\/simonjersey.eu\/fi\/tuote\/naisten-tunika-vetoketjulla-ja-taskuilla\/","og_locale":"fi_FI","og_type":"article","og_title":"Naisten Vetoketjullinen tunika taskuilla - Simon Jersey Suomi","og_description":"T\u00e4m\u00e4 tunika sopii t\u00e4ydennykseksi mihin tahansa kauneudenhoitoalan ty\u00f6asuun, se on suunniteltu sivistyneeksi ja moderniksi ty\u00f6asuksi.  Tunikassa on koko matkalta n\u00e4kyviss\u00e4 oleva vetoketju ja takaa se on muodikkaasti kavennettu istumaan vartalon my\u00f6t\u00e4isesti.  K\u00e4yt\u00e4nn\u00f6llinen ty\u00f6asu kaudenhoitoalan lis\u00e4ksi my\u00f6s siivous-ja huonepalveluty\u00f6skentelyyn. Edess\u00e4 n\u00e4kyv\u00e4 vetoketju, helmassa sivuilla halkiot, kaksi taskua, lyhyet hihat, V-p\u00e4\u00e4ntie.  Materiaali: 100% polyesteri Konepesu: 40\u00b0, Ei silityst\u00e4. Koko (UK): 6-26.  &nbsp;","og_url":"https:\/\/simonjersey.eu\/fi\/tuote\/naisten-tunika-vetoketjulla-ja-taskuilla\/","og_site_name":"Simon Jersey Suomi","article_modified_time":"2025-02-19T09:14:54+00:00","og_image":[{"width":1000,"height":1500,"url":"https:\/\/simonjersey.eu\/fi\/wp-content\/uploads\/sites\/3\/2019\/10\/FD4230-1.jpg","type":"image\/jpeg"}],"twitter_card":"summary_large_image","twitter_misc":{"Arvioitu lukuaika":"1 minuutti"},"schema":{"@context":"https:\/\/schema.org","@graph":[{"@type":"WebPage","@id":"https:\/\/simonjersey.eu\/fi\/tuote\/naisten-tunika-vetoketjulla-ja-taskuilla\/","url":"https:\/\/simonjersey.eu\/fi\/tuote\/naisten-tunika-vetoketjulla-ja-taskuilla\/","name":"Naisten Vetoketjullinen tunika taskuilla - Simon Jersey Suomi","isPartOf":{"@id":"https:\/\/simonjersey.eu\/fi\/#website"},"primaryImageOfPage":{"@id":"https:\/\/simonjersey.eu\/fi\/tuote\/naisten-tunika-vetoketjulla-ja-taskuilla\/#primaryimage"},"image":{"@id":"https:\/\/simonjersey.eu\/fi\/tuote\/naisten-tunika-vetoketjulla-ja-taskuilla\/#primaryimage"},"thumbnailUrl":"https:\/\/simonjersey.eu\/fi\/wp-content\/uploads\/sites\/3\/2019\/10\/FD4230-1.jpg","datePublished":"2019-10-15T06:49:58+00:00","dateModified":"2025-02-19T09:14:54+00:00","breadcrumb":{"@id":"https:\/\/simonjersey.eu\/fi\/tuote\/naisten-tunika-vetoketjulla-ja-taskuilla\/#breadcrumb"},"inLanguage":"fi","potentialAction":[{"@type":"ReadAction","target":["https:\/\/simonjersey.eu\/fi\/tuote\/naisten-tunika-vetoketjulla-ja-taskuilla\/"]}]},{"@type":"ImageObject","inLanguage":"fi","@id":"https:\/\/simonjersey.eu\/fi\/tuote\/naisten-tunika-vetoketjulla-ja-taskuilla\/#primaryimage","url":"https:\/\/simonjersey.eu\/fi\/wp-content\/uploads\/sites\/3\/2019\/10\/FD4230-1.jpg","contentUrl":"https:\/\/simonjersey.eu\/fi\/wp-content\/uploads\/sites\/3\/2019\/10\/FD4230-1.jpg","width":1000,"height":1500},{"@type":"BreadcrumbList","@id":"https:\/\/simonjersey.eu\/fi\/tuote\/naisten-tunika-vetoketjulla-ja-taskuilla\/#breadcrumb","itemListElement":[{"@type":"ListItem","position":1,"name":"Home","item":"https:\/\/simonjersey.eu\/fi\/"},{"@type":"ListItem","position":2,"name":"Verkkokauppa","item":"https:\/\/simonjersey.eu\/fi\/kauppaan\/"},{"@type":"ListItem","position":3,"name":"Naisten Vetoketjullinen tunika taskuilla"}]},{"@type":"WebSite","@id":"https:\/\/simonjersey.eu\/fi\/#website","url":"https:\/\/simonjersey.eu\/fi\/","name":"Simon Jersey Suomi","description":"Tyylikk\u00e4\u00e4t ja kest\u00e4v\u00e4t  ammattiasut","potentialAction":[{"@type":"SearchAction","target":{"@type":"EntryPoint","urlTemplate":"https:\/\/simonjersey.eu\/fi\/?s={search_term_string}"},"query-input":{"@type":"PropertyValueSpecification","valueRequired":true,"valueName":"search_term_string"}}],"inLanguage":"fi"}]}},"_links":{"self":[{"href":"https:\/\/simonjersey.eu\/fi\/wp-json\/wp\/v2\/product\/827","targetHints":{"allow":["GET"]}}],"collection":[{"href":"https:\/\/simonjersey.eu\/fi\/wp-json\/wp\/v2\/product"}],"about":[{"href":"https:\/\/simonjersey.eu\/fi\/wp-json\/wp\/v2\/types\/product"}],"wp:featuredmedia":[{"embeddable":true,"href":"https:\/\/simonjersey.eu\/fi\/wp-json\/wp\/v2\/media\/831"}],"wp:attachment":[{"href":"https:\/\/simonjersey.eu\/fi\/wp-json\/wp\/v2\/media?parent=827"}],"wp:term":[{"taxonomy":"product_brand","embeddable":true,"href":"https:\/\/simonjersey.eu\/fi\/wp-json\/wp\/v2\/product_brand?post=827"},{"taxonomy":"product_cat","embeddable":true,"href":"https:\/\/simonjersey.eu\/fi\/wp-json\/wp\/v2\/product_cat?post=827"},{"taxonomy":"product_tag","embeddable":true,"href":"https:\/\/simonjersey.eu\/fi\/wp-json\/wp\/v2\/product_tag?post=827"}],"curies":[{"name":"wp","href":"https:\/\/api.w.org\/{rel}","templated":true}]}}