{"id":8270,"date":"2024-01-31T13:02:57","date_gmt":"2024-01-31T13:02:57","guid":{"rendered":"https:\/\/simonjersey.eu\/fi\/?post_type=product&#038;p=8270"},"modified":"2024-01-31T13:06:14","modified_gmt":"2024-01-31T13:06:14","slug":"prestige-herringbone-100-puuvilla-kauluspaita-miehille","status":"publish","type":"product","link":"https:\/\/simonjersey.eu\/fi\/tuote\/prestige-herringbone-100-puuvilla-kauluspaita-miehille\/","title":{"rendered":"Prestige Herringbone 100% puuvilla kauluspaita miehille"},"content":{"rendered":"","protected":false},"excerpt":{"rendered":"<p>T\u00e4m\u00e4 miesten kauluspaita on hienostunut ja tyylik\u00e4s valinta, joka korostaa laatua, ajatonta tyyli\u00e4 ja ylellisyytt\u00e4. Ultrahieno puuvillamateriaali kalanruotokuvioinnilla antaa sille elegantin ilmeen. T\u00e4m\u00e4 paita sopii moniin tilaisuuksiin, aina muodollisista tapaamisista rentoihin arkisiin hetkiin. Pitk\u00e4hihainen, yksi ranneke, teipatut saumat nappikaulus.<\/p>\n<p>Materiaali: 100% Superfine Cotton \/ 130 gm.<\/p>\n<p>Konepesu: 40 \u00b0 ( wool cycle, cool iron)<\/p>\n<p>Koko UK: 14,5 -18<\/p>\n","protected":false},"featured_media":8271,"template":"","meta":[],"product_brand":[],"product_cat":[41,54,62,79,26],"product_tag":[],"class_list":{"0":"post-8270","1":"product","2":"type-product","3":"status-publish","4":"has-post-thumbnail","6":"product_cat-ravintola-kahvila","7":"product_cat-miesten-paidat-ravintola-kahvila","8":"product_cat-miesten-paidat-hotelli-ja-palveluammatit","9":"product_cat-miesten-paidat-business-toimisto","10":"product_cat-miesten-paidat","12":"first","13":"instock","14":"taxable","15":"shipping-taxable","16":"purchasable","17":"product-type-variable","18":"has-default-attributes"},"yoast_head":"<!-- This site is optimized with the Yoast SEO plugin v27.2 - https:\/\/yoast.com\/product\/yoast-seo-wordpress\/ -->\n<title>Prestige Herringbone 100% puuvilla kauluspaita miehille - Simon Jersey Suomi<\/title>\n<meta name=\"robots\" content=\"index, follow, max-snippet:-1, max-image-preview:large, max-video-preview:-1\" \/>\n<link rel=\"canonical\" href=\"https:\/\/simonjersey.eu\/fi\/tuote\/prestige-herringbone-100-puuvilla-kauluspaita-miehille\/\" \/>\n<meta property=\"og:locale\" content=\"fi_FI\" \/>\n<meta property=\"og:type\" content=\"article\" \/>\n<meta property=\"og:title\" content=\"Prestige Herringbone 100% puuvilla kauluspaita miehille - Simon Jersey Suomi\" \/>\n<meta property=\"og:description\" content=\"T\u00e4m\u00e4 miesten kauluspaita on hienostunut ja tyylik\u00e4s valinta, joka korostaa laatua, ajatonta tyyli\u00e4 ja ylellisyytt\u00e4. Ultrahieno puuvillamateriaali kalanruotokuvioinnilla antaa sille elegantin ilmeen. T\u00e4m\u00e4 paita sopii moniin tilaisuuksiin, aina muodollisista tapaamisista rentoihin arkisiin hetkiin. Pitk\u00e4hihainen, yksi ranneke, teipatut saumat nappikaulus.  Materiaali: 100% Superfine Cotton \/ 130 gm.  Konepesu: 40 \u00b0 ( wool cycle, cool iron)  Koko UK: 14,5 -18\" \/>\n<meta property=\"og:url\" content=\"https:\/\/simonjersey.eu\/fi\/tuote\/prestige-herringbone-100-puuvilla-kauluspaita-miehille\/\" \/>\n<meta property=\"og:site_name\" content=\"Simon Jersey Suomi\" \/>\n<meta property=\"article:modified_time\" content=\"2024-01-31T13:06:14+00:00\" \/>\n<meta property=\"og:image\" content=\"https:\/\/simonjersey.eu\/fi\/wp-content\/uploads\/sites\/3\/2024\/01\/Palermo-Shirt-Blue-Herringbone-700-x-1049-2.jpg\" \/>\n\t<meta property=\"og:image:width\" content=\"700\" \/>\n\t<meta property=\"og:image:height\" content=\"1049\" \/>\n\t<meta property=\"og:image:type\" content=\"image\/jpeg\" \/>\n<meta name=\"twitter:card\" content=\"summary_large_image\" \/>\n<script type=\"application\/ld+json\" class=\"yoast-schema-graph\">{\"@context\":\"https:\/\/schema.org\",\"@graph\":[{\"@type\":\"WebPage\",\"@id\":\"https:\/\/simonjersey.eu\/fi\/tuote\/prestige-herringbone-100-puuvilla-kauluspaita-miehille\/\",\"url\":\"https:\/\/simonjersey.eu\/fi\/tuote\/prestige-herringbone-100-puuvilla-kauluspaita-miehille\/\",\"name\":\"Prestige Herringbone 100% puuvilla kauluspaita miehille - Simon Jersey Suomi\",\"isPartOf\":{\"@id\":\"https:\/\/simonjersey.eu\/fi\/#website\"},\"primaryImageOfPage\":{\"@id\":\"https:\/\/simonjersey.eu\/fi\/tuote\/prestige-herringbone-100-puuvilla-kauluspaita-miehille\/#primaryimage\"},\"image\":{\"@id\":\"https:\/\/simonjersey.eu\/fi\/tuote\/prestige-herringbone-100-puuvilla-kauluspaita-miehille\/#primaryimage\"},\"thumbnailUrl\":\"https:\/\/simonjersey.eu\/fi\/wp-content\/uploads\/sites\/3\/2024\/01\/Palermo-Shirt-Blue-Herringbone-700-x-1049-2.jpg\",\"datePublished\":\"2024-01-31T13:02:57+00:00\",\"dateModified\":\"2024-01-31T13:06:14+00:00\",\"breadcrumb\":{\"@id\":\"https:\/\/simonjersey.eu\/fi\/tuote\/prestige-herringbone-100-puuvilla-kauluspaita-miehille\/#breadcrumb\"},\"inLanguage\":\"fi\",\"potentialAction\":[{\"@type\":\"ReadAction\",\"target\":[\"https:\/\/simonjersey.eu\/fi\/tuote\/prestige-herringbone-100-puuvilla-kauluspaita-miehille\/\"]}]},{\"@type\":\"ImageObject\",\"inLanguage\":\"fi\",\"@id\":\"https:\/\/simonjersey.eu\/fi\/tuote\/prestige-herringbone-100-puuvilla-kauluspaita-miehille\/#primaryimage\",\"url\":\"https:\/\/simonjersey.eu\/fi\/wp-content\/uploads\/sites\/3\/2024\/01\/Palermo-Shirt-Blue-Herringbone-700-x-1049-2.jpg\",\"contentUrl\":\"https:\/\/simonjersey.eu\/fi\/wp-content\/uploads\/sites\/3\/2024\/01\/Palermo-Shirt-Blue-Herringbone-700-x-1049-2.jpg\",\"width\":700,\"height\":1049},{\"@type\":\"BreadcrumbList\",\"@id\":\"https:\/\/simonjersey.eu\/fi\/tuote\/prestige-herringbone-100-puuvilla-kauluspaita-miehille\/#breadcrumb\",\"itemListElement\":[{\"@type\":\"ListItem\",\"position\":1,\"name\":\"Home\",\"item\":\"https:\/\/simonjersey.eu\/fi\/\"},{\"@type\":\"ListItem\",\"position\":2,\"name\":\"Verkkokauppa\",\"item\":\"https:\/\/simonjersey.eu\/fi\/kauppaan\/\"},{\"@type\":\"ListItem\",\"position\":3,\"name\":\"Prestige Herringbone 100% puuvilla kauluspaita miehille\"}]},{\"@type\":\"WebSite\",\"@id\":\"https:\/\/simonjersey.eu\/fi\/#website\",\"url\":\"https:\/\/simonjersey.eu\/fi\/\",\"name\":\"Simon Jersey Suomi\",\"description\":\"Tyylikk\u00e4\u00e4t ja kest\u00e4v\u00e4t  ammattiasut\",\"potentialAction\":[{\"@type\":\"SearchAction\",\"target\":{\"@type\":\"EntryPoint\",\"urlTemplate\":\"https:\/\/simonjersey.eu\/fi\/?s={search_term_string}\"},\"query-input\":{\"@type\":\"PropertyValueSpecification\",\"valueRequired\":true,\"valueName\":\"search_term_string\"}}],\"inLanguage\":\"fi\"}]}<\/script>\n<!-- \/ Yoast SEO plugin. -->","yoast_head_json":{"title":"Prestige Herringbone 100% puuvilla kauluspaita miehille - Simon Jersey Suomi","robots":{"index":"index","follow":"follow","max-snippet":"max-snippet:-1","max-image-preview":"max-image-preview:large","max-video-preview":"max-video-preview:-1"},"canonical":"https:\/\/simonjersey.eu\/fi\/tuote\/prestige-herringbone-100-puuvilla-kauluspaita-miehille\/","og_locale":"fi_FI","og_type":"article","og_title":"Prestige Herringbone 100% puuvilla kauluspaita miehille - Simon Jersey Suomi","og_description":"T\u00e4m\u00e4 miesten kauluspaita on hienostunut ja tyylik\u00e4s valinta, joka korostaa laatua, ajatonta tyyli\u00e4 ja ylellisyytt\u00e4. Ultrahieno puuvillamateriaali kalanruotokuvioinnilla antaa sille elegantin ilmeen. T\u00e4m\u00e4 paita sopii moniin tilaisuuksiin, aina muodollisista tapaamisista rentoihin arkisiin hetkiin. Pitk\u00e4hihainen, yksi ranneke, teipatut saumat nappikaulus.  Materiaali: 100% Superfine Cotton \/ 130 gm.  Konepesu: 40 \u00b0 ( wool cycle, cool iron)  Koko UK: 14,5 -18","og_url":"https:\/\/simonjersey.eu\/fi\/tuote\/prestige-herringbone-100-puuvilla-kauluspaita-miehille\/","og_site_name":"Simon Jersey Suomi","article_modified_time":"2024-01-31T13:06:14+00:00","og_image":[{"width":700,"height":1049,"url":"https:\/\/simonjersey.eu\/fi\/wp-content\/uploads\/sites\/3\/2024\/01\/Palermo-Shirt-Blue-Herringbone-700-x-1049-2.jpg","type":"image\/jpeg"}],"twitter_card":"summary_large_image","schema":{"@context":"https:\/\/schema.org","@graph":[{"@type":"WebPage","@id":"https:\/\/simonjersey.eu\/fi\/tuote\/prestige-herringbone-100-puuvilla-kauluspaita-miehille\/","url":"https:\/\/simonjersey.eu\/fi\/tuote\/prestige-herringbone-100-puuvilla-kauluspaita-miehille\/","name":"Prestige Herringbone 100% puuvilla kauluspaita miehille - Simon Jersey Suomi","isPartOf":{"@id":"https:\/\/simonjersey.eu\/fi\/#website"},"primaryImageOfPage":{"@id":"https:\/\/simonjersey.eu\/fi\/tuote\/prestige-herringbone-100-puuvilla-kauluspaita-miehille\/#primaryimage"},"image":{"@id":"https:\/\/simonjersey.eu\/fi\/tuote\/prestige-herringbone-100-puuvilla-kauluspaita-miehille\/#primaryimage"},"thumbnailUrl":"https:\/\/simonjersey.eu\/fi\/wp-content\/uploads\/sites\/3\/2024\/01\/Palermo-Shirt-Blue-Herringbone-700-x-1049-2.jpg","datePublished":"2024-01-31T13:02:57+00:00","dateModified":"2024-01-31T13:06:14+00:00","breadcrumb":{"@id":"https:\/\/simonjersey.eu\/fi\/tuote\/prestige-herringbone-100-puuvilla-kauluspaita-miehille\/#breadcrumb"},"inLanguage":"fi","potentialAction":[{"@type":"ReadAction","target":["https:\/\/simonjersey.eu\/fi\/tuote\/prestige-herringbone-100-puuvilla-kauluspaita-miehille\/"]}]},{"@type":"ImageObject","inLanguage":"fi","@id":"https:\/\/simonjersey.eu\/fi\/tuote\/prestige-herringbone-100-puuvilla-kauluspaita-miehille\/#primaryimage","url":"https:\/\/simonjersey.eu\/fi\/wp-content\/uploads\/sites\/3\/2024\/01\/Palermo-Shirt-Blue-Herringbone-700-x-1049-2.jpg","contentUrl":"https:\/\/simonjersey.eu\/fi\/wp-content\/uploads\/sites\/3\/2024\/01\/Palermo-Shirt-Blue-Herringbone-700-x-1049-2.jpg","width":700,"height":1049},{"@type":"BreadcrumbList","@id":"https:\/\/simonjersey.eu\/fi\/tuote\/prestige-herringbone-100-puuvilla-kauluspaita-miehille\/#breadcrumb","itemListElement":[{"@type":"ListItem","position":1,"name":"Home","item":"https:\/\/simonjersey.eu\/fi\/"},{"@type":"ListItem","position":2,"name":"Verkkokauppa","item":"https:\/\/simonjersey.eu\/fi\/kauppaan\/"},{"@type":"ListItem","position":3,"name":"Prestige Herringbone 100% puuvilla kauluspaita miehille"}]},{"@type":"WebSite","@id":"https:\/\/simonjersey.eu\/fi\/#website","url":"https:\/\/simonjersey.eu\/fi\/","name":"Simon Jersey Suomi","description":"Tyylikk\u00e4\u00e4t ja kest\u00e4v\u00e4t  ammattiasut","potentialAction":[{"@type":"SearchAction","target":{"@type":"EntryPoint","urlTemplate":"https:\/\/simonjersey.eu\/fi\/?s={search_term_string}"},"query-input":{"@type":"PropertyValueSpecification","valueRequired":true,"valueName":"search_term_string"}}],"inLanguage":"fi"}]}},"_links":{"self":[{"href":"https:\/\/simonjersey.eu\/fi\/wp-json\/wp\/v2\/product\/8270","targetHints":{"allow":["GET"]}}],"collection":[{"href":"https:\/\/simonjersey.eu\/fi\/wp-json\/wp\/v2\/product"}],"about":[{"href":"https:\/\/simonjersey.eu\/fi\/wp-json\/wp\/v2\/types\/product"}],"wp:featuredmedia":[{"embeddable":true,"href":"https:\/\/simonjersey.eu\/fi\/wp-json\/wp\/v2\/media\/8271"}],"wp:attachment":[{"href":"https:\/\/simonjersey.eu\/fi\/wp-json\/wp\/v2\/media?parent=8270"}],"wp:term":[{"taxonomy":"product_brand","embeddable":true,"href":"https:\/\/simonjersey.eu\/fi\/wp-json\/wp\/v2\/product_brand?post=8270"},{"taxonomy":"product_cat","embeddable":true,"href":"https:\/\/simonjersey.eu\/fi\/wp-json\/wp\/v2\/product_cat?post=8270"},{"taxonomy":"product_tag","embeddable":true,"href":"https:\/\/simonjersey.eu\/fi\/wp-json\/wp\/v2\/product_tag?post=8270"}],"curies":[{"name":"wp","href":"https:\/\/api.w.org\/{rel}","templated":true}]}}