{"id":844,"date":"2019-10-15T08:17:24","date_gmt":"2019-10-15T08:17:24","guid":{"rendered":"https:\/\/simonjersey.eu\/fi\/?post_type=product&#038;p=844"},"modified":"2025-02-25T11:39:44","modified_gmt":"2025-02-25T11:39:44","slug":"pellava-naisten-mekko","status":"publish","type":"product","link":"https:\/\/simonjersey.eu\/fi\/tuote\/pellava-naisten-mekko\/","title":{"rendered":"Pellava mekko"},"content":{"rendered":"","protected":false},"excerpt":{"rendered":"<p>Uutuutemme pellasekotteiseen valikoimaan! T\u00e4m\u00e4 mekko on loistava vaihtoehto perinteiselle tunikalle ja housuille.<\/p>\n<p>Pellavasekoite on kevyt ja helppohoitoinen materiaali, lyhyet hihat, taakse solmittava vy\u00f6t\u00e4r\u00f6nauha,<br \/>\ntaskut edess\u00e4, muodikkaat kavennukset, v-p\u00e4\u00e4ntie.<br \/>\nMekon pituus 100cm.<\/p>\n<p>Materiaali: 72% polyesteri, 23% pellava, 3% polyamidi, 2% elastaani.<br \/>\nKonepesu: 40\u00b0, helposti sili\u00e4v\u00e4 materiaali, ei vaadi silityst\u00e4 pesun j\u00e4lkeen.<br \/>\nKoko (UK): 6-26.<\/p>\n<p>Kangasmateriaalin luonteen vuoksi siin\u00e4 voi esiinty\u00e4 luonnollisia v\u00e4rieroja!<\/p>\n<p>&nbsp;<\/p>\n","protected":false},"featured_media":6495,"template":"","meta":[],"product_brand":[],"product_cat":[37,52,58,19,30,29],"product_tag":[155,237,213],"class_list":{"0":"post-844","1":"product","2":"type-product","3":"status-publish","4":"has-post-thumbnail","6":"product_cat-mekot","7":"product_cat-hamet-ja-mekot-ravintola-kahvila","8":"product_cat-siivouspalvelu","9":"product_cat-hamet-ja-mekot","10":"product_cat-laakealan-vaatteet","11":"product_cat-puhdistusalan-tyovaatteet","12":"product_tag-naisten-mekkot","13":"product_tag-siivouspalvelun-tyovaatteet","14":"product_tag-tyovaatekauppa","16":"first","17":"instock","18":"taxable","19":"shipping-taxable","20":"purchasable","21":"product-type-variable","22":"has-default-attributes"},"yoast_head":"<!-- This site is optimized with the Yoast SEO plugin v27.2 - https:\/\/yoast.com\/product\/yoast-seo-wordpress\/ -->\n<title>Pellava mekko - Simon Jersey Suomi<\/title>\n<meta name=\"robots\" content=\"index, follow, max-snippet:-1, max-image-preview:large, max-video-preview:-1\" \/>\n<link rel=\"canonical\" href=\"https:\/\/simonjersey.eu\/fi\/tuote\/pellava-naisten-mekko\/\" \/>\n<meta property=\"og:locale\" content=\"fi_FI\" \/>\n<meta property=\"og:type\" content=\"article\" \/>\n<meta property=\"og:title\" content=\"Pellava mekko - Simon Jersey Suomi\" \/>\n<meta property=\"og:description\" content=\"Uutuutemme pellasekotteiseen valikoimaan! T\u00e4m\u00e4 mekko on loistava vaihtoehto perinteiselle tunikalle ja housuille.  Pellavasekoite on kevyt ja helppohoitoinen materiaali, lyhyet hihat, taakse solmittava vy\u00f6t\u00e4r\u00f6nauha, taskut edess\u00e4, muodikkaat kavennukset, v-p\u00e4\u00e4ntie. Mekon pituus 100cm.  Materiaali: 72% polyesteri, 23% pellava, 3% polyamidi, 2% elastaani. Konepesu: 40\u00b0, helposti sili\u00e4v\u00e4 materiaali, ei vaadi silityst\u00e4 pesun j\u00e4lkeen. Koko (UK): 6-26.  Kangasmateriaalin luonteen vuoksi siin\u00e4 voi esiinty\u00e4 luonnollisia v\u00e4rieroja!  &nbsp;\" \/>\n<meta property=\"og:url\" content=\"https:\/\/simonjersey.eu\/fi\/tuote\/pellava-naisten-mekko\/\" \/>\n<meta property=\"og:site_name\" content=\"Simon Jersey Suomi\" \/>\n<meta property=\"article:modified_time\" content=\"2025-02-25T11:39:44+00:00\" \/>\n<meta property=\"og:image\" content=\"https:\/\/simonjersey.eu\/fi\/wp-content\/uploads\/sites\/3\/2019\/10\/FD3770-kleit-mekko.jpg\" \/>\n\t<meta property=\"og:image:width\" content=\"1000\" \/>\n\t<meta property=\"og:image:height\" content=\"1500\" \/>\n\t<meta property=\"og:image:type\" content=\"image\/jpeg\" \/>\n<meta name=\"twitter:card\" content=\"summary_large_image\" \/>\n<meta name=\"twitter:label1\" content=\"Arvioitu lukuaika\" \/>\n\t<meta name=\"twitter:data1\" content=\"1 minuutti\" \/>\n<script type=\"application\/ld+json\" class=\"yoast-schema-graph\">{\"@context\":\"https:\/\/schema.org\",\"@graph\":[{\"@type\":\"WebPage\",\"@id\":\"https:\/\/simonjersey.eu\/fi\/tuote\/pellava-naisten-mekko\/\",\"url\":\"https:\/\/simonjersey.eu\/fi\/tuote\/pellava-naisten-mekko\/\",\"name\":\"Pellava mekko - Simon Jersey Suomi\",\"isPartOf\":{\"@id\":\"https:\/\/simonjersey.eu\/fi\/#website\"},\"primaryImageOfPage\":{\"@id\":\"https:\/\/simonjersey.eu\/fi\/tuote\/pellava-naisten-mekko\/#primaryimage\"},\"image\":{\"@id\":\"https:\/\/simonjersey.eu\/fi\/tuote\/pellava-naisten-mekko\/#primaryimage\"},\"thumbnailUrl\":\"https:\/\/simonjersey.eu\/fi\/wp-content\/uploads\/sites\/3\/2019\/10\/FD3770-kleit-mekko.jpg\",\"datePublished\":\"2019-10-15T08:17:24+00:00\",\"dateModified\":\"2025-02-25T11:39:44+00:00\",\"breadcrumb\":{\"@id\":\"https:\/\/simonjersey.eu\/fi\/tuote\/pellava-naisten-mekko\/#breadcrumb\"},\"inLanguage\":\"fi\",\"potentialAction\":[{\"@type\":\"ReadAction\",\"target\":[\"https:\/\/simonjersey.eu\/fi\/tuote\/pellava-naisten-mekko\/\"]}]},{\"@type\":\"ImageObject\",\"inLanguage\":\"fi\",\"@id\":\"https:\/\/simonjersey.eu\/fi\/tuote\/pellava-naisten-mekko\/#primaryimage\",\"url\":\"https:\/\/simonjersey.eu\/fi\/wp-content\/uploads\/sites\/3\/2019\/10\/FD3770-kleit-mekko.jpg\",\"contentUrl\":\"https:\/\/simonjersey.eu\/fi\/wp-content\/uploads\/sites\/3\/2019\/10\/FD3770-kleit-mekko.jpg\",\"width\":1000,\"height\":1500},{\"@type\":\"BreadcrumbList\",\"@id\":\"https:\/\/simonjersey.eu\/fi\/tuote\/pellava-naisten-mekko\/#breadcrumb\",\"itemListElement\":[{\"@type\":\"ListItem\",\"position\":1,\"name\":\"Home\",\"item\":\"https:\/\/simonjersey.eu\/fi\/\"},{\"@type\":\"ListItem\",\"position\":2,\"name\":\"Verkkokauppa\",\"item\":\"https:\/\/simonjersey.eu\/fi\/kauppaan\/\"},{\"@type\":\"ListItem\",\"position\":3,\"name\":\"Pellava mekko\"}]},{\"@type\":\"WebSite\",\"@id\":\"https:\/\/simonjersey.eu\/fi\/#website\",\"url\":\"https:\/\/simonjersey.eu\/fi\/\",\"name\":\"Simon Jersey Suomi\",\"description\":\"Tyylikk\u00e4\u00e4t ja kest\u00e4v\u00e4t  ammattiasut\",\"potentialAction\":[{\"@type\":\"SearchAction\",\"target\":{\"@type\":\"EntryPoint\",\"urlTemplate\":\"https:\/\/simonjersey.eu\/fi\/?s={search_term_string}\"},\"query-input\":{\"@type\":\"PropertyValueSpecification\",\"valueRequired\":true,\"valueName\":\"search_term_string\"}}],\"inLanguage\":\"fi\"}]}<\/script>\n<!-- \/ Yoast SEO plugin. -->","yoast_head_json":{"title":"Pellava mekko - Simon Jersey Suomi","robots":{"index":"index","follow":"follow","max-snippet":"max-snippet:-1","max-image-preview":"max-image-preview:large","max-video-preview":"max-video-preview:-1"},"canonical":"https:\/\/simonjersey.eu\/fi\/tuote\/pellava-naisten-mekko\/","og_locale":"fi_FI","og_type":"article","og_title":"Pellava mekko - Simon Jersey Suomi","og_description":"Uutuutemme pellasekotteiseen valikoimaan! T\u00e4m\u00e4 mekko on loistava vaihtoehto perinteiselle tunikalle ja housuille.  Pellavasekoite on kevyt ja helppohoitoinen materiaali, lyhyet hihat, taakse solmittava vy\u00f6t\u00e4r\u00f6nauha, taskut edess\u00e4, muodikkaat kavennukset, v-p\u00e4\u00e4ntie. Mekon pituus 100cm.  Materiaali: 72% polyesteri, 23% pellava, 3% polyamidi, 2% elastaani. Konepesu: 40\u00b0, helposti sili\u00e4v\u00e4 materiaali, ei vaadi silityst\u00e4 pesun j\u00e4lkeen. Koko (UK): 6-26.  Kangasmateriaalin luonteen vuoksi siin\u00e4 voi esiinty\u00e4 luonnollisia v\u00e4rieroja!  &nbsp;","og_url":"https:\/\/simonjersey.eu\/fi\/tuote\/pellava-naisten-mekko\/","og_site_name":"Simon Jersey Suomi","article_modified_time":"2025-02-25T11:39:44+00:00","og_image":[{"width":1000,"height":1500,"url":"https:\/\/simonjersey.eu\/fi\/wp-content\/uploads\/sites\/3\/2019\/10\/FD3770-kleit-mekko.jpg","type":"image\/jpeg"}],"twitter_card":"summary_large_image","twitter_misc":{"Arvioitu lukuaika":"1 minuutti"},"schema":{"@context":"https:\/\/schema.org","@graph":[{"@type":"WebPage","@id":"https:\/\/simonjersey.eu\/fi\/tuote\/pellava-naisten-mekko\/","url":"https:\/\/simonjersey.eu\/fi\/tuote\/pellava-naisten-mekko\/","name":"Pellava mekko - Simon Jersey Suomi","isPartOf":{"@id":"https:\/\/simonjersey.eu\/fi\/#website"},"primaryImageOfPage":{"@id":"https:\/\/simonjersey.eu\/fi\/tuote\/pellava-naisten-mekko\/#primaryimage"},"image":{"@id":"https:\/\/simonjersey.eu\/fi\/tuote\/pellava-naisten-mekko\/#primaryimage"},"thumbnailUrl":"https:\/\/simonjersey.eu\/fi\/wp-content\/uploads\/sites\/3\/2019\/10\/FD3770-kleit-mekko.jpg","datePublished":"2019-10-15T08:17:24+00:00","dateModified":"2025-02-25T11:39:44+00:00","breadcrumb":{"@id":"https:\/\/simonjersey.eu\/fi\/tuote\/pellava-naisten-mekko\/#breadcrumb"},"inLanguage":"fi","potentialAction":[{"@type":"ReadAction","target":["https:\/\/simonjersey.eu\/fi\/tuote\/pellava-naisten-mekko\/"]}]},{"@type":"ImageObject","inLanguage":"fi","@id":"https:\/\/simonjersey.eu\/fi\/tuote\/pellava-naisten-mekko\/#primaryimage","url":"https:\/\/simonjersey.eu\/fi\/wp-content\/uploads\/sites\/3\/2019\/10\/FD3770-kleit-mekko.jpg","contentUrl":"https:\/\/simonjersey.eu\/fi\/wp-content\/uploads\/sites\/3\/2019\/10\/FD3770-kleit-mekko.jpg","width":1000,"height":1500},{"@type":"BreadcrumbList","@id":"https:\/\/simonjersey.eu\/fi\/tuote\/pellava-naisten-mekko\/#breadcrumb","itemListElement":[{"@type":"ListItem","position":1,"name":"Home","item":"https:\/\/simonjersey.eu\/fi\/"},{"@type":"ListItem","position":2,"name":"Verkkokauppa","item":"https:\/\/simonjersey.eu\/fi\/kauppaan\/"},{"@type":"ListItem","position":3,"name":"Pellava mekko"}]},{"@type":"WebSite","@id":"https:\/\/simonjersey.eu\/fi\/#website","url":"https:\/\/simonjersey.eu\/fi\/","name":"Simon Jersey Suomi","description":"Tyylikk\u00e4\u00e4t ja kest\u00e4v\u00e4t  ammattiasut","potentialAction":[{"@type":"SearchAction","target":{"@type":"EntryPoint","urlTemplate":"https:\/\/simonjersey.eu\/fi\/?s={search_term_string}"},"query-input":{"@type":"PropertyValueSpecification","valueRequired":true,"valueName":"search_term_string"}}],"inLanguage":"fi"}]}},"_links":{"self":[{"href":"https:\/\/simonjersey.eu\/fi\/wp-json\/wp\/v2\/product\/844","targetHints":{"allow":["GET"]}}],"collection":[{"href":"https:\/\/simonjersey.eu\/fi\/wp-json\/wp\/v2\/product"}],"about":[{"href":"https:\/\/simonjersey.eu\/fi\/wp-json\/wp\/v2\/types\/product"}],"wp:featuredmedia":[{"embeddable":true,"href":"https:\/\/simonjersey.eu\/fi\/wp-json\/wp\/v2\/media\/6495"}],"wp:attachment":[{"href":"https:\/\/simonjersey.eu\/fi\/wp-json\/wp\/v2\/media?parent=844"}],"wp:term":[{"taxonomy":"product_brand","embeddable":true,"href":"https:\/\/simonjersey.eu\/fi\/wp-json\/wp\/v2\/product_brand?post=844"},{"taxonomy":"product_cat","embeddable":true,"href":"https:\/\/simonjersey.eu\/fi\/wp-json\/wp\/v2\/product_cat?post=844"},{"taxonomy":"product_tag","embeddable":true,"href":"https:\/\/simonjersey.eu\/fi\/wp-json\/wp\/v2\/product_tag?post=844"}],"curies":[{"name":"wp","href":"https:\/\/api.w.org\/{rel}","templated":true}]}}