{"id":8540,"date":"2024-05-08T09:16:31","date_gmt":"2024-05-08T09:16:31","guid":{"rendered":"https:\/\/simonjersey.eu\/fi\/?post_type=product&#038;p=8540"},"modified":"2025-02-19T08:55:11","modified_gmt":"2025-02-19T08:55:11","slug":"naisten-pitkahihainen-pikeepaita","status":"publish","type":"product","link":"https:\/\/simonjersey.eu\/fi\/tuote\/naisten-pitkahihainen-pikeepaita\/","title":{"rendered":"Naisten pitk\u00e4hihainen pikeepaita"},"content":{"rendered":"","protected":false},"excerpt":{"rendered":"<p>Pitk\u00e4hihainen Slim fit poolopaita, jota voidaan k\u00e4ytt\u00e4\u00e4 my\u00f6s hihat k\u00e4\u00e4rittyin\u00e4, on loistava valinta naisille, jotka arvostavat mukavuutta ja tyyli\u00e4 ty\u00f6ymp\u00e4rist\u00f6ss\u00e4. Sen muotoilu mahdollistaa paidan k\u00e4yt\u00f6n sek\u00e4 muodollisemmin ett\u00e4 arkip\u00e4iv\u00e4isemmin, ja se sopii t\u00e4ydellisesti erilaisiin ty\u00f6teht\u00e4viin.<\/p>\n<p>Paidan suunnittelussa on sivusaumat parempaa istuvuutta ja liikkumisvapautta varten sek\u00e4 nelj\u00e4 nappia, jotka lis\u00e4\u00e4v\u00e4t tyylikk\u00e4\u00e4n ja k\u00e4yt\u00e4nn\u00f6llisen yksityiskohdan. T\u00e4m\u00e4n poolopaidan tyylik\u00e4s ulkon\u00e4k\u00f6 tekee siit\u00e4 ihanteellisen valinnan toimistoon ja muihin ty\u00f6paikkoihin, joissa vaaditaan hyv\u00e4n ulkon\u00e4\u00f6n ja mukavuuden tasapainoa.<\/p>\n<p>Materiaali: <em>Pique, 65 % cotton, 35 % polyester <\/em>\/\u00a0 200 g\/m\u00b2<\/p>\n<p>Konepesu: 40\u00b0<\/p>\n<p>Koko: XS-2XL.<\/p>\n<p>N Pituus M koossa 66 cm<\/p>\n","protected":false},"featured_media":9170,"template":"","meta":[],"product_brand":[],"product_cat":[47,89,22],"product_tag":[],"class_list":{"0":"post-8540","1":"product","2":"type-product","3":"status-publish","4":"has-post-thumbnail","6":"product_cat-poolot-ja-t-paidat","7":"product_cat-pikeet-ja-t-paidat-varasto-ulkoilma-tyontekijat","8":"product_cat-pikeet-ja-t-paidat","10":"first","11":"instock","12":"taxable","13":"shipping-taxable","14":"purchasable","15":"product-type-variable","16":"has-default-attributes"},"yoast_head":"<!-- This site is optimized with the Yoast SEO plugin v27.2 - https:\/\/yoast.com\/product\/yoast-seo-wordpress\/ -->\n<title>Naisten pitk\u00e4hihainen pikeepaita - Simon Jersey Suomi<\/title>\n<meta name=\"robots\" content=\"index, follow, max-snippet:-1, max-image-preview:large, max-video-preview:-1\" \/>\n<link rel=\"canonical\" href=\"https:\/\/simonjersey.eu\/fi\/tuote\/naisten-pitkahihainen-pikeepaita\/\" \/>\n<meta property=\"og:locale\" content=\"fi_FI\" \/>\n<meta property=\"og:type\" content=\"article\" \/>\n<meta property=\"og:title\" content=\"Naisten pitk\u00e4hihainen pikeepaita - Simon Jersey Suomi\" \/>\n<meta property=\"og:description\" content=\"Pitk\u00e4hihainen Slim fit poolopaita, jota voidaan k\u00e4ytt\u00e4\u00e4 my\u00f6s hihat k\u00e4\u00e4rittyin\u00e4, on loistava valinta naisille, jotka arvostavat mukavuutta ja tyyli\u00e4 ty\u00f6ymp\u00e4rist\u00f6ss\u00e4. Sen muotoilu mahdollistaa paidan k\u00e4yt\u00f6n sek\u00e4 muodollisemmin ett\u00e4 arkip\u00e4iv\u00e4isemmin, ja se sopii t\u00e4ydellisesti erilaisiin ty\u00f6teht\u00e4viin.  Paidan suunnittelussa on sivusaumat parempaa istuvuutta ja liikkumisvapautta varten sek\u00e4 nelj\u00e4 nappia, jotka lis\u00e4\u00e4v\u00e4t tyylikk\u00e4\u00e4n ja k\u00e4yt\u00e4nn\u00f6llisen yksityiskohdan. T\u00e4m\u00e4n poolopaidan tyylik\u00e4s ulkon\u00e4k\u00f6 tekee siit\u00e4 ihanteellisen valinnan toimistoon ja muihin ty\u00f6paikkoihin, joissa vaaditaan hyv\u00e4n ulkon\u00e4\u00f6n ja mukavuuden tasapainoa.  Materiaali: Pique, 65 % cotton, 35 % polyester \/\u00a0 200 g\/m\u00b2  Konepesu: 40\u00b0  Koko: XS-2XL.  N Pituus M koossa 66 cm\" \/>\n<meta property=\"og:url\" content=\"https:\/\/simonjersey.eu\/fi\/tuote\/naisten-pitkahihainen-pikeepaita\/\" \/>\n<meta property=\"og:site_name\" content=\"Simon Jersey Suomi\" \/>\n<meta property=\"article:modified_time\" content=\"2025-02-19T08:55:11+00:00\" \/>\n<meta property=\"og:image\" content=\"https:\/\/simonjersey.eu\/fi\/wp-content\/uploads\/sites\/3\/2024\/05\/221-231Pika-v.-polo-sark.jpg\" \/>\n\t<meta property=\"og:image:width\" content=\"700\" \/>\n\t<meta property=\"og:image:height\" content=\"933\" \/>\n\t<meta property=\"og:image:type\" content=\"image\/jpeg\" \/>\n<meta name=\"twitter:card\" content=\"summary_large_image\" \/>\n<meta name=\"twitter:label1\" content=\"Arvioitu lukuaika\" \/>\n\t<meta name=\"twitter:data1\" content=\"1 minuutti\" \/>\n<script type=\"application\/ld+json\" class=\"yoast-schema-graph\">{\"@context\":\"https:\/\/schema.org\",\"@graph\":[{\"@type\":\"WebPage\",\"@id\":\"https:\/\/simonjersey.eu\/fi\/tuote\/naisten-pitkahihainen-pikeepaita\/\",\"url\":\"https:\/\/simonjersey.eu\/fi\/tuote\/naisten-pitkahihainen-pikeepaita\/\",\"name\":\"Naisten pitk\u00e4hihainen pikeepaita - Simon Jersey Suomi\",\"isPartOf\":{\"@id\":\"https:\/\/simonjersey.eu\/fi\/#website\"},\"primaryImageOfPage\":{\"@id\":\"https:\/\/simonjersey.eu\/fi\/tuote\/naisten-pitkahihainen-pikeepaita\/#primaryimage\"},\"image\":{\"@id\":\"https:\/\/simonjersey.eu\/fi\/tuote\/naisten-pitkahihainen-pikeepaita\/#primaryimage\"},\"thumbnailUrl\":\"https:\/\/simonjersey.eu\/fi\/wp-content\/uploads\/sites\/3\/2024\/05\/221-231Pika-v.-polo-sark.jpg\",\"datePublished\":\"2024-05-08T09:16:31+00:00\",\"dateModified\":\"2025-02-19T08:55:11+00:00\",\"breadcrumb\":{\"@id\":\"https:\/\/simonjersey.eu\/fi\/tuote\/naisten-pitkahihainen-pikeepaita\/#breadcrumb\"},\"inLanguage\":\"fi\",\"potentialAction\":[{\"@type\":\"ReadAction\",\"target\":[\"https:\/\/simonjersey.eu\/fi\/tuote\/naisten-pitkahihainen-pikeepaita\/\"]}]},{\"@type\":\"ImageObject\",\"inLanguage\":\"fi\",\"@id\":\"https:\/\/simonjersey.eu\/fi\/tuote\/naisten-pitkahihainen-pikeepaita\/#primaryimage\",\"url\":\"https:\/\/simonjersey.eu\/fi\/wp-content\/uploads\/sites\/3\/2024\/05\/221-231Pika-v.-polo-sark.jpg\",\"contentUrl\":\"https:\/\/simonjersey.eu\/fi\/wp-content\/uploads\/sites\/3\/2024\/05\/221-231Pika-v.-polo-sark.jpg\",\"width\":700,\"height\":933},{\"@type\":\"BreadcrumbList\",\"@id\":\"https:\/\/simonjersey.eu\/fi\/tuote\/naisten-pitkahihainen-pikeepaita\/#breadcrumb\",\"itemListElement\":[{\"@type\":\"ListItem\",\"position\":1,\"name\":\"Home\",\"item\":\"https:\/\/simonjersey.eu\/fi\/\"},{\"@type\":\"ListItem\",\"position\":2,\"name\":\"Verkkokauppa\",\"item\":\"https:\/\/simonjersey.eu\/fi\/kauppaan\/\"},{\"@type\":\"ListItem\",\"position\":3,\"name\":\"Naisten pitk\u00e4hihainen pikeepaita\"}]},{\"@type\":\"WebSite\",\"@id\":\"https:\/\/simonjersey.eu\/fi\/#website\",\"url\":\"https:\/\/simonjersey.eu\/fi\/\",\"name\":\"Simon Jersey Suomi\",\"description\":\"Tyylikk\u00e4\u00e4t ja kest\u00e4v\u00e4t  ammattiasut\",\"potentialAction\":[{\"@type\":\"SearchAction\",\"target\":{\"@type\":\"EntryPoint\",\"urlTemplate\":\"https:\/\/simonjersey.eu\/fi\/?s={search_term_string}\"},\"query-input\":{\"@type\":\"PropertyValueSpecification\",\"valueRequired\":true,\"valueName\":\"search_term_string\"}}],\"inLanguage\":\"fi\"}]}<\/script>\n<!-- \/ Yoast SEO plugin. -->","yoast_head_json":{"title":"Naisten pitk\u00e4hihainen pikeepaita - Simon Jersey Suomi","robots":{"index":"index","follow":"follow","max-snippet":"max-snippet:-1","max-image-preview":"max-image-preview:large","max-video-preview":"max-video-preview:-1"},"canonical":"https:\/\/simonjersey.eu\/fi\/tuote\/naisten-pitkahihainen-pikeepaita\/","og_locale":"fi_FI","og_type":"article","og_title":"Naisten pitk\u00e4hihainen pikeepaita - Simon Jersey Suomi","og_description":"Pitk\u00e4hihainen Slim fit poolopaita, jota voidaan k\u00e4ytt\u00e4\u00e4 my\u00f6s hihat k\u00e4\u00e4rittyin\u00e4, on loistava valinta naisille, jotka arvostavat mukavuutta ja tyyli\u00e4 ty\u00f6ymp\u00e4rist\u00f6ss\u00e4. Sen muotoilu mahdollistaa paidan k\u00e4yt\u00f6n sek\u00e4 muodollisemmin ett\u00e4 arkip\u00e4iv\u00e4isemmin, ja se sopii t\u00e4ydellisesti erilaisiin ty\u00f6teht\u00e4viin.  Paidan suunnittelussa on sivusaumat parempaa istuvuutta ja liikkumisvapautta varten sek\u00e4 nelj\u00e4 nappia, jotka lis\u00e4\u00e4v\u00e4t tyylikk\u00e4\u00e4n ja k\u00e4yt\u00e4nn\u00f6llisen yksityiskohdan. T\u00e4m\u00e4n poolopaidan tyylik\u00e4s ulkon\u00e4k\u00f6 tekee siit\u00e4 ihanteellisen valinnan toimistoon ja muihin ty\u00f6paikkoihin, joissa vaaditaan hyv\u00e4n ulkon\u00e4\u00f6n ja mukavuuden tasapainoa.  Materiaali: Pique, 65 % cotton, 35 % polyester \/\u00a0 200 g\/m\u00b2  Konepesu: 40\u00b0  Koko: XS-2XL.  N Pituus M koossa 66 cm","og_url":"https:\/\/simonjersey.eu\/fi\/tuote\/naisten-pitkahihainen-pikeepaita\/","og_site_name":"Simon Jersey Suomi","article_modified_time":"2025-02-19T08:55:11+00:00","og_image":[{"width":700,"height":933,"url":"https:\/\/simonjersey.eu\/fi\/wp-content\/uploads\/sites\/3\/2024\/05\/221-231Pika-v.-polo-sark.jpg","type":"image\/jpeg"}],"twitter_card":"summary_large_image","twitter_misc":{"Arvioitu lukuaika":"1 minuutti"},"schema":{"@context":"https:\/\/schema.org","@graph":[{"@type":"WebPage","@id":"https:\/\/simonjersey.eu\/fi\/tuote\/naisten-pitkahihainen-pikeepaita\/","url":"https:\/\/simonjersey.eu\/fi\/tuote\/naisten-pitkahihainen-pikeepaita\/","name":"Naisten pitk\u00e4hihainen pikeepaita - Simon Jersey Suomi","isPartOf":{"@id":"https:\/\/simonjersey.eu\/fi\/#website"},"primaryImageOfPage":{"@id":"https:\/\/simonjersey.eu\/fi\/tuote\/naisten-pitkahihainen-pikeepaita\/#primaryimage"},"image":{"@id":"https:\/\/simonjersey.eu\/fi\/tuote\/naisten-pitkahihainen-pikeepaita\/#primaryimage"},"thumbnailUrl":"https:\/\/simonjersey.eu\/fi\/wp-content\/uploads\/sites\/3\/2024\/05\/221-231Pika-v.-polo-sark.jpg","datePublished":"2024-05-08T09:16:31+00:00","dateModified":"2025-02-19T08:55:11+00:00","breadcrumb":{"@id":"https:\/\/simonjersey.eu\/fi\/tuote\/naisten-pitkahihainen-pikeepaita\/#breadcrumb"},"inLanguage":"fi","potentialAction":[{"@type":"ReadAction","target":["https:\/\/simonjersey.eu\/fi\/tuote\/naisten-pitkahihainen-pikeepaita\/"]}]},{"@type":"ImageObject","inLanguage":"fi","@id":"https:\/\/simonjersey.eu\/fi\/tuote\/naisten-pitkahihainen-pikeepaita\/#primaryimage","url":"https:\/\/simonjersey.eu\/fi\/wp-content\/uploads\/sites\/3\/2024\/05\/221-231Pika-v.-polo-sark.jpg","contentUrl":"https:\/\/simonjersey.eu\/fi\/wp-content\/uploads\/sites\/3\/2024\/05\/221-231Pika-v.-polo-sark.jpg","width":700,"height":933},{"@type":"BreadcrumbList","@id":"https:\/\/simonjersey.eu\/fi\/tuote\/naisten-pitkahihainen-pikeepaita\/#breadcrumb","itemListElement":[{"@type":"ListItem","position":1,"name":"Home","item":"https:\/\/simonjersey.eu\/fi\/"},{"@type":"ListItem","position":2,"name":"Verkkokauppa","item":"https:\/\/simonjersey.eu\/fi\/kauppaan\/"},{"@type":"ListItem","position":3,"name":"Naisten pitk\u00e4hihainen pikeepaita"}]},{"@type":"WebSite","@id":"https:\/\/simonjersey.eu\/fi\/#website","url":"https:\/\/simonjersey.eu\/fi\/","name":"Simon Jersey Suomi","description":"Tyylikk\u00e4\u00e4t ja kest\u00e4v\u00e4t  ammattiasut","potentialAction":[{"@type":"SearchAction","target":{"@type":"EntryPoint","urlTemplate":"https:\/\/simonjersey.eu\/fi\/?s={search_term_string}"},"query-input":{"@type":"PropertyValueSpecification","valueRequired":true,"valueName":"search_term_string"}}],"inLanguage":"fi"}]}},"_links":{"self":[{"href":"https:\/\/simonjersey.eu\/fi\/wp-json\/wp\/v2\/product\/8540","targetHints":{"allow":["GET"]}}],"collection":[{"href":"https:\/\/simonjersey.eu\/fi\/wp-json\/wp\/v2\/product"}],"about":[{"href":"https:\/\/simonjersey.eu\/fi\/wp-json\/wp\/v2\/types\/product"}],"wp:featuredmedia":[{"embeddable":true,"href":"https:\/\/simonjersey.eu\/fi\/wp-json\/wp\/v2\/media\/9170"}],"wp:attachment":[{"href":"https:\/\/simonjersey.eu\/fi\/wp-json\/wp\/v2\/media?parent=8540"}],"wp:term":[{"taxonomy":"product_brand","embeddable":true,"href":"https:\/\/simonjersey.eu\/fi\/wp-json\/wp\/v2\/product_brand?post=8540"},{"taxonomy":"product_cat","embeddable":true,"href":"https:\/\/simonjersey.eu\/fi\/wp-json\/wp\/v2\/product_cat?post=8540"},{"taxonomy":"product_tag","embeddable":true,"href":"https:\/\/simonjersey.eu\/fi\/wp-json\/wp\/v2\/product_tag?post=8540"}],"curies":[{"name":"wp","href":"https:\/\/api.w.org\/{rel}","templated":true}]}}