{"id":859,"date":"2019-10-15T08:22:40","date_gmt":"2019-10-15T08:22:40","guid":{"rendered":"https:\/\/simonjersey.eu\/fi\/?post_type=product&#038;p=859"},"modified":"2025-02-25T11:46:58","modified_gmt":"2025-02-25T11:46:58","slug":"tunika-vyotaronauhalla-pellavasekoite","status":"publish","type":"product","link":"https:\/\/simonjersey.eu\/fi\/tuote\/tunika-vyotaronauhalla-pellavasekoite\/","title":{"rendered":"Tunika vy\u00f6t\u00e4r\u00f6nauhalla, pellavasekoite"},"content":{"rendered":"","protected":false},"excerpt":{"rendered":"<p>T\u00e4m\u00e4 tunika on ideaali valinta ty\u00f6asuksi kauneudenhoitoalalle. Tunika on saanut inspiraationsa kimonosta, jonka ilmava malli antaa ty\u00f6ntekij\u00e4lle mukavuutta.<\/p>\n<p>Eteen kiinnitett\u00e4v\u00e4 vy\u00f6t\u00e4r\u00f6nauha, muotoiltu helma, kimonon kaltaiset levenev\u00e4t hihat, edess\u00e4 ja takaa sauma keskell\u00e4. Tunikan pituus 65cm.<\/p>\n<p>Materiaali: 72% polyesteri, 23% pellava, 3% polyamidi, 2% elastaani<br \/>\nKonepesu: 40\u00b0. Helposti sili\u00e4v\u00e4 materiaali, ei vaadi silityst\u00e4 pesun j\u00e4lkeen<br \/>\nKoko (UK): 6-26.<\/p>\n<p>Kangasmateriaalin luonteen vuoksi siin\u00e4 voi esiinty\u00e4 luonnollisia v\u00e4rieroja!<\/p>\n","protected":false},"featured_media":6570,"template":"","meta":[],"product_brand":[],"product_cat":[39,58,32],"product_tag":[158,233,237,129],"class_list":{"0":"post-859","1":"product","2":"type-product","3":"status-publish","4":"has-post-thumbnail","6":"product_cat-tunikat-kauneus-spa","7":"product_cat-siivouspalvelu","8":"product_cat-tunikat","9":"product_tag-hotellin-tyovaatet","10":"product_tag-kauneuden-tunikat","11":"product_tag-siivouspalvelun-tyovaatteet","12":"product_tag-spa-tunika","14":"first","15":"instock","16":"taxable","17":"shipping-taxable","18":"purchasable","19":"product-type-variable","20":"has-default-attributes"},"yoast_head":"<!-- This site is optimized with the Yoast SEO plugin v27.2 - https:\/\/yoast.com\/product\/yoast-seo-wordpress\/ -->\n<title>Tunika vy\u00f6t\u00e4r\u00f6nauhalla, pellavasekoite - Simon Jersey Suomi<\/title>\n<meta name=\"description\" content=\"T\u00e4m\u00e4 tunika on ideaali valinta ty\u00f6asuksi kauneudenhoitoalalle. Tunika on saanut inspiraationsa kimonosta, jonka ilmava malli antaa ty\u00f6ntekij\u00e4lle mukavuutta.\" \/>\n<meta name=\"robots\" content=\"index, follow, max-snippet:-1, max-image-preview:large, max-video-preview:-1\" \/>\n<link rel=\"canonical\" href=\"https:\/\/simonjersey.eu\/fi\/tuote\/tunika-vyotaronauhalla-pellavasekoite\/\" \/>\n<meta property=\"og:locale\" content=\"fi_FI\" \/>\n<meta property=\"og:type\" content=\"article\" \/>\n<meta property=\"og:title\" content=\"Tunika vy\u00f6t\u00e4r\u00f6nauhalla, pellavasekoite - Simon Jersey Suomi\" \/>\n<meta property=\"og:description\" content=\"T\u00e4m\u00e4 tunika on ideaali valinta ty\u00f6asuksi kauneudenhoitoalalle. Tunika on saanut inspiraationsa kimonosta, jonka ilmava malli antaa ty\u00f6ntekij\u00e4lle mukavuutta.\" \/>\n<meta property=\"og:url\" content=\"https:\/\/simonjersey.eu\/fi\/tuote\/tunika-vyotaronauhalla-pellavasekoite\/\" \/>\n<meta property=\"og:site_name\" content=\"Simon Jersey Suomi\" \/>\n<meta property=\"article:modified_time\" content=\"2025-02-25T11:46:58+00:00\" \/>\n<meta property=\"og:image\" content=\"https:\/\/simonjersey.eu\/fi\/wp-content\/uploads\/sites\/3\/2019\/10\/FD3580.jpg\" \/>\n\t<meta property=\"og:image:width\" content=\"1000\" \/>\n\t<meta property=\"og:image:height\" content=\"1500\" \/>\n\t<meta property=\"og:image:type\" content=\"image\/jpeg\" \/>\n<meta name=\"twitter:card\" content=\"summary_large_image\" \/>\n<meta name=\"twitter:label1\" content=\"Arvioitu lukuaika\" \/>\n\t<meta name=\"twitter:data1\" content=\"1 minuutti\" \/>\n<script type=\"application\/ld+json\" class=\"yoast-schema-graph\">{\"@context\":\"https:\/\/schema.org\",\"@graph\":[{\"@type\":\"WebPage\",\"@id\":\"https:\/\/simonjersey.eu\/fi\/tuote\/tunika-vyotaronauhalla-pellavasekoite\/\",\"url\":\"https:\/\/simonjersey.eu\/fi\/tuote\/tunika-vyotaronauhalla-pellavasekoite\/\",\"name\":\"Tunika vy\u00f6t\u00e4r\u00f6nauhalla, pellavasekoite - Simon Jersey Suomi\",\"isPartOf\":{\"@id\":\"https:\/\/simonjersey.eu\/fi\/#website\"},\"primaryImageOfPage\":{\"@id\":\"https:\/\/simonjersey.eu\/fi\/tuote\/tunika-vyotaronauhalla-pellavasekoite\/#primaryimage\"},\"image\":{\"@id\":\"https:\/\/simonjersey.eu\/fi\/tuote\/tunika-vyotaronauhalla-pellavasekoite\/#primaryimage\"},\"thumbnailUrl\":\"https:\/\/simonjersey.eu\/fi\/wp-content\/uploads\/sites\/3\/2019\/10\/FD3580.jpg\",\"datePublished\":\"2019-10-15T08:22:40+00:00\",\"dateModified\":\"2025-02-25T11:46:58+00:00\",\"description\":\"T\u00e4m\u00e4 tunika on ideaali valinta ty\u00f6asuksi kauneudenhoitoalalle. Tunika on saanut inspiraationsa kimonosta, jonka ilmava malli antaa ty\u00f6ntekij\u00e4lle mukavuutta.\",\"breadcrumb\":{\"@id\":\"https:\/\/simonjersey.eu\/fi\/tuote\/tunika-vyotaronauhalla-pellavasekoite\/#breadcrumb\"},\"inLanguage\":\"fi\",\"potentialAction\":[{\"@type\":\"ReadAction\",\"target\":[\"https:\/\/simonjersey.eu\/fi\/tuote\/tunika-vyotaronauhalla-pellavasekoite\/\"]}]},{\"@type\":\"ImageObject\",\"inLanguage\":\"fi\",\"@id\":\"https:\/\/simonjersey.eu\/fi\/tuote\/tunika-vyotaronauhalla-pellavasekoite\/#primaryimage\",\"url\":\"https:\/\/simonjersey.eu\/fi\/wp-content\/uploads\/sites\/3\/2019\/10\/FD3580.jpg\",\"contentUrl\":\"https:\/\/simonjersey.eu\/fi\/wp-content\/uploads\/sites\/3\/2019\/10\/FD3580.jpg\",\"width\":1000,\"height\":1500},{\"@type\":\"BreadcrumbList\",\"@id\":\"https:\/\/simonjersey.eu\/fi\/tuote\/tunika-vyotaronauhalla-pellavasekoite\/#breadcrumb\",\"itemListElement\":[{\"@type\":\"ListItem\",\"position\":1,\"name\":\"Home\",\"item\":\"https:\/\/simonjersey.eu\/fi\/\"},{\"@type\":\"ListItem\",\"position\":2,\"name\":\"Verkkokauppa\",\"item\":\"https:\/\/simonjersey.eu\/fi\/kauppaan\/\"},{\"@type\":\"ListItem\",\"position\":3,\"name\":\"Tunika vy\u00f6t\u00e4r\u00f6nauhalla, pellavasekoite\"}]},{\"@type\":\"WebSite\",\"@id\":\"https:\/\/simonjersey.eu\/fi\/#website\",\"url\":\"https:\/\/simonjersey.eu\/fi\/\",\"name\":\"Simon Jersey Suomi\",\"description\":\"Tyylikk\u00e4\u00e4t ja kest\u00e4v\u00e4t  ammattiasut\",\"potentialAction\":[{\"@type\":\"SearchAction\",\"target\":{\"@type\":\"EntryPoint\",\"urlTemplate\":\"https:\/\/simonjersey.eu\/fi\/?s={search_term_string}\"},\"query-input\":{\"@type\":\"PropertyValueSpecification\",\"valueRequired\":true,\"valueName\":\"search_term_string\"}}],\"inLanguage\":\"fi\"}]}<\/script>\n<!-- \/ Yoast SEO plugin. -->","yoast_head_json":{"title":"Tunika vy\u00f6t\u00e4r\u00f6nauhalla, pellavasekoite - Simon Jersey Suomi","description":"T\u00e4m\u00e4 tunika on ideaali valinta ty\u00f6asuksi kauneudenhoitoalalle. Tunika on saanut inspiraationsa kimonosta, jonka ilmava malli antaa ty\u00f6ntekij\u00e4lle mukavuutta.","robots":{"index":"index","follow":"follow","max-snippet":"max-snippet:-1","max-image-preview":"max-image-preview:large","max-video-preview":"max-video-preview:-1"},"canonical":"https:\/\/simonjersey.eu\/fi\/tuote\/tunika-vyotaronauhalla-pellavasekoite\/","og_locale":"fi_FI","og_type":"article","og_title":"Tunika vy\u00f6t\u00e4r\u00f6nauhalla, pellavasekoite - Simon Jersey Suomi","og_description":"T\u00e4m\u00e4 tunika on ideaali valinta ty\u00f6asuksi kauneudenhoitoalalle. Tunika on saanut inspiraationsa kimonosta, jonka ilmava malli antaa ty\u00f6ntekij\u00e4lle mukavuutta.","og_url":"https:\/\/simonjersey.eu\/fi\/tuote\/tunika-vyotaronauhalla-pellavasekoite\/","og_site_name":"Simon Jersey Suomi","article_modified_time":"2025-02-25T11:46:58+00:00","og_image":[{"width":1000,"height":1500,"url":"https:\/\/simonjersey.eu\/fi\/wp-content\/uploads\/sites\/3\/2019\/10\/FD3580.jpg","type":"image\/jpeg"}],"twitter_card":"summary_large_image","twitter_misc":{"Arvioitu lukuaika":"1 minuutti"},"schema":{"@context":"https:\/\/schema.org","@graph":[{"@type":"WebPage","@id":"https:\/\/simonjersey.eu\/fi\/tuote\/tunika-vyotaronauhalla-pellavasekoite\/","url":"https:\/\/simonjersey.eu\/fi\/tuote\/tunika-vyotaronauhalla-pellavasekoite\/","name":"Tunika vy\u00f6t\u00e4r\u00f6nauhalla, pellavasekoite - Simon Jersey Suomi","isPartOf":{"@id":"https:\/\/simonjersey.eu\/fi\/#website"},"primaryImageOfPage":{"@id":"https:\/\/simonjersey.eu\/fi\/tuote\/tunika-vyotaronauhalla-pellavasekoite\/#primaryimage"},"image":{"@id":"https:\/\/simonjersey.eu\/fi\/tuote\/tunika-vyotaronauhalla-pellavasekoite\/#primaryimage"},"thumbnailUrl":"https:\/\/simonjersey.eu\/fi\/wp-content\/uploads\/sites\/3\/2019\/10\/FD3580.jpg","datePublished":"2019-10-15T08:22:40+00:00","dateModified":"2025-02-25T11:46:58+00:00","description":"T\u00e4m\u00e4 tunika on ideaali valinta ty\u00f6asuksi kauneudenhoitoalalle. Tunika on saanut inspiraationsa kimonosta, jonka ilmava malli antaa ty\u00f6ntekij\u00e4lle mukavuutta.","breadcrumb":{"@id":"https:\/\/simonjersey.eu\/fi\/tuote\/tunika-vyotaronauhalla-pellavasekoite\/#breadcrumb"},"inLanguage":"fi","potentialAction":[{"@type":"ReadAction","target":["https:\/\/simonjersey.eu\/fi\/tuote\/tunika-vyotaronauhalla-pellavasekoite\/"]}]},{"@type":"ImageObject","inLanguage":"fi","@id":"https:\/\/simonjersey.eu\/fi\/tuote\/tunika-vyotaronauhalla-pellavasekoite\/#primaryimage","url":"https:\/\/simonjersey.eu\/fi\/wp-content\/uploads\/sites\/3\/2019\/10\/FD3580.jpg","contentUrl":"https:\/\/simonjersey.eu\/fi\/wp-content\/uploads\/sites\/3\/2019\/10\/FD3580.jpg","width":1000,"height":1500},{"@type":"BreadcrumbList","@id":"https:\/\/simonjersey.eu\/fi\/tuote\/tunika-vyotaronauhalla-pellavasekoite\/#breadcrumb","itemListElement":[{"@type":"ListItem","position":1,"name":"Home","item":"https:\/\/simonjersey.eu\/fi\/"},{"@type":"ListItem","position":2,"name":"Verkkokauppa","item":"https:\/\/simonjersey.eu\/fi\/kauppaan\/"},{"@type":"ListItem","position":3,"name":"Tunika vy\u00f6t\u00e4r\u00f6nauhalla, pellavasekoite"}]},{"@type":"WebSite","@id":"https:\/\/simonjersey.eu\/fi\/#website","url":"https:\/\/simonjersey.eu\/fi\/","name":"Simon Jersey Suomi","description":"Tyylikk\u00e4\u00e4t ja kest\u00e4v\u00e4t  ammattiasut","potentialAction":[{"@type":"SearchAction","target":{"@type":"EntryPoint","urlTemplate":"https:\/\/simonjersey.eu\/fi\/?s={search_term_string}"},"query-input":{"@type":"PropertyValueSpecification","valueRequired":true,"valueName":"search_term_string"}}],"inLanguage":"fi"}]}},"_links":{"self":[{"href":"https:\/\/simonjersey.eu\/fi\/wp-json\/wp\/v2\/product\/859","targetHints":{"allow":["GET"]}}],"collection":[{"href":"https:\/\/simonjersey.eu\/fi\/wp-json\/wp\/v2\/product"}],"about":[{"href":"https:\/\/simonjersey.eu\/fi\/wp-json\/wp\/v2\/types\/product"}],"wp:featuredmedia":[{"embeddable":true,"href":"https:\/\/simonjersey.eu\/fi\/wp-json\/wp\/v2\/media\/6570"}],"wp:attachment":[{"href":"https:\/\/simonjersey.eu\/fi\/wp-json\/wp\/v2\/media?parent=859"}],"wp:term":[{"taxonomy":"product_brand","embeddable":true,"href":"https:\/\/simonjersey.eu\/fi\/wp-json\/wp\/v2\/product_brand?post=859"},{"taxonomy":"product_cat","embeddable":true,"href":"https:\/\/simonjersey.eu\/fi\/wp-json\/wp\/v2\/product_cat?post=859"},{"taxonomy":"product_tag","embeddable":true,"href":"https:\/\/simonjersey.eu\/fi\/wp-json\/wp\/v2\/product_tag?post=859"}],"curies":[{"name":"wp","href":"https:\/\/api.w.org\/{rel}","templated":true}]}}