{"id":8693,"date":"2024-09-13T11:22:17","date_gmt":"2024-09-13T11:22:17","guid":{"rendered":"https:\/\/simonjersey.eu\/fi\/?post_type=product&#038;p=8693"},"modified":"2026-02-17T10:09:18","modified_gmt":"2026-02-17T10:09:18","slug":"margot-naisten-bleiseri","status":"publish","type":"product","link":"https:\/\/simonjersey.eu\/fi\/tuote\/margot-naisten-bleiseri\/","title":{"rendered":"\u201cMargot\u201d naisten bleiseri"},"content":{"rendered":"","protected":false},"excerpt":{"rendered":"<p>Yrityksille, jotka haluavat erottua ja tarjota ty\u00f6ntekij\u00f6illeen tyylikk\u00e4\u00e4n ja trendikk\u00e4\u00e4n ilmeen, meill\u00e4 on uusi vaihtoehto. Kokeile innovatiivisia Denim- ja Sand-v\u00e4riyhdistelmi\u00e4 luodaksesi ainutlaatuisen ja tyylikk\u00e4\u00e4n ilmeen. T\u00e4m\u00e4n sarjan univormut ovat ihanteellisia ty\u00f6skentelyyn pankissa, liikerakennuksessa, hotellissa ja moniin muihin palvelualan teht\u00e4viin.<\/p>\n<p>T\u00e4m\u00e4n kauden uudessa kahdella napilla vuoratussa naisten takissa on hieman istuva leikkaus, l\u00e4p\u00e4lliset taskut, keskell\u00e4 oleva tuuletusaukko ja hieman joustava kangas. Takki on saatavana kahdessa trendikk\u00e4\u00e4ss\u00e4 v\u00e4riss\u00e4 ja kahdessa pituudessa (tavallinen ja pitk\u00e4).<\/p>\n<p>Materiaali: 67% Kierr\u00e4tetty polyesteri, 28% viskoosi, 5% lycra\/elastane (315gm )<\/p>\n<p>Hoito: 30\u00b0 konepesu, helppohoitoinen.<\/p>\n<p>Kangas testattu Martindale-testij\u00e4rjestelm\u00e4ll\u00e4: &gt; 100 000 kulutusta kest\u00e4v\u00e4<\/p>\n<p>High level of stretch: 14%<\/p>\n<p>Koot (UK): 6-30.<\/p>\n<p>6-30 \u2013 regular<br \/>\n8-18 \u2013 long<br \/>\nKoon 12R pituus 60,5cm.<\/p>\n","protected":false},"featured_media":8700,"template":"","meta":[],"product_brand":[],"product_cat":[41,51,56,68,64,75,24],"product_tag":[],"class_list":{"0":"post-8693","1":"product","2":"type-product","3":"status-publish","4":"has-post-thumbnail","6":"product_cat-ravintola-kahvila","7":"product_cat-takit-ja-bleiserit","8":"product_cat-hotelli-palveluammatit","9":"product_cat-pukujen-mallistot-hotelli-ja-palveluammatit","10":"product_cat-smart-casual-mallisto","11":"product_cat-business-toimisto","12":"product_cat-takit-ja-pikkutakit","14":"first","15":"instock","16":"taxable","17":"shipping-taxable","18":"purchasable","19":"product-type-variable","20":"has-default-attributes"},"yoast_head":"<!-- This site is optimized with the Yoast SEO plugin v27.2 - https:\/\/yoast.com\/product\/yoast-seo-wordpress\/ -->\n<title>\u201cMargot\u201d naisten bleiseri - Simon Jersey Suomi<\/title>\n<meta name=\"robots\" content=\"index, follow, max-snippet:-1, max-image-preview:large, max-video-preview:-1\" \/>\n<link rel=\"canonical\" href=\"https:\/\/simonjersey.eu\/fi\/tuote\/margot-naisten-bleiseri\/\" \/>\n<meta property=\"og:locale\" content=\"fi_FI\" \/>\n<meta property=\"og:type\" content=\"article\" \/>\n<meta property=\"og:title\" content=\"\u201cMargot\u201d naisten bleiseri - Simon Jersey Suomi\" \/>\n<meta property=\"og:description\" content=\"Yrityksille, jotka haluavat erottua ja tarjota ty\u00f6ntekij\u00f6illeen tyylikk\u00e4\u00e4n ja trendikk\u00e4\u00e4n ilmeen, meill\u00e4 on uusi vaihtoehto. Kokeile innovatiivisia Denim- ja Sand-v\u00e4riyhdistelmi\u00e4 luodaksesi ainutlaatuisen ja tyylikk\u00e4\u00e4n ilmeen. T\u00e4m\u00e4n sarjan univormut ovat ihanteellisia ty\u00f6skentelyyn pankissa, liikerakennuksessa, hotellissa ja moniin muihin palvelualan teht\u00e4viin.  T\u00e4m\u00e4n kauden uudessa kahdella napilla vuoratussa naisten takissa on hieman istuva leikkaus, l\u00e4p\u00e4lliset taskut, keskell\u00e4 oleva tuuletusaukko ja hieman joustava kangas. Takki on saatavana kahdessa trendikk\u00e4\u00e4ss\u00e4 v\u00e4riss\u00e4 ja kahdessa pituudessa (tavallinen ja pitk\u00e4).  Materiaali: 67% Kierr\u00e4tetty polyesteri, 28% viskoosi, 5% lycra\/elastane (315gm )  Hoito: 30\u00b0 konepesu, helppohoitoinen.  Kangas testattu Martindale-testij\u00e4rjestelm\u00e4ll\u00e4: &gt; 100 000 kulutusta kest\u00e4v\u00e4  High level of stretch: 14%  Koot (UK): 6-30.  6-30 \u2013 regular 8-18 \u2013 long Koon 12R pituus 60,5cm.\" \/>\n<meta property=\"og:url\" content=\"https:\/\/simonjersey.eu\/fi\/tuote\/margot-naisten-bleiseri\/\" \/>\n<meta property=\"og:site_name\" content=\"Simon Jersey Suomi\" \/>\n<meta property=\"article:modified_time\" content=\"2026-02-17T10:09:18+00:00\" \/>\n<meta property=\"og:image\" content=\"https:\/\/simonjersey.eu\/fi\/wp-content\/uploads\/sites\/3\/2024\/09\/Margo-Jacket-Sand-Austin-Skirt-Navy-700-x-1050.jpg\" \/>\n\t<meta property=\"og:image:width\" content=\"700\" \/>\n\t<meta property=\"og:image:height\" content=\"1050\" \/>\n\t<meta property=\"og:image:type\" content=\"image\/jpeg\" \/>\n<meta name=\"twitter:card\" content=\"summary_large_image\" \/>\n<meta name=\"twitter:label1\" content=\"Arvioitu lukuaika\" \/>\n\t<meta name=\"twitter:data1\" content=\"1 minuutti\" \/>\n<script type=\"application\/ld+json\" class=\"yoast-schema-graph\">{\"@context\":\"https:\/\/schema.org\",\"@graph\":[{\"@type\":\"WebPage\",\"@id\":\"https:\/\/simonjersey.eu\/fi\/tuote\/margot-naisten-bleiseri\/\",\"url\":\"https:\/\/simonjersey.eu\/fi\/tuote\/margot-naisten-bleiseri\/\",\"name\":\"\u201cMargot\u201d naisten bleiseri - Simon Jersey Suomi\",\"isPartOf\":{\"@id\":\"https:\/\/simonjersey.eu\/fi\/#website\"},\"primaryImageOfPage\":{\"@id\":\"https:\/\/simonjersey.eu\/fi\/tuote\/margot-naisten-bleiseri\/#primaryimage\"},\"image\":{\"@id\":\"https:\/\/simonjersey.eu\/fi\/tuote\/margot-naisten-bleiseri\/#primaryimage\"},\"thumbnailUrl\":\"https:\/\/simonjersey.eu\/fi\/wp-content\/uploads\/sites\/3\/2024\/09\/Margo-Jacket-Sand-Austin-Skirt-Navy-700-x-1050.jpg\",\"datePublished\":\"2024-09-13T11:22:17+00:00\",\"dateModified\":\"2026-02-17T10:09:18+00:00\",\"breadcrumb\":{\"@id\":\"https:\/\/simonjersey.eu\/fi\/tuote\/margot-naisten-bleiseri\/#breadcrumb\"},\"inLanguage\":\"fi\",\"potentialAction\":[{\"@type\":\"ReadAction\",\"target\":[\"https:\/\/simonjersey.eu\/fi\/tuote\/margot-naisten-bleiseri\/\"]}]},{\"@type\":\"ImageObject\",\"inLanguage\":\"fi\",\"@id\":\"https:\/\/simonjersey.eu\/fi\/tuote\/margot-naisten-bleiseri\/#primaryimage\",\"url\":\"https:\/\/simonjersey.eu\/fi\/wp-content\/uploads\/sites\/3\/2024\/09\/Margo-Jacket-Sand-Austin-Skirt-Navy-700-x-1050.jpg\",\"contentUrl\":\"https:\/\/simonjersey.eu\/fi\/wp-content\/uploads\/sites\/3\/2024\/09\/Margo-Jacket-Sand-Austin-Skirt-Navy-700-x-1050.jpg\",\"width\":700,\"height\":1050},{\"@type\":\"BreadcrumbList\",\"@id\":\"https:\/\/simonjersey.eu\/fi\/tuote\/margot-naisten-bleiseri\/#breadcrumb\",\"itemListElement\":[{\"@type\":\"ListItem\",\"position\":1,\"name\":\"Home\",\"item\":\"https:\/\/simonjersey.eu\/fi\/\"},{\"@type\":\"ListItem\",\"position\":2,\"name\":\"Verkkokauppa\",\"item\":\"https:\/\/simonjersey.eu\/fi\/kauppaan\/\"},{\"@type\":\"ListItem\",\"position\":3,\"name\":\"\u201cMargot\u201d naisten bleiseri\"}]},{\"@type\":\"WebSite\",\"@id\":\"https:\/\/simonjersey.eu\/fi\/#website\",\"url\":\"https:\/\/simonjersey.eu\/fi\/\",\"name\":\"Simon Jersey Suomi\",\"description\":\"Tyylikk\u00e4\u00e4t ja kest\u00e4v\u00e4t  ammattiasut\",\"potentialAction\":[{\"@type\":\"SearchAction\",\"target\":{\"@type\":\"EntryPoint\",\"urlTemplate\":\"https:\/\/simonjersey.eu\/fi\/?s={search_term_string}\"},\"query-input\":{\"@type\":\"PropertyValueSpecification\",\"valueRequired\":true,\"valueName\":\"search_term_string\"}}],\"inLanguage\":\"fi\"}]}<\/script>\n<!-- \/ Yoast SEO plugin. -->","yoast_head_json":{"title":"\u201cMargot\u201d naisten bleiseri - Simon Jersey Suomi","robots":{"index":"index","follow":"follow","max-snippet":"max-snippet:-1","max-image-preview":"max-image-preview:large","max-video-preview":"max-video-preview:-1"},"canonical":"https:\/\/simonjersey.eu\/fi\/tuote\/margot-naisten-bleiseri\/","og_locale":"fi_FI","og_type":"article","og_title":"\u201cMargot\u201d naisten bleiseri - Simon Jersey Suomi","og_description":"Yrityksille, jotka haluavat erottua ja tarjota ty\u00f6ntekij\u00f6illeen tyylikk\u00e4\u00e4n ja trendikk\u00e4\u00e4n ilmeen, meill\u00e4 on uusi vaihtoehto. Kokeile innovatiivisia Denim- ja Sand-v\u00e4riyhdistelmi\u00e4 luodaksesi ainutlaatuisen ja tyylikk\u00e4\u00e4n ilmeen. T\u00e4m\u00e4n sarjan univormut ovat ihanteellisia ty\u00f6skentelyyn pankissa, liikerakennuksessa, hotellissa ja moniin muihin palvelualan teht\u00e4viin.  T\u00e4m\u00e4n kauden uudessa kahdella napilla vuoratussa naisten takissa on hieman istuva leikkaus, l\u00e4p\u00e4lliset taskut, keskell\u00e4 oleva tuuletusaukko ja hieman joustava kangas. Takki on saatavana kahdessa trendikk\u00e4\u00e4ss\u00e4 v\u00e4riss\u00e4 ja kahdessa pituudessa (tavallinen ja pitk\u00e4).  Materiaali: 67% Kierr\u00e4tetty polyesteri, 28% viskoosi, 5% lycra\/elastane (315gm )  Hoito: 30\u00b0 konepesu, helppohoitoinen.  Kangas testattu Martindale-testij\u00e4rjestelm\u00e4ll\u00e4: &gt; 100 000 kulutusta kest\u00e4v\u00e4  High level of stretch: 14%  Koot (UK): 6-30.  6-30 \u2013 regular 8-18 \u2013 long Koon 12R pituus 60,5cm.","og_url":"https:\/\/simonjersey.eu\/fi\/tuote\/margot-naisten-bleiseri\/","og_site_name":"Simon Jersey Suomi","article_modified_time":"2026-02-17T10:09:18+00:00","og_image":[{"width":700,"height":1050,"url":"https:\/\/simonjersey.eu\/fi\/wp-content\/uploads\/sites\/3\/2024\/09\/Margo-Jacket-Sand-Austin-Skirt-Navy-700-x-1050.jpg","type":"image\/jpeg"}],"twitter_card":"summary_large_image","twitter_misc":{"Arvioitu lukuaika":"1 minuutti"},"schema":{"@context":"https:\/\/schema.org","@graph":[{"@type":"WebPage","@id":"https:\/\/simonjersey.eu\/fi\/tuote\/margot-naisten-bleiseri\/","url":"https:\/\/simonjersey.eu\/fi\/tuote\/margot-naisten-bleiseri\/","name":"\u201cMargot\u201d naisten bleiseri - Simon Jersey Suomi","isPartOf":{"@id":"https:\/\/simonjersey.eu\/fi\/#website"},"primaryImageOfPage":{"@id":"https:\/\/simonjersey.eu\/fi\/tuote\/margot-naisten-bleiseri\/#primaryimage"},"image":{"@id":"https:\/\/simonjersey.eu\/fi\/tuote\/margot-naisten-bleiseri\/#primaryimage"},"thumbnailUrl":"https:\/\/simonjersey.eu\/fi\/wp-content\/uploads\/sites\/3\/2024\/09\/Margo-Jacket-Sand-Austin-Skirt-Navy-700-x-1050.jpg","datePublished":"2024-09-13T11:22:17+00:00","dateModified":"2026-02-17T10:09:18+00:00","breadcrumb":{"@id":"https:\/\/simonjersey.eu\/fi\/tuote\/margot-naisten-bleiseri\/#breadcrumb"},"inLanguage":"fi","potentialAction":[{"@type":"ReadAction","target":["https:\/\/simonjersey.eu\/fi\/tuote\/margot-naisten-bleiseri\/"]}]},{"@type":"ImageObject","inLanguage":"fi","@id":"https:\/\/simonjersey.eu\/fi\/tuote\/margot-naisten-bleiseri\/#primaryimage","url":"https:\/\/simonjersey.eu\/fi\/wp-content\/uploads\/sites\/3\/2024\/09\/Margo-Jacket-Sand-Austin-Skirt-Navy-700-x-1050.jpg","contentUrl":"https:\/\/simonjersey.eu\/fi\/wp-content\/uploads\/sites\/3\/2024\/09\/Margo-Jacket-Sand-Austin-Skirt-Navy-700-x-1050.jpg","width":700,"height":1050},{"@type":"BreadcrumbList","@id":"https:\/\/simonjersey.eu\/fi\/tuote\/margot-naisten-bleiseri\/#breadcrumb","itemListElement":[{"@type":"ListItem","position":1,"name":"Home","item":"https:\/\/simonjersey.eu\/fi\/"},{"@type":"ListItem","position":2,"name":"Verkkokauppa","item":"https:\/\/simonjersey.eu\/fi\/kauppaan\/"},{"@type":"ListItem","position":3,"name":"\u201cMargot\u201d naisten bleiseri"}]},{"@type":"WebSite","@id":"https:\/\/simonjersey.eu\/fi\/#website","url":"https:\/\/simonjersey.eu\/fi\/","name":"Simon Jersey Suomi","description":"Tyylikk\u00e4\u00e4t ja kest\u00e4v\u00e4t  ammattiasut","potentialAction":[{"@type":"SearchAction","target":{"@type":"EntryPoint","urlTemplate":"https:\/\/simonjersey.eu\/fi\/?s={search_term_string}"},"query-input":{"@type":"PropertyValueSpecification","valueRequired":true,"valueName":"search_term_string"}}],"inLanguage":"fi"}]}},"_links":{"self":[{"href":"https:\/\/simonjersey.eu\/fi\/wp-json\/wp\/v2\/product\/8693","targetHints":{"allow":["GET"]}}],"collection":[{"href":"https:\/\/simonjersey.eu\/fi\/wp-json\/wp\/v2\/product"}],"about":[{"href":"https:\/\/simonjersey.eu\/fi\/wp-json\/wp\/v2\/types\/product"}],"wp:featuredmedia":[{"embeddable":true,"href":"https:\/\/simonjersey.eu\/fi\/wp-json\/wp\/v2\/media\/8700"}],"wp:attachment":[{"href":"https:\/\/simonjersey.eu\/fi\/wp-json\/wp\/v2\/media?parent=8693"}],"wp:term":[{"taxonomy":"product_brand","embeddable":true,"href":"https:\/\/simonjersey.eu\/fi\/wp-json\/wp\/v2\/product_brand?post=8693"},{"taxonomy":"product_cat","embeddable":true,"href":"https:\/\/simonjersey.eu\/fi\/wp-json\/wp\/v2\/product_cat?post=8693"},{"taxonomy":"product_tag","embeddable":true,"href":"https:\/\/simonjersey.eu\/fi\/wp-json\/wp\/v2\/product_tag?post=8693"}],"curies":[{"name":"wp","href":"https:\/\/api.w.org\/{rel}","templated":true}]}}