{"id":8721,"date":"2024-09-13T12:19:00","date_gmt":"2024-09-13T12:19:00","guid":{"rendered":"https:\/\/simonjersey.eu\/fi\/?post_type=product&#038;p=8721"},"modified":"2026-02-17T10:43:50","modified_gmt":"2026-02-17T10:43:50","slug":"naisten-housut-keskipitkalla-vyotarolla","status":"publish","type":"product","link":"https:\/\/simonjersey.eu\/fi\/tuote\/naisten-housut-keskipitkalla-vyotarolla\/","title":{"rendered":"Naisten housut keskipitk\u00e4ll\u00e4 vy\u00f6t\u00e4r\u00f6ll\u00e4"},"content":{"rendered":"","protected":false},"excerpt":{"rendered":"<p>Keskivy\u00f6t\u00e4r\u00f6iset tyylikk\u00e4\u00e4t housut uusissa Kerma- ja Denim-v\u00e4reiss\u00e4 ovat mukavat ja elegantit hyvin venyv\u00e4n kankaan ansiosta. Lis\u00e4arvona housujen vy\u00f6t\u00e4r\u00f6n takaosa on valmistettu joustavasta kuminauhasta, joka varmistaa hyv\u00e4n liikkuvuuden. Soveltuu huolto- ja toimistok\u00e4ytt\u00f6\u00f6n, kest\u00e4\u00e4 p\u00e4ivitt\u00e4ist\u00e4 ty\u00f6m\u00e4\u00e4r\u00e4\u00e4.<\/p>\n<p>Materiaali: 67% Kierr\u00e4tetty polyesteri, 28% viskoosi, 5% lycra\/elastane (315gm )<\/p>\n<p>Hoito: 30\u00b0 konepesu, helppohoitoinen.<\/p>\n<p>Kangas testattu Martindale-testij\u00e4rjestelm\u00e4ll\u00e4: &gt; 100 000 kulutusta kest\u00e4v\u00e4<\/p>\n<p>High level of stretch: 14%<\/p>\n<p>Koot (UK): 6-26.<\/p>\n<p>6-26 \u2013 regular<br \/>\n8-18 \u2013 long<br \/>\nKoon 12 Regular pituus 73cm.Long: 79cm.<\/p>\n<p>Housujen alaosan puolileveys koossa 12R-17,5 cm<\/p>\n","protected":false},"featured_media":10011,"template":"","meta":[],"product_brand":[],"product_cat":[422,41,53,64,75,18],"product_tag":[],"class_list":{"0":"post-8721","1":"product","2":"type-product","3":"status-publish","4":"has-post-thumbnail","6":"product_cat-naisten-housut-ja-chinot","7":"product_cat-ravintola-kahvila","8":"product_cat-housut-ravintola-kahvila","9":"product_cat-smart-casual-mallisto","10":"product_cat-business-toimisto","11":"product_cat-naisten-housut","13":"first","14":"instock","15":"taxable","16":"shipping-taxable","17":"purchasable","18":"product-type-variable","19":"has-default-attributes"},"yoast_head":"<!-- This site is optimized with the Yoast SEO plugin v27.2 - https:\/\/yoast.com\/product\/yoast-seo-wordpress\/ -->\n<title>Naisten housut keskipitk\u00e4ll\u00e4 vy\u00f6t\u00e4r\u00f6ll\u00e4 - Simon Jersey Suomi<\/title>\n<meta name=\"robots\" content=\"index, follow, max-snippet:-1, max-image-preview:large, max-video-preview:-1\" \/>\n<link rel=\"canonical\" href=\"https:\/\/simonjersey.eu\/fi\/tuote\/naisten-housut-keskipitkalla-vyotarolla\/\" \/>\n<meta property=\"og:locale\" content=\"fi_FI\" \/>\n<meta property=\"og:type\" content=\"article\" \/>\n<meta property=\"og:title\" content=\"Naisten housut keskipitk\u00e4ll\u00e4 vy\u00f6t\u00e4r\u00f6ll\u00e4 - Simon Jersey Suomi\" \/>\n<meta property=\"og:description\" content=\"Keskivy\u00f6t\u00e4r\u00f6iset tyylikk\u00e4\u00e4t housut uusissa Kerma- ja Denim-v\u00e4reiss\u00e4 ovat mukavat ja elegantit hyvin venyv\u00e4n kankaan ansiosta. Lis\u00e4arvona housujen vy\u00f6t\u00e4r\u00f6n takaosa on valmistettu joustavasta kuminauhasta, joka varmistaa hyv\u00e4n liikkuvuuden. Soveltuu huolto- ja toimistok\u00e4ytt\u00f6\u00f6n, kest\u00e4\u00e4 p\u00e4ivitt\u00e4ist\u00e4 ty\u00f6m\u00e4\u00e4r\u00e4\u00e4.  Materiaali: 67% Kierr\u00e4tetty polyesteri, 28% viskoosi, 5% lycra\/elastane (315gm )  Hoito: 30\u00b0 konepesu, helppohoitoinen.  Kangas testattu Martindale-testij\u00e4rjestelm\u00e4ll\u00e4: &gt; 100 000 kulutusta kest\u00e4v\u00e4  High level of stretch: 14%  Koot (UK): 6-26.  6-26 \u2013 regular 8-18 \u2013 long Koon 12 Regular pituus 73cm.Long: 79cm.  Housujen alaosan puolileveys koossa 12R-17,5 cm\" \/>\n<meta property=\"og:url\" content=\"https:\/\/simonjersey.eu\/fi\/tuote\/naisten-housut-keskipitkalla-vyotarolla\/\" \/>\n<meta property=\"og:site_name\" content=\"Simon Jersey Suomi\" \/>\n<meta property=\"article:modified_time\" content=\"2026-02-17T10:43:50+00:00\" \/>\n<meta property=\"og:image\" content=\"https:\/\/simonjersey.eu\/fi\/wp-content\/uploads\/sites\/3\/2024\/09\/Como-Sky-Blue-Eleanor-Grey-Melange-700-x-1051.jpg\" \/>\n\t<meta property=\"og:image:width\" content=\"700\" \/>\n\t<meta property=\"og:image:height\" content=\"1051\" \/>\n\t<meta property=\"og:image:type\" content=\"image\/jpeg\" \/>\n<meta name=\"twitter:card\" content=\"summary_large_image\" \/>\n<meta name=\"twitter:label1\" content=\"Arvioitu lukuaika\" \/>\n\t<meta name=\"twitter:data1\" content=\"1 minuutti\" \/>\n<script type=\"application\/ld+json\" class=\"yoast-schema-graph\">{\"@context\":\"https:\/\/schema.org\",\"@graph\":[{\"@type\":\"WebPage\",\"@id\":\"https:\/\/simonjersey.eu\/fi\/tuote\/naisten-housut-keskipitkalla-vyotarolla\/\",\"url\":\"https:\/\/simonjersey.eu\/fi\/tuote\/naisten-housut-keskipitkalla-vyotarolla\/\",\"name\":\"Naisten housut keskipitk\u00e4ll\u00e4 vy\u00f6t\u00e4r\u00f6ll\u00e4 - Simon Jersey Suomi\",\"isPartOf\":{\"@id\":\"https:\/\/simonjersey.eu\/fi\/#website\"},\"primaryImageOfPage\":{\"@id\":\"https:\/\/simonjersey.eu\/fi\/tuote\/naisten-housut-keskipitkalla-vyotarolla\/#primaryimage\"},\"image\":{\"@id\":\"https:\/\/simonjersey.eu\/fi\/tuote\/naisten-housut-keskipitkalla-vyotarolla\/#primaryimage\"},\"thumbnailUrl\":\"https:\/\/simonjersey.eu\/fi\/wp-content\/uploads\/sites\/3\/2024\/09\/Como-Sky-Blue-Eleanor-Grey-Melange-700-x-1051.jpg\",\"datePublished\":\"2024-09-13T12:19:00+00:00\",\"dateModified\":\"2026-02-17T10:43:50+00:00\",\"breadcrumb\":{\"@id\":\"https:\/\/simonjersey.eu\/fi\/tuote\/naisten-housut-keskipitkalla-vyotarolla\/#breadcrumb\"},\"inLanguage\":\"fi\",\"potentialAction\":[{\"@type\":\"ReadAction\",\"target\":[\"https:\/\/simonjersey.eu\/fi\/tuote\/naisten-housut-keskipitkalla-vyotarolla\/\"]}]},{\"@type\":\"ImageObject\",\"inLanguage\":\"fi\",\"@id\":\"https:\/\/simonjersey.eu\/fi\/tuote\/naisten-housut-keskipitkalla-vyotarolla\/#primaryimage\",\"url\":\"https:\/\/simonjersey.eu\/fi\/wp-content\/uploads\/sites\/3\/2024\/09\/Como-Sky-Blue-Eleanor-Grey-Melange-700-x-1051.jpg\",\"contentUrl\":\"https:\/\/simonjersey.eu\/fi\/wp-content\/uploads\/sites\/3\/2024\/09\/Como-Sky-Blue-Eleanor-Grey-Melange-700-x-1051.jpg\",\"width\":700,\"height\":1051},{\"@type\":\"BreadcrumbList\",\"@id\":\"https:\/\/simonjersey.eu\/fi\/tuote\/naisten-housut-keskipitkalla-vyotarolla\/#breadcrumb\",\"itemListElement\":[{\"@type\":\"ListItem\",\"position\":1,\"name\":\"Home\",\"item\":\"https:\/\/simonjersey.eu\/fi\/\"},{\"@type\":\"ListItem\",\"position\":2,\"name\":\"Verkkokauppa\",\"item\":\"https:\/\/simonjersey.eu\/fi\/kauppaan\/\"},{\"@type\":\"ListItem\",\"position\":3,\"name\":\"Naisten housut keskipitk\u00e4ll\u00e4 vy\u00f6t\u00e4r\u00f6ll\u00e4\"}]},{\"@type\":\"WebSite\",\"@id\":\"https:\/\/simonjersey.eu\/fi\/#website\",\"url\":\"https:\/\/simonjersey.eu\/fi\/\",\"name\":\"Simon Jersey Suomi\",\"description\":\"Tyylikk\u00e4\u00e4t ja kest\u00e4v\u00e4t  ammattiasut\",\"potentialAction\":[{\"@type\":\"SearchAction\",\"target\":{\"@type\":\"EntryPoint\",\"urlTemplate\":\"https:\/\/simonjersey.eu\/fi\/?s={search_term_string}\"},\"query-input\":{\"@type\":\"PropertyValueSpecification\",\"valueRequired\":true,\"valueName\":\"search_term_string\"}}],\"inLanguage\":\"fi\"}]}<\/script>\n<!-- \/ Yoast SEO plugin. -->","yoast_head_json":{"title":"Naisten housut keskipitk\u00e4ll\u00e4 vy\u00f6t\u00e4r\u00f6ll\u00e4 - Simon Jersey Suomi","robots":{"index":"index","follow":"follow","max-snippet":"max-snippet:-1","max-image-preview":"max-image-preview:large","max-video-preview":"max-video-preview:-1"},"canonical":"https:\/\/simonjersey.eu\/fi\/tuote\/naisten-housut-keskipitkalla-vyotarolla\/","og_locale":"fi_FI","og_type":"article","og_title":"Naisten housut keskipitk\u00e4ll\u00e4 vy\u00f6t\u00e4r\u00f6ll\u00e4 - Simon Jersey Suomi","og_description":"Keskivy\u00f6t\u00e4r\u00f6iset tyylikk\u00e4\u00e4t housut uusissa Kerma- ja Denim-v\u00e4reiss\u00e4 ovat mukavat ja elegantit hyvin venyv\u00e4n kankaan ansiosta. Lis\u00e4arvona housujen vy\u00f6t\u00e4r\u00f6n takaosa on valmistettu joustavasta kuminauhasta, joka varmistaa hyv\u00e4n liikkuvuuden. Soveltuu huolto- ja toimistok\u00e4ytt\u00f6\u00f6n, kest\u00e4\u00e4 p\u00e4ivitt\u00e4ist\u00e4 ty\u00f6m\u00e4\u00e4r\u00e4\u00e4.  Materiaali: 67% Kierr\u00e4tetty polyesteri, 28% viskoosi, 5% lycra\/elastane (315gm )  Hoito: 30\u00b0 konepesu, helppohoitoinen.  Kangas testattu Martindale-testij\u00e4rjestelm\u00e4ll\u00e4: &gt; 100 000 kulutusta kest\u00e4v\u00e4  High level of stretch: 14%  Koot (UK): 6-26.  6-26 \u2013 regular 8-18 \u2013 long Koon 12 Regular pituus 73cm.Long: 79cm.  Housujen alaosan puolileveys koossa 12R-17,5 cm","og_url":"https:\/\/simonjersey.eu\/fi\/tuote\/naisten-housut-keskipitkalla-vyotarolla\/","og_site_name":"Simon Jersey Suomi","article_modified_time":"2026-02-17T10:43:50+00:00","og_image":[{"width":700,"height":1051,"url":"https:\/\/simonjersey.eu\/fi\/wp-content\/uploads\/sites\/3\/2024\/09\/Como-Sky-Blue-Eleanor-Grey-Melange-700-x-1051.jpg","type":"image\/jpeg"}],"twitter_card":"summary_large_image","twitter_misc":{"Arvioitu lukuaika":"1 minuutti"},"schema":{"@context":"https:\/\/schema.org","@graph":[{"@type":"WebPage","@id":"https:\/\/simonjersey.eu\/fi\/tuote\/naisten-housut-keskipitkalla-vyotarolla\/","url":"https:\/\/simonjersey.eu\/fi\/tuote\/naisten-housut-keskipitkalla-vyotarolla\/","name":"Naisten housut keskipitk\u00e4ll\u00e4 vy\u00f6t\u00e4r\u00f6ll\u00e4 - Simon Jersey Suomi","isPartOf":{"@id":"https:\/\/simonjersey.eu\/fi\/#website"},"primaryImageOfPage":{"@id":"https:\/\/simonjersey.eu\/fi\/tuote\/naisten-housut-keskipitkalla-vyotarolla\/#primaryimage"},"image":{"@id":"https:\/\/simonjersey.eu\/fi\/tuote\/naisten-housut-keskipitkalla-vyotarolla\/#primaryimage"},"thumbnailUrl":"https:\/\/simonjersey.eu\/fi\/wp-content\/uploads\/sites\/3\/2024\/09\/Como-Sky-Blue-Eleanor-Grey-Melange-700-x-1051.jpg","datePublished":"2024-09-13T12:19:00+00:00","dateModified":"2026-02-17T10:43:50+00:00","breadcrumb":{"@id":"https:\/\/simonjersey.eu\/fi\/tuote\/naisten-housut-keskipitkalla-vyotarolla\/#breadcrumb"},"inLanguage":"fi","potentialAction":[{"@type":"ReadAction","target":["https:\/\/simonjersey.eu\/fi\/tuote\/naisten-housut-keskipitkalla-vyotarolla\/"]}]},{"@type":"ImageObject","inLanguage":"fi","@id":"https:\/\/simonjersey.eu\/fi\/tuote\/naisten-housut-keskipitkalla-vyotarolla\/#primaryimage","url":"https:\/\/simonjersey.eu\/fi\/wp-content\/uploads\/sites\/3\/2024\/09\/Como-Sky-Blue-Eleanor-Grey-Melange-700-x-1051.jpg","contentUrl":"https:\/\/simonjersey.eu\/fi\/wp-content\/uploads\/sites\/3\/2024\/09\/Como-Sky-Blue-Eleanor-Grey-Melange-700-x-1051.jpg","width":700,"height":1051},{"@type":"BreadcrumbList","@id":"https:\/\/simonjersey.eu\/fi\/tuote\/naisten-housut-keskipitkalla-vyotarolla\/#breadcrumb","itemListElement":[{"@type":"ListItem","position":1,"name":"Home","item":"https:\/\/simonjersey.eu\/fi\/"},{"@type":"ListItem","position":2,"name":"Verkkokauppa","item":"https:\/\/simonjersey.eu\/fi\/kauppaan\/"},{"@type":"ListItem","position":3,"name":"Naisten housut keskipitk\u00e4ll\u00e4 vy\u00f6t\u00e4r\u00f6ll\u00e4"}]},{"@type":"WebSite","@id":"https:\/\/simonjersey.eu\/fi\/#website","url":"https:\/\/simonjersey.eu\/fi\/","name":"Simon Jersey Suomi","description":"Tyylikk\u00e4\u00e4t ja kest\u00e4v\u00e4t  ammattiasut","potentialAction":[{"@type":"SearchAction","target":{"@type":"EntryPoint","urlTemplate":"https:\/\/simonjersey.eu\/fi\/?s={search_term_string}"},"query-input":{"@type":"PropertyValueSpecification","valueRequired":true,"valueName":"search_term_string"}}],"inLanguage":"fi"}]}},"_links":{"self":[{"href":"https:\/\/simonjersey.eu\/fi\/wp-json\/wp\/v2\/product\/8721","targetHints":{"allow":["GET"]}}],"collection":[{"href":"https:\/\/simonjersey.eu\/fi\/wp-json\/wp\/v2\/product"}],"about":[{"href":"https:\/\/simonjersey.eu\/fi\/wp-json\/wp\/v2\/types\/product"}],"wp:featuredmedia":[{"embeddable":true,"href":"https:\/\/simonjersey.eu\/fi\/wp-json\/wp\/v2\/media\/10011"}],"wp:attachment":[{"href":"https:\/\/simonjersey.eu\/fi\/wp-json\/wp\/v2\/media?parent=8721"}],"wp:term":[{"taxonomy":"product_brand","embeddable":true,"href":"https:\/\/simonjersey.eu\/fi\/wp-json\/wp\/v2\/product_brand?post=8721"},{"taxonomy":"product_cat","embeddable":true,"href":"https:\/\/simonjersey.eu\/fi\/wp-json\/wp\/v2\/product_cat?post=8721"},{"taxonomy":"product_tag","embeddable":true,"href":"https:\/\/simonjersey.eu\/fi\/wp-json\/wp\/v2\/product_tag?post=8721"}],"curies":[{"name":"wp","href":"https:\/\/api.w.org\/{rel}","templated":true}]}}