{"id":8765,"date":"2024-09-13T13:13:16","date_gmt":"2024-09-13T13:13:16","guid":{"rendered":"https:\/\/simonjersey.eu\/fi\/?post_type=product&#038;p=8765"},"modified":"2026-02-17T10:20:00","modified_gmt":"2026-02-17T10:20:00","slug":"harriet-hame","status":"publish","type":"product","link":"https:\/\/simonjersey.eu\/fi\/tuote\/harriet-hame\/","title":{"rendered":"Harriet hame"},"content":{"rendered":"","protected":false},"excerpt":{"rendered":"<p>Yrityksille, jotka haluavat erottua ja tarjota ty\u00f6ntekij\u00f6illeen tyylikk\u00e4\u00e4n ja trendikk\u00e4\u00e4n ilmeen, meill\u00e4 on uusi vaihtoehto. Kokeile innovatiivisia Denim- ja Sand-v\u00e4riyhdistelmi\u00e4 luodaksesi ainutlaatuisen ja tyylikk\u00e4\u00e4n ilmeen. T\u00e4m\u00e4n sarjan univormut ovat ihanteellisia ty\u00f6skentelyyn pankissa, liikerakennuksessa, hotellissa ja moniin muihin palvelualan teht\u00e4viin.<\/p>\n<p>Hame on kest\u00e4v\u00e4\u00e4 ja mukavaa, hieman joustavaa kangasta. Ihanteellinen valinta mihin tahansa aktiiviseen rooliin vaativilla yritysmarkkinoilla. Soveltuu huolto- ja toimistok\u00e4ytt\u00f6\u00f6n, kest\u00e4\u00e4 p\u00e4ivitt\u00e4ist\u00e4 ty\u00f6m\u00e4\u00e4r\u00e4\u00e4.<\/p>\n<p>Suoramallinen hame, takana halkio, vuorattu. Hame on saatavana kahdessa trendikk\u00e4\u00e4ss\u00e4 v\u00e4riss\u00e4 ja kahdessa pituudessa (tavallinen ja pitk\u00e4).<\/p>\n<p>Materiaali: 67 % kierr\u00e4tetty\u00e4 polyesteri\u00e4, 28 % viskoosia, 5 % lycraa\/elastista (315 g)<\/p>\n<p>Hoito: 30\u00b0 konepesu, helppohoitoinen.<\/p>\n<p>Martindale-testij\u00e4rjestelm\u00e4ll\u00e4 testattu kangas: &gt; 90 000 rubs. kulutusta kest\u00e4v\u00e4<\/p>\n<p>Koot (UK): 6-26.<\/p>\n<p>6-26 &#8211; normaali &#8211; 56 cm<\/p>\n<p>8-18 &#8211; pituus -63,5cm<\/p>\n","protected":false},"featured_media":8774,"template":"","meta":[],"product_brand":[],"product_cat":[41,52,68,64,75,19],"product_tag":[],"class_list":{"0":"post-8765","1":"product","2":"type-product","3":"status-publish","4":"has-post-thumbnail","6":"product_cat-ravintola-kahvila","7":"product_cat-hamet-ja-mekot-ravintola-kahvila","8":"product_cat-pukujen-mallistot-hotelli-ja-palveluammatit","9":"product_cat-smart-casual-mallisto","10":"product_cat-business-toimisto","11":"product_cat-hamet-ja-mekot","13":"first","14":"instock","15":"taxable","16":"shipping-taxable","17":"purchasable","18":"product-type-variable","19":"has-default-attributes"},"yoast_head":"<!-- This site is optimized with the Yoast SEO plugin v27.2 - https:\/\/yoast.com\/product\/yoast-seo-wordpress\/ -->\n<title>Harriet hame - Simon Jersey Suomi<\/title>\n<meta name=\"robots\" content=\"index, follow, max-snippet:-1, max-image-preview:large, max-video-preview:-1\" \/>\n<link rel=\"canonical\" href=\"https:\/\/simonjersey.eu\/fi\/tuote\/harriet-hame\/\" \/>\n<meta property=\"og:locale\" content=\"fi_FI\" \/>\n<meta property=\"og:type\" content=\"article\" \/>\n<meta property=\"og:title\" content=\"Harriet hame - Simon Jersey Suomi\" \/>\n<meta property=\"og:description\" content=\"Yrityksille, jotka haluavat erottua ja tarjota ty\u00f6ntekij\u00f6illeen tyylikk\u00e4\u00e4n ja trendikk\u00e4\u00e4n ilmeen, meill\u00e4 on uusi vaihtoehto. Kokeile innovatiivisia Denim- ja Sand-v\u00e4riyhdistelmi\u00e4 luodaksesi ainutlaatuisen ja tyylikk\u00e4\u00e4n ilmeen. T\u00e4m\u00e4n sarjan univormut ovat ihanteellisia ty\u00f6skentelyyn pankissa, liikerakennuksessa, hotellissa ja moniin muihin palvelualan teht\u00e4viin.  Hame on kest\u00e4v\u00e4\u00e4 ja mukavaa, hieman joustavaa kangasta. Ihanteellinen valinta mihin tahansa aktiiviseen rooliin vaativilla yritysmarkkinoilla. Soveltuu huolto- ja toimistok\u00e4ytt\u00f6\u00f6n, kest\u00e4\u00e4 p\u00e4ivitt\u00e4ist\u00e4 ty\u00f6m\u00e4\u00e4r\u00e4\u00e4.  Suoramallinen hame, takana halkio, vuorattu. Hame on saatavana kahdessa trendikk\u00e4\u00e4ss\u00e4 v\u00e4riss\u00e4 ja kahdessa pituudessa (tavallinen ja pitk\u00e4).  Materiaali: 67 % kierr\u00e4tetty\u00e4 polyesteri\u00e4, 28 % viskoosia, 5 % lycraa\/elastista (315 g)  Hoito: 30\u00b0 konepesu, helppohoitoinen.  Martindale-testij\u00e4rjestelm\u00e4ll\u00e4 testattu kangas: &gt; 90 000 rubs. kulutusta kest\u00e4v\u00e4  Koot (UK): 6-26.  6-26 - normaali - 56 cm  8-18 - pituus -63,5cm\" \/>\n<meta property=\"og:url\" content=\"https:\/\/simonjersey.eu\/fi\/tuote\/harriet-hame\/\" \/>\n<meta property=\"og:site_name\" content=\"Simon Jersey Suomi\" \/>\n<meta property=\"article:modified_time\" content=\"2026-02-17T10:20:00+00:00\" \/>\n<meta property=\"og:image\" content=\"https:\/\/simonjersey.eu\/fi\/wp-content\/uploads\/sites\/3\/2024\/09\/Harriet-Skirt-Sand-700-x-1050.jpg\" \/>\n\t<meta property=\"og:image:width\" content=\"700\" \/>\n\t<meta property=\"og:image:height\" content=\"1050\" \/>\n\t<meta property=\"og:image:type\" content=\"image\/jpeg\" \/>\n<meta name=\"twitter:card\" content=\"summary_large_image\" \/>\n<meta name=\"twitter:label1\" content=\"Arvioitu lukuaika\" \/>\n\t<meta name=\"twitter:data1\" content=\"1 minuutti\" \/>\n<script type=\"application\/ld+json\" class=\"yoast-schema-graph\">{\"@context\":\"https:\/\/schema.org\",\"@graph\":[{\"@type\":\"WebPage\",\"@id\":\"https:\/\/simonjersey.eu\/fi\/tuote\/harriet-hame\/\",\"url\":\"https:\/\/simonjersey.eu\/fi\/tuote\/harriet-hame\/\",\"name\":\"Harriet hame - Simon Jersey Suomi\",\"isPartOf\":{\"@id\":\"https:\/\/simonjersey.eu\/fi\/#website\"},\"primaryImageOfPage\":{\"@id\":\"https:\/\/simonjersey.eu\/fi\/tuote\/harriet-hame\/#primaryimage\"},\"image\":{\"@id\":\"https:\/\/simonjersey.eu\/fi\/tuote\/harriet-hame\/#primaryimage\"},\"thumbnailUrl\":\"https:\/\/simonjersey.eu\/fi\/wp-content\/uploads\/sites\/3\/2024\/09\/Harriet-Skirt-Sand-700-x-1050.jpg\",\"datePublished\":\"2024-09-13T13:13:16+00:00\",\"dateModified\":\"2026-02-17T10:20:00+00:00\",\"breadcrumb\":{\"@id\":\"https:\/\/simonjersey.eu\/fi\/tuote\/harriet-hame\/#breadcrumb\"},\"inLanguage\":\"fi\",\"potentialAction\":[{\"@type\":\"ReadAction\",\"target\":[\"https:\/\/simonjersey.eu\/fi\/tuote\/harriet-hame\/\"]}]},{\"@type\":\"ImageObject\",\"inLanguage\":\"fi\",\"@id\":\"https:\/\/simonjersey.eu\/fi\/tuote\/harriet-hame\/#primaryimage\",\"url\":\"https:\/\/simonjersey.eu\/fi\/wp-content\/uploads\/sites\/3\/2024\/09\/Harriet-Skirt-Sand-700-x-1050.jpg\",\"contentUrl\":\"https:\/\/simonjersey.eu\/fi\/wp-content\/uploads\/sites\/3\/2024\/09\/Harriet-Skirt-Sand-700-x-1050.jpg\",\"width\":700,\"height\":1050},{\"@type\":\"BreadcrumbList\",\"@id\":\"https:\/\/simonjersey.eu\/fi\/tuote\/harriet-hame\/#breadcrumb\",\"itemListElement\":[{\"@type\":\"ListItem\",\"position\":1,\"name\":\"Home\",\"item\":\"https:\/\/simonjersey.eu\/fi\/\"},{\"@type\":\"ListItem\",\"position\":2,\"name\":\"Verkkokauppa\",\"item\":\"https:\/\/simonjersey.eu\/fi\/kauppaan\/\"},{\"@type\":\"ListItem\",\"position\":3,\"name\":\"Harriet hame\"}]},{\"@type\":\"WebSite\",\"@id\":\"https:\/\/simonjersey.eu\/fi\/#website\",\"url\":\"https:\/\/simonjersey.eu\/fi\/\",\"name\":\"Simon Jersey Suomi\",\"description\":\"Tyylikk\u00e4\u00e4t ja kest\u00e4v\u00e4t  ammattiasut\",\"potentialAction\":[{\"@type\":\"SearchAction\",\"target\":{\"@type\":\"EntryPoint\",\"urlTemplate\":\"https:\/\/simonjersey.eu\/fi\/?s={search_term_string}\"},\"query-input\":{\"@type\":\"PropertyValueSpecification\",\"valueRequired\":true,\"valueName\":\"search_term_string\"}}],\"inLanguage\":\"fi\"}]}<\/script>\n<!-- \/ Yoast SEO plugin. -->","yoast_head_json":{"title":"Harriet hame - Simon Jersey Suomi","robots":{"index":"index","follow":"follow","max-snippet":"max-snippet:-1","max-image-preview":"max-image-preview:large","max-video-preview":"max-video-preview:-1"},"canonical":"https:\/\/simonjersey.eu\/fi\/tuote\/harriet-hame\/","og_locale":"fi_FI","og_type":"article","og_title":"Harriet hame - Simon Jersey Suomi","og_description":"Yrityksille, jotka haluavat erottua ja tarjota ty\u00f6ntekij\u00f6illeen tyylikk\u00e4\u00e4n ja trendikk\u00e4\u00e4n ilmeen, meill\u00e4 on uusi vaihtoehto. Kokeile innovatiivisia Denim- ja Sand-v\u00e4riyhdistelmi\u00e4 luodaksesi ainutlaatuisen ja tyylikk\u00e4\u00e4n ilmeen. T\u00e4m\u00e4n sarjan univormut ovat ihanteellisia ty\u00f6skentelyyn pankissa, liikerakennuksessa, hotellissa ja moniin muihin palvelualan teht\u00e4viin.  Hame on kest\u00e4v\u00e4\u00e4 ja mukavaa, hieman joustavaa kangasta. Ihanteellinen valinta mihin tahansa aktiiviseen rooliin vaativilla yritysmarkkinoilla. Soveltuu huolto- ja toimistok\u00e4ytt\u00f6\u00f6n, kest\u00e4\u00e4 p\u00e4ivitt\u00e4ist\u00e4 ty\u00f6m\u00e4\u00e4r\u00e4\u00e4.  Suoramallinen hame, takana halkio, vuorattu. Hame on saatavana kahdessa trendikk\u00e4\u00e4ss\u00e4 v\u00e4riss\u00e4 ja kahdessa pituudessa (tavallinen ja pitk\u00e4).  Materiaali: 67 % kierr\u00e4tetty\u00e4 polyesteri\u00e4, 28 % viskoosia, 5 % lycraa\/elastista (315 g)  Hoito: 30\u00b0 konepesu, helppohoitoinen.  Martindale-testij\u00e4rjestelm\u00e4ll\u00e4 testattu kangas: &gt; 90 000 rubs. kulutusta kest\u00e4v\u00e4  Koot (UK): 6-26.  6-26 - normaali - 56 cm  8-18 - pituus -63,5cm","og_url":"https:\/\/simonjersey.eu\/fi\/tuote\/harriet-hame\/","og_site_name":"Simon Jersey Suomi","article_modified_time":"2026-02-17T10:20:00+00:00","og_image":[{"width":700,"height":1050,"url":"https:\/\/simonjersey.eu\/fi\/wp-content\/uploads\/sites\/3\/2024\/09\/Harriet-Skirt-Sand-700-x-1050.jpg","type":"image\/jpeg"}],"twitter_card":"summary_large_image","twitter_misc":{"Arvioitu lukuaika":"1 minuutti"},"schema":{"@context":"https:\/\/schema.org","@graph":[{"@type":"WebPage","@id":"https:\/\/simonjersey.eu\/fi\/tuote\/harriet-hame\/","url":"https:\/\/simonjersey.eu\/fi\/tuote\/harriet-hame\/","name":"Harriet hame - Simon Jersey Suomi","isPartOf":{"@id":"https:\/\/simonjersey.eu\/fi\/#website"},"primaryImageOfPage":{"@id":"https:\/\/simonjersey.eu\/fi\/tuote\/harriet-hame\/#primaryimage"},"image":{"@id":"https:\/\/simonjersey.eu\/fi\/tuote\/harriet-hame\/#primaryimage"},"thumbnailUrl":"https:\/\/simonjersey.eu\/fi\/wp-content\/uploads\/sites\/3\/2024\/09\/Harriet-Skirt-Sand-700-x-1050.jpg","datePublished":"2024-09-13T13:13:16+00:00","dateModified":"2026-02-17T10:20:00+00:00","breadcrumb":{"@id":"https:\/\/simonjersey.eu\/fi\/tuote\/harriet-hame\/#breadcrumb"},"inLanguage":"fi","potentialAction":[{"@type":"ReadAction","target":["https:\/\/simonjersey.eu\/fi\/tuote\/harriet-hame\/"]}]},{"@type":"ImageObject","inLanguage":"fi","@id":"https:\/\/simonjersey.eu\/fi\/tuote\/harriet-hame\/#primaryimage","url":"https:\/\/simonjersey.eu\/fi\/wp-content\/uploads\/sites\/3\/2024\/09\/Harriet-Skirt-Sand-700-x-1050.jpg","contentUrl":"https:\/\/simonjersey.eu\/fi\/wp-content\/uploads\/sites\/3\/2024\/09\/Harriet-Skirt-Sand-700-x-1050.jpg","width":700,"height":1050},{"@type":"BreadcrumbList","@id":"https:\/\/simonjersey.eu\/fi\/tuote\/harriet-hame\/#breadcrumb","itemListElement":[{"@type":"ListItem","position":1,"name":"Home","item":"https:\/\/simonjersey.eu\/fi\/"},{"@type":"ListItem","position":2,"name":"Verkkokauppa","item":"https:\/\/simonjersey.eu\/fi\/kauppaan\/"},{"@type":"ListItem","position":3,"name":"Harriet hame"}]},{"@type":"WebSite","@id":"https:\/\/simonjersey.eu\/fi\/#website","url":"https:\/\/simonjersey.eu\/fi\/","name":"Simon Jersey Suomi","description":"Tyylikk\u00e4\u00e4t ja kest\u00e4v\u00e4t  ammattiasut","potentialAction":[{"@type":"SearchAction","target":{"@type":"EntryPoint","urlTemplate":"https:\/\/simonjersey.eu\/fi\/?s={search_term_string}"},"query-input":{"@type":"PropertyValueSpecification","valueRequired":true,"valueName":"search_term_string"}}],"inLanguage":"fi"}]}},"_links":{"self":[{"href":"https:\/\/simonjersey.eu\/fi\/wp-json\/wp\/v2\/product\/8765","targetHints":{"allow":["GET"]}}],"collection":[{"href":"https:\/\/simonjersey.eu\/fi\/wp-json\/wp\/v2\/product"}],"about":[{"href":"https:\/\/simonjersey.eu\/fi\/wp-json\/wp\/v2\/types\/product"}],"wp:featuredmedia":[{"embeddable":true,"href":"https:\/\/simonjersey.eu\/fi\/wp-json\/wp\/v2\/media\/8774"}],"wp:attachment":[{"href":"https:\/\/simonjersey.eu\/fi\/wp-json\/wp\/v2\/media?parent=8765"}],"wp:term":[{"taxonomy":"product_brand","embeddable":true,"href":"https:\/\/simonjersey.eu\/fi\/wp-json\/wp\/v2\/product_brand?post=8765"},{"taxonomy":"product_cat","embeddable":true,"href":"https:\/\/simonjersey.eu\/fi\/wp-json\/wp\/v2\/product_cat?post=8765"},{"taxonomy":"product_tag","embeddable":true,"href":"https:\/\/simonjersey.eu\/fi\/wp-json\/wp\/v2\/product_tag?post=8765"}],"curies":[{"name":"wp","href":"https:\/\/api.w.org\/{rel}","templated":true}]}}