{"id":8895,"date":"2024-11-08T10:39:30","date_gmt":"2024-11-08T10:39:30","guid":{"rendered":"https:\/\/simonjersey.eu\/fi\/?post_type=product&#038;p=8895"},"modified":"2024-11-08T10:44:38","modified_gmt":"2024-11-08T10:44:38","slug":"naisten-villapaita-poolokaulus","status":"publish","type":"product","link":"https:\/\/simonjersey.eu\/fi\/tuote\/naisten-villapaita-poolokaulus\/","title":{"rendered":"Naisten villapaita poolokaulus"},"content":{"rendered":"","protected":false},"excerpt":{"rendered":"<p>L\u00e4mmin, mukava ja tyylik\u00e4s puolip\u00e4\u00e4ntiepusero on smart casual -vaihtoehto takille. Sopii sek\u00e4 ty\u00f6- ett\u00e4 vapaa-aikaan.<\/p>\n<p>Resori kaula, muotoiltu vartaloon, kontrastiv\u00e4rinen sis\u00e4p\u00e4\u00e4ntie.<\/p>\n<p>Materiaali: 60 % puuvillaa, 40 % akryylia.<\/p>\n<p>Hoito: konepesu 40\u00b0, matala linkous.<\/p>\n<p>Koot: XS-3XL.(UK koot)<\/p>\n<p>XS (4\/6)<br \/>\nS (8)<br \/>\nM (10\/12)<br \/>\nL (14)<br \/>\nXL (16\/18)<br \/>\n2XL (20)<br \/>\n3XL (22\/24)<\/p>\n","protected":false},"featured_media":8900,"template":"","meta":[],"product_brand":[],"product_cat":[41,50,61,77,23],"product_tag":[],"class_list":{"0":"post-8895","1":"product","2":"type-product","3":"status-publish","4":"has-post-thumbnail","6":"product_cat-ravintola-kahvila","7":"product_cat-liivit-ja-neuleet","8":"product_cat-liivit-ja-neuleet-hotelli-ja-palveluammatit","9":"product_cat-fleecet-hupparit-neuleet","10":"product_cat-fleecet-liivit-neuleet","12":"first","13":"instock","14":"taxable","15":"shipping-taxable","16":"purchasable","17":"product-type-variable","18":"has-default-attributes"},"yoast_head":"<!-- This site is optimized with the Yoast SEO plugin v27.2 - https:\/\/yoast.com\/product\/yoast-seo-wordpress\/ -->\n<title>Naisten villapaita poolokaulus - Simon Jersey Suomi<\/title>\n<meta name=\"robots\" content=\"index, follow, max-snippet:-1, max-image-preview:large, max-video-preview:-1\" \/>\n<link rel=\"canonical\" href=\"https:\/\/simonjersey.eu\/fi\/tuote\/naisten-villapaita-poolokaulus\/\" \/>\n<meta property=\"og:locale\" content=\"fi_FI\" \/>\n<meta property=\"og:type\" content=\"article\" \/>\n<meta property=\"og:title\" content=\"Naisten villapaita poolokaulus - Simon Jersey Suomi\" \/>\n<meta property=\"og:description\" content=\"L\u00e4mmin, mukava ja tyylik\u00e4s puolip\u00e4\u00e4ntiepusero on smart casual -vaihtoehto takille. Sopii sek\u00e4 ty\u00f6- ett\u00e4 vapaa-aikaan.  Resori kaula, muotoiltu vartaloon, kontrastiv\u00e4rinen sis\u00e4p\u00e4\u00e4ntie.  Materiaali: 60 % puuvillaa, 40 % akryylia.  Hoito: konepesu 40\u00b0, matala linkous.  Koot: XS-3XL.(UK koot)  XS (4\/6) S (8) M (10\/12) L (14) XL (16\/18) 2XL (20) 3XL (22\/24)\" \/>\n<meta property=\"og:url\" content=\"https:\/\/simonjersey.eu\/fi\/tuote\/naisten-villapaita-poolokaulus\/\" \/>\n<meta property=\"og:site_name\" content=\"Simon Jersey Suomi\" \/>\n<meta property=\"article:modified_time\" content=\"2024-11-08T10:44:38+00:00\" \/>\n<meta property=\"og:image\" content=\"https:\/\/simonjersey.eu\/fi\/wp-content\/uploads\/sites\/3\/2024\/11\/Golden-Turtleneck-Jumper-Navy-700-x-1050.jpg\" \/>\n\t<meta property=\"og:image:width\" content=\"700\" \/>\n\t<meta property=\"og:image:height\" content=\"1050\" \/>\n\t<meta property=\"og:image:type\" content=\"image\/jpeg\" \/>\n<meta name=\"twitter:card\" content=\"summary_large_image\" \/>\n<meta name=\"twitter:label1\" content=\"Arvioitu lukuaika\" \/>\n\t<meta name=\"twitter:data1\" content=\"1 minuutti\" \/>\n<script type=\"application\/ld+json\" class=\"yoast-schema-graph\">{\"@context\":\"https:\/\/schema.org\",\"@graph\":[{\"@type\":\"WebPage\",\"@id\":\"https:\/\/simonjersey.eu\/fi\/tuote\/naisten-villapaita-poolokaulus\/\",\"url\":\"https:\/\/simonjersey.eu\/fi\/tuote\/naisten-villapaita-poolokaulus\/\",\"name\":\"Naisten villapaita poolokaulus - Simon Jersey Suomi\",\"isPartOf\":{\"@id\":\"https:\/\/simonjersey.eu\/fi\/#website\"},\"primaryImageOfPage\":{\"@id\":\"https:\/\/simonjersey.eu\/fi\/tuote\/naisten-villapaita-poolokaulus\/#primaryimage\"},\"image\":{\"@id\":\"https:\/\/simonjersey.eu\/fi\/tuote\/naisten-villapaita-poolokaulus\/#primaryimage\"},\"thumbnailUrl\":\"https:\/\/simonjersey.eu\/fi\/wp-content\/uploads\/sites\/3\/2024\/11\/Golden-Turtleneck-Jumper-Navy-700-x-1050.jpg\",\"datePublished\":\"2024-11-08T10:39:30+00:00\",\"dateModified\":\"2024-11-08T10:44:38+00:00\",\"breadcrumb\":{\"@id\":\"https:\/\/simonjersey.eu\/fi\/tuote\/naisten-villapaita-poolokaulus\/#breadcrumb\"},\"inLanguage\":\"fi\",\"potentialAction\":[{\"@type\":\"ReadAction\",\"target\":[\"https:\/\/simonjersey.eu\/fi\/tuote\/naisten-villapaita-poolokaulus\/\"]}]},{\"@type\":\"ImageObject\",\"inLanguage\":\"fi\",\"@id\":\"https:\/\/simonjersey.eu\/fi\/tuote\/naisten-villapaita-poolokaulus\/#primaryimage\",\"url\":\"https:\/\/simonjersey.eu\/fi\/wp-content\/uploads\/sites\/3\/2024\/11\/Golden-Turtleneck-Jumper-Navy-700-x-1050.jpg\",\"contentUrl\":\"https:\/\/simonjersey.eu\/fi\/wp-content\/uploads\/sites\/3\/2024\/11\/Golden-Turtleneck-Jumper-Navy-700-x-1050.jpg\",\"width\":700,\"height\":1050},{\"@type\":\"BreadcrumbList\",\"@id\":\"https:\/\/simonjersey.eu\/fi\/tuote\/naisten-villapaita-poolokaulus\/#breadcrumb\",\"itemListElement\":[{\"@type\":\"ListItem\",\"position\":1,\"name\":\"Home\",\"item\":\"https:\/\/simonjersey.eu\/fi\/\"},{\"@type\":\"ListItem\",\"position\":2,\"name\":\"Verkkokauppa\",\"item\":\"https:\/\/simonjersey.eu\/fi\/kauppaan\/\"},{\"@type\":\"ListItem\",\"position\":3,\"name\":\"Naisten villapaita poolokaulus\"}]},{\"@type\":\"WebSite\",\"@id\":\"https:\/\/simonjersey.eu\/fi\/#website\",\"url\":\"https:\/\/simonjersey.eu\/fi\/\",\"name\":\"Simon Jersey Suomi\",\"description\":\"Tyylikk\u00e4\u00e4t ja kest\u00e4v\u00e4t  ammattiasut\",\"potentialAction\":[{\"@type\":\"SearchAction\",\"target\":{\"@type\":\"EntryPoint\",\"urlTemplate\":\"https:\/\/simonjersey.eu\/fi\/?s={search_term_string}\"},\"query-input\":{\"@type\":\"PropertyValueSpecification\",\"valueRequired\":true,\"valueName\":\"search_term_string\"}}],\"inLanguage\":\"fi\"}]}<\/script>\n<!-- \/ Yoast SEO plugin. -->","yoast_head_json":{"title":"Naisten villapaita poolokaulus - Simon Jersey Suomi","robots":{"index":"index","follow":"follow","max-snippet":"max-snippet:-1","max-image-preview":"max-image-preview:large","max-video-preview":"max-video-preview:-1"},"canonical":"https:\/\/simonjersey.eu\/fi\/tuote\/naisten-villapaita-poolokaulus\/","og_locale":"fi_FI","og_type":"article","og_title":"Naisten villapaita poolokaulus - Simon Jersey Suomi","og_description":"L\u00e4mmin, mukava ja tyylik\u00e4s puolip\u00e4\u00e4ntiepusero on smart casual -vaihtoehto takille. Sopii sek\u00e4 ty\u00f6- ett\u00e4 vapaa-aikaan.  Resori kaula, muotoiltu vartaloon, kontrastiv\u00e4rinen sis\u00e4p\u00e4\u00e4ntie.  Materiaali: 60 % puuvillaa, 40 % akryylia.  Hoito: konepesu 40\u00b0, matala linkous.  Koot: XS-3XL.(UK koot)  XS (4\/6) S (8) M (10\/12) L (14) XL (16\/18) 2XL (20) 3XL (22\/24)","og_url":"https:\/\/simonjersey.eu\/fi\/tuote\/naisten-villapaita-poolokaulus\/","og_site_name":"Simon Jersey Suomi","article_modified_time":"2024-11-08T10:44:38+00:00","og_image":[{"width":700,"height":1050,"url":"https:\/\/simonjersey.eu\/fi\/wp-content\/uploads\/sites\/3\/2024\/11\/Golden-Turtleneck-Jumper-Navy-700-x-1050.jpg","type":"image\/jpeg"}],"twitter_card":"summary_large_image","twitter_misc":{"Arvioitu lukuaika":"1 minuutti"},"schema":{"@context":"https:\/\/schema.org","@graph":[{"@type":"WebPage","@id":"https:\/\/simonjersey.eu\/fi\/tuote\/naisten-villapaita-poolokaulus\/","url":"https:\/\/simonjersey.eu\/fi\/tuote\/naisten-villapaita-poolokaulus\/","name":"Naisten villapaita poolokaulus - Simon Jersey Suomi","isPartOf":{"@id":"https:\/\/simonjersey.eu\/fi\/#website"},"primaryImageOfPage":{"@id":"https:\/\/simonjersey.eu\/fi\/tuote\/naisten-villapaita-poolokaulus\/#primaryimage"},"image":{"@id":"https:\/\/simonjersey.eu\/fi\/tuote\/naisten-villapaita-poolokaulus\/#primaryimage"},"thumbnailUrl":"https:\/\/simonjersey.eu\/fi\/wp-content\/uploads\/sites\/3\/2024\/11\/Golden-Turtleneck-Jumper-Navy-700-x-1050.jpg","datePublished":"2024-11-08T10:39:30+00:00","dateModified":"2024-11-08T10:44:38+00:00","breadcrumb":{"@id":"https:\/\/simonjersey.eu\/fi\/tuote\/naisten-villapaita-poolokaulus\/#breadcrumb"},"inLanguage":"fi","potentialAction":[{"@type":"ReadAction","target":["https:\/\/simonjersey.eu\/fi\/tuote\/naisten-villapaita-poolokaulus\/"]}]},{"@type":"ImageObject","inLanguage":"fi","@id":"https:\/\/simonjersey.eu\/fi\/tuote\/naisten-villapaita-poolokaulus\/#primaryimage","url":"https:\/\/simonjersey.eu\/fi\/wp-content\/uploads\/sites\/3\/2024\/11\/Golden-Turtleneck-Jumper-Navy-700-x-1050.jpg","contentUrl":"https:\/\/simonjersey.eu\/fi\/wp-content\/uploads\/sites\/3\/2024\/11\/Golden-Turtleneck-Jumper-Navy-700-x-1050.jpg","width":700,"height":1050},{"@type":"BreadcrumbList","@id":"https:\/\/simonjersey.eu\/fi\/tuote\/naisten-villapaita-poolokaulus\/#breadcrumb","itemListElement":[{"@type":"ListItem","position":1,"name":"Home","item":"https:\/\/simonjersey.eu\/fi\/"},{"@type":"ListItem","position":2,"name":"Verkkokauppa","item":"https:\/\/simonjersey.eu\/fi\/kauppaan\/"},{"@type":"ListItem","position":3,"name":"Naisten villapaita poolokaulus"}]},{"@type":"WebSite","@id":"https:\/\/simonjersey.eu\/fi\/#website","url":"https:\/\/simonjersey.eu\/fi\/","name":"Simon Jersey Suomi","description":"Tyylikk\u00e4\u00e4t ja kest\u00e4v\u00e4t  ammattiasut","potentialAction":[{"@type":"SearchAction","target":{"@type":"EntryPoint","urlTemplate":"https:\/\/simonjersey.eu\/fi\/?s={search_term_string}"},"query-input":{"@type":"PropertyValueSpecification","valueRequired":true,"valueName":"search_term_string"}}],"inLanguage":"fi"}]}},"_links":{"self":[{"href":"https:\/\/simonjersey.eu\/fi\/wp-json\/wp\/v2\/product\/8895","targetHints":{"allow":["GET"]}}],"collection":[{"href":"https:\/\/simonjersey.eu\/fi\/wp-json\/wp\/v2\/product"}],"about":[{"href":"https:\/\/simonjersey.eu\/fi\/wp-json\/wp\/v2\/types\/product"}],"wp:featuredmedia":[{"embeddable":true,"href":"https:\/\/simonjersey.eu\/fi\/wp-json\/wp\/v2\/media\/8900"}],"wp:attachment":[{"href":"https:\/\/simonjersey.eu\/fi\/wp-json\/wp\/v2\/media?parent=8895"}],"wp:term":[{"taxonomy":"product_brand","embeddable":true,"href":"https:\/\/simonjersey.eu\/fi\/wp-json\/wp\/v2\/product_brand?post=8895"},{"taxonomy":"product_cat","embeddable":true,"href":"https:\/\/simonjersey.eu\/fi\/wp-json\/wp\/v2\/product_cat?post=8895"},{"taxonomy":"product_tag","embeddable":true,"href":"https:\/\/simonjersey.eu\/fi\/wp-json\/wp\/v2\/product_tag?post=8895"}],"curies":[{"name":"wp","href":"https:\/\/api.w.org\/{rel}","templated":true}]}}