{"id":892,"date":"2019-10-15T08:36:44","date_gmt":"2019-10-15T08:36:44","guid":{"rendered":"https:\/\/simonjersey.eu\/fi\/?post_type=product&#038;p=892"},"modified":"2025-06-13T07:25:56","modified_gmt":"2025-06-13T07:25:56","slug":"naisten-prassatyt-housut-pellavasekoite","status":"publish","type":"product","link":"https:\/\/simonjersey.eu\/fi\/tuote\/naisten-prassatyt-housut-pellavasekoite\/","title":{"rendered":"Naisten pr\u00e4ss\u00e4tyt housut, pellavasekoite"},"content":{"rendered":"","protected":false},"excerpt":{"rendered":"<p>Suunniteltu sopimaan t\u00e4ydellisesti pellavasekoitteisen tunikan kanssa. Ne muodostavat kauniin ja ammattimaisen kokonaisuuden, etenkin kylpyl\u00e4- ja spa-ymp\u00e4rist\u00f6ss\u00e4.<\/p>\n<p>Housujen kiinnitys vetoketjulla ja kahdella hakasella.<br \/>\nLahjepituus 89cm.<\/p>\n<p>Materiaali: 72% polyesteri, 23% pellava,<br \/>\n3% polyamidi, 2% elastaani<br \/>\nKonepesu: 40\u00b0, helposti sili\u00e4v\u00e4 materiaali, ei vaadi silityst\u00e4 pesun j\u00e4lkeen<br \/>\nKoko (UK): 6-26.<\/p>\n<p>Kangasmateriaalin luonteen vuoksi siin\u00e4 voi esiinty\u00e4 luonnollisia v\u00e4rieroja!<\/p>\n","protected":false},"featured_media":896,"template":"","meta":[],"product_brand":[],"product_cat":[422,38,58,72,18,29],"product_tag":[],"class_list":{"0":"post-892","1":"product","2":"type-product","3":"status-publish","4":"has-post-thumbnail","6":"product_cat-naisten-housut-ja-chinot","7":"product_cat-housut","8":"product_cat-siivouspalvelu","9":"product_cat-laakeala-housut","10":"product_cat-naisten-housut","11":"product_cat-puhdistusalan-tyovaatteet","13":"first","14":"instock","15":"taxable","16":"shipping-taxable","17":"purchasable","18":"product-type-variable","19":"has-default-attributes"},"yoast_head":"<!-- This site is optimized with the Yoast SEO plugin v27.2 - https:\/\/yoast.com\/product\/yoast-seo-wordpress\/ -->\n<title>Naisten pr\u00e4ss\u00e4tyt housut, pellavasekoite - Simon Jersey Suomi<\/title>\n<meta name=\"robots\" content=\"index, follow, max-snippet:-1, max-image-preview:large, max-video-preview:-1\" \/>\n<link rel=\"canonical\" href=\"https:\/\/simonjersey.eu\/fi\/tuote\/naisten-prassatyt-housut-pellavasekoite\/\" \/>\n<meta property=\"og:locale\" content=\"fi_FI\" \/>\n<meta property=\"og:type\" content=\"article\" \/>\n<meta property=\"og:title\" content=\"Naisten pr\u00e4ss\u00e4tyt housut, pellavasekoite - Simon Jersey Suomi\" \/>\n<meta property=\"og:description\" content=\"Suunniteltu sopimaan t\u00e4ydellisesti pellavasekoitteisen tunikan kanssa. Ne muodostavat kauniin ja ammattimaisen kokonaisuuden, etenkin kylpyl\u00e4- ja spa-ymp\u00e4rist\u00f6ss\u00e4.  Housujen kiinnitys vetoketjulla ja kahdella hakasella. Lahjepituus 89cm.  Materiaali: 72% polyesteri, 23% pellava, 3% polyamidi, 2% elastaani Konepesu: 40\u00b0, helposti sili\u00e4v\u00e4 materiaali, ei vaadi silityst\u00e4 pesun j\u00e4lkeen Koko (UK): 6-26.  Kangasmateriaalin luonteen vuoksi siin\u00e4 voi esiinty\u00e4 luonnollisia v\u00e4rieroja!\" \/>\n<meta property=\"og:url\" content=\"https:\/\/simonjersey.eu\/fi\/tuote\/naisten-prassatyt-housut-pellavasekoite\/\" \/>\n<meta property=\"og:site_name\" content=\"Simon Jersey Suomi\" \/>\n<meta property=\"article:modified_time\" content=\"2025-06-13T07:25:56+00:00\" \/>\n<meta property=\"og:image\" content=\"https:\/\/simonjersey.eu\/fi\/wp-content\/uploads\/sites\/3\/2019\/10\/FT3460-1.jpg\" \/>\n\t<meta property=\"og:image:width\" content=\"1000\" \/>\n\t<meta property=\"og:image:height\" content=\"1500\" \/>\n\t<meta property=\"og:image:type\" content=\"image\/jpeg\" \/>\n<meta name=\"twitter:card\" content=\"summary_large_image\" \/>\n<meta name=\"twitter:label1\" content=\"Arvioitu lukuaika\" \/>\n\t<meta name=\"twitter:data1\" content=\"1 minuutti\" \/>\n<script type=\"application\/ld+json\" class=\"yoast-schema-graph\">{\"@context\":\"https:\/\/schema.org\",\"@graph\":[{\"@type\":\"WebPage\",\"@id\":\"https:\/\/simonjersey.eu\/fi\/tuote\/naisten-prassatyt-housut-pellavasekoite\/\",\"url\":\"https:\/\/simonjersey.eu\/fi\/tuote\/naisten-prassatyt-housut-pellavasekoite\/\",\"name\":\"Naisten pr\u00e4ss\u00e4tyt housut, pellavasekoite - Simon Jersey Suomi\",\"isPartOf\":{\"@id\":\"https:\/\/simonjersey.eu\/fi\/#website\"},\"primaryImageOfPage\":{\"@id\":\"https:\/\/simonjersey.eu\/fi\/tuote\/naisten-prassatyt-housut-pellavasekoite\/#primaryimage\"},\"image\":{\"@id\":\"https:\/\/simonjersey.eu\/fi\/tuote\/naisten-prassatyt-housut-pellavasekoite\/#primaryimage\"},\"thumbnailUrl\":\"https:\/\/simonjersey.eu\/fi\/wp-content\/uploads\/sites\/3\/2019\/10\/FT3460-1.jpg\",\"datePublished\":\"2019-10-15T08:36:44+00:00\",\"dateModified\":\"2025-06-13T07:25:56+00:00\",\"breadcrumb\":{\"@id\":\"https:\/\/simonjersey.eu\/fi\/tuote\/naisten-prassatyt-housut-pellavasekoite\/#breadcrumb\"},\"inLanguage\":\"fi\",\"potentialAction\":[{\"@type\":\"ReadAction\",\"target\":[\"https:\/\/simonjersey.eu\/fi\/tuote\/naisten-prassatyt-housut-pellavasekoite\/\"]}]},{\"@type\":\"ImageObject\",\"inLanguage\":\"fi\",\"@id\":\"https:\/\/simonjersey.eu\/fi\/tuote\/naisten-prassatyt-housut-pellavasekoite\/#primaryimage\",\"url\":\"https:\/\/simonjersey.eu\/fi\/wp-content\/uploads\/sites\/3\/2019\/10\/FT3460-1.jpg\",\"contentUrl\":\"https:\/\/simonjersey.eu\/fi\/wp-content\/uploads\/sites\/3\/2019\/10\/FT3460-1.jpg\",\"width\":1000,\"height\":1500},{\"@type\":\"BreadcrumbList\",\"@id\":\"https:\/\/simonjersey.eu\/fi\/tuote\/naisten-prassatyt-housut-pellavasekoite\/#breadcrumb\",\"itemListElement\":[{\"@type\":\"ListItem\",\"position\":1,\"name\":\"Home\",\"item\":\"https:\/\/simonjersey.eu\/fi\/\"},{\"@type\":\"ListItem\",\"position\":2,\"name\":\"Verkkokauppa\",\"item\":\"https:\/\/simonjersey.eu\/fi\/kauppaan\/\"},{\"@type\":\"ListItem\",\"position\":3,\"name\":\"Naisten pr\u00e4ss\u00e4tyt housut, pellavasekoite\"}]},{\"@type\":\"WebSite\",\"@id\":\"https:\/\/simonjersey.eu\/fi\/#website\",\"url\":\"https:\/\/simonjersey.eu\/fi\/\",\"name\":\"Simon Jersey Suomi\",\"description\":\"Tyylikk\u00e4\u00e4t ja kest\u00e4v\u00e4t  ammattiasut\",\"potentialAction\":[{\"@type\":\"SearchAction\",\"target\":{\"@type\":\"EntryPoint\",\"urlTemplate\":\"https:\/\/simonjersey.eu\/fi\/?s={search_term_string}\"},\"query-input\":{\"@type\":\"PropertyValueSpecification\",\"valueRequired\":true,\"valueName\":\"search_term_string\"}}],\"inLanguage\":\"fi\"}]}<\/script>\n<!-- \/ Yoast SEO plugin. -->","yoast_head_json":{"title":"Naisten pr\u00e4ss\u00e4tyt housut, pellavasekoite - Simon Jersey Suomi","robots":{"index":"index","follow":"follow","max-snippet":"max-snippet:-1","max-image-preview":"max-image-preview:large","max-video-preview":"max-video-preview:-1"},"canonical":"https:\/\/simonjersey.eu\/fi\/tuote\/naisten-prassatyt-housut-pellavasekoite\/","og_locale":"fi_FI","og_type":"article","og_title":"Naisten pr\u00e4ss\u00e4tyt housut, pellavasekoite - Simon Jersey Suomi","og_description":"Suunniteltu sopimaan t\u00e4ydellisesti pellavasekoitteisen tunikan kanssa. Ne muodostavat kauniin ja ammattimaisen kokonaisuuden, etenkin kylpyl\u00e4- ja spa-ymp\u00e4rist\u00f6ss\u00e4.  Housujen kiinnitys vetoketjulla ja kahdella hakasella. Lahjepituus 89cm.  Materiaali: 72% polyesteri, 23% pellava, 3% polyamidi, 2% elastaani Konepesu: 40\u00b0, helposti sili\u00e4v\u00e4 materiaali, ei vaadi silityst\u00e4 pesun j\u00e4lkeen Koko (UK): 6-26.  Kangasmateriaalin luonteen vuoksi siin\u00e4 voi esiinty\u00e4 luonnollisia v\u00e4rieroja!","og_url":"https:\/\/simonjersey.eu\/fi\/tuote\/naisten-prassatyt-housut-pellavasekoite\/","og_site_name":"Simon Jersey Suomi","article_modified_time":"2025-06-13T07:25:56+00:00","og_image":[{"width":1000,"height":1500,"url":"https:\/\/simonjersey.eu\/fi\/wp-content\/uploads\/sites\/3\/2019\/10\/FT3460-1.jpg","type":"image\/jpeg"}],"twitter_card":"summary_large_image","twitter_misc":{"Arvioitu lukuaika":"1 minuutti"},"schema":{"@context":"https:\/\/schema.org","@graph":[{"@type":"WebPage","@id":"https:\/\/simonjersey.eu\/fi\/tuote\/naisten-prassatyt-housut-pellavasekoite\/","url":"https:\/\/simonjersey.eu\/fi\/tuote\/naisten-prassatyt-housut-pellavasekoite\/","name":"Naisten pr\u00e4ss\u00e4tyt housut, pellavasekoite - Simon Jersey Suomi","isPartOf":{"@id":"https:\/\/simonjersey.eu\/fi\/#website"},"primaryImageOfPage":{"@id":"https:\/\/simonjersey.eu\/fi\/tuote\/naisten-prassatyt-housut-pellavasekoite\/#primaryimage"},"image":{"@id":"https:\/\/simonjersey.eu\/fi\/tuote\/naisten-prassatyt-housut-pellavasekoite\/#primaryimage"},"thumbnailUrl":"https:\/\/simonjersey.eu\/fi\/wp-content\/uploads\/sites\/3\/2019\/10\/FT3460-1.jpg","datePublished":"2019-10-15T08:36:44+00:00","dateModified":"2025-06-13T07:25:56+00:00","breadcrumb":{"@id":"https:\/\/simonjersey.eu\/fi\/tuote\/naisten-prassatyt-housut-pellavasekoite\/#breadcrumb"},"inLanguage":"fi","potentialAction":[{"@type":"ReadAction","target":["https:\/\/simonjersey.eu\/fi\/tuote\/naisten-prassatyt-housut-pellavasekoite\/"]}]},{"@type":"ImageObject","inLanguage":"fi","@id":"https:\/\/simonjersey.eu\/fi\/tuote\/naisten-prassatyt-housut-pellavasekoite\/#primaryimage","url":"https:\/\/simonjersey.eu\/fi\/wp-content\/uploads\/sites\/3\/2019\/10\/FT3460-1.jpg","contentUrl":"https:\/\/simonjersey.eu\/fi\/wp-content\/uploads\/sites\/3\/2019\/10\/FT3460-1.jpg","width":1000,"height":1500},{"@type":"BreadcrumbList","@id":"https:\/\/simonjersey.eu\/fi\/tuote\/naisten-prassatyt-housut-pellavasekoite\/#breadcrumb","itemListElement":[{"@type":"ListItem","position":1,"name":"Home","item":"https:\/\/simonjersey.eu\/fi\/"},{"@type":"ListItem","position":2,"name":"Verkkokauppa","item":"https:\/\/simonjersey.eu\/fi\/kauppaan\/"},{"@type":"ListItem","position":3,"name":"Naisten pr\u00e4ss\u00e4tyt housut, pellavasekoite"}]},{"@type":"WebSite","@id":"https:\/\/simonjersey.eu\/fi\/#website","url":"https:\/\/simonjersey.eu\/fi\/","name":"Simon Jersey Suomi","description":"Tyylikk\u00e4\u00e4t ja kest\u00e4v\u00e4t  ammattiasut","potentialAction":[{"@type":"SearchAction","target":{"@type":"EntryPoint","urlTemplate":"https:\/\/simonjersey.eu\/fi\/?s={search_term_string}"},"query-input":{"@type":"PropertyValueSpecification","valueRequired":true,"valueName":"search_term_string"}}],"inLanguage":"fi"}]}},"_links":{"self":[{"href":"https:\/\/simonjersey.eu\/fi\/wp-json\/wp\/v2\/product\/892","targetHints":{"allow":["GET"]}}],"collection":[{"href":"https:\/\/simonjersey.eu\/fi\/wp-json\/wp\/v2\/product"}],"about":[{"href":"https:\/\/simonjersey.eu\/fi\/wp-json\/wp\/v2\/types\/product"}],"wp:featuredmedia":[{"embeddable":true,"href":"https:\/\/simonjersey.eu\/fi\/wp-json\/wp\/v2\/media\/896"}],"wp:attachment":[{"href":"https:\/\/simonjersey.eu\/fi\/wp-json\/wp\/v2\/media?parent=892"}],"wp:term":[{"taxonomy":"product_brand","embeddable":true,"href":"https:\/\/simonjersey.eu\/fi\/wp-json\/wp\/v2\/product_brand?post=892"},{"taxonomy":"product_cat","embeddable":true,"href":"https:\/\/simonjersey.eu\/fi\/wp-json\/wp\/v2\/product_cat?post=892"},{"taxonomy":"product_tag","embeddable":true,"href":"https:\/\/simonjersey.eu\/fi\/wp-json\/wp\/v2\/product_tag?post=892"}],"curies":[{"name":"wp","href":"https:\/\/api.w.org\/{rel}","templated":true}]}}