{"id":9196,"date":"2025-02-26T10:14:44","date_gmt":"2025-02-26T10:14:44","guid":{"rendered":"https:\/\/simonjersey.eu\/fi\/?post_type=product&#038;p=9196"},"modified":"2025-02-26T10:19:27","modified_gmt":"2025-02-26T10:19:27","slug":"miesten-valkoinen-paita-titan","status":"publish","type":"product","link":"https:\/\/simonjersey.eu\/fi\/tuote\/miesten-valkoinen-paita-titan\/","title":{"rendered":"Miesten valkoinen paita Titan"},"content":{"rendered":"","protected":false},"excerpt":{"rendered":"<p>T\u00e4ma kauluspaita on tyylik\u00e4s ja monik\u00e4ytt\u00f6inen vaate, joka sopii kaikkiin tilanteisiin. Se on klassinen valinta niin arkeen kuin juhlavampiinkin tilaisuuksiin. Rintataskuton, minimalistinen design korostaa sen selke\u00e4\u00e4 ja hienostunutta ilmett\u00e4, tehden siit\u00e4 erinomaisen vaihtoehdon &#8221;p\u00e4iv\u00e4st\u00e4 iltaan&#8221; -asuun<\/p>\n<p>Materiaali: 65% polyester, 35% puuvilla \/115g<\/p>\n<p>Konepesu: 40\u00b0<\/p>\n<p>Koot:\u00a0 (UK) 14,5 \u2013 22<\/p>\n","protected":false},"featured_media":9198,"template":"","meta":[],"product_brand":[],"product_cat":[41,54,62,79,26],"product_tag":[],"class_list":{"0":"post-9196","1":"product","2":"type-product","3":"status-publish","4":"has-post-thumbnail","6":"product_cat-ravintola-kahvila","7":"product_cat-miesten-paidat-ravintola-kahvila","8":"product_cat-miesten-paidat-hotelli-ja-palveluammatit","9":"product_cat-miesten-paidat-business-toimisto","10":"product_cat-miesten-paidat","12":"first","13":"instock","14":"taxable","15":"shipping-taxable","16":"purchasable","17":"product-type-variable","18":"has-default-attributes"},"yoast_head":"<!-- This site is optimized with the Yoast SEO plugin v27.2 - https:\/\/yoast.com\/product\/yoast-seo-wordpress\/ -->\n<title>Miesten valkoinen paita Titan - Simon Jersey Suomi<\/title>\n<meta name=\"robots\" content=\"index, follow, max-snippet:-1, max-image-preview:large, max-video-preview:-1\" \/>\n<link rel=\"canonical\" href=\"https:\/\/simonjersey.eu\/fi\/tuote\/miesten-valkoinen-paita-titan\/\" \/>\n<meta property=\"og:locale\" content=\"fi_FI\" \/>\n<meta property=\"og:type\" content=\"article\" \/>\n<meta property=\"og:title\" content=\"Miesten valkoinen paita Titan - Simon Jersey Suomi\" \/>\n<meta property=\"og:description\" content=\"T\u00e4ma kauluspaita on tyylik\u00e4s ja monik\u00e4ytt\u00f6inen vaate, joka sopii kaikkiin tilanteisiin. Se on klassinen valinta niin arkeen kuin juhlavampiinkin tilaisuuksiin. Rintataskuton, minimalistinen design korostaa sen selke\u00e4\u00e4 ja hienostunutta ilmett\u00e4, tehden siit\u00e4 erinomaisen vaihtoehdon &quot;p\u00e4iv\u00e4st\u00e4 iltaan&quot; -asuun  Materiaali: 65% polyester, 35% puuvilla \/115g  Konepesu: 40\u00b0  Koot:\u00a0 (UK) 14,5 \u2013 22\" \/>\n<meta property=\"og:url\" content=\"https:\/\/simonjersey.eu\/fi\/tuote\/miesten-valkoinen-paita-titan\/\" \/>\n<meta property=\"og:site_name\" content=\"Simon Jersey Suomi\" \/>\n<meta property=\"article:modified_time\" content=\"2025-02-26T10:19:27+00:00\" \/>\n<meta property=\"og:image\" content=\"https:\/\/simonjersey.eu\/fi\/wp-content\/uploads\/sites\/3\/2025\/02\/Titan-White-700-x-1050.jpg\" \/>\n\t<meta property=\"og:image:width\" content=\"700\" \/>\n\t<meta property=\"og:image:height\" content=\"1050\" \/>\n\t<meta property=\"og:image:type\" content=\"image\/jpeg\" \/>\n<meta name=\"twitter:card\" content=\"summary_large_image\" \/>\n<meta name=\"twitter:label1\" content=\"Arvioitu lukuaika\" \/>\n\t<meta name=\"twitter:data1\" content=\"1 minuutti\" \/>\n<script type=\"application\/ld+json\" class=\"yoast-schema-graph\">{\"@context\":\"https:\/\/schema.org\",\"@graph\":[{\"@type\":\"WebPage\",\"@id\":\"https:\/\/simonjersey.eu\/fi\/tuote\/miesten-valkoinen-paita-titan\/\",\"url\":\"https:\/\/simonjersey.eu\/fi\/tuote\/miesten-valkoinen-paita-titan\/\",\"name\":\"Miesten valkoinen paita Titan - Simon Jersey Suomi\",\"isPartOf\":{\"@id\":\"https:\/\/simonjersey.eu\/fi\/#website\"},\"primaryImageOfPage\":{\"@id\":\"https:\/\/simonjersey.eu\/fi\/tuote\/miesten-valkoinen-paita-titan\/#primaryimage\"},\"image\":{\"@id\":\"https:\/\/simonjersey.eu\/fi\/tuote\/miesten-valkoinen-paita-titan\/#primaryimage\"},\"thumbnailUrl\":\"https:\/\/simonjersey.eu\/fi\/wp-content\/uploads\/sites\/3\/2025\/02\/Titan-White-700-x-1050.jpg\",\"datePublished\":\"2025-02-26T10:14:44+00:00\",\"dateModified\":\"2025-02-26T10:19:27+00:00\",\"breadcrumb\":{\"@id\":\"https:\/\/simonjersey.eu\/fi\/tuote\/miesten-valkoinen-paita-titan\/#breadcrumb\"},\"inLanguage\":\"fi\",\"potentialAction\":[{\"@type\":\"ReadAction\",\"target\":[\"https:\/\/simonjersey.eu\/fi\/tuote\/miesten-valkoinen-paita-titan\/\"]}]},{\"@type\":\"ImageObject\",\"inLanguage\":\"fi\",\"@id\":\"https:\/\/simonjersey.eu\/fi\/tuote\/miesten-valkoinen-paita-titan\/#primaryimage\",\"url\":\"https:\/\/simonjersey.eu\/fi\/wp-content\/uploads\/sites\/3\/2025\/02\/Titan-White-700-x-1050.jpg\",\"contentUrl\":\"https:\/\/simonjersey.eu\/fi\/wp-content\/uploads\/sites\/3\/2025\/02\/Titan-White-700-x-1050.jpg\",\"width\":700,\"height\":1050},{\"@type\":\"BreadcrumbList\",\"@id\":\"https:\/\/simonjersey.eu\/fi\/tuote\/miesten-valkoinen-paita-titan\/#breadcrumb\",\"itemListElement\":[{\"@type\":\"ListItem\",\"position\":1,\"name\":\"Home\",\"item\":\"https:\/\/simonjersey.eu\/fi\/\"},{\"@type\":\"ListItem\",\"position\":2,\"name\":\"Verkkokauppa\",\"item\":\"https:\/\/simonjersey.eu\/fi\/kauppaan\/\"},{\"@type\":\"ListItem\",\"position\":3,\"name\":\"Miesten valkoinen paita Titan\"}]},{\"@type\":\"WebSite\",\"@id\":\"https:\/\/simonjersey.eu\/fi\/#website\",\"url\":\"https:\/\/simonjersey.eu\/fi\/\",\"name\":\"Simon Jersey Suomi\",\"description\":\"Tyylikk\u00e4\u00e4t ja kest\u00e4v\u00e4t  ammattiasut\",\"potentialAction\":[{\"@type\":\"SearchAction\",\"target\":{\"@type\":\"EntryPoint\",\"urlTemplate\":\"https:\/\/simonjersey.eu\/fi\/?s={search_term_string}\"},\"query-input\":{\"@type\":\"PropertyValueSpecification\",\"valueRequired\":true,\"valueName\":\"search_term_string\"}}],\"inLanguage\":\"fi\"}]}<\/script>\n<!-- \/ Yoast SEO plugin. -->","yoast_head_json":{"title":"Miesten valkoinen paita Titan - Simon Jersey Suomi","robots":{"index":"index","follow":"follow","max-snippet":"max-snippet:-1","max-image-preview":"max-image-preview:large","max-video-preview":"max-video-preview:-1"},"canonical":"https:\/\/simonjersey.eu\/fi\/tuote\/miesten-valkoinen-paita-titan\/","og_locale":"fi_FI","og_type":"article","og_title":"Miesten valkoinen paita Titan - Simon Jersey Suomi","og_description":"T\u00e4ma kauluspaita on tyylik\u00e4s ja monik\u00e4ytt\u00f6inen vaate, joka sopii kaikkiin tilanteisiin. Se on klassinen valinta niin arkeen kuin juhlavampiinkin tilaisuuksiin. Rintataskuton, minimalistinen design korostaa sen selke\u00e4\u00e4 ja hienostunutta ilmett\u00e4, tehden siit\u00e4 erinomaisen vaihtoehdon \"p\u00e4iv\u00e4st\u00e4 iltaan\" -asuun  Materiaali: 65% polyester, 35% puuvilla \/115g  Konepesu: 40\u00b0  Koot:\u00a0 (UK) 14,5 \u2013 22","og_url":"https:\/\/simonjersey.eu\/fi\/tuote\/miesten-valkoinen-paita-titan\/","og_site_name":"Simon Jersey Suomi","article_modified_time":"2025-02-26T10:19:27+00:00","og_image":[{"width":700,"height":1050,"url":"https:\/\/simonjersey.eu\/fi\/wp-content\/uploads\/sites\/3\/2025\/02\/Titan-White-700-x-1050.jpg","type":"image\/jpeg"}],"twitter_card":"summary_large_image","twitter_misc":{"Arvioitu lukuaika":"1 minuutti"},"schema":{"@context":"https:\/\/schema.org","@graph":[{"@type":"WebPage","@id":"https:\/\/simonjersey.eu\/fi\/tuote\/miesten-valkoinen-paita-titan\/","url":"https:\/\/simonjersey.eu\/fi\/tuote\/miesten-valkoinen-paita-titan\/","name":"Miesten valkoinen paita Titan - Simon Jersey Suomi","isPartOf":{"@id":"https:\/\/simonjersey.eu\/fi\/#website"},"primaryImageOfPage":{"@id":"https:\/\/simonjersey.eu\/fi\/tuote\/miesten-valkoinen-paita-titan\/#primaryimage"},"image":{"@id":"https:\/\/simonjersey.eu\/fi\/tuote\/miesten-valkoinen-paita-titan\/#primaryimage"},"thumbnailUrl":"https:\/\/simonjersey.eu\/fi\/wp-content\/uploads\/sites\/3\/2025\/02\/Titan-White-700-x-1050.jpg","datePublished":"2025-02-26T10:14:44+00:00","dateModified":"2025-02-26T10:19:27+00:00","breadcrumb":{"@id":"https:\/\/simonjersey.eu\/fi\/tuote\/miesten-valkoinen-paita-titan\/#breadcrumb"},"inLanguage":"fi","potentialAction":[{"@type":"ReadAction","target":["https:\/\/simonjersey.eu\/fi\/tuote\/miesten-valkoinen-paita-titan\/"]}]},{"@type":"ImageObject","inLanguage":"fi","@id":"https:\/\/simonjersey.eu\/fi\/tuote\/miesten-valkoinen-paita-titan\/#primaryimage","url":"https:\/\/simonjersey.eu\/fi\/wp-content\/uploads\/sites\/3\/2025\/02\/Titan-White-700-x-1050.jpg","contentUrl":"https:\/\/simonjersey.eu\/fi\/wp-content\/uploads\/sites\/3\/2025\/02\/Titan-White-700-x-1050.jpg","width":700,"height":1050},{"@type":"BreadcrumbList","@id":"https:\/\/simonjersey.eu\/fi\/tuote\/miesten-valkoinen-paita-titan\/#breadcrumb","itemListElement":[{"@type":"ListItem","position":1,"name":"Home","item":"https:\/\/simonjersey.eu\/fi\/"},{"@type":"ListItem","position":2,"name":"Verkkokauppa","item":"https:\/\/simonjersey.eu\/fi\/kauppaan\/"},{"@type":"ListItem","position":3,"name":"Miesten valkoinen paita Titan"}]},{"@type":"WebSite","@id":"https:\/\/simonjersey.eu\/fi\/#website","url":"https:\/\/simonjersey.eu\/fi\/","name":"Simon Jersey Suomi","description":"Tyylikk\u00e4\u00e4t ja kest\u00e4v\u00e4t  ammattiasut","potentialAction":[{"@type":"SearchAction","target":{"@type":"EntryPoint","urlTemplate":"https:\/\/simonjersey.eu\/fi\/?s={search_term_string}"},"query-input":{"@type":"PropertyValueSpecification","valueRequired":true,"valueName":"search_term_string"}}],"inLanguage":"fi"}]}},"_links":{"self":[{"href":"https:\/\/simonjersey.eu\/fi\/wp-json\/wp\/v2\/product\/9196","targetHints":{"allow":["GET"]}}],"collection":[{"href":"https:\/\/simonjersey.eu\/fi\/wp-json\/wp\/v2\/product"}],"about":[{"href":"https:\/\/simonjersey.eu\/fi\/wp-json\/wp\/v2\/types\/product"}],"wp:featuredmedia":[{"embeddable":true,"href":"https:\/\/simonjersey.eu\/fi\/wp-json\/wp\/v2\/media\/9198"}],"wp:attachment":[{"href":"https:\/\/simonjersey.eu\/fi\/wp-json\/wp\/v2\/media?parent=9196"}],"wp:term":[{"taxonomy":"product_brand","embeddable":true,"href":"https:\/\/simonjersey.eu\/fi\/wp-json\/wp\/v2\/product_brand?post=9196"},{"taxonomy":"product_cat","embeddable":true,"href":"https:\/\/simonjersey.eu\/fi\/wp-json\/wp\/v2\/product_cat?post=9196"},{"taxonomy":"product_tag","embeddable":true,"href":"https:\/\/simonjersey.eu\/fi\/wp-json\/wp\/v2\/product_tag?post=9196"}],"curies":[{"name":"wp","href":"https:\/\/api.w.org\/{rel}","templated":true}]}}