{"id":9201,"date":"2025-02-26T13:05:54","date_gmt":"2025-02-26T13:05:54","guid":{"rendered":"https:\/\/simonjersey.eu\/fi\/?post_type=product&#038;p=9201"},"modified":"2026-01-26T11:19:55","modified_gmt":"2026-01-26T11:19:55","slug":"naisten-cherokee-revolution-jogger-housut","status":"publish","type":"product","link":"https:\/\/simonjersey.eu\/fi\/tuote\/naisten-cherokee-revolution-jogger-housut\/","title":{"rendered":"Naisten Cherokee Revolution jogger housut"},"content":{"rendered":"","protected":false},"excerpt":{"rendered":"<p>Oletko valmina antamaan ty\u00f6asullesi tyylikk\u00e4\u00e4n p\u00e4ivityksen?<\/p>\n<p>N\u00e4m\u00e4 jogger-tyyliset housut tuovat vallankumouksen ty\u00f6vaatteisiisi ep\u00e4tavallisilla v\u00e4reill\u00e4\u00e4n ja mukavalla muotoilullaan. Kapenevat lahkeet resoreilla, leve\u00e4 ja vahva vy\u00f6t\u00e4r\u00f6nauha sek\u00e4 hengitt\u00e4v\u00e4 kangas takaavat mukavuuden koko p\u00e4iv\u00e4ksi. Viisi taskua,\u00a0 tarjoavat runsaasti tilaa tarvittaville tavaroille.<\/p>\n<p>Materjaali: 78% polyester, 20% rayon, 2% elastane twill<\/p>\n<p>Huolto: 70\u00b0 Konepesu, \u200b\u200bei vaadi silityst\u00e4.<\/p>\n<p>Koko : XXS-3XL<\/p>\n<p>Pituus koolla M: 70 cm<\/p>\n","protected":false},"featured_media":9202,"template":"","meta":[],"product_brand":[],"product_cat":[438,38,69,72,18,30,29],"product_tag":[],"class_list":{"0":"post-9201","1":"product","2":"type-product","3":"status-publish","4":"has-post-thumbnail","6":"product_cat-dickies-cherokee-tyovaateet","7":"product_cat-housut","8":"product_cat-hyvinvoinit-hoitoala","9":"product_cat-laakeala-housut","10":"product_cat-naisten-housut","11":"product_cat-laakealan-vaatteet","12":"product_cat-puhdistusalan-tyovaatteet","14":"first","15":"instock","16":"taxable","17":"shipping-taxable","18":"purchasable","19":"product-type-variable","20":"has-default-attributes"},"yoast_head":"<!-- This site is optimized with the Yoast SEO plugin v27.2 - https:\/\/yoast.com\/product\/yoast-seo-wordpress\/ -->\n<title>Naisten Cherokee Revolution jogger housut - Simon Jersey Suomi<\/title>\n<meta name=\"robots\" content=\"index, follow, max-snippet:-1, max-image-preview:large, max-video-preview:-1\" \/>\n<link rel=\"canonical\" href=\"https:\/\/simonjersey.eu\/fi\/tuote\/naisten-cherokee-revolution-jogger-housut\/\" \/>\n<meta property=\"og:locale\" content=\"fi_FI\" \/>\n<meta property=\"og:type\" content=\"article\" \/>\n<meta property=\"og:title\" content=\"Naisten Cherokee Revolution jogger housut - Simon Jersey Suomi\" \/>\n<meta property=\"og:description\" content=\"Oletko valmina antamaan ty\u00f6asullesi tyylikk\u00e4\u00e4n p\u00e4ivityksen?  N\u00e4m\u00e4 jogger-tyyliset housut tuovat vallankumouksen ty\u00f6vaatteisiisi ep\u00e4tavallisilla v\u00e4reill\u00e4\u00e4n ja mukavalla muotoilullaan. Kapenevat lahkeet resoreilla, leve\u00e4 ja vahva vy\u00f6t\u00e4r\u00f6nauha sek\u00e4 hengitt\u00e4v\u00e4 kangas takaavat mukavuuden koko p\u00e4iv\u00e4ksi. Viisi taskua,\u00a0 tarjoavat runsaasti tilaa tarvittaville tavaroille.  Materjaali: 78% polyester, 20% rayon, 2% elastane twill  Huolto: 70\u00b0 Konepesu, \u200b\u200bei vaadi silityst\u00e4.  Koko : XXS-3XL  Pituus koolla M: 70 cm\" \/>\n<meta property=\"og:url\" content=\"https:\/\/simonjersey.eu\/fi\/tuote\/naisten-cherokee-revolution-jogger-housut\/\" \/>\n<meta property=\"og:site_name\" content=\"Simon Jersey Suomi\" \/>\n<meta property=\"article:modified_time\" content=\"2026-01-26T11:19:55+00:00\" \/>\n<meta property=\"og:image\" content=\"https:\/\/simonjersey.eu\/fi\/wp-content\/uploads\/sites\/3\/2025\/02\/WWE115-cherokee-jogger-housut.jpg\" \/>\n\t<meta property=\"og:image:width\" content=\"800\" \/>\n\t<meta property=\"og:image:height\" content=\"1200\" \/>\n\t<meta property=\"og:image:type\" content=\"image\/jpeg\" \/>\n<meta name=\"twitter:card\" content=\"summary_large_image\" \/>\n<meta name=\"twitter:label1\" content=\"Arvioitu lukuaika\" \/>\n\t<meta name=\"twitter:data1\" content=\"1 minuutti\" \/>\n<script type=\"application\/ld+json\" class=\"yoast-schema-graph\">{\"@context\":\"https:\/\/schema.org\",\"@graph\":[{\"@type\":\"WebPage\",\"@id\":\"https:\/\/simonjersey.eu\/fi\/tuote\/naisten-cherokee-revolution-jogger-housut\/\",\"url\":\"https:\/\/simonjersey.eu\/fi\/tuote\/naisten-cherokee-revolution-jogger-housut\/\",\"name\":\"Naisten Cherokee Revolution jogger housut - Simon Jersey Suomi\",\"isPartOf\":{\"@id\":\"https:\/\/simonjersey.eu\/fi\/#website\"},\"primaryImageOfPage\":{\"@id\":\"https:\/\/simonjersey.eu\/fi\/tuote\/naisten-cherokee-revolution-jogger-housut\/#primaryimage\"},\"image\":{\"@id\":\"https:\/\/simonjersey.eu\/fi\/tuote\/naisten-cherokee-revolution-jogger-housut\/#primaryimage\"},\"thumbnailUrl\":\"https:\/\/simonjersey.eu\/fi\/wp-content\/uploads\/sites\/3\/2025\/02\/WWE115-cherokee-jogger-housut.jpg\",\"datePublished\":\"2025-02-26T13:05:54+00:00\",\"dateModified\":\"2026-01-26T11:19:55+00:00\",\"breadcrumb\":{\"@id\":\"https:\/\/simonjersey.eu\/fi\/tuote\/naisten-cherokee-revolution-jogger-housut\/#breadcrumb\"},\"inLanguage\":\"fi\",\"potentialAction\":[{\"@type\":\"ReadAction\",\"target\":[\"https:\/\/simonjersey.eu\/fi\/tuote\/naisten-cherokee-revolution-jogger-housut\/\"]}]},{\"@type\":\"ImageObject\",\"inLanguage\":\"fi\",\"@id\":\"https:\/\/simonjersey.eu\/fi\/tuote\/naisten-cherokee-revolution-jogger-housut\/#primaryimage\",\"url\":\"https:\/\/simonjersey.eu\/fi\/wp-content\/uploads\/sites\/3\/2025\/02\/WWE115-cherokee-jogger-housut.jpg\",\"contentUrl\":\"https:\/\/simonjersey.eu\/fi\/wp-content\/uploads\/sites\/3\/2025\/02\/WWE115-cherokee-jogger-housut.jpg\",\"width\":800,\"height\":1200},{\"@type\":\"BreadcrumbList\",\"@id\":\"https:\/\/simonjersey.eu\/fi\/tuote\/naisten-cherokee-revolution-jogger-housut\/#breadcrumb\",\"itemListElement\":[{\"@type\":\"ListItem\",\"position\":1,\"name\":\"Home\",\"item\":\"https:\/\/simonjersey.eu\/fi\/\"},{\"@type\":\"ListItem\",\"position\":2,\"name\":\"Verkkokauppa\",\"item\":\"https:\/\/simonjersey.eu\/fi\/kauppaan\/\"},{\"@type\":\"ListItem\",\"position\":3,\"name\":\"Naisten Cherokee Revolution jogger housut\"}]},{\"@type\":\"WebSite\",\"@id\":\"https:\/\/simonjersey.eu\/fi\/#website\",\"url\":\"https:\/\/simonjersey.eu\/fi\/\",\"name\":\"Simon Jersey Suomi\",\"description\":\"Tyylikk\u00e4\u00e4t ja kest\u00e4v\u00e4t  ammattiasut\",\"potentialAction\":[{\"@type\":\"SearchAction\",\"target\":{\"@type\":\"EntryPoint\",\"urlTemplate\":\"https:\/\/simonjersey.eu\/fi\/?s={search_term_string}\"},\"query-input\":{\"@type\":\"PropertyValueSpecification\",\"valueRequired\":true,\"valueName\":\"search_term_string\"}}],\"inLanguage\":\"fi\"}]}<\/script>\n<!-- \/ Yoast SEO plugin. -->","yoast_head_json":{"title":"Naisten Cherokee Revolution jogger housut - Simon Jersey Suomi","robots":{"index":"index","follow":"follow","max-snippet":"max-snippet:-1","max-image-preview":"max-image-preview:large","max-video-preview":"max-video-preview:-1"},"canonical":"https:\/\/simonjersey.eu\/fi\/tuote\/naisten-cherokee-revolution-jogger-housut\/","og_locale":"fi_FI","og_type":"article","og_title":"Naisten Cherokee Revolution jogger housut - Simon Jersey Suomi","og_description":"Oletko valmina antamaan ty\u00f6asullesi tyylikk\u00e4\u00e4n p\u00e4ivityksen?  N\u00e4m\u00e4 jogger-tyyliset housut tuovat vallankumouksen ty\u00f6vaatteisiisi ep\u00e4tavallisilla v\u00e4reill\u00e4\u00e4n ja mukavalla muotoilullaan. Kapenevat lahkeet resoreilla, leve\u00e4 ja vahva vy\u00f6t\u00e4r\u00f6nauha sek\u00e4 hengitt\u00e4v\u00e4 kangas takaavat mukavuuden koko p\u00e4iv\u00e4ksi. Viisi taskua,\u00a0 tarjoavat runsaasti tilaa tarvittaville tavaroille.  Materjaali: 78% polyester, 20% rayon, 2% elastane twill  Huolto: 70\u00b0 Konepesu, \u200b\u200bei vaadi silityst\u00e4.  Koko : XXS-3XL  Pituus koolla M: 70 cm","og_url":"https:\/\/simonjersey.eu\/fi\/tuote\/naisten-cherokee-revolution-jogger-housut\/","og_site_name":"Simon Jersey Suomi","article_modified_time":"2026-01-26T11:19:55+00:00","og_image":[{"width":800,"height":1200,"url":"https:\/\/simonjersey.eu\/fi\/wp-content\/uploads\/sites\/3\/2025\/02\/WWE115-cherokee-jogger-housut.jpg","type":"image\/jpeg"}],"twitter_card":"summary_large_image","twitter_misc":{"Arvioitu lukuaika":"1 minuutti"},"schema":{"@context":"https:\/\/schema.org","@graph":[{"@type":"WebPage","@id":"https:\/\/simonjersey.eu\/fi\/tuote\/naisten-cherokee-revolution-jogger-housut\/","url":"https:\/\/simonjersey.eu\/fi\/tuote\/naisten-cherokee-revolution-jogger-housut\/","name":"Naisten Cherokee Revolution jogger housut - Simon Jersey Suomi","isPartOf":{"@id":"https:\/\/simonjersey.eu\/fi\/#website"},"primaryImageOfPage":{"@id":"https:\/\/simonjersey.eu\/fi\/tuote\/naisten-cherokee-revolution-jogger-housut\/#primaryimage"},"image":{"@id":"https:\/\/simonjersey.eu\/fi\/tuote\/naisten-cherokee-revolution-jogger-housut\/#primaryimage"},"thumbnailUrl":"https:\/\/simonjersey.eu\/fi\/wp-content\/uploads\/sites\/3\/2025\/02\/WWE115-cherokee-jogger-housut.jpg","datePublished":"2025-02-26T13:05:54+00:00","dateModified":"2026-01-26T11:19:55+00:00","breadcrumb":{"@id":"https:\/\/simonjersey.eu\/fi\/tuote\/naisten-cherokee-revolution-jogger-housut\/#breadcrumb"},"inLanguage":"fi","potentialAction":[{"@type":"ReadAction","target":["https:\/\/simonjersey.eu\/fi\/tuote\/naisten-cherokee-revolution-jogger-housut\/"]}]},{"@type":"ImageObject","inLanguage":"fi","@id":"https:\/\/simonjersey.eu\/fi\/tuote\/naisten-cherokee-revolution-jogger-housut\/#primaryimage","url":"https:\/\/simonjersey.eu\/fi\/wp-content\/uploads\/sites\/3\/2025\/02\/WWE115-cherokee-jogger-housut.jpg","contentUrl":"https:\/\/simonjersey.eu\/fi\/wp-content\/uploads\/sites\/3\/2025\/02\/WWE115-cherokee-jogger-housut.jpg","width":800,"height":1200},{"@type":"BreadcrumbList","@id":"https:\/\/simonjersey.eu\/fi\/tuote\/naisten-cherokee-revolution-jogger-housut\/#breadcrumb","itemListElement":[{"@type":"ListItem","position":1,"name":"Home","item":"https:\/\/simonjersey.eu\/fi\/"},{"@type":"ListItem","position":2,"name":"Verkkokauppa","item":"https:\/\/simonjersey.eu\/fi\/kauppaan\/"},{"@type":"ListItem","position":3,"name":"Naisten Cherokee Revolution jogger housut"}]},{"@type":"WebSite","@id":"https:\/\/simonjersey.eu\/fi\/#website","url":"https:\/\/simonjersey.eu\/fi\/","name":"Simon Jersey Suomi","description":"Tyylikk\u00e4\u00e4t ja kest\u00e4v\u00e4t  ammattiasut","potentialAction":[{"@type":"SearchAction","target":{"@type":"EntryPoint","urlTemplate":"https:\/\/simonjersey.eu\/fi\/?s={search_term_string}"},"query-input":{"@type":"PropertyValueSpecification","valueRequired":true,"valueName":"search_term_string"}}],"inLanguage":"fi"}]}},"_links":{"self":[{"href":"https:\/\/simonjersey.eu\/fi\/wp-json\/wp\/v2\/product\/9201","targetHints":{"allow":["GET"]}}],"collection":[{"href":"https:\/\/simonjersey.eu\/fi\/wp-json\/wp\/v2\/product"}],"about":[{"href":"https:\/\/simonjersey.eu\/fi\/wp-json\/wp\/v2\/types\/product"}],"wp:featuredmedia":[{"embeddable":true,"href":"https:\/\/simonjersey.eu\/fi\/wp-json\/wp\/v2\/media\/9202"}],"wp:attachment":[{"href":"https:\/\/simonjersey.eu\/fi\/wp-json\/wp\/v2\/media?parent=9201"}],"wp:term":[{"taxonomy":"product_brand","embeddable":true,"href":"https:\/\/simonjersey.eu\/fi\/wp-json\/wp\/v2\/product_brand?post=9201"},{"taxonomy":"product_cat","embeddable":true,"href":"https:\/\/simonjersey.eu\/fi\/wp-json\/wp\/v2\/product_cat?post=9201"},{"taxonomy":"product_tag","embeddable":true,"href":"https:\/\/simonjersey.eu\/fi\/wp-json\/wp\/v2\/product_tag?post=9201"}],"curies":[{"name":"wp","href":"https:\/\/api.w.org\/{rel}","templated":true}]}}