{"id":9296,"date":"2025-03-31T10:37:57","date_gmt":"2025-03-31T10:37:57","guid":{"rendered":"https:\/\/simonjersey.eu\/fi\/?post_type=product&#038;p=9296"},"modified":"2026-01-28T08:43:17","modified_gmt":"2026-01-28T08:43:17","slug":"mukavat-ja-tyylikkaat-jogger-housut","status":"publish","type":"product","link":"https:\/\/simonjersey.eu\/fi\/tuote\/mukavat-ja-tyylikkaat-jogger-housut\/","title":{"rendered":"Mukavat ja tyylikk\u00e4\u00e4t jogger-housut"},"content":{"rendered":"","protected":false},"excerpt":{"rendered":"<p>Jogger-housut ovat t\u00e4ydellinen valinta kaikille, jotka arvostavat mukavuutta ja tyyli\u00e4. Leve\u00e4 vy\u00f6t\u00e4r\u00f6nauha ja viistot vetoketjut takaavat erinomaisen istuvuuden, kun taas kapenevat lahkeet luovat modernin ja trendikk\u00e4\u00e4n siluetin.<\/p>\n<p>Erityisest\u00e4 spandexilla rikastetusta kankaasta valmistetut housut ovat eritt\u00e4in joustavat ja uskomattoman mukavat. Huolellisesti suunnitellut saumat takaavat t\u00e4ydellisen istuvuuden ja korostavat ulkon\u00e4k\u00f6\u00e4. Lis\u00e4ksi housuissa on innovatiivinen <strong>PROTX2\u00ae-teknologia<\/strong>, joka neutraloi ep\u00e4miellytt\u00e4v\u00e4t hajut ja pit\u00e4\u00e4 sinut raikkaana my\u00f6s pitkien ja intensiivisten p\u00e4ivien aikana.<\/p>\n<p>T\u00e4ydelliset jokap\u00e4iv\u00e4iseen k\u00e4ytt\u00f6\u00f6n, t\u00f6ihin tai vapaa-aikaan!<\/p>\n<p>Materjaali: 95% polyester, 5% Spandex<\/p>\n<p>Huolto: 70\u00b0<\/p>\n<p>Koko : XXS-3XL<\/p>\n<p>Pituus koolla M: 72 cm<\/p>\n<p>Hoitopaitat <a href=\"https:\/\/simonjersey.eu\/fi\/tuote\/cherokee-infinity-wrap-hoitajan-paita\/\"><strong>t\u00e4\u00e4lt\u00e4<\/strong><\/a><strong><u>!<\/u><\/strong><\/p>\n","protected":false},"featured_media":9306,"template":"","meta":[],"product_brand":[],"product_cat":[438,422,38,69,72,18,30],"product_tag":[],"class_list":{"0":"post-9296","1":"product","2":"type-product","3":"status-publish","4":"has-post-thumbnail","6":"product_cat-dickies-cherokee-tyovaateet","7":"product_cat-naisten-housut-ja-chinot","8":"product_cat-housut","9":"product_cat-hyvinvoinit-hoitoala","10":"product_cat-laakeala-housut","11":"product_cat-naisten-housut","12":"product_cat-laakealan-vaatteet","14":"first","15":"instock","16":"taxable","17":"shipping-taxable","18":"purchasable","19":"product-type-variable","20":"has-default-attributes"},"yoast_head":"<!-- This site is optimized with the Yoast SEO plugin v27.2 - https:\/\/yoast.com\/product\/yoast-seo-wordpress\/ -->\n<title>Mukavat ja tyylikk\u00e4\u00e4t jogger-housut - Simon Jersey Suomi<\/title>\n<meta name=\"robots\" content=\"index, follow, max-snippet:-1, max-image-preview:large, max-video-preview:-1\" \/>\n<link rel=\"canonical\" href=\"https:\/\/simonjersey.eu\/fi\/tuote\/mukavat-ja-tyylikkaat-jogger-housut\/\" \/>\n<meta property=\"og:locale\" content=\"fi_FI\" \/>\n<meta property=\"og:type\" content=\"article\" \/>\n<meta property=\"og:title\" content=\"Mukavat ja tyylikk\u00e4\u00e4t jogger-housut - Simon Jersey Suomi\" \/>\n<meta property=\"og:description\" content=\"Jogger-housut ovat t\u00e4ydellinen valinta kaikille, jotka arvostavat mukavuutta ja tyyli\u00e4. Leve\u00e4 vy\u00f6t\u00e4r\u00f6nauha ja viistot vetoketjut takaavat erinomaisen istuvuuden, kun taas kapenevat lahkeet luovat modernin ja trendikk\u00e4\u00e4n siluetin.  Erityisest\u00e4 spandexilla rikastetusta kankaasta valmistetut housut ovat eritt\u00e4in joustavat ja uskomattoman mukavat. Huolellisesti suunnitellut saumat takaavat t\u00e4ydellisen istuvuuden ja korostavat ulkon\u00e4k\u00f6\u00e4. Lis\u00e4ksi housuissa on innovatiivinen PROTX2\u00ae-teknologia, joka neutraloi ep\u00e4miellytt\u00e4v\u00e4t hajut ja pit\u00e4\u00e4 sinut raikkaana my\u00f6s pitkien ja intensiivisten p\u00e4ivien aikana.  T\u00e4ydelliset jokap\u00e4iv\u00e4iseen k\u00e4ytt\u00f6\u00f6n, t\u00f6ihin tai vapaa-aikaan!  Materjaali: 95% polyester, 5% Spandex  Huolto: 70\u00b0  Koko : XXS-3XL  Pituus koolla M: 72 cm  Hoitopaitat t\u00e4\u00e4lt\u00e4!\" \/>\n<meta property=\"og:url\" content=\"https:\/\/simonjersey.eu\/fi\/tuote\/mukavat-ja-tyylikkaat-jogger-housut\/\" \/>\n<meta property=\"og:site_name\" content=\"Simon Jersey Suomi\" \/>\n<meta property=\"article:modified_time\" content=\"2026-01-28T08:43:17+00:00\" \/>\n<meta property=\"og:image\" content=\"https:\/\/simonjersey.eu\/fi\/wp-content\/uploads\/sites\/3\/2025\/03\/CKE110A-JOGGER-PUKSID-HALLID.jpg\" \/>\n\t<meta property=\"og:image:width\" content=\"800\" \/>\n\t<meta property=\"og:image:height\" content=\"1200\" \/>\n\t<meta property=\"og:image:type\" content=\"image\/jpeg\" \/>\n<meta name=\"twitter:card\" content=\"summary_large_image\" \/>\n<meta name=\"twitter:label1\" content=\"Arvioitu lukuaika\" \/>\n\t<meta name=\"twitter:data1\" content=\"1 minuutti\" \/>\n<script type=\"application\/ld+json\" class=\"yoast-schema-graph\">{\"@context\":\"https:\/\/schema.org\",\"@graph\":[{\"@type\":\"WebPage\",\"@id\":\"https:\/\/simonjersey.eu\/fi\/tuote\/mukavat-ja-tyylikkaat-jogger-housut\/\",\"url\":\"https:\/\/simonjersey.eu\/fi\/tuote\/mukavat-ja-tyylikkaat-jogger-housut\/\",\"name\":\"Mukavat ja tyylikk\u00e4\u00e4t jogger-housut - Simon Jersey Suomi\",\"isPartOf\":{\"@id\":\"https:\/\/simonjersey.eu\/fi\/#website\"},\"primaryImageOfPage\":{\"@id\":\"https:\/\/simonjersey.eu\/fi\/tuote\/mukavat-ja-tyylikkaat-jogger-housut\/#primaryimage\"},\"image\":{\"@id\":\"https:\/\/simonjersey.eu\/fi\/tuote\/mukavat-ja-tyylikkaat-jogger-housut\/#primaryimage\"},\"thumbnailUrl\":\"https:\/\/simonjersey.eu\/fi\/wp-content\/uploads\/sites\/3\/2025\/03\/CKE110A-JOGGER-PUKSID-HALLID.jpg\",\"datePublished\":\"2025-03-31T10:37:57+00:00\",\"dateModified\":\"2026-01-28T08:43:17+00:00\",\"breadcrumb\":{\"@id\":\"https:\/\/simonjersey.eu\/fi\/tuote\/mukavat-ja-tyylikkaat-jogger-housut\/#breadcrumb\"},\"inLanguage\":\"fi\",\"potentialAction\":[{\"@type\":\"ReadAction\",\"target\":[\"https:\/\/simonjersey.eu\/fi\/tuote\/mukavat-ja-tyylikkaat-jogger-housut\/\"]}]},{\"@type\":\"ImageObject\",\"inLanguage\":\"fi\",\"@id\":\"https:\/\/simonjersey.eu\/fi\/tuote\/mukavat-ja-tyylikkaat-jogger-housut\/#primaryimage\",\"url\":\"https:\/\/simonjersey.eu\/fi\/wp-content\/uploads\/sites\/3\/2025\/03\/CKE110A-JOGGER-PUKSID-HALLID.jpg\",\"contentUrl\":\"https:\/\/simonjersey.eu\/fi\/wp-content\/uploads\/sites\/3\/2025\/03\/CKE110A-JOGGER-PUKSID-HALLID.jpg\",\"width\":800,\"height\":1200},{\"@type\":\"BreadcrumbList\",\"@id\":\"https:\/\/simonjersey.eu\/fi\/tuote\/mukavat-ja-tyylikkaat-jogger-housut\/#breadcrumb\",\"itemListElement\":[{\"@type\":\"ListItem\",\"position\":1,\"name\":\"Home\",\"item\":\"https:\/\/simonjersey.eu\/fi\/\"},{\"@type\":\"ListItem\",\"position\":2,\"name\":\"Verkkokauppa\",\"item\":\"https:\/\/simonjersey.eu\/fi\/kauppaan\/\"},{\"@type\":\"ListItem\",\"position\":3,\"name\":\"Mukavat ja tyylikk\u00e4\u00e4t jogger-housut\"}]},{\"@type\":\"WebSite\",\"@id\":\"https:\/\/simonjersey.eu\/fi\/#website\",\"url\":\"https:\/\/simonjersey.eu\/fi\/\",\"name\":\"Simon Jersey Suomi\",\"description\":\"Tyylikk\u00e4\u00e4t ja kest\u00e4v\u00e4t  ammattiasut\",\"potentialAction\":[{\"@type\":\"SearchAction\",\"target\":{\"@type\":\"EntryPoint\",\"urlTemplate\":\"https:\/\/simonjersey.eu\/fi\/?s={search_term_string}\"},\"query-input\":{\"@type\":\"PropertyValueSpecification\",\"valueRequired\":true,\"valueName\":\"search_term_string\"}}],\"inLanguage\":\"fi\"}]}<\/script>\n<!-- \/ Yoast SEO plugin. -->","yoast_head_json":{"title":"Mukavat ja tyylikk\u00e4\u00e4t jogger-housut - Simon Jersey Suomi","robots":{"index":"index","follow":"follow","max-snippet":"max-snippet:-1","max-image-preview":"max-image-preview:large","max-video-preview":"max-video-preview:-1"},"canonical":"https:\/\/simonjersey.eu\/fi\/tuote\/mukavat-ja-tyylikkaat-jogger-housut\/","og_locale":"fi_FI","og_type":"article","og_title":"Mukavat ja tyylikk\u00e4\u00e4t jogger-housut - Simon Jersey Suomi","og_description":"Jogger-housut ovat t\u00e4ydellinen valinta kaikille, jotka arvostavat mukavuutta ja tyyli\u00e4. Leve\u00e4 vy\u00f6t\u00e4r\u00f6nauha ja viistot vetoketjut takaavat erinomaisen istuvuuden, kun taas kapenevat lahkeet luovat modernin ja trendikk\u00e4\u00e4n siluetin.  Erityisest\u00e4 spandexilla rikastetusta kankaasta valmistetut housut ovat eritt\u00e4in joustavat ja uskomattoman mukavat. Huolellisesti suunnitellut saumat takaavat t\u00e4ydellisen istuvuuden ja korostavat ulkon\u00e4k\u00f6\u00e4. Lis\u00e4ksi housuissa on innovatiivinen PROTX2\u00ae-teknologia, joka neutraloi ep\u00e4miellytt\u00e4v\u00e4t hajut ja pit\u00e4\u00e4 sinut raikkaana my\u00f6s pitkien ja intensiivisten p\u00e4ivien aikana.  T\u00e4ydelliset jokap\u00e4iv\u00e4iseen k\u00e4ytt\u00f6\u00f6n, t\u00f6ihin tai vapaa-aikaan!  Materjaali: 95% polyester, 5% Spandex  Huolto: 70\u00b0  Koko : XXS-3XL  Pituus koolla M: 72 cm  Hoitopaitat t\u00e4\u00e4lt\u00e4!","og_url":"https:\/\/simonjersey.eu\/fi\/tuote\/mukavat-ja-tyylikkaat-jogger-housut\/","og_site_name":"Simon Jersey Suomi","article_modified_time":"2026-01-28T08:43:17+00:00","og_image":[{"width":800,"height":1200,"url":"https:\/\/simonjersey.eu\/fi\/wp-content\/uploads\/sites\/3\/2025\/03\/CKE110A-JOGGER-PUKSID-HALLID.jpg","type":"image\/jpeg"}],"twitter_card":"summary_large_image","twitter_misc":{"Arvioitu lukuaika":"1 minuutti"},"schema":{"@context":"https:\/\/schema.org","@graph":[{"@type":"WebPage","@id":"https:\/\/simonjersey.eu\/fi\/tuote\/mukavat-ja-tyylikkaat-jogger-housut\/","url":"https:\/\/simonjersey.eu\/fi\/tuote\/mukavat-ja-tyylikkaat-jogger-housut\/","name":"Mukavat ja tyylikk\u00e4\u00e4t jogger-housut - Simon Jersey Suomi","isPartOf":{"@id":"https:\/\/simonjersey.eu\/fi\/#website"},"primaryImageOfPage":{"@id":"https:\/\/simonjersey.eu\/fi\/tuote\/mukavat-ja-tyylikkaat-jogger-housut\/#primaryimage"},"image":{"@id":"https:\/\/simonjersey.eu\/fi\/tuote\/mukavat-ja-tyylikkaat-jogger-housut\/#primaryimage"},"thumbnailUrl":"https:\/\/simonjersey.eu\/fi\/wp-content\/uploads\/sites\/3\/2025\/03\/CKE110A-JOGGER-PUKSID-HALLID.jpg","datePublished":"2025-03-31T10:37:57+00:00","dateModified":"2026-01-28T08:43:17+00:00","breadcrumb":{"@id":"https:\/\/simonjersey.eu\/fi\/tuote\/mukavat-ja-tyylikkaat-jogger-housut\/#breadcrumb"},"inLanguage":"fi","potentialAction":[{"@type":"ReadAction","target":["https:\/\/simonjersey.eu\/fi\/tuote\/mukavat-ja-tyylikkaat-jogger-housut\/"]}]},{"@type":"ImageObject","inLanguage":"fi","@id":"https:\/\/simonjersey.eu\/fi\/tuote\/mukavat-ja-tyylikkaat-jogger-housut\/#primaryimage","url":"https:\/\/simonjersey.eu\/fi\/wp-content\/uploads\/sites\/3\/2025\/03\/CKE110A-JOGGER-PUKSID-HALLID.jpg","contentUrl":"https:\/\/simonjersey.eu\/fi\/wp-content\/uploads\/sites\/3\/2025\/03\/CKE110A-JOGGER-PUKSID-HALLID.jpg","width":800,"height":1200},{"@type":"BreadcrumbList","@id":"https:\/\/simonjersey.eu\/fi\/tuote\/mukavat-ja-tyylikkaat-jogger-housut\/#breadcrumb","itemListElement":[{"@type":"ListItem","position":1,"name":"Home","item":"https:\/\/simonjersey.eu\/fi\/"},{"@type":"ListItem","position":2,"name":"Verkkokauppa","item":"https:\/\/simonjersey.eu\/fi\/kauppaan\/"},{"@type":"ListItem","position":3,"name":"Mukavat ja tyylikk\u00e4\u00e4t jogger-housut"}]},{"@type":"WebSite","@id":"https:\/\/simonjersey.eu\/fi\/#website","url":"https:\/\/simonjersey.eu\/fi\/","name":"Simon Jersey Suomi","description":"Tyylikk\u00e4\u00e4t ja kest\u00e4v\u00e4t  ammattiasut","potentialAction":[{"@type":"SearchAction","target":{"@type":"EntryPoint","urlTemplate":"https:\/\/simonjersey.eu\/fi\/?s={search_term_string}"},"query-input":{"@type":"PropertyValueSpecification","valueRequired":true,"valueName":"search_term_string"}}],"inLanguage":"fi"}]}},"_links":{"self":[{"href":"https:\/\/simonjersey.eu\/fi\/wp-json\/wp\/v2\/product\/9296","targetHints":{"allow":["GET"]}}],"collection":[{"href":"https:\/\/simonjersey.eu\/fi\/wp-json\/wp\/v2\/product"}],"about":[{"href":"https:\/\/simonjersey.eu\/fi\/wp-json\/wp\/v2\/types\/product"}],"wp:featuredmedia":[{"embeddable":true,"href":"https:\/\/simonjersey.eu\/fi\/wp-json\/wp\/v2\/media\/9306"}],"wp:attachment":[{"href":"https:\/\/simonjersey.eu\/fi\/wp-json\/wp\/v2\/media?parent=9296"}],"wp:term":[{"taxonomy":"product_brand","embeddable":true,"href":"https:\/\/simonjersey.eu\/fi\/wp-json\/wp\/v2\/product_brand?post=9296"},{"taxonomy":"product_cat","embeddable":true,"href":"https:\/\/simonjersey.eu\/fi\/wp-json\/wp\/v2\/product_cat?post=9296"},{"taxonomy":"product_tag","embeddable":true,"href":"https:\/\/simonjersey.eu\/fi\/wp-json\/wp\/v2\/product_tag?post=9296"}],"curies":[{"name":"wp","href":"https:\/\/api.w.org\/{rel}","templated":true}]}}