{"id":9401,"date":"2025-06-05T09:34:36","date_gmt":"2025-06-05T09:34:36","guid":{"rendered":"https:\/\/simonjersey.eu\/fi\/?post_type=product&#038;p=9401"},"modified":"2025-06-05T09:40:41","modified_gmt":"2025-06-05T09:40:41","slug":"silkkikreppi-kauluspaita-bergamo","status":"publish","type":"product","link":"https:\/\/simonjersey.eu\/fi\/tuote\/silkkikreppi-kauluspaita-bergamo\/","title":{"rendered":"Silkkikreppi kauluspaita Bergamo"},"content":{"rendered":"","protected":false},"excerpt":{"rendered":"<p><strong>Pitk\u00e4hihainen naisten pusero \u2013 tyylik\u00e4s ja k\u00e4yt\u00e4nn\u00f6llinen<\/strong><\/p>\n<p>Kevyt ja v\u00e4h\u00e4silityst\u00e4 vaativa pusero sopii erinomaisesti vastaanottoon tai asiakaspalveluun. Valoa l\u00e4p\u00e4isem\u00e4t\u00f6n, mukava istuvuus ja klassinen napitus. Sis\u00e4lt\u00e4\u00e4 kierr\u00e4tetty\u00e4 polyesteri\u00e4 \u2013 hyv\u00e4 valinta sinulle ja ymp\u00e4rist\u00f6lle.<\/p>\n<p>Materiaali: 100% Polyester( recycled)<\/p>\n<p>Konepesu: 30 \u00b0 ( wool cycle)<\/p>\n<p>Koko UK: 6-26<\/p>\n","protected":false},"featured_media":9408,"template":"","meta":[],"product_brand":[],"product_cat":[41,55,56,63,80,15],"product_tag":[],"class_list":{"0":"post-9401","1":"product","2":"type-product","3":"status-publish","4":"has-post-thumbnail","6":"product_cat-ravintola-kahvila","7":"product_cat-naisten-kaluspaidat","8":"product_cat-hotelli-palveluammatit","9":"product_cat-naisten-kauluspaidat-hotelli-ja-palveluammatit","10":"product_cat-naisten-kauluspaidat-business-toimisto","11":"product_cat-naisten-kauluspaidat","13":"first","14":"instock","15":"taxable","16":"shipping-taxable","17":"purchasable","18":"product-type-variable","19":"has-default-attributes"},"yoast_head":"<!-- This site is optimized with the Yoast SEO plugin v27.2 - https:\/\/yoast.com\/product\/yoast-seo-wordpress\/ -->\n<title>Silkkikreppi kauluspaita Bergamo - Simon Jersey Suomi<\/title>\n<meta name=\"robots\" content=\"index, follow, max-snippet:-1, max-image-preview:large, max-video-preview:-1\" \/>\n<link rel=\"canonical\" href=\"https:\/\/simonjersey.eu\/fi\/tuote\/silkkikreppi-kauluspaita-bergamo\/\" \/>\n<meta property=\"og:locale\" content=\"fi_FI\" \/>\n<meta property=\"og:type\" content=\"article\" \/>\n<meta property=\"og:title\" content=\"Silkkikreppi kauluspaita Bergamo - Simon Jersey Suomi\" \/>\n<meta property=\"og:description\" content=\"Pitk\u00e4hihainen naisten pusero \u2013 tyylik\u00e4s ja k\u00e4yt\u00e4nn\u00f6llinen  Kevyt ja v\u00e4h\u00e4silityst\u00e4 vaativa pusero sopii erinomaisesti vastaanottoon tai asiakaspalveluun. Valoa l\u00e4p\u00e4isem\u00e4t\u00f6n, mukava istuvuus ja klassinen napitus. Sis\u00e4lt\u00e4\u00e4 kierr\u00e4tetty\u00e4 polyesteri\u00e4 \u2013 hyv\u00e4 valinta sinulle ja ymp\u00e4rist\u00f6lle.  Materiaali: 100% Polyester( recycled)  Konepesu: 30 \u00b0 ( wool cycle)  Koko UK: 6-26\" \/>\n<meta property=\"og:url\" content=\"https:\/\/simonjersey.eu\/fi\/tuote\/silkkikreppi-kauluspaita-bergamo\/\" \/>\n<meta property=\"og:site_name\" content=\"Simon Jersey Suomi\" \/>\n<meta property=\"article:modified_time\" content=\"2025-06-05T09:40:41+00:00\" \/>\n<meta property=\"og:image\" content=\"https:\/\/simonjersey.eu\/fi\/wp-content\/uploads\/sites\/3\/2025\/06\/Bergamo-Como-Pink-scaled.jpg\" \/>\n\t<meta property=\"og:image:width\" content=\"2272\" \/>\n\t<meta property=\"og:image:height\" content=\"2560\" \/>\n\t<meta property=\"og:image:type\" content=\"image\/jpeg\" \/>\n<meta name=\"twitter:card\" content=\"summary_large_image\" \/>\n<meta name=\"twitter:label1\" content=\"Arvioitu lukuaika\" \/>\n\t<meta name=\"twitter:data1\" content=\"1 minuutti\" \/>\n<script type=\"application\/ld+json\" class=\"yoast-schema-graph\">{\"@context\":\"https:\/\/schema.org\",\"@graph\":[{\"@type\":\"WebPage\",\"@id\":\"https:\/\/simonjersey.eu\/fi\/tuote\/silkkikreppi-kauluspaita-bergamo\/\",\"url\":\"https:\/\/simonjersey.eu\/fi\/tuote\/silkkikreppi-kauluspaita-bergamo\/\",\"name\":\"Silkkikreppi kauluspaita Bergamo - Simon Jersey Suomi\",\"isPartOf\":{\"@id\":\"https:\/\/simonjersey.eu\/fi\/#website\"},\"primaryImageOfPage\":{\"@id\":\"https:\/\/simonjersey.eu\/fi\/tuote\/silkkikreppi-kauluspaita-bergamo\/#primaryimage\"},\"image\":{\"@id\":\"https:\/\/simonjersey.eu\/fi\/tuote\/silkkikreppi-kauluspaita-bergamo\/#primaryimage\"},\"thumbnailUrl\":\"https:\/\/simonjersey.eu\/fi\/wp-content\/uploads\/sites\/3\/2025\/06\/Bergamo-Como-Pink-scaled.jpg\",\"datePublished\":\"2025-06-05T09:34:36+00:00\",\"dateModified\":\"2025-06-05T09:40:41+00:00\",\"breadcrumb\":{\"@id\":\"https:\/\/simonjersey.eu\/fi\/tuote\/silkkikreppi-kauluspaita-bergamo\/#breadcrumb\"},\"inLanguage\":\"fi\",\"potentialAction\":[{\"@type\":\"ReadAction\",\"target\":[\"https:\/\/simonjersey.eu\/fi\/tuote\/silkkikreppi-kauluspaita-bergamo\/\"]}]},{\"@type\":\"ImageObject\",\"inLanguage\":\"fi\",\"@id\":\"https:\/\/simonjersey.eu\/fi\/tuote\/silkkikreppi-kauluspaita-bergamo\/#primaryimage\",\"url\":\"https:\/\/simonjersey.eu\/fi\/wp-content\/uploads\/sites\/3\/2025\/06\/Bergamo-Como-Pink-scaled.jpg\",\"contentUrl\":\"https:\/\/simonjersey.eu\/fi\/wp-content\/uploads\/sites\/3\/2025\/06\/Bergamo-Como-Pink-scaled.jpg\",\"width\":2272,\"height\":2560},{\"@type\":\"BreadcrumbList\",\"@id\":\"https:\/\/simonjersey.eu\/fi\/tuote\/silkkikreppi-kauluspaita-bergamo\/#breadcrumb\",\"itemListElement\":[{\"@type\":\"ListItem\",\"position\":1,\"name\":\"Home\",\"item\":\"https:\/\/simonjersey.eu\/fi\/\"},{\"@type\":\"ListItem\",\"position\":2,\"name\":\"Verkkokauppa\",\"item\":\"https:\/\/simonjersey.eu\/fi\/kauppaan\/\"},{\"@type\":\"ListItem\",\"position\":3,\"name\":\"Silkkikreppi kauluspaita Bergamo\"}]},{\"@type\":\"WebSite\",\"@id\":\"https:\/\/simonjersey.eu\/fi\/#website\",\"url\":\"https:\/\/simonjersey.eu\/fi\/\",\"name\":\"Simon Jersey Suomi\",\"description\":\"Tyylikk\u00e4\u00e4t ja kest\u00e4v\u00e4t  ammattiasut\",\"potentialAction\":[{\"@type\":\"SearchAction\",\"target\":{\"@type\":\"EntryPoint\",\"urlTemplate\":\"https:\/\/simonjersey.eu\/fi\/?s={search_term_string}\"},\"query-input\":{\"@type\":\"PropertyValueSpecification\",\"valueRequired\":true,\"valueName\":\"search_term_string\"}}],\"inLanguage\":\"fi\"}]}<\/script>\n<!-- \/ Yoast SEO plugin. -->","yoast_head_json":{"title":"Silkkikreppi kauluspaita Bergamo - Simon Jersey Suomi","robots":{"index":"index","follow":"follow","max-snippet":"max-snippet:-1","max-image-preview":"max-image-preview:large","max-video-preview":"max-video-preview:-1"},"canonical":"https:\/\/simonjersey.eu\/fi\/tuote\/silkkikreppi-kauluspaita-bergamo\/","og_locale":"fi_FI","og_type":"article","og_title":"Silkkikreppi kauluspaita Bergamo - Simon Jersey Suomi","og_description":"Pitk\u00e4hihainen naisten pusero \u2013 tyylik\u00e4s ja k\u00e4yt\u00e4nn\u00f6llinen  Kevyt ja v\u00e4h\u00e4silityst\u00e4 vaativa pusero sopii erinomaisesti vastaanottoon tai asiakaspalveluun. Valoa l\u00e4p\u00e4isem\u00e4t\u00f6n, mukava istuvuus ja klassinen napitus. Sis\u00e4lt\u00e4\u00e4 kierr\u00e4tetty\u00e4 polyesteri\u00e4 \u2013 hyv\u00e4 valinta sinulle ja ymp\u00e4rist\u00f6lle.  Materiaali: 100% Polyester( recycled)  Konepesu: 30 \u00b0 ( wool cycle)  Koko UK: 6-26","og_url":"https:\/\/simonjersey.eu\/fi\/tuote\/silkkikreppi-kauluspaita-bergamo\/","og_site_name":"Simon Jersey Suomi","article_modified_time":"2025-06-05T09:40:41+00:00","og_image":[{"width":2272,"height":2560,"url":"https:\/\/simonjersey.eu\/fi\/wp-content\/uploads\/sites\/3\/2025\/06\/Bergamo-Como-Pink-scaled.jpg","type":"image\/jpeg"}],"twitter_card":"summary_large_image","twitter_misc":{"Arvioitu lukuaika":"1 minuutti"},"schema":{"@context":"https:\/\/schema.org","@graph":[{"@type":"WebPage","@id":"https:\/\/simonjersey.eu\/fi\/tuote\/silkkikreppi-kauluspaita-bergamo\/","url":"https:\/\/simonjersey.eu\/fi\/tuote\/silkkikreppi-kauluspaita-bergamo\/","name":"Silkkikreppi kauluspaita Bergamo - Simon Jersey Suomi","isPartOf":{"@id":"https:\/\/simonjersey.eu\/fi\/#website"},"primaryImageOfPage":{"@id":"https:\/\/simonjersey.eu\/fi\/tuote\/silkkikreppi-kauluspaita-bergamo\/#primaryimage"},"image":{"@id":"https:\/\/simonjersey.eu\/fi\/tuote\/silkkikreppi-kauluspaita-bergamo\/#primaryimage"},"thumbnailUrl":"https:\/\/simonjersey.eu\/fi\/wp-content\/uploads\/sites\/3\/2025\/06\/Bergamo-Como-Pink-scaled.jpg","datePublished":"2025-06-05T09:34:36+00:00","dateModified":"2025-06-05T09:40:41+00:00","breadcrumb":{"@id":"https:\/\/simonjersey.eu\/fi\/tuote\/silkkikreppi-kauluspaita-bergamo\/#breadcrumb"},"inLanguage":"fi","potentialAction":[{"@type":"ReadAction","target":["https:\/\/simonjersey.eu\/fi\/tuote\/silkkikreppi-kauluspaita-bergamo\/"]}]},{"@type":"ImageObject","inLanguage":"fi","@id":"https:\/\/simonjersey.eu\/fi\/tuote\/silkkikreppi-kauluspaita-bergamo\/#primaryimage","url":"https:\/\/simonjersey.eu\/fi\/wp-content\/uploads\/sites\/3\/2025\/06\/Bergamo-Como-Pink-scaled.jpg","contentUrl":"https:\/\/simonjersey.eu\/fi\/wp-content\/uploads\/sites\/3\/2025\/06\/Bergamo-Como-Pink-scaled.jpg","width":2272,"height":2560},{"@type":"BreadcrumbList","@id":"https:\/\/simonjersey.eu\/fi\/tuote\/silkkikreppi-kauluspaita-bergamo\/#breadcrumb","itemListElement":[{"@type":"ListItem","position":1,"name":"Home","item":"https:\/\/simonjersey.eu\/fi\/"},{"@type":"ListItem","position":2,"name":"Verkkokauppa","item":"https:\/\/simonjersey.eu\/fi\/kauppaan\/"},{"@type":"ListItem","position":3,"name":"Silkkikreppi kauluspaita Bergamo"}]},{"@type":"WebSite","@id":"https:\/\/simonjersey.eu\/fi\/#website","url":"https:\/\/simonjersey.eu\/fi\/","name":"Simon Jersey Suomi","description":"Tyylikk\u00e4\u00e4t ja kest\u00e4v\u00e4t  ammattiasut","potentialAction":[{"@type":"SearchAction","target":{"@type":"EntryPoint","urlTemplate":"https:\/\/simonjersey.eu\/fi\/?s={search_term_string}"},"query-input":{"@type":"PropertyValueSpecification","valueRequired":true,"valueName":"search_term_string"}}],"inLanguage":"fi"}]}},"_links":{"self":[{"href":"https:\/\/simonjersey.eu\/fi\/wp-json\/wp\/v2\/product\/9401","targetHints":{"allow":["GET"]}}],"collection":[{"href":"https:\/\/simonjersey.eu\/fi\/wp-json\/wp\/v2\/product"}],"about":[{"href":"https:\/\/simonjersey.eu\/fi\/wp-json\/wp\/v2\/types\/product"}],"wp:featuredmedia":[{"embeddable":true,"href":"https:\/\/simonjersey.eu\/fi\/wp-json\/wp\/v2\/media\/9408"}],"wp:attachment":[{"href":"https:\/\/simonjersey.eu\/fi\/wp-json\/wp\/v2\/media?parent=9401"}],"wp:term":[{"taxonomy":"product_brand","embeddable":true,"href":"https:\/\/simonjersey.eu\/fi\/wp-json\/wp\/v2\/product_brand?post=9401"},{"taxonomy":"product_cat","embeddable":true,"href":"https:\/\/simonjersey.eu\/fi\/wp-json\/wp\/v2\/product_cat?post=9401"},{"taxonomy":"product_tag","embeddable":true,"href":"https:\/\/simonjersey.eu\/fi\/wp-json\/wp\/v2\/product_tag?post=9401"}],"curies":[{"name":"wp","href":"https:\/\/api.w.org\/{rel}","templated":true}]}}