{"id":9440,"date":"2025-07-29T11:03:45","date_gmt":"2025-07-29T11:03:45","guid":{"rendered":"https:\/\/simonjersey.eu\/fi\/?post_type=product&#038;p=9440"},"modified":"2025-07-29T11:25:23","modified_gmt":"2025-07-29T11:25:23","slug":"healing-hands-monica-v-kaula-aukkoinen-tyopaita","status":"publish","type":"product","link":"https:\/\/simonjersey.eu\/fi\/tuote\/healing-hands-monica-v-kaula-aukkoinen-tyopaita\/","title":{"rendered":"Healing Hands Monica V-kaula-aukkoinen ty\u00f6paita"},"content":{"rendered":"","protected":false},"excerpt":{"rendered":"<p><strong>\u00a0Healing Hands Monica V-kaula-aukkoinen ty\u00f6paita<\/strong> on suunniteltu maksimaalista mukavuutta varten ja on edelleen suosittu valinta ty\u00f6vaatteeksi. Paidassa on vartaloa imarteleva leikkaus ja se on valmistettu helposti hoidettavasta, nelj\u00e4\u00e4n suuntaan joustavasta kankaasta, joka takaa liikkumisen vapauden koko p\u00e4iv\u00e4n ajan.<\/p>\n<ul>\n<li>Moderni istuvuus<\/li>\n<li>Yhteens\u00e4 nelj\u00e4 taskua<\/li>\n<li>Muotoon ommellut etu- ja takasaumat<\/li>\n<li>Sivuhalkiot<\/li>\n<li>Takana muotolaskokset<\/li>\n<\/ul>\n<p><strong>Materiaali:<\/strong> 91 % polyesteri \/ 9 % elastaani<br \/>\n<strong>Hoito-ohjeet:<\/strong> Konepesu kylm\u00e4ll\u00e4 vedell\u00e4 samanv\u00e4risten kanssa. K\u00e4yt\u00e4 vain klooritonta valkaisuainetta tarvittaessa. Kuivaa matalassa l\u00e4mp\u00f6tilassa ja poista koneesta heti pesun j\u00e4lkeen. Silitys l\u00e4mpim\u00e4ll\u00e4 raudalla tarpeen mukaan.<\/p>\n<p>Koko: XXS-3XL<\/p>\n<p>Koon M pituus on noin 68,5 cm.<\/p>\n<p>L\u00f6yd\u00e4 sopivat housut\u00a0<a href=\"https:\/\/simonjersey.eu\/fi\/tuote\/healing-hands-rebecca-tyohoitohousut\/\"><strong>t\u00e4\u00e4lt\u00e4<\/strong><\/a><strong>!<\/strong><\/p>\n","protected":false},"featured_media":9449,"template":"","meta":[],"product_brand":[],"product_cat":[36,39,69,70,30],"product_tag":[],"class_list":{"0":"post-9440","1":"product","2":"type-product","3":"status-publish","4":"has-post-thumbnail","6":"product_cat-kauneus-spa","7":"product_cat-tunikat-kauneus-spa","8":"product_cat-hyvinvoinit-hoitoala","9":"product_cat-naisten-hoitopaidat-ja-jakut","10":"product_cat-laakealan-vaatteet","12":"first","13":"instock","14":"taxable","15":"shipping-taxable","16":"purchasable","17":"product-type-variable","18":"has-default-attributes"},"yoast_head":"<!-- This site is optimized with the Yoast SEO plugin v27.2 - https:\/\/yoast.com\/product\/yoast-seo-wordpress\/ -->\n<title>Healing Hands Monica V-kaula-aukkoinen ty\u00f6paita - Simon Jersey Suomi<\/title>\n<meta name=\"robots\" content=\"index, follow, max-snippet:-1, max-image-preview:large, max-video-preview:-1\" \/>\n<link rel=\"canonical\" href=\"https:\/\/simonjersey.eu\/fi\/tuote\/healing-hands-monica-v-kaula-aukkoinen-tyopaita\/\" \/>\n<meta property=\"og:locale\" content=\"fi_FI\" \/>\n<meta property=\"og:type\" content=\"article\" \/>\n<meta property=\"og:title\" content=\"Healing Hands Monica V-kaula-aukkoinen ty\u00f6paita - Simon Jersey Suomi\" \/>\n<meta property=\"og:description\" content=\"\u00a0Healing Hands Monica V-kaula-aukkoinen ty\u00f6paita on suunniteltu maksimaalista mukavuutta varten ja on edelleen suosittu valinta ty\u00f6vaatteeksi. Paidassa on vartaloa imarteleva leikkaus ja se on valmistettu helposti hoidettavasta, nelj\u00e4\u00e4n suuntaan joustavasta kankaasta, joka takaa liikkumisen vapauden koko p\u00e4iv\u00e4n ajan.   Moderni istuvuus  Yhteens\u00e4 nelj\u00e4 taskua  Muotoon ommellut etu- ja takasaumat  Sivuhalkiot  Takana muotolaskokset  Materiaali: 91 % polyesteri \/ 9 % elastaani Hoito-ohjeet: Konepesu kylm\u00e4ll\u00e4 vedell\u00e4 samanv\u00e4risten kanssa. K\u00e4yt\u00e4 vain klooritonta valkaisuainetta tarvittaessa. Kuivaa matalassa l\u00e4mp\u00f6tilassa ja poista koneesta heti pesun j\u00e4lkeen. Silitys l\u00e4mpim\u00e4ll\u00e4 raudalla tarpeen mukaan.  Koko: XXS-3XL  Koon M pituus on noin 68,5 cm.  L\u00f6yd\u00e4 sopivat housut\u00a0t\u00e4\u00e4lt\u00e4!\" \/>\n<meta property=\"og:url\" content=\"https:\/\/simonjersey.eu\/fi\/tuote\/healing-hands-monica-v-kaula-aukkoinen-tyopaita\/\" \/>\n<meta property=\"og:site_name\" content=\"Simon Jersey Suomi\" \/>\n<meta property=\"article:modified_time\" content=\"2025-07-29T11:25:23+00:00\" \/>\n<meta property=\"og:image\" content=\"https:\/\/simonjersey.eu\/fi\/wp-content\/uploads\/sites\/3\/2025\/07\/2500_KHAKI_RIGHT.jpg\" \/>\n\t<meta property=\"og:image:width\" content=\"700\" \/>\n\t<meta property=\"og:image:height\" content=\"1050\" \/>\n\t<meta property=\"og:image:type\" content=\"image\/jpeg\" \/>\n<meta name=\"twitter:card\" content=\"summary_large_image\" \/>\n<meta name=\"twitter:label1\" content=\"Arvioitu lukuaika\" \/>\n\t<meta name=\"twitter:data1\" content=\"1 minuutti\" \/>\n<script type=\"application\/ld+json\" class=\"yoast-schema-graph\">{\"@context\":\"https:\/\/schema.org\",\"@graph\":[{\"@type\":\"WebPage\",\"@id\":\"https:\/\/simonjersey.eu\/fi\/tuote\/healing-hands-monica-v-kaula-aukkoinen-tyopaita\/\",\"url\":\"https:\/\/simonjersey.eu\/fi\/tuote\/healing-hands-monica-v-kaula-aukkoinen-tyopaita\/\",\"name\":\"Healing Hands Monica V-kaula-aukkoinen ty\u00f6paita - Simon Jersey Suomi\",\"isPartOf\":{\"@id\":\"https:\/\/simonjersey.eu\/fi\/#website\"},\"primaryImageOfPage\":{\"@id\":\"https:\/\/simonjersey.eu\/fi\/tuote\/healing-hands-monica-v-kaula-aukkoinen-tyopaita\/#primaryimage\"},\"image\":{\"@id\":\"https:\/\/simonjersey.eu\/fi\/tuote\/healing-hands-monica-v-kaula-aukkoinen-tyopaita\/#primaryimage\"},\"thumbnailUrl\":\"https:\/\/simonjersey.eu\/fi\/wp-content\/uploads\/sites\/3\/2025\/07\/2500_KHAKI_RIGHT.jpg\",\"datePublished\":\"2025-07-29T11:03:45+00:00\",\"dateModified\":\"2025-07-29T11:25:23+00:00\",\"breadcrumb\":{\"@id\":\"https:\/\/simonjersey.eu\/fi\/tuote\/healing-hands-monica-v-kaula-aukkoinen-tyopaita\/#breadcrumb\"},\"inLanguage\":\"fi\",\"potentialAction\":[{\"@type\":\"ReadAction\",\"target\":[\"https:\/\/simonjersey.eu\/fi\/tuote\/healing-hands-monica-v-kaula-aukkoinen-tyopaita\/\"]}]},{\"@type\":\"ImageObject\",\"inLanguage\":\"fi\",\"@id\":\"https:\/\/simonjersey.eu\/fi\/tuote\/healing-hands-monica-v-kaula-aukkoinen-tyopaita\/#primaryimage\",\"url\":\"https:\/\/simonjersey.eu\/fi\/wp-content\/uploads\/sites\/3\/2025\/07\/2500_KHAKI_RIGHT.jpg\",\"contentUrl\":\"https:\/\/simonjersey.eu\/fi\/wp-content\/uploads\/sites\/3\/2025\/07\/2500_KHAKI_RIGHT.jpg\",\"width\":700,\"height\":1050},{\"@type\":\"BreadcrumbList\",\"@id\":\"https:\/\/simonjersey.eu\/fi\/tuote\/healing-hands-monica-v-kaula-aukkoinen-tyopaita\/#breadcrumb\",\"itemListElement\":[{\"@type\":\"ListItem\",\"position\":1,\"name\":\"Home\",\"item\":\"https:\/\/simonjersey.eu\/fi\/\"},{\"@type\":\"ListItem\",\"position\":2,\"name\":\"Verkkokauppa\",\"item\":\"https:\/\/simonjersey.eu\/fi\/kauppaan\/\"},{\"@type\":\"ListItem\",\"position\":3,\"name\":\"Healing Hands Monica V-kaula-aukkoinen ty\u00f6paita\"}]},{\"@type\":\"WebSite\",\"@id\":\"https:\/\/simonjersey.eu\/fi\/#website\",\"url\":\"https:\/\/simonjersey.eu\/fi\/\",\"name\":\"Simon Jersey Suomi\",\"description\":\"Tyylikk\u00e4\u00e4t ja kest\u00e4v\u00e4t  ammattiasut\",\"potentialAction\":[{\"@type\":\"SearchAction\",\"target\":{\"@type\":\"EntryPoint\",\"urlTemplate\":\"https:\/\/simonjersey.eu\/fi\/?s={search_term_string}\"},\"query-input\":{\"@type\":\"PropertyValueSpecification\",\"valueRequired\":true,\"valueName\":\"search_term_string\"}}],\"inLanguage\":\"fi\"}]}<\/script>\n<!-- \/ Yoast SEO plugin. -->","yoast_head_json":{"title":"Healing Hands Monica V-kaula-aukkoinen ty\u00f6paita - Simon Jersey Suomi","robots":{"index":"index","follow":"follow","max-snippet":"max-snippet:-1","max-image-preview":"max-image-preview:large","max-video-preview":"max-video-preview:-1"},"canonical":"https:\/\/simonjersey.eu\/fi\/tuote\/healing-hands-monica-v-kaula-aukkoinen-tyopaita\/","og_locale":"fi_FI","og_type":"article","og_title":"Healing Hands Monica V-kaula-aukkoinen ty\u00f6paita - Simon Jersey Suomi","og_description":"\u00a0Healing Hands Monica V-kaula-aukkoinen ty\u00f6paita on suunniteltu maksimaalista mukavuutta varten ja on edelleen suosittu valinta ty\u00f6vaatteeksi. Paidassa on vartaloa imarteleva leikkaus ja se on valmistettu helposti hoidettavasta, nelj\u00e4\u00e4n suuntaan joustavasta kankaasta, joka takaa liikkumisen vapauden koko p\u00e4iv\u00e4n ajan.   Moderni istuvuus  Yhteens\u00e4 nelj\u00e4 taskua  Muotoon ommellut etu- ja takasaumat  Sivuhalkiot  Takana muotolaskokset  Materiaali: 91 % polyesteri \/ 9 % elastaani Hoito-ohjeet: Konepesu kylm\u00e4ll\u00e4 vedell\u00e4 samanv\u00e4risten kanssa. K\u00e4yt\u00e4 vain klooritonta valkaisuainetta tarvittaessa. Kuivaa matalassa l\u00e4mp\u00f6tilassa ja poista koneesta heti pesun j\u00e4lkeen. Silitys l\u00e4mpim\u00e4ll\u00e4 raudalla tarpeen mukaan.  Koko: XXS-3XL  Koon M pituus on noin 68,5 cm.  L\u00f6yd\u00e4 sopivat housut\u00a0t\u00e4\u00e4lt\u00e4!","og_url":"https:\/\/simonjersey.eu\/fi\/tuote\/healing-hands-monica-v-kaula-aukkoinen-tyopaita\/","og_site_name":"Simon Jersey Suomi","article_modified_time":"2025-07-29T11:25:23+00:00","og_image":[{"width":700,"height":1050,"url":"https:\/\/simonjersey.eu\/fi\/wp-content\/uploads\/sites\/3\/2025\/07\/2500_KHAKI_RIGHT.jpg","type":"image\/jpeg"}],"twitter_card":"summary_large_image","twitter_misc":{"Arvioitu lukuaika":"1 minuutti"},"schema":{"@context":"https:\/\/schema.org","@graph":[{"@type":"WebPage","@id":"https:\/\/simonjersey.eu\/fi\/tuote\/healing-hands-monica-v-kaula-aukkoinen-tyopaita\/","url":"https:\/\/simonjersey.eu\/fi\/tuote\/healing-hands-monica-v-kaula-aukkoinen-tyopaita\/","name":"Healing Hands Monica V-kaula-aukkoinen ty\u00f6paita - Simon Jersey Suomi","isPartOf":{"@id":"https:\/\/simonjersey.eu\/fi\/#website"},"primaryImageOfPage":{"@id":"https:\/\/simonjersey.eu\/fi\/tuote\/healing-hands-monica-v-kaula-aukkoinen-tyopaita\/#primaryimage"},"image":{"@id":"https:\/\/simonjersey.eu\/fi\/tuote\/healing-hands-monica-v-kaula-aukkoinen-tyopaita\/#primaryimage"},"thumbnailUrl":"https:\/\/simonjersey.eu\/fi\/wp-content\/uploads\/sites\/3\/2025\/07\/2500_KHAKI_RIGHT.jpg","datePublished":"2025-07-29T11:03:45+00:00","dateModified":"2025-07-29T11:25:23+00:00","breadcrumb":{"@id":"https:\/\/simonjersey.eu\/fi\/tuote\/healing-hands-monica-v-kaula-aukkoinen-tyopaita\/#breadcrumb"},"inLanguage":"fi","potentialAction":[{"@type":"ReadAction","target":["https:\/\/simonjersey.eu\/fi\/tuote\/healing-hands-monica-v-kaula-aukkoinen-tyopaita\/"]}]},{"@type":"ImageObject","inLanguage":"fi","@id":"https:\/\/simonjersey.eu\/fi\/tuote\/healing-hands-monica-v-kaula-aukkoinen-tyopaita\/#primaryimage","url":"https:\/\/simonjersey.eu\/fi\/wp-content\/uploads\/sites\/3\/2025\/07\/2500_KHAKI_RIGHT.jpg","contentUrl":"https:\/\/simonjersey.eu\/fi\/wp-content\/uploads\/sites\/3\/2025\/07\/2500_KHAKI_RIGHT.jpg","width":700,"height":1050},{"@type":"BreadcrumbList","@id":"https:\/\/simonjersey.eu\/fi\/tuote\/healing-hands-monica-v-kaula-aukkoinen-tyopaita\/#breadcrumb","itemListElement":[{"@type":"ListItem","position":1,"name":"Home","item":"https:\/\/simonjersey.eu\/fi\/"},{"@type":"ListItem","position":2,"name":"Verkkokauppa","item":"https:\/\/simonjersey.eu\/fi\/kauppaan\/"},{"@type":"ListItem","position":3,"name":"Healing Hands Monica V-kaula-aukkoinen ty\u00f6paita"}]},{"@type":"WebSite","@id":"https:\/\/simonjersey.eu\/fi\/#website","url":"https:\/\/simonjersey.eu\/fi\/","name":"Simon Jersey Suomi","description":"Tyylikk\u00e4\u00e4t ja kest\u00e4v\u00e4t  ammattiasut","potentialAction":[{"@type":"SearchAction","target":{"@type":"EntryPoint","urlTemplate":"https:\/\/simonjersey.eu\/fi\/?s={search_term_string}"},"query-input":{"@type":"PropertyValueSpecification","valueRequired":true,"valueName":"search_term_string"}}],"inLanguage":"fi"}]}},"_links":{"self":[{"href":"https:\/\/simonjersey.eu\/fi\/wp-json\/wp\/v2\/product\/9440","targetHints":{"allow":["GET"]}}],"collection":[{"href":"https:\/\/simonjersey.eu\/fi\/wp-json\/wp\/v2\/product"}],"about":[{"href":"https:\/\/simonjersey.eu\/fi\/wp-json\/wp\/v2\/types\/product"}],"wp:featuredmedia":[{"embeddable":true,"href":"https:\/\/simonjersey.eu\/fi\/wp-json\/wp\/v2\/media\/9449"}],"wp:attachment":[{"href":"https:\/\/simonjersey.eu\/fi\/wp-json\/wp\/v2\/media?parent=9440"}],"wp:term":[{"taxonomy":"product_brand","embeddable":true,"href":"https:\/\/simonjersey.eu\/fi\/wp-json\/wp\/v2\/product_brand?post=9440"},{"taxonomy":"product_cat","embeddable":true,"href":"https:\/\/simonjersey.eu\/fi\/wp-json\/wp\/v2\/product_cat?post=9440"},{"taxonomy":"product_tag","embeddable":true,"href":"https:\/\/simonjersey.eu\/fi\/wp-json\/wp\/v2\/product_tag?post=9440"}],"curies":[{"name":"wp","href":"https:\/\/api.w.org\/{rel}","templated":true}]}}