{"id":9457,"date":"2025-07-29T11:17:53","date_gmt":"2025-07-29T11:17:53","guid":{"rendered":"https:\/\/simonjersey.eu\/fi\/?post_type=product&#038;p=9457"},"modified":"2025-07-29T11:23:33","modified_gmt":"2025-07-29T11:23:33","slug":"healing-hands-rebecca-tyohoitohousut","status":"publish","type":"product","link":"https:\/\/simonjersey.eu\/fi\/tuote\/healing-hands-rebecca-tyohoitohousut\/","title":{"rendered":"Healing Hands Rebecca ty\u00f6hoitohousut"},"content":{"rendered":"","protected":false},"excerpt":{"rendered":"<p>Mukavat, joustavat ja nopeasti kuivuvat ty\u00f6p\u00f6ksyt modernilla leikkauksella. T\u00e4ydellinen valinta aktiiviseen ty\u00f6p\u00e4iv\u00e4\u00e4n.<\/p>\n<ul>\n<li data-start=\"799\" data-end=\"826\">Joustava vy\u00f6t\u00e4r\u00f6 nauhalla<\/li>\n<li data-start=\"829\" data-end=\"845\">Suorat lahkeet<\/li>\n<li data-start=\"848\" data-end=\"887\">6 taskua, mm. tuplacargo ja kyn\u00e4tasku<\/li>\n<li data-start=\"890\" data-end=\"924\">Lahkeissa halkiot, valevetoketju<\/li>\n<li data-start=\"927\" data-end=\"958\">Sis\u00e4lahkeen pituus (M): 80 cm<\/li>\n<\/ul>\n<p data-start=\"960\" data-end=\"1067\"><strong data-start=\"960\" data-end=\"975\">Materiaali:<\/strong> 91 % polyesteri \/ 9 % elastaani<br data-start=\"1007\" data-end=\"1010\" \/><strong data-start=\"1010\" data-end=\"1020\">Hoito:<\/strong> Konepesu kylm\u00e4ss\u00e4, kuivaus matalassa l\u00e4mm\u00f6ss\u00e4.<\/p>\n<p>Koot: XXS-3XL<\/p>\n<p>L\u00f6yd\u00e4 sopivat paitat\u00a0<a href=\"https:\/\/simonjersey.eu\/fi\/tuote\/healing-hands-monica-v-kaula-aukkoinen-tyopaita\/\"><strong>t\u00e4\u00e4lt\u00e4<\/strong><\/a><strong>!<\/strong><\/p>\n","protected":false},"featured_media":9469,"template":"","meta":[],"product_brand":[],"product_cat":[36,38,69,72,18],"product_tag":[],"class_list":{"0":"post-9457","1":"product","2":"type-product","3":"status-publish","4":"has-post-thumbnail","6":"product_cat-kauneus-spa","7":"product_cat-housut","8":"product_cat-hyvinvoinit-hoitoala","9":"product_cat-laakeala-housut","10":"product_cat-naisten-housut","12":"first","13":"instock","14":"taxable","15":"shipping-taxable","16":"purchasable","17":"product-type-variable","18":"has-default-attributes"},"yoast_head":"<!-- This site is optimized with the Yoast SEO plugin v27.2 - https:\/\/yoast.com\/product\/yoast-seo-wordpress\/ -->\n<title>Healing Hands Rebecca ty\u00f6hoitohousut - Simon Jersey Suomi<\/title>\n<meta name=\"robots\" content=\"index, follow, max-snippet:-1, max-image-preview:large, max-video-preview:-1\" \/>\n<link rel=\"canonical\" href=\"https:\/\/simonjersey.eu\/fi\/tuote\/healing-hands-rebecca-tyohoitohousut\/\" \/>\n<meta property=\"og:locale\" content=\"fi_FI\" \/>\n<meta property=\"og:type\" content=\"article\" \/>\n<meta property=\"og:title\" content=\"Healing Hands Rebecca ty\u00f6hoitohousut - Simon Jersey Suomi\" \/>\n<meta property=\"og:description\" content=\"Mukavat, joustavat ja nopeasti kuivuvat ty\u00f6p\u00f6ksyt modernilla leikkauksella. T\u00e4ydellinen valinta aktiiviseen ty\u00f6p\u00e4iv\u00e4\u00e4n.   Joustava vy\u00f6t\u00e4r\u00f6 nauhalla  Suorat lahkeet  6 taskua, mm. tuplacargo ja kyn\u00e4tasku  Lahkeissa halkiot, valevetoketju  Sis\u00e4lahkeen pituus (M): 80 cm  Materiaali: 91 % polyesteri \/ 9 % elastaaniHoito: Konepesu kylm\u00e4ss\u00e4, kuivaus matalassa l\u00e4mm\u00f6ss\u00e4. Koot: XXS-3XL  L\u00f6yd\u00e4 sopivat paitat\u00a0t\u00e4\u00e4lt\u00e4!\" \/>\n<meta property=\"og:url\" content=\"https:\/\/simonjersey.eu\/fi\/tuote\/healing-hands-rebecca-tyohoitohousut\/\" \/>\n<meta property=\"og:site_name\" content=\"Simon Jersey Suomi\" \/>\n<meta property=\"article:modified_time\" content=\"2025-07-29T11:23:33+00:00\" \/>\n<meta property=\"og:image\" content=\"https:\/\/simonjersey.eu\/fi\/wp-content\/uploads\/sites\/3\/2025\/07\/HHE9560_KHAKI.jpg\" \/>\n\t<meta property=\"og:image:width\" content=\"1100\" \/>\n\t<meta property=\"og:image:height\" content=\"1600\" \/>\n\t<meta property=\"og:image:type\" content=\"image\/jpeg\" \/>\n<meta name=\"twitter:card\" content=\"summary_large_image\" \/>\n<meta name=\"twitter:label1\" content=\"Arvioitu lukuaika\" \/>\n\t<meta name=\"twitter:data1\" content=\"1 minuutti\" \/>\n<script type=\"application\/ld+json\" class=\"yoast-schema-graph\">{\"@context\":\"https:\/\/schema.org\",\"@graph\":[{\"@type\":\"WebPage\",\"@id\":\"https:\/\/simonjersey.eu\/fi\/tuote\/healing-hands-rebecca-tyohoitohousut\/\",\"url\":\"https:\/\/simonjersey.eu\/fi\/tuote\/healing-hands-rebecca-tyohoitohousut\/\",\"name\":\"Healing Hands Rebecca ty\u00f6hoitohousut - Simon Jersey Suomi\",\"isPartOf\":{\"@id\":\"https:\/\/simonjersey.eu\/fi\/#website\"},\"primaryImageOfPage\":{\"@id\":\"https:\/\/simonjersey.eu\/fi\/tuote\/healing-hands-rebecca-tyohoitohousut\/#primaryimage\"},\"image\":{\"@id\":\"https:\/\/simonjersey.eu\/fi\/tuote\/healing-hands-rebecca-tyohoitohousut\/#primaryimage\"},\"thumbnailUrl\":\"https:\/\/simonjersey.eu\/fi\/wp-content\/uploads\/sites\/3\/2025\/07\/HHE9560_KHAKI.jpg\",\"datePublished\":\"2025-07-29T11:17:53+00:00\",\"dateModified\":\"2025-07-29T11:23:33+00:00\",\"breadcrumb\":{\"@id\":\"https:\/\/simonjersey.eu\/fi\/tuote\/healing-hands-rebecca-tyohoitohousut\/#breadcrumb\"},\"inLanguage\":\"fi\",\"potentialAction\":[{\"@type\":\"ReadAction\",\"target\":[\"https:\/\/simonjersey.eu\/fi\/tuote\/healing-hands-rebecca-tyohoitohousut\/\"]}]},{\"@type\":\"ImageObject\",\"inLanguage\":\"fi\",\"@id\":\"https:\/\/simonjersey.eu\/fi\/tuote\/healing-hands-rebecca-tyohoitohousut\/#primaryimage\",\"url\":\"https:\/\/simonjersey.eu\/fi\/wp-content\/uploads\/sites\/3\/2025\/07\/HHE9560_KHAKI.jpg\",\"contentUrl\":\"https:\/\/simonjersey.eu\/fi\/wp-content\/uploads\/sites\/3\/2025\/07\/HHE9560_KHAKI.jpg\",\"width\":1100,\"height\":1600},{\"@type\":\"BreadcrumbList\",\"@id\":\"https:\/\/simonjersey.eu\/fi\/tuote\/healing-hands-rebecca-tyohoitohousut\/#breadcrumb\",\"itemListElement\":[{\"@type\":\"ListItem\",\"position\":1,\"name\":\"Home\",\"item\":\"https:\/\/simonjersey.eu\/fi\/\"},{\"@type\":\"ListItem\",\"position\":2,\"name\":\"Verkkokauppa\",\"item\":\"https:\/\/simonjersey.eu\/fi\/kauppaan\/\"},{\"@type\":\"ListItem\",\"position\":3,\"name\":\"Healing Hands Rebecca ty\u00f6hoitohousut\"}]},{\"@type\":\"WebSite\",\"@id\":\"https:\/\/simonjersey.eu\/fi\/#website\",\"url\":\"https:\/\/simonjersey.eu\/fi\/\",\"name\":\"Simon Jersey Suomi\",\"description\":\"Tyylikk\u00e4\u00e4t ja kest\u00e4v\u00e4t  ammattiasut\",\"potentialAction\":[{\"@type\":\"SearchAction\",\"target\":{\"@type\":\"EntryPoint\",\"urlTemplate\":\"https:\/\/simonjersey.eu\/fi\/?s={search_term_string}\"},\"query-input\":{\"@type\":\"PropertyValueSpecification\",\"valueRequired\":true,\"valueName\":\"search_term_string\"}}],\"inLanguage\":\"fi\"}]}<\/script>\n<!-- \/ Yoast SEO plugin. -->","yoast_head_json":{"title":"Healing Hands Rebecca ty\u00f6hoitohousut - Simon Jersey Suomi","robots":{"index":"index","follow":"follow","max-snippet":"max-snippet:-1","max-image-preview":"max-image-preview:large","max-video-preview":"max-video-preview:-1"},"canonical":"https:\/\/simonjersey.eu\/fi\/tuote\/healing-hands-rebecca-tyohoitohousut\/","og_locale":"fi_FI","og_type":"article","og_title":"Healing Hands Rebecca ty\u00f6hoitohousut - Simon Jersey Suomi","og_description":"Mukavat, joustavat ja nopeasti kuivuvat ty\u00f6p\u00f6ksyt modernilla leikkauksella. T\u00e4ydellinen valinta aktiiviseen ty\u00f6p\u00e4iv\u00e4\u00e4n.   Joustava vy\u00f6t\u00e4r\u00f6 nauhalla  Suorat lahkeet  6 taskua, mm. tuplacargo ja kyn\u00e4tasku  Lahkeissa halkiot, valevetoketju  Sis\u00e4lahkeen pituus (M): 80 cm  Materiaali: 91 % polyesteri \/ 9 % elastaaniHoito: Konepesu kylm\u00e4ss\u00e4, kuivaus matalassa l\u00e4mm\u00f6ss\u00e4. Koot: XXS-3XL  L\u00f6yd\u00e4 sopivat paitat\u00a0t\u00e4\u00e4lt\u00e4!","og_url":"https:\/\/simonjersey.eu\/fi\/tuote\/healing-hands-rebecca-tyohoitohousut\/","og_site_name":"Simon Jersey Suomi","article_modified_time":"2025-07-29T11:23:33+00:00","og_image":[{"width":1100,"height":1600,"url":"https:\/\/simonjersey.eu\/fi\/wp-content\/uploads\/sites\/3\/2025\/07\/HHE9560_KHAKI.jpg","type":"image\/jpeg"}],"twitter_card":"summary_large_image","twitter_misc":{"Arvioitu lukuaika":"1 minuutti"},"schema":{"@context":"https:\/\/schema.org","@graph":[{"@type":"WebPage","@id":"https:\/\/simonjersey.eu\/fi\/tuote\/healing-hands-rebecca-tyohoitohousut\/","url":"https:\/\/simonjersey.eu\/fi\/tuote\/healing-hands-rebecca-tyohoitohousut\/","name":"Healing Hands Rebecca ty\u00f6hoitohousut - Simon Jersey Suomi","isPartOf":{"@id":"https:\/\/simonjersey.eu\/fi\/#website"},"primaryImageOfPage":{"@id":"https:\/\/simonjersey.eu\/fi\/tuote\/healing-hands-rebecca-tyohoitohousut\/#primaryimage"},"image":{"@id":"https:\/\/simonjersey.eu\/fi\/tuote\/healing-hands-rebecca-tyohoitohousut\/#primaryimage"},"thumbnailUrl":"https:\/\/simonjersey.eu\/fi\/wp-content\/uploads\/sites\/3\/2025\/07\/HHE9560_KHAKI.jpg","datePublished":"2025-07-29T11:17:53+00:00","dateModified":"2025-07-29T11:23:33+00:00","breadcrumb":{"@id":"https:\/\/simonjersey.eu\/fi\/tuote\/healing-hands-rebecca-tyohoitohousut\/#breadcrumb"},"inLanguage":"fi","potentialAction":[{"@type":"ReadAction","target":["https:\/\/simonjersey.eu\/fi\/tuote\/healing-hands-rebecca-tyohoitohousut\/"]}]},{"@type":"ImageObject","inLanguage":"fi","@id":"https:\/\/simonjersey.eu\/fi\/tuote\/healing-hands-rebecca-tyohoitohousut\/#primaryimage","url":"https:\/\/simonjersey.eu\/fi\/wp-content\/uploads\/sites\/3\/2025\/07\/HHE9560_KHAKI.jpg","contentUrl":"https:\/\/simonjersey.eu\/fi\/wp-content\/uploads\/sites\/3\/2025\/07\/HHE9560_KHAKI.jpg","width":1100,"height":1600},{"@type":"BreadcrumbList","@id":"https:\/\/simonjersey.eu\/fi\/tuote\/healing-hands-rebecca-tyohoitohousut\/#breadcrumb","itemListElement":[{"@type":"ListItem","position":1,"name":"Home","item":"https:\/\/simonjersey.eu\/fi\/"},{"@type":"ListItem","position":2,"name":"Verkkokauppa","item":"https:\/\/simonjersey.eu\/fi\/kauppaan\/"},{"@type":"ListItem","position":3,"name":"Healing Hands Rebecca ty\u00f6hoitohousut"}]},{"@type":"WebSite","@id":"https:\/\/simonjersey.eu\/fi\/#website","url":"https:\/\/simonjersey.eu\/fi\/","name":"Simon Jersey Suomi","description":"Tyylikk\u00e4\u00e4t ja kest\u00e4v\u00e4t  ammattiasut","potentialAction":[{"@type":"SearchAction","target":{"@type":"EntryPoint","urlTemplate":"https:\/\/simonjersey.eu\/fi\/?s={search_term_string}"},"query-input":{"@type":"PropertyValueSpecification","valueRequired":true,"valueName":"search_term_string"}}],"inLanguage":"fi"}]}},"_links":{"self":[{"href":"https:\/\/simonjersey.eu\/fi\/wp-json\/wp\/v2\/product\/9457","targetHints":{"allow":["GET"]}}],"collection":[{"href":"https:\/\/simonjersey.eu\/fi\/wp-json\/wp\/v2\/product"}],"about":[{"href":"https:\/\/simonjersey.eu\/fi\/wp-json\/wp\/v2\/types\/product"}],"wp:featuredmedia":[{"embeddable":true,"href":"https:\/\/simonjersey.eu\/fi\/wp-json\/wp\/v2\/media\/9469"}],"wp:attachment":[{"href":"https:\/\/simonjersey.eu\/fi\/wp-json\/wp\/v2\/media?parent=9457"}],"wp:term":[{"taxonomy":"product_brand","embeddable":true,"href":"https:\/\/simonjersey.eu\/fi\/wp-json\/wp\/v2\/product_brand?post=9457"},{"taxonomy":"product_cat","embeddable":true,"href":"https:\/\/simonjersey.eu\/fi\/wp-json\/wp\/v2\/product_cat?post=9457"},{"taxonomy":"product_tag","embeddable":true,"href":"https:\/\/simonjersey.eu\/fi\/wp-json\/wp\/v2\/product_tag?post=9457"}],"curies":[{"name":"wp","href":"https:\/\/api.w.org\/{rel}","templated":true}]}}