{"id":9560,"date":"2025-09-08T12:15:46","date_gmt":"2025-09-08T12:15:46","guid":{"rendered":"https:\/\/simonjersey.eu\/fi\/?post_type=product&#038;p=9560"},"modified":"2026-01-28T08:42:15","modified_gmt":"2026-01-28T08:42:15","slug":"miesten-vetoketjullinen-tyotakki","status":"publish","type":"product","link":"https:\/\/simonjersey.eu\/fi\/tuote\/miesten-vetoketjullinen-tyotakki\/","title":{"rendered":"Miesten vetoketjullinen ty\u00f6takki"},"content":{"rendered":"","protected":false},"excerpt":{"rendered":"<p>Moderni miesten vetoketjullinen ty\u00f6takki yhdist\u00e4\u00e4 tyylin ja k\u00e4yt\u00e4nn\u00f6llisyyden: siin\u00e4 on useita tilavia taskuja, kuten rintatasku ja bungee-lenkki, matkapuhelintasku sek\u00e4 turvallinen hihatasku. Joustinneuleiset hihansuut pit\u00e4v\u00e4t hihat paikoillaan ja ripustuslenkki helpottaa s\u00e4ilytyst\u00e4. Suoralla leikkauksella olevan takin sel\u00e4n pituus on 68,5 cm, mik\u00e4 takaa k\u00e4ytt\u00e4j\u00e4lle mukavuuden ja edustavan ulkon\u00e4\u00f6n.<\/p>\n<p>Materjaali: 78% polyester, 20% rayon, 2% elastane twill<\/p>\n<p>Huolto: 60\u00b0 Konepesu, matala l\u00e4mp\u00f6, \u200b\u200bei vaadi silityst\u00e4.<\/p>\n<p>Koko : XS-3XL<\/p>\n<p>Sopivat Housut\u00a0<a href=\"https:\/\/simonjersey.eu\/fi\/tuote\/miesten-cherokee-jogger-housut\/\"><strong>t\u00e4\u00e4lt\u00e4<\/strong><\/a><strong><u>!<\/u><\/strong><\/p>\n","protected":false},"featured_media":9572,"template":"","meta":[],"product_brand":[],"product_cat":[438,69,71,86,91],"product_tag":[],"class_list":{"0":"post-9560","1":"product","2":"type-product","3":"status-publish","4":"has-post-thumbnail","6":"product_cat-dickies-cherokee-tyovaateet","7":"product_cat-hyvinvoinit-hoitoala","8":"product_cat-miesten-hoitopaidat-ja-jakut","9":"product_cat-varasto-ulkoilma-tyontekijat","10":"product_cat-soft-shell-vaatteet","12":"first","13":"instock","14":"taxable","15":"shipping-taxable","16":"purchasable","17":"product-type-variable","18":"has-default-attributes"},"yoast_head":"<!-- This site is optimized with the Yoast SEO plugin v27.2 - https:\/\/yoast.com\/product\/yoast-seo-wordpress\/ -->\n<title>Miesten vetoketjullinen ty\u00f6takki - Simon Jersey Suomi<\/title>\n<meta name=\"robots\" content=\"index, follow, max-snippet:-1, max-image-preview:large, max-video-preview:-1\" \/>\n<link rel=\"canonical\" href=\"https:\/\/simonjersey.eu\/fi\/tuote\/miesten-vetoketjullinen-tyotakki\/\" \/>\n<meta property=\"og:locale\" content=\"fi_FI\" \/>\n<meta property=\"og:type\" content=\"article\" \/>\n<meta property=\"og:title\" content=\"Miesten vetoketjullinen ty\u00f6takki - Simon Jersey Suomi\" \/>\n<meta property=\"og:description\" content=\"Moderni miesten vetoketjullinen ty\u00f6takki yhdist\u00e4\u00e4 tyylin ja k\u00e4yt\u00e4nn\u00f6llisyyden: siin\u00e4 on useita tilavia taskuja, kuten rintatasku ja bungee-lenkki, matkapuhelintasku sek\u00e4 turvallinen hihatasku. Joustinneuleiset hihansuut pit\u00e4v\u00e4t hihat paikoillaan ja ripustuslenkki helpottaa s\u00e4ilytyst\u00e4. Suoralla leikkauksella olevan takin sel\u00e4n pituus on 68,5 cm, mik\u00e4 takaa k\u00e4ytt\u00e4j\u00e4lle mukavuuden ja edustavan ulkon\u00e4\u00f6n.  Materjaali: 78% polyester, 20% rayon, 2% elastane twill  Huolto: 60\u00b0 Konepesu, matala l\u00e4mp\u00f6, \u200b\u200bei vaadi silityst\u00e4.  Koko : XS-3XL  Sopivat Housut\u00a0t\u00e4\u00e4lt\u00e4!\" \/>\n<meta property=\"og:url\" content=\"https:\/\/simonjersey.eu\/fi\/tuote\/miesten-vetoketjullinen-tyotakki\/\" \/>\n<meta property=\"og:site_name\" content=\"Simon Jersey Suomi\" \/>\n<meta property=\"article:modified_time\" content=\"2026-01-28T08:42:15+00:00\" \/>\n<meta property=\"og:image\" content=\"https:\/\/simonjersey.eu\/fi\/wp-content\/uploads\/sites\/3\/2025\/09\/WWE320_Miesten-vetoketjullinen-tyotakki.jpg\" \/>\n\t<meta property=\"og:image:width\" content=\"1100\" \/>\n\t<meta property=\"og:image:height\" content=\"1600\" \/>\n\t<meta property=\"og:image:type\" content=\"image\/jpeg\" \/>\n<meta name=\"twitter:card\" content=\"summary_large_image\" \/>\n<meta name=\"twitter:label1\" content=\"Arvioitu lukuaika\" \/>\n\t<meta name=\"twitter:data1\" content=\"1 minuutti\" \/>\n<script type=\"application\/ld+json\" class=\"yoast-schema-graph\">{\"@context\":\"https:\/\/schema.org\",\"@graph\":[{\"@type\":\"WebPage\",\"@id\":\"https:\/\/simonjersey.eu\/fi\/tuote\/miesten-vetoketjullinen-tyotakki\/\",\"url\":\"https:\/\/simonjersey.eu\/fi\/tuote\/miesten-vetoketjullinen-tyotakki\/\",\"name\":\"Miesten vetoketjullinen ty\u00f6takki - Simon Jersey Suomi\",\"isPartOf\":{\"@id\":\"https:\/\/simonjersey.eu\/fi\/#website\"},\"primaryImageOfPage\":{\"@id\":\"https:\/\/simonjersey.eu\/fi\/tuote\/miesten-vetoketjullinen-tyotakki\/#primaryimage\"},\"image\":{\"@id\":\"https:\/\/simonjersey.eu\/fi\/tuote\/miesten-vetoketjullinen-tyotakki\/#primaryimage\"},\"thumbnailUrl\":\"https:\/\/simonjersey.eu\/fi\/wp-content\/uploads\/sites\/3\/2025\/09\/WWE320_Miesten-vetoketjullinen-tyotakki.jpg\",\"datePublished\":\"2025-09-08T12:15:46+00:00\",\"dateModified\":\"2026-01-28T08:42:15+00:00\",\"breadcrumb\":{\"@id\":\"https:\/\/simonjersey.eu\/fi\/tuote\/miesten-vetoketjullinen-tyotakki\/#breadcrumb\"},\"inLanguage\":\"fi\",\"potentialAction\":[{\"@type\":\"ReadAction\",\"target\":[\"https:\/\/simonjersey.eu\/fi\/tuote\/miesten-vetoketjullinen-tyotakki\/\"]}]},{\"@type\":\"ImageObject\",\"inLanguage\":\"fi\",\"@id\":\"https:\/\/simonjersey.eu\/fi\/tuote\/miesten-vetoketjullinen-tyotakki\/#primaryimage\",\"url\":\"https:\/\/simonjersey.eu\/fi\/wp-content\/uploads\/sites\/3\/2025\/09\/WWE320_Miesten-vetoketjullinen-tyotakki.jpg\",\"contentUrl\":\"https:\/\/simonjersey.eu\/fi\/wp-content\/uploads\/sites\/3\/2025\/09\/WWE320_Miesten-vetoketjullinen-tyotakki.jpg\",\"width\":1100,\"height\":1600},{\"@type\":\"BreadcrumbList\",\"@id\":\"https:\/\/simonjersey.eu\/fi\/tuote\/miesten-vetoketjullinen-tyotakki\/#breadcrumb\",\"itemListElement\":[{\"@type\":\"ListItem\",\"position\":1,\"name\":\"Home\",\"item\":\"https:\/\/simonjersey.eu\/fi\/\"},{\"@type\":\"ListItem\",\"position\":2,\"name\":\"Verkkokauppa\",\"item\":\"https:\/\/simonjersey.eu\/fi\/kauppaan\/\"},{\"@type\":\"ListItem\",\"position\":3,\"name\":\"Miesten vetoketjullinen ty\u00f6takki\"}]},{\"@type\":\"WebSite\",\"@id\":\"https:\/\/simonjersey.eu\/fi\/#website\",\"url\":\"https:\/\/simonjersey.eu\/fi\/\",\"name\":\"Simon Jersey Suomi\",\"description\":\"Tyylikk\u00e4\u00e4t ja kest\u00e4v\u00e4t  ammattiasut\",\"potentialAction\":[{\"@type\":\"SearchAction\",\"target\":{\"@type\":\"EntryPoint\",\"urlTemplate\":\"https:\/\/simonjersey.eu\/fi\/?s={search_term_string}\"},\"query-input\":{\"@type\":\"PropertyValueSpecification\",\"valueRequired\":true,\"valueName\":\"search_term_string\"}}],\"inLanguage\":\"fi\"}]}<\/script>\n<!-- \/ Yoast SEO plugin. -->","yoast_head_json":{"title":"Miesten vetoketjullinen ty\u00f6takki - Simon Jersey Suomi","robots":{"index":"index","follow":"follow","max-snippet":"max-snippet:-1","max-image-preview":"max-image-preview:large","max-video-preview":"max-video-preview:-1"},"canonical":"https:\/\/simonjersey.eu\/fi\/tuote\/miesten-vetoketjullinen-tyotakki\/","og_locale":"fi_FI","og_type":"article","og_title":"Miesten vetoketjullinen ty\u00f6takki - Simon Jersey Suomi","og_description":"Moderni miesten vetoketjullinen ty\u00f6takki yhdist\u00e4\u00e4 tyylin ja k\u00e4yt\u00e4nn\u00f6llisyyden: siin\u00e4 on useita tilavia taskuja, kuten rintatasku ja bungee-lenkki, matkapuhelintasku sek\u00e4 turvallinen hihatasku. Joustinneuleiset hihansuut pit\u00e4v\u00e4t hihat paikoillaan ja ripustuslenkki helpottaa s\u00e4ilytyst\u00e4. Suoralla leikkauksella olevan takin sel\u00e4n pituus on 68,5 cm, mik\u00e4 takaa k\u00e4ytt\u00e4j\u00e4lle mukavuuden ja edustavan ulkon\u00e4\u00f6n.  Materjaali: 78% polyester, 20% rayon, 2% elastane twill  Huolto: 60\u00b0 Konepesu, matala l\u00e4mp\u00f6, \u200b\u200bei vaadi silityst\u00e4.  Koko : XS-3XL  Sopivat Housut\u00a0t\u00e4\u00e4lt\u00e4!","og_url":"https:\/\/simonjersey.eu\/fi\/tuote\/miesten-vetoketjullinen-tyotakki\/","og_site_name":"Simon Jersey Suomi","article_modified_time":"2026-01-28T08:42:15+00:00","og_image":[{"width":1100,"height":1600,"url":"https:\/\/simonjersey.eu\/fi\/wp-content\/uploads\/sites\/3\/2025\/09\/WWE320_Miesten-vetoketjullinen-tyotakki.jpg","type":"image\/jpeg"}],"twitter_card":"summary_large_image","twitter_misc":{"Arvioitu lukuaika":"1 minuutti"},"schema":{"@context":"https:\/\/schema.org","@graph":[{"@type":"WebPage","@id":"https:\/\/simonjersey.eu\/fi\/tuote\/miesten-vetoketjullinen-tyotakki\/","url":"https:\/\/simonjersey.eu\/fi\/tuote\/miesten-vetoketjullinen-tyotakki\/","name":"Miesten vetoketjullinen ty\u00f6takki - Simon Jersey Suomi","isPartOf":{"@id":"https:\/\/simonjersey.eu\/fi\/#website"},"primaryImageOfPage":{"@id":"https:\/\/simonjersey.eu\/fi\/tuote\/miesten-vetoketjullinen-tyotakki\/#primaryimage"},"image":{"@id":"https:\/\/simonjersey.eu\/fi\/tuote\/miesten-vetoketjullinen-tyotakki\/#primaryimage"},"thumbnailUrl":"https:\/\/simonjersey.eu\/fi\/wp-content\/uploads\/sites\/3\/2025\/09\/WWE320_Miesten-vetoketjullinen-tyotakki.jpg","datePublished":"2025-09-08T12:15:46+00:00","dateModified":"2026-01-28T08:42:15+00:00","breadcrumb":{"@id":"https:\/\/simonjersey.eu\/fi\/tuote\/miesten-vetoketjullinen-tyotakki\/#breadcrumb"},"inLanguage":"fi","potentialAction":[{"@type":"ReadAction","target":["https:\/\/simonjersey.eu\/fi\/tuote\/miesten-vetoketjullinen-tyotakki\/"]}]},{"@type":"ImageObject","inLanguage":"fi","@id":"https:\/\/simonjersey.eu\/fi\/tuote\/miesten-vetoketjullinen-tyotakki\/#primaryimage","url":"https:\/\/simonjersey.eu\/fi\/wp-content\/uploads\/sites\/3\/2025\/09\/WWE320_Miesten-vetoketjullinen-tyotakki.jpg","contentUrl":"https:\/\/simonjersey.eu\/fi\/wp-content\/uploads\/sites\/3\/2025\/09\/WWE320_Miesten-vetoketjullinen-tyotakki.jpg","width":1100,"height":1600},{"@type":"BreadcrumbList","@id":"https:\/\/simonjersey.eu\/fi\/tuote\/miesten-vetoketjullinen-tyotakki\/#breadcrumb","itemListElement":[{"@type":"ListItem","position":1,"name":"Home","item":"https:\/\/simonjersey.eu\/fi\/"},{"@type":"ListItem","position":2,"name":"Verkkokauppa","item":"https:\/\/simonjersey.eu\/fi\/kauppaan\/"},{"@type":"ListItem","position":3,"name":"Miesten vetoketjullinen ty\u00f6takki"}]},{"@type":"WebSite","@id":"https:\/\/simonjersey.eu\/fi\/#website","url":"https:\/\/simonjersey.eu\/fi\/","name":"Simon Jersey Suomi","description":"Tyylikk\u00e4\u00e4t ja kest\u00e4v\u00e4t  ammattiasut","potentialAction":[{"@type":"SearchAction","target":{"@type":"EntryPoint","urlTemplate":"https:\/\/simonjersey.eu\/fi\/?s={search_term_string}"},"query-input":{"@type":"PropertyValueSpecification","valueRequired":true,"valueName":"search_term_string"}}],"inLanguage":"fi"}]}},"_links":{"self":[{"href":"https:\/\/simonjersey.eu\/fi\/wp-json\/wp\/v2\/product\/9560","targetHints":{"allow":["GET"]}}],"collection":[{"href":"https:\/\/simonjersey.eu\/fi\/wp-json\/wp\/v2\/product"}],"about":[{"href":"https:\/\/simonjersey.eu\/fi\/wp-json\/wp\/v2\/types\/product"}],"wp:featuredmedia":[{"embeddable":true,"href":"https:\/\/simonjersey.eu\/fi\/wp-json\/wp\/v2\/media\/9572"}],"wp:attachment":[{"href":"https:\/\/simonjersey.eu\/fi\/wp-json\/wp\/v2\/media?parent=9560"}],"wp:term":[{"taxonomy":"product_brand","embeddable":true,"href":"https:\/\/simonjersey.eu\/fi\/wp-json\/wp\/v2\/product_brand?post=9560"},{"taxonomy":"product_cat","embeddable":true,"href":"https:\/\/simonjersey.eu\/fi\/wp-json\/wp\/v2\/product_cat?post=9560"},{"taxonomy":"product_tag","embeddable":true,"href":"https:\/\/simonjersey.eu\/fi\/wp-json\/wp\/v2\/product_tag?post=9560"}],"curies":[{"name":"wp","href":"https:\/\/api.w.org\/{rel}","templated":true}]}}