{"id":9638,"date":"2025-10-17T09:51:12","date_gmt":"2025-10-17T09:51:12","guid":{"rendered":"https:\/\/simonjersey.eu\/fi\/?post_type=product&#038;p=9638"},"modified":"2025-10-17T09:53:18","modified_gmt":"2025-10-17T09:53:18","slug":"bpnaisten-valkoinen-laakaritakki-painonappilla","status":"publish","type":"product","link":"https:\/\/simonjersey.eu\/fi\/tuote\/bpnaisten-valkoinen-laakaritakki-painonappilla\/","title":{"rendered":"BP\u00aenaisten valkoinen l\u00e4\u00e4k\u00e4ritakki painonappilla"},"content":{"rendered":"","protected":false},"excerpt":{"rendered":"<p>Tutustu uusiin BP-merkkisiin l\u00e4\u00e4kevaatteisiimme, suoraan Saksasta<\/p>\n<p>Mukava, k\u00e4yt\u00e4nn\u00f6llinen ja hengitt\u00e4v\u00e4, ihanteellinen valinta sairaanhoitajille hoitolaitoksissa sek\u00e4 l\u00e4\u00e4k\u00e4reille. Valmistettu kest\u00e4v\u00e4st\u00e4 materiaalista, joka on kevyt ja hengitt\u00e4v\u00e4<strong>.<\/strong><\/p>\n<p>Klassinen leikkaus, lyhyet hihat, etuhalkio, painonapit. Yksi rintatasku, kaksi sivutaskua.<\/p>\n<p>Maksimaalinen mukavuus ja pitk\u00e4ik\u00e4isyys!<\/p>\n<p>Materiaali: 35 % puuvillaa, 65 % polyesteri\u00e4 \/\/ 215 g\/m\u00b2<\/p>\n<p>Huolto: 95\u00b0 konepesu, voidaan valkaista, sopii teolliseen pyykinpesuun<\/p>\n<p>Pituus: 75 cm.<\/p>\n<p>koot: (UK) 6-32<\/p>\n","protected":false},"featured_media":9639,"template":"","meta":[],"product_brand":[],"product_cat":[69,70,30],"product_tag":[],"class_list":{"0":"post-9638","1":"product","2":"type-product","3":"status-publish","4":"has-post-thumbnail","6":"product_cat-hyvinvoinit-hoitoala","7":"product_cat-naisten-hoitopaidat-ja-jakut","8":"product_cat-laakealan-vaatteet","10":"first","11":"instock","12":"taxable","13":"shipping-taxable","14":"purchasable","15":"product-type-variable","16":"has-default-attributes"},"yoast_head":"<!-- This site is optimized with the Yoast SEO plugin v27.2 - https:\/\/yoast.com\/product\/yoast-seo-wordpress\/ -->\n<title>BP\u00aenaisten valkoinen l\u00e4\u00e4k\u00e4ritakki painonappilla - Simon Jersey Suomi<\/title>\n<meta name=\"robots\" content=\"index, follow, max-snippet:-1, max-image-preview:large, max-video-preview:-1\" \/>\n<link rel=\"canonical\" href=\"https:\/\/simonjersey.eu\/fi\/tuote\/bpnaisten-valkoinen-laakaritakki-painonappilla\/\" \/>\n<meta property=\"og:locale\" content=\"fi_FI\" \/>\n<meta property=\"og:type\" content=\"article\" \/>\n<meta property=\"og:title\" content=\"BP\u00aenaisten valkoinen l\u00e4\u00e4k\u00e4ritakki painonappilla - Simon Jersey Suomi\" \/>\n<meta property=\"og:description\" content=\"Tutustu uusiin BP-merkkisiin l\u00e4\u00e4kevaatteisiimme, suoraan Saksasta  Mukava, k\u00e4yt\u00e4nn\u00f6llinen ja hengitt\u00e4v\u00e4, ihanteellinen valinta sairaanhoitajille hoitolaitoksissa sek\u00e4 l\u00e4\u00e4k\u00e4reille. Valmistettu kest\u00e4v\u00e4st\u00e4 materiaalista, joka on kevyt ja hengitt\u00e4v\u00e4.  Klassinen leikkaus, lyhyet hihat, etuhalkio, painonapit. Yksi rintatasku, kaksi sivutaskua.  Maksimaalinen mukavuus ja pitk\u00e4ik\u00e4isyys!  Materiaali: 35 % puuvillaa, 65 % polyesteri\u00e4 \/\/ 215 g\/m\u00b2  Huolto: 95\u00b0 konepesu, voidaan valkaista, sopii teolliseen pyykinpesuun  Pituus: 75 cm.  koot: (UK) 6-32\" \/>\n<meta property=\"og:url\" content=\"https:\/\/simonjersey.eu\/fi\/tuote\/bpnaisten-valkoinen-laakaritakki-painonappilla\/\" \/>\n<meta property=\"og:site_name\" content=\"Simon Jersey Suomi\" \/>\n<meta property=\"article:modified_time\" content=\"2025-10-17T09:53:18+00:00\" \/>\n<meta property=\"og:image\" content=\"https:\/\/simonjersey.eu\/fi\/wp-content\/uploads\/sites\/3\/2025\/10\/1617_400_21_Life_01.jpg\" \/>\n\t<meta property=\"og:image:width\" content=\"1600\" \/>\n\t<meta property=\"og:image:height\" content=\"2250\" \/>\n\t<meta property=\"og:image:type\" content=\"image\/jpeg\" \/>\n<meta name=\"twitter:card\" content=\"summary_large_image\" \/>\n<meta name=\"twitter:label1\" content=\"Arvioitu lukuaika\" \/>\n\t<meta name=\"twitter:data1\" content=\"1 minuutti\" \/>\n<script type=\"application\/ld+json\" class=\"yoast-schema-graph\">{\"@context\":\"https:\/\/schema.org\",\"@graph\":[{\"@type\":\"WebPage\",\"@id\":\"https:\/\/simonjersey.eu\/fi\/tuote\/bpnaisten-valkoinen-laakaritakki-painonappilla\/\",\"url\":\"https:\/\/simonjersey.eu\/fi\/tuote\/bpnaisten-valkoinen-laakaritakki-painonappilla\/\",\"name\":\"BP\u00aenaisten valkoinen l\u00e4\u00e4k\u00e4ritakki painonappilla - Simon Jersey Suomi\",\"isPartOf\":{\"@id\":\"https:\/\/simonjersey.eu\/fi\/#website\"},\"primaryImageOfPage\":{\"@id\":\"https:\/\/simonjersey.eu\/fi\/tuote\/bpnaisten-valkoinen-laakaritakki-painonappilla\/#primaryimage\"},\"image\":{\"@id\":\"https:\/\/simonjersey.eu\/fi\/tuote\/bpnaisten-valkoinen-laakaritakki-painonappilla\/#primaryimage\"},\"thumbnailUrl\":\"https:\/\/simonjersey.eu\/fi\/wp-content\/uploads\/sites\/3\/2025\/10\/1617_400_21_Life_01.jpg\",\"datePublished\":\"2025-10-17T09:51:12+00:00\",\"dateModified\":\"2025-10-17T09:53:18+00:00\",\"breadcrumb\":{\"@id\":\"https:\/\/simonjersey.eu\/fi\/tuote\/bpnaisten-valkoinen-laakaritakki-painonappilla\/#breadcrumb\"},\"inLanguage\":\"fi\",\"potentialAction\":[{\"@type\":\"ReadAction\",\"target\":[\"https:\/\/simonjersey.eu\/fi\/tuote\/bpnaisten-valkoinen-laakaritakki-painonappilla\/\"]}]},{\"@type\":\"ImageObject\",\"inLanguage\":\"fi\",\"@id\":\"https:\/\/simonjersey.eu\/fi\/tuote\/bpnaisten-valkoinen-laakaritakki-painonappilla\/#primaryimage\",\"url\":\"https:\/\/simonjersey.eu\/fi\/wp-content\/uploads\/sites\/3\/2025\/10\/1617_400_21_Life_01.jpg\",\"contentUrl\":\"https:\/\/simonjersey.eu\/fi\/wp-content\/uploads\/sites\/3\/2025\/10\/1617_400_21_Life_01.jpg\",\"width\":1600,\"height\":2250},{\"@type\":\"BreadcrumbList\",\"@id\":\"https:\/\/simonjersey.eu\/fi\/tuote\/bpnaisten-valkoinen-laakaritakki-painonappilla\/#breadcrumb\",\"itemListElement\":[{\"@type\":\"ListItem\",\"position\":1,\"name\":\"Home\",\"item\":\"https:\/\/simonjersey.eu\/fi\/\"},{\"@type\":\"ListItem\",\"position\":2,\"name\":\"Verkkokauppa\",\"item\":\"https:\/\/simonjersey.eu\/fi\/kauppaan\/\"},{\"@type\":\"ListItem\",\"position\":3,\"name\":\"BP\u00aenaisten valkoinen l\u00e4\u00e4k\u00e4ritakki painonappilla\"}]},{\"@type\":\"WebSite\",\"@id\":\"https:\/\/simonjersey.eu\/fi\/#website\",\"url\":\"https:\/\/simonjersey.eu\/fi\/\",\"name\":\"Simon Jersey Suomi\",\"description\":\"Tyylikk\u00e4\u00e4t ja kest\u00e4v\u00e4t  ammattiasut\",\"potentialAction\":[{\"@type\":\"SearchAction\",\"target\":{\"@type\":\"EntryPoint\",\"urlTemplate\":\"https:\/\/simonjersey.eu\/fi\/?s={search_term_string}\"},\"query-input\":{\"@type\":\"PropertyValueSpecification\",\"valueRequired\":true,\"valueName\":\"search_term_string\"}}],\"inLanguage\":\"fi\"}]}<\/script>\n<!-- \/ Yoast SEO plugin. -->","yoast_head_json":{"title":"BP\u00aenaisten valkoinen l\u00e4\u00e4k\u00e4ritakki painonappilla - Simon Jersey Suomi","robots":{"index":"index","follow":"follow","max-snippet":"max-snippet:-1","max-image-preview":"max-image-preview:large","max-video-preview":"max-video-preview:-1"},"canonical":"https:\/\/simonjersey.eu\/fi\/tuote\/bpnaisten-valkoinen-laakaritakki-painonappilla\/","og_locale":"fi_FI","og_type":"article","og_title":"BP\u00aenaisten valkoinen l\u00e4\u00e4k\u00e4ritakki painonappilla - Simon Jersey Suomi","og_description":"Tutustu uusiin BP-merkkisiin l\u00e4\u00e4kevaatteisiimme, suoraan Saksasta  Mukava, k\u00e4yt\u00e4nn\u00f6llinen ja hengitt\u00e4v\u00e4, ihanteellinen valinta sairaanhoitajille hoitolaitoksissa sek\u00e4 l\u00e4\u00e4k\u00e4reille. Valmistettu kest\u00e4v\u00e4st\u00e4 materiaalista, joka on kevyt ja hengitt\u00e4v\u00e4.  Klassinen leikkaus, lyhyet hihat, etuhalkio, painonapit. Yksi rintatasku, kaksi sivutaskua.  Maksimaalinen mukavuus ja pitk\u00e4ik\u00e4isyys!  Materiaali: 35 % puuvillaa, 65 % polyesteri\u00e4 \/\/ 215 g\/m\u00b2  Huolto: 95\u00b0 konepesu, voidaan valkaista, sopii teolliseen pyykinpesuun  Pituus: 75 cm.  koot: (UK) 6-32","og_url":"https:\/\/simonjersey.eu\/fi\/tuote\/bpnaisten-valkoinen-laakaritakki-painonappilla\/","og_site_name":"Simon Jersey Suomi","article_modified_time":"2025-10-17T09:53:18+00:00","og_image":[{"width":1600,"height":2250,"url":"https:\/\/simonjersey.eu\/fi\/wp-content\/uploads\/sites\/3\/2025\/10\/1617_400_21_Life_01.jpg","type":"image\/jpeg"}],"twitter_card":"summary_large_image","twitter_misc":{"Arvioitu lukuaika":"1 minuutti"},"schema":{"@context":"https:\/\/schema.org","@graph":[{"@type":"WebPage","@id":"https:\/\/simonjersey.eu\/fi\/tuote\/bpnaisten-valkoinen-laakaritakki-painonappilla\/","url":"https:\/\/simonjersey.eu\/fi\/tuote\/bpnaisten-valkoinen-laakaritakki-painonappilla\/","name":"BP\u00aenaisten valkoinen l\u00e4\u00e4k\u00e4ritakki painonappilla - Simon Jersey Suomi","isPartOf":{"@id":"https:\/\/simonjersey.eu\/fi\/#website"},"primaryImageOfPage":{"@id":"https:\/\/simonjersey.eu\/fi\/tuote\/bpnaisten-valkoinen-laakaritakki-painonappilla\/#primaryimage"},"image":{"@id":"https:\/\/simonjersey.eu\/fi\/tuote\/bpnaisten-valkoinen-laakaritakki-painonappilla\/#primaryimage"},"thumbnailUrl":"https:\/\/simonjersey.eu\/fi\/wp-content\/uploads\/sites\/3\/2025\/10\/1617_400_21_Life_01.jpg","datePublished":"2025-10-17T09:51:12+00:00","dateModified":"2025-10-17T09:53:18+00:00","breadcrumb":{"@id":"https:\/\/simonjersey.eu\/fi\/tuote\/bpnaisten-valkoinen-laakaritakki-painonappilla\/#breadcrumb"},"inLanguage":"fi","potentialAction":[{"@type":"ReadAction","target":["https:\/\/simonjersey.eu\/fi\/tuote\/bpnaisten-valkoinen-laakaritakki-painonappilla\/"]}]},{"@type":"ImageObject","inLanguage":"fi","@id":"https:\/\/simonjersey.eu\/fi\/tuote\/bpnaisten-valkoinen-laakaritakki-painonappilla\/#primaryimage","url":"https:\/\/simonjersey.eu\/fi\/wp-content\/uploads\/sites\/3\/2025\/10\/1617_400_21_Life_01.jpg","contentUrl":"https:\/\/simonjersey.eu\/fi\/wp-content\/uploads\/sites\/3\/2025\/10\/1617_400_21_Life_01.jpg","width":1600,"height":2250},{"@type":"BreadcrumbList","@id":"https:\/\/simonjersey.eu\/fi\/tuote\/bpnaisten-valkoinen-laakaritakki-painonappilla\/#breadcrumb","itemListElement":[{"@type":"ListItem","position":1,"name":"Home","item":"https:\/\/simonjersey.eu\/fi\/"},{"@type":"ListItem","position":2,"name":"Verkkokauppa","item":"https:\/\/simonjersey.eu\/fi\/kauppaan\/"},{"@type":"ListItem","position":3,"name":"BP\u00aenaisten valkoinen l\u00e4\u00e4k\u00e4ritakki painonappilla"}]},{"@type":"WebSite","@id":"https:\/\/simonjersey.eu\/fi\/#website","url":"https:\/\/simonjersey.eu\/fi\/","name":"Simon Jersey Suomi","description":"Tyylikk\u00e4\u00e4t ja kest\u00e4v\u00e4t  ammattiasut","potentialAction":[{"@type":"SearchAction","target":{"@type":"EntryPoint","urlTemplate":"https:\/\/simonjersey.eu\/fi\/?s={search_term_string}"},"query-input":{"@type":"PropertyValueSpecification","valueRequired":true,"valueName":"search_term_string"}}],"inLanguage":"fi"}]}},"_links":{"self":[{"href":"https:\/\/simonjersey.eu\/fi\/wp-json\/wp\/v2\/product\/9638","targetHints":{"allow":["GET"]}}],"collection":[{"href":"https:\/\/simonjersey.eu\/fi\/wp-json\/wp\/v2\/product"}],"about":[{"href":"https:\/\/simonjersey.eu\/fi\/wp-json\/wp\/v2\/types\/product"}],"wp:featuredmedia":[{"embeddable":true,"href":"https:\/\/simonjersey.eu\/fi\/wp-json\/wp\/v2\/media\/9639"}],"wp:attachment":[{"href":"https:\/\/simonjersey.eu\/fi\/wp-json\/wp\/v2\/media?parent=9638"}],"wp:term":[{"taxonomy":"product_brand","embeddable":true,"href":"https:\/\/simonjersey.eu\/fi\/wp-json\/wp\/v2\/product_brand?post=9638"},{"taxonomy":"product_cat","embeddable":true,"href":"https:\/\/simonjersey.eu\/fi\/wp-json\/wp\/v2\/product_cat?post=9638"},{"taxonomy":"product_tag","embeddable":true,"href":"https:\/\/simonjersey.eu\/fi\/wp-json\/wp\/v2\/product_tag?post=9638"}],"curies":[{"name":"wp","href":"https:\/\/api.w.org\/{rel}","templated":true}]}}