{"id":9719,"date":"2025-10-28T11:44:44","date_gmt":"2025-10-28T11:44:44","guid":{"rendered":"https:\/\/simonjersey.eu\/fi\/?post_type=product&#038;p=9719"},"modified":"2025-10-28T11:49:31","modified_gmt":"2025-10-28T11:49:31","slug":"healing-handsmiesten-neulottuvyotaroiset-hoitohousut","status":"publish","type":"product","link":"https:\/\/simonjersey.eu\/fi\/tuote\/healing-handsmiesten-neulottuvyotaroiset-hoitohousut\/","title":{"rendered":"\u201eHealing Hands\u201cmiesten neulottuvy\u00f6t\u00e4r\u00f6iset hoitohousut"},"content":{"rendered":"","protected":false},"excerpt":{"rendered":"<p>Uudet \u201cHealing Hands\u201d miesten hoitohousut, joissa on heijastavat yksityiskohdat, on valmistettu kahdeksasta kierr\u00e4tetyst\u00e4 muovipullosta. Kevyt ja hengitt\u00e4v\u00e4 kangas takaa korkean k\u00e4ytt\u00f6mukavuuden. Hoitohousut joustavat nelj\u00e4\u00e4n suuntaan ja niiss\u00e4 on suora lahje. Housuissa on kaksi etutaskua, kaksi takataskua sek\u00e4 vetoketjullinen Cargo tasku. Taskujen reunoissa kulkee heijastinnauha. Vy\u00f6t\u00e4r\u00f6ll\u00e4 on joustava resori ja s\u00e4\u00e4dett\u00e4v\u00e4 kiristysnaru. Kangas on uskomattoman kevyt ja hengitt\u00e4v\u00e4, mik\u00e4 takaa mukavuuden koko ty\u00f6vuoron ajan ja siirt\u00e4\u00e4 kosteuden tehokkaasti pois iholta.<\/p>\n<p>Materiaali: 55 % kierr\u00e4tetty\u00e4 polyesteri\u00e4, 37 % polyesteri\u00e4, 8 % elastaania<\/p>\n<p>Neulottu resori: 91 % nailonia, 9 % elastaania<\/p>\n<p>Hoito: Suositeltu pesul\u00e4mp\u00f6tila enint\u00e4\u00e4n 60\u00b0C<\/p>\n<p>Koot: XS\u20132XL<\/p>\n<p>Lahkeen sis\u00e4pituus: 79 cm<\/p>\n<p>L\u00f6yd\u00e4 sopivat hoitopaitat\u00a0<a href=\"https:\/\/simonjersey.eu\/fi\/tuote\/healing-handsmiesten-y-kaula-aukkoinen-laakarintakki\/\"><strong>t\u00e4\u00e4lt\u00e4<\/strong><\/a><strong>!<\/strong><\/p>\n","protected":false},"featured_media":9728,"template":"","meta":[],"product_brand":[],"product_cat":[69,72,30],"product_tag":[],"class_list":{"0":"post-9719","1":"product","2":"type-product","3":"status-publish","4":"has-post-thumbnail","6":"product_cat-hyvinvoinit-hoitoala","7":"product_cat-laakeala-housut","8":"product_cat-laakealan-vaatteet","10":"first","11":"instock","12":"taxable","13":"shipping-taxable","14":"purchasable","15":"product-type-variable","16":"has-default-attributes"},"yoast_head":"<!-- This site is optimized with the Yoast SEO plugin v27.2 - https:\/\/yoast.com\/product\/yoast-seo-wordpress\/ -->\n<title>\u201eHealing Hands\u201cmiesten neulottuvy\u00f6t\u00e4r\u00f6iset hoitohousut - Simon Jersey Suomi<\/title>\n<meta name=\"robots\" content=\"index, follow, max-snippet:-1, max-image-preview:large, max-video-preview:-1\" \/>\n<link rel=\"canonical\" href=\"https:\/\/simonjersey.eu\/fi\/tuote\/healing-handsmiesten-neulottuvyotaroiset-hoitohousut\/\" \/>\n<meta property=\"og:locale\" content=\"fi_FI\" \/>\n<meta property=\"og:type\" content=\"article\" \/>\n<meta property=\"og:title\" content=\"\u201eHealing Hands\u201cmiesten neulottuvy\u00f6t\u00e4r\u00f6iset hoitohousut - Simon Jersey Suomi\" \/>\n<meta property=\"og:description\" content=\"Uudet \u201cHealing Hands\u201d miesten hoitohousut, joissa on heijastavat yksityiskohdat, on valmistettu kahdeksasta kierr\u00e4tetyst\u00e4 muovipullosta. Kevyt ja hengitt\u00e4v\u00e4 kangas takaa korkean k\u00e4ytt\u00f6mukavuuden. Hoitohousut joustavat nelj\u00e4\u00e4n suuntaan ja niiss\u00e4 on suora lahje. Housuissa on kaksi etutaskua, kaksi takataskua sek\u00e4 vetoketjullinen Cargo tasku. Taskujen reunoissa kulkee heijastinnauha. Vy\u00f6t\u00e4r\u00f6ll\u00e4 on joustava resori ja s\u00e4\u00e4dett\u00e4v\u00e4 kiristysnaru. Kangas on uskomattoman kevyt ja hengitt\u00e4v\u00e4, mik\u00e4 takaa mukavuuden koko ty\u00f6vuoron ajan ja siirt\u00e4\u00e4 kosteuden tehokkaasti pois iholta.  Materiaali: 55 % kierr\u00e4tetty\u00e4 polyesteri\u00e4, 37 % polyesteri\u00e4, 8 % elastaania  Neulottu resori: 91 % nailonia, 9 % elastaania  Hoito: Suositeltu pesul\u00e4mp\u00f6tila enint\u00e4\u00e4n 60\u00b0C  Koot: XS\u20132XL  Lahkeen sis\u00e4pituus: 79 cm  L\u00f6yd\u00e4 sopivat hoitopaitat\u00a0t\u00e4\u00e4lt\u00e4!\" \/>\n<meta property=\"og:url\" content=\"https:\/\/simonjersey.eu\/fi\/tuote\/healing-handsmiesten-neulottuvyotaroiset-hoitohousut\/\" \/>\n<meta property=\"og:site_name\" content=\"Simon Jersey Suomi\" \/>\n<meta property=\"article:modified_time\" content=\"2025-10-28T11:49:31+00:00\" \/>\n<meta property=\"og:image\" content=\"https:\/\/simonjersey.eu\/fi\/wp-content\/uploads\/sites\/3\/2025\/10\/HHE9173_NAVY.jpg\" \/>\n\t<meta property=\"og:image:width\" content=\"1100\" \/>\n\t<meta property=\"og:image:height\" content=\"1600\" \/>\n\t<meta property=\"og:image:type\" content=\"image\/jpeg\" \/>\n<meta name=\"twitter:card\" content=\"summary_large_image\" \/>\n<meta name=\"twitter:label1\" content=\"Arvioitu lukuaika\" \/>\n\t<meta name=\"twitter:data1\" content=\"1 minuutti\" \/>\n<script type=\"application\/ld+json\" class=\"yoast-schema-graph\">{\"@context\":\"https:\/\/schema.org\",\"@graph\":[{\"@type\":\"WebPage\",\"@id\":\"https:\/\/simonjersey.eu\/fi\/tuote\/healing-handsmiesten-neulottuvyotaroiset-hoitohousut\/\",\"url\":\"https:\/\/simonjersey.eu\/fi\/tuote\/healing-handsmiesten-neulottuvyotaroiset-hoitohousut\/\",\"name\":\"\u201eHealing Hands\u201cmiesten neulottuvy\u00f6t\u00e4r\u00f6iset hoitohousut - Simon Jersey Suomi\",\"isPartOf\":{\"@id\":\"https:\/\/simonjersey.eu\/fi\/#website\"},\"primaryImageOfPage\":{\"@id\":\"https:\/\/simonjersey.eu\/fi\/tuote\/healing-handsmiesten-neulottuvyotaroiset-hoitohousut\/#primaryimage\"},\"image\":{\"@id\":\"https:\/\/simonjersey.eu\/fi\/tuote\/healing-handsmiesten-neulottuvyotaroiset-hoitohousut\/#primaryimage\"},\"thumbnailUrl\":\"https:\/\/simonjersey.eu\/fi\/wp-content\/uploads\/sites\/3\/2025\/10\/HHE9173_NAVY.jpg\",\"datePublished\":\"2025-10-28T11:44:44+00:00\",\"dateModified\":\"2025-10-28T11:49:31+00:00\",\"breadcrumb\":{\"@id\":\"https:\/\/simonjersey.eu\/fi\/tuote\/healing-handsmiesten-neulottuvyotaroiset-hoitohousut\/#breadcrumb\"},\"inLanguage\":\"fi\",\"potentialAction\":[{\"@type\":\"ReadAction\",\"target\":[\"https:\/\/simonjersey.eu\/fi\/tuote\/healing-handsmiesten-neulottuvyotaroiset-hoitohousut\/\"]}]},{\"@type\":\"ImageObject\",\"inLanguage\":\"fi\",\"@id\":\"https:\/\/simonjersey.eu\/fi\/tuote\/healing-handsmiesten-neulottuvyotaroiset-hoitohousut\/#primaryimage\",\"url\":\"https:\/\/simonjersey.eu\/fi\/wp-content\/uploads\/sites\/3\/2025\/10\/HHE9173_NAVY.jpg\",\"contentUrl\":\"https:\/\/simonjersey.eu\/fi\/wp-content\/uploads\/sites\/3\/2025\/10\/HHE9173_NAVY.jpg\",\"width\":1100,\"height\":1600},{\"@type\":\"BreadcrumbList\",\"@id\":\"https:\/\/simonjersey.eu\/fi\/tuote\/healing-handsmiesten-neulottuvyotaroiset-hoitohousut\/#breadcrumb\",\"itemListElement\":[{\"@type\":\"ListItem\",\"position\":1,\"name\":\"Home\",\"item\":\"https:\/\/simonjersey.eu\/fi\/\"},{\"@type\":\"ListItem\",\"position\":2,\"name\":\"Verkkokauppa\",\"item\":\"https:\/\/simonjersey.eu\/fi\/kauppaan\/\"},{\"@type\":\"ListItem\",\"position\":3,\"name\":\"\u201eHealing Hands\u201cmiesten neulottuvy\u00f6t\u00e4r\u00f6iset hoitohousut\"}]},{\"@type\":\"WebSite\",\"@id\":\"https:\/\/simonjersey.eu\/fi\/#website\",\"url\":\"https:\/\/simonjersey.eu\/fi\/\",\"name\":\"Simon Jersey Suomi\",\"description\":\"Tyylikk\u00e4\u00e4t ja kest\u00e4v\u00e4t  ammattiasut\",\"potentialAction\":[{\"@type\":\"SearchAction\",\"target\":{\"@type\":\"EntryPoint\",\"urlTemplate\":\"https:\/\/simonjersey.eu\/fi\/?s={search_term_string}\"},\"query-input\":{\"@type\":\"PropertyValueSpecification\",\"valueRequired\":true,\"valueName\":\"search_term_string\"}}],\"inLanguage\":\"fi\"}]}<\/script>\n<!-- \/ Yoast SEO plugin. -->","yoast_head_json":{"title":"\u201eHealing Hands\u201cmiesten neulottuvy\u00f6t\u00e4r\u00f6iset hoitohousut - Simon Jersey Suomi","robots":{"index":"index","follow":"follow","max-snippet":"max-snippet:-1","max-image-preview":"max-image-preview:large","max-video-preview":"max-video-preview:-1"},"canonical":"https:\/\/simonjersey.eu\/fi\/tuote\/healing-handsmiesten-neulottuvyotaroiset-hoitohousut\/","og_locale":"fi_FI","og_type":"article","og_title":"\u201eHealing Hands\u201cmiesten neulottuvy\u00f6t\u00e4r\u00f6iset hoitohousut - Simon Jersey Suomi","og_description":"Uudet \u201cHealing Hands\u201d miesten hoitohousut, joissa on heijastavat yksityiskohdat, on valmistettu kahdeksasta kierr\u00e4tetyst\u00e4 muovipullosta. Kevyt ja hengitt\u00e4v\u00e4 kangas takaa korkean k\u00e4ytt\u00f6mukavuuden. Hoitohousut joustavat nelj\u00e4\u00e4n suuntaan ja niiss\u00e4 on suora lahje. Housuissa on kaksi etutaskua, kaksi takataskua sek\u00e4 vetoketjullinen Cargo tasku. Taskujen reunoissa kulkee heijastinnauha. Vy\u00f6t\u00e4r\u00f6ll\u00e4 on joustava resori ja s\u00e4\u00e4dett\u00e4v\u00e4 kiristysnaru. Kangas on uskomattoman kevyt ja hengitt\u00e4v\u00e4, mik\u00e4 takaa mukavuuden koko ty\u00f6vuoron ajan ja siirt\u00e4\u00e4 kosteuden tehokkaasti pois iholta.  Materiaali: 55 % kierr\u00e4tetty\u00e4 polyesteri\u00e4, 37 % polyesteri\u00e4, 8 % elastaania  Neulottu resori: 91 % nailonia, 9 % elastaania  Hoito: Suositeltu pesul\u00e4mp\u00f6tila enint\u00e4\u00e4n 60\u00b0C  Koot: XS\u20132XL  Lahkeen sis\u00e4pituus: 79 cm  L\u00f6yd\u00e4 sopivat hoitopaitat\u00a0t\u00e4\u00e4lt\u00e4!","og_url":"https:\/\/simonjersey.eu\/fi\/tuote\/healing-handsmiesten-neulottuvyotaroiset-hoitohousut\/","og_site_name":"Simon Jersey Suomi","article_modified_time":"2025-10-28T11:49:31+00:00","og_image":[{"width":1100,"height":1600,"url":"https:\/\/simonjersey.eu\/fi\/wp-content\/uploads\/sites\/3\/2025\/10\/HHE9173_NAVY.jpg","type":"image\/jpeg"}],"twitter_card":"summary_large_image","twitter_misc":{"Arvioitu lukuaika":"1 minuutti"},"schema":{"@context":"https:\/\/schema.org","@graph":[{"@type":"WebPage","@id":"https:\/\/simonjersey.eu\/fi\/tuote\/healing-handsmiesten-neulottuvyotaroiset-hoitohousut\/","url":"https:\/\/simonjersey.eu\/fi\/tuote\/healing-handsmiesten-neulottuvyotaroiset-hoitohousut\/","name":"\u201eHealing Hands\u201cmiesten neulottuvy\u00f6t\u00e4r\u00f6iset hoitohousut - Simon Jersey Suomi","isPartOf":{"@id":"https:\/\/simonjersey.eu\/fi\/#website"},"primaryImageOfPage":{"@id":"https:\/\/simonjersey.eu\/fi\/tuote\/healing-handsmiesten-neulottuvyotaroiset-hoitohousut\/#primaryimage"},"image":{"@id":"https:\/\/simonjersey.eu\/fi\/tuote\/healing-handsmiesten-neulottuvyotaroiset-hoitohousut\/#primaryimage"},"thumbnailUrl":"https:\/\/simonjersey.eu\/fi\/wp-content\/uploads\/sites\/3\/2025\/10\/HHE9173_NAVY.jpg","datePublished":"2025-10-28T11:44:44+00:00","dateModified":"2025-10-28T11:49:31+00:00","breadcrumb":{"@id":"https:\/\/simonjersey.eu\/fi\/tuote\/healing-handsmiesten-neulottuvyotaroiset-hoitohousut\/#breadcrumb"},"inLanguage":"fi","potentialAction":[{"@type":"ReadAction","target":["https:\/\/simonjersey.eu\/fi\/tuote\/healing-handsmiesten-neulottuvyotaroiset-hoitohousut\/"]}]},{"@type":"ImageObject","inLanguage":"fi","@id":"https:\/\/simonjersey.eu\/fi\/tuote\/healing-handsmiesten-neulottuvyotaroiset-hoitohousut\/#primaryimage","url":"https:\/\/simonjersey.eu\/fi\/wp-content\/uploads\/sites\/3\/2025\/10\/HHE9173_NAVY.jpg","contentUrl":"https:\/\/simonjersey.eu\/fi\/wp-content\/uploads\/sites\/3\/2025\/10\/HHE9173_NAVY.jpg","width":1100,"height":1600},{"@type":"BreadcrumbList","@id":"https:\/\/simonjersey.eu\/fi\/tuote\/healing-handsmiesten-neulottuvyotaroiset-hoitohousut\/#breadcrumb","itemListElement":[{"@type":"ListItem","position":1,"name":"Home","item":"https:\/\/simonjersey.eu\/fi\/"},{"@type":"ListItem","position":2,"name":"Verkkokauppa","item":"https:\/\/simonjersey.eu\/fi\/kauppaan\/"},{"@type":"ListItem","position":3,"name":"\u201eHealing Hands\u201cmiesten neulottuvy\u00f6t\u00e4r\u00f6iset hoitohousut"}]},{"@type":"WebSite","@id":"https:\/\/simonjersey.eu\/fi\/#website","url":"https:\/\/simonjersey.eu\/fi\/","name":"Simon Jersey Suomi","description":"Tyylikk\u00e4\u00e4t ja kest\u00e4v\u00e4t  ammattiasut","potentialAction":[{"@type":"SearchAction","target":{"@type":"EntryPoint","urlTemplate":"https:\/\/simonjersey.eu\/fi\/?s={search_term_string}"},"query-input":{"@type":"PropertyValueSpecification","valueRequired":true,"valueName":"search_term_string"}}],"inLanguage":"fi"}]}},"_links":{"self":[{"href":"https:\/\/simonjersey.eu\/fi\/wp-json\/wp\/v2\/product\/9719","targetHints":{"allow":["GET"]}}],"collection":[{"href":"https:\/\/simonjersey.eu\/fi\/wp-json\/wp\/v2\/product"}],"about":[{"href":"https:\/\/simonjersey.eu\/fi\/wp-json\/wp\/v2\/types\/product"}],"wp:featuredmedia":[{"embeddable":true,"href":"https:\/\/simonjersey.eu\/fi\/wp-json\/wp\/v2\/media\/9728"}],"wp:attachment":[{"href":"https:\/\/simonjersey.eu\/fi\/wp-json\/wp\/v2\/media?parent=9719"}],"wp:term":[{"taxonomy":"product_brand","embeddable":true,"href":"https:\/\/simonjersey.eu\/fi\/wp-json\/wp\/v2\/product_brand?post=9719"},{"taxonomy":"product_cat","embeddable":true,"href":"https:\/\/simonjersey.eu\/fi\/wp-json\/wp\/v2\/product_cat?post=9719"},{"taxonomy":"product_tag","embeddable":true,"href":"https:\/\/simonjersey.eu\/fi\/wp-json\/wp\/v2\/product_tag?post=9719"}],"curies":[{"name":"wp","href":"https:\/\/api.w.org\/{rel}","templated":true}]}}