{"id":9874,"date":"2026-01-22T12:11:14","date_gmt":"2026-01-22T12:11:14","guid":{"rendered":"https:\/\/simonjersey.eu\/fi\/?post_type=product&#038;p=9874"},"modified":"2026-01-22T12:17:17","modified_gmt":"2026-01-22T12:17:17","slug":"miesten-jogger-housut","status":"publish","type":"product","link":"https:\/\/simonjersey.eu\/fi\/tuote\/miesten-jogger-housut\/","title":{"rendered":"Miesten jogger-housut"},"content":{"rendered":"","protected":false},"excerpt":{"rendered":"<p><a name=\"_Hlk219979656\"><\/a><strong>Miesten jogger-housut<\/strong> modernilla istuvuudella ja keskikorkealla vy\u00f6t\u00e4r\u00f6ll\u00e4 tarjoavat mukavuutta ja k\u00e4yt\u00e4nn\u00f6llisyytt\u00e4 jokap\u00e4iv\u00e4iseen k\u00e4ytt\u00f6\u00f6n. Joustava vy\u00f6t\u00e4r\u00f6 sis\u00e4isell\u00e4 kiristysny\u00f6rill\u00e4 takaa hyv\u00e4n istuvuuden, ja verkkokankaiset yksityiskohdat tuovat sporttista ilmett\u00e4.<\/p>\n<p data-start=\"356\" data-end=\"661\">Housuissa on <strong data-start=\"369\" data-end=\"385\">kuusi taskua<\/strong>: kaksi etutaskua, kaksinkertaiset cargo-taskut k\u00e4ytt\u00e4j\u00e4n oikealla puolella, wrap-tyylinen cargo-tasku vasemmalla puolella sek\u00e4 yksi takana oleva p\u00e4\u00e4lleommeltu tasku. Sis\u00e4lahkeen pituus: 76 cm<\/p>\n<p style=\"background: white;margin: 0cm 0cm 15.0pt 0cm\"><strong><span style=\"font-family: Roboto;color: black\">Materiaali<\/span><\/strong><span style=\"font-family: Roboto;color: black\">: Kevyt ja ohut materiaali mahdollistaa helpon liikkumisen samalla kun se on kest\u00e4v\u00e4 ja hengitt\u00e4v\u00e4. T\u00e4m\u00e4n pit\u00e4isi varmistaa mukavuus my\u00f6s pitk\u00e4aikaisessa k\u00e4yt\u00f6ss\u00e4.<em><span style=\"font-family: Roboto\">\u00a078% Polyester \/ 20 % Rayon \/ 2%\u00a0Elastane\u00a0Twill.<\/span><\/em><\/span><\/p>\n<p style=\"background: white;text-align: start;margin: 0cm 0cm 15.0pt 0cm\"><strong><span style=\"font-family: Roboto;color: black\">Hoito<\/span><\/strong><span style=\"font-family: Roboto;color: black\">: Housut ovat helppohoitoiset, ne voidaan pest\u00e4 koneessa 40\u00ba.<\/span><\/p>\n<p style=\"background: white;text-align: start;margin: 0cm 0cm 15.0pt 0cm\"><span style=\"font-family: Roboto;color: black\">Koot: XXS \u2013 3XL, joten voit l\u00f6yt\u00e4\u00e4 oikean koon eri vartalotyypeille.<\/span><\/p>\n","protected":false},"featured_media":9890,"template":"","meta":[],"product_brand":[],"product_cat":[438,44,69,72,30],"product_tag":[],"class_list":{"0":"post-9874","1":"product","2":"type-product","3":"status-publish","4":"has-post-thumbnail","6":"product_cat-dickies-cherokee-tyovaateet","7":"product_cat-kokinhousut","8":"product_cat-hyvinvoinit-hoitoala","9":"product_cat-laakeala-housut","10":"product_cat-laakealan-vaatteet","12":"first","13":"instock","14":"taxable","15":"shipping-taxable","16":"purchasable","17":"product-type-variable","18":"has-default-attributes"},"yoast_head":"<!-- This site is optimized with the Yoast SEO plugin v27.2 - https:\/\/yoast.com\/product\/yoast-seo-wordpress\/ -->\n<title>Miesten jogger-housut - Simon Jersey Suomi<\/title>\n<meta name=\"robots\" content=\"index, follow, max-snippet:-1, max-image-preview:large, max-video-preview:-1\" \/>\n<link rel=\"canonical\" href=\"https:\/\/simonjersey.eu\/fi\/tuote\/miesten-jogger-housut\/\" \/>\n<meta property=\"og:locale\" content=\"fi_FI\" \/>\n<meta property=\"og:type\" content=\"article\" \/>\n<meta property=\"og:title\" content=\"Miesten jogger-housut - Simon Jersey Suomi\" \/>\n<meta property=\"og:description\" content=\"Miesten jogger-housut modernilla istuvuudella ja keskikorkealla vy\u00f6t\u00e4r\u00f6ll\u00e4 tarjoavat mukavuutta ja k\u00e4yt\u00e4nn\u00f6llisyytt\u00e4 jokap\u00e4iv\u00e4iseen k\u00e4ytt\u00f6\u00f6n. Joustava vy\u00f6t\u00e4r\u00f6 sis\u00e4isell\u00e4 kiristysny\u00f6rill\u00e4 takaa hyv\u00e4n istuvuuden, ja verkkokankaiset yksityiskohdat tuovat sporttista ilmett\u00e4. Housuissa on kuusi taskua: kaksi etutaskua, kaksinkertaiset cargo-taskut k\u00e4ytt\u00e4j\u00e4n oikealla puolella, wrap-tyylinen cargo-tasku vasemmalla puolella sek\u00e4 yksi takana oleva p\u00e4\u00e4lleommeltu tasku. Sis\u00e4lahkeen pituus: 76 cm Materiaali: Kevyt ja ohut materiaali mahdollistaa helpon liikkumisen samalla kun se on kest\u00e4v\u00e4 ja hengitt\u00e4v\u00e4. T\u00e4m\u00e4n pit\u00e4isi varmistaa mukavuus my\u00f6s pitk\u00e4aikaisessa k\u00e4yt\u00f6ss\u00e4.\u00a078% Polyester \/ 20 % Rayon \/ 2%\u00a0Elastane\u00a0Twill. Hoito: Housut ovat helppohoitoiset, ne voidaan pest\u00e4 koneessa 40\u00ba. Koot: XXS \u2013 3XL, joten voit l\u00f6yt\u00e4\u00e4 oikean koon eri vartalotyypeille.\" \/>\n<meta property=\"og:url\" content=\"https:\/\/simonjersey.eu\/fi\/tuote\/miesten-jogger-housut\/\" \/>\n<meta property=\"og:site_name\" content=\"Simon Jersey Suomi\" \/>\n<meta property=\"article:modified_time\" content=\"2026-01-22T12:17:17+00:00\" \/>\n<meta property=\"og:image\" content=\"https:\/\/simonjersey.eu\/fi\/wp-content\/uploads\/sites\/3\/2026\/01\/WWE251_BLK-jogger-puksid.jpg\" \/>\n\t<meta property=\"og:image:width\" content=\"1100\" \/>\n\t<meta property=\"og:image:height\" content=\"1600\" \/>\n\t<meta property=\"og:image:type\" content=\"image\/jpeg\" \/>\n<meta name=\"twitter:card\" content=\"summary_large_image\" \/>\n<meta name=\"twitter:label1\" content=\"Arvioitu lukuaika\" \/>\n\t<meta name=\"twitter:data1\" content=\"1 minuutti\" \/>\n<script type=\"application\/ld+json\" class=\"yoast-schema-graph\">{\"@context\":\"https:\/\/schema.org\",\"@graph\":[{\"@type\":\"WebPage\",\"@id\":\"https:\/\/simonjersey.eu\/fi\/tuote\/miesten-jogger-housut\/\",\"url\":\"https:\/\/simonjersey.eu\/fi\/tuote\/miesten-jogger-housut\/\",\"name\":\"Miesten jogger-housut - Simon Jersey Suomi\",\"isPartOf\":{\"@id\":\"https:\/\/simonjersey.eu\/fi\/#website\"},\"primaryImageOfPage\":{\"@id\":\"https:\/\/simonjersey.eu\/fi\/tuote\/miesten-jogger-housut\/#primaryimage\"},\"image\":{\"@id\":\"https:\/\/simonjersey.eu\/fi\/tuote\/miesten-jogger-housut\/#primaryimage\"},\"thumbnailUrl\":\"https:\/\/simonjersey.eu\/fi\/wp-content\/uploads\/sites\/3\/2026\/01\/WWE251_BLK-jogger-puksid.jpg\",\"datePublished\":\"2026-01-22T12:11:14+00:00\",\"dateModified\":\"2026-01-22T12:17:17+00:00\",\"breadcrumb\":{\"@id\":\"https:\/\/simonjersey.eu\/fi\/tuote\/miesten-jogger-housut\/#breadcrumb\"},\"inLanguage\":\"fi\",\"potentialAction\":[{\"@type\":\"ReadAction\",\"target\":[\"https:\/\/simonjersey.eu\/fi\/tuote\/miesten-jogger-housut\/\"]}]},{\"@type\":\"ImageObject\",\"inLanguage\":\"fi\",\"@id\":\"https:\/\/simonjersey.eu\/fi\/tuote\/miesten-jogger-housut\/#primaryimage\",\"url\":\"https:\/\/simonjersey.eu\/fi\/wp-content\/uploads\/sites\/3\/2026\/01\/WWE251_BLK-jogger-puksid.jpg\",\"contentUrl\":\"https:\/\/simonjersey.eu\/fi\/wp-content\/uploads\/sites\/3\/2026\/01\/WWE251_BLK-jogger-puksid.jpg\",\"width\":1100,\"height\":1600},{\"@type\":\"BreadcrumbList\",\"@id\":\"https:\/\/simonjersey.eu\/fi\/tuote\/miesten-jogger-housut\/#breadcrumb\",\"itemListElement\":[{\"@type\":\"ListItem\",\"position\":1,\"name\":\"Home\",\"item\":\"https:\/\/simonjersey.eu\/fi\/\"},{\"@type\":\"ListItem\",\"position\":2,\"name\":\"Verkkokauppa\",\"item\":\"https:\/\/simonjersey.eu\/fi\/kauppaan\/\"},{\"@type\":\"ListItem\",\"position\":3,\"name\":\"Miesten jogger-housut\"}]},{\"@type\":\"WebSite\",\"@id\":\"https:\/\/simonjersey.eu\/fi\/#website\",\"url\":\"https:\/\/simonjersey.eu\/fi\/\",\"name\":\"Simon Jersey Suomi\",\"description\":\"Tyylikk\u00e4\u00e4t ja kest\u00e4v\u00e4t  ammattiasut\",\"potentialAction\":[{\"@type\":\"SearchAction\",\"target\":{\"@type\":\"EntryPoint\",\"urlTemplate\":\"https:\/\/simonjersey.eu\/fi\/?s={search_term_string}\"},\"query-input\":{\"@type\":\"PropertyValueSpecification\",\"valueRequired\":true,\"valueName\":\"search_term_string\"}}],\"inLanguage\":\"fi\"}]}<\/script>\n<!-- \/ Yoast SEO plugin. -->","yoast_head_json":{"title":"Miesten jogger-housut - Simon Jersey Suomi","robots":{"index":"index","follow":"follow","max-snippet":"max-snippet:-1","max-image-preview":"max-image-preview:large","max-video-preview":"max-video-preview:-1"},"canonical":"https:\/\/simonjersey.eu\/fi\/tuote\/miesten-jogger-housut\/","og_locale":"fi_FI","og_type":"article","og_title":"Miesten jogger-housut - Simon Jersey Suomi","og_description":"Miesten jogger-housut modernilla istuvuudella ja keskikorkealla vy\u00f6t\u00e4r\u00f6ll\u00e4 tarjoavat mukavuutta ja k\u00e4yt\u00e4nn\u00f6llisyytt\u00e4 jokap\u00e4iv\u00e4iseen k\u00e4ytt\u00f6\u00f6n. Joustava vy\u00f6t\u00e4r\u00f6 sis\u00e4isell\u00e4 kiristysny\u00f6rill\u00e4 takaa hyv\u00e4n istuvuuden, ja verkkokankaiset yksityiskohdat tuovat sporttista ilmett\u00e4. Housuissa on kuusi taskua: kaksi etutaskua, kaksinkertaiset cargo-taskut k\u00e4ytt\u00e4j\u00e4n oikealla puolella, wrap-tyylinen cargo-tasku vasemmalla puolella sek\u00e4 yksi takana oleva p\u00e4\u00e4lleommeltu tasku. Sis\u00e4lahkeen pituus: 76 cm Materiaali: Kevyt ja ohut materiaali mahdollistaa helpon liikkumisen samalla kun se on kest\u00e4v\u00e4 ja hengitt\u00e4v\u00e4. T\u00e4m\u00e4n pit\u00e4isi varmistaa mukavuus my\u00f6s pitk\u00e4aikaisessa k\u00e4yt\u00f6ss\u00e4.\u00a078% Polyester \/ 20 % Rayon \/ 2%\u00a0Elastane\u00a0Twill. Hoito: Housut ovat helppohoitoiset, ne voidaan pest\u00e4 koneessa 40\u00ba. Koot: XXS \u2013 3XL, joten voit l\u00f6yt\u00e4\u00e4 oikean koon eri vartalotyypeille.","og_url":"https:\/\/simonjersey.eu\/fi\/tuote\/miesten-jogger-housut\/","og_site_name":"Simon Jersey Suomi","article_modified_time":"2026-01-22T12:17:17+00:00","og_image":[{"width":1100,"height":1600,"url":"https:\/\/simonjersey.eu\/fi\/wp-content\/uploads\/sites\/3\/2026\/01\/WWE251_BLK-jogger-puksid.jpg","type":"image\/jpeg"}],"twitter_card":"summary_large_image","twitter_misc":{"Arvioitu lukuaika":"1 minuutti"},"schema":{"@context":"https:\/\/schema.org","@graph":[{"@type":"WebPage","@id":"https:\/\/simonjersey.eu\/fi\/tuote\/miesten-jogger-housut\/","url":"https:\/\/simonjersey.eu\/fi\/tuote\/miesten-jogger-housut\/","name":"Miesten jogger-housut - Simon Jersey Suomi","isPartOf":{"@id":"https:\/\/simonjersey.eu\/fi\/#website"},"primaryImageOfPage":{"@id":"https:\/\/simonjersey.eu\/fi\/tuote\/miesten-jogger-housut\/#primaryimage"},"image":{"@id":"https:\/\/simonjersey.eu\/fi\/tuote\/miesten-jogger-housut\/#primaryimage"},"thumbnailUrl":"https:\/\/simonjersey.eu\/fi\/wp-content\/uploads\/sites\/3\/2026\/01\/WWE251_BLK-jogger-puksid.jpg","datePublished":"2026-01-22T12:11:14+00:00","dateModified":"2026-01-22T12:17:17+00:00","breadcrumb":{"@id":"https:\/\/simonjersey.eu\/fi\/tuote\/miesten-jogger-housut\/#breadcrumb"},"inLanguage":"fi","potentialAction":[{"@type":"ReadAction","target":["https:\/\/simonjersey.eu\/fi\/tuote\/miesten-jogger-housut\/"]}]},{"@type":"ImageObject","inLanguage":"fi","@id":"https:\/\/simonjersey.eu\/fi\/tuote\/miesten-jogger-housut\/#primaryimage","url":"https:\/\/simonjersey.eu\/fi\/wp-content\/uploads\/sites\/3\/2026\/01\/WWE251_BLK-jogger-puksid.jpg","contentUrl":"https:\/\/simonjersey.eu\/fi\/wp-content\/uploads\/sites\/3\/2026\/01\/WWE251_BLK-jogger-puksid.jpg","width":1100,"height":1600},{"@type":"BreadcrumbList","@id":"https:\/\/simonjersey.eu\/fi\/tuote\/miesten-jogger-housut\/#breadcrumb","itemListElement":[{"@type":"ListItem","position":1,"name":"Home","item":"https:\/\/simonjersey.eu\/fi\/"},{"@type":"ListItem","position":2,"name":"Verkkokauppa","item":"https:\/\/simonjersey.eu\/fi\/kauppaan\/"},{"@type":"ListItem","position":3,"name":"Miesten jogger-housut"}]},{"@type":"WebSite","@id":"https:\/\/simonjersey.eu\/fi\/#website","url":"https:\/\/simonjersey.eu\/fi\/","name":"Simon Jersey Suomi","description":"Tyylikk\u00e4\u00e4t ja kest\u00e4v\u00e4t  ammattiasut","potentialAction":[{"@type":"SearchAction","target":{"@type":"EntryPoint","urlTemplate":"https:\/\/simonjersey.eu\/fi\/?s={search_term_string}"},"query-input":{"@type":"PropertyValueSpecification","valueRequired":true,"valueName":"search_term_string"}}],"inLanguage":"fi"}]}},"_links":{"self":[{"href":"https:\/\/simonjersey.eu\/fi\/wp-json\/wp\/v2\/product\/9874","targetHints":{"allow":["GET"]}}],"collection":[{"href":"https:\/\/simonjersey.eu\/fi\/wp-json\/wp\/v2\/product"}],"about":[{"href":"https:\/\/simonjersey.eu\/fi\/wp-json\/wp\/v2\/types\/product"}],"wp:featuredmedia":[{"embeddable":true,"href":"https:\/\/simonjersey.eu\/fi\/wp-json\/wp\/v2\/media\/9890"}],"wp:attachment":[{"href":"https:\/\/simonjersey.eu\/fi\/wp-json\/wp\/v2\/media?parent=9874"}],"wp:term":[{"taxonomy":"product_brand","embeddable":true,"href":"https:\/\/simonjersey.eu\/fi\/wp-json\/wp\/v2\/product_brand?post=9874"},{"taxonomy":"product_cat","embeddable":true,"href":"https:\/\/simonjersey.eu\/fi\/wp-json\/wp\/v2\/product_cat?post=9874"},{"taxonomy":"product_tag","embeddable":true,"href":"https:\/\/simonjersey.eu\/fi\/wp-json\/wp\/v2\/product_tag?post=9874"}],"curies":[{"name":"wp","href":"https:\/\/api.w.org\/{rel}","templated":true}]}}