{"id":9914,"date":"2026-02-04T11:28:12","date_gmt":"2026-02-04T11:28:12","guid":{"rendered":"https:\/\/simonjersey.eu\/fi\/?post_type=product&#038;p=9914"},"modified":"2026-02-04T11:33:28","modified_gmt":"2026-02-04T11:33:28","slug":"cherokee-naisten-hoitajan-paita-pehmeat-pastellisavyt","status":"publish","type":"product","link":"https:\/\/simonjersey.eu\/fi\/tuote\/cherokee-naisten-hoitajan-paita-pehmeat-pastellisavyt\/","title":{"rendered":"Cherokee Naisten hoitajan paita -pehme\u00e4t pastellis\u00e4vyt!"},"content":{"rendered":"","protected":false},"excerpt":{"rendered":"<p><strong>Cherokee naisten V-kaula-aukkoinen hoitajan paita \u2013 mukava ja joustava ty\u00f6paita terveydenhuoltoon<\/strong><\/p>\n<p><strong>Cherokee naisten hoitajan paita<\/strong> on laadukas ja k\u00e4yt\u00e4nn\u00f6llinen ty\u00f6vaate terveydenhuollon ammattilaisille. V-kaula-aukkoinen malli istuu hyvin ja tarjoaa erinomaisen k\u00e4ytt\u00f6mukavuuden pitkien ty\u00f6p\u00e4ivien aikana. Paita sopii t\u00e4ydellisesti sairaanhoitajille, l\u00e4hihoitajille, fysioterapeuteille sek\u00e4 hierojille.<\/p>\n<p>Hoitajan paidassa on <strong>kaksi k\u00e4yt\u00e4nn\u00f6llist\u00e4 taskua<\/strong>, joista toisessa on k\u00e4tev\u00e4 silmukka avaimille tai kulkukortille. Kevyt ja hengitt\u00e4v\u00e4 materiaali sis\u00e4lt\u00e4\u00e4 elastaania, joka tekee paidasta joustavan ja mahdollistaa vapaan liikkumisen my\u00f6s vaativissa ty\u00f6asennoissa.<\/p>\n<p>Tyylik\u00e4s ja toiminnallinen <strong>Cherokee-hoitajan ty\u00f6paita<\/strong> soveltuu erinomaisesti sairaaloihin, klinikoille, hoivakoteihin ja muihin l\u00e4\u00e4ketieteellisiin ty\u00f6ymp\u00e4rist\u00f6ihin.<\/p>\n<p>Materiaali: 78% Pol\u00fcester\/20% Rayon- viskoos\/ 2% Elastane Twill<\/p>\n<p>Pituus: 66cm<br \/>\nKonepesu: 70\u00b0C, alhaisella nopeudella, ei vaadi silityst\u00e4.<\/p>\n<p>Koko: XXS-3XL<\/p>\n<p><a href=\"https:\/\/simonjersey.eu\/fi\/tuote\/cherokee-housut-hoito-ja-palvelutyontekijoille\/\"><strong>Samanmalliset housut t\u00e4\u00e4lt\u00e4<\/strong><\/a><strong>!<\/strong><\/p>\n","protected":false},"featured_media":9917,"template":"","meta":[],"product_brand":[],"product_cat":[438,69,70,30],"product_tag":[],"class_list":{"0":"post-9914","1":"product","2":"type-product","3":"status-publish","4":"has-post-thumbnail","6":"product_cat-dickies-cherokee-tyovaateet","7":"product_cat-hyvinvoinit-hoitoala","8":"product_cat-naisten-hoitopaidat-ja-jakut","9":"product_cat-laakealan-vaatteet","11":"first","12":"instock","13":"taxable","14":"shipping-taxable","15":"purchasable","16":"product-type-variable","17":"has-default-attributes"},"yoast_head":"<!-- This site is optimized with the Yoast SEO plugin v27.2 - https:\/\/yoast.com\/product\/yoast-seo-wordpress\/ -->\n<title>Cherokee Naisten hoitajan paita -pehme\u00e4t pastellis\u00e4vyt! - Simon Jersey Suomi<\/title>\n<meta name=\"robots\" content=\"index, follow, max-snippet:-1, max-image-preview:large, max-video-preview:-1\" \/>\n<link rel=\"canonical\" href=\"https:\/\/simonjersey.eu\/fi\/tuote\/cherokee-naisten-hoitajan-paita-pehmeat-pastellisavyt\/\" \/>\n<meta property=\"og:locale\" content=\"fi_FI\" \/>\n<meta property=\"og:type\" content=\"article\" \/>\n<meta property=\"og:title\" content=\"Cherokee Naisten hoitajan paita -pehme\u00e4t pastellis\u00e4vyt! - Simon Jersey Suomi\" \/>\n<meta property=\"og:description\" content=\"Cherokee naisten V-kaula-aukkoinen hoitajan paita \u2013 mukava ja joustava ty\u00f6paita terveydenhuoltoon  Cherokee naisten hoitajan paita on laadukas ja k\u00e4yt\u00e4nn\u00f6llinen ty\u00f6vaate terveydenhuollon ammattilaisille. V-kaula-aukkoinen malli istuu hyvin ja tarjoaa erinomaisen k\u00e4ytt\u00f6mukavuuden pitkien ty\u00f6p\u00e4ivien aikana. Paita sopii t\u00e4ydellisesti sairaanhoitajille, l\u00e4hihoitajille, fysioterapeuteille sek\u00e4 hierojille.  Hoitajan paidassa on kaksi k\u00e4yt\u00e4nn\u00f6llist\u00e4 taskua, joista toisessa on k\u00e4tev\u00e4 silmukka avaimille tai kulkukortille. Kevyt ja hengitt\u00e4v\u00e4 materiaali sis\u00e4lt\u00e4\u00e4 elastaania, joka tekee paidasta joustavan ja mahdollistaa vapaan liikkumisen my\u00f6s vaativissa ty\u00f6asennoissa.  Tyylik\u00e4s ja toiminnallinen Cherokee-hoitajan ty\u00f6paita soveltuu erinomaisesti sairaaloihin, klinikoille, hoivakoteihin ja muihin l\u00e4\u00e4ketieteellisiin ty\u00f6ymp\u00e4rist\u00f6ihin.  Materiaali: 78% Pol\u00fcester\/20% Rayon- viskoos\/ 2% Elastane Twill  Pituus: 66cm Konepesu: 70\u00b0C, alhaisella nopeudella, ei vaadi silityst\u00e4.  Koko: XXS-3XL  Samanmalliset housut t\u00e4\u00e4lt\u00e4!\" \/>\n<meta property=\"og:url\" content=\"https:\/\/simonjersey.eu\/fi\/tuote\/cherokee-naisten-hoitajan-paita-pehmeat-pastellisavyt\/\" \/>\n<meta property=\"og:site_name\" content=\"Simon Jersey Suomi\" \/>\n<meta property=\"article:modified_time\" content=\"2026-02-04T11:33:28+00:00\" \/>\n<meta property=\"og:image\" content=\"https:\/\/simonjersey.eu\/fi\/wp-content\/uploads\/sites\/3\/2026\/02\/WWE610_KAK_LEFT-meditsiini-pluus.jpg\" \/>\n\t<meta property=\"og:image:width\" content=\"1100\" \/>\n\t<meta property=\"og:image:height\" content=\"1600\" \/>\n\t<meta property=\"og:image:type\" content=\"image\/jpeg\" \/>\n<meta name=\"twitter:card\" content=\"summary_large_image\" \/>\n<meta name=\"twitter:label1\" content=\"Arvioitu lukuaika\" \/>\n\t<meta name=\"twitter:data1\" content=\"1 minuutti\" \/>\n<script type=\"application\/ld+json\" class=\"yoast-schema-graph\">{\"@context\":\"https:\/\/schema.org\",\"@graph\":[{\"@type\":\"WebPage\",\"@id\":\"https:\/\/simonjersey.eu\/fi\/tuote\/cherokee-naisten-hoitajan-paita-pehmeat-pastellisavyt\/\",\"url\":\"https:\/\/simonjersey.eu\/fi\/tuote\/cherokee-naisten-hoitajan-paita-pehmeat-pastellisavyt\/\",\"name\":\"Cherokee Naisten hoitajan paita -pehme\u00e4t pastellis\u00e4vyt! - Simon Jersey Suomi\",\"isPartOf\":{\"@id\":\"https:\/\/simonjersey.eu\/fi\/#website\"},\"primaryImageOfPage\":{\"@id\":\"https:\/\/simonjersey.eu\/fi\/tuote\/cherokee-naisten-hoitajan-paita-pehmeat-pastellisavyt\/#primaryimage\"},\"image\":{\"@id\":\"https:\/\/simonjersey.eu\/fi\/tuote\/cherokee-naisten-hoitajan-paita-pehmeat-pastellisavyt\/#primaryimage\"},\"thumbnailUrl\":\"https:\/\/simonjersey.eu\/fi\/wp-content\/uploads\/sites\/3\/2026\/02\/WWE610_KAK_LEFT-meditsiini-pluus.jpg\",\"datePublished\":\"2026-02-04T11:28:12+00:00\",\"dateModified\":\"2026-02-04T11:33:28+00:00\",\"breadcrumb\":{\"@id\":\"https:\/\/simonjersey.eu\/fi\/tuote\/cherokee-naisten-hoitajan-paita-pehmeat-pastellisavyt\/#breadcrumb\"},\"inLanguage\":\"fi\",\"potentialAction\":[{\"@type\":\"ReadAction\",\"target\":[\"https:\/\/simonjersey.eu\/fi\/tuote\/cherokee-naisten-hoitajan-paita-pehmeat-pastellisavyt\/\"]}]},{\"@type\":\"ImageObject\",\"inLanguage\":\"fi\",\"@id\":\"https:\/\/simonjersey.eu\/fi\/tuote\/cherokee-naisten-hoitajan-paita-pehmeat-pastellisavyt\/#primaryimage\",\"url\":\"https:\/\/simonjersey.eu\/fi\/wp-content\/uploads\/sites\/3\/2026\/02\/WWE610_KAK_LEFT-meditsiini-pluus.jpg\",\"contentUrl\":\"https:\/\/simonjersey.eu\/fi\/wp-content\/uploads\/sites\/3\/2026\/02\/WWE610_KAK_LEFT-meditsiini-pluus.jpg\",\"width\":1100,\"height\":1600},{\"@type\":\"BreadcrumbList\",\"@id\":\"https:\/\/simonjersey.eu\/fi\/tuote\/cherokee-naisten-hoitajan-paita-pehmeat-pastellisavyt\/#breadcrumb\",\"itemListElement\":[{\"@type\":\"ListItem\",\"position\":1,\"name\":\"Home\",\"item\":\"https:\/\/simonjersey.eu\/fi\/\"},{\"@type\":\"ListItem\",\"position\":2,\"name\":\"Verkkokauppa\",\"item\":\"https:\/\/simonjersey.eu\/fi\/kauppaan\/\"},{\"@type\":\"ListItem\",\"position\":3,\"name\":\"Cherokee Naisten hoitajan paita -pehme\u00e4t pastellis\u00e4vyt!\"}]},{\"@type\":\"WebSite\",\"@id\":\"https:\/\/simonjersey.eu\/fi\/#website\",\"url\":\"https:\/\/simonjersey.eu\/fi\/\",\"name\":\"Simon Jersey Suomi\",\"description\":\"Tyylikk\u00e4\u00e4t ja kest\u00e4v\u00e4t  ammattiasut\",\"potentialAction\":[{\"@type\":\"SearchAction\",\"target\":{\"@type\":\"EntryPoint\",\"urlTemplate\":\"https:\/\/simonjersey.eu\/fi\/?s={search_term_string}\"},\"query-input\":{\"@type\":\"PropertyValueSpecification\",\"valueRequired\":true,\"valueName\":\"search_term_string\"}}],\"inLanguage\":\"fi\"}]}<\/script>\n<!-- \/ Yoast SEO plugin. -->","yoast_head_json":{"title":"Cherokee Naisten hoitajan paita -pehme\u00e4t pastellis\u00e4vyt! - Simon Jersey Suomi","robots":{"index":"index","follow":"follow","max-snippet":"max-snippet:-1","max-image-preview":"max-image-preview:large","max-video-preview":"max-video-preview:-1"},"canonical":"https:\/\/simonjersey.eu\/fi\/tuote\/cherokee-naisten-hoitajan-paita-pehmeat-pastellisavyt\/","og_locale":"fi_FI","og_type":"article","og_title":"Cherokee Naisten hoitajan paita -pehme\u00e4t pastellis\u00e4vyt! - Simon Jersey Suomi","og_description":"Cherokee naisten V-kaula-aukkoinen hoitajan paita \u2013 mukava ja joustava ty\u00f6paita terveydenhuoltoon  Cherokee naisten hoitajan paita on laadukas ja k\u00e4yt\u00e4nn\u00f6llinen ty\u00f6vaate terveydenhuollon ammattilaisille. V-kaula-aukkoinen malli istuu hyvin ja tarjoaa erinomaisen k\u00e4ytt\u00f6mukavuuden pitkien ty\u00f6p\u00e4ivien aikana. Paita sopii t\u00e4ydellisesti sairaanhoitajille, l\u00e4hihoitajille, fysioterapeuteille sek\u00e4 hierojille.  Hoitajan paidassa on kaksi k\u00e4yt\u00e4nn\u00f6llist\u00e4 taskua, joista toisessa on k\u00e4tev\u00e4 silmukka avaimille tai kulkukortille. Kevyt ja hengitt\u00e4v\u00e4 materiaali sis\u00e4lt\u00e4\u00e4 elastaania, joka tekee paidasta joustavan ja mahdollistaa vapaan liikkumisen my\u00f6s vaativissa ty\u00f6asennoissa.  Tyylik\u00e4s ja toiminnallinen Cherokee-hoitajan ty\u00f6paita soveltuu erinomaisesti sairaaloihin, klinikoille, hoivakoteihin ja muihin l\u00e4\u00e4ketieteellisiin ty\u00f6ymp\u00e4rist\u00f6ihin.  Materiaali: 78% Pol\u00fcester\/20% Rayon- viskoos\/ 2% Elastane Twill  Pituus: 66cm Konepesu: 70\u00b0C, alhaisella nopeudella, ei vaadi silityst\u00e4.  Koko: XXS-3XL  Samanmalliset housut t\u00e4\u00e4lt\u00e4!","og_url":"https:\/\/simonjersey.eu\/fi\/tuote\/cherokee-naisten-hoitajan-paita-pehmeat-pastellisavyt\/","og_site_name":"Simon Jersey Suomi","article_modified_time":"2026-02-04T11:33:28+00:00","og_image":[{"width":1100,"height":1600,"url":"https:\/\/simonjersey.eu\/fi\/wp-content\/uploads\/sites\/3\/2026\/02\/WWE610_KAK_LEFT-meditsiini-pluus.jpg","type":"image\/jpeg"}],"twitter_card":"summary_large_image","twitter_misc":{"Arvioitu lukuaika":"1 minuutti"},"schema":{"@context":"https:\/\/schema.org","@graph":[{"@type":"WebPage","@id":"https:\/\/simonjersey.eu\/fi\/tuote\/cherokee-naisten-hoitajan-paita-pehmeat-pastellisavyt\/","url":"https:\/\/simonjersey.eu\/fi\/tuote\/cherokee-naisten-hoitajan-paita-pehmeat-pastellisavyt\/","name":"Cherokee Naisten hoitajan paita -pehme\u00e4t pastellis\u00e4vyt! - Simon Jersey Suomi","isPartOf":{"@id":"https:\/\/simonjersey.eu\/fi\/#website"},"primaryImageOfPage":{"@id":"https:\/\/simonjersey.eu\/fi\/tuote\/cherokee-naisten-hoitajan-paita-pehmeat-pastellisavyt\/#primaryimage"},"image":{"@id":"https:\/\/simonjersey.eu\/fi\/tuote\/cherokee-naisten-hoitajan-paita-pehmeat-pastellisavyt\/#primaryimage"},"thumbnailUrl":"https:\/\/simonjersey.eu\/fi\/wp-content\/uploads\/sites\/3\/2026\/02\/WWE610_KAK_LEFT-meditsiini-pluus.jpg","datePublished":"2026-02-04T11:28:12+00:00","dateModified":"2026-02-04T11:33:28+00:00","breadcrumb":{"@id":"https:\/\/simonjersey.eu\/fi\/tuote\/cherokee-naisten-hoitajan-paita-pehmeat-pastellisavyt\/#breadcrumb"},"inLanguage":"fi","potentialAction":[{"@type":"ReadAction","target":["https:\/\/simonjersey.eu\/fi\/tuote\/cherokee-naisten-hoitajan-paita-pehmeat-pastellisavyt\/"]}]},{"@type":"ImageObject","inLanguage":"fi","@id":"https:\/\/simonjersey.eu\/fi\/tuote\/cherokee-naisten-hoitajan-paita-pehmeat-pastellisavyt\/#primaryimage","url":"https:\/\/simonjersey.eu\/fi\/wp-content\/uploads\/sites\/3\/2026\/02\/WWE610_KAK_LEFT-meditsiini-pluus.jpg","contentUrl":"https:\/\/simonjersey.eu\/fi\/wp-content\/uploads\/sites\/3\/2026\/02\/WWE610_KAK_LEFT-meditsiini-pluus.jpg","width":1100,"height":1600},{"@type":"BreadcrumbList","@id":"https:\/\/simonjersey.eu\/fi\/tuote\/cherokee-naisten-hoitajan-paita-pehmeat-pastellisavyt\/#breadcrumb","itemListElement":[{"@type":"ListItem","position":1,"name":"Home","item":"https:\/\/simonjersey.eu\/fi\/"},{"@type":"ListItem","position":2,"name":"Verkkokauppa","item":"https:\/\/simonjersey.eu\/fi\/kauppaan\/"},{"@type":"ListItem","position":3,"name":"Cherokee Naisten hoitajan paita -pehme\u00e4t pastellis\u00e4vyt!"}]},{"@type":"WebSite","@id":"https:\/\/simonjersey.eu\/fi\/#website","url":"https:\/\/simonjersey.eu\/fi\/","name":"Simon Jersey Suomi","description":"Tyylikk\u00e4\u00e4t ja kest\u00e4v\u00e4t  ammattiasut","potentialAction":[{"@type":"SearchAction","target":{"@type":"EntryPoint","urlTemplate":"https:\/\/simonjersey.eu\/fi\/?s={search_term_string}"},"query-input":{"@type":"PropertyValueSpecification","valueRequired":true,"valueName":"search_term_string"}}],"inLanguage":"fi"}]}},"_links":{"self":[{"href":"https:\/\/simonjersey.eu\/fi\/wp-json\/wp\/v2\/product\/9914","targetHints":{"allow":["GET"]}}],"collection":[{"href":"https:\/\/simonjersey.eu\/fi\/wp-json\/wp\/v2\/product"}],"about":[{"href":"https:\/\/simonjersey.eu\/fi\/wp-json\/wp\/v2\/types\/product"}],"wp:featuredmedia":[{"embeddable":true,"href":"https:\/\/simonjersey.eu\/fi\/wp-json\/wp\/v2\/media\/9917"}],"wp:attachment":[{"href":"https:\/\/simonjersey.eu\/fi\/wp-json\/wp\/v2\/media?parent=9914"}],"wp:term":[{"taxonomy":"product_brand","embeddable":true,"href":"https:\/\/simonjersey.eu\/fi\/wp-json\/wp\/v2\/product_brand?post=9914"},{"taxonomy":"product_cat","embeddable":true,"href":"https:\/\/simonjersey.eu\/fi\/wp-json\/wp\/v2\/product_cat?post=9914"},{"taxonomy":"product_tag","embeddable":true,"href":"https:\/\/simonjersey.eu\/fi\/wp-json\/wp\/v2\/product_tag?post=9914"}],"curies":[{"name":"wp","href":"https:\/\/api.w.org\/{rel}","templated":true}]}}