{"id":9946,"date":"2026-02-04T12:11:16","date_gmt":"2026-02-04T12:11:16","guid":{"rendered":"https:\/\/simonjersey.eu\/fi\/?post_type=product&#038;p=9946"},"modified":"2026-02-04T12:16:08","modified_gmt":"2026-02-04T12:16:08","slug":"cherokee-naisten-hoitoalan-tyohosut-pehmeat-pastellisavyt","status":"publish","type":"product","link":"https:\/\/simonjersey.eu\/fi\/tuote\/cherokee-naisten-hoitoalan-tyohosut-pehmeat-pastellisavyt\/","title":{"rendered":"Cherokee naisten hoitoalan ty\u00f6hosut \u2013pehme\u00e4t pastellis\u00e4vyt!"},"content":{"rendered":"","protected":false},"excerpt":{"rendered":"<p><strong>Cherokee hoitohousut<\/strong> on suunniteltu hoito- ja palvelualan ammattilaisille, jotka arvostavat mukavuutta, toimivuutta ja modernia istuvuutta. Nykyaikainen leikkaus takaa siistin ulkon\u00e4\u00f6n ja miellytt\u00e4v\u00e4n k\u00e4ytt\u00f6kokemuksen koko ty\u00f6p\u00e4iv\u00e4n ajan.<\/p>\n<p>Housuissa on <strong>yhteens\u00e4 viisi k\u00e4yt\u00e4nn\u00f6llist\u00e4 taskua<\/strong>, mukaan lukien ommellut etu- ja takataskut sek\u00e4 tilava tavaratasku lahkeessa. Taskut tarjoavat runsaasti s\u00e4ilytystilaa p\u00e4ivitt\u00e4isille ty\u00f6v\u00e4lineille. <strong>Mukava vy\u00f6t\u00e4r\u00f6<\/strong>, jossa on vahvistettu sis\u00e4kuminauha, antaa lis\u00e4tukea ja pit\u00e4\u00e4 housut hyvin paikoillaan my\u00f6s aktiivisessa ty\u00f6ss\u00e4.<\/p>\n<p>Kevyt ja ohut <strong>polyesteri\u2013rayon\u2013elastaani-twill-materiaali<\/strong> on hengitt\u00e4v\u00e4, joustava ja kest\u00e4v\u00e4, mahdollistaen vapaan liikkumisen my\u00f6s pitkin\u00e4 ty\u00f6p\u00e4ivin\u00e4. Housut ovat helppohoitoiset ja soveltuvat erinomaisesti vaativaan ammattik\u00e4ytt\u00f6\u00f6n.<\/p>\n<p>Materiaali: 78 % polyesteri \/ 20 % rayon \/ 2 % elastaani (twill)<\/p>\n<p>Konepesu 70 \u00b0C, helppohoitoinen, v\u00e4h\u00e4inen silitystarve<\/p>\n<ul>\n<li>Koot: <strong data-start=\"1423\" data-end=\"1436\">XXS \u2013 3XL<\/strong>Pituus:78,5cm\n<p>Naisten hoitopaita\u00a0<a href=\"https:\/\/simonjersey.eu\/fi\/tuote\/cherokee-naisten-hoitajan-paita-pehmeat-pastellisavyt\/\"><strong>t\u00e4\u00e4lt\u00e4<\/strong><\/a><strong>!<\/strong><\/li>\n<\/ul>\n","protected":false},"featured_media":9951,"template":"","meta":[],"product_brand":[],"product_cat":[438,36,38,69,72,18,30],"product_tag":[],"class_list":{"0":"post-9946","1":"product","2":"type-product","3":"status-publish","4":"has-post-thumbnail","6":"product_cat-dickies-cherokee-tyovaateet","7":"product_cat-kauneus-spa","8":"product_cat-housut","9":"product_cat-hyvinvoinit-hoitoala","10":"product_cat-laakeala-housut","11":"product_cat-naisten-housut","12":"product_cat-laakealan-vaatteet","14":"first","15":"instock","16":"taxable","17":"shipping-taxable","18":"purchasable","19":"product-type-variable","20":"has-default-attributes"},"yoast_head":"<!-- This site is optimized with the Yoast SEO plugin v27.2 - https:\/\/yoast.com\/product\/yoast-seo-wordpress\/ -->\n<title>Cherokee naisten hoitoalan ty\u00f6hosut \u2013pehme\u00e4t pastellis\u00e4vyt! - Simon Jersey Suomi<\/title>\n<meta name=\"robots\" content=\"index, follow, max-snippet:-1, max-image-preview:large, max-video-preview:-1\" \/>\n<link rel=\"canonical\" href=\"https:\/\/simonjersey.eu\/fi\/tuote\/cherokee-naisten-hoitoalan-tyohosut-pehmeat-pastellisavyt\/\" \/>\n<meta property=\"og:locale\" content=\"fi_FI\" \/>\n<meta property=\"og:type\" content=\"article\" \/>\n<meta property=\"og:title\" content=\"Cherokee naisten hoitoalan ty\u00f6hosut \u2013pehme\u00e4t pastellis\u00e4vyt! - Simon Jersey Suomi\" \/>\n<meta property=\"og:description\" content=\"Cherokee hoitohousut on suunniteltu hoito- ja palvelualan ammattilaisille, jotka arvostavat mukavuutta, toimivuutta ja modernia istuvuutta. Nykyaikainen leikkaus takaa siistin ulkon\u00e4\u00f6n ja miellytt\u00e4v\u00e4n k\u00e4ytt\u00f6kokemuksen koko ty\u00f6p\u00e4iv\u00e4n ajan.  Housuissa on yhteens\u00e4 viisi k\u00e4yt\u00e4nn\u00f6llist\u00e4 taskua, mukaan lukien ommellut etu- ja takataskut sek\u00e4 tilava tavaratasku lahkeessa. Taskut tarjoavat runsaasti s\u00e4ilytystilaa p\u00e4ivitt\u00e4isille ty\u00f6v\u00e4lineille. Mukava vy\u00f6t\u00e4r\u00f6, jossa on vahvistettu sis\u00e4kuminauha, antaa lis\u00e4tukea ja pit\u00e4\u00e4 housut hyvin paikoillaan my\u00f6s aktiivisessa ty\u00f6ss\u00e4.  Kevyt ja ohut polyesteri\u2013rayon\u2013elastaani-twill-materiaali on hengitt\u00e4v\u00e4, joustava ja kest\u00e4v\u00e4, mahdollistaen vapaan liikkumisen my\u00f6s pitkin\u00e4 ty\u00f6p\u00e4ivin\u00e4. Housut ovat helppohoitoiset ja soveltuvat erinomaisesti vaativaan ammattik\u00e4ytt\u00f6\u00f6n.  Materiaali: 78 % polyesteri \/ 20 % rayon \/ 2 % elastaani (twill)  Konepesu 70 \u00b0C, helppohoitoinen, v\u00e4h\u00e4inen silitystarve   Koot: XXS \u2013 3XLPituus:78,5cm  Naisten hoitopaita\u00a0t\u00e4\u00e4lt\u00e4!\" \/>\n<meta property=\"og:url\" content=\"https:\/\/simonjersey.eu\/fi\/tuote\/cherokee-naisten-hoitoalan-tyohosut-pehmeat-pastellisavyt\/\" \/>\n<meta property=\"og:site_name\" content=\"Simon Jersey Suomi\" \/>\n<meta property=\"article:modified_time\" content=\"2026-02-04T12:16:08+00:00\" \/>\n<meta property=\"og:image\" content=\"https:\/\/simonjersey.eu\/fi\/wp-content\/uploads\/sites\/3\/2026\/02\/WWE110_KAK_1-MEDITSIINIPUKSID.jpg\" \/>\n\t<meta property=\"og:image:width\" content=\"1100\" \/>\n\t<meta property=\"og:image:height\" content=\"1600\" \/>\n\t<meta property=\"og:image:type\" content=\"image\/jpeg\" \/>\n<meta name=\"twitter:card\" content=\"summary_large_image\" \/>\n<meta name=\"twitter:label1\" content=\"Arvioitu lukuaika\" \/>\n\t<meta name=\"twitter:data1\" content=\"1 minuutti\" \/>\n<script type=\"application\/ld+json\" class=\"yoast-schema-graph\">{\"@context\":\"https:\/\/schema.org\",\"@graph\":[{\"@type\":\"WebPage\",\"@id\":\"https:\/\/simonjersey.eu\/fi\/tuote\/cherokee-naisten-hoitoalan-tyohosut-pehmeat-pastellisavyt\/\",\"url\":\"https:\/\/simonjersey.eu\/fi\/tuote\/cherokee-naisten-hoitoalan-tyohosut-pehmeat-pastellisavyt\/\",\"name\":\"Cherokee naisten hoitoalan ty\u00f6hosut \u2013pehme\u00e4t pastellis\u00e4vyt! - Simon Jersey Suomi\",\"isPartOf\":{\"@id\":\"https:\/\/simonjersey.eu\/fi\/#website\"},\"primaryImageOfPage\":{\"@id\":\"https:\/\/simonjersey.eu\/fi\/tuote\/cherokee-naisten-hoitoalan-tyohosut-pehmeat-pastellisavyt\/#primaryimage\"},\"image\":{\"@id\":\"https:\/\/simonjersey.eu\/fi\/tuote\/cherokee-naisten-hoitoalan-tyohosut-pehmeat-pastellisavyt\/#primaryimage\"},\"thumbnailUrl\":\"https:\/\/simonjersey.eu\/fi\/wp-content\/uploads\/sites\/3\/2026\/02\/WWE110_KAK_1-MEDITSIINIPUKSID.jpg\",\"datePublished\":\"2026-02-04T12:11:16+00:00\",\"dateModified\":\"2026-02-04T12:16:08+00:00\",\"breadcrumb\":{\"@id\":\"https:\/\/simonjersey.eu\/fi\/tuote\/cherokee-naisten-hoitoalan-tyohosut-pehmeat-pastellisavyt\/#breadcrumb\"},\"inLanguage\":\"fi\",\"potentialAction\":[{\"@type\":\"ReadAction\",\"target\":[\"https:\/\/simonjersey.eu\/fi\/tuote\/cherokee-naisten-hoitoalan-tyohosut-pehmeat-pastellisavyt\/\"]}]},{\"@type\":\"ImageObject\",\"inLanguage\":\"fi\",\"@id\":\"https:\/\/simonjersey.eu\/fi\/tuote\/cherokee-naisten-hoitoalan-tyohosut-pehmeat-pastellisavyt\/#primaryimage\",\"url\":\"https:\/\/simonjersey.eu\/fi\/wp-content\/uploads\/sites\/3\/2026\/02\/WWE110_KAK_1-MEDITSIINIPUKSID.jpg\",\"contentUrl\":\"https:\/\/simonjersey.eu\/fi\/wp-content\/uploads\/sites\/3\/2026\/02\/WWE110_KAK_1-MEDITSIINIPUKSID.jpg\",\"width\":1100,\"height\":1600},{\"@type\":\"BreadcrumbList\",\"@id\":\"https:\/\/simonjersey.eu\/fi\/tuote\/cherokee-naisten-hoitoalan-tyohosut-pehmeat-pastellisavyt\/#breadcrumb\",\"itemListElement\":[{\"@type\":\"ListItem\",\"position\":1,\"name\":\"Home\",\"item\":\"https:\/\/simonjersey.eu\/fi\/\"},{\"@type\":\"ListItem\",\"position\":2,\"name\":\"Verkkokauppa\",\"item\":\"https:\/\/simonjersey.eu\/fi\/kauppaan\/\"},{\"@type\":\"ListItem\",\"position\":3,\"name\":\"Cherokee naisten hoitoalan ty\u00f6hosut \u2013pehme\u00e4t pastellis\u00e4vyt!\"}]},{\"@type\":\"WebSite\",\"@id\":\"https:\/\/simonjersey.eu\/fi\/#website\",\"url\":\"https:\/\/simonjersey.eu\/fi\/\",\"name\":\"Simon Jersey Suomi\",\"description\":\"Tyylikk\u00e4\u00e4t ja kest\u00e4v\u00e4t  ammattiasut\",\"potentialAction\":[{\"@type\":\"SearchAction\",\"target\":{\"@type\":\"EntryPoint\",\"urlTemplate\":\"https:\/\/simonjersey.eu\/fi\/?s={search_term_string}\"},\"query-input\":{\"@type\":\"PropertyValueSpecification\",\"valueRequired\":true,\"valueName\":\"search_term_string\"}}],\"inLanguage\":\"fi\"}]}<\/script>\n<!-- \/ Yoast SEO plugin. -->","yoast_head_json":{"title":"Cherokee naisten hoitoalan ty\u00f6hosut \u2013pehme\u00e4t pastellis\u00e4vyt! - Simon Jersey Suomi","robots":{"index":"index","follow":"follow","max-snippet":"max-snippet:-1","max-image-preview":"max-image-preview:large","max-video-preview":"max-video-preview:-1"},"canonical":"https:\/\/simonjersey.eu\/fi\/tuote\/cherokee-naisten-hoitoalan-tyohosut-pehmeat-pastellisavyt\/","og_locale":"fi_FI","og_type":"article","og_title":"Cherokee naisten hoitoalan ty\u00f6hosut \u2013pehme\u00e4t pastellis\u00e4vyt! - Simon Jersey Suomi","og_description":"Cherokee hoitohousut on suunniteltu hoito- ja palvelualan ammattilaisille, jotka arvostavat mukavuutta, toimivuutta ja modernia istuvuutta. Nykyaikainen leikkaus takaa siistin ulkon\u00e4\u00f6n ja miellytt\u00e4v\u00e4n k\u00e4ytt\u00f6kokemuksen koko ty\u00f6p\u00e4iv\u00e4n ajan.  Housuissa on yhteens\u00e4 viisi k\u00e4yt\u00e4nn\u00f6llist\u00e4 taskua, mukaan lukien ommellut etu- ja takataskut sek\u00e4 tilava tavaratasku lahkeessa. Taskut tarjoavat runsaasti s\u00e4ilytystilaa p\u00e4ivitt\u00e4isille ty\u00f6v\u00e4lineille. Mukava vy\u00f6t\u00e4r\u00f6, jossa on vahvistettu sis\u00e4kuminauha, antaa lis\u00e4tukea ja pit\u00e4\u00e4 housut hyvin paikoillaan my\u00f6s aktiivisessa ty\u00f6ss\u00e4.  Kevyt ja ohut polyesteri\u2013rayon\u2013elastaani-twill-materiaali on hengitt\u00e4v\u00e4, joustava ja kest\u00e4v\u00e4, mahdollistaen vapaan liikkumisen my\u00f6s pitkin\u00e4 ty\u00f6p\u00e4ivin\u00e4. Housut ovat helppohoitoiset ja soveltuvat erinomaisesti vaativaan ammattik\u00e4ytt\u00f6\u00f6n.  Materiaali: 78 % polyesteri \/ 20 % rayon \/ 2 % elastaani (twill)  Konepesu 70 \u00b0C, helppohoitoinen, v\u00e4h\u00e4inen silitystarve   Koot: XXS \u2013 3XLPituus:78,5cm  Naisten hoitopaita\u00a0t\u00e4\u00e4lt\u00e4!","og_url":"https:\/\/simonjersey.eu\/fi\/tuote\/cherokee-naisten-hoitoalan-tyohosut-pehmeat-pastellisavyt\/","og_site_name":"Simon Jersey Suomi","article_modified_time":"2026-02-04T12:16:08+00:00","og_image":[{"width":1100,"height":1600,"url":"https:\/\/simonjersey.eu\/fi\/wp-content\/uploads\/sites\/3\/2026\/02\/WWE110_KAK_1-MEDITSIINIPUKSID.jpg","type":"image\/jpeg"}],"twitter_card":"summary_large_image","twitter_misc":{"Arvioitu lukuaika":"1 minuutti"},"schema":{"@context":"https:\/\/schema.org","@graph":[{"@type":"WebPage","@id":"https:\/\/simonjersey.eu\/fi\/tuote\/cherokee-naisten-hoitoalan-tyohosut-pehmeat-pastellisavyt\/","url":"https:\/\/simonjersey.eu\/fi\/tuote\/cherokee-naisten-hoitoalan-tyohosut-pehmeat-pastellisavyt\/","name":"Cherokee naisten hoitoalan ty\u00f6hosut \u2013pehme\u00e4t pastellis\u00e4vyt! - Simon Jersey Suomi","isPartOf":{"@id":"https:\/\/simonjersey.eu\/fi\/#website"},"primaryImageOfPage":{"@id":"https:\/\/simonjersey.eu\/fi\/tuote\/cherokee-naisten-hoitoalan-tyohosut-pehmeat-pastellisavyt\/#primaryimage"},"image":{"@id":"https:\/\/simonjersey.eu\/fi\/tuote\/cherokee-naisten-hoitoalan-tyohosut-pehmeat-pastellisavyt\/#primaryimage"},"thumbnailUrl":"https:\/\/simonjersey.eu\/fi\/wp-content\/uploads\/sites\/3\/2026\/02\/WWE110_KAK_1-MEDITSIINIPUKSID.jpg","datePublished":"2026-02-04T12:11:16+00:00","dateModified":"2026-02-04T12:16:08+00:00","breadcrumb":{"@id":"https:\/\/simonjersey.eu\/fi\/tuote\/cherokee-naisten-hoitoalan-tyohosut-pehmeat-pastellisavyt\/#breadcrumb"},"inLanguage":"fi","potentialAction":[{"@type":"ReadAction","target":["https:\/\/simonjersey.eu\/fi\/tuote\/cherokee-naisten-hoitoalan-tyohosut-pehmeat-pastellisavyt\/"]}]},{"@type":"ImageObject","inLanguage":"fi","@id":"https:\/\/simonjersey.eu\/fi\/tuote\/cherokee-naisten-hoitoalan-tyohosut-pehmeat-pastellisavyt\/#primaryimage","url":"https:\/\/simonjersey.eu\/fi\/wp-content\/uploads\/sites\/3\/2026\/02\/WWE110_KAK_1-MEDITSIINIPUKSID.jpg","contentUrl":"https:\/\/simonjersey.eu\/fi\/wp-content\/uploads\/sites\/3\/2026\/02\/WWE110_KAK_1-MEDITSIINIPUKSID.jpg","width":1100,"height":1600},{"@type":"BreadcrumbList","@id":"https:\/\/simonjersey.eu\/fi\/tuote\/cherokee-naisten-hoitoalan-tyohosut-pehmeat-pastellisavyt\/#breadcrumb","itemListElement":[{"@type":"ListItem","position":1,"name":"Home","item":"https:\/\/simonjersey.eu\/fi\/"},{"@type":"ListItem","position":2,"name":"Verkkokauppa","item":"https:\/\/simonjersey.eu\/fi\/kauppaan\/"},{"@type":"ListItem","position":3,"name":"Cherokee naisten hoitoalan ty\u00f6hosut \u2013pehme\u00e4t pastellis\u00e4vyt!"}]},{"@type":"WebSite","@id":"https:\/\/simonjersey.eu\/fi\/#website","url":"https:\/\/simonjersey.eu\/fi\/","name":"Simon Jersey Suomi","description":"Tyylikk\u00e4\u00e4t ja kest\u00e4v\u00e4t  ammattiasut","potentialAction":[{"@type":"SearchAction","target":{"@type":"EntryPoint","urlTemplate":"https:\/\/simonjersey.eu\/fi\/?s={search_term_string}"},"query-input":{"@type":"PropertyValueSpecification","valueRequired":true,"valueName":"search_term_string"}}],"inLanguage":"fi"}]}},"_links":{"self":[{"href":"https:\/\/simonjersey.eu\/fi\/wp-json\/wp\/v2\/product\/9946","targetHints":{"allow":["GET"]}}],"collection":[{"href":"https:\/\/simonjersey.eu\/fi\/wp-json\/wp\/v2\/product"}],"about":[{"href":"https:\/\/simonjersey.eu\/fi\/wp-json\/wp\/v2\/types\/product"}],"wp:featuredmedia":[{"embeddable":true,"href":"https:\/\/simonjersey.eu\/fi\/wp-json\/wp\/v2\/media\/9951"}],"wp:attachment":[{"href":"https:\/\/simonjersey.eu\/fi\/wp-json\/wp\/v2\/media?parent=9946"}],"wp:term":[{"taxonomy":"product_brand","embeddable":true,"href":"https:\/\/simonjersey.eu\/fi\/wp-json\/wp\/v2\/product_brand?post=9946"},{"taxonomy":"product_cat","embeddable":true,"href":"https:\/\/simonjersey.eu\/fi\/wp-json\/wp\/v2\/product_cat?post=9946"},{"taxonomy":"product_tag","embeddable":true,"href":"https:\/\/simonjersey.eu\/fi\/wp-json\/wp\/v2\/product_tag?post=9946"}],"curies":[{"name":"wp","href":"https:\/\/api.w.org\/{rel}","templated":true}]}}