{"id":65,"date":"2019-06-18T11:13:21","date_gmt":"2019-06-18T11:13:21","guid":{"rendered":"https:\/\/simonjersey.eu\/lv\/?page_id=65"},"modified":"2019-10-04T11:20:14","modified_gmt":"2019-10-04T08:20:14","slug":"ka-pasutit","status":"publish","type":"page","link":"https:\/\/simonjersey.eu\/lv\/ka-pasutit\/","title":{"rendered":"K\u0101 pas\u016bt\u012bt"},"content":{"rendered":"<div class=\"fusion-fullwidth fullwidth-box fusion-builder-row-1 nonhundred-percent-fullwidth non-hundred-percent-height-scrolling\" style=\"--awb-border-radius-top-left:0px;--awb-border-radius-top-right:0px;--awb-border-radius-bottom-right:0px;--awb-border-radius-bottom-left:0px;--awb-flex-wrap:wrap;\" ><div class=\"fusion-builder-row fusion-row\"><div class=\"fusion-layout-column fusion_builder_column fusion-builder-column-0 fusion_builder_column_2_3 2_3 fusion-two-third fusion-column-first\" style=\"--awb-bg-size:cover;width:66.6666666667%;width:calc(66.6666666667% - ( ( 4% ) * 0.666666666667 ) );margin-right: 4%;\"><div class=\"fusion-column-wrapper fusion-column-has-shadow fusion-flex-column-wrapper-legacy\"><div class=\"fusion-text fusion-text-1\"><h1>K\u0101 pas\u016bt\u012bt<\/h1>\n<p>M\u016bsu interneta veikals ir paredz\u0113ts B2B klientiem.<br \/>\nSavu s\u016bt\u012bjumu iesp\u0113jams sa\u0146emt m\u016bsu biroj\u0101, k\u0101 ar\u012b par papildus samaksu to var sa\u0146emt sav\u0101 tuv\u0101kaj\u0101 pakom\u0101t\u0101 vai ar kurjera pieg\u0101di uz vajadz\u012bgo adresi.<br \/>\nVisas m\u016bsu nor\u0101d\u012bt\u0101s cenas neietver pieg\u0101des maksu un PVN.<br \/>\nPriv\u0101tiem klientiem cenai tiks pievienots PVN.<br \/>\nIzv\u0113lieties vajadz\u012bgos produktus no e-veikala &#8211; kr\u0101su, izm\u0113ru un daudzumu.<br \/>\nNoteikti izlasiet produkta aprakstu.<br \/>\nPievienojiet produktus grozam un veiciet pas\u016bt\u012bjumu (aizpildiet visus oblig\u0101tos laukus)<br \/>\nPas\u016bt\u012bjuma apstiprin\u0101jumu ar pieg\u0101des laiku un r\u0113\u0137inu m\u0113s nos\u016bt\u012bsim jums e-past\u0101 1-2 darba dienu laik\u0101.<br \/>\nJ\u016bs varat iz\u0146emt pas\u016bt\u012btos produktus m\u016bsu biroj\u0101 vai par papildu samaksu variet tos sa\u0146emt ar pieg\u0101di.<br \/>\nMinim\u0101l\u0101 pas\u016bt\u012bjuma summa nav noteikta.<\/p>\n<h2>Pieg\u0101de<\/h2>\n<p>Liel\u0101k\u0101 da\u013ca m\u016bsu produkcija atrodas Apvienotaj\u0101 Karalist\u0113. Ja pas\u016bt\u012btie produkti ir noliktav\u0101, minim\u0101lais pas\u016bt\u012bjuma pieg\u0101des laiks ir l\u012bdz septi\u0146\u0101m darba dien\u0101m.<br \/>\nL\u016bdzu, \u0146emiet v\u0113r\u0101! Pas\u016bt\u012bjumam j\u0101b\u016bt izveidotam ne v\u0113l\u0101k k\u0101 pirmdien\u0101, lai to pieg\u0101d\u0101tu noteikt\u0101 termi\u0146\u0101.<br \/>\nJa pas\u016bt\u012btais produkts nav pieejams, m\u0113s inform\u0113sim j\u016bs par jauno pieg\u0101des laiku.<\/p>\n<h2>Izp\u0113tiet produktus<\/h2>\n<p>Vair\u0101kas reizes gad\u0101 Simon Jersey papildina eso\u0161o produkciju ar jauniem ap\u0123\u0113rbu dizainiem, kr\u0101s\u0101m un materi\u0101liem.<\/p>\n<p>Ir iesp\u0113jams apskat\u012bt ar\u012b m\u016bsu katalogu, tom\u0113r vislab\u0101kais veids k\u0101 izv\u0113l\u0113ties ir apmekl\u0113t m\u016bsu m\u0101jaslapu vai m\u016bsu biroju, ka atrodas Artil\u0113rijas iela 35-1B, R\u012bga.<\/p>\n<p>Ja nepiecie\u0161ams, s\u016btam paraugus uz j\u016bsu vajadz\u012bgo adresi, k\u0101 ar\u012b iesp\u0113jama m\u016bsu konsultanta viz\u012bte j\u016bsu uz\u0146\u0113mum\u0101, lai izprastu j\u016bsu vajadz\u012bbas.<\/p>\n<p>Lai sniegtu Jums vispiem\u0113rot\u0101kos produktus, m\u0113s piel\u0101gojam ap\u0123\u0113rbu person\u012bgi katram klientam un p\u0113c vajadz\u012bbas personaliz\u0113jam firmas logo un citas uzdrukas un iz\u0161uvumus.<\/p>\n<p>M\u016bsu konsultanti vienm\u0113r ir pieeajmi, lai pal\u012bdz\u0113tu jums saprast un izv\u0113l\u0113ties tie\u0161i to, kas j\u016bsu uz\u0146\u0113mumam ir vispiem\u0113rot\u0101kais.<\/p>\n<\/div><div class=\"fusion-clearfix\"><\/div><\/div><\/div><div class=\"fusion-layout-column fusion_builder_column fusion-builder-column-1 fusion_builder_column_1_3 1_3 fusion-one-third fusion-column-last\" style=\"--awb-bg-size:cover;width:33.3333333333%;width:calc(33.3333333333% - ( ( 4% ) * 0.333333333333 ) );\"><div class=\"fusion-column-wrapper fusion-column-has-shadow fusion-flex-column-wrapper-legacy\"><div class=\"fusion-sep-clear\"><\/div><div class=\"fusion-separator fusion-no-small-visibility fusion-no-medium-visibility fusion-full-width-sep\" style=\"margin-left: auto;margin-right: auto;margin-top:60px;width:100%;\"><\/div><div class=\"fusion-sep-clear\"><\/div><div class=\"awb-gallery-wrapper awb-gallery-wrapper-1 button-span-no\"><div style=\"margin:-5px;--awb-bordersize:0px;\" class=\"fusion-gallery fusion-gallery-container fusion-grid-1 fusion-columns-total-3 fusion-gallery-layout-grid fusion-gallery-1\"><div style=\"padding:5px;\" class=\"fusion-grid-column fusion-gallery-column fusion-gallery-column-1 hover-type-none\"><div class=\"fusion-gallery-image\"><a href=\"https:\/\/simonjersey.eu\/lv\/wp-content\/uploads\/sites\/2\/2019\/06\/muugisalong.jpg\" rel=\"noreferrer\" data-rel=\"iLightbox[gallery_image_1]\" class=\"fusion-lightbox\" target=\"_self\"><img decoding=\"async\" src=\"https:\/\/simonjersey.eu\/lv\/wp-content\/uploads\/sites\/2\/2019\/06\/muugisalong.jpg\" width=\"1000\" height=\"667\" alt=\"\" title=\"muugisalong\" aria-label=\"muugisalong\" class=\"img-responsive wp-image-361\" srcset=\"https:\/\/simonjersey.eu\/lv\/wp-content\/uploads\/sites\/2\/2019\/06\/muugisalong-200x133.jpg 200w, https:\/\/simonjersey.eu\/lv\/wp-content\/uploads\/sites\/2\/2019\/06\/muugisalong-400x267.jpg 400w, https:\/\/simonjersey.eu\/lv\/wp-content\/uploads\/sites\/2\/2019\/06\/muugisalong-600x400.jpg 600w, https:\/\/simonjersey.eu\/lv\/wp-content\/uploads\/sites\/2\/2019\/06\/muugisalong-800x534.jpg 800w, https:\/\/simonjersey.eu\/lv\/wp-content\/uploads\/sites\/2\/2019\/06\/muugisalong.jpg 1000w\" sizes=\"(min-width: 2200px) 100vw, (min-width: 640px) 1200px, \" \/><\/a><\/div><\/div><div class=\"clearfix\"><\/div><div style=\"padding:5px;\" class=\"fusion-grid-column fusion-gallery-column fusion-gallery-column-1 hover-type-none\"><div class=\"fusion-gallery-image\"><a href=\"https:\/\/simonjersey.eu\/lv\/wp-content\/uploads\/sites\/2\/2019\/06\/pluusid-sargid.jpg\" rel=\"noreferrer\" data-rel=\"iLightbox[gallery_image_1]\" class=\"fusion-lightbox\" target=\"_self\"><img decoding=\"async\" src=\"https:\/\/simonjersey.eu\/lv\/wp-content\/uploads\/sites\/2\/2019\/06\/pluusid-sargid.jpg\" width=\"1000\" height=\"667\" alt=\"\" title=\"pluusid-sargid\" aria-label=\"pluusid-sargid\" class=\"img-responsive wp-image-362\" srcset=\"https:\/\/simonjersey.eu\/lv\/wp-content\/uploads\/sites\/2\/2019\/06\/pluusid-sargid-200x133.jpg 200w, https:\/\/simonjersey.eu\/lv\/wp-content\/uploads\/sites\/2\/2019\/06\/pluusid-sargid-400x267.jpg 400w, https:\/\/simonjersey.eu\/lv\/wp-content\/uploads\/sites\/2\/2019\/06\/pluusid-sargid-600x400.jpg 600w, https:\/\/simonjersey.eu\/lv\/wp-content\/uploads\/sites\/2\/2019\/06\/pluusid-sargid-800x534.jpg 800w, https:\/\/simonjersey.eu\/lv\/wp-content\/uploads\/sites\/2\/2019\/06\/pluusid-sargid.jpg 1000w\" sizes=\"(min-width: 2200px) 100vw, (min-width: 640px) 1200px, \" \/><\/a><\/div><\/div><div class=\"clearfix\"><\/div><div style=\"padding:5px;\" class=\"fusion-grid-column fusion-gallery-column fusion-gallery-column-1 hover-type-none\"><div class=\"fusion-gallery-image\"><a href=\"https:\/\/simonjersey.eu\/lv\/wp-content\/uploads\/sites\/2\/2019\/06\/kataloogid.jpg\" rel=\"noreferrer\" data-rel=\"iLightbox[gallery_image_1]\" class=\"fusion-lightbox\" target=\"_self\"><img decoding=\"async\" src=\"https:\/\/simonjersey.eu\/lv\/wp-content\/uploads\/sites\/2\/2019\/06\/kataloogid.jpg\" width=\"1000\" height=\"667\" alt=\"\" title=\"kataloogid\" aria-label=\"kataloogid\" class=\"img-responsive wp-image-360\" srcset=\"https:\/\/simonjersey.eu\/lv\/wp-content\/uploads\/sites\/2\/2019\/06\/kataloogid-200x133.jpg 200w, https:\/\/simonjersey.eu\/lv\/wp-content\/uploads\/sites\/2\/2019\/06\/kataloogid-400x267.jpg 400w, https:\/\/simonjersey.eu\/lv\/wp-content\/uploads\/sites\/2\/2019\/06\/kataloogid-600x400.jpg 600w, https:\/\/simonjersey.eu\/lv\/wp-content\/uploads\/sites\/2\/2019\/06\/kataloogid-800x534.jpg 800w, https:\/\/simonjersey.eu\/lv\/wp-content\/uploads\/sites\/2\/2019\/06\/kataloogid.jpg 1000w\" sizes=\"(min-width: 2200px) 100vw, (min-width: 640px) 1200px, \" \/><\/a><\/div><\/div><div class=\"clearfix\"><\/div><\/div><\/div><div class=\"fusion-clearfix\"><\/div><\/div><\/div><\/div><\/div>\n","protected":false},"excerpt":{"rendered":"","protected":false},"author":1,"featured_media":0,"parent":0,"menu_order":0,"comment_status":"closed","ping_status":"closed","template":"","meta":{"footnotes":""},"class_list":["post-65","page","type-page","status-publish","hentry"],"yoast_head":"<!-- This site is optimized with the Yoast SEO plugin v27.2 - https:\/\/yoast.com\/product\/yoast-seo-wordpress\/ -->\n<title>K\u0101 izv\u0113l\u0113ties darba ap\u0123\u0113rbu, ko vilkt uz darbu - Simon Jersey Latvija<\/title>\n<meta name=\"description\" content=\"M\u0113s pal\u012bdz\u0113sim jums izv\u0113l\u0113ties \u0113rtas uniformas, kas izskat\u0101s lieliski, darba ap\u0123\u0113rbs, kas ir iztur\u012bgs un viegli kopjams.\" \/>\n<meta name=\"robots\" content=\"index, follow, max-snippet:-1, max-image-preview:large, max-video-preview:-1\" \/>\n<link rel=\"canonical\" href=\"https:\/\/simonjersey.eu\/lv\/ka-pasutit\/\" \/>\n<meta property=\"og:locale\" content=\"lv_LV\" \/>\n<meta property=\"og:type\" content=\"article\" \/>\n<meta property=\"og:title\" content=\"K\u0101 izv\u0113l\u0113ties darba ap\u0123\u0113rbu, ko vilkt uz darbu - Simon Jersey Latvija\" \/>\n<meta property=\"og:description\" content=\"M\u0113s pal\u012bdz\u0113sim jums izv\u0113l\u0113ties \u0113rtas uniformas, kas izskat\u0101s lieliski, darba ap\u0123\u0113rbs, kas ir iztur\u012bgs un viegli kopjams.\" \/>\n<meta property=\"og:url\" content=\"https:\/\/simonjersey.eu\/lv\/ka-pasutit\/\" \/>\n<meta property=\"og:site_name\" content=\"Simon Jersey Latvija\" \/>\n<meta property=\"article:modified_time\" content=\"2019-10-04T08:20:14+00:00\" \/>\n<meta name=\"twitter:card\" content=\"summary_large_image\" \/>\n<meta name=\"twitter:label1\" content=\"Est. reading time\" \/>\n\t<meta name=\"twitter:data1\" content=\"4 min\u016btes\" \/>\n<script type=\"application\/ld+json\" class=\"yoast-schema-graph\">{\"@context\":\"https:\/\/schema.org\",\"@graph\":[{\"@type\":\"WebPage\",\"@id\":\"https:\/\/simonjersey.eu\/lv\/ka-pasutit\/\",\"url\":\"https:\/\/simonjersey.eu\/lv\/ka-pasutit\/\",\"name\":\"K\u0101 izv\u0113l\u0113ties darba ap\u0123\u0113rbu, ko vilkt uz darbu - Simon Jersey Latvija\",\"isPartOf\":{\"@id\":\"https:\/\/simonjersey.eu\/lv\/#website\"},\"datePublished\":\"2019-06-18T11:13:21+00:00\",\"dateModified\":\"2019-10-04T08:20:14+00:00\",\"description\":\"M\u0113s pal\u012bdz\u0113sim jums izv\u0113l\u0113ties \u0113rtas uniformas, kas izskat\u0101s lieliski, darba ap\u0123\u0113rbs, kas ir iztur\u012bgs un viegli kopjams.\",\"breadcrumb\":{\"@id\":\"https:\/\/simonjersey.eu\/lv\/ka-pasutit\/#breadcrumb\"},\"inLanguage\":\"lv-LV\",\"potentialAction\":[{\"@type\":\"ReadAction\",\"target\":[\"https:\/\/simonjersey.eu\/lv\/ka-pasutit\/\"]}]},{\"@type\":\"BreadcrumbList\",\"@id\":\"https:\/\/simonjersey.eu\/lv\/ka-pasutit\/#breadcrumb\",\"itemListElement\":[{\"@type\":\"ListItem\",\"position\":1,\"name\":\"Home\",\"item\":\"https:\/\/simonjersey.eu\/lv\/\"},{\"@type\":\"ListItem\",\"position\":2,\"name\":\"K\u0101 pas\u016bt\u012bt\"}]},{\"@type\":\"WebSite\",\"@id\":\"https:\/\/simonjersey.eu\/lv\/#website\",\"url\":\"https:\/\/simonjersey.eu\/lv\/\",\"name\":\"Simon Jersey Latvija\",\"description\":\"Kvalitat\u012bvi un iztur\u012bgi darba ap\u0123\u0113rbi\",\"potentialAction\":[{\"@type\":\"SearchAction\",\"target\":{\"@type\":\"EntryPoint\",\"urlTemplate\":\"https:\/\/simonjersey.eu\/lv\/?s={search_term_string}\"},\"query-input\":{\"@type\":\"PropertyValueSpecification\",\"valueRequired\":true,\"valueName\":\"search_term_string\"}}],\"inLanguage\":\"lv-LV\"}]}<\/script>\n<!-- \/ Yoast SEO plugin. -->","yoast_head_json":{"title":"K\u0101 izv\u0113l\u0113ties darba ap\u0123\u0113rbu, ko vilkt uz darbu - Simon Jersey Latvija","description":"M\u0113s pal\u012bdz\u0113sim jums izv\u0113l\u0113ties \u0113rtas uniformas, kas izskat\u0101s lieliski, darba ap\u0123\u0113rbs, kas ir iztur\u012bgs un viegli kopjams.","robots":{"index":"index","follow":"follow","max-snippet":"max-snippet:-1","max-image-preview":"max-image-preview:large","max-video-preview":"max-video-preview:-1"},"canonical":"https:\/\/simonjersey.eu\/lv\/ka-pasutit\/","og_locale":"lv_LV","og_type":"article","og_title":"K\u0101 izv\u0113l\u0113ties darba ap\u0123\u0113rbu, ko vilkt uz darbu - Simon Jersey Latvija","og_description":"M\u0113s pal\u012bdz\u0113sim jums izv\u0113l\u0113ties \u0113rtas uniformas, kas izskat\u0101s lieliski, darba ap\u0123\u0113rbs, kas ir iztur\u012bgs un viegli kopjams.","og_url":"https:\/\/simonjersey.eu\/lv\/ka-pasutit\/","og_site_name":"Simon Jersey Latvija","article_modified_time":"2019-10-04T08:20:14+00:00","twitter_card":"summary_large_image","twitter_misc":{"Est. reading time":"4 min\u016btes"},"schema":{"@context":"https:\/\/schema.org","@graph":[{"@type":"WebPage","@id":"https:\/\/simonjersey.eu\/lv\/ka-pasutit\/","url":"https:\/\/simonjersey.eu\/lv\/ka-pasutit\/","name":"K\u0101 izv\u0113l\u0113ties darba ap\u0123\u0113rbu, ko vilkt uz darbu - Simon Jersey Latvija","isPartOf":{"@id":"https:\/\/simonjersey.eu\/lv\/#website"},"datePublished":"2019-06-18T11:13:21+00:00","dateModified":"2019-10-04T08:20:14+00:00","description":"M\u0113s pal\u012bdz\u0113sim jums izv\u0113l\u0113ties \u0113rtas uniformas, kas izskat\u0101s lieliski, darba ap\u0123\u0113rbs, kas ir iztur\u012bgs un viegli kopjams.","breadcrumb":{"@id":"https:\/\/simonjersey.eu\/lv\/ka-pasutit\/#breadcrumb"},"inLanguage":"lv-LV","potentialAction":[{"@type":"ReadAction","target":["https:\/\/simonjersey.eu\/lv\/ka-pasutit\/"]}]},{"@type":"BreadcrumbList","@id":"https:\/\/simonjersey.eu\/lv\/ka-pasutit\/#breadcrumb","itemListElement":[{"@type":"ListItem","position":1,"name":"Home","item":"https:\/\/simonjersey.eu\/lv\/"},{"@type":"ListItem","position":2,"name":"K\u0101 pas\u016bt\u012bt"}]},{"@type":"WebSite","@id":"https:\/\/simonjersey.eu\/lv\/#website","url":"https:\/\/simonjersey.eu\/lv\/","name":"Simon Jersey Latvija","description":"Kvalitat\u012bvi un iztur\u012bgi darba ap\u0123\u0113rbi","potentialAction":[{"@type":"SearchAction","target":{"@type":"EntryPoint","urlTemplate":"https:\/\/simonjersey.eu\/lv\/?s={search_term_string}"},"query-input":{"@type":"PropertyValueSpecification","valueRequired":true,"valueName":"search_term_string"}}],"inLanguage":"lv-LV"}]}},"_links":{"self":[{"href":"https:\/\/simonjersey.eu\/lv\/wp-json\/wp\/v2\/pages\/65","targetHints":{"allow":["GET"]}}],"collection":[{"href":"https:\/\/simonjersey.eu\/lv\/wp-json\/wp\/v2\/pages"}],"about":[{"href":"https:\/\/simonjersey.eu\/lv\/wp-json\/wp\/v2\/types\/page"}],"author":[{"embeddable":true,"href":"https:\/\/simonjersey.eu\/lv\/wp-json\/wp\/v2\/users\/1"}],"replies":[{"embeddable":true,"href":"https:\/\/simonjersey.eu\/lv\/wp-json\/wp\/v2\/comments?post=65"}],"version-history":[{"count":1,"href":"https:\/\/simonjersey.eu\/lv\/wp-json\/wp\/v2\/pages\/65\/revisions"}],"predecessor-version":[{"id":5103,"href":"https:\/\/simonjersey.eu\/lv\/wp-json\/wp\/v2\/pages\/65\/revisions\/5103"}],"wp:attachment":[{"href":"https:\/\/simonjersey.eu\/lv\/wp-json\/wp\/v2\/media?parent=65"}],"curies":[{"name":"wp","href":"https:\/\/api.w.org\/{rel}","templated":true}]}}