{"id":67,"date":"2019-06-18T11:13:56","date_gmt":"2019-06-18T11:13:56","guid":{"rendered":"https:\/\/simonjersey.eu\/lv\/?page_id=67"},"modified":"2019-10-04T11:18:21","modified_gmt":"2019-10-04T08:18:21","slug":"iedvesma","status":"publish","type":"page","link":"https:\/\/simonjersey.eu\/lv\/iedvesma\/","title":{"rendered":"Iedvesma"},"content":{"rendered":"<div class=\"fusion-fullwidth fullwidth-box fusion-builder-row-1 nonhundred-percent-fullwidth non-hundred-percent-height-scrolling\" style=\"--awb-border-radius-top-left:0px;--awb-border-radius-top-right:0px;--awb-border-radius-bottom-right:0px;--awb-border-radius-bottom-left:0px;--awb-flex-wrap:wrap;\" ><div class=\"fusion-builder-row fusion-row\"><div class=\"fusion-layout-column fusion_builder_column fusion-builder-column-0 fusion_builder_column_1_1 1_1 fusion-one-full fusion-column-first fusion-column-last\" style=\"--awb-bg-size:cover;\"><div class=\"fusion-column-wrapper fusion-column-has-shadow fusion-flex-column-wrapper-legacy\"><div class=\"fusion-text fusion-text-1\"><h1>Iedvesma<\/h1>\n<\/div><div class=\"fusion-sep-clear\"><\/div><div class=\"fusion-separator fusion-full-width-sep\" style=\"margin-left: auto;margin-right: auto;margin-top:20px;width:100%;\"><\/div><div class=\"fusion-sep-clear\"><\/div><div class=\"fusion-blog-shortcode fusion-blog-shortcode-1 fusion-blog-archive fusion-blog-layout-grid-wrapper fusion-blog-no\"><style type=\"text\/css\">.fusion-blog-shortcode-1 .fusion-blog-layout-grid .fusion-post-grid{padding:20px;}.fusion-blog-shortcode-1 .fusion-posts-container{margin-left: -20px !important; margin-right:-20px !important;}<\/style><div class=\"fusion-posts-container fusion-posts-container-no fusion-blog-layout-grid fusion-blog-layout-grid-2 isotope\" data-pages=\"0\" data-grid-col-space=\"40\" style=\"margin: -20px -20px 0;min-height:500px;\"><article id=\"blog-1-post-5903\" class=\"fusion-post-grid post-5903 post type-post status-publish format-standard has-post-thumbnail hentry category-iedvesma\">\n<div class=\"fusion-post-wrapper\" style=\"background-color:rgba(255,255,255,0);border:1px solid #ebeaea;border-bottom-width:3px;\">\n\n\t\t\t<div class=\"fusion-flexslider flexslider fusion-flexslider-loading fusion-post-slideshow\" style=\"border-color:#ebeaea;\">\n\t\t<ul class=\"slides\">\n\t\t\t\n\t\t\t\t\t\t\t\t\t\t\t\t\t\t<li><div  class=\"fusion-image-wrapper\" aria-haspopup=\"true\">\n\t\t\t\t\t\t\t<a href=\"https:\/\/simonjersey.eu\/lv\/bp-work-wear-order-from-us\/\" aria-label=\"BP work wear \u2013 order from us!\">\n\t\t\t\t\t\t\t<img decoding=\"async\" width=\"400\" height=\"380\" src=\"https:\/\/simonjersey.eu\/lv\/wp-content\/uploads\/sites\/2\/2020\/01\/medizin-menu-teaser.jpg\" class=\"attachment-full size-full wp-post-image\" alt=\"\" srcset=\"https:\/\/simonjersey.eu\/lv\/wp-content\/uploads\/sites\/2\/2020\/01\/medizin-menu-teaser-200x190.jpg 200w, https:\/\/simonjersey.eu\/lv\/wp-content\/uploads\/sites\/2\/2020\/01\/medizin-menu-teaser.jpg 400w\" sizes=\"(min-width: 2200px) 100vw, (min-width: 712px) 580px, (min-width: 640px) 712px, \" \/>\t\t\t<\/a>\n\t\t\t\t\t\t\t<\/div>\n<\/li>\n\t\t\t\n\t\t\t\n\t\t\t\t\t\t\t\t\t\t\t\t\t\t\t\t\t\t\t\t\t\t\t\t\t\t\t\t\t\t\t\t\t\t\t\t\t\t\t\t\t\t\t\t\t\t\t\t\t\t\t\t\t\t\t\t\t\t\t\t\t\t\t\t\t\t\t\t<\/ul>\n\t<\/div>\n\t<div class=\"fusion-post-content-wrapper\" style=\"padding:30px 25px 20px 25px;\"><div class=\"fusion-post-content post-content\"><h2 class=\"blog-shortcode-post-title\"><a href=\"https:\/\/simonjersey.eu\/lv\/bp-work-wear-order-from-us\/\">BP work wear \u2013 order from us!<\/a><\/h2><p class=\"fusion-single-line-meta\"><span>29. janv\u0101ris 2020<\/span><span class=\"fusion-inline-sep\">|<\/span><\/p><div class=\"fusion-content-sep sep-double sep-solid\"><\/div><div class=\"fusion-post-content-container\"><p>Germany`s most popular work clothing br\u00e4nd BP now in Latvia!<br \/>\nProfessional Workwear from 230. year old company with 7-generation family business experince!<br \/>\n <a href=\"https:\/\/simonjersey.eu\/lv\/bp-work-wear-order-from-us\/#more-5903\" class=\"more-link\"><span aria-label=\"Turpin\u0101t las\u012bt BP work wear \u2013 order from us!\">(vair\u0101k&hellip;)<\/span><\/a><\/p>\n<\/div><\/div><div class=\"fusion-meta-info\"><div class=\"fusion-alignleft\"><a class=\"fusion-read-more\" href=\"https:\/\/simonjersey.eu\/lv\/bp-work-wear-order-from-us\/\" aria-label=\"More on BP work wear \u2013 order from us!\">Las\u012bt vair\u0101k<\/a><\/div><\/div><\/div><div class=\"fusion-clearfix\"><\/div><\/div>\n<\/article>\n<article id=\"blog-1-post-5224\" class=\"fusion-post-grid post-5224 post type-post status-publish format-standard has-post-thumbnail hentry category-iedvesma\">\n<div class=\"fusion-post-wrapper\" style=\"background-color:rgba(255,255,255,0);border:1px solid #ebeaea;border-bottom-width:3px;\">\n\n\t\t\t<div class=\"fusion-flexslider flexslider fusion-flexslider-loading fusion-post-slideshow\" style=\"border-color:#ebeaea;\">\n\t\t<ul class=\"slides\">\n\t\t\t\n\t\t\t\t\t\t\t\t\t\t\t\t\t\t<li><div  class=\"fusion-image-wrapper\" aria-haspopup=\"true\">\n\t\t\t\t\t\t\t<a href=\"https:\/\/simonjersey.eu\/lv\/restoraniem-piemerots-darba-apgerbs\/\" aria-label=\"Restor\u0101niem piem\u0113rots darba ap\u0123\u0113rbs\">\n\t\t\t\t\t\t\t<img decoding=\"async\" width=\"960\" height=\"960\" src=\"https:\/\/simonjersey.eu\/lv\/wp-content\/uploads\/sites\/2\/2019\/11\/restorani-esmamulje.jpg\" class=\"attachment-full size-full wp-post-image\" alt=\"\" srcset=\"https:\/\/simonjersey.eu\/lv\/wp-content\/uploads\/sites\/2\/2019\/11\/restorani-esmamulje-200x200.jpg 200w, https:\/\/simonjersey.eu\/lv\/wp-content\/uploads\/sites\/2\/2019\/11\/restorani-esmamulje-400x400.jpg 400w, https:\/\/simonjersey.eu\/lv\/wp-content\/uploads\/sites\/2\/2019\/11\/restorani-esmamulje-600x600.jpg 600w, https:\/\/simonjersey.eu\/lv\/wp-content\/uploads\/sites\/2\/2019\/11\/restorani-esmamulje-800x800.jpg 800w, https:\/\/simonjersey.eu\/lv\/wp-content\/uploads\/sites\/2\/2019\/11\/restorani-esmamulje.jpg 960w\" sizes=\"(min-width: 2200px) 100vw, (min-width: 712px) 580px, (min-width: 640px) 712px, \" \/>\t\t\t<\/a>\n\t\t\t\t\t\t\t<\/div>\n<\/li>\n\t\t\t\n\t\t\t\n\t\t\t\t\t\t\t\t\t\t\t\t\t\t\t\t\t\t\t\t\t\t\t\t\t\t\t\t\t\t\t\t\t\t\t\t\t\t\t\t\t\t\t\t\t\t\t\t\t\t\t\t\t\t\t\t\t\t\t\t\t\t\t\t\t\t\t\t<\/ul>\n\t<\/div>\n\t<div class=\"fusion-post-content-wrapper\" style=\"padding:30px 25px 20px 25px;\"><div class=\"fusion-post-content post-content\"><h2 class=\"blog-shortcode-post-title\"><a href=\"https:\/\/simonjersey.eu\/lv\/restoraniem-piemerots-darba-apgerbs\/\">Restor\u0101niem piem\u0113rots darba ap\u0123\u0113rbs<\/a><\/h2><p class=\"fusion-single-line-meta\"><span>05. novembris 2019<\/span><span class=\"fusion-inline-sep\">|<\/span><\/p><div class=\"fusion-content-sep sep-double sep-solid\"><\/div><div class=\"fusion-post-content-container\"><p>Restor\u0101nu biznes\u0101 \u013coti svar\u012bgs pirmais iespaids. To rada atmosf\u0113ra, viesm\u012b\u013ci, un, protams, \u0113diens. T\u0101p\u0113c m\u0113s pied\u0101v\u0101jam \u0113rtas, modernas uniformas visiem restor\u0101nu darbiniekiem. K\u0101 pav\u0101riem un viesm\u012b\u013ciem, t\u0101 uzkop\u0161anas un viesu uz\u0146em\u0161anas darbiniekiem.<\/p>\n<p> <a href=\"https:\/\/simonjersey.eu\/lv\/restoraniem-piemerots-darba-apgerbs\/#more-5224\" class=\"more-link\"><span aria-label=\"Turpin\u0101t las\u012bt Restor\u0101niem piem\u0113rots darba ap\u0123\u0113rbs\">(vair\u0101k&hellip;)<\/span><\/a><\/p>\n<\/div><\/div><div class=\"fusion-meta-info\"><div class=\"fusion-alignleft\"><a class=\"fusion-read-more\" href=\"https:\/\/simonjersey.eu\/lv\/restoraniem-piemerots-darba-apgerbs\/\" aria-label=\"More on Restor\u0101niem piem\u0113rots darba ap\u0123\u0113rbs\">Las\u012bt vair\u0101k<\/a><\/div><\/div><\/div><div class=\"fusion-clearfix\"><\/div><\/div>\n<\/article>\n<article id=\"blog-1-post-4763\" class=\"fusion-post-grid post-4763 post type-post status-publish format-standard has-post-thumbnail hentry category-iedvesma\">\n<div class=\"fusion-post-wrapper\" style=\"background-color:rgba(255,255,255,0);border:1px solid #ebeaea;border-bottom-width:3px;\">\n\n\t\t\t<div class=\"fusion-flexslider flexslider fusion-flexslider-loading fusion-post-slideshow\" style=\"border-color:#ebeaea;\">\n\t\t<ul class=\"slides\">\n\t\t\t\n\t\t\t\t\t\t\t\t\t\t\t\t\t\t<li><div  class=\"fusion-image-wrapper\" aria-haspopup=\"true\">\n\t\t\t\t\t\t\t<a href=\"https:\/\/simonjersey.eu\/lv\/musdienigas-veselibas-aprupes-uniformas-kads-ir-jusu-viedoklis\/\" aria-label=\"M\u016bsdien\u012bgas vesel\u012bbas apr\u016bpes uniformas \u2013 k\u0101ds ir j\u016bsu viedoklis?\">\n\t\t\t\t\t\t\t<img decoding=\"async\" width=\"960\" height=\"960\" src=\"https:\/\/simonjersey.eu\/lv\/wp-content\/uploads\/sites\/2\/2019\/08\/tuunika.jpg\" class=\"attachment-full size-full wp-post-image\" alt=\"\" srcset=\"https:\/\/simonjersey.eu\/lv\/wp-content\/uploads\/sites\/2\/2019\/08\/tuunika-200x200.jpg 200w, https:\/\/simonjersey.eu\/lv\/wp-content\/uploads\/sites\/2\/2019\/08\/tuunika-400x400.jpg 400w, https:\/\/simonjersey.eu\/lv\/wp-content\/uploads\/sites\/2\/2019\/08\/tuunika-600x600.jpg 600w, https:\/\/simonjersey.eu\/lv\/wp-content\/uploads\/sites\/2\/2019\/08\/tuunika-800x800.jpg 800w, https:\/\/simonjersey.eu\/lv\/wp-content\/uploads\/sites\/2\/2019\/08\/tuunika.jpg 960w\" sizes=\"(min-width: 2200px) 100vw, (min-width: 712px) 580px, (min-width: 640px) 712px, \" \/>\t\t\t<\/a>\n\t\t\t\t\t\t\t<\/div>\n<\/li>\n\t\t\t\n\t\t\t\n\t\t\t\t\t\t\t\t\t\t\t\t\t\t\t\t\t\t\t\t\t\t\t\t\t\t\t\t\t\t\t\t\t\t\t\t\t\t\t\t\t\t\t\t\t\t\t\t\t\t\t\t\t\t\t\t\t\t\t\t\t\t\t\t\t\t\t\t<\/ul>\n\t<\/div>\n\t<div class=\"fusion-post-content-wrapper\" style=\"padding:30px 25px 20px 25px;\"><div class=\"fusion-post-content post-content\"><h2 class=\"blog-shortcode-post-title\"><a href=\"https:\/\/simonjersey.eu\/lv\/musdienigas-veselibas-aprupes-uniformas-kads-ir-jusu-viedoklis\/\">M\u016bsdien\u012bgas vesel\u012bbas apr\u016bpes uniformas \u2013 k\u0101ds ir j\u016bsu viedoklis?<\/a><\/h2><p class=\"fusion-single-line-meta\"><span>28. augusts 2019<\/span><span class=\"fusion-inline-sep\">|<\/span><\/p><div class=\"fusion-content-sep sep-double sep-solid\"><\/div><div class=\"fusion-post-content-container\"><p>K\u0101p\u0113c izv\u0113l\u0113ties tradicion\u0101l\u0101s zil\u0101s un balt\u0101s kr\u0101sas, ja ir tik daudz da\u017e\u0101du m\u016bsdien\u012bgu to\u0146u versiju, kuras izv\u0113l\u0113ties, dom\u0101jot par vesel\u012bbas apr\u016bpes darbinieku darba dr\u0113b\u0113m?<br \/>\n <a href=\"https:\/\/simonjersey.eu\/lv\/musdienigas-veselibas-aprupes-uniformas-kads-ir-jusu-viedoklis\/#more-4763\" class=\"more-link\"><span aria-label=\"Turpin\u0101t las\u012bt M\u016bsdien\u012bgas vesel\u012bbas apr\u016bpes uniformas \u2013 k\u0101ds ir j\u016bsu viedoklis?\">(vair\u0101k&hellip;)<\/span><\/a><\/p>\n<\/div><\/div><div class=\"fusion-meta-info\"><div class=\"fusion-alignleft\"><a class=\"fusion-read-more\" href=\"https:\/\/simonjersey.eu\/lv\/musdienigas-veselibas-aprupes-uniformas-kads-ir-jusu-viedoklis\/\" aria-label=\"More on M\u016bsdien\u012bgas vesel\u012bbas apr\u016bpes uniformas \u2013 k\u0101ds ir j\u016bsu viedoklis?\">Las\u012bt vair\u0101k<\/a><\/div><\/div><\/div><div class=\"fusion-clearfix\"><\/div><\/div>\n<\/article>\n<div class=\"fusion-clearfix\"><\/div><\/div><\/div><div class=\"fusion-clearfix\"><\/div><\/div><\/div><\/div><\/div>\n","protected":false},"excerpt":{"rendered":"","protected":false},"author":1,"featured_media":0,"parent":0,"menu_order":0,"comment_status":"closed","ping_status":"closed","template":"","meta":{"footnotes":""},"class_list":["post-67","page","type-page","status-publish","hentry"],"yoast_head":"<!-- This site is optimized with the Yoast SEO plugin v27.2 - https:\/\/yoast.com\/product\/yoast-seo-wordpress\/ -->\n<title>K\u0101 izv\u0113l\u0113ties darba ap\u0123\u0113rbu - Simon Jersey Latvija<\/title>\n<meta name=\"description\" content=\"K\u0101 izv\u0113l\u0113ties darba uniformas, uniformas darbiniekiem, ko vilkt skaistumkop\u0161anas salon\u0101, vesel\u012bbas apr\u016bpes tunikas, vesel\u012bbas apr\u016bpes ap\u0123\u0113rbs.\" \/>\n<meta name=\"robots\" content=\"index, follow, max-snippet:-1, max-image-preview:large, max-video-preview:-1\" \/>\n<link rel=\"canonical\" href=\"https:\/\/simonjersey.eu\/lv\/iedvesma\/\" \/>\n<meta property=\"og:locale\" content=\"lv_LV\" \/>\n<meta property=\"og:type\" content=\"article\" \/>\n<meta property=\"og:title\" content=\"K\u0101 izv\u0113l\u0113ties darba ap\u0123\u0113rbu - Simon Jersey Latvija\" \/>\n<meta property=\"og:description\" content=\"K\u0101 izv\u0113l\u0113ties darba uniformas, uniformas darbiniekiem, ko vilkt skaistumkop\u0161anas salon\u0101, vesel\u012bbas apr\u016bpes tunikas, vesel\u012bbas apr\u016bpes ap\u0123\u0113rbs.\" \/>\n<meta property=\"og:url\" content=\"https:\/\/simonjersey.eu\/lv\/iedvesma\/\" \/>\n<meta property=\"og:site_name\" content=\"Simon Jersey Latvija\" \/>\n<meta property=\"article:modified_time\" content=\"2019-10-04T08:18:21+00:00\" \/>\n<meta name=\"twitter:card\" content=\"summary_large_image\" \/>\n<meta name=\"twitter:label1\" content=\"Est. reading time\" \/>\n\t<meta name=\"twitter:data1\" content=\"2 min\u016btes\" \/>\n<script type=\"application\/ld+json\" class=\"yoast-schema-graph\">{\"@context\":\"https:\/\/schema.org\",\"@graph\":[{\"@type\":\"WebPage\",\"@id\":\"https:\/\/simonjersey.eu\/lv\/iedvesma\/\",\"url\":\"https:\/\/simonjersey.eu\/lv\/iedvesma\/\",\"name\":\"K\u0101 izv\u0113l\u0113ties darba ap\u0123\u0113rbu - Simon Jersey Latvija\",\"isPartOf\":{\"@id\":\"https:\/\/simonjersey.eu\/lv\/#website\"},\"datePublished\":\"2019-06-18T11:13:56+00:00\",\"dateModified\":\"2019-10-04T08:18:21+00:00\",\"description\":\"K\u0101 izv\u0113l\u0113ties darba uniformas, uniformas darbiniekiem, ko vilkt skaistumkop\u0161anas salon\u0101, vesel\u012bbas apr\u016bpes tunikas, vesel\u012bbas apr\u016bpes ap\u0123\u0113rbs.\",\"breadcrumb\":{\"@id\":\"https:\/\/simonjersey.eu\/lv\/iedvesma\/#breadcrumb\"},\"inLanguage\":\"lv-LV\",\"potentialAction\":[{\"@type\":\"ReadAction\",\"target\":[\"https:\/\/simonjersey.eu\/lv\/iedvesma\/\"]}]},{\"@type\":\"BreadcrumbList\",\"@id\":\"https:\/\/simonjersey.eu\/lv\/iedvesma\/#breadcrumb\",\"itemListElement\":[{\"@type\":\"ListItem\",\"position\":1,\"name\":\"Home\",\"item\":\"https:\/\/simonjersey.eu\/lv\/\"},{\"@type\":\"ListItem\",\"position\":2,\"name\":\"Iedvesma\"}]},{\"@type\":\"WebSite\",\"@id\":\"https:\/\/simonjersey.eu\/lv\/#website\",\"url\":\"https:\/\/simonjersey.eu\/lv\/\",\"name\":\"Simon Jersey Latvija\",\"description\":\"Kvalitat\u012bvi un iztur\u012bgi darba ap\u0123\u0113rbi\",\"potentialAction\":[{\"@type\":\"SearchAction\",\"target\":{\"@type\":\"EntryPoint\",\"urlTemplate\":\"https:\/\/simonjersey.eu\/lv\/?s={search_term_string}\"},\"query-input\":{\"@type\":\"PropertyValueSpecification\",\"valueRequired\":true,\"valueName\":\"search_term_string\"}}],\"inLanguage\":\"lv-LV\"}]}<\/script>\n<!-- \/ Yoast SEO plugin. -->","yoast_head_json":{"title":"K\u0101 izv\u0113l\u0113ties darba ap\u0123\u0113rbu - Simon Jersey Latvija","description":"K\u0101 izv\u0113l\u0113ties darba uniformas, uniformas darbiniekiem, ko vilkt skaistumkop\u0161anas salon\u0101, vesel\u012bbas apr\u016bpes tunikas, vesel\u012bbas apr\u016bpes ap\u0123\u0113rbs.","robots":{"index":"index","follow":"follow","max-snippet":"max-snippet:-1","max-image-preview":"max-image-preview:large","max-video-preview":"max-video-preview:-1"},"canonical":"https:\/\/simonjersey.eu\/lv\/iedvesma\/","og_locale":"lv_LV","og_type":"article","og_title":"K\u0101 izv\u0113l\u0113ties darba ap\u0123\u0113rbu - Simon Jersey Latvija","og_description":"K\u0101 izv\u0113l\u0113ties darba uniformas, uniformas darbiniekiem, ko vilkt skaistumkop\u0161anas salon\u0101, vesel\u012bbas apr\u016bpes tunikas, vesel\u012bbas apr\u016bpes ap\u0123\u0113rbs.","og_url":"https:\/\/simonjersey.eu\/lv\/iedvesma\/","og_site_name":"Simon Jersey Latvija","article_modified_time":"2019-10-04T08:18:21+00:00","twitter_card":"summary_large_image","twitter_misc":{"Est. reading time":"2 min\u016btes"},"schema":{"@context":"https:\/\/schema.org","@graph":[{"@type":"WebPage","@id":"https:\/\/simonjersey.eu\/lv\/iedvesma\/","url":"https:\/\/simonjersey.eu\/lv\/iedvesma\/","name":"K\u0101 izv\u0113l\u0113ties darba ap\u0123\u0113rbu - Simon Jersey Latvija","isPartOf":{"@id":"https:\/\/simonjersey.eu\/lv\/#website"},"datePublished":"2019-06-18T11:13:56+00:00","dateModified":"2019-10-04T08:18:21+00:00","description":"K\u0101 izv\u0113l\u0113ties darba uniformas, uniformas darbiniekiem, ko vilkt skaistumkop\u0161anas salon\u0101, vesel\u012bbas apr\u016bpes tunikas, vesel\u012bbas apr\u016bpes ap\u0123\u0113rbs.","breadcrumb":{"@id":"https:\/\/simonjersey.eu\/lv\/iedvesma\/#breadcrumb"},"inLanguage":"lv-LV","potentialAction":[{"@type":"ReadAction","target":["https:\/\/simonjersey.eu\/lv\/iedvesma\/"]}]},{"@type":"BreadcrumbList","@id":"https:\/\/simonjersey.eu\/lv\/iedvesma\/#breadcrumb","itemListElement":[{"@type":"ListItem","position":1,"name":"Home","item":"https:\/\/simonjersey.eu\/lv\/"},{"@type":"ListItem","position":2,"name":"Iedvesma"}]},{"@type":"WebSite","@id":"https:\/\/simonjersey.eu\/lv\/#website","url":"https:\/\/simonjersey.eu\/lv\/","name":"Simon Jersey Latvija","description":"Kvalitat\u012bvi un iztur\u012bgi darba ap\u0123\u0113rbi","potentialAction":[{"@type":"SearchAction","target":{"@type":"EntryPoint","urlTemplate":"https:\/\/simonjersey.eu\/lv\/?s={search_term_string}"},"query-input":{"@type":"PropertyValueSpecification","valueRequired":true,"valueName":"search_term_string"}}],"inLanguage":"lv-LV"}]}},"_links":{"self":[{"href":"https:\/\/simonjersey.eu\/lv\/wp-json\/wp\/v2\/pages\/67","targetHints":{"allow":["GET"]}}],"collection":[{"href":"https:\/\/simonjersey.eu\/lv\/wp-json\/wp\/v2\/pages"}],"about":[{"href":"https:\/\/simonjersey.eu\/lv\/wp-json\/wp\/v2\/types\/page"}],"author":[{"embeddable":true,"href":"https:\/\/simonjersey.eu\/lv\/wp-json\/wp\/v2\/users\/1"}],"replies":[{"embeddable":true,"href":"https:\/\/simonjersey.eu\/lv\/wp-json\/wp\/v2\/comments?post=67"}],"version-history":[{"count":1,"href":"https:\/\/simonjersey.eu\/lv\/wp-json\/wp\/v2\/pages\/67\/revisions"}],"predecessor-version":[{"id":5101,"href":"https:\/\/simonjersey.eu\/lv\/wp-json\/wp\/v2\/pages\/67\/revisions\/5101"}],"wp:attachment":[{"href":"https:\/\/simonjersey.eu\/lv\/wp-json\/wp\/v2\/media?parent=67"}],"curies":[{"name":"wp","href":"https:\/\/api.w.org\/{rel}","templated":true}]}}