{"id":76,"date":"2019-06-18T11:18:15","date_gmt":"2019-06-18T11:18:15","guid":{"rendered":"https:\/\/simonjersey.eu\/lv\/?page_id=76"},"modified":"2019-06-23T17:34:33","modified_gmt":"2019-06-23T14:34:33","slug":"privatuma-politika","status":"publish","type":"page","link":"https:\/\/simonjersey.eu\/lv\/privatuma-politika\/","title":{"rendered":"Priv\u0101tuma politika"},"content":{"rendered":"<h1>Priv\u0101tuma politika<\/h1>\n<p>Personas dati ir jebk\u0101da inform\u0101cija, kas attiecas uz identific\u0113tu vai identific\u0113jamu fizisko personu.<\/p>\n<h2>Pamatinform\u0101cija<\/h2>\n<p>Priv\u0101tuma politika un s\u012bkdat\u0146u izmanto\u0161ana satur noder\u012bgu inform\u0101ciju par to k\u0101 un kap\u0113c ProUniforms O\u00dc iev\u0101c, apstr\u0101d\u0101 un dal\u0101s ar priv\u0101tu inform\u0101ciju (datiem). \u0160\u012b Priv\u0101tuma politika balst\u0101s uz visp\u0101r\u0113jo datu aizsardz\u012bbas regulu.<\/p>\n<p>Priv\u0101tuma politikas m\u0113r\u0137is ir sniegt fiziskajai personai (datu subjektam) inform\u0101ciju par fizisk\u0101s personas personas datu apstr\u0101des m\u0113r\u0137i, nol\u016bku, apjomu, dro\u0161\u012bbu, aizsardz\u012bbu, k\u0101 ar\u012b sniegt citu inform\u0101ciju par personas datu apstr\u0101di.<\/p>\n<p>Lietojot m\u016bsu m\u0101jas lapu, j\u016bs piekr\u012btat m\u016bsu s\u012bkdat\u0146u un priv\u0101tuma politikas nosac\u012bjumiem.<\/p>\n<p>\u201cPersonisk\u0101 inform\u0101cija\u201d ir jebkura inform\u0101cija (dati) par jebkuru identific\u0113tu vai identific\u0113jamu fizisku personu; piem\u0113ram, v\u0101rds, adrese, e-pasta adrese, inform\u0101cija par m\u016bsu m\u0101jas lapas izmanto\u0161anu, soci\u0101lo mediju kan\u0101liem un m\u016bsu pakalpojumiem.<\/p>\n<p>M\u0113s apstr\u0101d\u0101jam personisko inform\u0101ciju, lai izpild\u012btu m\u016bsu l\u012bgumsaist\u012bbas, k\u0101 ar\u012b sniegtu kvalitat\u012bvu pakalpojumu un inform\u0101ciju potenci\u0101lajiem klientiem.<\/p>\n<p>M\u0113s apkopojam inform\u0101ciju no ProUniforms O\u00dc m\u0101rketinga kan\u0101liem (ieskaitot m\u0101jas lapu) par \u0161o kan\u0101lu izmanto\u0161anu un m\u016bsu potenci\u0101lo klientu interes\u0113m, lai lab\u0101k izprastu m\u016bsu klientu intereses, sniegtu kvalitat\u012bvu inform\u0101ciju un uzlabotu m\u016bsu klientu pieredzi lietojot m\u016bsu pakalopjumus.<\/p>\n<p>Tas noz\u012bm\u0113, ka likum\u012bga inform\u0101cijas apstr\u0101des b\u0101ze ir m\u016bsu pamatot\u0101 interese lab\u0101k izprast m\u016bsu klientu vajadz\u012bbas un nodro\u0161in\u0101t lab\u0101ku servisu.<\/p>\n<p>Piem\u0113ram, ProUniforms O\u00dc apstr\u0101d\u0101 inform\u0101ciju par klienta pirk\u0161anas pieredzi ar m\u0113r\u0137i nodro\u0161in\u0101t klientam v\u0113lamos pied\u0101v\u0101jumus un saturu.<\/p>\n<p>ProUniforms O\u00dc ir personas datu apstr\u0101d\u0101des sniedz\u0113js un ar jebkuru jaut\u0101jumu, l\u016bdzu, sazinieties ar info@simonjersey.eu<\/p>\n<p><strong>Personas inform\u0101cijas v\u0101k\u0161ana var notikt:<\/strong><\/p>\n<ul>\n<li>Sniedzot kontaktinform\u0101ciju (ieskaitot v\u0101rdu, adresi, t\u0101lru\u0146a numuru, e-pasta adresi) m\u016bsu m\u0101jas lap\u0101 vai citur (piem\u0113ram, tirdzniec\u012bbas telp\u0101);<\/li>\n<li>Izmantojot s\u012bkfailus (ieskaitot p\u0101rl\u016bkprogrammas veidu, ier\u012bces veidu, valodu, t\u012bmek\u013ca vietnes adresi, no kuras lietot\u0101js ierad\u0101s, kuras lapas lietot\u0101js p\u0101rl\u016bko; lietot\u0101ja IP adrese un satiksmes inform\u0101cija);<\/li>\n<li>Veicot pas\u016bt\u012bjumu vai veicot pirkumu m\u016bsu tirdzniec\u012bbas telp\u0101 vai interneta veikal\u0101;<\/li>\n<li>Izmantojot lietot\u0101ja darb\u012bbas saist\u012bb\u0101 ar e-pasta sazi\u0146u ar ProUniforms O\u00dc;<\/li>\n<li>Ar citu personisku inform\u0101ciju, kuru j\u016bs esat dar\u012bjis publiski pieejamu vai mums pieejamu, izmantojot tre\u0161o pu\u0161u soci\u0101lo mediju t\u012bklus, piem\u0113ram, LinkedIn, Facebook, GooglePlus, Instagram utt. K\u0101 datu kontrolieris ProUniforms O\u00dc nep\u0101rstr\u0101d\u0101 unik\u0101lus identifikatorus.<\/li>\n<\/ul>\n<p><strong>K\u0101 m\u0113s apkopojam personisko inform\u0101ciju<\/strong><\/p>\n<p>Kopum\u0101 m\u0113s apkopojam personisko inform\u0101ciju tie\u0161i no klientiem un ar vi\u0146u piekri\u0161anu. Turkl\u0101t m\u0113s izmantojam autom\u0101tisku datu v\u0101k\u0161anu, tostarp s\u012bkfailus un citas izseko\u0161anas ier\u012bces, lai optimiz\u0113tu lietot\u0101ju pieredzi un nodro\u0161in\u0101tu lab\u0101ku servisu m\u016bsu klientiem.<\/p>\n<h2>Personisk\u0101s inform\u0101cijas koplieto\u0161ana<\/h2>\n<p>ProUniforms O\u00dc neatkl\u0101j klienta inform\u0101ciju \u0101rpus Eiropas Ekonomikas zonas (\u201cEEZ\u201d).<\/p>\n<p>ProUniforms O\u00dc nepiedal\u0101s klienta person\u012bg\u0101 inform\u0101cija ar tre\u0161aj\u0101m person\u0101m, iz\u0146emot turpm\u0101k uzskait\u012btos nosac\u012bjumus. Visa inform\u0101cija tiek izmantota tikai komunik\u0101cijas nol\u016bkos un pied\u0101v\u0101jot lab\u0101ku produktu \/ pakalpojumu.<\/p>\n<p><strong>M\u0113s varam izpaust j\u016bsu personisko inform\u0101ciju \u0161\u0101dos gad\u012bjumos:<\/strong><\/p>\n<ul>\n<li>Pieg\u0101de pas\u016bt\u012btajiem produktiem &#8211; person\u0101m, iest\u0101d\u0113m un organiz\u0101cij\u0101m, kas sniedz vai sniedz pieg\u0101des pakalpojumus.<\/li>\n<li>Par\u0101du piedzi\u0146a &#8211; par\u0101du piedzi\u0146as pakalpojumu sniedz\u0113ji, maks\u0101jumu noklus\u0113juma re\u0123istri.<\/li>\n<li>Valsts uzraudz\u012bbas iest\u0101des un policija.<\/li>\n<li>Sabiedr\u012bbas atgriezenisk\u0101 saite ar klienta at\u013cauju.<\/li>\n<li>Datu dro\u0161\u012bba, personisk\u0101s inform\u0101cijas lieto\u0161ana un glab\u0101\u0161ana (dati).<\/li>\n<\/ul>\n<h2>Personisk\u0101s inform\u0101cijas dro\u0161iba<\/h2>\n<p>Dro\u0161a datu glab\u0101\u0161ana ir visaugst\u0101k\u0101 ProUniforms O\u00dc dro\u0161\u012bbas priorit\u0101te. M\u0113s dar\u0101m visu iesp\u0113jamo, lai izvair\u012btos no nesankcion\u0113tas piek\u013cuves, public\u0113\u0161anas un citas nelikum\u012bgas apstr\u0101des. M\u0113s aizsarg\u0101jam personas datu konfidencialit\u0101ti un neaizskaram\u012bbu un \u013cauj piek\u013c\u016bt \u0161\u0101diem datiem tikai saska\u0146\u0101 ar sp\u0113k\u0101 eso\u0161ajiem ties\u012bbu aktiem.<\/p>\n<p>M\u0113s esam ieviesu\u0161i sapr\u0101t\u012bgus un pietiekami administrat\u012bvus pas\u0101kumus un tehniskus un fiziskus ierobe\u017eojumus, lai aizsarg\u0101tu m\u016bsu apkopoto un apstr\u0101d\u0101to inform\u0101ciju. Izmantotie pas\u0101kumi ir atkar\u012bgi no personas inform\u0101cijas veida un to public\u0113\u0161anas iesp\u0113jam\u0101m sek\u0101m.<\/p>\n<p>ProUniforms O\u00dc ir \u012bstenojusi nepiecie\u0161amos tehniskos, fiziskos un administrat\u012bvos pas\u0101kumus, lai aizsarg\u0101tu klienta personisko inform\u0101ciju (datus) no pazu\u0161anas vai nelikum\u012bgas apstr\u0101des.<\/p>\n<p>Jebkura person\u012bg\u0101 inform\u0101cija, ko j\u016bs sniedzat, apmekl\u0113jot un iep\u0113rkoties ProUniforms O\u00dc e-veikal\u0101, tiek uzskat\u012bta par konfidenci\u0101lu inform\u0101ciju. \u0160ifr\u0113tu datu p\u0101rraides kan\u0101la izmanto\u0161ana ar bank\u0101m garant\u0113 klienta personas datu un bankas aizsardz\u012bbu.<\/p>\n<p><strong>Uzglab\u0101\u0161anas termi\u0146i &#8211; cik ilgi m\u0113s glab\u0101jam personisko inform\u0101ciju?<\/strong><\/p>\n<p>ProUniforms O\u00dc personisko inform\u0101ciju uzglab\u0101 tikai tik ilgi, cik nepiecie\u0161ams, lai sasniegtu m\u0113r\u0137i, kuram dati tika sav\u0101kti. Uzglab\u0101\u0161anas termi\u0146i ir atkar\u012bgi ar\u012b no nepiecie\u0161am\u012bbas atbild\u0113t uz datu subjektu jaut\u0101jumiem, risin\u0101t probl\u0113mas un izpild\u012bt juridisk\u0101s saist\u012bbas dokumentu saglab\u0101\u0161anai.<\/p>\n<p>Jebkura personisk\u0101 inform\u0101cija tiks dz\u0113sta, kad vairs nepiepras\u012bsim \u0161os datus un juridiski vairs nav pien\u0101kuma saglab\u0101t \u0161os datus.<\/p>\n<p>M\u0113s varam izmantot \u0161\u0101dus datus statistikas apsv\u0113rumu d\u0113\u013c; \u0161aj\u0101 gad\u012bjum\u0101 dati b\u016bs individu\u0101li (lietoti pseidon\u012bmi) un anon\u012bmi.<\/p>\n<p>L\u016bdzu, sazinieties ar info@simonjersey.eu ar jebk\u0101diem jaut\u0101jumiem.<\/p>\n<h2>Klienta (datu subjekta) ties\u012bbas<\/h2>\n<p>Klientam ir ties\u012bbas piek\u013c\u016bt jebkuriem personas datiem par sevi, kurus apstr\u0101d\u0101 ProUniforms O\u00dc, un ties\u012bb\u0101m labot jebk\u0101dus nepareizus datus.<\/p>\n<p>Ja klientam ir jaut\u0101jumi par vi\u0146u ties\u012bb\u0101m vai aizdom\u0101m, ka ProUniforms O\u00dc, apstr\u0101d\u0101jot personisko inform\u0101ciju (datus), ir p\u0101rk\u0101pusi savas ties\u012bbas. Klients tiek aicin\u0101ts sazin\u0101ties ar ProUniforms O\u00dc puz e-pastu kaja@simonjersey.eu<\/p>\n<p><strong>Datu subjekta ties\u012bbas<\/strong><\/p>\n<p>Ties\u012bbas uz korekciju &#8211; datu subjektam ir ties\u012bbas uz jebk\u0101du nepareizu ar vi\u0146u saist\u012btu personas inform\u0101ciju labot bez liekas kav\u0113\u0161an\u0101s.<\/p>\n<p>Ties\u012bbas dz\u0113st &#8211; datu subjektam ir ties\u012bbas izdz\u0113st savu personisko inform\u0101ciju bez liekas kav\u0113\u0161an\u0101s, ja ir sp\u0113k\u0101 da\u017ei papildu nosac\u012bjumi.<\/p>\n<p>Atsevi\u0161\u0137os gad\u012bjumos datu subjektam ir ties\u012bbas ierobe\u017eot personas datu apstr\u0101di.<\/p>\n<p>Datu subjektam ir ties\u012bbas piek\u013c\u016bt personiskajai inform\u0101cijai, ko klients glab\u0101 par klientu un kuru klients ir sniedzis; un ties\u012bbas nodot savus datus citam datu kontrolierim, ja tas ir tehniski iesp\u0113jams, un apstr\u0101de ir balst\u012bta uz piekri\u0161anu vai l\u012bgumu un ir autom\u0101tiska.<\/p>\n<p>Datu subjektam, pamatojoties uz saviem \u012bpa\u0161ajiem apst\u0101k\u013ciem, ir ties\u012bbas jebkur\u0101 laik\u0101 iebilst pret to apstr\u0101d\u0101tajiem datiem, pamatojoties uz attiec\u012bgiem noteikumiem, ieskaitot profilu anal\u012bzi, kas pamatojas uz \u0161iem noteikumiem.<\/p>\n<p>Ja noteikumi nenosaka cit\u0101di, datu subjektam ir ties\u012bbas, ka attiec\u012bb\u0101 uz datu subjektu netiek pie\u0146emti l\u0113mumi, kuru pamat\u0101 ir tikai autom\u0101tiska datu apstr\u0101de un kuriem ir juridiskas sekas attiec\u012bb\u0101 uz datu subjektu vai kuriem ir b\u016btiska ietekme uz datu subjektu.<\/p>\n<p>Ja personas datu apstr\u0101des pamat\u0101 ir datu subjekta piekri\u0161ana, datu subjektam ir ties\u012bbas jebkur\u0101 laik\u0101 atsaukt \u0161o piekri\u0161anu bez atpaka\u013cejo\u0161a sp\u0113ka.<\/p>\n<p>Ja v\u0113laties izmantot k\u0101du no \u0161\u012bm ties\u012bb\u0101m, l\u016bdzu, sazinieties ar mums info@simonjersey.eu.<\/p>\n<p>Ja neesat apmierin\u0101ts ar ProUniforms O\u00dc sniegto risin\u0101jumu, jums ir ties\u012bbas sazin\u0101ties ar Datu aizsardz\u012bbas inspekciju vai tiesu.<\/p>\n<h2>Papildu noteikumi<\/h2>\n<p>ProUniforms O\u00dc patur ties\u012bbas vienpus\u0113ji groz\u012bt \u0161o konfidencialit\u0101tes politiku un pazi\u0146ojumu par s\u012bkdatn\u0113m izmanto\u0161anu. \u0160\u012bs t\u012bmek\u013ca vietnes vienm\u0113r ir pieejama \u0161\u012bs konfidencialit\u0101tes politikas jaun\u0101k\u0101 versija.<\/p>\n<p>\u0160\u012b konfidencialit\u0101tes politika ir pak\u013cauta Igaunijas Republikas likumiem. Visus str\u012bdus vai pras\u012bbas saist\u012bb\u0101 ar politiku atrisina apri\u0146\u0137a tiesa Tallin\u0101.<\/p>\n<h2>Kas ir s\u012bkdatne?<\/h2>\n<p>S\u012bkdatne ir neliela teksta datne, kas tiek nos\u016bt\u012bta uz J\u016bsu datoru vai mobilo iek\u0101rtu t\u012bmek\u013ca vietnes apmekl\u0113\u0161an\u0101s laik\u0101 un ko t\u012bmek\u013ca vietne saglab\u0101 j\u016bsu dator\u0101 vai mobilaj\u0101 ier\u012bc\u0113, kad j\u016bs atverat vietni. Katr\u0101 turpm\u0101kaj\u0101 apmekl\u0113juma reiz\u0113 s\u012bkdatnes tiek nos\u016bt\u012btas atpaka\u013c uz izcelsmes m\u0101jas lapu vai uz citu m\u0101jas lapu, kas atpaz\u012bst \u0161o s\u012bkdatni. S\u012bkdatnes darbojas k\u0101 konkr\u0113tas m\u0101jas lapas atmi\u0146a, \u013caujot \u0161ai lapai atcer\u0113ties J\u016bsu datoru n\u0101kamaj\u0101s apmekl\u0113juma reiz\u0113s, tai skait\u0101 s\u012bkdatnes var atcer\u0113ties J\u016bsu iest\u0101t\u012bjumus vai uzlabot lietot\u0101ja \u0113rt\u012bbas. Papildu inform\u0101ciju par s\u012bkdatn\u0113m, k\u0101 ar\u012b k\u0101 t\u0101s iesp\u0113jams p\u0101rvald\u012bt vai izdz\u0113st, varat ieg\u016bt m\u0101jaslap\u0101 www.aboutcookies.org.<\/p>\n<p><strong>K\u0101 izsl\u0113gt s\u012bkdatnes?<\/strong><\/p>\n<p>P\u0113c v\u0113l\u0113\u0161an\u0101s varat s\u012bkdatnes kontrol\u0113t un izdz\u0113st. Pla\u0161\u0101k lasiet \u0161eit: aboutcookies.org. J\u016bs varat izdz\u0113st visas s\u012bkdatnes, kuras ir J\u016bsu dator\u0101, un liel\u0101ko da\u013cu p\u0101rl\u016bkprogrammu var iestat\u012bt t\u0101, lai tiktu blo\u0137\u0113ta s\u012bkdat\u0146u ievieto\u0161ana dator\u0101. Ta\u010du t\u0101d\u0101 gad\u012bjum\u0101 Jums manu\u0101li b\u016bs j\u0101piel\u0101go iestat\u012bjumi ikreiz, kad apmekl\u0113siet t\u012bmek\u013ca vietni, un turkl\u0101t past\u0101v iesp\u0113jam\u012bba, ka da\u017ei pakalpojumi un funkcijas nedarbosies.<\/p>\n","protected":false},"excerpt":{"rendered":"<p>Priv\u0101tuma politika Personas dati ir jebk\u0101da inform\u0101cija, kas attiecas uz  [&#8230;]<\/p>\n","protected":false},"author":1,"featured_media":0,"parent":0,"menu_order":0,"comment_status":"closed","ping_status":"closed","template":"","meta":{"footnotes":""},"class_list":["post-76","page","type-page","status-publish","hentry"],"yoast_head":"<!-- This site is optimized with the Yoast SEO plugin v27.2 - https:\/\/yoast.com\/product\/yoast-seo-wordpress\/ -->\n<title>Priv\u0101tuma politika - Simon Jersey Latvija<\/title>\n<meta name=\"robots\" content=\"index, follow, max-snippet:-1, max-image-preview:large, max-video-preview:-1\" \/>\n<link rel=\"canonical\" href=\"https:\/\/simonjersey.eu\/lv\/privatuma-politika\/\" \/>\n<meta property=\"og:locale\" content=\"lv_LV\" \/>\n<meta property=\"og:type\" content=\"article\" \/>\n<meta property=\"og:title\" content=\"Priv\u0101tuma politika - Simon Jersey Latvija\" \/>\n<meta property=\"og:description\" content=\"Priv\u0101tuma politika Personas dati ir jebk\u0101da inform\u0101cija, kas attiecas uz [...]\" \/>\n<meta property=\"og:url\" content=\"https:\/\/simonjersey.eu\/lv\/privatuma-politika\/\" \/>\n<meta property=\"og:site_name\" content=\"Simon Jersey Latvija\" \/>\n<meta property=\"article:modified_time\" content=\"2019-06-23T14:34:33+00:00\" \/>\n<meta name=\"twitter:card\" content=\"summary_large_image\" \/>\n<meta name=\"twitter:label1\" content=\"Est. reading time\" \/>\n\t<meta name=\"twitter:data1\" content=\"8 min\u016btes\" \/>\n<script type=\"application\/ld+json\" class=\"yoast-schema-graph\">{\"@context\":\"https:\/\/schema.org\",\"@graph\":[{\"@type\":\"WebPage\",\"@id\":\"https:\/\/simonjersey.eu\/lv\/privatuma-politika\/\",\"url\":\"https:\/\/simonjersey.eu\/lv\/privatuma-politika\/\",\"name\":\"Priv\u0101tuma politika - Simon Jersey Latvija\",\"isPartOf\":{\"@id\":\"https:\/\/simonjersey.eu\/lv\/#website\"},\"datePublished\":\"2019-06-18T11:18:15+00:00\",\"dateModified\":\"2019-06-23T14:34:33+00:00\",\"breadcrumb\":{\"@id\":\"https:\/\/simonjersey.eu\/lv\/privatuma-politika\/#breadcrumb\"},\"inLanguage\":\"lv-LV\",\"potentialAction\":[{\"@type\":\"ReadAction\",\"target\":[\"https:\/\/simonjersey.eu\/lv\/privatuma-politika\/\"]}]},{\"@type\":\"BreadcrumbList\",\"@id\":\"https:\/\/simonjersey.eu\/lv\/privatuma-politika\/#breadcrumb\",\"itemListElement\":[{\"@type\":\"ListItem\",\"position\":1,\"name\":\"Home\",\"item\":\"https:\/\/simonjersey.eu\/lv\/\"},{\"@type\":\"ListItem\",\"position\":2,\"name\":\"Priv\u0101tuma politika\"}]},{\"@type\":\"WebSite\",\"@id\":\"https:\/\/simonjersey.eu\/lv\/#website\",\"url\":\"https:\/\/simonjersey.eu\/lv\/\",\"name\":\"Simon Jersey Latvija\",\"description\":\"Kvalitat\u012bvi un iztur\u012bgi darba ap\u0123\u0113rbi\",\"potentialAction\":[{\"@type\":\"SearchAction\",\"target\":{\"@type\":\"EntryPoint\",\"urlTemplate\":\"https:\/\/simonjersey.eu\/lv\/?s={search_term_string}\"},\"query-input\":{\"@type\":\"PropertyValueSpecification\",\"valueRequired\":true,\"valueName\":\"search_term_string\"}}],\"inLanguage\":\"lv-LV\"}]}<\/script>\n<!-- \/ Yoast SEO plugin. -->","yoast_head_json":{"title":"Priv\u0101tuma politika - Simon Jersey Latvija","robots":{"index":"index","follow":"follow","max-snippet":"max-snippet:-1","max-image-preview":"max-image-preview:large","max-video-preview":"max-video-preview:-1"},"canonical":"https:\/\/simonjersey.eu\/lv\/privatuma-politika\/","og_locale":"lv_LV","og_type":"article","og_title":"Priv\u0101tuma politika - Simon Jersey Latvija","og_description":"Priv\u0101tuma politika Personas dati ir jebk\u0101da inform\u0101cija, kas attiecas uz [...]","og_url":"https:\/\/simonjersey.eu\/lv\/privatuma-politika\/","og_site_name":"Simon Jersey Latvija","article_modified_time":"2019-06-23T14:34:33+00:00","twitter_card":"summary_large_image","twitter_misc":{"Est. reading time":"8 min\u016btes"},"schema":{"@context":"https:\/\/schema.org","@graph":[{"@type":"WebPage","@id":"https:\/\/simonjersey.eu\/lv\/privatuma-politika\/","url":"https:\/\/simonjersey.eu\/lv\/privatuma-politika\/","name":"Priv\u0101tuma politika - Simon Jersey Latvija","isPartOf":{"@id":"https:\/\/simonjersey.eu\/lv\/#website"},"datePublished":"2019-06-18T11:18:15+00:00","dateModified":"2019-06-23T14:34:33+00:00","breadcrumb":{"@id":"https:\/\/simonjersey.eu\/lv\/privatuma-politika\/#breadcrumb"},"inLanguage":"lv-LV","potentialAction":[{"@type":"ReadAction","target":["https:\/\/simonjersey.eu\/lv\/privatuma-politika\/"]}]},{"@type":"BreadcrumbList","@id":"https:\/\/simonjersey.eu\/lv\/privatuma-politika\/#breadcrumb","itemListElement":[{"@type":"ListItem","position":1,"name":"Home","item":"https:\/\/simonjersey.eu\/lv\/"},{"@type":"ListItem","position":2,"name":"Priv\u0101tuma politika"}]},{"@type":"WebSite","@id":"https:\/\/simonjersey.eu\/lv\/#website","url":"https:\/\/simonjersey.eu\/lv\/","name":"Simon Jersey Latvija","description":"Kvalitat\u012bvi un iztur\u012bgi darba ap\u0123\u0113rbi","potentialAction":[{"@type":"SearchAction","target":{"@type":"EntryPoint","urlTemplate":"https:\/\/simonjersey.eu\/lv\/?s={search_term_string}"},"query-input":{"@type":"PropertyValueSpecification","valueRequired":true,"valueName":"search_term_string"}}],"inLanguage":"lv-LV"}]}},"_links":{"self":[{"href":"https:\/\/simonjersey.eu\/lv\/wp-json\/wp\/v2\/pages\/76","targetHints":{"allow":["GET"]}}],"collection":[{"href":"https:\/\/simonjersey.eu\/lv\/wp-json\/wp\/v2\/pages"}],"about":[{"href":"https:\/\/simonjersey.eu\/lv\/wp-json\/wp\/v2\/types\/page"}],"author":[{"embeddable":true,"href":"https:\/\/simonjersey.eu\/lv\/wp-json\/wp\/v2\/users\/1"}],"replies":[{"embeddable":true,"href":"https:\/\/simonjersey.eu\/lv\/wp-json\/wp\/v2\/comments?post=76"}],"version-history":[{"count":0,"href":"https:\/\/simonjersey.eu\/lv\/wp-json\/wp\/v2\/pages\/76\/revisions"}],"wp:attachment":[{"href":"https:\/\/simonjersey.eu\/lv\/wp-json\/wp\/v2\/media?parent=76"}],"curies":[{"name":"wp","href":"https:\/\/api.w.org\/{rel}","templated":true}]}}