{"id":1133,"date":"2019-07-04T13:31:17","date_gmt":"2019-07-04T10:31:17","guid":{"rendered":"https:\/\/simonjersey.eu\/lv\/?post_type=product&#038;p=1133"},"modified":"2025-11-17T15:05:19","modified_gmt":"2025-11-17T12:05:19","slug":"a-linijas-melna-kleita","status":"publish","type":"product","link":"https:\/\/simonjersey.eu\/lv\/produkts\/a-linijas-melna-kleita\/","title":{"rendered":"A-l\u012bnijas melna kleita"},"content":{"rendered":"","protected":false},"excerpt":{"rendered":"<p>Eleganta, klasiska melna kleita, kuras garums ir l\u012bdz celim.<br \/>\nApa\u013ca apkakl\u012bte un \u012bsas piedurknes, k\u0101 ar\u012b kabatas ar r\u0101v\u0113jsl\u0113dz\u0113ju.<\/p>\n<p>Garums: 92,5 cm.<br \/>\nMateri\u0101ls: 100% poliesters.<br \/>\nKop\u0161ana: Mazg\u0101t 40\u00b0 ve\u013cas ma\u0161\u012bn\u0101, minim\u0101la gludin\u0101\u0161ana.<br \/>\nIzm\u0113ri (UK): 6-26.<\/p>\n<p>Iev\u0113ro! \u0160o kleitu iesp\u0113jams nepiecie\u0161ams pas\u016bt\u012bt vienu izm\u0113ru liel\u0101ku nek\u0101 parasti.<\/p>\n","protected":false},"featured_media":8873,"template":"","meta":[],"product_brand":[],"product_cat":[89,96,22,23,31,24,36,17,19,50,64,109],"product_tag":[342,339,338],"class_list":{"0":"post-1133","1":"product","2":"type-product","3":"status-publish","4":"has-post-thumbnail","6":"product_cat-sievietem-lietiskais-apgerbs","7":"product_cat-kleitas-sievietem-lietiskais-apgerbs","8":"product_cat-restorani","9":"product_cat-iedvesma","10":"product_cat-stilizets","11":"product_cat-sievietem","12":"product_cat-kleitas-sievietem","13":"product_cat-skaistumkopsana","14":"product_cat-kleitas","15":"product_cat-sievietem-viesmiliba","16":"product_cat-kleitas-sievietem-viesmiliba","17":"product_cat-svarki-un-kleitas","18":"product_tag-klasiski-melni-apgerbi","19":"product_tag-moderna-kleita","20":"product_tag-sieviesu-kleitas","22":"first","23":"instock","24":"taxable","25":"shipping-taxable","26":"purchasable","27":"product-type-variable","28":"has-default-attributes"},"yoast_head":"<!-- This site is optimized with the Yoast SEO plugin v27.2 - https:\/\/yoast.com\/product\/yoast-seo-wordpress\/ -->\n<title>Uniformas restor\u0101niem - Simon Jersey Latvija<\/title>\n<meta name=\"description\" content=\"Eleganta, klasiska melna kleita, kuras garums ir l\u012bdz celim. Apa\u013ca apkakl\u012bte un \u012bsas piedurknes, k\u0101 ar\u012b kabatas ar r\u0101v\u0113jsl\u0113dz\u0113ju.\" \/>\n<meta name=\"robots\" content=\"index, follow, max-snippet:-1, max-image-preview:large, max-video-preview:-1\" \/>\n<link rel=\"canonical\" href=\"https:\/\/simonjersey.eu\/lv\/produkts\/a-linijas-melna-kleita\/\" \/>\n<meta property=\"og:locale\" content=\"lv_LV\" \/>\n<meta property=\"og:type\" content=\"article\" \/>\n<meta property=\"og:title\" content=\"Uniformas restor\u0101niem - Simon Jersey Latvija\" \/>\n<meta property=\"og:description\" content=\"Eleganta, klasiska melna kleita, kuras garums ir l\u012bdz celim. Apa\u013ca apkakl\u012bte un \u012bsas piedurknes, k\u0101 ar\u012b kabatas ar r\u0101v\u0113jsl\u0113dz\u0113ju.\" \/>\n<meta property=\"og:url\" content=\"https:\/\/simonjersey.eu\/lv\/produkts\/a-linijas-melna-kleita\/\" \/>\n<meta property=\"og:site_name\" content=\"Simon Jersey Latvija\" \/>\n<meta property=\"article:modified_time\" content=\"2025-11-17T12:05:19+00:00\" \/>\n<meta property=\"og:image\" content=\"https:\/\/simonjersey.eu\/lv\/wp-content\/uploads\/sites\/2\/2019\/07\/A-line-dress-black.jpg\" \/>\n\t<meta property=\"og:image:width\" content=\"1000\" \/>\n\t<meta property=\"og:image:height\" content=\"1500\" \/>\n\t<meta property=\"og:image:type\" content=\"image\/jpeg\" \/>\n<meta name=\"twitter:card\" content=\"summary_large_image\" \/>\n<meta name=\"twitter:label1\" content=\"Est. reading time\" \/>\n\t<meta name=\"twitter:data1\" content=\"1 min\u016bte\" \/>\n<script type=\"application\/ld+json\" class=\"yoast-schema-graph\">{\"@context\":\"https:\/\/schema.org\",\"@graph\":[{\"@type\":\"WebPage\",\"@id\":\"https:\/\/simonjersey.eu\/lv\/produkts\/a-linijas-melna-kleita\/\",\"url\":\"https:\/\/simonjersey.eu\/lv\/produkts\/a-linijas-melna-kleita\/\",\"name\":\"Uniformas restor\u0101niem - Simon Jersey Latvija\",\"isPartOf\":{\"@id\":\"https:\/\/simonjersey.eu\/lv\/#website\"},\"primaryImageOfPage\":{\"@id\":\"https:\/\/simonjersey.eu\/lv\/produkts\/a-linijas-melna-kleita\/#primaryimage\"},\"image\":{\"@id\":\"https:\/\/simonjersey.eu\/lv\/produkts\/a-linijas-melna-kleita\/#primaryimage\"},\"thumbnailUrl\":\"https:\/\/simonjersey.eu\/lv\/wp-content\/uploads\/sites\/2\/2019\/07\/A-line-dress-black.jpg\",\"datePublished\":\"2019-07-04T10:31:17+00:00\",\"dateModified\":\"2025-11-17T12:05:19+00:00\",\"description\":\"Eleganta, klasiska melna kleita, kuras garums ir l\u012bdz celim. Apa\u013ca apkakl\u012bte un \u012bsas piedurknes, k\u0101 ar\u012b kabatas ar r\u0101v\u0113jsl\u0113dz\u0113ju.\",\"breadcrumb\":{\"@id\":\"https:\/\/simonjersey.eu\/lv\/produkts\/a-linijas-melna-kleita\/#breadcrumb\"},\"inLanguage\":\"lv-LV\",\"potentialAction\":[{\"@type\":\"ReadAction\",\"target\":[\"https:\/\/simonjersey.eu\/lv\/produkts\/a-linijas-melna-kleita\/\"]}]},{\"@type\":\"ImageObject\",\"inLanguage\":\"lv-LV\",\"@id\":\"https:\/\/simonjersey.eu\/lv\/produkts\/a-linijas-melna-kleita\/#primaryimage\",\"url\":\"https:\/\/simonjersey.eu\/lv\/wp-content\/uploads\/sites\/2\/2019\/07\/A-line-dress-black.jpg\",\"contentUrl\":\"https:\/\/simonjersey.eu\/lv\/wp-content\/uploads\/sites\/2\/2019\/07\/A-line-dress-black.jpg\",\"width\":1000,\"height\":1500},{\"@type\":\"BreadcrumbList\",\"@id\":\"https:\/\/simonjersey.eu\/lv\/produkts\/a-linijas-melna-kleita\/#breadcrumb\",\"itemListElement\":[{\"@type\":\"ListItem\",\"position\":1,\"name\":\"Home\",\"item\":\"https:\/\/simonjersey.eu\/lv\/\"},{\"@type\":\"ListItem\",\"position\":2,\"name\":\"E-veikals\",\"item\":\"https:\/\/simonjersey.eu\/lv\/e-veikals\/\"},{\"@type\":\"ListItem\",\"position\":3,\"name\":\"A-l\u012bnijas melna kleita\"}]},{\"@type\":\"WebSite\",\"@id\":\"https:\/\/simonjersey.eu\/lv\/#website\",\"url\":\"https:\/\/simonjersey.eu\/lv\/\",\"name\":\"Simon Jersey Latvija\",\"description\":\"Kvalitat\u012bvi un iztur\u012bgi darba ap\u0123\u0113rbi\",\"potentialAction\":[{\"@type\":\"SearchAction\",\"target\":{\"@type\":\"EntryPoint\",\"urlTemplate\":\"https:\/\/simonjersey.eu\/lv\/?s={search_term_string}\"},\"query-input\":{\"@type\":\"PropertyValueSpecification\",\"valueRequired\":true,\"valueName\":\"search_term_string\"}}],\"inLanguage\":\"lv-LV\"}]}<\/script>\n<!-- \/ Yoast SEO plugin. -->","yoast_head_json":{"title":"Uniformas restor\u0101niem - Simon Jersey Latvija","description":"Eleganta, klasiska melna kleita, kuras garums ir l\u012bdz celim. Apa\u013ca apkakl\u012bte un \u012bsas piedurknes, k\u0101 ar\u012b kabatas ar r\u0101v\u0113jsl\u0113dz\u0113ju.","robots":{"index":"index","follow":"follow","max-snippet":"max-snippet:-1","max-image-preview":"max-image-preview:large","max-video-preview":"max-video-preview:-1"},"canonical":"https:\/\/simonjersey.eu\/lv\/produkts\/a-linijas-melna-kleita\/","og_locale":"lv_LV","og_type":"article","og_title":"Uniformas restor\u0101niem - Simon Jersey Latvija","og_description":"Eleganta, klasiska melna kleita, kuras garums ir l\u012bdz celim. Apa\u013ca apkakl\u012bte un \u012bsas piedurknes, k\u0101 ar\u012b kabatas ar r\u0101v\u0113jsl\u0113dz\u0113ju.","og_url":"https:\/\/simonjersey.eu\/lv\/produkts\/a-linijas-melna-kleita\/","og_site_name":"Simon Jersey Latvija","article_modified_time":"2025-11-17T12:05:19+00:00","og_image":[{"width":1000,"height":1500,"url":"https:\/\/simonjersey.eu\/lv\/wp-content\/uploads\/sites\/2\/2019\/07\/A-line-dress-black.jpg","type":"image\/jpeg"}],"twitter_card":"summary_large_image","twitter_misc":{"Est. reading time":"1 min\u016bte"},"schema":{"@context":"https:\/\/schema.org","@graph":[{"@type":"WebPage","@id":"https:\/\/simonjersey.eu\/lv\/produkts\/a-linijas-melna-kleita\/","url":"https:\/\/simonjersey.eu\/lv\/produkts\/a-linijas-melna-kleita\/","name":"Uniformas restor\u0101niem - Simon Jersey Latvija","isPartOf":{"@id":"https:\/\/simonjersey.eu\/lv\/#website"},"primaryImageOfPage":{"@id":"https:\/\/simonjersey.eu\/lv\/produkts\/a-linijas-melna-kleita\/#primaryimage"},"image":{"@id":"https:\/\/simonjersey.eu\/lv\/produkts\/a-linijas-melna-kleita\/#primaryimage"},"thumbnailUrl":"https:\/\/simonjersey.eu\/lv\/wp-content\/uploads\/sites\/2\/2019\/07\/A-line-dress-black.jpg","datePublished":"2019-07-04T10:31:17+00:00","dateModified":"2025-11-17T12:05:19+00:00","description":"Eleganta, klasiska melna kleita, kuras garums ir l\u012bdz celim. Apa\u013ca apkakl\u012bte un \u012bsas piedurknes, k\u0101 ar\u012b kabatas ar r\u0101v\u0113jsl\u0113dz\u0113ju.","breadcrumb":{"@id":"https:\/\/simonjersey.eu\/lv\/produkts\/a-linijas-melna-kleita\/#breadcrumb"},"inLanguage":"lv-LV","potentialAction":[{"@type":"ReadAction","target":["https:\/\/simonjersey.eu\/lv\/produkts\/a-linijas-melna-kleita\/"]}]},{"@type":"ImageObject","inLanguage":"lv-LV","@id":"https:\/\/simonjersey.eu\/lv\/produkts\/a-linijas-melna-kleita\/#primaryimage","url":"https:\/\/simonjersey.eu\/lv\/wp-content\/uploads\/sites\/2\/2019\/07\/A-line-dress-black.jpg","contentUrl":"https:\/\/simonjersey.eu\/lv\/wp-content\/uploads\/sites\/2\/2019\/07\/A-line-dress-black.jpg","width":1000,"height":1500},{"@type":"BreadcrumbList","@id":"https:\/\/simonjersey.eu\/lv\/produkts\/a-linijas-melna-kleita\/#breadcrumb","itemListElement":[{"@type":"ListItem","position":1,"name":"Home","item":"https:\/\/simonjersey.eu\/lv\/"},{"@type":"ListItem","position":2,"name":"E-veikals","item":"https:\/\/simonjersey.eu\/lv\/e-veikals\/"},{"@type":"ListItem","position":3,"name":"A-l\u012bnijas melna kleita"}]},{"@type":"WebSite","@id":"https:\/\/simonjersey.eu\/lv\/#website","url":"https:\/\/simonjersey.eu\/lv\/","name":"Simon Jersey Latvija","description":"Kvalitat\u012bvi un iztur\u012bgi darba ap\u0123\u0113rbi","potentialAction":[{"@type":"SearchAction","target":{"@type":"EntryPoint","urlTemplate":"https:\/\/simonjersey.eu\/lv\/?s={search_term_string}"},"query-input":{"@type":"PropertyValueSpecification","valueRequired":true,"valueName":"search_term_string"}}],"inLanguage":"lv-LV"}]}},"_links":{"self":[{"href":"https:\/\/simonjersey.eu\/lv\/wp-json\/wp\/v2\/product\/1133","targetHints":{"allow":["GET"]}}],"collection":[{"href":"https:\/\/simonjersey.eu\/lv\/wp-json\/wp\/v2\/product"}],"about":[{"href":"https:\/\/simonjersey.eu\/lv\/wp-json\/wp\/v2\/types\/product"}],"wp:featuredmedia":[{"embeddable":true,"href":"https:\/\/simonjersey.eu\/lv\/wp-json\/wp\/v2\/media\/8873"}],"wp:attachment":[{"href":"https:\/\/simonjersey.eu\/lv\/wp-json\/wp\/v2\/media?parent=1133"}],"wp:term":[{"taxonomy":"product_brand","embeddable":true,"href":"https:\/\/simonjersey.eu\/lv\/wp-json\/wp\/v2\/product_brand?post=1133"},{"taxonomy":"product_cat","embeddable":true,"href":"https:\/\/simonjersey.eu\/lv\/wp-json\/wp\/v2\/product_cat?post=1133"},{"taxonomy":"product_tag","embeddable":true,"href":"https:\/\/simonjersey.eu\/lv\/wp-json\/wp\/v2\/product_tag?post=1133"}],"curies":[{"name":"wp","href":"https:\/\/api.w.org\/{rel}","templated":true}]}}