{"id":1220,"date":"2019-07-05T08:20:24","date_gmt":"2019-07-05T05:20:24","guid":{"rendered":"https:\/\/simonjersey.eu\/lv\/?post_type=product&#038;p=1220"},"modified":"2023-11-15T12:20:03","modified_gmt":"2023-11-15T09:20:03","slug":"v-veida-kakla-izgriezuma-tunika","status":"publish","type":"product","link":"https:\/\/simonjersey.eu\/lv\/produkts\/v-veida-kakla-izgriezuma-tunika\/","title":{"rendered":"V-veida kakla izgriezuma tunika"},"content":{"rendered":"","protected":false},"excerpt":{"rendered":"<p>Atsvaidziniet savu ierasto skaistumkop\u0161anas uniformu ar m\u016bsu V-veida kakla izgriezuma tuniku,<br \/>\nkas ir da\u017e\u0101dos skaistos un modernos to\u0146os.<br \/>\nTunika ir br\u012bvi kr\u012bto\u0161a, lai darbinieces justos \u0113rti visas dienas garum\u0101.<br \/>\nK\u0101 ar\u012b ie\u0161\u016btas divas kabatas priek\u0161\u0101.<\/p>\n<p>Materi\u0101ls: 100% Poliesters.<br \/>\nKop\u0161ana: 40\u00b0 ve\u013cas ma\u0161\u012bn\u0101, viegli kopjama.<br \/>\nIzm\u0113ri (UK): 6-26.<\/p>\n","protected":false},"featured_media":1233,"template":"","meta":[],"product_brand":[],"product_cat":[27,17,18,72,73,74,48,53,54,112],"product_tag":[151,170,150,288],"class_list":{"0":"post-1220","1":"product","2":"type-product","3":"status-publish","4":"has-post-thumbnail","6":"product_cat-apkopejam","7":"product_cat-skaistumkopsana","8":"product_cat-tunikas","9":"product_cat-veselibas-aprupe","10":"product_cat-arsti-un-medmasas","11":"product_cat-sieviesu-tunikas","12":"product_cat-viesmiliba","13":"product_cat-apkalposana-numurina","14":"product_cat-uzkopsanas-personals","15":"product_cat-tunikas-2","16":"product_tag-tunikas-frizieriem","17":"product_tag-tunikas-sievietem","18":"product_tag-tunikas-spa-darbiniekiem","19":"product_tag-uzkopsanas-darbinieku-uniformas","21":"first","22":"instock","23":"taxable","24":"shipping-taxable","25":"purchasable","26":"product-type-variable","27":"has-default-attributes"},"yoast_head":"<!-- This site is optimized with the Yoast SEO plugin v27.2 - https:\/\/yoast.com\/product\/yoast-seo-wordpress\/ -->\n<title>Tunikas skaistumkop\u0161anas darbiniekiem - Simon Jersey Latvija<\/title>\n<meta name=\"description\" content=\"Atsvaidziniet savu ierasto skaistumkop\u0161anas uniformu ar m\u016bsu V-veida kakla izgriezuma tuniku, kas ir da\u017e\u0101dos skaistos un modernos to\u0146os.\" \/>\n<meta name=\"robots\" content=\"index, follow, max-snippet:-1, max-image-preview:large, max-video-preview:-1\" \/>\n<link rel=\"canonical\" href=\"https:\/\/simonjersey.eu\/lv\/produkts\/v-veida-kakla-izgriezuma-tunika\/\" \/>\n<meta property=\"og:locale\" content=\"lv_LV\" \/>\n<meta property=\"og:type\" content=\"article\" \/>\n<meta property=\"og:title\" content=\"Tunikas skaistumkop\u0161anas darbiniekiem - Simon Jersey Latvija\" \/>\n<meta property=\"og:description\" content=\"Atsvaidziniet savu ierasto skaistumkop\u0161anas uniformu ar m\u016bsu V-veida kakla izgriezuma tuniku, kas ir da\u017e\u0101dos skaistos un modernos to\u0146os.\" \/>\n<meta property=\"og:url\" content=\"https:\/\/simonjersey.eu\/lv\/produkts\/v-veida-kakla-izgriezuma-tunika\/\" \/>\n<meta property=\"og:site_name\" content=\"Simon Jersey Latvija\" \/>\n<meta property=\"article:modified_time\" content=\"2023-11-15T09:20:03+00:00\" \/>\n<meta property=\"og:image\" content=\"https:\/\/simonjersey.eu\/lv\/wp-content\/uploads\/sites\/2\/2019\/07\/FD4190-1.jpg\" \/>\n\t<meta property=\"og:image:width\" content=\"1000\" \/>\n\t<meta property=\"og:image:height\" content=\"1500\" \/>\n\t<meta property=\"og:image:type\" content=\"image\/jpeg\" \/>\n<meta name=\"twitter:card\" content=\"summary_large_image\" \/>\n<script type=\"application\/ld+json\" class=\"yoast-schema-graph\">{\"@context\":\"https:\/\/schema.org\",\"@graph\":[{\"@type\":\"WebPage\",\"@id\":\"https:\/\/simonjersey.eu\/lv\/produkts\/v-veida-kakla-izgriezuma-tunika\/\",\"url\":\"https:\/\/simonjersey.eu\/lv\/produkts\/v-veida-kakla-izgriezuma-tunika\/\",\"name\":\"Tunikas skaistumkop\u0161anas darbiniekiem - Simon Jersey Latvija\",\"isPartOf\":{\"@id\":\"https:\/\/simonjersey.eu\/lv\/#website\"},\"primaryImageOfPage\":{\"@id\":\"https:\/\/simonjersey.eu\/lv\/produkts\/v-veida-kakla-izgriezuma-tunika\/#primaryimage\"},\"image\":{\"@id\":\"https:\/\/simonjersey.eu\/lv\/produkts\/v-veida-kakla-izgriezuma-tunika\/#primaryimage\"},\"thumbnailUrl\":\"https:\/\/simonjersey.eu\/lv\/wp-content\/uploads\/sites\/2\/2019\/07\/FD4190-1.jpg\",\"datePublished\":\"2019-07-05T05:20:24+00:00\",\"dateModified\":\"2023-11-15T09:20:03+00:00\",\"description\":\"Atsvaidziniet savu ierasto skaistumkop\u0161anas uniformu ar m\u016bsu V-veida kakla izgriezuma tuniku, kas ir da\u017e\u0101dos skaistos un modernos to\u0146os.\",\"breadcrumb\":{\"@id\":\"https:\/\/simonjersey.eu\/lv\/produkts\/v-veida-kakla-izgriezuma-tunika\/#breadcrumb\"},\"inLanguage\":\"lv-LV\",\"potentialAction\":[{\"@type\":\"ReadAction\",\"target\":[\"https:\/\/simonjersey.eu\/lv\/produkts\/v-veida-kakla-izgriezuma-tunika\/\"]}]},{\"@type\":\"ImageObject\",\"inLanguage\":\"lv-LV\",\"@id\":\"https:\/\/simonjersey.eu\/lv\/produkts\/v-veida-kakla-izgriezuma-tunika\/#primaryimage\",\"url\":\"https:\/\/simonjersey.eu\/lv\/wp-content\/uploads\/sites\/2\/2019\/07\/FD4190-1.jpg\",\"contentUrl\":\"https:\/\/simonjersey.eu\/lv\/wp-content\/uploads\/sites\/2\/2019\/07\/FD4190-1.jpg\",\"width\":1000,\"height\":1500},{\"@type\":\"BreadcrumbList\",\"@id\":\"https:\/\/simonjersey.eu\/lv\/produkts\/v-veida-kakla-izgriezuma-tunika\/#breadcrumb\",\"itemListElement\":[{\"@type\":\"ListItem\",\"position\":1,\"name\":\"Home\",\"item\":\"https:\/\/simonjersey.eu\/lv\/\"},{\"@type\":\"ListItem\",\"position\":2,\"name\":\"E-veikals\",\"item\":\"https:\/\/simonjersey.eu\/lv\/e-veikals\/\"},{\"@type\":\"ListItem\",\"position\":3,\"name\":\"V-veida kakla izgriezuma tunika\"}]},{\"@type\":\"WebSite\",\"@id\":\"https:\/\/simonjersey.eu\/lv\/#website\",\"url\":\"https:\/\/simonjersey.eu\/lv\/\",\"name\":\"Simon Jersey Latvija\",\"description\":\"Kvalitat\u012bvi un iztur\u012bgi darba ap\u0123\u0113rbi\",\"potentialAction\":[{\"@type\":\"SearchAction\",\"target\":{\"@type\":\"EntryPoint\",\"urlTemplate\":\"https:\/\/simonjersey.eu\/lv\/?s={search_term_string}\"},\"query-input\":{\"@type\":\"PropertyValueSpecification\",\"valueRequired\":true,\"valueName\":\"search_term_string\"}}],\"inLanguage\":\"lv-LV\"}]}<\/script>\n<!-- \/ Yoast SEO plugin. -->","yoast_head_json":{"title":"Tunikas skaistumkop\u0161anas darbiniekiem - Simon Jersey Latvija","description":"Atsvaidziniet savu ierasto skaistumkop\u0161anas uniformu ar m\u016bsu V-veida kakla izgriezuma tuniku, kas ir da\u017e\u0101dos skaistos un modernos to\u0146os.","robots":{"index":"index","follow":"follow","max-snippet":"max-snippet:-1","max-image-preview":"max-image-preview:large","max-video-preview":"max-video-preview:-1"},"canonical":"https:\/\/simonjersey.eu\/lv\/produkts\/v-veida-kakla-izgriezuma-tunika\/","og_locale":"lv_LV","og_type":"article","og_title":"Tunikas skaistumkop\u0161anas darbiniekiem - Simon Jersey Latvija","og_description":"Atsvaidziniet savu ierasto skaistumkop\u0161anas uniformu ar m\u016bsu V-veida kakla izgriezuma tuniku, kas ir da\u017e\u0101dos skaistos un modernos to\u0146os.","og_url":"https:\/\/simonjersey.eu\/lv\/produkts\/v-veida-kakla-izgriezuma-tunika\/","og_site_name":"Simon Jersey Latvija","article_modified_time":"2023-11-15T09:20:03+00:00","og_image":[{"width":1000,"height":1500,"url":"https:\/\/simonjersey.eu\/lv\/wp-content\/uploads\/sites\/2\/2019\/07\/FD4190-1.jpg","type":"image\/jpeg"}],"twitter_card":"summary_large_image","schema":{"@context":"https:\/\/schema.org","@graph":[{"@type":"WebPage","@id":"https:\/\/simonjersey.eu\/lv\/produkts\/v-veida-kakla-izgriezuma-tunika\/","url":"https:\/\/simonjersey.eu\/lv\/produkts\/v-veida-kakla-izgriezuma-tunika\/","name":"Tunikas skaistumkop\u0161anas darbiniekiem - Simon Jersey Latvija","isPartOf":{"@id":"https:\/\/simonjersey.eu\/lv\/#website"},"primaryImageOfPage":{"@id":"https:\/\/simonjersey.eu\/lv\/produkts\/v-veida-kakla-izgriezuma-tunika\/#primaryimage"},"image":{"@id":"https:\/\/simonjersey.eu\/lv\/produkts\/v-veida-kakla-izgriezuma-tunika\/#primaryimage"},"thumbnailUrl":"https:\/\/simonjersey.eu\/lv\/wp-content\/uploads\/sites\/2\/2019\/07\/FD4190-1.jpg","datePublished":"2019-07-05T05:20:24+00:00","dateModified":"2023-11-15T09:20:03+00:00","description":"Atsvaidziniet savu ierasto skaistumkop\u0161anas uniformu ar m\u016bsu V-veida kakla izgriezuma tuniku, kas ir da\u017e\u0101dos skaistos un modernos to\u0146os.","breadcrumb":{"@id":"https:\/\/simonjersey.eu\/lv\/produkts\/v-veida-kakla-izgriezuma-tunika\/#breadcrumb"},"inLanguage":"lv-LV","potentialAction":[{"@type":"ReadAction","target":["https:\/\/simonjersey.eu\/lv\/produkts\/v-veida-kakla-izgriezuma-tunika\/"]}]},{"@type":"ImageObject","inLanguage":"lv-LV","@id":"https:\/\/simonjersey.eu\/lv\/produkts\/v-veida-kakla-izgriezuma-tunika\/#primaryimage","url":"https:\/\/simonjersey.eu\/lv\/wp-content\/uploads\/sites\/2\/2019\/07\/FD4190-1.jpg","contentUrl":"https:\/\/simonjersey.eu\/lv\/wp-content\/uploads\/sites\/2\/2019\/07\/FD4190-1.jpg","width":1000,"height":1500},{"@type":"BreadcrumbList","@id":"https:\/\/simonjersey.eu\/lv\/produkts\/v-veida-kakla-izgriezuma-tunika\/#breadcrumb","itemListElement":[{"@type":"ListItem","position":1,"name":"Home","item":"https:\/\/simonjersey.eu\/lv\/"},{"@type":"ListItem","position":2,"name":"E-veikals","item":"https:\/\/simonjersey.eu\/lv\/e-veikals\/"},{"@type":"ListItem","position":3,"name":"V-veida kakla izgriezuma tunika"}]},{"@type":"WebSite","@id":"https:\/\/simonjersey.eu\/lv\/#website","url":"https:\/\/simonjersey.eu\/lv\/","name":"Simon Jersey Latvija","description":"Kvalitat\u012bvi un iztur\u012bgi darba ap\u0123\u0113rbi","potentialAction":[{"@type":"SearchAction","target":{"@type":"EntryPoint","urlTemplate":"https:\/\/simonjersey.eu\/lv\/?s={search_term_string}"},"query-input":{"@type":"PropertyValueSpecification","valueRequired":true,"valueName":"search_term_string"}}],"inLanguage":"lv-LV"}]}},"_links":{"self":[{"href":"https:\/\/simonjersey.eu\/lv\/wp-json\/wp\/v2\/product\/1220","targetHints":{"allow":["GET"]}}],"collection":[{"href":"https:\/\/simonjersey.eu\/lv\/wp-json\/wp\/v2\/product"}],"about":[{"href":"https:\/\/simonjersey.eu\/lv\/wp-json\/wp\/v2\/types\/product"}],"wp:featuredmedia":[{"embeddable":true,"href":"https:\/\/simonjersey.eu\/lv\/wp-json\/wp\/v2\/media\/1233"}],"wp:attachment":[{"href":"https:\/\/simonjersey.eu\/lv\/wp-json\/wp\/v2\/media?parent=1220"}],"wp:term":[{"taxonomy":"product_brand","embeddable":true,"href":"https:\/\/simonjersey.eu\/lv\/wp-json\/wp\/v2\/product_brand?post=1220"},{"taxonomy":"product_cat","embeddable":true,"href":"https:\/\/simonjersey.eu\/lv\/wp-json\/wp\/v2\/product_cat?post=1220"},{"taxonomy":"product_tag","embeddable":true,"href":"https:\/\/simonjersey.eu\/lv\/wp-json\/wp\/v2\/product_tag?post=1220"}],"curies":[{"name":"wp","href":"https:\/\/api.w.org\/{rel}","templated":true}]}}